{"id":2438,"date":"2025-11-05T15:13:20","date_gmt":"2025-11-05T14:13:20","guid":{"rendered":"https:\/\/nyforetagarcentrum.se\/skelleftea\/?page_id=2438"},"modified":"2025-11-21T10:17:05","modified_gmt":"2025-11-21T09:17:05","slug":"bli-samarbetspartner","status":"publish","type":"page","link":"https:\/\/nyforetagarcentrum.se\/skelleftea\/bli-samarbetspartner\/","title":{"rendered":"Bli Samarbetspartner"},"content":{"rendered":"<section  class=\"nfc-block-split_screen alignwide image_alignment-left\">\n    <div class=\"wrapper\">\n        <div class=\"nfc-block-split_screen__image-wrapper\">\n            <img loading=\"lazy\" decoding=\"async\" width=\"810\" height=\"1080\" src=\"https:\/\/nyforetagarcentrum.se\/skelleftea\/wp-content\/uploads\/sites\/107\/2025\/11\/IMG_0687.friskvardskompaniet-810x1080.jpeg\" class=\"attachment-landscape size-landscape\" alt=\"\" srcset=\"https:\/\/nyforetagarcentrum.se\/skelleftea\/wp-content\/uploads\/sites\/107\/2025\/11\/IMG_0687.friskvardskompaniet-810x1080.jpeg 810w, https:\/\/nyforetagarcentrum.se\/skelleftea\/wp-content\/uploads\/sites\/107\/2025\/11\/IMG_0687.friskvardskompaniet-225x300.jpeg 225w, https:\/\/nyforetagarcentrum.se\/skelleftea\/wp-content\/uploads\/sites\/107\/2025\/11\/IMG_0687.friskvardskompaniet-768x1024.jpeg 768w, https:\/\/nyforetagarcentrum.se\/skelleftea\/wp-content\/uploads\/sites\/107\/2025\/11\/IMG_0687.friskvardskompaniet-1152x1536.jpeg 1152w, https:\/\/nyforetagarcentrum.se\/skelleftea\/wp-content\/uploads\/sites\/107\/2025\/11\/IMG_0687.friskvardskompaniet-1536x2048.jpeg 1536w, https:\/\/nyforetagarcentrum.se\/skelleftea\/wp-content\/uploads\/sites\/107\/2025\/11\/IMG_0687.friskvardskompaniet-scaled.jpeg 1920w\" sizes=\"(max-width: 810px) 100vw, 810px\" \/>        <\/div>\n\n        <div class=\"nfc-block-split_screen__content-wrapper\">\n            <h1 class=\"elementor-heading-title elementor-size-default\">Bli samarbetspartner!<\/h1>\n<p class=\"elementor-heading-title elementor-size-default\">V\u00e5r stad g\u00e5r en sp\u00e4nnande framtid till m\u00f6tes! Vi p\u00e5 Nyf\u00f6retagarCentrum i Skellefte\u00e5 ser en stor \u00f6kning av id\u00e9b\u00e4rare som vill starta f\u00f6retag.\u00a0N\u00e5got vi tycker \u00e4r fantastiskt!<\/p>\n<div class=\"elementor-element elementor-element-9ffe010 elementor-widget elementor-widget-heading\" data-id=\"9ffe010\" data-element_type=\"widget\" data-widget_type=\"heading.default\">\n<div class=\"elementor-widget-container\">\n<h3 class=\"elementor-heading-title elementor-size-default\">Tack till v\u00e5ra partners<\/h3>\n<\/div>\n<\/div>\n<div class=\"elementor-element elementor-element-df63af8 elementor-widget elementor-widget-text-editor\" data-id=\"df63af8\" data-element_type=\"widget\" data-widget_type=\"text-editor.default\">\n<div class=\"elementor-widget-container\">\n<p>Tack vare st\u00f6d fr\u00e5n Skellefte\u00e5 Kommun och det lokala n\u00e4ringslivet, m\u00f6jligg\u00f6r det att vi kan st\u00f6tta dessa nyf\u00f6retagare p\u00e5 sin resa och Skellefte\u00e5 i sin tillv\u00e4xt.<\/p>\n<\/div>\n<\/div>\n<div class=\"elementor-element elementor-element-21525aa elementor-widget elementor-widget-heading\" data-id=\"21525aa\" data-element_type=\"widget\" data-widget_type=\"heading.default\">\n<div class=\"elementor-widget-container\">\n<h3 class=\"elementor-heading-title elementor-size-default\">Vidga n\u00e4tverket &amp; v\u00e4x f\u00f6retaget<\/h3>\n<\/div>\n<\/div>\n<div class=\"elementor-element elementor-element-af365db elementor-widget elementor-widget-text-editor\" data-id=\"af365db\" data-element_type=\"widget\" data-widget_type=\"text-editor.default\">\n<div class=\"elementor-widget-container\">\n<p>\u00c4r du intresserad av att veta mer om vad det inneb\u00e4r att bli samarbetspartner till Nyf\u00f6retagarCentrum Skellefte\u00e5 och vilka merv\u00e4rden som finns f\u00f6r just ditt f\u00f6retag?<\/p>\n<\/div>\n<\/div>\n\n            \n        <\/div>\n    <\/div>\n<\/section>\n\n\n<div style=\"height:30px\" aria-hidden=\"true\" class=\"wp-block-spacer\"><\/div>\n\n\n<section  class=\"nfc-block-form alignwide layout-small\">\n    <div class=\"contained\">\n\n        <form data-nfc-form=\"block_0d311150d3cc436a85cacf87f1b06971\" data-nfc-page=\"2438\">\n            <label class=\"input-wrapper required\" for=\"namn-och-efternamn\">\n    <span>Namn och Efternamn<\/span>\n    <input type=\"text\" name=\"namn-och-efternamn\" id=\"namn-och-efternamn\" placeholder=\"Ditt namn\" required>\n<\/label><label class=\"input-wrapper required\" for=\"mailadress\">\n    <span>Mailadress<\/span>\n    <input type=\"text\" name=\"mailadress\" id=\"mailadress\" placeholder=\"Din mailadress\" required>\n<\/label><label class=\"input-wrapper\" for=\"telefonnummer\">\n    <span>Telefonnummer<\/span>\n    <input type=\"number\" name=\"telefonnummer\" id=\"telefonnummer\" placeholder=\"Ditt telefonnummer\" >\n<\/label><label class=\"input-wrapper required\" for=\"meddelande\">\n    <span>Meddelande<\/span>\n    <textarea type=\"text\" name=\"meddelande\" id=\"meddelande\" placeholder=\"Skriv ditt meddelande h\u00e4r\" required rows=\"6\"><\/textarea>\n<\/label>\n            <div class=\"input-wrapper\">\n                <button type=\"submit\" class=\"button\">Skicka<\/button>\n            <\/div>\n        <\/form>\n    <\/div>\n<\/section>\n\n\n<div style=\"height:30px\" aria-hidden=\"true\" class=\"wp-block-spacer\"><\/div>\n","protected":false},"excerpt":{"rendered":"","protected":false},"author":94,"featured_media":2441,"parent":0,"menu_order":0,"comment_status":"closed","ping_status":"closed","template":"","meta":{"footnotes":""},"acf":[],"_links":{"self":[{"href":"https:\/\/nyforetagarcentrum.se\/skelleftea\/wp-json\/wp\/v2\/pages\/2438"}],"collection":[{"href":"https:\/\/nyforetagarcentrum.se\/skelleftea\/wp-json\/wp\/v2\/pages"}],"about":[{"href":"https:\/\/nyforetagarcentrum.se\/skelleftea\/wp-json\/wp\/v2\/types\/page"}],"author":[{"embeddable":true,"href":"https:\/\/nyforetagarcentrum.se\/skelleftea\/wp-json\/wp\/v2\/users\/94"}],"replies":[{"embeddable":true,"href":"https:\/\/nyforetagarcentrum.se\/skelleftea\/wp-json\/wp\/v2\/comments?post=2438"}],"version-history":[{"count":26,"href":"https:\/\/nyforetagarcentrum.se\/skelleftea\/wp-json\/wp\/v2\/pages\/2438\/revisions"}],"predecessor-version":[{"id":2584,"href":"https:\/\/nyforetagarcentrum.se\/skelleftea\/wp-json\/wp\/v2\/pages\/2438\/revisions\/2584"}],"wp:featuredmedia":[{"embeddable":true,"href":"https:\/\/nyforetagarcentrum.se\/skelleftea\/wp-json\/wp\/v2\/media\/2441"}],"wp:attachment":[{"href":"https:\/\/nyforetagarcentrum.se\/skelleftea\/wp-json\/wp\/v2\/media?parent=2438"}],"curies":[{"name":"wp","href":"https:\/\/api.w.org\/{rel}","templated":true}]}}