{"id":2401,"date":"2025-11-05T14:30:21","date_gmt":"2025-11-05T13:30:21","guid":{"rendered":"https:\/\/nyforetagarcentrum.se\/skelleftea\/?page_id=2401"},"modified":"2026-03-19T11:42:14","modified_gmt":"2026-03-19T10:42:14","slug":"landsbygd","status":"publish","type":"page","link":"https:\/\/nyforetagarcentrum.se\/skelleftea\/landsbygd\/","title":{"rendered":"V\u00e5ra projekt"},"content":{"rendered":"<section  class=\"nfc-block-hero alignfull\">\n\n    <img loading=\"lazy\" decoding=\"async\" width=\"1400\" height=\"934\" src=\"https:\/\/nyforetagarcentrum.se\/skelleftea\/wp-content\/uploads\/sites\/107\/2025\/11\/Countryside.jpg\" class=\"attachment-landscape size-landscape\" alt=\"\" srcset=\"https:\/\/nyforetagarcentrum.se\/skelleftea\/wp-content\/uploads\/sites\/107\/2025\/11\/Countryside.jpg 1400w, https:\/\/nyforetagarcentrum.se\/skelleftea\/wp-content\/uploads\/sites\/107\/2025\/11\/Countryside-300x200.jpg 300w, https:\/\/nyforetagarcentrum.se\/skelleftea\/wp-content\/uploads\/sites\/107\/2025\/11\/Countryside-1024x683.jpg 1024w, https:\/\/nyforetagarcentrum.se\/skelleftea\/wp-content\/uploads\/sites\/107\/2025\/11\/Countryside-768x512.jpg 768w\" sizes=\"(max-width: 1400px) 100vw, 1400px\" \/>\n    <div class=\"contained\">\n        <h1 class=\"nfc-block-hero__heading\">V\u00e5ra projekt<\/h1>\n\n            <\/div>\n<\/section>\n\n\n<div style=\"height:30px\" aria-hidden=\"true\" class=\"wp-block-spacer\"><\/div>\n\n\n<section  class=\"nfc-block-split_screen alignwide image_alignment-left\">\n    <div class=\"wrapper\">\n        <div class=\"nfc-block-split_screen__image-wrapper\">\n            <img loading=\"lazy\" decoding=\"async\" width=\"1620\" height=\"1080\" src=\"https:\/\/nyforetagarcentrum.se\/skelleftea\/wp-content\/uploads\/sites\/107\/2026\/03\/4B28DC1A-29D8-40F4-904A-C4CFABF6C90D-1620x1080.jpg\" class=\"attachment-landscape size-landscape\" alt=\"\" srcset=\"https:\/\/nyforetagarcentrum.se\/skelleftea\/wp-content\/uploads\/sites\/107\/2026\/03\/4B28DC1A-29D8-40F4-904A-C4CFABF6C90D-1620x1080.jpg 1620w, https:\/\/nyforetagarcentrum.se\/skelleftea\/wp-content\/uploads\/sites\/107\/2026\/03\/4B28DC1A-29D8-40F4-904A-C4CFABF6C90D-300x200.jpg 300w, https:\/\/nyforetagarcentrum.se\/skelleftea\/wp-content\/uploads\/sites\/107\/2026\/03\/4B28DC1A-29D8-40F4-904A-C4CFABF6C90D-1024x683.jpg 1024w, https:\/\/nyforetagarcentrum.se\/skelleftea\/wp-content\/uploads\/sites\/107\/2026\/03\/4B28DC1A-29D8-40F4-904A-C4CFABF6C90D-768x512.jpg 768w, https:\/\/nyforetagarcentrum.se\/skelleftea\/wp-content\/uploads\/sites\/107\/2026\/03\/4B28DC1A-29D8-40F4-904A-C4CFABF6C90D-1536x1024.jpg 1536w, https:\/\/nyforetagarcentrum.se\/skelleftea\/wp-content\/uploads\/sites\/107\/2026\/03\/4B28DC1A-29D8-40F4-904A-C4CFABF6C90D-2048x1365.jpg 2048w\" sizes=\"(max-width: 1620px) 100vw, 1620px\" \/>        <\/div>\n\n        <div class=\"nfc-block-split_screen__content-wrapper\">\n            <div class=\"elementor-element elementor-element-ba76454 elementor-widget elementor-widget-heading\" data-id=\"ba76454\" data-element_type=\"widget\" data-widget_type=\"heading.default\">\n<div class=\"elementor-widget-container\">\n<h2 class=\"elementor-heading-title elementor-size-default\">Business Boost f\u00f6r livsmedel &amp; tr\u00e4dg\u00e5rdsf\u00f6retag<\/h2>\n<\/div>\n<\/div>\n<div class=\"elementor-element elementor-element-a3e5d54 elementor-widget elementor-widget-heading\" data-id=\"a3e5d54\" data-element_type=\"widget\" data-widget_type=\"heading.default\">\n<div class=\"elementor-widget-container\">\n<h3>Kompetensutveckling av f\u00f6retag p\u00e5 landsbygden inom livsmedelskedjan i V\u00e4sterbottens l\u00e4n genom gruppaktiviteter och enskild r\u00e5dgivning.<\/h3>\n<h3 class=\"elementor-heading-title elementor-size-default\">Bakgrund<\/h3>\n<div class=\"elementor-element elementor-element-4dc07ce elementor-widget elementor-widget-text-editor\" data-id=\"4dc07ce\" data-element_type=\"widget\" data-widget_type=\"text-editor.default\">\n<div class=\"elementor-widget-container\">\n<div class=\"page\" title=\"Page 3\">\n<div class=\"layoutArea\">\n<div class=\"column\">\n<p>Skelleftea\u030a har ett starkt varuma\u0308rke kopplat till natur, ra\u030avaror och hantverk, men ma\u030anga sma\u030a akto\u0308rer befinner sig i en fas da\u0308r marknadskrav, ha\u030allbarhetsfo\u0308rva\u0308ntningar och digitalisering o\u0308kar.<\/p>\n<p>Gemensamma utmaningar fo\u0308r dessa branscher a\u0308r avsta\u030andet till marknaden och kunder, begra\u0308nsad infrastruktur, sva\u030arigheter att attrahera och beha\u030alla arbetskraft, ensamhet i sitt fo\u0308retagande, ha\u030ard konkurrens med urbana akto\u0308rer och sto\u0308rre fo\u0308retag, oja\u0308mn volym pa\u030a grund av sa\u0308songsberoende verksamheter. Samtidigt finns stora mo\u0308jligheter: o\u0308kad efterfra\u030agan pa\u030a na\u0308rproducerat, ha\u030allbart och autentiska upplevelser, vilket ma\u030anga landsbygdsfo\u0308retag kan anva\u0308nda som konkurrensfo\u0308rdel.<\/p>\n<\/div>\n<\/div>\n<\/div>\n<\/div>\n<\/div>\n<div class=\"elementor-element elementor-element-673aa14 elementor-widget elementor-widget-heading\" data-id=\"673aa14\" data-element_type=\"widget\" data-widget_type=\"heading.default\">\n<div class=\"elementor-widget-container\">\n<h3 class=\"elementor-heading-title elementor-size-default\">Syftet<\/h3>\n<\/div>\n<\/div>\n<div class=\"elementor-element elementor-element-19fd1e6 elementor-widget elementor-widget-text-editor\" data-id=\"19fd1e6\" data-element_type=\"widget\" data-widget_type=\"text-editor.default\">\n<div class=\"elementor-widget-container\">\n<p class=\"p1\">Syftet \u00e4r att st\u00f6dja f\u00f6retagare p\u00e5 landsbygden inom livsmedelskedjan, jordbruk och tr\u00e4dg\u00e5rdsf\u00f6retag att utveckla h\u00e5llbara, konkurrenskraftiga aff\u00e4rsmodeller, samt att fr\u00e4mja samverkan och tillv\u00e4xt.<\/p>\n<\/div>\n<\/div>\n<div class=\"elementor-element elementor-element-960f026 elementor-widget elementor-widget-spacer\" data-id=\"960f026\" data-element_type=\"widget\" data-widget_type=\"spacer.default\">\n<div class=\"elementor-widget-container\">\n<div class=\"elementor-spacer\">\n<h3 class=\"elementor-spacer-inner\">Projektets \u00f6vergripande m\u00e5l<\/h3>\n<\/div>\n<\/div>\n<\/div>\n<div class=\"elementor-element elementor-element-96e10ee elementor-widget elementor-widget-text-editor\" data-id=\"96e10ee\" data-element_type=\"widget\" data-widget_type=\"text-editor.default\">\n<div class=\"elementor-widget-container\">\n<p class=\"p1\">M\u00e5let med projektet \u00e4r att anordna sex f\u00f6rel\u00e4sningar\/workshops under teman aff\u00e4rsid\u00e9- och produktutveckling, gr\u00f6na n\u00e4ringar, tillv\u00e4xtstrategier, varum\u00e4rkesprofilering, h\u00e5llbart f\u00f6retagande, aff\u00e4rssamarbete &amp; klusterbildningar. Vidare ett uppstartsm\u00f6te och ett avslutningsm\u00f6te samt coachande samtal f\u00f6r f\u00f6retagarna.<\/p>\n<\/div>\n<\/div>\n<div class=\"elementor-element elementor-element-8dc0ef7 elementor-widget elementor-widget-heading\" data-id=\"8dc0ef7\" data-element_type=\"widget\" data-widget_type=\"heading.default\">\n<div class=\"elementor-widget-container\">\n<h3 class=\"elementor-heading-title elementor-size-default\">St\u00f6d<\/h3>\n<\/div>\n<\/div>\n<div class=\"elementor-element elementor-element-53524d4 elementor-widget elementor-widget-text-editor\" data-id=\"53524d4\" data-element_type=\"widget\" data-widget_type=\"text-editor.default\">\n<div class=\"elementor-widget-container\">\n<p><strong>Finansi\u00e4r: <\/strong>L\u00e4nsstyrelsen i V\u00e4sterbottens L\u00e4n, medfinansieras av Europeiska unionen.<b><br \/>\n<\/b><strong>Projekt\u00e4gare: <\/strong>Jobs &amp; Society Nyf\u00f6retagarcentrum i Skellefte\u00e5<br \/>\n<strong>Insatsomr\u00e5de: <\/strong>St\u00f6det \u00e4r en del av den strategiska planen f\u00f6r EU:s gemensamma jordbrukspolitik 2023-2027. \u201dM\u00e5let \u00e4r att skapa bra f\u00f6ruts\u00e4ttningar att hantera de utmaningar som livsmedelssektorn och landsbygderna st\u00e5r inf\u00f6r, som klimatf\u00f6r\u00e4ndringar, hotad biologisk m\u00e5ngfald samt f\u00f6retagens l\u00f6nsamhet och konkurrenskraft.\u201d<\/p>\n<p class=\"p1\">Projektet p\u00e5g\u00e5r under 2026-2027 med slutrapportering 2028.<\/p>\n<p><img loading=\"lazy\" decoding=\"async\" class=\"alignleft\" src=\"https:\/\/nyforetagarcentrum.se\/skelleftea\/wp-content\/uploads\/sites\/107\/2026\/03\/150SV-V-Medfinansieras-av-Europeiska-unionen_POS.jpg\" alt=\"EU_150\" width=\"150\" height=\"152\" \/><\/p>\n<\/div>\n<p>&nbsp;<\/p>\n<\/div>\n<\/div>\n<\/div>\n\n            \n        <\/div>\n    <\/div>\n<\/section>\n\n\n<div style=\"height:30px\" aria-hidden=\"true\" class=\"wp-block-spacer\"><\/div>\n","protected":false},"excerpt":{"rendered":"","protected":false},"author":94,"featured_media":0,"parent":0,"menu_order":0,"comment_status":"closed","ping_status":"closed","template":"","meta":{"footnotes":""},"acf":[],"_links":{"self":[{"href":"https:\/\/nyforetagarcentrum.se\/skelleftea\/wp-json\/wp\/v2\/pages\/2401"}],"collection":[{"href":"https:\/\/nyforetagarcentrum.se\/skelleftea\/wp-json\/wp\/v2\/pages"}],"about":[{"href":"https:\/\/nyforetagarcentrum.se\/skelleftea\/wp-json\/wp\/v2\/types\/page"}],"author":[{"embeddable":true,"href":"https:\/\/nyforetagarcentrum.se\/skelleftea\/wp-json\/wp\/v2\/users\/94"}],"replies":[{"embeddable":true,"href":"https:\/\/nyforetagarcentrum.se\/skelleftea\/wp-json\/wp\/v2\/comments?post=2401"}],"version-history":[{"count":50,"href":"https:\/\/nyforetagarcentrum.se\/skelleftea\/wp-json\/wp\/v2\/pages\/2401\/revisions"}],"predecessor-version":[{"id":2663,"href":"https:\/\/nyforetagarcentrum.se\/skelleftea\/wp-json\/wp\/v2\/pages\/2401\/revisions\/2663"}],"wp:attachment":[{"href":"https:\/\/nyforetagarcentrum.se\/skelleftea\/wp-json\/wp\/v2\/media?parent=2401"}],"curies":[{"name":"wp","href":"https:\/\/api.w.org\/{rel}","templated":true}]}}