{"id":239,"date":"2024-02-29T13:59:39","date_gmt":"2024-02-29T12:59:39","guid":{"rendered":"https:\/\/nyforetagarcentrum.se\/skelleftea\/?page_id=239"},"modified":"2025-11-21T11:10:15","modified_gmt":"2025-11-21T10:10:15","slug":"vara-radgivare","status":"publish","type":"page","link":"https:\/\/nyforetagarcentrum.se\/skelleftea\/vara-radgivare\/","title":{"rendered":"V\u00e5ra r\u00e5dgivare"},"content":{"rendered":"<section  class=\"nfc-block-hero alignfull\">\n\n    <img loading=\"lazy\" decoding=\"async\" width=\"1090\" height=\"699\" src=\"https:\/\/nyforetagarcentrum.se\/skelleftea\/wp-content\/uploads\/sites\/107\/2024\/02\/Skarmbild-2023-10-09-113838-e1763719809589.png\" class=\"attachment-landscape size-landscape\" alt=\"\" srcset=\"https:\/\/nyforetagarcentrum.se\/skelleftea\/wp-content\/uploads\/sites\/107\/2024\/02\/Skarmbild-2023-10-09-113838-e1763719809589.png 1090w, https:\/\/nyforetagarcentrum.se\/skelleftea\/wp-content\/uploads\/sites\/107\/2024\/02\/Skarmbild-2023-10-09-113838-e1763719809589-300x192.png 300w, https:\/\/nyforetagarcentrum.se\/skelleftea\/wp-content\/uploads\/sites\/107\/2024\/02\/Skarmbild-2023-10-09-113838-e1763719809589-1024x657.png 1024w, https:\/\/nyforetagarcentrum.se\/skelleftea\/wp-content\/uploads\/sites\/107\/2024\/02\/Skarmbild-2023-10-09-113838-e1763719809589-768x493.png 768w\" sizes=\"(max-width: 1090px) 100vw, 1090px\" \/>\n    <div class=\"contained\">\n        <h1 class=\"nfc-block-hero__heading\">V\u00e5ra r\u00e5dgivare<\/h1>\n\n            <\/div>\n<\/section>\n\n\n<h2 class=\"wp-block-heading has-text-align-left has-large-font-size\"><\/h2>\n\n\n\n<div style=\"height:13px\" aria-hidden=\"true\" class=\"wp-block-spacer\"><\/div>\n\n\n<section  class=\"nfc-block-person_grid alignwide layout-large\">\n    <div class=\"contained\">\n        <div class=\"grid\">\n            <div class=\"person-large-card\">\n    \n    <div class=\"featured_image\">\n                    <img loading=\"lazy\" decoding=\"async\" width=\"500\" height=\"500\" src=\"https:\/\/nyforetagarcentrum.se\/skelleftea\/wp-content\/uploads\/sites\/107\/2025\/10\/Nyforetagarcentrum_Skelleftea_Sima.webp\" class=\"attachment-large size-large\" alt=\"\" srcset=\"https:\/\/nyforetagarcentrum.se\/skelleftea\/wp-content\/uploads\/sites\/107\/2025\/10\/Nyforetagarcentrum_Skelleftea_Sima.webp 500w, https:\/\/nyforetagarcentrum.se\/skelleftea\/wp-content\/uploads\/sites\/107\/2025\/10\/Nyforetagarcentrum_Skelleftea_Sima-300x300.webp 300w, https:\/\/nyforetagarcentrum.se\/skelleftea\/wp-content\/uploads\/sites\/107\/2025\/10\/Nyforetagarcentrum_Skelleftea_Sima-150x150.webp 150w\" sizes=\"(max-width: 500px) 100vw, 500px\" \/>            <\/div>\n\n    <div class=\"content-wrapper\">\n        <h3>Sima Haddadin<\/h3>\n\n                    <div class=\"excerpt\">\n                Flerspr\u00e5kig aff\u00e4rsr\u00e5dgivare<br \/>\r\nEntrepren\u00f6r och aff\u00e4rsr\u00e5dgivare hos oss p\u00e5 Nyf\u00f6retagarcentrum Skellefte\u00e5.            <\/div>\n        \n        <div class=\"links\">\n\n                            <a href=\"tel:076-170 67 76\">\n                    076-170 67 76                <\/a>\n            \n                            <a href=\"mailto:Sima.haddadin@nyforetagarcentrum.se\">\n                    Sima.haddadin@nyforetagarcentrum.se                <\/a>\n                    <\/div>\n        \n    <\/div>\n<\/div><div class=\"person-large-card\">\n    \n    <div class=\"featured_image\">\n                    <img loading=\"lazy\" decoding=\"async\" width=\"500\" height=\"500\" src=\"https:\/\/nyforetagarcentrum.se\/skelleftea\/wp-content\/uploads\/sites\/107\/2025\/10\/Gunilla-Viklund-Radgivare2.webp\" class=\"attachment-large size-large\" alt=\"\" srcset=\"https:\/\/nyforetagarcentrum.se\/skelleftea\/wp-content\/uploads\/sites\/107\/2025\/10\/Gunilla-Viklund-Radgivare2.webp 500w, https:\/\/nyforetagarcentrum.se\/skelleftea\/wp-content\/uploads\/sites\/107\/2025\/10\/Gunilla-Viklund-Radgivare2-300x300.webp 300w, https:\/\/nyforetagarcentrum.se\/skelleftea\/wp-content\/uploads\/sites\/107\/2025\/10\/Gunilla-Viklund-Radgivare2-150x150.webp 150w\" sizes=\"(max-width: 500px) 100vw, 500px\" \/>            <\/div>\n\n    <div class=\"content-wrapper\">\n        <h3>Gunilla Viklund<\/h3>\n\n                    <div class=\"excerpt\">\n                Aff\u00e4rsr\u00e5dgivare<br \/>\r\nEgenf\u00f6retagare med l\u00e5ng erfarenhet inom nystartsr\u00e5dgivning, aff\u00e4rsutveckling &#038; ekonomi. Brinner f\u00f6r att st\u00f6tta id\u00e9b\u00e4rare p\u00e5 er v\u00e4g till framg\u00e5ngsrika entrepren\u00f6rer.            <\/div>\n        \n        <div class=\"links\">\n\n            \n                            <a href=\"mailto:gunilla.viklund@nyforetagarcentrum.se\">\n                    gunilla.viklund@nyforetagarcentrum.se                <\/a>\n                    <\/div>\n        \n    <\/div>\n<\/div><div class=\"person-large-card\">\n    \n    <div class=\"featured_image\">\n                    <img loading=\"lazy\" decoding=\"async\" width=\"500\" height=\"500\" src=\"https:\/\/nyforetagarcentrum.se\/skelleftea\/wp-content\/uploads\/sites\/107\/2025\/10\/Angelica-Radgivare-Skelleftea.webp\" class=\"attachment-large size-large\" alt=\"\" srcset=\"https:\/\/nyforetagarcentrum.se\/skelleftea\/wp-content\/uploads\/sites\/107\/2025\/10\/Angelica-Radgivare-Skelleftea.webp 500w, https:\/\/nyforetagarcentrum.se\/skelleftea\/wp-content\/uploads\/sites\/107\/2025\/10\/Angelica-Radgivare-Skelleftea-300x300.webp 300w, https:\/\/nyforetagarcentrum.se\/skelleftea\/wp-content\/uploads\/sites\/107\/2025\/10\/Angelica-Radgivare-Skelleftea-150x150.webp 150w\" sizes=\"(max-width: 500px) 100vw, 500px\" \/>            <\/div>\n\n    <div class=\"content-wrapper\">\n        <h3>Angelica Falk<\/h3>\n\n                    <div class=\"excerpt\">\n                Verksamhetsledare &#038; Aff\u00e4rsr\u00e5dgivare<br \/>\r\nEntrepren\u00f6r med en bakgrund inom aff\u00e4rsutveckling, f\u00f6rs\u00e4ljning och ledarskap. Hoppas att jag f\u00e5r m\u00f6jlighet att st\u00f6tta och f\u00f6lja med dig p\u00e5 resan till att bli egenf\u00f6retagare.            <\/div>\n        \n        <div class=\"links\">\n\n            \n                            <a href=\"mailto:angelica.falk@nyforetagarcentrum.se\">\n                    angelica.falk@nyforetagarcentrum.se                <\/a>\n                    <\/div>\n        \n    <\/div>\n<\/div>        <\/div>\n    <\/div>\n<\/section>\n\n\n<div style=\"height:50px\" aria-hidden=\"true\" class=\"wp-block-spacer\"><\/div>\n\n\n\n<div style=\"height:50px\" aria-hidden=\"true\" class=\"wp-block-spacer\"><\/div>\n","protected":false},"excerpt":{"rendered":"","protected":false},"author":1,"featured_media":0,"parent":0,"menu_order":0,"comment_status":"closed","ping_status":"closed","template":"","meta":{"footnotes":""},"acf":[],"_links":{"self":[{"href":"https:\/\/nyforetagarcentrum.se\/skelleftea\/wp-json\/wp\/v2\/pages\/239"}],"collection":[{"href":"https:\/\/nyforetagarcentrum.se\/skelleftea\/wp-json\/wp\/v2\/pages"}],"about":[{"href":"https:\/\/nyforetagarcentrum.se\/skelleftea\/wp-json\/wp\/v2\/types\/page"}],"author":[{"embeddable":true,"href":"https:\/\/nyforetagarcentrum.se\/skelleftea\/wp-json\/wp\/v2\/users\/1"}],"replies":[{"embeddable":true,"href":"https:\/\/nyforetagarcentrum.se\/skelleftea\/wp-json\/wp\/v2\/comments?post=239"}],"version-history":[{"count":76,"href":"https:\/\/nyforetagarcentrum.se\/skelleftea\/wp-json\/wp\/v2\/pages\/239\/revisions"}],"predecessor-version":[{"id":2614,"href":"https:\/\/nyforetagarcentrum.se\/skelleftea\/wp-json\/wp\/v2\/pages\/239\/revisions\/2614"}],"wp:attachment":[{"href":"https:\/\/nyforetagarcentrum.se\/skelleftea\/wp-json\/wp\/v2\/media?parent=239"}],"curies":[{"name":"wp","href":"https:\/\/api.w.org\/{rel}","templated":true}]}}