{"id":164,"date":"2024-02-27T16:05:17","date_gmt":"2024-02-27T15:05:17","guid":{"rendered":"https:\/\/nyforetagarcentrum.se\/skelleftea\/?page_id=164"},"modified":"2025-11-14T11:35:55","modified_gmt":"2025-11-14T10:35:55","slug":"var-styrelse","status":"publish","type":"page","link":"https:\/\/nyforetagarcentrum.se\/skelleftea\/var-styrelse\/","title":{"rendered":"V\u00e5r styrelse"},"content":{"rendered":"<section  class=\"nfc-block-hero alignfull\">\n\n    <img loading=\"lazy\" decoding=\"async\" width=\"1242\" height=\"792\" src=\"https:\/\/nyforetagarcentrum.se\/skelleftea\/wp-content\/uploads\/sites\/107\/2025\/10\/70cda67b-5c5d-4a66-bf15-4f48fe60a8f7.jpg\" class=\"attachment-landscape size-landscape\" alt=\"\" srcset=\"https:\/\/nyforetagarcentrum.se\/skelleftea\/wp-content\/uploads\/sites\/107\/2025\/10\/70cda67b-5c5d-4a66-bf15-4f48fe60a8f7.jpg 1242w, https:\/\/nyforetagarcentrum.se\/skelleftea\/wp-content\/uploads\/sites\/107\/2025\/10\/70cda67b-5c5d-4a66-bf15-4f48fe60a8f7-300x191.jpg 300w, https:\/\/nyforetagarcentrum.se\/skelleftea\/wp-content\/uploads\/sites\/107\/2025\/10\/70cda67b-5c5d-4a66-bf15-4f48fe60a8f7-1024x653.jpg 1024w, https:\/\/nyforetagarcentrum.se\/skelleftea\/wp-content\/uploads\/sites\/107\/2025\/10\/70cda67b-5c5d-4a66-bf15-4f48fe60a8f7-768x490.jpg 768w\" sizes=\"(max-width: 1242px) 100vw, 1242px\" \/>\n    <div class=\"contained\">\n        <h1 class=\"nfc-block-hero__heading\">V\u00e5r styrelse p\u00e5 Nyf\u00f6retagarcentrum Skellefte\u00e5<\/h1>\n\n            <\/div>\n<\/section>\n\n\n<div class=\"wp-block-group is-nowrap is-layout-flex wp-container-core-group-is-layout-1 wp-block-group-is-layout-flex\">\n<div style=\"height:50px;width:0px\" aria-hidden=\"true\" class=\"wp-block-spacer wp-container-content-1\"><\/div>\n<\/div>\n\n\n<section  class=\"nfc-block-split_screen alignwide image_alignment-left\">\n    <div class=\"wrapper\">\n        <div class=\"nfc-block-split_screen__image-wrapper\">\n            <img loading=\"lazy\" decoding=\"async\" width=\"1482\" height=\"1080\" src=\"https:\/\/nyforetagarcentrum.se\/skelleftea\/wp-content\/uploads\/sites\/107\/2025\/11\/IMG_0636-scaled-e1763722726784-1482x1080.jpeg\" class=\"attachment-landscape size-landscape\" alt=\"\" srcset=\"https:\/\/nyforetagarcentrum.se\/skelleftea\/wp-content\/uploads\/sites\/107\/2025\/11\/IMG_0636-scaled-e1763722726784-1482x1080.jpeg 1482w, https:\/\/nyforetagarcentrum.se\/skelleftea\/wp-content\/uploads\/sites\/107\/2025\/11\/IMG_0636-scaled-e1763722726784-300x219.jpeg 300w, https:\/\/nyforetagarcentrum.se\/skelleftea\/wp-content\/uploads\/sites\/107\/2025\/11\/IMG_0636-scaled-e1763722726784-1024x746.jpeg 1024w, https:\/\/nyforetagarcentrum.se\/skelleftea\/wp-content\/uploads\/sites\/107\/2025\/11\/IMG_0636-scaled-e1763722726784-768x560.jpeg 768w, https:\/\/nyforetagarcentrum.se\/skelleftea\/wp-content\/uploads\/sites\/107\/2025\/11\/IMG_0636-scaled-e1763722726784-1536x1119.jpeg 1536w, https:\/\/nyforetagarcentrum.se\/skelleftea\/wp-content\/uploads\/sites\/107\/2025\/11\/IMG_0636-scaled-e1763722726784.jpeg 1920w\" sizes=\"(max-width: 1482px) 100vw, 1482px\" \/>        <\/div>\n\n        <div class=\"nfc-block-split_screen__content-wrapper\">\n            <h3><b><strong>Styrelse 2025<\/strong><\/b><\/h3>\n<p><b><strong>Ordf\u00f6rande (1 \u00e5r 2025)<\/strong><\/b><br \/>\nMaria Lidstr\u00f6m, Kaiding (o)<br \/>\n<b><strong><br \/>\nLedam\u00f6ter (2 \u00e5r 2025)<br \/>\n<\/strong><\/b>Amanda Lundstr\u00f6m, Swedbank (o)<br \/>\nPernilla Lindmark, Skellefte\u00e5 Science City (o)<br \/>\nKatharina Saalo, LTU Business (o)<\/p>\n<p><b><strong>Ledam\u00f6ter (Fyllnadsval 1 \u00e5r 2025)<br \/>\n<\/strong><\/b>Gustav Johansson, Forcap<br \/>\nHelena Forsberg, Revideco<br \/>\nAnnica Lundstr\u00f6m, W\u00e4xa revision<\/p>\n<p><b><strong>Ledam\u00f6ter (Valda sedan tidigare tom 2026)<br \/>\n<\/strong><\/b>Tobias Norrfors, Unboxx<br \/>\nJoakim L\u00f6fbom, Handelsbanken<\/p>\n<p><b><strong>Suppleanter: (2 \u00e5r 2026)<\/strong><\/b><br \/>\nJannike Lindbergh, Skellefte\u00e5 kommun<\/p>\n\n            \n        <\/div>\n    <\/div>\n<\/section>\n\n\n<div style=\"height:50px\" aria-hidden=\"true\" class=\"wp-block-spacer\"><\/div>\n","protected":false},"excerpt":{"rendered":"","protected":false},"author":1,"featured_media":0,"parent":0,"menu_order":0,"comment_status":"closed","ping_status":"closed","template":"","meta":{"footnotes":""},"acf":[],"_links":{"self":[{"href":"https:\/\/nyforetagarcentrum.se\/skelleftea\/wp-json\/wp\/v2\/pages\/164"}],"collection":[{"href":"https:\/\/nyforetagarcentrum.se\/skelleftea\/wp-json\/wp\/v2\/pages"}],"about":[{"href":"https:\/\/nyforetagarcentrum.se\/skelleftea\/wp-json\/wp\/v2\/types\/page"}],"author":[{"embeddable":true,"href":"https:\/\/nyforetagarcentrum.se\/skelleftea\/wp-json\/wp\/v2\/users\/1"}],"replies":[{"embeddable":true,"href":"https:\/\/nyforetagarcentrum.se\/skelleftea\/wp-json\/wp\/v2\/comments?post=164"}],"version-history":[{"count":72,"href":"https:\/\/nyforetagarcentrum.se\/skelleftea\/wp-json\/wp\/v2\/pages\/164\/revisions"}],"predecessor-version":[{"id":2519,"href":"https:\/\/nyforetagarcentrum.se\/skelleftea\/wp-json\/wp\/v2\/pages\/164\/revisions\/2519"}],"wp:attachment":[{"href":"https:\/\/nyforetagarcentrum.se\/skelleftea\/wp-json\/wp\/v2\/media?parent=164"}],"curies":[{"name":"wp","href":"https:\/\/api.w.org\/{rel}","templated":true}]}}