{"id":161,"date":"2024-02-27T16:04:37","date_gmt":"2024-02-27T15:04:37","guid":{"rendered":"https:\/\/nyforetagarcentrum.se\/skelleftea\/?page_id=161"},"modified":"2025-11-21T11:21:03","modified_gmt":"2025-11-21T10:21:03","slug":"om-oss","status":"publish","type":"page","link":"https:\/\/nyforetagarcentrum.se\/skelleftea\/om-oss\/","title":{"rendered":"Om oss"},"content":{"rendered":"<section  class=\"nfc-block-hero alignfull\">\n\n    <img loading=\"lazy\" decoding=\"async\" width=\"1786\" height=\"1080\" src=\"https:\/\/nyforetagarcentrum.se\/skelleftea\/wp-content\/uploads\/sites\/107\/2025\/11\/IMG_0531-scaled-e1763118102582-1786x1080.jpeg\" class=\"attachment-landscape size-landscape\" alt=\"\" srcset=\"https:\/\/nyforetagarcentrum.se\/skelleftea\/wp-content\/uploads\/sites\/107\/2025\/11\/IMG_0531-scaled-e1763118102582-1786x1080.jpeg 1786w, https:\/\/nyforetagarcentrum.se\/skelleftea\/wp-content\/uploads\/sites\/107\/2025\/11\/IMG_0531-scaled-e1763118102582-300x181.jpeg 300w, https:\/\/nyforetagarcentrum.se\/skelleftea\/wp-content\/uploads\/sites\/107\/2025\/11\/IMG_0531-scaled-e1763118102582-1024x619.jpeg 1024w, https:\/\/nyforetagarcentrum.se\/skelleftea\/wp-content\/uploads\/sites\/107\/2025\/11\/IMG_0531-scaled-e1763118102582-768x464.jpeg 768w, https:\/\/nyforetagarcentrum.se\/skelleftea\/wp-content\/uploads\/sites\/107\/2025\/11\/IMG_0531-scaled-e1763118102582-1536x929.jpeg 1536w, https:\/\/nyforetagarcentrum.se\/skelleftea\/wp-content\/uploads\/sites\/107\/2025\/11\/IMG_0531-scaled-e1763118102582-2048x1238.jpeg 2048w\" sizes=\"(max-width: 1786px) 100vw, 1786px\" \/>\n    <div class=\"contained\">\n        <h1 class=\"nfc-block-hero__heading\">Om oss<\/h1>\n\n            <\/div>\n<\/section>\n\n\n<div style=\"height:20px\" aria-hidden=\"true\" class=\"wp-block-spacer\"><\/div>\n\n\n<section  class=\"nfc-block-split_screen alignwide image_alignment-left\">\n    <div class=\"wrapper\">\n        <div class=\"nfc-block-split_screen__image-wrapper\">\n            <img loading=\"lazy\" decoding=\"async\" width=\"1920\" height=\"724\" src=\"https:\/\/nyforetagarcentrum.se\/skelleftea\/wp-content\/uploads\/sites\/107\/2025\/10\/vara-lokaler-i-skelleftea-liggande.jpg\" class=\"attachment-landscape size-landscape\" alt=\"\" srcset=\"https:\/\/nyforetagarcentrum.se\/skelleftea\/wp-content\/uploads\/sites\/107\/2025\/10\/vara-lokaler-i-skelleftea-liggande.jpg 1920w, https:\/\/nyforetagarcentrum.se\/skelleftea\/wp-content\/uploads\/sites\/107\/2025\/10\/vara-lokaler-i-skelleftea-liggande-300x113.jpg 300w, https:\/\/nyforetagarcentrum.se\/skelleftea\/wp-content\/uploads\/sites\/107\/2025\/10\/vara-lokaler-i-skelleftea-liggande-1024x386.jpg 1024w, https:\/\/nyforetagarcentrum.se\/skelleftea\/wp-content\/uploads\/sites\/107\/2025\/10\/vara-lokaler-i-skelleftea-liggande-768x290.jpg 768w, https:\/\/nyforetagarcentrum.se\/skelleftea\/wp-content\/uploads\/sites\/107\/2025\/10\/vara-lokaler-i-skelleftea-liggande-1536x579.jpg 1536w\" sizes=\"(max-width: 1920px) 100vw, 1920px\" \/>        <\/div>\n\n        <div class=\"nfc-block-split_screen__content-wrapper\">\n            <h2><strong>Om Nyf\u00f6retagarCentrum Skellefte\u00e5<\/h2>\n<p><\/strong><br \/>\nI Sverige finns Nyf\u00f6retagarCentrum p\u00e5 ca 100 orter. Varje Nyf\u00f6retagarCentrum st\u00e5r p\u00e5 egna ben och finansieras alltid till minst 50% av lokalt n\u00e4ringsliv.<\/p>\n<h4>Kostnadsfri r\u00e5dgivning f\u00f6r nyf\u00f6retagare<\/h4>\n<p>Nyf\u00f6retagarCentrum ger dig som funderar p\u00e5 att starta eget f\u00f6retag eller redan har startat (upp till 3 \u00e5r), kostnadsfri r\u00e5dgivning. Vi har erfarna r\u00e5dgivare som hj\u00e4lper dig med din aff\u00e4rsid\u00e9, fr\u00e5gor kring budget, marknadsf\u00f6ring, f\u00f6rs\u00e4ljning och andra fr\u00e5gor knutna till att starta och driva f\u00f6retag. V\u00e5ra r\u00e5dgivare \u00e4r sj\u00e4lva egenf\u00f6retagare.<\/p>\n<h4>Mentorskap<\/h4>\n<p>Via Nyf\u00f6retagarCentrum och Tillv\u00e4xtverket har du som nyf\u00f6retagare m\u00f6jlighet att ans\u00f6ka om att ha en mentor under 1 \u00e5r, kostnadsfritt. Statistiken visar att \u00f6verlevnaden f\u00f6r dem som har haft mentor \u00e4r \u00e4nnu h\u00f6gre, n\u00e4rmare 95% efter 3 \u00e5r. Kontakta din r\u00e5dgivare f\u00f6r mer information.<\/p>\n<h4>V\u00e5rt st\u00f6d ger resultat<\/h4>\n<p>Har du varit p\u00e5 r\u00e5dgivning hos oss kommer du att vara v\u00e4l f\u00f6rberedd f\u00f6r livet som egenf\u00f6retagare, det enda vi i kr\u00e4ver av dig \u00e4r ditt engagemang och att du tror p\u00e5 din id\u00e9.<\/p>\n\n            \n        <\/div>\n    <\/div>\n<\/section>\n\n\n<div style=\"height:20px\" aria-hidden=\"true\" class=\"wp-block-spacer\"><\/div>\n\n\n\n<div class=\"wp-block-group alignfull has-white-background-color has-background is-layout-constrained wp-block-group-is-layout-constrained\">\n<div style=\"height:50px\" aria-hidden=\"true\" class=\"wp-block-spacer\"><\/div>\n\n\n<section  class=\"nfc-block-quote contained alignwide\">\n    <div class=\"wrapper contained\">\n        <p class=\"quote h2\">Varje \u00e5r m\u00f6ter vi p\u00e5 Nyf\u00f6retagarCentrum Skellefte\u00e5 ca 350-400 id\u00e9b\u00e4rare, ungef\u00e4r h\u00e4lften av dessa startar f\u00f6retag. \u00d6verlevnadsgraden, om man har g\u00e5tt i r\u00e5dgivning innan start, uppg\u00e5r till 85% efter att ha varit verksam i 3 \u00e5r.<\/p>\n        <div class=\"author\">\n            <div class=\"avatar\">\n                <img loading=\"lazy\" decoding=\"async\" width=\"150\" height=\"150\" src=\"https:\/\/nyforetagarcentrum.se\/skelleftea\/wp-content\/uploads\/sites\/107\/2025\/10\/cropped-NFC_CMYK_2010_logo-300x300-2-150x150.png\" class=\"attachment-thumbnail size-thumbnail\" alt=\"\" srcset=\"https:\/\/nyforetagarcentrum.se\/skelleftea\/wp-content\/uploads\/sites\/107\/2025\/10\/cropped-NFC_CMYK_2010_logo-300x300-2-150x150.png 150w, https:\/\/nyforetagarcentrum.se\/skelleftea\/wp-content\/uploads\/sites\/107\/2025\/10\/cropped-NFC_CMYK_2010_logo-300x300-2.png 300w\" sizes=\"(max-width: 150px) 100vw, 150px\" \/>            <\/div>\n            <div class=\"text\">\n                <p class=\"name\">Nyf\u00f6retagarCentrum Skellefte\u00e5<\/p>\n                <p class=\"subtitle\"><\/p>\n            <\/div>\n        <\/div>\n    <\/div>\n<\/section>\n\n\n<div style=\"height:51px\" aria-hidden=\"true\" class=\"wp-block-spacer\"><\/div>\n\n\n\n<div class=\"wp-block-columns alignwide is-layout-flex wp-container-core-columns-is-layout-1 wp-block-columns-is-layout-flex\">\n<div class=\"wp-block-column is-layout-flow wp-block-column-is-layout-flow\">\n<p class=\"no-margin\" style=\"font-size:100px;font-style:normal;font-weight:700\">1239<\/p>\n\n\n\n<p class=\"has-text-color has-link-color wp-elements-bcec8da70fdad8ffccc184704b96e1bb\" style=\"color:#4d4d4d\">Under 2024 genomf\u00f6rde vi 1239 r\u00e5dgivningar, enskilt eller i grupp. <\/p>\n<\/div>\n\n\n\n<div class=\"wp-block-column is-layout-flow wp-block-column-is-layout-flow\">\n<p class=\"no-margin\" style=\"font-size:100px;font-style:normal;font-weight:700\">413<\/p>\n\n\n\n<p class=\"has-text-color has-link-color wp-elements-70f2be0807fd856d94bb25f8fa79cfdc\" style=\"color:#4d4d4d\">F\u00f6rra \u00e5ret hj\u00e4lpte vi 413 st nyf\u00f6retagare med personlig r\u00e5dgivning.<\/p>\n<\/div>\n\n\n\n<div class=\"wp-block-column is-layout-flow wp-block-column-is-layout-flow\">\n<p class=\"no-margin\" style=\"font-size:100px;font-style:normal;font-weight:700\">127<\/p>\n\n\n\n<p class=\"has-text-color has-link-color wp-elements-1f9607eca5e2b669c235bc7cf52f45f0\" style=\"color:#4d4d4d\">Under 2024 bidrog v\u00e5r verksamhet till 127 olika f\u00f6retagsstarter.<\/p>\n<\/div>\n<\/div>\n\n\n\n<div style=\"height:51px\" aria-hidden=\"true\" class=\"wp-block-spacer\"><\/div>\n\n\n\n<div style=\"height:51px\" aria-hidden=\"true\" class=\"wp-block-spacer\"><\/div>\n<\/div>\n\n\n\n<div style=\"height:20px\" aria-hidden=\"true\" class=\"wp-block-spacer\"><\/div>\n","protected":false},"excerpt":{"rendered":"<p>1239 Under 2024 genomf\u00f6rde vi 1239 r\u00e5dgivningar, enskilt eller i grupp. 413 F\u00f6rra \u00e5ret hj\u00e4lpte vi 413 st nyf\u00f6retagare med personlig r\u00e5dgivning. 127 Under 2024 bidrog v\u00e5r verksamhet till 127 olika f\u00f6retagsstarter.<\/p>\n","protected":false},"author":1,"featured_media":0,"parent":0,"menu_order":0,"comment_status":"closed","ping_status":"closed","template":"","meta":{"footnotes":""},"acf":[],"_links":{"self":[{"href":"https:\/\/nyforetagarcentrum.se\/skelleftea\/wp-json\/wp\/v2\/pages\/161"}],"collection":[{"href":"https:\/\/nyforetagarcentrum.se\/skelleftea\/wp-json\/wp\/v2\/pages"}],"about":[{"href":"https:\/\/nyforetagarcentrum.se\/skelleftea\/wp-json\/wp\/v2\/types\/page"}],"author":[{"embeddable":true,"href":"https:\/\/nyforetagarcentrum.se\/skelleftea\/wp-json\/wp\/v2\/users\/1"}],"replies":[{"embeddable":true,"href":"https:\/\/nyforetagarcentrum.se\/skelleftea\/wp-json\/wp\/v2\/comments?post=161"}],"version-history":[{"count":179,"href":"https:\/\/nyforetagarcentrum.se\/skelleftea\/wp-json\/wp\/v2\/pages\/161\/revisions"}],"predecessor-version":[{"id":2620,"href":"https:\/\/nyforetagarcentrum.se\/skelleftea\/wp-json\/wp\/v2\/pages\/161\/revisions\/2620"}],"wp:attachment":[{"href":"https:\/\/nyforetagarcentrum.se\/skelleftea\/wp-json\/wp\/v2\/media?parent=161"}],"curies":[{"name":"wp","href":"https:\/\/api.w.org\/{rel}","templated":true}]}}