{"id":496,"date":"2024-05-09T20:30:10","date_gmt":"2024-05-09T18:30:10","guid":{"rendered":"https:\/\/nyforetagarcentrum.se\/skaraborg\/?page_id=496"},"modified":"2024-05-09T20:58:13","modified_gmt":"2024-05-09T18:58:13","slug":"foretagsakuten-skaraborg","status":"publish","type":"page","link":"https:\/\/nyforetagarcentrum.se\/skaraborg\/foretagsakuten-skaraborg\/","title":{"rendered":"F\u00f6retagsakuten Skaraborg"},"content":{"rendered":"\n<figure class=\"wp-block-image size-large\"><img loading=\"lazy\" decoding=\"async\" width=\"1024\" height=\"358\" src=\"https:\/\/nyforetagarcentrum.se\/skaraborg\/wp-content\/uploads\/sites\/85\/2024\/05\/Logo_ForetagsAkuten-2-e1715280064312-1024x358.jpg\" alt=\"\" class=\"wp-image-500\" \/><\/figure>\n\n\n\n<div style=\"height:5px\" aria-hidden=\"true\" class=\"wp-block-spacer\"><\/div>\n\n\n\n<h2 class=\"wp-block-heading\">\u00c4r du nystartad eller etablerad f\u00f6retagare i Skaraborg och k\u00e4nner du oro inf\u00f6r framtiden?<\/h2>\n\n\n\n<p class=\"has-text-color has-link-color has-medium-font-size wp-elements-361a9b8520d33178bebedfcc55d39c1a\" style=\"color:#0057a4\"><strong>Anv\u00e4nd oss f\u00f6r att komma vidare med ditt f\u00f6retag i utmanande tider<\/strong>!<\/p>\n\n\n\n<p>H\u00e4r kan du f\u00e5 r\u00e5dgivning som \u00e4r kostnadsfri, konfidentiell och objektiv<\/p>\n\n\n\n<p>F\u00f6retagsAkuten finns till f\u00f6r dig som har behov av att diskutera ditt f\u00f6retag och dess aktuella situation. Genom v\u00e5r objektivitet och gedigna erfarenhet av att se helheter kan vi kostnadsfritt hj\u00e4lpa dig att f\u00f6rs\u00f6ka hitta nya m\u00f6jligheter och infallsvinklar.<\/p>\n\n\n\n<p>Vi hj\u00e4lper dig att se \u00f6ver saker som likviditet, aff\u00e4rsplan och nyorientering samt vilken annan hj\u00e4lp som finns att f\u00e5.<\/p>\n\n\n\n<p><\/p>\n\n\n\n<p class=\"has-text-color has-link-color has-medium-font-size wp-elements-d19ce9266e2aee39c68b01ff929c73ad\" style=\"color:#0057a4\"><strong>V\u00e4lkommen att bolla din situation med oss p\u00e5 F\u00f6retagsAkuten!<\/strong><\/p>\n\n\n\n<p>Ta hj\u00e4lp i god tid, tveka inte att ta hj\u00e4lp av oss!<\/p>\n\n\n\n<p class=\"has-text-color has-link-color wp-elements-fb552ef988d798221bd6323f18157a90\" style=\"color:#0057a4\"><strong>Telefon 0500- 45 41 41<\/strong><\/p>\n\n\n\n<p><a href=\"mailto:skaraborg@nyforetagarcentrum.se\">skaraborg@nyforetagarcentrum.se<\/a><\/p>\n\n\n\n<div style=\"height:10px\" aria-hidden=\"true\" class=\"wp-block-spacer\"><\/div>\n\n\n\n<div style=\"height:20px\" aria-hidden=\"true\" class=\"wp-block-spacer\"><\/div>\n\n\n\n<p class=\"has-medium-font-size\">F\u00f6retagsAkuten Skaraborg bemannas av r\u00e5dgivare fr\u00e5n Nyf\u00f6retagarCentrum och finansieras av Skaraborgs Kommunalf\u00f6rbund och V\u00e4stra G\u00f6talandsregionen<\/p>\n\n\n\n<div style=\"height:10px\" aria-hidden=\"true\" class=\"wp-block-spacer\"><\/div>\n\n\n\n<div class=\"wp-block-columns is-layout-flex wp-container-core-columns-is-layout-1 wp-block-columns-is-layout-flex\">\n<div class=\"wp-block-column is-layout-flow wp-block-column-is-layout-flow\">\n<figure class=\"wp-block-image aligncenter size-full is-resized\"><img loading=\"lazy\" decoding=\"async\" width=\"787\" height=\"320\" src=\"https:\/\/nyforetagarcentrum.se\/skaraborg\/wp-content\/uploads\/sites\/85\/2024\/02\/logga-1-1.png\" alt=\"\" class=\"wp-image-20\" style=\"width:263px\" srcset=\"https:\/\/nyforetagarcentrum.se\/skaraborg\/wp-content\/uploads\/sites\/85\/2024\/02\/logga-1-1.png 787w, https:\/\/nyforetagarcentrum.se\/skaraborg\/wp-content\/uploads\/sites\/85\/2024\/02\/logga-1-1-300x122.png 300w, https:\/\/nyforetagarcentrum.se\/skaraborg\/wp-content\/uploads\/sites\/85\/2024\/02\/logga-1-1-768x312.png 768w\" sizes=\"(max-width: 787px) 100vw, 787px\" \/><\/figure>\n<\/div>\n\n\n\n<div class=\"wp-block-column is-layout-flow wp-block-column-is-layout-flow\">\n<figure class=\"wp-block-image aligncenter size-full is-resized\"><img loading=\"lazy\" decoding=\"async\" width=\"193\" height=\"72\" src=\"https:\/\/nyforetagarcentrum.se\/skaraborg\/wp-content\/uploads\/sites\/85\/2024\/05\/logo-skaraborg.gif\" alt=\"\" class=\"wp-image-418\" style=\"width:263px;height:auto\" \/><\/figure>\n<\/div>\n<\/div>\n\n\n\n<div style=\"height:50px\" aria-hidden=\"true\" class=\"wp-block-spacer\"><\/div>\n","protected":false},"excerpt":{"rendered":"<p>\u00c4r du nystartad eller etablerad f\u00f6retagare i Skaraborg och k\u00e4nner du oro inf\u00f6r framtiden? Anv\u00e4nd oss f\u00f6r att komma vidare med ditt f\u00f6retag i utmanande tider! H\u00e4r kan du f\u00e5 r\u00e5dgivning som \u00e4r kostnadsfri, konfidentiell och objektiv F\u00f6retagsAkuten finns till f\u00f6r dig som har behov av att diskutera ditt f\u00f6retag och dess aktuella situation. Genom [&hellip;]<\/p>\n","protected":false},"author":54,"featured_media":455,"parent":0,"menu_order":0,"comment_status":"closed","ping_status":"closed","template":"","meta":{"footnotes":""},"acf":[],"yoast_head":"<!-- This site is optimized with the Yoast SEO plugin v22.9 - https:\/\/yoast.com\/wordpress\/plugins\/seo\/ -->\n<title>F\u00f6retagsakuten Skaraborg - Skaraborg<\/title>\n<meta name=\"robots\" content=\"index, follow, max-snippet:-1, max-image-preview:large, max-video-preview:-1\" \/>\n<link rel=\"canonical\" href=\"https:\/\/nyforetagarcentrum.se\/skaraborg\/foretagsakuten-skaraborg\/\" \/>\n<meta property=\"og:locale\" content=\"sv_SE\" \/>\n<meta property=\"og:type\" content=\"article\" \/>\n<meta property=\"og:title\" content=\"F\u00f6retagsakuten Skaraborg - Skaraborg\" \/>\n<meta property=\"og:description\" content=\"\u00c4r du nystartad eller etablerad f\u00f6retagare i Skaraborg och k\u00e4nner du oro inf\u00f6r framtiden? Anv\u00e4nd oss f\u00f6r att komma vidare med ditt f\u00f6retag i utmanande tider! H\u00e4r kan du f\u00e5 r\u00e5dgivning som \u00e4r kostnadsfri, konfidentiell och objektiv F\u00f6retagsAkuten finns till f\u00f6r dig som har behov av att diskutera ditt f\u00f6retag och dess aktuella situation. Genom [&hellip;]\" \/>\n<meta property=\"og:url\" content=\"https:\/\/nyforetagarcentrum.se\/skaraborg\/foretagsakuten-skaraborg\/\" \/>\n<meta property=\"og:site_name\" content=\"Skaraborg\" \/>\n<meta property=\"article:modified_time\" content=\"2024-05-09T18:58:13+00:00\" \/>\n<meta property=\"og:image\" content=\"https:\/\/nyforetagarcentrum.se\/skaraborg\/wp-content\/uploads\/sites\/85\/2024\/05\/foretagsAkuten.png\" \/>\n\t<meta property=\"og:image:width\" content=\"535\" \/>\n\t<meta property=\"og:image:height\" content=\"150\" \/>\n\t<meta property=\"og:image:type\" content=\"image\/png\" \/>\n<meta name=\"twitter:card\" content=\"summary_large_image\" \/>\n<meta name=\"twitter:label1\" content=\"Ber\u00e4knad l\u00e4stid\" \/>\n\t<meta name=\"twitter:data1\" content=\"1 minut\" \/>\n<script type=\"application\/ld+json\" class=\"yoast-schema-graph\">{\"@context\":\"https:\/\/schema.org\",\"@graph\":[{\"@type\":\"WebPage\",\"@id\":\"https:\/\/nyforetagarcentrum.se\/skaraborg\/foretagsakuten-skaraborg\/\",\"url\":\"https:\/\/nyforetagarcentrum.se\/skaraborg\/foretagsakuten-skaraborg\/\",\"name\":\"F\u00f6retagsakuten Skaraborg - Skaraborg\",\"isPartOf\":{\"@id\":\"https:\/\/nyforetagarcentrum.se\/skaraborg\/#website\"},\"primaryImageOfPage\":{\"@id\":\"https:\/\/nyforetagarcentrum.se\/skaraborg\/foretagsakuten-skaraborg\/#primaryimage\"},\"image\":{\"@id\":\"https:\/\/nyforetagarcentrum.se\/skaraborg\/foretagsakuten-skaraborg\/#primaryimage\"},\"thumbnailUrl\":\"https:\/\/nyforetagarcentrum.se\/skaraborg\/wp-content\/uploads\/sites\/85\/2024\/05\/foretagsAkuten.png\",\"datePublished\":\"2024-05-09T18:30:10+00:00\",\"dateModified\":\"2024-05-09T18:58:13+00:00\",\"breadcrumb\":{\"@id\":\"https:\/\/nyforetagarcentrum.se\/skaraborg\/foretagsakuten-skaraborg\/#breadcrumb\"},\"inLanguage\":\"sv-SE\",\"potentialAction\":[{\"@type\":\"ReadAction\",\"target\":[\"https:\/\/nyforetagarcentrum.se\/skaraborg\/foretagsakuten-skaraborg\/\"]}]},{\"@type\":\"ImageObject\",\"inLanguage\":\"sv-SE\",\"@id\":\"https:\/\/nyforetagarcentrum.se\/skaraborg\/foretagsakuten-skaraborg\/#primaryimage\",\"url\":\"https:\/\/nyforetagarcentrum.se\/skaraborg\/wp-content\/uploads\/sites\/85\/2024\/05\/foretagsAkuten.png\",\"contentUrl\":\"https:\/\/nyforetagarcentrum.se\/skaraborg\/wp-content\/uploads\/sites\/85\/2024\/05\/foretagsAkuten.png\",\"width\":535,\"height\":150},{\"@type\":\"BreadcrumbList\",\"@id\":\"https:\/\/nyforetagarcentrum.se\/skaraborg\/foretagsakuten-skaraborg\/#breadcrumb\",\"itemListElement\":[{\"@type\":\"ListItem\",\"position\":1,\"name\":\"Hem\",\"item\":\"https:\/\/nyforetagarcentrum.se\/skaraborg\/\"},{\"@type\":\"ListItem\",\"position\":2,\"name\":\"F\u00f6retagsakuten Skaraborg\"}]},{\"@type\":\"WebSite\",\"@id\":\"https:\/\/nyforetagarcentrum.se\/skaraborg\/#website\",\"url\":\"https:\/\/nyforetagarcentrum.se\/skaraborg\/\",\"name\":\"Skaraborg\",\"description\":\"Sveriges ledande kraft f\u00f6r fler nya livskraftiga f\u00f6retag\",\"publisher\":{\"@id\":\"https:\/\/nyforetagarcentrum.se\/skaraborg\/#organization\"},\"potentialAction\":[{\"@type\":\"SearchAction\",\"target\":{\"@type\":\"EntryPoint\",\"urlTemplate\":\"https:\/\/nyforetagarcentrum.se\/skaraborg\/?s={search_term_string}\"},\"query-input\":\"required name=search_term_string\"}],\"inLanguage\":\"sv-SE\"},{\"@type\":\"Organization\",\"@id\":\"https:\/\/nyforetagarcentrum.se\/skaraborg\/#organization\",\"name\":\"Skaraborg\",\"url\":\"https:\/\/nyforetagarcentrum.se\/skaraborg\/\",\"logo\":{\"@type\":\"ImageObject\",\"inLanguage\":\"sv-SE\",\"@id\":\"https:\/\/nyforetagarcentrum.se\/skaraborg\/#\/schema\/logo\/image\/\",\"url\":\"https:\/\/nyforetagarcentrum.se\/skaraborg\/wp-content\/uploads\/sites\/85\/2024\/07\/skaraborg_bla.png\",\"contentUrl\":\"https:\/\/nyforetagarcentrum.se\/skaraborg\/wp-content\/uploads\/sites\/85\/2024\/07\/skaraborg_bla.png\",\"width\":870,\"height\":355,\"caption\":\"Skaraborg\"},\"image\":{\"@id\":\"https:\/\/nyforetagarcentrum.se\/skaraborg\/#\/schema\/logo\/image\/\"}}]}<\/script>\n<!-- \/ Yoast SEO plugin. -->","yoast_head_json":{"title":"F\u00f6retagsakuten Skaraborg - Skaraborg","robots":{"index":"index","follow":"follow","max-snippet":"max-snippet:-1","max-image-preview":"max-image-preview:large","max-video-preview":"max-video-preview:-1"},"canonical":"https:\/\/nyforetagarcentrum.se\/skaraborg\/foretagsakuten-skaraborg\/","og_locale":"sv_SE","og_type":"article","og_title":"F\u00f6retagsakuten Skaraborg - Skaraborg","og_description":"\u00c4r du nystartad eller etablerad f\u00f6retagare i Skaraborg och k\u00e4nner du oro inf\u00f6r framtiden? Anv\u00e4nd oss f\u00f6r att komma vidare med ditt f\u00f6retag i utmanande tider! H\u00e4r kan du f\u00e5 r\u00e5dgivning som \u00e4r kostnadsfri, konfidentiell och objektiv F\u00f6retagsAkuten finns till f\u00f6r dig som har behov av att diskutera ditt f\u00f6retag och dess aktuella situation. Genom [&hellip;]","og_url":"https:\/\/nyforetagarcentrum.se\/skaraborg\/foretagsakuten-skaraborg\/","og_site_name":"Skaraborg","article_modified_time":"2024-05-09T18:58:13+00:00","og_image":[{"width":535,"height":150,"url":"https:\/\/nyforetagarcentrum.se\/skaraborg\/wp-content\/uploads\/sites\/85\/2024\/05\/foretagsAkuten.png","type":"image\/png"}],"twitter_card":"summary_large_image","twitter_misc":{"Ber\u00e4knad l\u00e4stid":"1 minut"},"schema":{"@context":"https:\/\/schema.org","@graph":[{"@type":"WebPage","@id":"https:\/\/nyforetagarcentrum.se\/skaraborg\/foretagsakuten-skaraborg\/","url":"https:\/\/nyforetagarcentrum.se\/skaraborg\/foretagsakuten-skaraborg\/","name":"F\u00f6retagsakuten Skaraborg - Skaraborg","isPartOf":{"@id":"https:\/\/nyforetagarcentrum.se\/skaraborg\/#website"},"primaryImageOfPage":{"@id":"https:\/\/nyforetagarcentrum.se\/skaraborg\/foretagsakuten-skaraborg\/#primaryimage"},"image":{"@id":"https:\/\/nyforetagarcentrum.se\/skaraborg\/foretagsakuten-skaraborg\/#primaryimage"},"thumbnailUrl":"https:\/\/nyforetagarcentrum.se\/skaraborg\/wp-content\/uploads\/sites\/85\/2024\/05\/foretagsAkuten.png","datePublished":"2024-05-09T18:30:10+00:00","dateModified":"2024-05-09T18:58:13+00:00","breadcrumb":{"@id":"https:\/\/nyforetagarcentrum.se\/skaraborg\/foretagsakuten-skaraborg\/#breadcrumb"},"inLanguage":"sv-SE","potentialAction":[{"@type":"ReadAction","target":["https:\/\/nyforetagarcentrum.se\/skaraborg\/foretagsakuten-skaraborg\/"]}]},{"@type":"ImageObject","inLanguage":"sv-SE","@id":"https:\/\/nyforetagarcentrum.se\/skaraborg\/foretagsakuten-skaraborg\/#primaryimage","url":"https:\/\/nyforetagarcentrum.se\/skaraborg\/wp-content\/uploads\/sites\/85\/2024\/05\/foretagsAkuten.png","contentUrl":"https:\/\/nyforetagarcentrum.se\/skaraborg\/wp-content\/uploads\/sites\/85\/2024\/05\/foretagsAkuten.png","width":535,"height":150},{"@type":"BreadcrumbList","@id":"https:\/\/nyforetagarcentrum.se\/skaraborg\/foretagsakuten-skaraborg\/#breadcrumb","itemListElement":[{"@type":"ListItem","position":1,"name":"Hem","item":"https:\/\/nyforetagarcentrum.se\/skaraborg\/"},{"@type":"ListItem","position":2,"name":"F\u00f6retagsakuten Skaraborg"}]},{"@type":"WebSite","@id":"https:\/\/nyforetagarcentrum.se\/skaraborg\/#website","url":"https:\/\/nyforetagarcentrum.se\/skaraborg\/","name":"Skaraborg","description":"Sveriges ledande kraft f\u00f6r fler nya livskraftiga f\u00f6retag","publisher":{"@id":"https:\/\/nyforetagarcentrum.se\/skaraborg\/#organization"},"potentialAction":[{"@type":"SearchAction","target":{"@type":"EntryPoint","urlTemplate":"https:\/\/nyforetagarcentrum.se\/skaraborg\/?s={search_term_string}"},"query-input":"required name=search_term_string"}],"inLanguage":"sv-SE"},{"@type":"Organization","@id":"https:\/\/nyforetagarcentrum.se\/skaraborg\/#organization","name":"Skaraborg","url":"https:\/\/nyforetagarcentrum.se\/skaraborg\/","logo":{"@type":"ImageObject","inLanguage":"sv-SE","@id":"https:\/\/nyforetagarcentrum.se\/skaraborg\/#\/schema\/logo\/image\/","url":"https:\/\/nyforetagarcentrum.se\/skaraborg\/wp-content\/uploads\/sites\/85\/2024\/07\/skaraborg_bla.png","contentUrl":"https:\/\/nyforetagarcentrum.se\/skaraborg\/wp-content\/uploads\/sites\/85\/2024\/07\/skaraborg_bla.png","width":870,"height":355,"caption":"Skaraborg"},"image":{"@id":"https:\/\/nyforetagarcentrum.se\/skaraborg\/#\/schema\/logo\/image\/"}}]}},"_links":{"self":[{"href":"https:\/\/nyforetagarcentrum.se\/skaraborg\/wp-json\/wp\/v2\/pages\/496"}],"collection":[{"href":"https:\/\/nyforetagarcentrum.se\/skaraborg\/wp-json\/wp\/v2\/pages"}],"about":[{"href":"https:\/\/nyforetagarcentrum.se\/skaraborg\/wp-json\/wp\/v2\/types\/page"}],"author":[{"embeddable":true,"href":"https:\/\/nyforetagarcentrum.se\/skaraborg\/wp-json\/wp\/v2\/users\/54"}],"replies":[{"embeddable":true,"href":"https:\/\/nyforetagarcentrum.se\/skaraborg\/wp-json\/wp\/v2\/comments?post=496"}],"version-history":[{"count":22,"href":"https:\/\/nyforetagarcentrum.se\/skaraborg\/wp-json\/wp\/v2\/pages\/496\/revisions"}],"predecessor-version":[{"id":524,"href":"https:\/\/nyforetagarcentrum.se\/skaraborg\/wp-json\/wp\/v2\/pages\/496\/revisions\/524"}],"wp:featuredmedia":[{"embeddable":true,"href":"https:\/\/nyforetagarcentrum.se\/skaraborg\/wp-json\/wp\/v2\/media\/455"}],"wp:attachment":[{"href":"https:\/\/nyforetagarcentrum.se\/skaraborg\/wp-json\/wp\/v2\/media?parent=496"}],"curies":[{"name":"wp","href":"https:\/\/api.w.org\/{rel}","templated":true}]}}