{"id":48,"date":"2024-02-22T10:29:05","date_gmt":"2024-02-22T09:29:05","guid":{"rendered":"https:\/\/nyforetagarcentrum.se\/skaraborg\/?page_id=48"},"modified":"2025-05-22T10:46:05","modified_gmt":"2025-05-22T08:46:05","slug":"erbjudanden","status":"publish","type":"page","link":"https:\/\/nyforetagarcentrum.se\/skaraborg\/erbjudanden\/","title":{"rendered":"Erbjudanden"},"content":{"rendered":"<section  class=\"nfc-block-hero alignfull\">\n\n    <img loading=\"lazy\" decoding=\"async\" width=\"1512\" height=\"745\" src=\"https:\/\/nyforetagarcentrum.se\/skaraborg\/wp-content\/uploads\/sites\/85\/2024\/02\/Topp-banner-2.png\" class=\"attachment-landscape size-landscape\" alt=\"\" srcset=\"https:\/\/nyforetagarcentrum.se\/skaraborg\/wp-content\/uploads\/sites\/85\/2024\/02\/Topp-banner-2.png 1512w, https:\/\/nyforetagarcentrum.se\/skaraborg\/wp-content\/uploads\/sites\/85\/2024\/02\/Topp-banner-2-300x148.png 300w, https:\/\/nyforetagarcentrum.se\/skaraborg\/wp-content\/uploads\/sites\/85\/2024\/02\/Topp-banner-2-1024x505.png 1024w, https:\/\/nyforetagarcentrum.se\/skaraborg\/wp-content\/uploads\/sites\/85\/2024\/02\/Topp-banner-2-768x378.png 768w\" sizes=\"(max-width: 1512px) 100vw, 1512px\" \/>\n    <div class=\"contained\">\n        <h1 class=\"nfc-block-hero__heading\">V\u00e5ra erbjudanden till dig som \u00e4r f\u00f6retagare<\/h1>\n\n            <\/div>\n<\/section>\n\n\n<div style=\"height:50px\" aria-hidden=\"true\" class=\"wp-block-spacer\"><\/div>\n\n\n<section  class=\"nfc-block-breadcrumbs\">\n    <div class=\"wrapper contained\">\n        <ol class=\"breadcrumbs\" itemscope itemtype=\"https:\/\/schema.org\/BreadcrumbList\">\n            <li itemprop=\"itemListElement\" itemscope itemtype=\"https:\/\/schema.org\/ListItem\">\n            \n\n                            <span class=\"current\" itemprop=\"name\">Hem<\/span>\n            \n            <meta itemprop=\"position\" content=\"1\" \/>\n        <\/li>\n    <\/ol>    <\/div>\n<\/section>\n\n\n<h2 class=\"wp-block-heading alignwide has-x-large-font-size\">Ta del av exklusiva erbjudanden<\/h2>\n\n\n<section  class=\"nfc-block-offer_grid alignwide layout-small\">\n    <div class=\"contained\">\n\n        <div class=\"filter-row\">\n            \n                            <button id=\"local-offers-button\">\n                    Lokala partners\n                <\/button>\n                <button id=\"national-offers-button\" class=\"outlined\">\n                    Nationella partners\n                <\/button>\n                    <\/div>\n\n        <div class=\"grid\" id=\"offers-grid\">\n            <div class=\"offer-card\">\n\n    <div class=\"gallery-wrapper\">\n                    <div class=\"selected-media\">\n                                    <img loading=\"lazy\" decoding=\"async\" width=\"515\" height=\"316\" src=\"https:\/\/nyforetagarcentrum.se\/skaraborg\/wp-content\/uploads\/sites\/85\/2024\/06\/sparb.jpg\" class=\"attachment-large size-large\" alt=\"\" srcset=\"https:\/\/nyforetagarcentrum.se\/skaraborg\/wp-content\/uploads\/sites\/85\/2024\/06\/sparb.jpg 515w, https:\/\/nyforetagarcentrum.se\/skaraborg\/wp-content\/uploads\/sites\/85\/2024\/06\/sparb-300x184.jpg 300w\" sizes=\"(max-width: 515px) 100vw, 515px\" \/>                            <\/div>\n        \n            <\/div>\n\n\n    <div class=\"content-wrapper\">\n                    <div class=\"logo-wrapper\">\n                <img loading=\"lazy\" decoding=\"async\" width=\"300\" height=\"55\" src=\"https:\/\/nyforetagarcentrum.se\/skaraborg\/wp-content\/uploads\/sites\/85\/2024\/06\/sparbankenSkaraborg-300x55.png\" class=\"attachment-medium size-medium\" alt=\"\" srcset=\"https:\/\/nyforetagarcentrum.se\/skaraborg\/wp-content\/uploads\/sites\/85\/2024\/06\/sparbankenSkaraborg-300x55.png 300w, https:\/\/nyforetagarcentrum.se\/skaraborg\/wp-content\/uploads\/sites\/85\/2024\/06\/sparbankenSkaraborg-1024x187.png 1024w, https:\/\/nyforetagarcentrum.se\/skaraborg\/wp-content\/uploads\/sites\/85\/2024\/06\/sparbankenSkaraborg-768x140.png 768w, https:\/\/nyforetagarcentrum.se\/skaraborg\/wp-content\/uploads\/sites\/85\/2024\/06\/sparbankenSkaraborg-1536x281.png 1536w, https:\/\/nyforetagarcentrum.se\/skaraborg\/wp-content\/uploads\/sites\/85\/2024\/06\/sparbankenSkaraborg-2048x374.png 2048w, https:\/\/nyforetagarcentrum.se\/skaraborg\/wp-content\/uploads\/sites\/85\/2024\/06\/sparbankenSkaraborg-1920x351.png 1920w\" sizes=\"(max-width: 300px) 100vw, 300px\" \/>            <\/div>\n        \n        <h3>Sparbanken Skaraborg<\/h3>\n\n        \n        <div class=\"content\">\n            <p>Vi har ett brett utbud av produkter och tj\u00e4nster f\u00f6r ditt f\u00f6retag som f\u00f6renklar din vardag. Vi erbjuder r\u00e5dgivning och tar fram l\u00f6sningar som passar just ditt f\u00f6retag inom bland annat finansiering, l\u00f6nehantering och betalningar.<\/p>\n        <\/div>\n\n                    <a href=\"https:\/\/www.sparbankenskaraborg.se\/foretag.html\" class=\"offer-button button outlined\" target=\"\">\n                Sparbanken Skaraborg                            <\/a>\n            <\/div>\n<\/div><div class=\"offer-card\">\n\n    <div class=\"gallery-wrapper\">\n                    <div class=\"selected-media\">\n                                    <img loading=\"lazy\" decoding=\"async\" width=\"857\" height=\"515\" src=\"https:\/\/nyforetagarcentrum.se\/skaraborg\/wp-content\/uploads\/sites\/85\/2024\/06\/lf.jpg\" class=\"attachment-large size-large\" alt=\"\" srcset=\"https:\/\/nyforetagarcentrum.se\/skaraborg\/wp-content\/uploads\/sites\/85\/2024\/06\/lf.jpg 857w, https:\/\/nyforetagarcentrum.se\/skaraborg\/wp-content\/uploads\/sites\/85\/2024\/06\/lf-300x180.jpg 300w, https:\/\/nyforetagarcentrum.se\/skaraborg\/wp-content\/uploads\/sites\/85\/2024\/06\/lf-768x462.jpg 768w\" sizes=\"(max-width: 857px) 100vw, 857px\" \/>                            <\/div>\n        \n            <\/div>\n\n\n    <div class=\"content-wrapper\">\n                    <div class=\"logo-wrapper\">\n                <img loading=\"lazy\" decoding=\"async\" width=\"300\" height=\"90\" src=\"https:\/\/nyforetagarcentrum.se\/skaraborg\/wp-content\/uploads\/sites\/85\/2024\/06\/Lflogo-2-300x90.png\" class=\"attachment-medium size-medium\" alt=\"\" srcset=\"https:\/\/nyforetagarcentrum.se\/skaraborg\/wp-content\/uploads\/sites\/85\/2024\/06\/Lflogo-2-300x90.png 300w, https:\/\/nyforetagarcentrum.se\/skaraborg\/wp-content\/uploads\/sites\/85\/2024\/06\/Lflogo-2-1024x307.png 1024w, https:\/\/nyforetagarcentrum.se\/skaraborg\/wp-content\/uploads\/sites\/85\/2024\/06\/Lflogo-2-768x230.png 768w, https:\/\/nyforetagarcentrum.se\/skaraborg\/wp-content\/uploads\/sites\/85\/2024\/06\/Lflogo-2.png 1485w\" sizes=\"(max-width: 300px) 100vw, 300px\" \/>            <\/div>\n        \n        <h3>L\u00e4nsf\u00f6rs\u00e4kringar Skaraborg<\/h3>\n\n        \n        <div class=\"content\">\n            <div class=\"x_col-12\">\n<div class=\"x_lead\">\n<p>F\u00f6rs\u00e4kringen f\u00f6r dig som startat eget under de senaste tolv m\u00e5naderna och har upp till fem anst\u00e4llda.<\/p>\n<\/div>\n<\/div>\n<div class=\"x_col-12 x_pl-md-15\">\n<ul class=\"x_list-unstyled\" aria-label=\"Detta ing\u00e5r:\">\n<li>\n<div class=\"x_display-flex x_mb-05-md-down\"><span role=\"text\">Totalpris 1 000 kronor f\u00f6r 6 m\u00e5nader<\/span><\/div>\n<\/li>\n<li>\n<div class=\"x_display-flex x_mb-05-md-down\"><span role=\"text\">Ansvarsf\u00f6rs\u00e4kring ing\u00e5r<\/span><\/div>\n<\/li>\n<li>\n<div class=\"x_display-flex x_mb-05-md-down\"><span role=\"text\">Skydd f\u00f6r f\u00f6retagets saker och hj\u00e4lp vid skadest\u00e5ndskrav<\/span><\/div>\n<\/li>\n<\/ul>\n<\/div>\n        <\/div>\n\n                    <a href=\"https:\/\/www.lansforsakringar.se\/skaraborg\/foretag\/forsakring\/branschforsakring\/starta-foretagsforsakring\/\" class=\"offer-button button outlined\" target=\"\">\n                L\u00e4nsf\u00f6rs\u00e4kringar Skaraborg                            <\/a>\n            <\/div>\n<\/div>        <\/div>\n    <\/div>\n<\/section>\n\n\n<div style=\"height:80px\" aria-hidden=\"true\" class=\"wp-block-spacer\"><\/div>\n","protected":false},"excerpt":{"rendered":"<p>Ta del av exklusiva erbjudanden<\/p>\n","protected":false},"author":1,"featured_media":0,"parent":0,"menu_order":0,"comment_status":"closed","ping_status":"closed","template":"","meta":{"footnotes":""},"acf":[],"yoast_head":"<!-- This site is optimized with the Yoast SEO plugin v22.9 - https:\/\/yoast.com\/wordpress\/plugins\/seo\/ -->\n<title>Erbjudanden - Skaraborg<\/title>\n<meta name=\"robots\" content=\"index, follow, max-snippet:-1, max-image-preview:large, max-video-preview:-1\" \/>\n<link rel=\"canonical\" href=\"https:\/\/nyforetagarcentrum.se\/skaraborg\/erbjudanden\/\" \/>\n<meta property=\"og:locale\" content=\"sv_SE\" \/>\n<meta property=\"og:type\" content=\"article\" \/>\n<meta property=\"og:title\" content=\"Erbjudanden - Skaraborg\" \/>\n<meta property=\"og:description\" content=\"Ta del av exklusiva erbjudanden\" \/>\n<meta property=\"og:url\" content=\"https:\/\/nyforetagarcentrum.se\/skaraborg\/erbjudanden\/\" \/>\n<meta property=\"og:site_name\" content=\"Skaraborg\" \/>\n<meta property=\"article:modified_time\" content=\"2025-05-22T08:46:05+00:00\" \/>\n<meta name=\"twitter:card\" content=\"summary_large_image\" \/>\n<meta name=\"twitter:label1\" content=\"Ber\u00e4knad l\u00e4stid\" \/>\n\t<meta name=\"twitter:data1\" content=\"1 minut\" \/>\n<script type=\"application\/ld+json\" class=\"yoast-schema-graph\">{\"@context\":\"https:\/\/schema.org\",\"@graph\":[{\"@type\":\"WebPage\",\"@id\":\"https:\/\/nyforetagarcentrum.se\/skaraborg\/erbjudanden\/\",\"url\":\"https:\/\/nyforetagarcentrum.se\/skaraborg\/erbjudanden\/\",\"name\":\"Erbjudanden - Skaraborg\",\"isPartOf\":{\"@id\":\"https:\/\/nyforetagarcentrum.se\/skaraborg\/#website\"},\"datePublished\":\"2024-02-22T09:29:05+00:00\",\"dateModified\":\"2025-05-22T08:46:05+00:00\",\"breadcrumb\":{\"@id\":\"https:\/\/nyforetagarcentrum.se\/skaraborg\/erbjudanden\/#breadcrumb\"},\"inLanguage\":\"sv-SE\",\"potentialAction\":[{\"@type\":\"ReadAction\",\"target\":[\"https:\/\/nyforetagarcentrum.se\/skaraborg\/erbjudanden\/\"]}]},{\"@type\":\"BreadcrumbList\",\"@id\":\"https:\/\/nyforetagarcentrum.se\/skaraborg\/erbjudanden\/#breadcrumb\",\"itemListElement\":[{\"@type\":\"ListItem\",\"position\":1,\"name\":\"Hem\",\"item\":\"https:\/\/nyforetagarcentrum.se\/skaraborg\/\"},{\"@type\":\"ListItem\",\"position\":2,\"name\":\"Erbjudanden\"}]},{\"@type\":\"WebSite\",\"@id\":\"https:\/\/nyforetagarcentrum.se\/skaraborg\/#website\",\"url\":\"https:\/\/nyforetagarcentrum.se\/skaraborg\/\",\"name\":\"Skaraborg\",\"description\":\"Sveriges ledande kraft f\u00f6r fler nya livskraftiga f\u00f6retag\",\"publisher\":{\"@id\":\"https:\/\/nyforetagarcentrum.se\/skaraborg\/#organization\"},\"potentialAction\":[{\"@type\":\"SearchAction\",\"target\":{\"@type\":\"EntryPoint\",\"urlTemplate\":\"https:\/\/nyforetagarcentrum.se\/skaraborg\/?s={search_term_string}\"},\"query-input\":\"required name=search_term_string\"}],\"inLanguage\":\"sv-SE\"},{\"@type\":\"Organization\",\"@id\":\"https:\/\/nyforetagarcentrum.se\/skaraborg\/#organization\",\"name\":\"Skaraborg\",\"url\":\"https:\/\/nyforetagarcentrum.se\/skaraborg\/\",\"logo\":{\"@type\":\"ImageObject\",\"inLanguage\":\"sv-SE\",\"@id\":\"https:\/\/nyforetagarcentrum.se\/skaraborg\/#\/schema\/logo\/image\/\",\"url\":\"https:\/\/nyforetagarcentrum.se\/skaraborg\/wp-content\/uploads\/sites\/85\/2024\/04\/Skaraborg.png\",\"contentUrl\":\"https:\/\/nyforetagarcentrum.se\/skaraborg\/wp-content\/uploads\/sites\/85\/2024\/04\/Skaraborg.png\",\"width\":1082,\"height\":542,\"caption\":\"Skaraborg\"},\"image\":{\"@id\":\"https:\/\/nyforetagarcentrum.se\/skaraborg\/#\/schema\/logo\/image\/\"}}]}<\/script>\n<!-- \/ Yoast SEO plugin. -->","yoast_head_json":{"title":"Erbjudanden - Skaraborg","robots":{"index":"index","follow":"follow","max-snippet":"max-snippet:-1","max-image-preview":"max-image-preview:large","max-video-preview":"max-video-preview:-1"},"canonical":"https:\/\/nyforetagarcentrum.se\/skaraborg\/erbjudanden\/","og_locale":"sv_SE","og_type":"article","og_title":"Erbjudanden - Skaraborg","og_description":"Ta del av exklusiva erbjudanden","og_url":"https:\/\/nyforetagarcentrum.se\/skaraborg\/erbjudanden\/","og_site_name":"Skaraborg","article_modified_time":"2025-05-22T08:46:05+00:00","twitter_card":"summary_large_image","twitter_misc":{"Ber\u00e4knad l\u00e4stid":"1 minut"},"schema":{"@context":"https:\/\/schema.org","@graph":[{"@type":"WebPage","@id":"https:\/\/nyforetagarcentrum.se\/skaraborg\/erbjudanden\/","url":"https:\/\/nyforetagarcentrum.se\/skaraborg\/erbjudanden\/","name":"Erbjudanden - Skaraborg","isPartOf":{"@id":"https:\/\/nyforetagarcentrum.se\/skaraborg\/#website"},"datePublished":"2024-02-22T09:29:05+00:00","dateModified":"2025-05-22T08:46:05+00:00","breadcrumb":{"@id":"https:\/\/nyforetagarcentrum.se\/skaraborg\/erbjudanden\/#breadcrumb"},"inLanguage":"sv-SE","potentialAction":[{"@type":"ReadAction","target":["https:\/\/nyforetagarcentrum.se\/skaraborg\/erbjudanden\/"]}]},{"@type":"BreadcrumbList","@id":"https:\/\/nyforetagarcentrum.se\/skaraborg\/erbjudanden\/#breadcrumb","itemListElement":[{"@type":"ListItem","position":1,"name":"Hem","item":"https:\/\/nyforetagarcentrum.se\/skaraborg\/"},{"@type":"ListItem","position":2,"name":"Erbjudanden"}]},{"@type":"WebSite","@id":"https:\/\/nyforetagarcentrum.se\/skaraborg\/#website","url":"https:\/\/nyforetagarcentrum.se\/skaraborg\/","name":"Skaraborg","description":"Sveriges ledande kraft f\u00f6r fler nya livskraftiga f\u00f6retag","publisher":{"@id":"https:\/\/nyforetagarcentrum.se\/skaraborg\/#organization"},"potentialAction":[{"@type":"SearchAction","target":{"@type":"EntryPoint","urlTemplate":"https:\/\/nyforetagarcentrum.se\/skaraborg\/?s={search_term_string}"},"query-input":"required name=search_term_string"}],"inLanguage":"sv-SE"},{"@type":"Organization","@id":"https:\/\/nyforetagarcentrum.se\/skaraborg\/#organization","name":"Skaraborg","url":"https:\/\/nyforetagarcentrum.se\/skaraborg\/","logo":{"@type":"ImageObject","inLanguage":"sv-SE","@id":"https:\/\/nyforetagarcentrum.se\/skaraborg\/#\/schema\/logo\/image\/","url":"https:\/\/nyforetagarcentrum.se\/skaraborg\/wp-content\/uploads\/sites\/85\/2024\/04\/Skaraborg.png","contentUrl":"https:\/\/nyforetagarcentrum.se\/skaraborg\/wp-content\/uploads\/sites\/85\/2024\/04\/Skaraborg.png","width":1082,"height":542,"caption":"Skaraborg"},"image":{"@id":"https:\/\/nyforetagarcentrum.se\/skaraborg\/#\/schema\/logo\/image\/"}}]}},"_links":{"self":[{"href":"https:\/\/nyforetagarcentrum.se\/skaraborg\/wp-json\/wp\/v2\/pages\/48"}],"collection":[{"href":"https:\/\/nyforetagarcentrum.se\/skaraborg\/wp-json\/wp\/v2\/pages"}],"about":[{"href":"https:\/\/nyforetagarcentrum.se\/skaraborg\/wp-json\/wp\/v2\/types\/page"}],"author":[{"embeddable":true,"href":"https:\/\/nyforetagarcentrum.se\/skaraborg\/wp-json\/wp\/v2\/users\/1"}],"replies":[{"embeddable":true,"href":"https:\/\/nyforetagarcentrum.se\/skaraborg\/wp-json\/wp\/v2\/comments?post=48"}],"version-history":[{"count":10,"href":"https:\/\/nyforetagarcentrum.se\/skaraborg\/wp-json\/wp\/v2\/pages\/48\/revisions"}],"predecessor-version":[{"id":2367,"href":"https:\/\/nyforetagarcentrum.se\/skaraborg\/wp-json\/wp\/v2\/pages\/48\/revisions\/2367"}],"wp:attachment":[{"href":"https:\/\/nyforetagarcentrum.se\/skaraborg\/wp-json\/wp\/v2\/media?parent=48"}],"curies":[{"name":"wp","href":"https:\/\/api.w.org\/{rel}","templated":true}]}}