{"id":169,"date":"2024-02-27T16:06:59","date_gmt":"2024-02-27T15:06:59","guid":{"rendered":"https:\/\/nyforetagarcentrum.se\/skaraborg\/?page_id=169"},"modified":"2025-05-05T21:01:35","modified_gmt":"2025-05-05T19:01:35","slug":"kontakt","status":"publish","type":"page","link":"https:\/\/nyforetagarcentrum.se\/skaraborg\/kontakt\/","title":{"rendered":"Kontakt"},"content":{"rendered":"<section  class=\"nfc-block-breadcrumbs\">\n    <div class=\"wrapper contained\">\n        <ol class=\"breadcrumbs\" itemscope itemtype=\"https:\/\/schema.org\/BreadcrumbList\">\n            <li itemprop=\"itemListElement\" itemscope itemtype=\"https:\/\/schema.org\/ListItem\">\n            \n\n                            <span class=\"current\" itemprop=\"name\">Hem<\/span>\n            \n            <meta itemprop=\"position\" content=\"1\" \/>\n        <\/li>\n    <\/ol>    <\/div>\n<\/section>\n\n\n<div style=\"height:10px\" aria-hidden=\"true\" class=\"wp-block-spacer\"><\/div>\n\n\n\n<div style=\"height:37px\" aria-hidden=\"true\" class=\"wp-block-spacer\"><\/div>\n\n\n<section  class=\"nfc-block-split_screen alignwide image_alignment-left theme-dark\">\n    <div class=\"wrapper\">\n        <div class=\"nfc-block-split_screen__image-wrapper\">\n            <img loading=\"lazy\" decoding=\"async\" width=\"1619\" height=\"1080\" src=\"https:\/\/nyforetagarcentrum.se\/skaraborg\/wp-content\/uploads\/sites\/85\/2024\/06\/lusthusAlla-1619x1080.jpg\" class=\"attachment-landscape size-landscape\" alt=\"\" srcset=\"https:\/\/nyforetagarcentrum.se\/skaraborg\/wp-content\/uploads\/sites\/85\/2024\/06\/lusthusAlla-1619x1080.jpg 1619w, https:\/\/nyforetagarcentrum.se\/skaraborg\/wp-content\/uploads\/sites\/85\/2024\/06\/lusthusAlla-300x200.jpg 300w, https:\/\/nyforetagarcentrum.se\/skaraborg\/wp-content\/uploads\/sites\/85\/2024\/06\/lusthusAlla-1024x683.jpg 1024w, https:\/\/nyforetagarcentrum.se\/skaraborg\/wp-content\/uploads\/sites\/85\/2024\/06\/lusthusAlla-768x512.jpg 768w, https:\/\/nyforetagarcentrum.se\/skaraborg\/wp-content\/uploads\/sites\/85\/2024\/06\/lusthusAlla-1536x1025.jpg 1536w, https:\/\/nyforetagarcentrum.se\/skaraborg\/wp-content\/uploads\/sites\/85\/2024\/06\/lusthusAlla.jpg 2000w\" sizes=\"(max-width: 1619px) 100vw, 1619px\" \/>        <\/div>\n\n        <div class=\"nfc-block-split_screen__content-wrapper\">\n            <h2>Kontakta<\/h2>\n<h2>Nyf\u00f6retagarCentrum Skaraborg<\/h2>\n<p class=\"\" data-start=\"135\" data-end=\"261\">Vill du boka en kostnadsfri r\u00e5dgivning? Kontakta din lokala r\u00e5dgivare \u2013 du hittar kontaktuppgifter under <strong data-start=\"240\" data-end=\"260\">&#8221;V\u00e5ra r\u00e5dgivare&#8221;<\/strong>.<\/p>\n<p class=\"\" data-start=\"263\" data-end=\"398\">Har du fr\u00e5gor eller \u00e4r du intresserad av att bli samarbetspartner? Skicka g\u00e4rna ett mejl till:<br data-start=\"357\" data-end=\"360\" \/><strong data-start=\"363\" data-end=\"398\"><a class=\"cursor-pointer\" rel=\"noopener\" data-start=\"365\" data-end=\"396\">skaraborg@nyforetagarcentrum.se<\/a><\/strong><\/p>\n<p class=\"\" data-start=\"400\" data-end=\"455\">Du kan ocks\u00e5 n\u00e5 oss via telefon:<br data-start=\"432\" data-end=\"435\" \/>\ud83d\udcde <strong data-start=\"438\" data-end=\"455\">0500-45 41 41<\/strong><\/p>\n<p class=\"\" data-start=\"457\" data-end=\"611\">N\u00e4r du bokar r\u00e5dgivning, f\u00e5r du g\u00e4rna ange vilka dagar och tider som passar dig. Vi brukar kunna hitta en gemensam tid inom en vecka \u2013 ofta \u00e4nnu snabbare.<\/p>\n<p class=\"\" data-start=\"613\" data-end=\"633\"><strong data-start=\"613\" data-end=\"633\">Varmt v\u00e4lkommen!<\/strong><\/p>\n<h3>Huvudkontor<\/h3>\n<p>0500-45\u00a0 41 41<br \/>\nskaraborg@nyforetagarcentrum.se<\/p>\n<div class=\"\" data-olk-copy-source=\"MessageBody\">Kyrkogatan 12<\/div>\n<div class=\"\">541 30 Sk\u00f6vde<\/div>\n\n            \n        <\/div>\n    <\/div>\n<\/section>\n\n\n<div style=\"height:100px\" aria-hidden=\"true\" class=\"wp-block-spacer\"><\/div>\n\n\n<script>const member_map_block_6032f5d9090156dec633acf9603881e1 = [{\"id\":\"85-873\",\"lng\":\"13.84374\",\"lat\":\"58.39093\",\"title\":\"Huvudkontor Nyf\\u00f6retagarCentrum Skaraborg\",\"address\":\"Kyrkogatan 12   , 541 30 Sk\\u00f6vde\"},{\"id\":\"85-780\",\"lng\":\"12.778144014090838\",\"lat\":\"58.195504120598414\",\"title\":\"Nyf\\u00f6retagarCentrum Skaraborg (Essunga)\",\"address\":\"Sturegatan 4, 465 82 Essunga\"},{\"id\":\"85-766\",\"lng\":\"14.096618575049733\",\"lat\":\"58.985472906341705\",\"title\":\"Nyf\\u00f6retagarCentrum Skaraborg (Gullsp\\u00e5ng)\",\"address\":\"Torggatan 19, 548 32 Hova\"},{\"id\":\"85-776\",\"lng\":\"13.491356797107168\",\"lat\":\"58.52829965779274\",\"title\":\"Nyf\\u00f6retagarCentrum Skaraborg (G\\u00f6tene)\",\"address\":\"Torggatan 4, 533 80 G\\u00f6tene\"},{\"id\":\"85-768\",\"lng\":\"14.510557593432841\",\"lat\":\"58.53013708443859\",\"title\":\"Nyf\\u00f6retagarCentrum Skaraborg (Karlsborg)\",\"address\":\"Kungsgatan 21, 546 30  Karlsborg\"},{\"id\":\"85-764\",\"lng\":\"13.81995\",\"lat\":\"58.70998\",\"title\":\"Nyf\\u00f6retagarCentrum Skaraborg (Mariestad)\",\"address\":\"Hamngatan 10, 542 30 Mariestad\"},{\"id\":\"85-774\",\"lng\":\"13.43551\",\"lat\":\"58.38951\",\"title\":\"Nyf\\u00f6retagarCentrum Skaraborg (Skara)\",\"address\":\"Gr\\u00e5br\\u00f6dragatan 11, 532 31 Skara\"},{\"id\":\"85-770\",\"lng\":\"14.161628790441991\",\"lat\":\"58.42432486904883\",\"title\":\"Nyf\\u00f6retagarCentrum Skaraborg (Tibro)\",\"address\":\"Ingen fast adress, 543 30 Tibro\"},{\"id\":\"85-367\",\"lng\":\"13.95853355\",\"lat\":\"58.1804825\",\"title\":\"Nyf\\u00f6retagarCentrum Skaraborg (Tidaholm)\",\"address\":\"Torggatan 26 A, 522 31 Tidaholm\"},{\"id\":\"85-870\",\"lng\":\"14.12551\",\"lat\":\"58.70961\",\"title\":\"Nyf\\u00f6retagarCentrum Skaraborg (T\\u00f6reboda)\",\"address\":\"Drottninggatan 4, 545 30 T\\u00f6reboda\"},{\"id\":\"85-778\",\"lng\":\"12.960338058841929\",\"lat\":\"58.26196224811208\",\"title\":\"Nyf\\u00f6retagarCentrum Skaraborg (Vara)\",\"address\":\"Stora torget 8, 534 81 Vara\"}];<\/script>\n\n<!-- Loads the google map api. -->\n<script type=\"text\/javascript\" src=\"\/\/maps.googleapis.com\/maps\/api\/js?key=AIzaSyDGhZjiYRUYd9Gp8cEzhhoiQNx5apfS6jM&#038;sensor=false\"><\/script>\n\n<section  class=\"nfc-block-locations alignwide\">\n\n    <div class=\"search-wrapper\">\n        <input type=\"text\" id=\"search-location\" placeholder=\"S\u00f6k p\u00e5 ort eller adress\">\n    <\/div>\n\n    <div class=\"location-list\">\n\n                    <div class=\"location\" id=\"location-85-873\">\n                <h2 class=\"location-title\">Huvudkontor Nyf\u00f6retagarCentrum Skaraborg<\/h2>\n\n                <div class=\"address-container\">\n                    <p>Kyrkogatan 12   <\/p>\n                    <p>541 30 Sk\u00f6vde<\/p>\n                <\/div>\n\n                                    <a href=\"https:\/\/nyforetagarcentrum.se\/skaraborg\/vara-radgivare\/#R\u00e5dgivare\" class=\"location-link\" target=\"_blank\" rel=\"noopener noreferrer\">https:\/\/nyforetagarcentrum.se\/skaraborg\/vara-radgivare\/#R\u00e5dgivare<\/a>\n                \n            <\/div>\n                    <div class=\"location\" id=\"location-85-780\">\n                <h2 class=\"location-title\">Nyf\u00f6retagarCentrum Skaraborg (Essunga)<\/h2>\n\n                <div class=\"address-container\">\n                    <p>Sturegatan 4<\/p>\n                    <p>465 82 Essunga<\/p>\n                <\/div>\n\n                                    <a href=\"https:\/\/nyforetagarcentrum.se\/skaraborg\/\" class=\"location-link\" target=\"_blank\" rel=\"noopener noreferrer\">https:\/\/nyforetagarcentrum.se\/skaraborg\/<\/a>\n                \n            <\/div>\n                    <div class=\"location\" id=\"location-85-766\">\n                <h2 class=\"location-title\">Nyf\u00f6retagarCentrum Skaraborg (Gullsp\u00e5ng)<\/h2>\n\n                <div class=\"address-container\">\n                    <p>Torggatan 19<\/p>\n                    <p>548 32 Hova<\/p>\n                <\/div>\n\n                                    <a href=\"https:\/\/nyforetagarcentrum.se\/skaraborg\/\" class=\"location-link\" target=\"_blank\" rel=\"noopener noreferrer\">https:\/\/nyforetagarcentrum.se\/skaraborg\/<\/a>\n                \n            <\/div>\n                    <div class=\"location\" id=\"location-85-776\">\n                <h2 class=\"location-title\">Nyf\u00f6retagarCentrum Skaraborg (G\u00f6tene)<\/h2>\n\n                <div class=\"address-container\">\n                    <p>Torggatan 4<\/p>\n                    <p>533 80 G\u00f6tene<\/p>\n                <\/div>\n\n                                    <a href=\"https:\/\/nyforetagarcentrum.se\/skaraborg\/\" class=\"location-link\" target=\"_blank\" rel=\"noopener noreferrer\">https:\/\/nyforetagarcentrum.se\/skaraborg\/<\/a>\n                \n            <\/div>\n                    <div class=\"location\" id=\"location-85-768\">\n                <h2 class=\"location-title\">Nyf\u00f6retagarCentrum Skaraborg (Karlsborg)<\/h2>\n\n                <div class=\"address-container\">\n                    <p>Kungsgatan 21<\/p>\n                    <p>546 30  Karlsborg<\/p>\n                <\/div>\n\n                                    <a href=\"https:\/\/nyforetagarcentrum.se\/skaraborg\/\" class=\"location-link\" target=\"_blank\" rel=\"noopener noreferrer\">https:\/\/nyforetagarcentrum.se\/skaraborg\/<\/a>\n                \n            <\/div>\n                    <div class=\"location\" id=\"location-85-764\">\n                <h2 class=\"location-title\">Nyf\u00f6retagarCentrum Skaraborg (Mariestad)<\/h2>\n\n                <div class=\"address-container\">\n                    <p>Hamngatan 10<\/p>\n                    <p>542 30 Mariestad<\/p>\n                <\/div>\n\n                                    <a href=\"https:\/\/nyforetagarcentrum.se\/skaraborg\/\" class=\"location-link\" target=\"_blank\" rel=\"noopener noreferrer\">https:\/\/nyforetagarcentrum.se\/skaraborg\/<\/a>\n                \n            <\/div>\n                    <div class=\"location\" id=\"location-85-774\">\n                <h2 class=\"location-title\">Nyf\u00f6retagarCentrum Skaraborg (Skara)<\/h2>\n\n                <div class=\"address-container\">\n                    <p>Gr\u00e5br\u00f6dragatan 11<\/p>\n                    <p>532 31 Skara<\/p>\n                <\/div>\n\n                                    <a href=\"https:\/\/nyforetagarcentrum.se\/skaraborg\/\" class=\"location-link\" target=\"_blank\" rel=\"noopener noreferrer\">https:\/\/nyforetagarcentrum.se\/skaraborg\/<\/a>\n                \n            <\/div>\n                    <div class=\"location\" id=\"location-85-770\">\n                <h2 class=\"location-title\">Nyf\u00f6retagarCentrum Skaraborg (Tibro)<\/h2>\n\n                <div class=\"address-container\">\n                    <p>Ingen fast adress<\/p>\n                    <p>543 30 Tibro<\/p>\n                <\/div>\n\n                                    <a href=\"https:\/\/nyforetagarcentrum.se\/skaraborg\/\" class=\"location-link\" target=\"_blank\" rel=\"noopener noreferrer\">https:\/\/nyforetagarcentrum.se\/skaraborg\/<\/a>\n                \n            <\/div>\n                    <div class=\"location\" id=\"location-85-367\">\n                <h2 class=\"location-title\">Nyf\u00f6retagarCentrum Skaraborg (Tidaholm)<\/h2>\n\n                <div class=\"address-container\">\n                    <p>Torggatan 26 A<\/p>\n                    <p>522 31 Tidaholm<\/p>\n                <\/div>\n\n                                    <a href=\"https:\/\/nyforetagarcentrum.se\/skaraborg\/\" class=\"location-link\" target=\"_blank\" rel=\"noopener noreferrer\">https:\/\/nyforetagarcentrum.se\/skaraborg\/<\/a>\n                \n            <\/div>\n                    <div class=\"location\" id=\"location-85-870\">\n                <h2 class=\"location-title\">Nyf\u00f6retagarCentrum Skaraborg (T\u00f6reboda)<\/h2>\n\n                <div class=\"address-container\">\n                    <p>Drottninggatan 4<\/p>\n                    <p>545 30 T\u00f6reboda<\/p>\n                <\/div>\n\n                                    <a href=\"https:\/\/nyforetagarcentrum.se\/skaraborg\/\" class=\"location-link\" target=\"_blank\" rel=\"noopener noreferrer\">https:\/\/nyforetagarcentrum.se\/skaraborg\/<\/a>\n                \n            <\/div>\n                    <div class=\"location\" id=\"location-85-778\">\n                <h2 class=\"location-title\">Nyf\u00f6retagarCentrum Skaraborg (Vara)<\/h2>\n\n                <div class=\"address-container\">\n                    <p>Stora torget 8<\/p>\n                    <p>534 81 Vara<\/p>\n                <\/div>\n\n                                    <a href=\"https:\/\/nyforetagarcentrum.se\/skaraborg\/\" class=\"location-link\" target=\"_blank\" rel=\"noopener noreferrer\">https:\/\/nyforetagarcentrum.se\/skaraborg\/<\/a>\n                \n            <\/div>\n        \n    <\/div>\n    <div class=\"location-map\" id=\"map\">\n        <noscript><p>JavaScript is required to render the Google Map.<\/p><\/noscript>\n    <\/div>\n<\/section>\n\n\n\n<script>\n\n\t\/\/ Initialize and add the map\n\tlet map;\n\n\tasync function initMap() {\n\n        \/\/ Fetch the current position based on the user's IP address.\n        const userLocation = await fetch('https:\/\/ipapi.co\/json\/')\n            .then(response => response.json())\n            .then(data => {\n                return {\n                    lat: data.latitude,\n                    lng: data.longitude\n                };\n            })\n            .catch(error => {\n                console.error('Error:', error);\n            });\n\n\n\n\t\t\/\/ Request needed libraries.\n\t\tconst { Map } = await google.maps.importLibrary(\"maps\");\n\t\tconst { AdvancedMarkerElement } = await google.maps.importLibrary(\"marker\");\n\n\t\t\/\/ The map, centered at Uluru\n\t\tmap = new google.maps.Map(document.getElementById(\"map\"), {\n\t\t\tzoom: 5,\n\t\t\tmapId: \"7883236a355b0892\"\n\t\t});\n\n\n\t\t\/\/ Add the pins\n\t\tconst pins = member_map_block_6032f5d9090156dec633acf9603881e1;\n\t\tconst markers = pins.map(pin => {\n\n\t\t\tconst marker = new AdvancedMarkerElement({\n\t\t\t\tposition: { lat: Number(pin.lat), lng: Number(pin.lng) },\n\t\t\t\tmap,\n\t\t\t\ttitle: pin.title,\n\t\t\t});\n\n\t\t\tmarker.addListener('gmp-click', () => {\n                const el = document.getElementById('location-' + pin.id);\n                if ( ! el ) {\n                    return;\n                }\n\n                el.scrollIntoView({ behavior: 'smooth', block: 'nearest', inline: 'start' })\n                el.classList.add('highlighted');\n                setTimeout(() => el.classList.remove('highlighted'), 1000);\n\t\t\t})\n\n\t\t\treturn {marker, pin};\n\t\t});\n\n\n        const bounds = new google.maps.LatLngBounds();\n        markers.forEach(marker => bounds.extend(marker.marker.position));\n\n\n        \/\/ Center the map on the user location\n        if (userLocation && bounds.contains(userLocation)) {\n            map.setCenter(userLocation);\n            map.setZoom(9);\n        } else {\n            map.fitBounds(bounds);\n        }\n\n        google.maps.event.addListener(map, 'idle', function() {\n            if (markers.some(marker => map.getBounds().contains(marker.marker.position))) {\n            } else {\n                map.setZoom(map.getZoom() - 1);\n            }\n        });\n\n\n\n        const searchInput = document.getElementById('search-location');\n        if (searchInput) {\n            searchInput.addEventListener('input', (e) => {\n                const search = e.target.value.toLowerCase();\n                const locations = document.querySelectorAll('.location');\n                locations.forEach(location => {\n                    const title = location.querySelector('.location-title').textContent.toLowerCase();\n                    const address = location.querySelector('.address-container').textContent.toLowerCase();\n                    if (title.includes(search) || address.includes(search)) {\n                        location.style.display = 'block';\n                    } else {\n                        location.style.display = 'none';\n                    }\n                });\n\n                const bounds = new google.maps.LatLngBounds();\n\n\n                let hasMarker = false;\n                markers.forEach(marker => {\n                    const title = marker.pin.title.toLowerCase();\n                    const address = marker.pin.address.toLowerCase();\n                    if (title.includes(search) || address.includes(search)) {\n                        marker.marker.setMap(map);\n                        bounds.extend(marker.marker.position)\n                        hasMarker = true;\n                    } else {\n                        marker.marker.setMap(null);\n                    }\n                });\n\n                if (!hasMarker) {\n                    map.setCenter({ lat: 62.3908, lng: 16.3252 });\n                    map.setZoom(5);\n                } else {\n                    map.fitBounds(bounds);\n                }\n            });\n        }\n\t}\n\n\tinitMap();\n\n\n<\/script>\n\n\n<div style=\"height:100px\" aria-hidden=\"true\" class=\"wp-block-spacer\"><\/div>\n","protected":false},"excerpt":{"rendered":"","protected":false},"author":1,"featured_media":0,"parent":0,"menu_order":0,"comment_status":"closed","ping_status":"closed","template":"","meta":{"footnotes":""},"acf":[],"yoast_head":"<!-- This site is optimized with the Yoast SEO plugin v22.9 - https:\/\/yoast.com\/wordpress\/plugins\/seo\/ -->\n<title>Kontakt - Skaraborg<\/title>\n<meta name=\"robots\" content=\"index, follow, max-snippet:-1, max-image-preview:large, max-video-preview:-1\" \/>\n<link rel=\"canonical\" href=\"https:\/\/nyforetagarcentrum.se\/skaraborg\/kontakt\/\" \/>\n<meta property=\"og:locale\" content=\"sv_SE\" \/>\n<meta property=\"og:type\" content=\"article\" \/>\n<meta property=\"og:title\" content=\"Kontakt - Skaraborg\" \/>\n<meta property=\"og:url\" content=\"https:\/\/nyforetagarcentrum.se\/skaraborg\/kontakt\/\" \/>\n<meta property=\"og:site_name\" content=\"Skaraborg\" \/>\n<meta property=\"article:modified_time\" content=\"2025-05-05T19:01:35+00:00\" \/>\n<meta name=\"twitter:card\" content=\"summary_large_image\" \/>\n<script type=\"application\/ld+json\" class=\"yoast-schema-graph\">{\"@context\":\"https:\/\/schema.org\",\"@graph\":[{\"@type\":\"WebPage\",\"@id\":\"https:\/\/nyforetagarcentrum.se\/skaraborg\/kontakt\/\",\"url\":\"https:\/\/nyforetagarcentrum.se\/skaraborg\/kontakt\/\",\"name\":\"Kontakt - Skaraborg\",\"isPartOf\":{\"@id\":\"https:\/\/nyforetagarcentrum.se\/skaraborg\/#website\"},\"datePublished\":\"2024-02-27T15:06:59+00:00\",\"dateModified\":\"2025-05-05T19:01:35+00:00\",\"breadcrumb\":{\"@id\":\"https:\/\/nyforetagarcentrum.se\/skaraborg\/kontakt\/#breadcrumb\"},\"inLanguage\":\"sv-SE\",\"potentialAction\":[{\"@type\":\"ReadAction\",\"target\":[\"https:\/\/nyforetagarcentrum.se\/skaraborg\/kontakt\/\"]}]},{\"@type\":\"BreadcrumbList\",\"@id\":\"https:\/\/nyforetagarcentrum.se\/skaraborg\/kontakt\/#breadcrumb\",\"itemListElement\":[{\"@type\":\"ListItem\",\"position\":1,\"name\":\"Hem\",\"item\":\"https:\/\/nyforetagarcentrum.se\/skaraborg\/\"},{\"@type\":\"ListItem\",\"position\":2,\"name\":\"Kontakt\"}]},{\"@type\":\"WebSite\",\"@id\":\"https:\/\/nyforetagarcentrum.se\/skaraborg\/#website\",\"url\":\"https:\/\/nyforetagarcentrum.se\/skaraborg\/\",\"name\":\"Skaraborg\",\"description\":\"Sveriges ledande kraft f\u00f6r fler nya livskraftiga f\u00f6retag\",\"publisher\":{\"@id\":\"https:\/\/nyforetagarcentrum.se\/skaraborg\/#organization\"},\"potentialAction\":[{\"@type\":\"SearchAction\",\"target\":{\"@type\":\"EntryPoint\",\"urlTemplate\":\"https:\/\/nyforetagarcentrum.se\/skaraborg\/?s={search_term_string}\"},\"query-input\":\"required name=search_term_string\"}],\"inLanguage\":\"sv-SE\"},{\"@type\":\"Organization\",\"@id\":\"https:\/\/nyforetagarcentrum.se\/skaraborg\/#organization\",\"name\":\"Skaraborg\",\"url\":\"https:\/\/nyforetagarcentrum.se\/skaraborg\/\",\"logo\":{\"@type\":\"ImageObject\",\"inLanguage\":\"sv-SE\",\"@id\":\"https:\/\/nyforetagarcentrum.se\/skaraborg\/#\/schema\/logo\/image\/\",\"url\":\"https:\/\/nyforetagarcentrum.se\/skaraborg\/wp-content\/uploads\/sites\/85\/2024\/04\/Skaraborg.png\",\"contentUrl\":\"https:\/\/nyforetagarcentrum.se\/skaraborg\/wp-content\/uploads\/sites\/85\/2024\/04\/Skaraborg.png\",\"width\":1082,\"height\":542,\"caption\":\"Skaraborg\"},\"image\":{\"@id\":\"https:\/\/nyforetagarcentrum.se\/skaraborg\/#\/schema\/logo\/image\/\"}}]}<\/script>\n<!-- \/ Yoast SEO plugin. -->","yoast_head_json":{"title":"Kontakt - Skaraborg","robots":{"index":"index","follow":"follow","max-snippet":"max-snippet:-1","max-image-preview":"max-image-preview:large","max-video-preview":"max-video-preview:-1"},"canonical":"https:\/\/nyforetagarcentrum.se\/skaraborg\/kontakt\/","og_locale":"sv_SE","og_type":"article","og_title":"Kontakt - Skaraborg","og_url":"https:\/\/nyforetagarcentrum.se\/skaraborg\/kontakt\/","og_site_name":"Skaraborg","article_modified_time":"2025-05-05T19:01:35+00:00","twitter_card":"summary_large_image","schema":{"@context":"https:\/\/schema.org","@graph":[{"@type":"WebPage","@id":"https:\/\/nyforetagarcentrum.se\/skaraborg\/kontakt\/","url":"https:\/\/nyforetagarcentrum.se\/skaraborg\/kontakt\/","name":"Kontakt - Skaraborg","isPartOf":{"@id":"https:\/\/nyforetagarcentrum.se\/skaraborg\/#website"},"datePublished":"2024-02-27T15:06:59+00:00","dateModified":"2025-05-05T19:01:35+00:00","breadcrumb":{"@id":"https:\/\/nyforetagarcentrum.se\/skaraborg\/kontakt\/#breadcrumb"},"inLanguage":"sv-SE","potentialAction":[{"@type":"ReadAction","target":["https:\/\/nyforetagarcentrum.se\/skaraborg\/kontakt\/"]}]},{"@type":"BreadcrumbList","@id":"https:\/\/nyforetagarcentrum.se\/skaraborg\/kontakt\/#breadcrumb","itemListElement":[{"@type":"ListItem","position":1,"name":"Hem","item":"https:\/\/nyforetagarcentrum.se\/skaraborg\/"},{"@type":"ListItem","position":2,"name":"Kontakt"}]},{"@type":"WebSite","@id":"https:\/\/nyforetagarcentrum.se\/skaraborg\/#website","url":"https:\/\/nyforetagarcentrum.se\/skaraborg\/","name":"Skaraborg","description":"Sveriges ledande kraft f\u00f6r fler nya livskraftiga f\u00f6retag","publisher":{"@id":"https:\/\/nyforetagarcentrum.se\/skaraborg\/#organization"},"potentialAction":[{"@type":"SearchAction","target":{"@type":"EntryPoint","urlTemplate":"https:\/\/nyforetagarcentrum.se\/skaraborg\/?s={search_term_string}"},"query-input":"required name=search_term_string"}],"inLanguage":"sv-SE"},{"@type":"Organization","@id":"https:\/\/nyforetagarcentrum.se\/skaraborg\/#organization","name":"Skaraborg","url":"https:\/\/nyforetagarcentrum.se\/skaraborg\/","logo":{"@type":"ImageObject","inLanguage":"sv-SE","@id":"https:\/\/nyforetagarcentrum.se\/skaraborg\/#\/schema\/logo\/image\/","url":"https:\/\/nyforetagarcentrum.se\/skaraborg\/wp-content\/uploads\/sites\/85\/2024\/04\/Skaraborg.png","contentUrl":"https:\/\/nyforetagarcentrum.se\/skaraborg\/wp-content\/uploads\/sites\/85\/2024\/04\/Skaraborg.png","width":1082,"height":542,"caption":"Skaraborg"},"image":{"@id":"https:\/\/nyforetagarcentrum.se\/skaraborg\/#\/schema\/logo\/image\/"}}]}},"_links":{"self":[{"href":"https:\/\/nyforetagarcentrum.se\/skaraborg\/wp-json\/wp\/v2\/pages\/169"}],"collection":[{"href":"https:\/\/nyforetagarcentrum.se\/skaraborg\/wp-json\/wp\/v2\/pages"}],"about":[{"href":"https:\/\/nyforetagarcentrum.se\/skaraborg\/wp-json\/wp\/v2\/types\/page"}],"author":[{"embeddable":true,"href":"https:\/\/nyforetagarcentrum.se\/skaraborg\/wp-json\/wp\/v2\/users\/1"}],"replies":[{"embeddable":true,"href":"https:\/\/nyforetagarcentrum.se\/skaraborg\/wp-json\/wp\/v2\/comments?post=169"}],"version-history":[{"count":50,"href":"https:\/\/nyforetagarcentrum.se\/skaraborg\/wp-json\/wp\/v2\/pages\/169\/revisions"}],"predecessor-version":[{"id":2174,"href":"https:\/\/nyforetagarcentrum.se\/skaraborg\/wp-json\/wp\/v2\/pages\/169\/revisions\/2174"}],"wp:attachment":[{"href":"https:\/\/nyforetagarcentrum.se\/skaraborg\/wp-json\/wp\/v2\/media?parent=169"}],"curies":[{"name":"wp","href":"https:\/\/api.w.org\/{rel}","templated":true}]}}