{"id":1681,"date":"2024-08-15T22:28:40","date_gmt":"2024-08-15T20:28:40","guid":{"rendered":"https:\/\/nyforetagarcentrum.se\/skaraborg\/?page_id=1681"},"modified":"2026-02-18T22:32:51","modified_gmt":"2026-02-18T21:32:51","slug":"kurser-och-utbildningar","status":"publish","type":"page","link":"https:\/\/nyforetagarcentrum.se\/skaraborg\/kurser-och-utbildningar\/","title":{"rendered":"Kurser och utbildningar"},"content":{"rendered":"\n<div class=\"wp-block-group alignfull has-background is-layout-constrained wp-block-group-is-layout-constrained\" style=\"background-color:#eeeeee\">\n<div style=\"height:75px\" aria-hidden=\"true\" class=\"wp-block-spacer\"><\/div>\n\n\n\n<h2 class=\"wp-block-heading has-text-align-center has-large-font-size\">Kurser f\u00f6r dig som vill starta och driva f\u00f6retag<\/h2>\n\n\n\n<p class=\"has-text-align-center\">V\u00e5ra kurser ger dig en trygg grund att st\u00e5 p\u00e5 \u2013 oavsett om du \u00e4r i startfasen eller redan \u00e4r ig\u00e5ng. L\u00e4r dig grunderna i f\u00f6retagande, bokf\u00f6ring och vad som kr\u00e4vs f\u00f6r att lyckas som egen f\u00f6retagare.<\/p>\n\n\n\n<div style=\"height:38px\" aria-hidden=\"true\" class=\"wp-block-spacer\"><\/div>\n<\/div>\n\n\n<section  class=\"nfc-block-text_cards alignwide show_numbers\">\n    <div class=\"wrapper contained\">\n            <\/div>\n<\/section>\n\n\n<div style=\"height:30px\" aria-hidden=\"true\" class=\"wp-block-spacer\"><\/div>\n\n\n<section  class=\"nfc-block-split_screen alignwide image_alignment-left\">\n    <div class=\"wrapper\">\n        <div class=\"nfc-block-split_screen__image-wrapper\">\n            <img loading=\"lazy\" decoding=\"async\" width=\"651\" height=\"1070\" src=\"https:\/\/nyforetagarcentrum.se\/skaraborg\/wp-content\/uploads\/sites\/85\/2024\/02\/Radgivning-radgivare-nyforetagareLOW-e1746479663922.jpg\" class=\"attachment-landscape size-landscape\" alt=\"\" srcset=\"https:\/\/nyforetagarcentrum.se\/skaraborg\/wp-content\/uploads\/sites\/85\/2024\/02\/Radgivning-radgivare-nyforetagareLOW-e1746479663922.jpg 651w, https:\/\/nyforetagarcentrum.se\/skaraborg\/wp-content\/uploads\/sites\/85\/2024\/02\/Radgivning-radgivare-nyforetagareLOW-e1746479663922-183x300.jpg 183w, https:\/\/nyforetagarcentrum.se\/skaraborg\/wp-content\/uploads\/sites\/85\/2024\/02\/Radgivning-radgivare-nyforetagareLOW-e1746479663922-623x1024.jpg 623w\" sizes=\"(max-width: 651px) 100vw, 651px\" \/>        <\/div>\n\n        <div class=\"nfc-block-split_screen__content-wrapper\">\n            <h1>Bokf\u00f6ringskurs f\u00f6r nyf\u00f6retagare<\/h1>\n<p>Kursen \u00e4r en grundkurs som passar dig som \u00e4r nystartad f\u00f6retagare eller som funderar p\u00e5 att starta eget.<\/p>\n<p>H\u00e4r f\u00e5r du kunskaper som \u00e4r hj\u00e4lpsamma om du vill g\u00f6ra din egen bokf\u00f6ring eller bara f\u00f6rst\u00e5 hur du l\u00e4ser balans och resultatr\u00e4kningen som du f\u00e5r fr\u00e5n bokf\u00f6ringsbyr\u00e5n.<\/p>\n<p><strong>Kursen \u00e4r f\u00f6rdelad p\u00e5 5 tillf\u00e4llen x 3 timmar<\/strong><\/p>\n<ul>\n<li>Hur fungerar bokf\u00f6ring?<\/li>\n<li>Hur \u00e4r kontoplanen upplagd?<\/li>\n<li>Debet och kredit<\/li>\n<li>Moms och Skatter<\/li>\n<li>Hur redovisar jag det l\u00f6pande arbetet under \u00e5ret?<\/li>\n<\/ul>\n<p>G\u00e5r du kursen f\u00e5r du l\u00e4ra dig att kunna sk\u00f6ta din bokf\u00f6ring sj\u00e4lv samt l\u00e4ra dig grunderna i bokf\u00f6ring. Du f\u00e5r ocks\u00e5 tillf\u00e4lle att n\u00e4tverka med andra nystartade f\u00f6retagare.<\/p>\n<p><strong>Kostnad:<\/strong>\u00a0500 kr + moms inkl fika och kursmaterial f\u00f6r fem\u00a0kurstillf\u00e4llen.<\/p>\n<p>Kursen ges regelbundet p\u00e5 olika orter i Skaraborg<\/p>\n<div class=\"nWQGrd zwllIb\">\n<div class=\"bzfPab wFGF8\">\n<div class=\"YEVVod\">\n<div class=\"ulDsOb\">\n<p>SK\u00d6VDE, onsdagar kl 18\u201321, start 18 februari (18, 25 feb, 4, 11, 18 mars)<\/p>\n<p>SK\u00d6VDE, dagtid onsdagar <span data-olk-copy-source=\"MessageBody\">kl 13-16, <\/span><span data-olk-copy-source=\"MessageBody\">start 4 mars\u00a0<\/span>(4,11,18,2 mars o 1 april)<\/p>\n<p>MARIESTAD, m\u00e5ndagar kl 18-21 start 2 mars (2,9,16,23, 30 mars)<\/p>\n<p>LIDK\u00d6PING, tisdagar kl 18-21, start 14 april (14, 21,28 april, 5,12 maj)<\/p>\n<\/div>\n<\/div>\n<\/div>\n<\/div>\n<p><!-- wp:paragraph --><\/p>\n<p><!-- \/wp:paragraph --><\/p>\n\n                            <div class=\"nfc-block-split_screen__buttons\">\n                                            <a href=\"https:\/\/docs.google.com\/forms\/d\/1b5zoF1SklzuiWoSkPpJo7p8bRTOGETbhmvTZtHGPgMk\/edit\" class=\"button primary\">Anm\u00e4l dig h\u00e4r<\/a>\n                                    <\/div>\n            \n        <\/div>\n    <\/div>\n<\/section>\n\n\n<div style=\"height:30px\" aria-hidden=\"true\" class=\"wp-block-spacer\"><\/div>\n\n\n<section  class=\"nfc-block-split_screen alignwide image_alignment-right\">\n    <div class=\"wrapper\">\n        <div class=\"nfc-block-split_screen__image-wrapper\">\n            <img loading=\"lazy\" decoding=\"async\" width=\"849\" height=\"935\" src=\"https:\/\/nyforetagarcentrum.se\/skaraborg\/wp-content\/uploads\/sites\/85\/2024\/02\/featured_menu_image.png\" class=\"attachment-landscape size-landscape\" alt=\"\" srcset=\"https:\/\/nyforetagarcentrum.se\/skaraborg\/wp-content\/uploads\/sites\/85\/2024\/02\/featured_menu_image.png 849w, https:\/\/nyforetagarcentrum.se\/skaraborg\/wp-content\/uploads\/sites\/85\/2024\/02\/featured_menu_image-272x300.png 272w, https:\/\/nyforetagarcentrum.se\/skaraborg\/wp-content\/uploads\/sites\/85\/2024\/02\/featured_menu_image-768x846.png 768w\" sizes=\"(max-width: 849px) 100vw, 849px\" \/>        <\/div>\n\n        <div class=\"nfc-block-split_screen__content-wrapper\">\n            <h1>Starta eget utbildning<\/h1>\n<p>Utbildningen fokuserar p\u00e5 att skapa bra f\u00f6ruts\u00e4ttningar och ge dig kunskaper om de verktyg som beh\u00f6vs i den dagliga verksamheten.<\/p>\n<p>Allt fr\u00e5n marknadsf\u00f6ring och f\u00f6rs\u00e4ljning till ekonomi och juridik.<\/p>\n<p>M\u00e5let \u00e4r att g\u00f6ra dig tryggare och mer framg\u00e5ngsrik under din f\u00f6rsta tid som f\u00f6retagare<\/p>\n<p>F\u00f6rel\u00e4sningarna blandas med ber\u00e4ttelser fr\u00e5n andra nyf\u00f6retagare f\u00f6r att ge dig inspiration och id\u00e9er. Du f\u00e5r n\u00e4tverka med andra kursdeltagare som \u00e4r i liknande situation.<\/p>\n<p><strong>Kurserna \u00e4r f\u00f6rdelade p\u00e5 6 tillf\u00e4llen x 3 timmar.\u00a0<\/strong><\/p>\n<ul>\n<li>Din aff\u00e4rsplan och aff\u00e4rsid\u00e9. Vad g\u00f6r den unik och framg\u00e5ngsrik?<\/li>\n<li>Varum\u00e4rke, profil och kommunikation.<\/li>\n<li>Kundfokus. Vilka \u00e4r dina kunder? Hur hittar du dem och de dig?<\/li>\n<li>S\u00e4ljfokus! Vad \u00e4r det du s\u00e4ljer egentligen? Hur blir du en bra s\u00e4ljare som tj\u00e4nar pengar?<\/li>\n<li>Ekonomi och organisation. F\u00f6rst\u00e5 ekonomiska termer och hur man g\u00f6r en budget. Regler, avtal, f\u00f6rs\u00e4kringar och pension.<\/li>\n<li>N\u00e4r det inte blir som det var t\u00e4nkt. Hur kan jag vara f\u00f6rberedd? Dags f\u00f6r n\u00e4sta steg \u2013 i ditt f\u00f6retag och f\u00f6r dig som f\u00f6retagare. Hur s\u00e4tter du planen fram\u00e5t?<\/li>\n<\/ul>\n<p><strong>Kostnad:<\/strong>\u00a0500 kr + moms inkl fika och kursmaterial f\u00f6r sex kurstillf\u00e4llen<\/p>\n<p>Kursen ges regelbundet p\u00e5 olika orter i Skaraborg<\/p>\n<p><!-- wp:paragraph --><\/p>\n<div class=\"nWQGrd zwllIb\">\n<div class=\"bzfPab wFGF8\">\n<div class=\"YEVVod\">\n<div class=\"ulDsOb\">\n<p>SK\u00d6VDE, m\u00e5ndagar kl 18\u201321, start 16 februari (16, 23 feb, 2, 9,16, 23 mars 2026)<\/p>\n<p>SK\u00d6VDE, dagtid kl 9-12, onsdagar start 18 mars, (18, 25 mars, OBS! 8,15, 22 och 29 april)<\/p>\n<p>LIDK\u00d6PING, tisdagar kl 18-21 start 17 februari ( 17, 24 feb, 3,10,17,24 mars)<\/p>\n<p>MARIESTAD, tisdagar kl 18-21, start 24 februari (INST\u00c4LLD)<\/p>\n<\/div>\n<\/div>\n<\/div>\n<\/div>\n<p><!-- wp:paragraph --><\/p>\n<p><!-- \/wp:paragraph --><\/p>\n\n                            <div class=\"nfc-block-split_screen__buttons\">\n                                            <a href=\"https:\/\/docs.google.com\/forms\/d\/1b5zoF1SklzuiWoSkPpJo7p8bRTOGETbhmvTZtHGPgMk\/edit\" class=\"button primary\">Anm\u00e4l dig h\u00e4r<\/a>\n                                    <\/div>\n            \n        <\/div>\n    <\/div>\n<\/section>\n\n\n<div style=\"height:30px\" aria-hidden=\"true\" class=\"wp-block-spacer\"><\/div>\n","protected":false},"excerpt":{"rendered":"<p>Kurser f\u00f6r dig som vill starta och driva f\u00f6retag V\u00e5ra kurser ger dig en trygg grund att st\u00e5 p\u00e5 \u2013 oavsett om du \u00e4r i startfasen eller redan \u00e4r ig\u00e5ng. L\u00e4r dig grunderna i f\u00f6retagande, bokf\u00f6ring och vad som kr\u00e4vs f\u00f6r att lyckas som egen f\u00f6retagare.<\/p>\n","protected":false},"author":54,"featured_media":0,"parent":0,"menu_order":0,"comment_status":"closed","ping_status":"closed","template":"","meta":{"footnotes":""},"acf":[],"yoast_head":"<!-- This site is optimized with the Yoast SEO plugin v22.9 - https:\/\/yoast.com\/wordpress\/plugins\/seo\/ -->\n<title>Kurser och utbildningar - Skaraborg<\/title>\n<meta name=\"robots\" content=\"index, follow, max-snippet:-1, max-image-preview:large, max-video-preview:-1\" \/>\n<link rel=\"canonical\" href=\"https:\/\/nyforetagarcentrum.se\/skaraborg\/kurser-och-utbildningar\/\" \/>\n<meta property=\"og:locale\" content=\"sv_SE\" \/>\n<meta property=\"og:type\" content=\"article\" \/>\n<meta property=\"og:title\" content=\"Kurser och utbildningar - Skaraborg\" \/>\n<meta property=\"og:description\" content=\"Kurser f\u00f6r dig som vill starta och driva f\u00f6retag V\u00e5ra kurser ger dig en trygg grund att st\u00e5 p\u00e5 \u2013 oavsett om du \u00e4r i startfasen eller redan \u00e4r ig\u00e5ng. L\u00e4r dig grunderna i f\u00f6retagande, bokf\u00f6ring och vad som kr\u00e4vs f\u00f6r att lyckas som egen f\u00f6retagare.\" \/>\n<meta property=\"og:url\" content=\"https:\/\/nyforetagarcentrum.se\/skaraborg\/kurser-och-utbildningar\/\" \/>\n<meta property=\"og:site_name\" content=\"Skaraborg\" \/>\n<meta property=\"article:modified_time\" content=\"2026-02-18T21:32:51+00:00\" \/>\n<meta name=\"twitter:card\" content=\"summary_large_image\" \/>\n<meta name=\"twitter:label1\" content=\"Ber\u00e4knad l\u00e4stid\" \/>\n\t<meta name=\"twitter:data1\" content=\"1 minut\" \/>\n<script type=\"application\/ld+json\" class=\"yoast-schema-graph\">{\"@context\":\"https:\/\/schema.org\",\"@graph\":[{\"@type\":\"WebPage\",\"@id\":\"https:\/\/nyforetagarcentrum.se\/skaraborg\/kurser-och-utbildningar\/\",\"url\":\"https:\/\/nyforetagarcentrum.se\/skaraborg\/kurser-och-utbildningar\/\",\"name\":\"Kurser och utbildningar - Skaraborg\",\"isPartOf\":{\"@id\":\"https:\/\/nyforetagarcentrum.se\/skaraborg\/#website\"},\"datePublished\":\"2024-08-15T20:28:40+00:00\",\"dateModified\":\"2026-02-18T21:32:51+00:00\",\"breadcrumb\":{\"@id\":\"https:\/\/nyforetagarcentrum.se\/skaraborg\/kurser-och-utbildningar\/#breadcrumb\"},\"inLanguage\":\"sv-SE\",\"potentialAction\":[{\"@type\":\"ReadAction\",\"target\":[\"https:\/\/nyforetagarcentrum.se\/skaraborg\/kurser-och-utbildningar\/\"]}]},{\"@type\":\"BreadcrumbList\",\"@id\":\"https:\/\/nyforetagarcentrum.se\/skaraborg\/kurser-och-utbildningar\/#breadcrumb\",\"itemListElement\":[{\"@type\":\"ListItem\",\"position\":1,\"name\":\"Hem\",\"item\":\"https:\/\/nyforetagarcentrum.se\/skaraborg\/\"},{\"@type\":\"ListItem\",\"position\":2,\"name\":\"Kurser och utbildningar\"}]},{\"@type\":\"WebSite\",\"@id\":\"https:\/\/nyforetagarcentrum.se\/skaraborg\/#website\",\"url\":\"https:\/\/nyforetagarcentrum.se\/skaraborg\/\",\"name\":\"Skaraborg\",\"description\":\"Sveriges ledande kraft f\u00f6r fler nya livskraftiga f\u00f6retag\",\"publisher\":{\"@id\":\"https:\/\/nyforetagarcentrum.se\/skaraborg\/#organization\"},\"potentialAction\":[{\"@type\":\"SearchAction\",\"target\":{\"@type\":\"EntryPoint\",\"urlTemplate\":\"https:\/\/nyforetagarcentrum.se\/skaraborg\/?s={search_term_string}\"},\"query-input\":\"required name=search_term_string\"}],\"inLanguage\":\"sv-SE\"},{\"@type\":\"Organization\",\"@id\":\"https:\/\/nyforetagarcentrum.se\/skaraborg\/#organization\",\"name\":\"Skaraborg\",\"url\":\"https:\/\/nyforetagarcentrum.se\/skaraborg\/\",\"logo\":{\"@type\":\"ImageObject\",\"inLanguage\":\"sv-SE\",\"@id\":\"https:\/\/nyforetagarcentrum.se\/skaraborg\/#\/schema\/logo\/image\/\",\"url\":\"https:\/\/nyforetagarcentrum.se\/skaraborg\/wp-content\/uploads\/sites\/85\/2024\/04\/Skaraborg.png\",\"contentUrl\":\"https:\/\/nyforetagarcentrum.se\/skaraborg\/wp-content\/uploads\/sites\/85\/2024\/04\/Skaraborg.png\",\"width\":1082,\"height\":542,\"caption\":\"Skaraborg\"},\"image\":{\"@id\":\"https:\/\/nyforetagarcentrum.se\/skaraborg\/#\/schema\/logo\/image\/\"}}]}<\/script>\n<!-- \/ Yoast SEO plugin. -->","yoast_head_json":{"title":"Kurser och utbildningar - Skaraborg","robots":{"index":"index","follow":"follow","max-snippet":"max-snippet:-1","max-image-preview":"max-image-preview:large","max-video-preview":"max-video-preview:-1"},"canonical":"https:\/\/nyforetagarcentrum.se\/skaraborg\/kurser-och-utbildningar\/","og_locale":"sv_SE","og_type":"article","og_title":"Kurser och utbildningar - Skaraborg","og_description":"Kurser f\u00f6r dig som vill starta och driva f\u00f6retag V\u00e5ra kurser ger dig en trygg grund att st\u00e5 p\u00e5 \u2013 oavsett om du \u00e4r i startfasen eller redan \u00e4r ig\u00e5ng. L\u00e4r dig grunderna i f\u00f6retagande, bokf\u00f6ring och vad som kr\u00e4vs f\u00f6r att lyckas som egen f\u00f6retagare.","og_url":"https:\/\/nyforetagarcentrum.se\/skaraborg\/kurser-och-utbildningar\/","og_site_name":"Skaraborg","article_modified_time":"2026-02-18T21:32:51+00:00","twitter_card":"summary_large_image","twitter_misc":{"Ber\u00e4knad l\u00e4stid":"1 minut"},"schema":{"@context":"https:\/\/schema.org","@graph":[{"@type":"WebPage","@id":"https:\/\/nyforetagarcentrum.se\/skaraborg\/kurser-och-utbildningar\/","url":"https:\/\/nyforetagarcentrum.se\/skaraborg\/kurser-och-utbildningar\/","name":"Kurser och utbildningar - Skaraborg","isPartOf":{"@id":"https:\/\/nyforetagarcentrum.se\/skaraborg\/#website"},"datePublished":"2024-08-15T20:28:40+00:00","dateModified":"2026-02-18T21:32:51+00:00","breadcrumb":{"@id":"https:\/\/nyforetagarcentrum.se\/skaraborg\/kurser-och-utbildningar\/#breadcrumb"},"inLanguage":"sv-SE","potentialAction":[{"@type":"ReadAction","target":["https:\/\/nyforetagarcentrum.se\/skaraborg\/kurser-och-utbildningar\/"]}]},{"@type":"BreadcrumbList","@id":"https:\/\/nyforetagarcentrum.se\/skaraborg\/kurser-och-utbildningar\/#breadcrumb","itemListElement":[{"@type":"ListItem","position":1,"name":"Hem","item":"https:\/\/nyforetagarcentrum.se\/skaraborg\/"},{"@type":"ListItem","position":2,"name":"Kurser och utbildningar"}]},{"@type":"WebSite","@id":"https:\/\/nyforetagarcentrum.se\/skaraborg\/#website","url":"https:\/\/nyforetagarcentrum.se\/skaraborg\/","name":"Skaraborg","description":"Sveriges ledande kraft f\u00f6r fler nya livskraftiga f\u00f6retag","publisher":{"@id":"https:\/\/nyforetagarcentrum.se\/skaraborg\/#organization"},"potentialAction":[{"@type":"SearchAction","target":{"@type":"EntryPoint","urlTemplate":"https:\/\/nyforetagarcentrum.se\/skaraborg\/?s={search_term_string}"},"query-input":"required name=search_term_string"}],"inLanguage":"sv-SE"},{"@type":"Organization","@id":"https:\/\/nyforetagarcentrum.se\/skaraborg\/#organization","name":"Skaraborg","url":"https:\/\/nyforetagarcentrum.se\/skaraborg\/","logo":{"@type":"ImageObject","inLanguage":"sv-SE","@id":"https:\/\/nyforetagarcentrum.se\/skaraborg\/#\/schema\/logo\/image\/","url":"https:\/\/nyforetagarcentrum.se\/skaraborg\/wp-content\/uploads\/sites\/85\/2024\/04\/Skaraborg.png","contentUrl":"https:\/\/nyforetagarcentrum.se\/skaraborg\/wp-content\/uploads\/sites\/85\/2024\/04\/Skaraborg.png","width":1082,"height":542,"caption":"Skaraborg"},"image":{"@id":"https:\/\/nyforetagarcentrum.se\/skaraborg\/#\/schema\/logo\/image\/"}}]}},"_links":{"self":[{"href":"https:\/\/nyforetagarcentrum.se\/skaraborg\/wp-json\/wp\/v2\/pages\/1681"}],"collection":[{"href":"https:\/\/nyforetagarcentrum.se\/skaraborg\/wp-json\/wp\/v2\/pages"}],"about":[{"href":"https:\/\/nyforetagarcentrum.se\/skaraborg\/wp-json\/wp\/v2\/types\/page"}],"author":[{"embeddable":true,"href":"https:\/\/nyforetagarcentrum.se\/skaraborg\/wp-json\/wp\/v2\/users\/54"}],"replies":[{"embeddable":true,"href":"https:\/\/nyforetagarcentrum.se\/skaraborg\/wp-json\/wp\/v2\/comments?post=1681"}],"version-history":[{"count":125,"href":"https:\/\/nyforetagarcentrum.se\/skaraborg\/wp-json\/wp\/v2\/pages\/1681\/revisions"}],"predecessor-version":[{"id":2934,"href":"https:\/\/nyforetagarcentrum.se\/skaraborg\/wp-json\/wp\/v2\/pages\/1681\/revisions\/2934"}],"wp:attachment":[{"href":"https:\/\/nyforetagarcentrum.se\/skaraborg\/wp-json\/wp\/v2\/media?parent=1681"}],"curies":[{"name":"wp","href":"https:\/\/api.w.org\/{rel}","templated":true}]}}