{"id":161,"date":"2024-02-27T16:04:37","date_gmt":"2024-02-27T15:04:37","guid":{"rendered":"https:\/\/nyforetagarcentrum.se\/skaraborg\/?page_id=161"},"modified":"2025-05-06T00:08:00","modified_gmt":"2025-05-05T22:08:00","slug":"om-oss","status":"publish","type":"page","link":"https:\/\/nyforetagarcentrum.se\/skaraborg\/om-oss\/","title":{"rendered":"Om oss"},"content":{"rendered":"<section  class=\"nfc-block-hero alignfull\">\n\n    <img loading=\"lazy\" decoding=\"async\" width=\"714\" height=\"622\" src=\"https:\/\/nyforetagarcentrum.se\/skaraborg\/wp-content\/uploads\/sites\/85\/2024\/02\/ySLeov8m_8.png\" class=\"attachment-landscape size-landscape\" alt=\"\" srcset=\"https:\/\/nyforetagarcentrum.se\/skaraborg\/wp-content\/uploads\/sites\/85\/2024\/02\/ySLeov8m_8.png 714w, https:\/\/nyforetagarcentrum.se\/skaraborg\/wp-content\/uploads\/sites\/85\/2024\/02\/ySLeov8m_8-300x261.png 300w\" sizes=\"(max-width: 714px) 100vw, 714px\" \/>\n    <div class=\"contained\">\n        <h1 class=\"nfc-block-hero__heading\">Om oss<\/h1>\n\n            <\/div>\n<\/section>\n\n\n<div style=\"height:50px\" aria-hidden=\"true\" class=\"wp-block-spacer\"><\/div>\n\n\n<section  class=\"nfc-block-breadcrumbs\">\n    <div class=\"wrapper contained\">\n        <ol class=\"breadcrumbs\" itemscope itemtype=\"https:\/\/schema.org\/BreadcrumbList\">\n            <li itemprop=\"itemListElement\" itemscope itemtype=\"https:\/\/schema.org\/ListItem\">\n            \n\n                            <span class=\"current\" itemprop=\"name\">Hem<\/span>\n            \n            <meta itemprop=\"position\" content=\"1\" \/>\n        <\/li>\n    <\/ol>    <\/div>\n<\/section>\n\n\n<div style=\"height:51px\" aria-hidden=\"true\" class=\"wp-block-spacer\"><\/div>\n\n\n\n<h1 class=\"wp-block-heading has-large-font-size\">Nyf\u00f6retagarCentrum Skaraborg \u2013 r\u00e5dgivning som g\u00f6r skillnad<\/h1>\n\n\n\n<figure class=\"wp-block-image size-full is-resized\"><img loading=\"lazy\" decoding=\"async\" width=\"366\" height=\"158\" src=\"https:\/\/nyforetagarcentrum.se\/skaraborg\/wp-content\/uploads\/sites\/85\/2024\/05\/CertifieratNFC_366x158_skaraborg.jpg\" alt=\"\" class=\"wp-image-561\" style=\"width:147px;height:auto\" srcset=\"https:\/\/nyforetagarcentrum.se\/skaraborg\/wp-content\/uploads\/sites\/85\/2024\/05\/CertifieratNFC_366x158_skaraborg.jpg 366w, https:\/\/nyforetagarcentrum.se\/skaraborg\/wp-content\/uploads\/sites\/85\/2024\/05\/CertifieratNFC_366x158_skaraborg-300x130.jpg 300w\" sizes=\"(max-width: 366px) 100vw, 366px\" \/><\/figure>\n\n\n\n<p><\/p>\n\n\n\n<p><strong>Nyf\u00f6retagarCentrum Skaraborg \u2013 f\u00f6r fler och starkare f\u00f6retag i v\u00e5r region<\/strong><\/p>\n\n\n\n<p>Nyf\u00f6retagarCentrum Skaraborg \u00e4r en&nbsp;<strong>ideell f\u00f6rening<\/strong>&nbsp;som arbetar f\u00f6r att det ska startas&nbsp;<strong>fler och mer livskraftiga f\u00f6retag i Skaraborg<\/strong>.<\/p>\n\n\n\n<p>Genom v\u00e5r&nbsp;<strong>kostnadsfria r\u00e5dgivning och v\u00e5ra utbildningsinsatser<\/strong>&nbsp;f\u00e5r nya f\u00f6retagare b\u00e4ttre f\u00f6ruts\u00e4ttningar att lyckas. Vi vet att f\u00f6retag som f\u00e5r st\u00f6d i b\u00f6rjan har st\u00f6rre chans att \u00f6verleva och v\u00e4xa.<\/p>\n\n\n\n<p>Det som g\u00f6r oss unika \u00e4r att vi erbjuder&nbsp;<strong>oberoende, personlig r\u00e5dgivning<\/strong>, helt utan egna aff\u00e4rsintressen. Vi \u00e4r&nbsp;<strong>ingen myndighet, ingen kommunal verksamhet, ingen framtida leverant\u00f6r eller kund<\/strong>&nbsp;\u2013 v\u00e5rt enda fokus \u00e4r att du som ny f\u00f6retagare ska f\u00e5 r\u00e4tt st\u00f6d.<\/p>\n\n\n\n<p>Vi har flera erfarna r\u00e5dgivare med olika kompetenser,&nbsp;<strong>lokalt placerade p\u00e5 orter runt om i Skaraborg<\/strong>:<br><strong>Sk\u00f6vde, Skara, Mariestad, G\u00f6tene, Gullsp\u00e5ng, T\u00f6reboda, Vara, Essunga, Tibro, Tidaholm och Karlsborg.<\/strong><\/p>\n\n\n\n<p>Bor du i&nbsp;<strong>Lidk\u00f6ping, Falk\u00f6ping eller Hjo<\/strong>? D\u00e5 kontaktar du Nyf\u00f6retagarCentrum p\u00e5 din ort. Vi samarbetar och samverkar \u00f6ver kommungr\u00e4nserna \u2013 allt f\u00f6r att g\u00f6ra det enklare och tryggare f\u00f6r dig att starta eget f\u00f6retag, oavsett var i Skaraborg du bor.<\/p>\n\n\n\n<p>Det \u00e4r v\u00e5ra samarbetspartners fr\u00e5n lokala n\u00e4ringslivet och kommunerna i Skaraborg som finansierar verksamheten och som d\u00e4rmed m\u00f6jligg\u00f6r att r\u00e5dgivningen \u00e4r gratis.&nbsp;<\/p>\n\n\n\n<p><strong>Tillsammans bygger vi ett starkare n\u00e4ringsliv i Skaraborg<\/strong><\/p>\n\n\n\n<p>N\u00e4r fler f\u00f6retag startas gynnas hela regionen. Det skapar&nbsp;<strong>\u00f6kade skatteint\u00e4kter, fler lokala aff\u00e4rer och en starkare framtidstro<\/strong>. D\u00e4rf\u00f6r v\u00e4ljer m\u00e5nga etablerade f\u00f6retag att bli&nbsp;<strong>samarbetspartners till Nyf\u00f6retagarCentrum Skaraborg<\/strong>.<\/p>\n\n\n\n<p>V\u00e5r verksamhet finansieras av\u00a0<strong>det lokala n\u00e4ringslivet och kommunerna i Skaraborg<\/strong>. Det \u00e4r tack vare dem vi kan erbjuda r\u00e5dgivningen helt kostnadsfritt.<\/p>\n\n\n\n<p><strong>Mer \u00e4n r\u00e5dgivning \u2013 vi erbjuder \u00e4ven utbildningar och inspirationsaktiviteter.<\/strong><br><\/p>\n\n\n\n<p><\/p>\n\n\n\n<p><strong>V\u00e4lkommen till Nyf\u00f6retagarCentrum Skaraborg <\/strong><\/p>\n\n\n\n<p><\/p>\n\n\n\n<p><\/p>\n\n\n\n<p><a href=\"https:\/\/nyforetagarcentrum.se\/skaraborg\/vara-radgivare\/\">Din lokala r\u00e5dgivare hittar du under R\u00e5dgivare per  ort.<\/a><\/p>\n\n\n\n<p class=\"has-medium-font-size\"><\/p>\n\n\n\n<div style=\"height:20px\" aria-hidden=\"true\" class=\"wp-block-spacer\"><\/div>\n\n\n\n<h2 class=\"wp-block-heading\"><\/h2>\n\n\n<section  class=\"nfc-block-text_cards alignwide\">\n    <div class=\"wrapper contained\">\n                    <div class=\"text-card\">\n                <div class=\"text-card__content\">\n                    <h3 class=\"heading\" data-number=\"1\">Nyf\u00f6retagarCentrum Skaraborg <\/h3>\n\n                                            <div class=\"description\">har de senaste 10 \u00e5ren  m\u00f6tt ca 3450 adepter som  s\u00f6kt r\u00e5dgivning hos oss , ca 6900 r\u00e5dgivningar  och detta har lett till att enligt v\u00e5r statistik fr\u00e5n JobsData har det startats ca 2290 nya f\u00f6retag i Nyf\u00f6retagarCentrum Skaraborgs verksamhetsomr\u00e5de.  920 Enskilda Firmor, 1236 AB och 136 HB.<\/div>\n                    \n                    \n                <\/div>\n            <\/div>\n                    <div class=\"text-card\">\n                <div class=\"text-card__content\">\n                    <h3 class=\"heading\" data-number=\"2\">Vi str\u00e4var efter att alla ska f\u00e5 den hj\u00e4lp man beh\u00f6ver<\/h3>\n\n                                            <div class=\"description\">Vi m\u00f6ter varje \u00e5r m\u00e5nga m\u00e4nniskor med id\u00e9er och drivkraft att starta eget. V\u00e5rt m\u00e5l \u00e4r att alla som vill ska f\u00e5 m\u00f6jlighet att starta f\u00f6retag \u2013 med st\u00f6d som utg\u00e5r fr\u00e5n varje persons unika f\u00f6ruts\u00e4ttningar.<br \/>\r\n<br \/>\r\nHos oss \u00e4r 50 % av dem som s\u00f6ker r\u00e5dgivning kvinnor, vilket \u00e4r gl\u00e4djande d\u00e5 fler m\u00e4n traditionellt startar f\u00f6retag. Vi arbetar aktivt f\u00f6r att fr\u00e4mja entrepren\u00f6rskap f\u00f6r alla \u2013 oavsett k\u00f6n, bakgrund eller erfarenhet.<br \/>\r\n<br \/>\r\nVi erbjuder lokal, personlig r\u00e5dgivning och kompletterar med utbildningar och kurser som st\u00e4rker dig i din f\u00f6retagsresa. <\/div>\n                    \n                    \n                <\/div>\n            <\/div>\n                    <div class=\"text-card\">\n                <div class=\"text-card__content\">\n                    <h3 class=\"heading\" data-number=\"3\">Vill du vara med och st\u00f6tta framtidens f\u00f6retagare? <\/h3>\n\n                                            <div class=\"description\">Allt fler s\u00f6ker sig till oss f\u00f6r att f\u00e5 st\u00f6d p\u00e5 v\u00e4gen mot eget f\u00f6retagande \u2013 och det \u00e4r vi glada f\u00f6r. Men f\u00f6r att kunna m\u00f6ta det v\u00e4xande behovet beh\u00f6ver vi bli fler som hj\u00e4lps \u00e5t.<br \/>\r\n<br \/>\r\nD\u00e4rf\u00f6r s\u00f6ker vi fler samarbetspartners \u2013 etablerade f\u00f6retag som vill bidra till att nya f\u00f6retag f\u00e5r en bra start.<br \/>\r\n<br \/>\r\nEtt brett och engagerat n\u00e4tverk av f\u00f6retagare skapar ett starkare nyf\u00f6retagarklimat, ett mer attraktivt Skaraborg och en framtid fylld av m\u00f6jligheter, utveckling och entrepren\u00f6rsanda.<br \/>\r\n<br \/>\r\nV\u00e4lkommen att kontakta oss f\u00f6r samarbete .<\/div>\n                    \n                    \n                <\/div>\n            <\/div>\n                    <div class=\"text-card\">\n                <div class=\"text-card__content\">\n                    <h3 class=\"heading\" data-number=\"4\"><\/h3>\n\n                    \n                    \n                <\/div>\n            <\/div>\n            <\/div>\n<\/section>\n\n\n<div style=\"height:50px\" aria-hidden=\"true\" class=\"wp-block-spacer\"><\/div>\n\n\n\n<div class=\"wp-block-group alignfull has-white-background-color has-background is-layout-constrained wp-block-group-is-layout-constrained\">\n<div style=\"height:51px\" aria-hidden=\"true\" class=\"wp-block-spacer\"><\/div>\n\n\n\n<div style=\"height:51px\" aria-hidden=\"true\" class=\"wp-block-spacer\"><\/div>\n\n\n\n<div class=\"wp-block-columns alignwide is-layout-flex wp-container-core-columns-is-layout-1 wp-block-columns-is-layout-flex\">\n<div class=\"wp-block-column is-layout-flow wp-block-column-is-layout-flow\">\n<p class=\"no-margin\" style=\"font-size:100px;font-style:normal;font-weight:700\">82%<\/p>\n\n\n\n<p class=\"has-text-color has-link-color wp-elements-0df91bcb8ef108e60b0ad2c8cd80bc03\" style=\"color:#4d4d4d\">Av de f\u00f6retag vi hj\u00e4lper s\u00e5 \u00e4r runt 82% kvar efter 3 \u00e5r<\/p>\n<\/div>\n\n\n\n<div class=\"wp-block-column is-layout-flow wp-block-column-is-layout-flow\">\n<p class=\"no-margin\" style=\"font-size:100px;font-style:normal;font-weight:700\">396<\/p>\n\n\n\n<p class=\"has-text-color has-link-color wp-elements-0d6c2c16d6b8148e4e7a9b62cb9b537e\" style=\"color:#4d4d4d\">F\u00f6rra \u00e5ret hj\u00e4lpte vi 396 st nyf\u00f6retagare med personlig r\u00e5dgivning, n\u00e4rmare 800 r\u00e5dgivningar.<\/p>\n<\/div>\n\n\n\n<div class=\"wp-block-column is-layout-flow wp-block-column-is-layout-flow\">\n<p class=\"no-margin\" style=\"font-size:100px;font-style:normal;font-weight:700\">205<\/p>\n\n\n\n<p class=\"has-text-color has-link-color wp-elements-0aee89c9802c94ef7a9c9c3b4724495e\" style=\"color:#4d4d4d\">av dem startade 205 stycken f\u00f6retag<\/p>\n<\/div>\n<\/div>\n\n\n<section  class=\"nfc-block-split_screen alignwide image_alignment-right\">\n    <div class=\"wrapper\">\n        <div class=\"nfc-block-split_screen__image-wrapper\">\n            <img loading=\"lazy\" decoding=\"async\" width=\"1475\" height=\"1080\" src=\"https:\/\/nyforetagarcentrum.se\/skaraborg\/wp-content\/uploads\/sites\/85\/2024\/02\/Nyforetagare-natverk-grupp-LOW.jpg\" class=\"attachment-landscape size-landscape\" alt=\"\" srcset=\"https:\/\/nyforetagarcentrum.se\/skaraborg\/wp-content\/uploads\/sites\/85\/2024\/02\/Nyforetagare-natverk-grupp-LOW.jpg 1476w, https:\/\/nyforetagarcentrum.se\/skaraborg\/wp-content\/uploads\/sites\/85\/2024\/02\/Nyforetagare-natverk-grupp-LOW-300x220.jpg 300w, https:\/\/nyforetagarcentrum.se\/skaraborg\/wp-content\/uploads\/sites\/85\/2024\/02\/Nyforetagare-natverk-grupp-LOW-1024x750.jpg 1024w, https:\/\/nyforetagarcentrum.se\/skaraborg\/wp-content\/uploads\/sites\/85\/2024\/02\/Nyforetagare-natverk-grupp-LOW-768x562.jpg 768w\" sizes=\"(max-width: 1475px) 100vw, 1475px\" \/>        <\/div>\n\n        <div class=\"nfc-block-split_screen__content-wrapper\">\n            <h1 class=\"hyphenate\">R\u00e5dgivning<\/h1>\n<p>R\u00e5dgivningen p\u00e5 Nyf\u00f6retagarCentrum \u00e4r\u00a0<em>kostnadsfri, objektiv\u00a0och konfidentiell.<\/em>\u00a0Det kan bli ett eller flera tillf\u00e4llen, det beror p\u00e5 dina behov.<\/p>\n<p>R\u00e5dgivningarna fokuserar p\u00e5 dig som f\u00f6retagare och din aff\u00e4rsid\u00e9. H\u00e5ller id\u00e9n eller beh\u00f6ver den utvecklas? Dessutom handlar det om budget, marknadsf\u00f6ring och om dina styrkor och utmaningar som blivande f\u00f6retagare. Vi tipsar dig ocks\u00e5 om var du kan f\u00e5 mer hj\u00e4lp i v\u00e5rt n\u00e4tverk! All r\u00e5dgivning m\u00e5ste bokas i f\u00f6rv\u00e4g.<\/p>\n<p>Till hj\u00e4lp har du v\u00e5r interaktiva <a href=\"https:\/\/affarsplanen.com\/\">aff\u00e4rsplan<\/a>\u00a0Det \u00e4r kostnadsfritt att jobba med den.<\/p>\n<h3 class=\"hyphenate\">Informationstr\u00e4ffar och andra aktiviteter<\/h3>\n<p>Beh\u00f6ver du mer allm\u00e4nna r\u00e5d \u2013 en f\u00f6rsta inspiration? Boka in dig p\u00e5 en informationstr\u00e4ff eller n\u00e5gon av v\u00e5ra andra aktiviteter\u00a0d\u00e4r vi ger mer allm\u00e4nna r\u00e5d i grupp. Oftast har vi med oss n\u00e5gon av v\u00e5ra samarbetspartners och\/eller n\u00e5gon som nyss har startat eget som delar med sig av sin kunskap. Ett utm\u00e4rkt inspirationstillf\u00e4lle!<\/p>\n\n            \n        <\/div>\n    <\/div>\n<\/section>\n\n\n<div style=\"height:51px\" aria-hidden=\"true\" class=\"wp-block-spacer\"><\/div>\n\n\n\n<div style=\"height:51px\" aria-hidden=\"true\" class=\"wp-block-spacer\"><\/div>\n<\/div>\n\n\n\n<div style=\"height:50px\" aria-hidden=\"true\" class=\"wp-block-spacer\"><\/div>\n\n\n\n<h2 class=\"wp-block-heading has-text-align-center\">\u00c4r ditt f\u00f6retag eller organisation intresserad av att st\u00f6da Nyf\u00f6retagarCentrum Skaraborgs arbete?<\/h2>\n\n\n\n<div class=\"wp-block-group alignfull is-layout-constrained wp-block-group-is-layout-constrained\"><section  class=\"nfc-block-form aligncontent layout-small\">\n    <div class=\"contained\">\n\n        <form data-nfc-form=\"block_1d0715c7b4eb17d92af5336d7b29ad40\" data-nfc-page=\"161\">\n            <label class=\"input-wrapper\" for=\"namn\">\n    <span>Namn<\/span>\n    <input type=\"text\" name=\"namn\" id=\"namn\" placeholder=\"\" >\n<\/label><label class=\"input-wrapper\" for=\"foretag-eller-organisation\">\n    <span>F\u00f6retag eller organisation<\/span>\n    <input type=\"text\" name=\"foretag-eller-organisation\" id=\"foretag-eller-organisation\" placeholder=\"\" >\n<\/label><label class=\"input-wrapper\" for=\"e-post\">\n    <span>E-post<\/span>\n    <input type=\"text\" name=\"e-post\" id=\"e-post\" placeholder=\"\" >\n<\/label>\n            <div class=\"input-wrapper\">\n                <button type=\"submit\" class=\"button\">Skicka<\/button>\n            <\/div>\n        <\/form>\n    <\/div>\n<\/section><\/div>\n\n\n\n<div style=\"height:100px\" aria-hidden=\"true\" class=\"wp-block-spacer\"><\/div>\n","protected":false},"excerpt":{"rendered":"<p>Nyf\u00f6retagarCentrum Skaraborg \u2013 r\u00e5dgivning som g\u00f6r skillnad Nyf\u00f6retagarCentrum Skaraborg \u2013 f\u00f6r fler och starkare f\u00f6retag i v\u00e5r region Nyf\u00f6retagarCentrum Skaraborg \u00e4r en&nbsp;ideell f\u00f6rening&nbsp;som arbetar f\u00f6r att det ska startas&nbsp;fler och mer livskraftiga f\u00f6retag i Skaraborg. Genom v\u00e5r&nbsp;kostnadsfria r\u00e5dgivning och v\u00e5ra utbildningsinsatser&nbsp;f\u00e5r nya f\u00f6retagare b\u00e4ttre f\u00f6ruts\u00e4ttningar att lyckas. Vi vet att f\u00f6retag som f\u00e5r st\u00f6d i [&hellip;]<\/p>\n","protected":false},"author":1,"featured_media":0,"parent":0,"menu_order":0,"comment_status":"closed","ping_status":"closed","template":"","meta":{"footnotes":""},"acf":[],"yoast_head":"<!-- This site is optimized with the Yoast SEO plugin v22.9 - https:\/\/yoast.com\/wordpress\/plugins\/seo\/ -->\n<title>Om oss - Skaraborg<\/title>\n<meta name=\"robots\" content=\"index, follow, max-snippet:-1, max-image-preview:large, max-video-preview:-1\" \/>\n<link rel=\"canonical\" href=\"https:\/\/nyforetagarcentrum.se\/skaraborg\/om-oss\/\" \/>\n<meta property=\"og:locale\" content=\"sv_SE\" \/>\n<meta property=\"og:type\" content=\"article\" \/>\n<meta property=\"og:title\" content=\"Om oss - Skaraborg\" \/>\n<meta property=\"og:description\" content=\"Nyf\u00f6retagarCentrum Skaraborg \u2013 r\u00e5dgivning som g\u00f6r skillnad Nyf\u00f6retagarCentrum Skaraborg \u2013 f\u00f6r fler och starkare f\u00f6retag i v\u00e5r region Nyf\u00f6retagarCentrum Skaraborg \u00e4r en&nbsp;ideell f\u00f6rening&nbsp;som arbetar f\u00f6r att det ska startas&nbsp;fler och mer livskraftiga f\u00f6retag i Skaraborg. Genom v\u00e5r&nbsp;kostnadsfria r\u00e5dgivning och v\u00e5ra utbildningsinsatser&nbsp;f\u00e5r nya f\u00f6retagare b\u00e4ttre f\u00f6ruts\u00e4ttningar att lyckas. Vi vet att f\u00f6retag som f\u00e5r st\u00f6d i [&hellip;]\" \/>\n<meta property=\"og:url\" content=\"https:\/\/nyforetagarcentrum.se\/skaraborg\/om-oss\/\" \/>\n<meta property=\"og:site_name\" content=\"Skaraborg\" \/>\n<meta property=\"article:modified_time\" content=\"2025-05-05T22:08:00+00:00\" \/>\n<meta property=\"og:image\" content=\"https:\/\/nyforetagarcentrum.se\/skaraborg\/wp-content\/uploads\/sites\/85\/2024\/05\/CertifieratNFC_366x158_skaraborg.jpg\" \/>\n<meta name=\"twitter:card\" content=\"summary_large_image\" \/>\n<meta name=\"twitter:label1\" content=\"Ber\u00e4knad l\u00e4stid\" \/>\n\t<meta name=\"twitter:data1\" content=\"2 minuter\" \/>\n<script type=\"application\/ld+json\" class=\"yoast-schema-graph\">{\"@context\":\"https:\/\/schema.org\",\"@graph\":[{\"@type\":\"WebPage\",\"@id\":\"https:\/\/nyforetagarcentrum.se\/skaraborg\/om-oss\/\",\"url\":\"https:\/\/nyforetagarcentrum.se\/skaraborg\/om-oss\/\",\"name\":\"Om oss - Skaraborg\",\"isPartOf\":{\"@id\":\"https:\/\/nyforetagarcentrum.se\/skaraborg\/#website\"},\"primaryImageOfPage\":{\"@id\":\"https:\/\/nyforetagarcentrum.se\/skaraborg\/om-oss\/#primaryimage\"},\"image\":{\"@id\":\"https:\/\/nyforetagarcentrum.se\/skaraborg\/om-oss\/#primaryimage\"},\"thumbnailUrl\":\"https:\/\/nyforetagarcentrum.se\/skaraborg\/wp-content\/uploads\/sites\/85\/2024\/05\/CertifieratNFC_366x158_skaraborg.jpg\",\"datePublished\":\"2024-02-27T15:04:37+00:00\",\"dateModified\":\"2025-05-05T22:08:00+00:00\",\"breadcrumb\":{\"@id\":\"https:\/\/nyforetagarcentrum.se\/skaraborg\/om-oss\/#breadcrumb\"},\"inLanguage\":\"sv-SE\",\"potentialAction\":[{\"@type\":\"ReadAction\",\"target\":[\"https:\/\/nyforetagarcentrum.se\/skaraborg\/om-oss\/\"]}]},{\"@type\":\"ImageObject\",\"inLanguage\":\"sv-SE\",\"@id\":\"https:\/\/nyforetagarcentrum.se\/skaraborg\/om-oss\/#primaryimage\",\"url\":\"https:\/\/nyforetagarcentrum.se\/skaraborg\/wp-content\/uploads\/sites\/85\/2024\/05\/CertifieratNFC_366x158_skaraborg.jpg\",\"contentUrl\":\"https:\/\/nyforetagarcentrum.se\/skaraborg\/wp-content\/uploads\/sites\/85\/2024\/05\/CertifieratNFC_366x158_skaraborg.jpg\",\"width\":366,\"height\":158},{\"@type\":\"BreadcrumbList\",\"@id\":\"https:\/\/nyforetagarcentrum.se\/skaraborg\/om-oss\/#breadcrumb\",\"itemListElement\":[{\"@type\":\"ListItem\",\"position\":1,\"name\":\"Hem\",\"item\":\"https:\/\/nyforetagarcentrum.se\/skaraborg\/\"},{\"@type\":\"ListItem\",\"position\":2,\"name\":\"Om oss\"}]},{\"@type\":\"WebSite\",\"@id\":\"https:\/\/nyforetagarcentrum.se\/skaraborg\/#website\",\"url\":\"https:\/\/nyforetagarcentrum.se\/skaraborg\/\",\"name\":\"Skaraborg\",\"description\":\"Sveriges ledande kraft f\u00f6r fler nya livskraftiga f\u00f6retag\",\"publisher\":{\"@id\":\"https:\/\/nyforetagarcentrum.se\/skaraborg\/#organization\"},\"potentialAction\":[{\"@type\":\"SearchAction\",\"target\":{\"@type\":\"EntryPoint\",\"urlTemplate\":\"https:\/\/nyforetagarcentrum.se\/skaraborg\/?s={search_term_string}\"},\"query-input\":\"required name=search_term_string\"}],\"inLanguage\":\"sv-SE\"},{\"@type\":\"Organization\",\"@id\":\"https:\/\/nyforetagarcentrum.se\/skaraborg\/#organization\",\"name\":\"Skaraborg\",\"url\":\"https:\/\/nyforetagarcentrum.se\/skaraborg\/\",\"logo\":{\"@type\":\"ImageObject\",\"inLanguage\":\"sv-SE\",\"@id\":\"https:\/\/nyforetagarcentrum.se\/skaraborg\/#\/schema\/logo\/image\/\",\"url\":\"https:\/\/nyforetagarcentrum.se\/skaraborg\/wp-content\/uploads\/sites\/85\/2024\/04\/Skaraborg.png\",\"contentUrl\":\"https:\/\/nyforetagarcentrum.se\/skaraborg\/wp-content\/uploads\/sites\/85\/2024\/04\/Skaraborg.png\",\"width\":1082,\"height\":542,\"caption\":\"Skaraborg\"},\"image\":{\"@id\":\"https:\/\/nyforetagarcentrum.se\/skaraborg\/#\/schema\/logo\/image\/\"}}]}<\/script>\n<!-- \/ Yoast SEO plugin. -->","yoast_head_json":{"title":"Om oss - Skaraborg","robots":{"index":"index","follow":"follow","max-snippet":"max-snippet:-1","max-image-preview":"max-image-preview:large","max-video-preview":"max-video-preview:-1"},"canonical":"https:\/\/nyforetagarcentrum.se\/skaraborg\/om-oss\/","og_locale":"sv_SE","og_type":"article","og_title":"Om oss - Skaraborg","og_description":"Nyf\u00f6retagarCentrum Skaraborg \u2013 r\u00e5dgivning som g\u00f6r skillnad Nyf\u00f6retagarCentrum Skaraborg \u2013 f\u00f6r fler och starkare f\u00f6retag i v\u00e5r region Nyf\u00f6retagarCentrum Skaraborg \u00e4r en&nbsp;ideell f\u00f6rening&nbsp;som arbetar f\u00f6r att det ska startas&nbsp;fler och mer livskraftiga f\u00f6retag i Skaraborg. Genom v\u00e5r&nbsp;kostnadsfria r\u00e5dgivning och v\u00e5ra utbildningsinsatser&nbsp;f\u00e5r nya f\u00f6retagare b\u00e4ttre f\u00f6ruts\u00e4ttningar att lyckas. Vi vet att f\u00f6retag som f\u00e5r st\u00f6d i [&hellip;]","og_url":"https:\/\/nyforetagarcentrum.se\/skaraborg\/om-oss\/","og_site_name":"Skaraborg","article_modified_time":"2025-05-05T22:08:00+00:00","og_image":[{"url":"https:\/\/nyforetagarcentrum.se\/skaraborg\/wp-content\/uploads\/sites\/85\/2024\/05\/CertifieratNFC_366x158_skaraborg.jpg"}],"twitter_card":"summary_large_image","twitter_misc":{"Ber\u00e4knad l\u00e4stid":"2 minuter"},"schema":{"@context":"https:\/\/schema.org","@graph":[{"@type":"WebPage","@id":"https:\/\/nyforetagarcentrum.se\/skaraborg\/om-oss\/","url":"https:\/\/nyforetagarcentrum.se\/skaraborg\/om-oss\/","name":"Om oss - Skaraborg","isPartOf":{"@id":"https:\/\/nyforetagarcentrum.se\/skaraborg\/#website"},"primaryImageOfPage":{"@id":"https:\/\/nyforetagarcentrum.se\/skaraborg\/om-oss\/#primaryimage"},"image":{"@id":"https:\/\/nyforetagarcentrum.se\/skaraborg\/om-oss\/#primaryimage"},"thumbnailUrl":"https:\/\/nyforetagarcentrum.se\/skaraborg\/wp-content\/uploads\/sites\/85\/2024\/05\/CertifieratNFC_366x158_skaraborg.jpg","datePublished":"2024-02-27T15:04:37+00:00","dateModified":"2025-05-05T22:08:00+00:00","breadcrumb":{"@id":"https:\/\/nyforetagarcentrum.se\/skaraborg\/om-oss\/#breadcrumb"},"inLanguage":"sv-SE","potentialAction":[{"@type":"ReadAction","target":["https:\/\/nyforetagarcentrum.se\/skaraborg\/om-oss\/"]}]},{"@type":"ImageObject","inLanguage":"sv-SE","@id":"https:\/\/nyforetagarcentrum.se\/skaraborg\/om-oss\/#primaryimage","url":"https:\/\/nyforetagarcentrum.se\/skaraborg\/wp-content\/uploads\/sites\/85\/2024\/05\/CertifieratNFC_366x158_skaraborg.jpg","contentUrl":"https:\/\/nyforetagarcentrum.se\/skaraborg\/wp-content\/uploads\/sites\/85\/2024\/05\/CertifieratNFC_366x158_skaraborg.jpg","width":366,"height":158},{"@type":"BreadcrumbList","@id":"https:\/\/nyforetagarcentrum.se\/skaraborg\/om-oss\/#breadcrumb","itemListElement":[{"@type":"ListItem","position":1,"name":"Hem","item":"https:\/\/nyforetagarcentrum.se\/skaraborg\/"},{"@type":"ListItem","position":2,"name":"Om oss"}]},{"@type":"WebSite","@id":"https:\/\/nyforetagarcentrum.se\/skaraborg\/#website","url":"https:\/\/nyforetagarcentrum.se\/skaraborg\/","name":"Skaraborg","description":"Sveriges ledande kraft f\u00f6r fler nya livskraftiga f\u00f6retag","publisher":{"@id":"https:\/\/nyforetagarcentrum.se\/skaraborg\/#organization"},"potentialAction":[{"@type":"SearchAction","target":{"@type":"EntryPoint","urlTemplate":"https:\/\/nyforetagarcentrum.se\/skaraborg\/?s={search_term_string}"},"query-input":"required name=search_term_string"}],"inLanguage":"sv-SE"},{"@type":"Organization","@id":"https:\/\/nyforetagarcentrum.se\/skaraborg\/#organization","name":"Skaraborg","url":"https:\/\/nyforetagarcentrum.se\/skaraborg\/","logo":{"@type":"ImageObject","inLanguage":"sv-SE","@id":"https:\/\/nyforetagarcentrum.se\/skaraborg\/#\/schema\/logo\/image\/","url":"https:\/\/nyforetagarcentrum.se\/skaraborg\/wp-content\/uploads\/sites\/85\/2024\/04\/Skaraborg.png","contentUrl":"https:\/\/nyforetagarcentrum.se\/skaraborg\/wp-content\/uploads\/sites\/85\/2024\/04\/Skaraborg.png","width":1082,"height":542,"caption":"Skaraborg"},"image":{"@id":"https:\/\/nyforetagarcentrum.se\/skaraborg\/#\/schema\/logo\/image\/"}}]}},"_links":{"self":[{"href":"https:\/\/nyforetagarcentrum.se\/skaraborg\/wp-json\/wp\/v2\/pages\/161"}],"collection":[{"href":"https:\/\/nyforetagarcentrum.se\/skaraborg\/wp-json\/wp\/v2\/pages"}],"about":[{"href":"https:\/\/nyforetagarcentrum.se\/skaraborg\/wp-json\/wp\/v2\/types\/page"}],"author":[{"embeddable":true,"href":"https:\/\/nyforetagarcentrum.se\/skaraborg\/wp-json\/wp\/v2\/users\/1"}],"replies":[{"embeddable":true,"href":"https:\/\/nyforetagarcentrum.se\/skaraborg\/wp-json\/wp\/v2\/comments?post=161"}],"version-history":[{"count":60,"href":"https:\/\/nyforetagarcentrum.se\/skaraborg\/wp-json\/wp\/v2\/pages\/161\/revisions"}],"predecessor-version":[{"id":2239,"href":"https:\/\/nyforetagarcentrum.se\/skaraborg\/wp-json\/wp\/v2\/pages\/161\/revisions\/2239"}],"wp:attachment":[{"href":"https:\/\/nyforetagarcentrum.se\/skaraborg\/wp-json\/wp\/v2\/media?parent=161"}],"curies":[{"name":"wp","href":"https:\/\/api.w.org\/{rel}","templated":true}]}}