{"id":2194,"date":"2024-06-18T09:28:29","date_gmt":"2024-06-18T07:28:29","guid":{"rendered":"https:\/\/nyforetagarcentrum.se\/skanenordvast\/?page_id=2194"},"modified":"2025-03-04T12:58:46","modified_gmt":"2025-03-04T11:58:46","slug":"var-ledning","status":"publish","type":"page","link":"https:\/\/nyforetagarcentrum.se\/skanenordvast\/var-ledning\/","title":{"rendered":"V\u00e5r ledning"},"content":{"rendered":"<section  class=\"nfc-block-split_screen alignwide image_alignment-left\">\n    <div class=\"wrapper\">\n        <div class=\"nfc-block-split_screen__image-wrapper\">\n            <img loading=\"lazy\" decoding=\"async\" width=\"1512\" height=\"769\" src=\"https:\/\/nyforetagarcentrum.se\/skanenordvast\/wp-content\/uploads\/sites\/71\/2024\/02\/topp-banner-1.png\" class=\"attachment-landscape size-landscape\" alt=\"\" srcset=\"https:\/\/nyforetagarcentrum.se\/skanenordvast\/wp-content\/uploads\/sites\/71\/2024\/02\/topp-banner-1.png 1512w, https:\/\/nyforetagarcentrum.se\/skanenordvast\/wp-content\/uploads\/sites\/71\/2024\/02\/topp-banner-1-300x153.png 300w, https:\/\/nyforetagarcentrum.se\/skanenordvast\/wp-content\/uploads\/sites\/71\/2024\/02\/topp-banner-1-1024x521.png 1024w, https:\/\/nyforetagarcentrum.se\/skanenordvast\/wp-content\/uploads\/sites\/71\/2024\/02\/topp-banner-1-768x391.png 768w\" sizes=\"(max-width: 1512px) 100vw, 1512px\" \/>        <\/div>\n\n        <div class=\"nfc-block-split_screen__content-wrapper\">\n            <h1>Ledning och kommunikation<\/h1>\n<p>Alla v\u00e5ra medarbetare \u00e4r sj\u00e4lva egna f\u00f6retagare, med erfarenhet av vad det inneb\u00e4r att starta f\u00f6retag fr\u00e5n grunden. En viktig uppgift f\u00f6r ledning och kommunikation \u00e4r att bygga ett starkt lokalt n\u00e4tverk med kommuner och n\u00e4ringsliv som \u00e4r v\u00e4rdefulla m\u00f6jligg\u00f6rare f\u00f6r Nyf\u00f6retagarCentrum Sk\u00e5ne Nordv\u00e4sts arbete med att ge kostnadsfritt st\u00f6d till blivande och nyblivna f\u00f6retagare.<\/p>\n\n            \n        <\/div>\n    <\/div>\n<\/section>\n\n\n<div style=\"height:49px\" aria-hidden=\"true\" class=\"wp-block-spacer\"><\/div>\n\n\n<section  class=\"nfc-block-person_grid alignwide layout-large\">\n    <div class=\"contained\">\n        <div class=\"grid\">\n            <div class=\"person-large-card\">\n    \n    <div class=\"featured_image\">\n                    <img loading=\"lazy\" decoding=\"async\" width=\"1024\" height=\"682\" src=\"https:\/\/nyforetagarcentrum.se\/skanenordvast\/wp-content\/uploads\/sites\/71\/2025\/07\/lowress-nfc0195-1024x682.jpg\" class=\"attachment-large size-large\" alt=\"\" srcset=\"https:\/\/nyforetagarcentrum.se\/skanenordvast\/wp-content\/uploads\/sites\/71\/2025\/07\/lowress-nfc0195-1024x682.jpg 1024w, https:\/\/nyforetagarcentrum.se\/skanenordvast\/wp-content\/uploads\/sites\/71\/2025\/07\/lowress-nfc0195-300x200.jpg 300w, https:\/\/nyforetagarcentrum.se\/skanenordvast\/wp-content\/uploads\/sites\/71\/2025\/07\/lowress-nfc0195-768x512.jpg 768w, https:\/\/nyforetagarcentrum.se\/skanenordvast\/wp-content\/uploads\/sites\/71\/2025\/07\/lowress-nfc0195-1536x1024.jpg 1536w, https:\/\/nyforetagarcentrum.se\/skanenordvast\/wp-content\/uploads\/sites\/71\/2025\/07\/lowress-nfc0195-1620x1080.jpg 1620w, https:\/\/nyforetagarcentrum.se\/skanenordvast\/wp-content\/uploads\/sites\/71\/2025\/07\/lowress-nfc0195.jpg 2000w\" sizes=\"(max-width: 1024px) 100vw, 1024px\" \/>            <\/div>\n\n    <div class=\"content-wrapper\">\n        <h3>Anne Kl\u00e5ve &#8211; Verksamhetsledare<\/h3>\n\n                    <div class=\"excerpt\">\n                Anne Kl\u00e5ve \u00e4r verksamhetsledare sedan november 2023 och hon har arbetat en l\u00e4ngre tid p\u00e5 IT-bolaget AddPro, som numera heter itm8, i olika roller och den sista som aff\u00e4rsomr\u00e5deschef f\u00f6r konsulttj\u00e4nster och innovation. Anne har \u00e4ven provat p\u00e5 VD-rollen i \u00e4gardrivet bolag och kommer n\u00e4rmast fr\u00e5n uppdrag med eget konsultbolag d\u00e4r hon st\u00f6ttat sm\u00e5 och medelstora bolag med deras tillv\u00e4xt avseende b\u00e5de strategi, personal och ledarskap. Hennes erfarenhet \u00e4r bred inom olika branscher, olika storlek p\u00e5 f\u00f6retag och hon har verkat inom b\u00e5de privat och offentlig sektor.<br \/>\r\n<br \/>\r\nAnnes stora fokus ligger p\u00e5 att skapa \u00e4nnu fler och goda kontakter med kommuner, partnerbolag och andra intressenter vars st\u00f6d och insatser \u00e4r viktiga f\u00f6r att vi ska kunna st\u00f6tta nya f\u00f6retagare i hela regionen. Anne brinner verkligen f\u00f6r f\u00f6retagande och allt det goda det f\u00f6r med sig i samh\u00e4llet med \u00f6kad integration, minskad arbetsl\u00f6shet och starkare v\u00e4lf\u00e4rd.             <\/div>\n        \n        <div class=\"links\">\n\n            \n                            <a href=\"mailto:anne.klave@nyforetagarcentrum.se\">\n                    anne.klave@nyforetagarcentrum.se                <\/a>\n                    <\/div>\n        \n    <\/div>\n<\/div><div class=\"person-large-card\">\n    \n    <div class=\"featured_image\">\n                    <img loading=\"lazy\" decoding=\"async\" width=\"1024\" height=\"682\" src=\"https:\/\/nyforetagarcentrum.se\/skanenordvast\/wp-content\/uploads\/sites\/71\/2025\/07\/lowress-nfc0143-1024x682.jpg\" class=\"attachment-large size-large\" alt=\"\" srcset=\"https:\/\/nyforetagarcentrum.se\/skanenordvast\/wp-content\/uploads\/sites\/71\/2025\/07\/lowress-nfc0143-1024x682.jpg 1024w, https:\/\/nyforetagarcentrum.se\/skanenordvast\/wp-content\/uploads\/sites\/71\/2025\/07\/lowress-nfc0143-300x200.jpg 300w, https:\/\/nyforetagarcentrum.se\/skanenordvast\/wp-content\/uploads\/sites\/71\/2025\/07\/lowress-nfc0143-768x512.jpg 768w, https:\/\/nyforetagarcentrum.se\/skanenordvast\/wp-content\/uploads\/sites\/71\/2025\/07\/lowress-nfc0143-1536x1024.jpg 1536w, https:\/\/nyforetagarcentrum.se\/skanenordvast\/wp-content\/uploads\/sites\/71\/2025\/07\/lowress-nfc0143-1620x1080.jpg 1620w, https:\/\/nyforetagarcentrum.se\/skanenordvast\/wp-content\/uploads\/sites\/71\/2025\/07\/lowress-nfc0143.jpg 2000w\" sizes=\"(max-width: 1024px) 100vw, 1024px\" \/>            <\/div>\n\n    <div class=\"content-wrapper\">\n        <h3>Kristin Dahlberg &#8211; Marknad &amp; Kommunikation<\/h3>\n\n                    <div class=\"excerpt\">\n                Kristin Dahlberg ansvarar f\u00f6r arbetet med Nyf\u00f6retagarCentrum Sk\u00e5ne Nordv\u00e4sts kommunikation och marknadsf\u00f6ring. Kristin har m\u00e5ng\u00e5rig erfarenhet av kommunikationsstrategi, marknadsf\u00f6ring, projektledning, varum\u00e4rkesbyggande och digital kommunikation fr\u00e5n b\u00e5de B2B och FMCG och sedan 2020 bedriver hon egen  konsultverksamhet. <br \/>\r\n<br \/>\r\nKristin samordnar aktiviteter och kontakter med v\u00e5ra 11 kommuner och partners i v\u00e5r region.<br \/>\r\n<br \/>\r\nKristin \u00e4r dessutom mentorhandledare och koordinator f\u00f6r v\u00e5rt mentorsprogram och hon har sj\u00e4lv varit adept i programmet 20\/21.            <\/div>\n        \n        <div class=\"links\">\n\n            \n                            <a href=\"mailto:kristin.dahlberg@nyforetagarcentrum.se\">\n                    kristin.dahlberg@nyforetagarcentrum.se                <\/a>\n                    <\/div>\n        \n    <\/div>\n<\/div>        <\/div>\n    <\/div>\n<\/section>\n\n\n<div style=\"height:49px\" aria-hidden=\"true\" class=\"wp-block-spacer\"><\/div>\n","protected":false},"excerpt":{"rendered":"","protected":false},"author":71,"featured_media":19,"parent":0,"menu_order":0,"comment_status":"closed","ping_status":"closed","template":"","meta":{"footnotes":""},"acf":[],"yoast_head":"<!-- This site is optimized with the Yoast SEO plugin v22.9 - https:\/\/yoast.com\/wordpress\/plugins\/seo\/ -->\n<title>V\u00e5r ledning - Sk\u00e5ne Nordv\u00e4st<\/title>\n<meta name=\"description\" content=\"En viktig uppgift f\u00f6r ledning och kommunikation \u00e4r att bygga ett starkt lokalt n\u00e4tverk med kommuner och n\u00e4ringsliv.\" \/>\n<meta name=\"robots\" content=\"index, follow, max-snippet:-1, max-image-preview:large, max-video-preview:-1\" \/>\n<link rel=\"canonical\" href=\"https:\/\/nyforetagarcentrum.se\/skanenordvast\/var-ledning\/\" \/>\n<meta property=\"og:locale\" content=\"sv_SE\" \/>\n<meta property=\"og:type\" content=\"article\" \/>\n<meta property=\"og:title\" content=\"V\u00e5r ledning - Sk\u00e5ne Nordv\u00e4st\" \/>\n<meta property=\"og:description\" content=\"En viktig uppgift f\u00f6r ledning och kommunikation \u00e4r att bygga ett starkt lokalt n\u00e4tverk med kommuner och n\u00e4ringsliv.\" \/>\n<meta property=\"og:url\" content=\"https:\/\/nyforetagarcentrum.se\/skanenordvast\/var-ledning\/\" \/>\n<meta property=\"og:site_name\" content=\"Sk\u00e5ne Nordv\u00e4st\" \/>\n<meta property=\"article:modified_time\" content=\"2025-03-04T11:58:46+00:00\" \/>\n<meta property=\"og:image\" content=\"https:\/\/nyforetagarcentrum.se\/skanenordvast\/wp-content\/uploads\/sites\/71\/2024\/02\/topp-banner-1.png\" \/>\n\t<meta property=\"og:image:width\" content=\"1512\" \/>\n\t<meta property=\"og:image:height\" content=\"769\" \/>\n\t<meta property=\"og:image:type\" content=\"image\/png\" \/>\n<meta name=\"twitter:card\" content=\"summary_large_image\" \/>\n<meta name=\"twitter:label1\" content=\"Ber\u00e4knad l\u00e4stid\" \/>\n\t<meta name=\"twitter:data1\" content=\"1 minut\" \/>\n<script type=\"application\/ld+json\" class=\"yoast-schema-graph\">{\"@context\":\"https:\/\/schema.org\",\"@graph\":[{\"@type\":\"WebPage\",\"@id\":\"https:\/\/nyforetagarcentrum.se\/skanenordvast\/var-ledning\/\",\"url\":\"https:\/\/nyforetagarcentrum.se\/skanenordvast\/var-ledning\/\",\"name\":\"V\u00e5r ledning - Sk\u00e5ne Nordv\u00e4st\",\"isPartOf\":{\"@id\":\"https:\/\/nyforetagarcentrum.se\/skanenordvast\/#website\"},\"primaryImageOfPage\":{\"@id\":\"https:\/\/nyforetagarcentrum.se\/skanenordvast\/var-ledning\/#primaryimage\"},\"image\":{\"@id\":\"https:\/\/nyforetagarcentrum.se\/skanenordvast\/var-ledning\/#primaryimage\"},\"thumbnailUrl\":\"https:\/\/nyforetagarcentrum.se\/skanenordvast\/wp-content\/uploads\/sites\/71\/2024\/02\/topp-banner-1.png\",\"datePublished\":\"2024-06-18T07:28:29+00:00\",\"dateModified\":\"2025-03-04T11:58:46+00:00\",\"description\":\"En viktig uppgift f\u00f6r ledning och kommunikation \u00e4r att bygga ett starkt lokalt n\u00e4tverk med kommuner och n\u00e4ringsliv.\",\"breadcrumb\":{\"@id\":\"https:\/\/nyforetagarcentrum.se\/skanenordvast\/var-ledning\/#breadcrumb\"},\"inLanguage\":\"sv-SE\",\"potentialAction\":[{\"@type\":\"ReadAction\",\"target\":[\"https:\/\/nyforetagarcentrum.se\/skanenordvast\/var-ledning\/\"]}]},{\"@type\":\"ImageObject\",\"inLanguage\":\"sv-SE\",\"@id\":\"https:\/\/nyforetagarcentrum.se\/skanenordvast\/var-ledning\/#primaryimage\",\"url\":\"https:\/\/nyforetagarcentrum.se\/skanenordvast\/wp-content\/uploads\/sites\/71\/2024\/02\/topp-banner-1.png\",\"contentUrl\":\"https:\/\/nyforetagarcentrum.se\/skanenordvast\/wp-content\/uploads\/sites\/71\/2024\/02\/topp-banner-1.png\",\"width\":1512,\"height\":769},{\"@type\":\"BreadcrumbList\",\"@id\":\"https:\/\/nyforetagarcentrum.se\/skanenordvast\/var-ledning\/#breadcrumb\",\"itemListElement\":[{\"@type\":\"ListItem\",\"position\":1,\"name\":\"Hem\",\"item\":\"https:\/\/nyforetagarcentrum.se\/skanenordvast\/\"},{\"@type\":\"ListItem\",\"position\":2,\"name\":\"V\u00e5r ledning\"}]},{\"@type\":\"WebSite\",\"@id\":\"https:\/\/nyforetagarcentrum.se\/skanenordvast\/#website\",\"url\":\"https:\/\/nyforetagarcentrum.se\/skanenordvast\/\",\"name\":\"Sk\u00e5ne Nordv\u00e4st\",\"description\":\"Sveriges ledande kraft f\u00f6r fler nya livskraftiga f\u00f6retag\",\"publisher\":{\"@id\":\"https:\/\/nyforetagarcentrum.se\/skanenordvast\/#organization\"},\"potentialAction\":[{\"@type\":\"SearchAction\",\"target\":{\"@type\":\"EntryPoint\",\"urlTemplate\":\"https:\/\/nyforetagarcentrum.se\/skanenordvast\/?s={search_term_string}\"},\"query-input\":\"required name=search_term_string\"}],\"inLanguage\":\"sv-SE\"},{\"@type\":\"Organization\",\"@id\":\"https:\/\/nyforetagarcentrum.se\/skanenordvast\/#organization\",\"name\":\"Sk\u00e5ne Nordv\u00e4st\",\"url\":\"https:\/\/nyforetagarcentrum.se\/skanenordvast\/\",\"logo\":{\"@type\":\"ImageObject\",\"inLanguage\":\"sv-SE\",\"@id\":\"https:\/\/nyforetagarcentrum.se\/skanenordvast\/#\/schema\/logo\/image\/\",\"url\":\"https:\/\/nyforetagarcentrum.se\/skanenordvast\/wp-content\/uploads\/sites\/71\/2024\/04\/Skane-nordvast.png\",\"contentUrl\":\"https:\/\/nyforetagarcentrum.se\/skanenordvast\/wp-content\/uploads\/sites\/71\/2024\/04\/Skane-nordvast.png\",\"width\":1082,\"height\":542,\"caption\":\"Sk\u00e5ne Nordv\u00e4st\"},\"image\":{\"@id\":\"https:\/\/nyforetagarcentrum.se\/skanenordvast\/#\/schema\/logo\/image\/\"}}]}<\/script>\n<!-- \/ Yoast SEO plugin. -->","yoast_head_json":{"title":"V\u00e5r ledning - Sk\u00e5ne Nordv\u00e4st","description":"En viktig uppgift f\u00f6r ledning och kommunikation \u00e4r att bygga ett starkt lokalt n\u00e4tverk med kommuner och n\u00e4ringsliv.","robots":{"index":"index","follow":"follow","max-snippet":"max-snippet:-1","max-image-preview":"max-image-preview:large","max-video-preview":"max-video-preview:-1"},"canonical":"https:\/\/nyforetagarcentrum.se\/skanenordvast\/var-ledning\/","og_locale":"sv_SE","og_type":"article","og_title":"V\u00e5r ledning - Sk\u00e5ne Nordv\u00e4st","og_description":"En viktig uppgift f\u00f6r ledning och kommunikation \u00e4r att bygga ett starkt lokalt n\u00e4tverk med kommuner och n\u00e4ringsliv.","og_url":"https:\/\/nyforetagarcentrum.se\/skanenordvast\/var-ledning\/","og_site_name":"Sk\u00e5ne Nordv\u00e4st","article_modified_time":"2025-03-04T11:58:46+00:00","og_image":[{"width":1512,"height":769,"url":"https:\/\/nyforetagarcentrum.se\/skanenordvast\/wp-content\/uploads\/sites\/71\/2024\/02\/topp-banner-1.png","type":"image\/png"}],"twitter_card":"summary_large_image","twitter_misc":{"Ber\u00e4knad l\u00e4stid":"1 minut"},"schema":{"@context":"https:\/\/schema.org","@graph":[{"@type":"WebPage","@id":"https:\/\/nyforetagarcentrum.se\/skanenordvast\/var-ledning\/","url":"https:\/\/nyforetagarcentrum.se\/skanenordvast\/var-ledning\/","name":"V\u00e5r ledning - Sk\u00e5ne Nordv\u00e4st","isPartOf":{"@id":"https:\/\/nyforetagarcentrum.se\/skanenordvast\/#website"},"primaryImageOfPage":{"@id":"https:\/\/nyforetagarcentrum.se\/skanenordvast\/var-ledning\/#primaryimage"},"image":{"@id":"https:\/\/nyforetagarcentrum.se\/skanenordvast\/var-ledning\/#primaryimage"},"thumbnailUrl":"https:\/\/nyforetagarcentrum.se\/skanenordvast\/wp-content\/uploads\/sites\/71\/2024\/02\/topp-banner-1.png","datePublished":"2024-06-18T07:28:29+00:00","dateModified":"2025-03-04T11:58:46+00:00","description":"En viktig uppgift f\u00f6r ledning och kommunikation \u00e4r att bygga ett starkt lokalt n\u00e4tverk med kommuner och n\u00e4ringsliv.","breadcrumb":{"@id":"https:\/\/nyforetagarcentrum.se\/skanenordvast\/var-ledning\/#breadcrumb"},"inLanguage":"sv-SE","potentialAction":[{"@type":"ReadAction","target":["https:\/\/nyforetagarcentrum.se\/skanenordvast\/var-ledning\/"]}]},{"@type":"ImageObject","inLanguage":"sv-SE","@id":"https:\/\/nyforetagarcentrum.se\/skanenordvast\/var-ledning\/#primaryimage","url":"https:\/\/nyforetagarcentrum.se\/skanenordvast\/wp-content\/uploads\/sites\/71\/2024\/02\/topp-banner-1.png","contentUrl":"https:\/\/nyforetagarcentrum.se\/skanenordvast\/wp-content\/uploads\/sites\/71\/2024\/02\/topp-banner-1.png","width":1512,"height":769},{"@type":"BreadcrumbList","@id":"https:\/\/nyforetagarcentrum.se\/skanenordvast\/var-ledning\/#breadcrumb","itemListElement":[{"@type":"ListItem","position":1,"name":"Hem","item":"https:\/\/nyforetagarcentrum.se\/skanenordvast\/"},{"@type":"ListItem","position":2,"name":"V\u00e5r ledning"}]},{"@type":"WebSite","@id":"https:\/\/nyforetagarcentrum.se\/skanenordvast\/#website","url":"https:\/\/nyforetagarcentrum.se\/skanenordvast\/","name":"Sk\u00e5ne Nordv\u00e4st","description":"Sveriges ledande kraft f\u00f6r fler nya livskraftiga f\u00f6retag","publisher":{"@id":"https:\/\/nyforetagarcentrum.se\/skanenordvast\/#organization"},"potentialAction":[{"@type":"SearchAction","target":{"@type":"EntryPoint","urlTemplate":"https:\/\/nyforetagarcentrum.se\/skanenordvast\/?s={search_term_string}"},"query-input":"required name=search_term_string"}],"inLanguage":"sv-SE"},{"@type":"Organization","@id":"https:\/\/nyforetagarcentrum.se\/skanenordvast\/#organization","name":"Sk\u00e5ne Nordv\u00e4st","url":"https:\/\/nyforetagarcentrum.se\/skanenordvast\/","logo":{"@type":"ImageObject","inLanguage":"sv-SE","@id":"https:\/\/nyforetagarcentrum.se\/skanenordvast\/#\/schema\/logo\/image\/","url":"https:\/\/nyforetagarcentrum.se\/skanenordvast\/wp-content\/uploads\/sites\/71\/2024\/04\/Skane-nordvast.png","contentUrl":"https:\/\/nyforetagarcentrum.se\/skanenordvast\/wp-content\/uploads\/sites\/71\/2024\/04\/Skane-nordvast.png","width":1082,"height":542,"caption":"Sk\u00e5ne Nordv\u00e4st"},"image":{"@id":"https:\/\/nyforetagarcentrum.se\/skanenordvast\/#\/schema\/logo\/image\/"}}]}},"_links":{"self":[{"href":"https:\/\/nyforetagarcentrum.se\/skanenordvast\/wp-json\/wp\/v2\/pages\/2194"}],"collection":[{"href":"https:\/\/nyforetagarcentrum.se\/skanenordvast\/wp-json\/wp\/v2\/pages"}],"about":[{"href":"https:\/\/nyforetagarcentrum.se\/skanenordvast\/wp-json\/wp\/v2\/types\/page"}],"author":[{"embeddable":true,"href":"https:\/\/nyforetagarcentrum.se\/skanenordvast\/wp-json\/wp\/v2\/users\/71"}],"replies":[{"embeddable":true,"href":"https:\/\/nyforetagarcentrum.se\/skanenordvast\/wp-json\/wp\/v2\/comments?post=2194"}],"version-history":[{"count":7,"href":"https:\/\/nyforetagarcentrum.se\/skanenordvast\/wp-json\/wp\/v2\/pages\/2194\/revisions"}],"predecessor-version":[{"id":2679,"href":"https:\/\/nyforetagarcentrum.se\/skanenordvast\/wp-json\/wp\/v2\/pages\/2194\/revisions\/2679"}],"wp:featuredmedia":[{"embeddable":true,"href":"https:\/\/nyforetagarcentrum.se\/skanenordvast\/wp-json\/wp\/v2\/media\/19"}],"wp:attachment":[{"href":"https:\/\/nyforetagarcentrum.se\/skanenordvast\/wp-json\/wp\/v2\/media?parent=2194"}],"curies":[{"name":"wp","href":"https:\/\/api.w.org\/{rel}","templated":true}]}}