{"id":2060,"date":"2024-05-28T11:58:29","date_gmt":"2024-05-28T09:58:29","guid":{"rendered":"https:\/\/nyforetagarcentrum.se\/skanenordvast\/?page_id=2060"},"modified":"2026-03-19T15:04:49","modified_gmt":"2026-03-19T14:04:49","slug":"mentorinformation","status":"publish","type":"page","link":"https:\/\/nyforetagarcentrum.se\/skanenordvast\/mentorinformation\/","title":{"rendered":"Mentorinformation"},"content":{"rendered":"\n<div style=\"height:49px\" aria-hidden=\"true\" class=\"wp-block-spacer\"><\/div>\n\n\n<section  class=\"nfc-block-breadcrumbs alignwide\">\n    <div class=\"wrapper contained\">\n        <ol class=\"breadcrumbs\" itemscope itemtype=\"https:\/\/schema.org\/BreadcrumbList\">\n            <li itemprop=\"itemListElement\" itemscope itemtype=\"https:\/\/schema.org\/ListItem\">\n            \n\n                            <span class=\"current\" itemprop=\"name\">Hem<\/span>\n            \n            <meta itemprop=\"position\" content=\"1\" \/>\n        <\/li>\n    <\/ol>    <\/div>\n<\/section>\n\n\n<div style=\"height:49px\" aria-hidden=\"true\" class=\"wp-block-spacer\"><\/div>\n\n\n<section  class=\"nfc-block-split_screen alignwide image_alignment-left\">\n    <div class=\"wrapper\">\n        <div class=\"nfc-block-split_screen__image-wrapper\">\n            <img loading=\"lazy\" decoding=\"async\" width=\"1476\" height=\"984\" src=\"https:\/\/nyforetagarcentrum.se\/skanenordvast\/wp-content\/uploads\/sites\/71\/2024\/02\/Natverk-seminarium-LOW.jpg\" class=\"attachment-landscape size-landscape\" alt=\"\" srcset=\"https:\/\/nyforetagarcentrum.se\/skanenordvast\/wp-content\/uploads\/sites\/71\/2024\/02\/Natverk-seminarium-LOW.jpg 1476w, https:\/\/nyforetagarcentrum.se\/skanenordvast\/wp-content\/uploads\/sites\/71\/2024\/02\/Natverk-seminarium-LOW-300x200.jpg 300w, https:\/\/nyforetagarcentrum.se\/skanenordvast\/wp-content\/uploads\/sites\/71\/2024\/02\/Natverk-seminarium-LOW-1024x683.jpg 1024w, https:\/\/nyforetagarcentrum.se\/skanenordvast\/wp-content\/uploads\/sites\/71\/2024\/02\/Natverk-seminarium-LOW-768x512.jpg 768w\" sizes=\"(max-width: 1476px) 100vw, 1476px\" \/>        <\/div>\n\n        <div class=\"nfc-block-split_screen__content-wrapper\">\n            <h1>Mentorskap \u2013 en \u00f6msesidig tv\u00e5-v\u00e4gs relation<\/h1>\n<p>Att vara mentor \u00e4r minst lika givande som att vara adept. Nyf\u00f6retagarCentrums mentorsprogrammet \u00e4r ett komplement till v\u00e5r ordinarie r\u00e5dgivning och en hj\u00e4lp att ta f\u00f6retaget till n\u00e4sta niv\u00e5. Programmet v\u00e4nder sig till adepter som nyligen startat sin verksamhet och har drivit den som l\u00e4ngst under tre \u00e5rs tid.<\/p>\n<h3 class=\"hyphenate\">Anm\u00e4l dig redan nu till programmet som startar i september 2026 och som avslutas med diplomering i juni 2027.<\/h3>\n<p>Mentorprogrammet, som <strong><em>p<\/em><em>\u00e5g\u00e5r <\/em><em>fr\u00e5n september till juni,<\/em> <\/strong>bygger p\u00e5 att\u00a0<strong><em>mentor och adept tr\u00e4ffas ca en g\u00e5ng per m\u00e5nad<\/em><\/strong>\u00a0i ca en till tv\u00e5 timmar. Adepter och mentorerna bjuds \u00e4ven in till att delta i gemensamma temabundna n\u00e4tverkstr\u00e4ffar som \u00e4r sju g\u00e5nger under \u00e5ret p\u00e5 kv\u00e4llstid. N\u00e4tverkstr\u00e4ffarna \u00e4r helt valfritt f\u00f6r dig som mentor, men ett l\u00e4rorikt och trevligt inslag d\u00e4r du f\u00e5r bredda ditt n\u00e4tverk och \u00e4ven f\u00e5 utbyte genom andra mentorer.<\/p>\n<p><strong>Vem kan bli mentor och vad kr\u00e4vs av en mentor?<\/strong><\/p>\n<ul>\n<li>En person med erfarenhet fr\u00e5n n\u00e4ringslivet<\/li>\n<li>Har ett uppriktigt intresse f\u00f6r m\u00e4nniskor och vill hj\u00e4lpa en nystartad f\u00f6retagare<\/li>\n<li>Vara en oberoende part och f\u00f6rebild. Ett bollplank\/ coach som v\u00e4gleder<\/li>\n<li>Mentorn skall fr\u00e4mst lyssna och st\u00e4lla \u201dr\u00e4tt\u201d fr\u00e5gor till adepten baserat p\u00e5 sin egna kunskaper och erfarenheter. Svara p\u00e5 faktafr\u00e5gor, ge exempel.<\/li>\n<li>Kan avs\u00e4tta den tid som kr\u00e4vs p\u00e5 ideell basis<\/li>\n<li>\u00c4r villig att bjuda p\u00e5 sina erfarenheter och sitt kontaktn\u00e4t<\/li>\n<\/ul>\n<p><strong>Varf\u00f6r bli mentor?<\/strong><\/p>\n<ul>\n<li>Dina erfarenheter kommer p\u00e5 ett mycket p\u00e5tagligt s\u00e4tt till nytta<\/li>\n<li>Det nya f\u00f6retagets \u00f6verlevnadsgrad f\u00f6rst\u00e4rks, samtidigt som du sj\u00e4lv utvecklas<\/li>\n<li>N\u00e4tverkstr\u00e4ffarna bidrar till att ut\u00f6ka ditt eget n\u00e4tverk<\/li>\n<li>M\u00f6jlighet till att nya aff\u00e4rsm\u00f6jligheter<\/li>\n<li>Varje \u00e5r utn\u00e4mns \u201d\u00c5rets mentor\u201d av v\u00e5ra adepter \u2013 kanske blir det du!<\/li>\n<\/ul>\n\n                            <div class=\"nfc-block-split_screen__buttons\">\n                                            <a href=\"https:\/\/nyforetagarcentrum.se\/skanenordvast\/kontakt\/\" class=\"button primary\">Jag vill veta mer om att bli mentor!<\/a>\n                                    <\/div>\n            \n        <\/div>\n    <\/div>\n<\/section>\n\n\n<div style=\"height:49px\" aria-hidden=\"true\" class=\"wp-block-spacer\"><\/div>\n\n\n\n<h2 class=\"wp-block-heading alignwide has-x-large-font-size\">Mentorer som lyckats<\/h2>\n\n\n<section  class=\"nfc-block-featured_cards alignwide\">\n    <div class=\"wrapper contained\">\n                    <a href='https:\/\/nyforetagarcentrum.se\/skanenordvast\/2024\/04\/08\/i-huvudet-pa-en-prisad-mentor\/' class=\"featured-card\">\n                <div class=\"featured-card__image\">\n                                            <img loading=\"lazy\" decoding=\"async\" width=\"720\" height=\"1080\" src=\"https:\/\/nyforetagarcentrum.se\/skanenordvast\/wp-content\/uploads\/sites\/71\/2024\/05\/Ing-Marie-Rundwall-15_Foto-Mikael-M-Johansson-720x1080.jpg\" class=\"attachment-landscape size-landscape\" alt=\"\" srcset=\"https:\/\/nyforetagarcentrum.se\/skanenordvast\/wp-content\/uploads\/sites\/71\/2024\/05\/Ing-Marie-Rundwall-15_Foto-Mikael-M-Johansson-720x1080.jpg 720w, https:\/\/nyforetagarcentrum.se\/skanenordvast\/wp-content\/uploads\/sites\/71\/2024\/05\/Ing-Marie-Rundwall-15_Foto-Mikael-M-Johansson-200x300.jpg 200w, https:\/\/nyforetagarcentrum.se\/skanenordvast\/wp-content\/uploads\/sites\/71\/2024\/05\/Ing-Marie-Rundwall-15_Foto-Mikael-M-Johansson-683x1024.jpg 683w, https:\/\/nyforetagarcentrum.se\/skanenordvast\/wp-content\/uploads\/sites\/71\/2024\/05\/Ing-Marie-Rundwall-15_Foto-Mikael-M-Johansson-768x1151.jpg 768w, https:\/\/nyforetagarcentrum.se\/skanenordvast\/wp-content\/uploads\/sites\/71\/2024\/05\/Ing-Marie-Rundwall-15_Foto-Mikael-M-Johansson-1025x1536.jpg 1025w\" sizes=\"(max-width: 720px) 100vw, 720px\" \/>                                    \n                <\/div>\n                <div class=\"featured-card__content\">\n                                            <div class=\"tag\">Mentorskap<\/div>\n                                        \n                    <h2 class=\"title\">I huvudet p\u00e5 en prisad mentor  <\/h2>\n\n                                            <div class=\"description\">Vad inneb\u00e4r det att vara mentor och handlar det bara om att ge n\u00e4r man g\u00e5r in i en mentorsroll? Vi tog chansen att h\u00f6ra vad \u00c5rets mentor 2021 Ing-Marie Rundwall har att s\u00e4ga om detta och om sitt engagemang som mentor \u00e5t Nyf\u00f6retagarCentrum Sk\u00e5ne Nordv\u00e4st.  \r\n<\/div>\n                    \n                                    <\/div>\n            <\/a>\n                    <a href='https:\/\/nyforetagarcentrum.se\/skanenordvast\/2024\/04\/08\/mentorskapet-far-aven-mentorn-att-utvecklas\/' class=\"featured-card\">\n                <div class=\"featured-card__image\">\n                                            <img loading=\"lazy\" decoding=\"async\" width=\"810\" height=\"1080\" src=\"https:\/\/nyforetagarcentrum.se\/skanenordvast\/wp-content\/uploads\/sites\/71\/2024\/05\/20220530_131116-810x1080.jpg\" class=\"attachment-landscape size-landscape\" alt=\"\" srcset=\"https:\/\/nyforetagarcentrum.se\/skanenordvast\/wp-content\/uploads\/sites\/71\/2024\/05\/20220530_131116-810x1080.jpg 810w, https:\/\/nyforetagarcentrum.se\/skanenordvast\/wp-content\/uploads\/sites\/71\/2024\/05\/20220530_131116-225x300.jpg 225w, https:\/\/nyforetagarcentrum.se\/skanenordvast\/wp-content\/uploads\/sites\/71\/2024\/05\/20220530_131116-768x1024.jpg 768w, https:\/\/nyforetagarcentrum.se\/skanenordvast\/wp-content\/uploads\/sites\/71\/2024\/05\/20220530_131116-1152x1536.jpg 1152w, https:\/\/nyforetagarcentrum.se\/skanenordvast\/wp-content\/uploads\/sites\/71\/2024\/05\/20220530_131116-1536x2048.jpg 1536w, https:\/\/nyforetagarcentrum.se\/skanenordvast\/wp-content\/uploads\/sites\/71\/2024\/05\/20220530_131116-scaled.jpg 1920w\" sizes=\"(max-width: 810px) 100vw, 810px\" \/>                                    \n                <\/div>\n                <div class=\"featured-card__content\">\n                                            <div class=\"tag\">Mentorskap<\/div>\n                                        \n                    <h2 class=\"title\">Mentorskapet f\u00e5r \u00e4ven mentorn att v\u00e4xa och utvecklas<\/h2>\n\n                    \n                                    <\/div>\n            <\/a>\n                    <a href='https:\/\/nyforetagarcentrum.se\/skanenordvast\/2024\/05\/14\/lagom-har-aldrig-varit-ett-alternativ-for-varldens-basta-mentor\/' class=\"featured-card\">\n                <div class=\"featured-card__image\">\n                                            <img loading=\"lazy\" decoding=\"async\" width=\"810\" height=\"1080\" src=\"https:\/\/nyforetagarcentrum.se\/skanenordvast\/wp-content\/uploads\/sites\/71\/2024\/05\/20220922_085937-810x1080.jpg\" class=\"attachment-landscape size-landscape\" alt=\"\" srcset=\"https:\/\/nyforetagarcentrum.se\/skanenordvast\/wp-content\/uploads\/sites\/71\/2024\/05\/20220922_085937-810x1080.jpg 810w, https:\/\/nyforetagarcentrum.se\/skanenordvast\/wp-content\/uploads\/sites\/71\/2024\/05\/20220922_085937-225x300.jpg 225w, https:\/\/nyforetagarcentrum.se\/skanenordvast\/wp-content\/uploads\/sites\/71\/2024\/05\/20220922_085937-768x1024.jpg 768w, https:\/\/nyforetagarcentrum.se\/skanenordvast\/wp-content\/uploads\/sites\/71\/2024\/05\/20220922_085937-1152x1536.jpg 1152w, https:\/\/nyforetagarcentrum.se\/skanenordvast\/wp-content\/uploads\/sites\/71\/2024\/05\/20220922_085937-1536x2048.jpg 1536w, https:\/\/nyforetagarcentrum.se\/skanenordvast\/wp-content\/uploads\/sites\/71\/2024\/05\/20220922_085937-scaled.jpg 1920w\" sizes=\"(max-width: 810px) 100vw, 810px\" \/>                                    \n                <\/div>\n                <div class=\"featured-card__content\">\n                                            <div class=\"tag\">Mentorskap<\/div>\n                                        \n                    <h2 class=\"title\">Lagom har aldrig varit ett alternativ f\u00f6r v\u00e4rldens b\u00e4sta mentor!<\/h2>\n\n                    \n                                    <\/div>\n            <\/a>\n            <\/div>\n<\/section>\n\n\n<div style=\"height:49px\" aria-hidden=\"true\" class=\"wp-block-spacer\"><\/div>\n\n\n\n<div class=\"wp-block-columns is-layout-flex wp-container-core-columns-is-layout-1 wp-block-columns-is-layout-flex\">\n<div class=\"wp-block-column is-vertically-aligned-center is-layout-flow wp-block-column-is-layout-flow\">\n<div class=\"wp-block-buttons alignfull is-content-justification-center is-layout-flex wp-container-core-buttons-is-layout-1 wp-block-buttons-is-layout-flex\">\n<div class=\"wp-block-button\"><a class=\"wp-block-button__link wp-element-button\" href=\"https:\/\/nyforetagarcentrum.se\/skanenordvast\/category\/mentorskap\/\">L\u00e4s mer om framg\u00e5ngsrika mentorer<\/a><\/div>\n<\/div>\n<\/div>\n<\/div>\n\n\n\n<div style=\"height:49px\" aria-hidden=\"true\" class=\"wp-block-spacer\"><\/div>\n","protected":false},"excerpt":{"rendered":"<p>Mentorer som lyckats<\/p>\n","protected":false},"author":1,"featured_media":0,"parent":0,"menu_order":0,"comment_status":"closed","ping_status":"closed","template":"","meta":{"footnotes":""},"acf":[],"yoast_head":"<!-- This site is optimized with the Yoast SEO plugin v22.9 - https:\/\/yoast.com\/wordpress\/plugins\/seo\/ -->\n<title>Mentorinformation - Sk\u00e5ne Nordv\u00e4st<\/title>\n<meta name=\"description\" content=\"\u00c4r du intresserad av att delta i v\u00e5rt mentorsprogram? H\u00e4r hittar du information om vad en mentor kan hj\u00e4lpa dig och ditt f\u00f6retag med.\" \/>\n<meta name=\"robots\" content=\"index, follow, max-snippet:-1, max-image-preview:large, max-video-preview:-1\" \/>\n<link rel=\"canonical\" href=\"https:\/\/nyforetagarcentrum.se\/skanenordvast\/mentorinformation\/\" \/>\n<meta property=\"og:locale\" content=\"sv_SE\" \/>\n<meta property=\"og:type\" content=\"article\" \/>\n<meta property=\"og:title\" content=\"Mentorinformation - Sk\u00e5ne Nordv\u00e4st\" \/>\n<meta property=\"og:description\" content=\"\u00c4r du intresserad av att delta i v\u00e5rt mentorsprogram? H\u00e4r hittar du information om vad en mentor kan hj\u00e4lpa dig och ditt f\u00f6retag med.\" \/>\n<meta property=\"og:url\" content=\"https:\/\/nyforetagarcentrum.se\/skanenordvast\/mentorinformation\/\" \/>\n<meta property=\"og:site_name\" content=\"Sk\u00e5ne Nordv\u00e4st\" \/>\n<meta property=\"article:modified_time\" content=\"2026-03-19T14:04:49+00:00\" \/>\n<meta name=\"twitter:card\" content=\"summary_large_image\" \/>\n<meta name=\"twitter:label1\" content=\"Ber\u00e4knad l\u00e4stid\" \/>\n\t<meta name=\"twitter:data1\" content=\"1 minut\" \/>\n<script type=\"application\/ld+json\" class=\"yoast-schema-graph\">{\"@context\":\"https:\/\/schema.org\",\"@graph\":[{\"@type\":\"WebPage\",\"@id\":\"https:\/\/nyforetagarcentrum.se\/skanenordvast\/mentorinformation\/\",\"url\":\"https:\/\/nyforetagarcentrum.se\/skanenordvast\/mentorinformation\/\",\"name\":\"Mentorinformation - Sk\u00e5ne Nordv\u00e4st\",\"isPartOf\":{\"@id\":\"https:\/\/nyforetagarcentrum.se\/skanenordvast\/#website\"},\"datePublished\":\"2024-05-28T09:58:29+00:00\",\"dateModified\":\"2026-03-19T14:04:49+00:00\",\"description\":\"\u00c4r du intresserad av att delta i v\u00e5rt mentorsprogram? H\u00e4r hittar du information om vad en mentor kan hj\u00e4lpa dig och ditt f\u00f6retag med.\",\"breadcrumb\":{\"@id\":\"https:\/\/nyforetagarcentrum.se\/skanenordvast\/mentorinformation\/#breadcrumb\"},\"inLanguage\":\"sv-SE\",\"potentialAction\":[{\"@type\":\"ReadAction\",\"target\":[\"https:\/\/nyforetagarcentrum.se\/skanenordvast\/mentorinformation\/\"]}]},{\"@type\":\"BreadcrumbList\",\"@id\":\"https:\/\/nyforetagarcentrum.se\/skanenordvast\/mentorinformation\/#breadcrumb\",\"itemListElement\":[{\"@type\":\"ListItem\",\"position\":1,\"name\":\"Hem\",\"item\":\"https:\/\/nyforetagarcentrum.se\/skanenordvast\/\"},{\"@type\":\"ListItem\",\"position\":2,\"name\":\"Mentorinformation\"}]},{\"@type\":\"WebSite\",\"@id\":\"https:\/\/nyforetagarcentrum.se\/skanenordvast\/#website\",\"url\":\"https:\/\/nyforetagarcentrum.se\/skanenordvast\/\",\"name\":\"Sk\u00e5ne Nordv\u00e4st\",\"description\":\"Sveriges ledande kraft f\u00f6r fler nya livskraftiga f\u00f6retag\",\"publisher\":{\"@id\":\"https:\/\/nyforetagarcentrum.se\/skanenordvast\/#organization\"},\"potentialAction\":[{\"@type\":\"SearchAction\",\"target\":{\"@type\":\"EntryPoint\",\"urlTemplate\":\"https:\/\/nyforetagarcentrum.se\/skanenordvast\/?s={search_term_string}\"},\"query-input\":\"required name=search_term_string\"}],\"inLanguage\":\"sv-SE\"},{\"@type\":\"Organization\",\"@id\":\"https:\/\/nyforetagarcentrum.se\/skanenordvast\/#organization\",\"name\":\"Sk\u00e5ne Nordv\u00e4st\",\"url\":\"https:\/\/nyforetagarcentrum.se\/skanenordvast\/\",\"logo\":{\"@type\":\"ImageObject\",\"inLanguage\":\"sv-SE\",\"@id\":\"https:\/\/nyforetagarcentrum.se\/skanenordvast\/#\/schema\/logo\/image\/\",\"url\":\"https:\/\/nyforetagarcentrum.se\/skanenordvast\/wp-content\/uploads\/sites\/71\/2024\/04\/Skane-nordvast.png\",\"contentUrl\":\"https:\/\/nyforetagarcentrum.se\/skanenordvast\/wp-content\/uploads\/sites\/71\/2024\/04\/Skane-nordvast.png\",\"width\":1082,\"height\":542,\"caption\":\"Sk\u00e5ne Nordv\u00e4st\"},\"image\":{\"@id\":\"https:\/\/nyforetagarcentrum.se\/skanenordvast\/#\/schema\/logo\/image\/\"}}]}<\/script>\n<!-- \/ Yoast SEO plugin. -->","yoast_head_json":{"title":"Mentorinformation - Sk\u00e5ne Nordv\u00e4st","description":"\u00c4r du intresserad av att delta i v\u00e5rt mentorsprogram? H\u00e4r hittar du information om vad en mentor kan hj\u00e4lpa dig och ditt f\u00f6retag med.","robots":{"index":"index","follow":"follow","max-snippet":"max-snippet:-1","max-image-preview":"max-image-preview:large","max-video-preview":"max-video-preview:-1"},"canonical":"https:\/\/nyforetagarcentrum.se\/skanenordvast\/mentorinformation\/","og_locale":"sv_SE","og_type":"article","og_title":"Mentorinformation - Sk\u00e5ne Nordv\u00e4st","og_description":"\u00c4r du intresserad av att delta i v\u00e5rt mentorsprogram? H\u00e4r hittar du information om vad en mentor kan hj\u00e4lpa dig och ditt f\u00f6retag med.","og_url":"https:\/\/nyforetagarcentrum.se\/skanenordvast\/mentorinformation\/","og_site_name":"Sk\u00e5ne Nordv\u00e4st","article_modified_time":"2026-03-19T14:04:49+00:00","twitter_card":"summary_large_image","twitter_misc":{"Ber\u00e4knad l\u00e4stid":"1 minut"},"schema":{"@context":"https:\/\/schema.org","@graph":[{"@type":"WebPage","@id":"https:\/\/nyforetagarcentrum.se\/skanenordvast\/mentorinformation\/","url":"https:\/\/nyforetagarcentrum.se\/skanenordvast\/mentorinformation\/","name":"Mentorinformation - Sk\u00e5ne Nordv\u00e4st","isPartOf":{"@id":"https:\/\/nyforetagarcentrum.se\/skanenordvast\/#website"},"datePublished":"2024-05-28T09:58:29+00:00","dateModified":"2026-03-19T14:04:49+00:00","description":"\u00c4r du intresserad av att delta i v\u00e5rt mentorsprogram? H\u00e4r hittar du information om vad en mentor kan hj\u00e4lpa dig och ditt f\u00f6retag med.","breadcrumb":{"@id":"https:\/\/nyforetagarcentrum.se\/skanenordvast\/mentorinformation\/#breadcrumb"},"inLanguage":"sv-SE","potentialAction":[{"@type":"ReadAction","target":["https:\/\/nyforetagarcentrum.se\/skanenordvast\/mentorinformation\/"]}]},{"@type":"BreadcrumbList","@id":"https:\/\/nyforetagarcentrum.se\/skanenordvast\/mentorinformation\/#breadcrumb","itemListElement":[{"@type":"ListItem","position":1,"name":"Hem","item":"https:\/\/nyforetagarcentrum.se\/skanenordvast\/"},{"@type":"ListItem","position":2,"name":"Mentorinformation"}]},{"@type":"WebSite","@id":"https:\/\/nyforetagarcentrum.se\/skanenordvast\/#website","url":"https:\/\/nyforetagarcentrum.se\/skanenordvast\/","name":"Sk\u00e5ne Nordv\u00e4st","description":"Sveriges ledande kraft f\u00f6r fler nya livskraftiga f\u00f6retag","publisher":{"@id":"https:\/\/nyforetagarcentrum.se\/skanenordvast\/#organization"},"potentialAction":[{"@type":"SearchAction","target":{"@type":"EntryPoint","urlTemplate":"https:\/\/nyforetagarcentrum.se\/skanenordvast\/?s={search_term_string}"},"query-input":"required name=search_term_string"}],"inLanguage":"sv-SE"},{"@type":"Organization","@id":"https:\/\/nyforetagarcentrum.se\/skanenordvast\/#organization","name":"Sk\u00e5ne Nordv\u00e4st","url":"https:\/\/nyforetagarcentrum.se\/skanenordvast\/","logo":{"@type":"ImageObject","inLanguage":"sv-SE","@id":"https:\/\/nyforetagarcentrum.se\/skanenordvast\/#\/schema\/logo\/image\/","url":"https:\/\/nyforetagarcentrum.se\/skanenordvast\/wp-content\/uploads\/sites\/71\/2024\/04\/Skane-nordvast.png","contentUrl":"https:\/\/nyforetagarcentrum.se\/skanenordvast\/wp-content\/uploads\/sites\/71\/2024\/04\/Skane-nordvast.png","width":1082,"height":542,"caption":"Sk\u00e5ne Nordv\u00e4st"},"image":{"@id":"https:\/\/nyforetagarcentrum.se\/skanenordvast\/#\/schema\/logo\/image\/"}}]}},"_links":{"self":[{"href":"https:\/\/nyforetagarcentrum.se\/skanenordvast\/wp-json\/wp\/v2\/pages\/2060"}],"collection":[{"href":"https:\/\/nyforetagarcentrum.se\/skanenordvast\/wp-json\/wp\/v2\/pages"}],"about":[{"href":"https:\/\/nyforetagarcentrum.se\/skanenordvast\/wp-json\/wp\/v2\/types\/page"}],"author":[{"embeddable":true,"href":"https:\/\/nyforetagarcentrum.se\/skanenordvast\/wp-json\/wp\/v2\/users\/1"}],"replies":[{"embeddable":true,"href":"https:\/\/nyforetagarcentrum.se\/skanenordvast\/wp-json\/wp\/v2\/comments?post=2060"}],"version-history":[{"count":15,"href":"https:\/\/nyforetagarcentrum.se\/skanenordvast\/wp-json\/wp\/v2\/pages\/2060\/revisions"}],"predecessor-version":[{"id":3374,"href":"https:\/\/nyforetagarcentrum.se\/skanenordvast\/wp-json\/wp\/v2\/pages\/2060\/revisions\/3374"}],"wp:attachment":[{"href":"https:\/\/nyforetagarcentrum.se\/skanenordvast\/wp-json\/wp\/v2\/media?parent=2060"}],"curies":[{"name":"wp","href":"https:\/\/api.w.org\/{rel}","templated":true}]}}