{"id":2048,"date":"2024-05-28T11:48:12","date_gmt":"2024-05-28T09:48:12","guid":{"rendered":"https:\/\/nyforetagarcentrum.se\/skanenordvast\/?page_id=2048"},"modified":"2026-03-26T12:36:46","modified_gmt":"2026-03-26T11:36:46","slug":"adeptinformation","status":"publish","type":"page","link":"https:\/\/nyforetagarcentrum.se\/skanenordvast\/adeptinformation\/","title":{"rendered":"Adeptinformation"},"content":{"rendered":"\n<div style=\"height:49px\" aria-hidden=\"true\" class=\"wp-block-spacer\"><\/div>\n\n\n<section  class=\"nfc-block-breadcrumbs alignwide\">\n    <div class=\"wrapper contained\">\n        <ol class=\"breadcrumbs\" itemscope itemtype=\"https:\/\/schema.org\/BreadcrumbList\">\n            <li itemprop=\"itemListElement\" itemscope itemtype=\"https:\/\/schema.org\/ListItem\">\n            \n\n                            <span class=\"current\" itemprop=\"name\">Hem<\/span>\n            \n            <meta itemprop=\"position\" content=\"1\" \/>\n        <\/li>\n    <\/ol>    <\/div>\n<\/section>\n\n\n<div style=\"height:49px\" aria-hidden=\"true\" class=\"wp-block-spacer\"><\/div>\n\n\n<section  class=\"nfc-block-split_screen alignwide image_alignment-left\">\n    <div class=\"wrapper\">\n        <div class=\"nfc-block-split_screen__image-wrapper\">\n            <img loading=\"lazy\" decoding=\"async\" width=\"1476\" height=\"984\" src=\"https:\/\/nyforetagarcentrum.se\/skanenordvast\/wp-content\/uploads\/sites\/71\/2024\/02\/Nyforetagare-kultur-LOW.jpg\" class=\"attachment-landscape size-landscape\" alt=\"\" srcset=\"https:\/\/nyforetagarcentrum.se\/skanenordvast\/wp-content\/uploads\/sites\/71\/2024\/02\/Nyforetagare-kultur-LOW.jpg 1476w, https:\/\/nyforetagarcentrum.se\/skanenordvast\/wp-content\/uploads\/sites\/71\/2024\/02\/Nyforetagare-kultur-LOW-300x200.jpg 300w, https:\/\/nyforetagarcentrum.se\/skanenordvast\/wp-content\/uploads\/sites\/71\/2024\/02\/Nyforetagare-kultur-LOW-1024x683.jpg 1024w, https:\/\/nyforetagarcentrum.se\/skanenordvast\/wp-content\/uploads\/sites\/71\/2024\/02\/Nyforetagare-kultur-LOW-768x512.jpg 768w\" sizes=\"(max-width: 1476px) 100vw, 1476px\" \/>        <\/div>\n\n        <div class=\"nfc-block-split_screen__content-wrapper\">\n            <h1>Genom mentorprogrammet kan du utveckla b\u00e5de dig sj\u00e4lv och ditt f\u00f6retag<\/h1>\n<p>P\u00e5 uppdrag av Tillv\u00e4xtverket genomf\u00f6r vi ett v\u00e4ldigt uppskattat mentorsprogram som \u00e4r ett komplement till v\u00e5r ordinarie r\u00e5dgivning. Du som adept kan s\u00f6ka en plats i programmet om du varit hos oss p\u00e5 r\u00e5dgivning och har startat ditt f\u00f6retag f\u00f6r som l\u00e4ngst tre \u00e5r tillbaka. Vi ser av erfarenhet att de som f\u00e5r ut mest av programmet har g\u00e5tt igenom den f\u00f6rsta fasen som f\u00f6retagare innan man ing\u00e5r i mentorsprogrammet. Det kan d\u00e5 vara en f\u00f6rdel att ta hj\u00e4lp via r\u00e5dgivning och s\u00f6ka en plats n\u00e4stf\u00f6ljande \u00e5r ist\u00e4llet.<\/p>\n<p><strong>Vem kan bli adept?<\/strong><\/p>\n<p>\u2013 Klient som g\u00e5r\/har g\u00e5tt p\u00e5 r\u00e5dgivning hos Nyf\u00f6retagarCentrum Sk\u00e5ne Nordv\u00e4st<br \/>\n\u2013 Har en f\u00e4rdig aff\u00e4rsplan och budget<br \/>\n\u2013 Kan definiera aff\u00e4rsm\u00e4ssiga och personliga m\u00e5l<br \/>\n\u2013 \u00c4r i uppstartsfas med sitt f\u00f6retagande och har startat f\u00f6retaget och har aktivitet i det<br \/>\n\u2013 Som l\u00e4ngst drivit f\u00f6retaget tre \u00e5r tillbaka<\/p>\n<p><strong>V\u00e5ra f\u00f6rv\u00e4ntningar p\u00e5 en adept:<\/strong><\/p>\n<p>\u2013 Tror p\u00e5 sin aff\u00e4rsid\u00e9<br \/>\n\u2013 \u00c4r den drivande personen i relationen med mentorn<br \/>\n\u2013 Vill definiera m\u00e5l \u2013 aff\u00e4rsm\u00e4ssiga och personliga<br \/>\n\u2013 \u00c4r beredd att avs\u00e4tta b\u00e5de tid och engagemang f\u00f6r att f\u00e5 mesta m\u00f6jliga ut av mentors\u00e5ret<\/p>\n\n                            <div class=\"nfc-block-split_screen__buttons\">\n                                            <a href=\"https:\/\/forms.office.com\/e\/3ASk6tuwbz\" class=\"button primary\">Jag vill anm\u00e4la mig<\/a>\n                                    <\/div>\n            \n        <\/div>\n    <\/div>\n<\/section>\n\n\n<div style=\"height:49px\" aria-hidden=\"true\" class=\"wp-block-spacer\"><\/div>\n\n\n<section  class=\"nfc-block-split_screen alignwide image_alignment-right\">\n    <div class=\"wrapper\">\n        <div class=\"nfc-block-split_screen__image-wrapper\">\n            <img loading=\"lazy\" decoding=\"async\" width=\"1476\" height=\"1070\" src=\"https:\/\/nyforetagarcentrum.se\/skanenordvast\/wp-content\/uploads\/sites\/71\/2024\/02\/Radgivning-radgivare-nyforetagareLOW.jpg\" class=\"attachment-landscape size-landscape\" alt=\"\" srcset=\"https:\/\/nyforetagarcentrum.se\/skanenordvast\/wp-content\/uploads\/sites\/71\/2024\/02\/Radgivning-radgivare-nyforetagareLOW.jpg 1476w, https:\/\/nyforetagarcentrum.se\/skanenordvast\/wp-content\/uploads\/sites\/71\/2024\/02\/Radgivning-radgivare-nyforetagareLOW-300x217.jpg 300w, https:\/\/nyforetagarcentrum.se\/skanenordvast\/wp-content\/uploads\/sites\/71\/2024\/02\/Radgivning-radgivare-nyforetagareLOW-1024x742.jpg 1024w, https:\/\/nyforetagarcentrum.se\/skanenordvast\/wp-content\/uploads\/sites\/71\/2024\/02\/Radgivning-radgivare-nyforetagareLOW-768x557.jpg 768w\" sizes=\"(max-width: 1476px) 100vw, 1476px\" \/>        <\/div>\n\n        <div class=\"nfc-block-split_screen__content-wrapper\">\n            <h2>Mentorsprogram 26\/27<\/h2>\n<p><strong>Vi har \u00f6ppnat upp ans\u00f6kan f\u00f6r programmet som b\u00f6rjar i september 2026 och som avslutas med diplomering i augusti 2027. Sista ans\u00f6kningsdag \u00e4r 31\/3.<\/strong><\/p>\n<p>V\u00e5ra mentorer har l\u00e5ng erfarenhet av ledarskap och vana att driva aff\u00e4rsm\u00e4ssiga processer. Genom mentorprogrammet kan du utveckla b\u00e5de dig sj\u00e4lv och ditt f\u00f6retag l\u00e5ngsiktigt och livskraftigt.<\/p>\n<p>Programmet p\u00e5g\u00e5r under ett \u00e5r, bygger p\u00e5 att mentor och adept tr\u00e4ffas cirka en g\u00e5ng per m\u00e5nad i en till tv\u00e5 timmar. Adepterna bjuds \u00e4ven in till att delta i gemensamma, temabundna n\u00e4tverkstr\u00e4ffar vid sju tillf\u00e4llen inklusive avslutning. Dessa tr\u00e4ffar sker alltid p\u00e5 kv\u00e4llstid. F\u00f6rel\u00e4sarna h\u00e4mtar vi fr\u00e5n n\u00e4ringslivet i regionen och de har l\u00e5ng erfarenhet och gedigen kunskap inom sina respektive expertomr\u00e5den. Ett gyllene tillf\u00e4lle att \u00e4ven st\u00e4lla fr\u00e5gor.<\/p>\n<p>Tr\u00e4ffarna \u00e4r obligatoriska och du som adept f\u00f6rv\u00e4ntas n\u00e4rvara p\u00e5 dessa f\u00f6r att f\u00e5 ut s\u00e5 pass mycket som m\u00f6jligt av programmet. Relationen till \u00f6vriga adepter \u00e4r mycket v\u00e4rdefull f\u00f6r dig som ny f\u00f6retagare. Om du f\u00e5r f\u00f6rhinder vill vi att du avanm\u00e4ler dig senast 48 timmar innan tr\u00e4ffen. Skicka ett mejl till oss.<\/p>\n\n            \n        <\/div>\n    <\/div>\n<\/section>\n\n\n<div style=\"height:49px\" aria-hidden=\"true\" class=\"wp-block-spacer\"><\/div>\n\n\n<section  class=\"nfc-block-split_screen alignwide image_alignment-right\">\n    <div class=\"wrapper\">\n        <div class=\"nfc-block-split_screen__image-wrapper\">\n                    <\/div>\n\n        <div class=\"nfc-block-split_screen__content-wrapper\">\n            <h2>Tre r\u00f6ster om mentorsprogrammet<\/h2>\n<p><strong>Vi har pratat med n\u00e5gra tidigare adepter f\u00f6r att h\u00f6ra om deras erfarenheter av mentors\u00e5ret och vad det gett f\u00f6r effekt p\u00e5 deras f\u00f6retagande.<\/strong><\/p>\n<p><iframe loading=\"lazy\" title=\"Ans\u00f6k till mentorsprogrammet 2026\" width=\"500\" height=\"281\" src=\"https:\/\/www.youtube.com\/embed\/S4BqLZXCCJA?feature=oembed\" frameborder=\"0\" allow=\"accelerometer; autoplay; clipboard-write; encrypted-media; gyroscope; picture-in-picture; web-share\" referrerpolicy=\"strict-origin-when-cross-origin\" allowfullscreen><\/iframe><\/p>\n<p>&nbsp;<\/p>\n\n            \n        <\/div>\n    <\/div>\n<\/section>\n\n\n<div style=\"height:49px\" aria-hidden=\"true\" class=\"wp-block-spacer\"><\/div>\n\n\n\n<h2 class=\"wp-block-heading alignwide has-x-large-font-size\">Nyf\u00f6retagare som lyckats<\/h2>\n\n\n<section  class=\"nfc-block-featured_cards alignwide\">\n    <div class=\"wrapper contained\">\n                    <a href='https:\/\/nyforetagarcentrum.se\/skanenordvast\/success-stories\/det-ar-inte-alltid-det-som-ar-latt-som-ar-ratt\/' class=\"featured-card\">\n                <div class=\"featured-card__image\">\n                                            <img loading=\"lazy\" decoding=\"async\" width=\"1036\" height=\"1080\" src=\"https:\/\/nyforetagarcentrum.se\/skanenordvast\/wp-content\/uploads\/sites\/71\/2024\/05\/20240212_105408-scaled-e1719559233774-1036x1080.jpg\" class=\"attachment-landscape size-landscape\" alt=\"\" srcset=\"https:\/\/nyforetagarcentrum.se\/skanenordvast\/wp-content\/uploads\/sites\/71\/2024\/05\/20240212_105408-scaled-e1719559233774-1036x1080.jpg 1036w, https:\/\/nyforetagarcentrum.se\/skanenordvast\/wp-content\/uploads\/sites\/71\/2024\/05\/20240212_105408-scaled-e1719559233774-983x1024.jpg 983w\" sizes=\"(max-width: 1036px) 100vw, 1036px\" \/>                                    \n                <\/div>\n                <div class=\"featured-card__content\">\n                                            <div class=\"tag\"> Success Stories<\/div>\n                                        \n                    <h2 class=\"title\">Det \u00e4r inte alltid det som \u00e4r l\u00e4tt som \u00e4r r\u00e4tt<\/h2>\n\n                                            <div class=\"description\">F\u00f6r 8 \u00e5r sedan kom Abdishakur Said Abdirahman, eller Abbe som han kallas, till Sverige. Han \u00e4r f\u00f6dd och uppv\u00e4xt i Somalia, som en av 11 syskon. Han \u00e4r 25 \u00e5r och har precis tagit examen som solelstekniker efter en yrkesh\u00f6gskoleutbildning p\u00e5 1,5 \u00e5r. Och han \u00e4r nyf\u00f6retagare. Abbe har l\u00e4nge velat vara egen f\u00f6retagare eftersom man m\u00e5ste ha en verksamhet f\u00f6r att lyckas med livet i Somalia.\r\n\r\n<\/div>\n                    \n                                    <\/div>\n            <\/a>\n                    <a href='https:\/\/nyforetagarcentrum.se\/skanenordvast\/success-stories\/fran-start-till-8-anstallda-pa-tva-ar\/' class=\"featured-card\">\n                <div class=\"featured-card__image\">\n                                            <img loading=\"lazy\" decoding=\"async\" width=\"1136\" height=\"386\" src=\"https:\/\/nyforetagarcentrum.se\/skanenordvast\/wp-content\/uploads\/sites\/71\/2024\/04\/Karriarkompisar-1136-x-386-px.png\" class=\"attachment-landscape size-landscape\" alt=\"\" srcset=\"https:\/\/nyforetagarcentrum.se\/skanenordvast\/wp-content\/uploads\/sites\/71\/2024\/04\/Karriarkompisar-1136-x-386-px.png 1136w, https:\/\/nyforetagarcentrum.se\/skanenordvast\/wp-content\/uploads\/sites\/71\/2024\/04\/Karriarkompisar-1136-x-386-px-300x102.png 300w, https:\/\/nyforetagarcentrum.se\/skanenordvast\/wp-content\/uploads\/sites\/71\/2024\/04\/Karriarkompisar-1136-x-386-px-1024x348.png 1024w, https:\/\/nyforetagarcentrum.se\/skanenordvast\/wp-content\/uploads\/sites\/71\/2024\/04\/Karriarkompisar-1136-x-386-px-768x261.png 768w\" sizes=\"(max-width: 1136px) 100vw, 1136px\" \/>                                    \n                <\/div>\n                <div class=\"featured-card__content\">\n                                            <div class=\"tag\"> Success Stories<\/div>\n                                        \n                    <h2 class=\"title\">Fr\u00e5n start till 8 anst\u00e4llda p\u00e5 tv\u00e5 \u00e5r<\/h2>\n\n                    \n                                    <\/div>\n            <\/a>\n                    <a href='https:\/\/nyforetagarcentrum.se\/skanenordvast\/success-stories\/grattis-marah-arets-unga-nyforetagare-2022\/' class=\"featured-card\">\n                <div class=\"featured-card__image\">\n                                            <img loading=\"lazy\" decoding=\"async\" width=\"1167\" height=\"446\" src=\"https:\/\/nyforetagarcentrum.se\/skanenordvast\/wp-content\/uploads\/sites\/71\/2024\/04\/Arets-unga-foretagare-Marah_header_2022-1167x446-1.jpg\" class=\"attachment-landscape size-landscape\" alt=\"\" srcset=\"https:\/\/nyforetagarcentrum.se\/skanenordvast\/wp-content\/uploads\/sites\/71\/2024\/04\/Arets-unga-foretagare-Marah_header_2022-1167x446-1.jpg 1167w, https:\/\/nyforetagarcentrum.se\/skanenordvast\/wp-content\/uploads\/sites\/71\/2024\/04\/Arets-unga-foretagare-Marah_header_2022-1167x446-1-300x115.jpg 300w, https:\/\/nyforetagarcentrum.se\/skanenordvast\/wp-content\/uploads\/sites\/71\/2024\/04\/Arets-unga-foretagare-Marah_header_2022-1167x446-1-1024x391.jpg 1024w, https:\/\/nyforetagarcentrum.se\/skanenordvast\/wp-content\/uploads\/sites\/71\/2024\/04\/Arets-unga-foretagare-Marah_header_2022-1167x446-1-768x294.jpg 768w\" sizes=\"(max-width: 1167px) 100vw, 1167px\" \/>                                    \n                <\/div>\n                <div class=\"featured-card__content\">\n                                            <div class=\"tag\">Success Stories<\/div>\n                                        \n                    <h2 class=\"title\">Marah \u2013 \u00c5rets Unga Nyf\u00f6retagare 2022<\/h2>\n\n                    \n                                    <\/div>\n            <\/a>\n            <\/div>\n<\/section>\n\n\n<div style=\"height:49px\" aria-hidden=\"true\" class=\"wp-block-spacer\"><\/div>\n\n\n\n<div class=\"wp-block-columns is-layout-flex wp-container-core-columns-is-layout-1 wp-block-columns-is-layout-flex\">\n<div class=\"wp-block-column is-vertically-aligned-center is-layout-flow wp-block-column-is-layout-flow\">\n<div class=\"wp-block-buttons alignfull is-content-justification-center is-layout-flex wp-container-core-buttons-is-layout-1 wp-block-buttons-is-layout-flex\">\n<div class=\"wp-block-button\"><a class=\"wp-block-button__link wp-element-button\" href=\"https:\/\/nyforetagarcentrum.se\/skanenordvast\/success-stories\/\">L\u00e4s fler success stories<\/a><\/div>\n<\/div>\n<\/div>\n<\/div>\n\n\n\n<div style=\"height:49px\" aria-hidden=\"true\" class=\"wp-block-spacer\"><\/div>\n","protected":false},"excerpt":{"rendered":"<p>Nyf\u00f6retagare som lyckats<\/p>\n","protected":false},"author":1,"featured_media":0,"parent":0,"menu_order":0,"comment_status":"closed","ping_status":"closed","template":"","meta":{"footnotes":""},"acf":[],"yoast_head":"<!-- This site is optimized with the Yoast SEO plugin v22.9 - https:\/\/yoast.com\/wordpress\/plugins\/seo\/ -->\n<title>Adeptinformation - Sk\u00e5ne Nordv\u00e4st<\/title>\n<meta name=\"description\" content=\"Du som adept kan s\u00f6ka en plats i programmet om du varit hos oss p\u00e5 r\u00e5dgivning och har startat ditt f\u00f6retag f\u00f6r som l\u00e4ngst tre \u00e5r tillbaka.\" \/>\n<meta name=\"robots\" content=\"index, follow, max-snippet:-1, max-image-preview:large, max-video-preview:-1\" \/>\n<link rel=\"canonical\" href=\"https:\/\/nyforetagarcentrum.se\/skanenordvast\/adeptinformation\/\" \/>\n<meta property=\"og:locale\" content=\"sv_SE\" \/>\n<meta property=\"og:type\" content=\"article\" \/>\n<meta property=\"og:title\" content=\"Adeptinformation - Sk\u00e5ne Nordv\u00e4st\" \/>\n<meta property=\"og:description\" content=\"Du som adept kan s\u00f6ka en plats i programmet om du varit hos oss p\u00e5 r\u00e5dgivning och har startat ditt f\u00f6retag f\u00f6r som l\u00e4ngst tre \u00e5r tillbaka.\" \/>\n<meta property=\"og:url\" content=\"https:\/\/nyforetagarcentrum.se\/skanenordvast\/adeptinformation\/\" \/>\n<meta property=\"og:site_name\" content=\"Sk\u00e5ne Nordv\u00e4st\" \/>\n<meta property=\"article:modified_time\" content=\"2026-03-26T11:36:46+00:00\" \/>\n<meta name=\"twitter:card\" content=\"summary_large_image\" \/>\n<meta name=\"twitter:label1\" content=\"Ber\u00e4knad l\u00e4stid\" \/>\n\t<meta name=\"twitter:data1\" content=\"1 minut\" \/>\n<script type=\"application\/ld+json\" class=\"yoast-schema-graph\">{\"@context\":\"https:\/\/schema.org\",\"@graph\":[{\"@type\":\"WebPage\",\"@id\":\"https:\/\/nyforetagarcentrum.se\/skanenordvast\/adeptinformation\/\",\"url\":\"https:\/\/nyforetagarcentrum.se\/skanenordvast\/adeptinformation\/\",\"name\":\"Adeptinformation - Sk\u00e5ne Nordv\u00e4st\",\"isPartOf\":{\"@id\":\"https:\/\/nyforetagarcentrum.se\/skanenordvast\/#website\"},\"datePublished\":\"2024-05-28T09:48:12+00:00\",\"dateModified\":\"2026-03-26T11:36:46+00:00\",\"description\":\"Du som adept kan s\u00f6ka en plats i programmet om du varit hos oss p\u00e5 r\u00e5dgivning och har startat ditt f\u00f6retag f\u00f6r som l\u00e4ngst tre \u00e5r tillbaka.\",\"breadcrumb\":{\"@id\":\"https:\/\/nyforetagarcentrum.se\/skanenordvast\/adeptinformation\/#breadcrumb\"},\"inLanguage\":\"sv-SE\",\"potentialAction\":[{\"@type\":\"ReadAction\",\"target\":[\"https:\/\/nyforetagarcentrum.se\/skanenordvast\/adeptinformation\/\"]}]},{\"@type\":\"BreadcrumbList\",\"@id\":\"https:\/\/nyforetagarcentrum.se\/skanenordvast\/adeptinformation\/#breadcrumb\",\"itemListElement\":[{\"@type\":\"ListItem\",\"position\":1,\"name\":\"Hem\",\"item\":\"https:\/\/nyforetagarcentrum.se\/skanenordvast\/\"},{\"@type\":\"ListItem\",\"position\":2,\"name\":\"Adeptinformation\"}]},{\"@type\":\"WebSite\",\"@id\":\"https:\/\/nyforetagarcentrum.se\/skanenordvast\/#website\",\"url\":\"https:\/\/nyforetagarcentrum.se\/skanenordvast\/\",\"name\":\"Sk\u00e5ne Nordv\u00e4st\",\"description\":\"Sveriges ledande kraft f\u00f6r fler nya livskraftiga f\u00f6retag\",\"publisher\":{\"@id\":\"https:\/\/nyforetagarcentrum.se\/skanenordvast\/#organization\"},\"potentialAction\":[{\"@type\":\"SearchAction\",\"target\":{\"@type\":\"EntryPoint\",\"urlTemplate\":\"https:\/\/nyforetagarcentrum.se\/skanenordvast\/?s={search_term_string}\"},\"query-input\":\"required name=search_term_string\"}],\"inLanguage\":\"sv-SE\"},{\"@type\":\"Organization\",\"@id\":\"https:\/\/nyforetagarcentrum.se\/skanenordvast\/#organization\",\"name\":\"Sk\u00e5ne Nordv\u00e4st\",\"url\":\"https:\/\/nyforetagarcentrum.se\/skanenordvast\/\",\"logo\":{\"@type\":\"ImageObject\",\"inLanguage\":\"sv-SE\",\"@id\":\"https:\/\/nyforetagarcentrum.se\/skanenordvast\/#\/schema\/logo\/image\/\",\"url\":\"https:\/\/nyforetagarcentrum.se\/skanenordvast\/wp-content\/uploads\/sites\/71\/2024\/04\/Skane-nordvast.png\",\"contentUrl\":\"https:\/\/nyforetagarcentrum.se\/skanenordvast\/wp-content\/uploads\/sites\/71\/2024\/04\/Skane-nordvast.png\",\"width\":1082,\"height\":542,\"caption\":\"Sk\u00e5ne Nordv\u00e4st\"},\"image\":{\"@id\":\"https:\/\/nyforetagarcentrum.se\/skanenordvast\/#\/schema\/logo\/image\/\"}}]}<\/script>\n<!-- \/ Yoast SEO plugin. -->","yoast_head_json":{"title":"Adeptinformation - Sk\u00e5ne Nordv\u00e4st","description":"Du som adept kan s\u00f6ka en plats i programmet om du varit hos oss p\u00e5 r\u00e5dgivning och har startat ditt f\u00f6retag f\u00f6r som l\u00e4ngst tre \u00e5r tillbaka.","robots":{"index":"index","follow":"follow","max-snippet":"max-snippet:-1","max-image-preview":"max-image-preview:large","max-video-preview":"max-video-preview:-1"},"canonical":"https:\/\/nyforetagarcentrum.se\/skanenordvast\/adeptinformation\/","og_locale":"sv_SE","og_type":"article","og_title":"Adeptinformation - Sk\u00e5ne Nordv\u00e4st","og_description":"Du som adept kan s\u00f6ka en plats i programmet om du varit hos oss p\u00e5 r\u00e5dgivning och har startat ditt f\u00f6retag f\u00f6r som l\u00e4ngst tre \u00e5r tillbaka.","og_url":"https:\/\/nyforetagarcentrum.se\/skanenordvast\/adeptinformation\/","og_site_name":"Sk\u00e5ne Nordv\u00e4st","article_modified_time":"2026-03-26T11:36:46+00:00","twitter_card":"summary_large_image","twitter_misc":{"Ber\u00e4knad l\u00e4stid":"1 minut"},"schema":{"@context":"https:\/\/schema.org","@graph":[{"@type":"WebPage","@id":"https:\/\/nyforetagarcentrum.se\/skanenordvast\/adeptinformation\/","url":"https:\/\/nyforetagarcentrum.se\/skanenordvast\/adeptinformation\/","name":"Adeptinformation - Sk\u00e5ne Nordv\u00e4st","isPartOf":{"@id":"https:\/\/nyforetagarcentrum.se\/skanenordvast\/#website"},"datePublished":"2024-05-28T09:48:12+00:00","dateModified":"2026-03-26T11:36:46+00:00","description":"Du som adept kan s\u00f6ka en plats i programmet om du varit hos oss p\u00e5 r\u00e5dgivning och har startat ditt f\u00f6retag f\u00f6r som l\u00e4ngst tre \u00e5r tillbaka.","breadcrumb":{"@id":"https:\/\/nyforetagarcentrum.se\/skanenordvast\/adeptinformation\/#breadcrumb"},"inLanguage":"sv-SE","potentialAction":[{"@type":"ReadAction","target":["https:\/\/nyforetagarcentrum.se\/skanenordvast\/adeptinformation\/"]}]},{"@type":"BreadcrumbList","@id":"https:\/\/nyforetagarcentrum.se\/skanenordvast\/adeptinformation\/#breadcrumb","itemListElement":[{"@type":"ListItem","position":1,"name":"Hem","item":"https:\/\/nyforetagarcentrum.se\/skanenordvast\/"},{"@type":"ListItem","position":2,"name":"Adeptinformation"}]},{"@type":"WebSite","@id":"https:\/\/nyforetagarcentrum.se\/skanenordvast\/#website","url":"https:\/\/nyforetagarcentrum.se\/skanenordvast\/","name":"Sk\u00e5ne Nordv\u00e4st","description":"Sveriges ledande kraft f\u00f6r fler nya livskraftiga f\u00f6retag","publisher":{"@id":"https:\/\/nyforetagarcentrum.se\/skanenordvast\/#organization"},"potentialAction":[{"@type":"SearchAction","target":{"@type":"EntryPoint","urlTemplate":"https:\/\/nyforetagarcentrum.se\/skanenordvast\/?s={search_term_string}"},"query-input":"required name=search_term_string"}],"inLanguage":"sv-SE"},{"@type":"Organization","@id":"https:\/\/nyforetagarcentrum.se\/skanenordvast\/#organization","name":"Sk\u00e5ne Nordv\u00e4st","url":"https:\/\/nyforetagarcentrum.se\/skanenordvast\/","logo":{"@type":"ImageObject","inLanguage":"sv-SE","@id":"https:\/\/nyforetagarcentrum.se\/skanenordvast\/#\/schema\/logo\/image\/","url":"https:\/\/nyforetagarcentrum.se\/skanenordvast\/wp-content\/uploads\/sites\/71\/2024\/04\/Skane-nordvast.png","contentUrl":"https:\/\/nyforetagarcentrum.se\/skanenordvast\/wp-content\/uploads\/sites\/71\/2024\/04\/Skane-nordvast.png","width":1082,"height":542,"caption":"Sk\u00e5ne Nordv\u00e4st"},"image":{"@id":"https:\/\/nyforetagarcentrum.se\/skanenordvast\/#\/schema\/logo\/image\/"}}]}},"_links":{"self":[{"href":"https:\/\/nyforetagarcentrum.se\/skanenordvast\/wp-json\/wp\/v2\/pages\/2048"}],"collection":[{"href":"https:\/\/nyforetagarcentrum.se\/skanenordvast\/wp-json\/wp\/v2\/pages"}],"about":[{"href":"https:\/\/nyforetagarcentrum.se\/skanenordvast\/wp-json\/wp\/v2\/types\/page"}],"author":[{"embeddable":true,"href":"https:\/\/nyforetagarcentrum.se\/skanenordvast\/wp-json\/wp\/v2\/users\/1"}],"replies":[{"embeddable":true,"href":"https:\/\/nyforetagarcentrum.se\/skanenordvast\/wp-json\/wp\/v2\/comments?post=2048"}],"version-history":[{"count":28,"href":"https:\/\/nyforetagarcentrum.se\/skanenordvast\/wp-json\/wp\/v2\/pages\/2048\/revisions"}],"predecessor-version":[{"id":3398,"href":"https:\/\/nyforetagarcentrum.se\/skanenordvast\/wp-json\/wp\/v2\/pages\/2048\/revisions\/3398"}],"wp:attachment":[{"href":"https:\/\/nyforetagarcentrum.se\/skanenordvast\/wp-json\/wp\/v2\/media?parent=2048"}],"curies":[{"name":"wp","href":"https:\/\/api.w.org\/{rel}","templated":true}]}}