{"id":239,"date":"2024-02-29T13:59:39","date_gmt":"2024-02-29T12:59:39","guid":{"rendered":"https:\/\/nyforetagarcentrum.se\/sigtuna\/?page_id=239"},"modified":"2024-09-27T15:06:59","modified_gmt":"2024-09-27T13:06:59","slug":"vara-radgivare","status":"publish","type":"page","link":"https:\/\/nyforetagarcentrum.se\/sigtuna\/vara-radgivare\/","title":{"rendered":"V\u00e5ra r\u00e5dgivare"},"content":{"rendered":"<section  class=\"nfc-block-hero alignfull\">\n\n    <img loading=\"lazy\" decoding=\"async\" width=\"1476\" height=\"984\" src=\"https:\/\/nyforetagarcentrum.se\/sigtuna\/wp-content\/uploads\/sites\/11\/2024\/02\/Nyforetagare-ung-LOW.jpg\" class=\"attachment-landscape size-landscape\" alt=\"\" srcset=\"https:\/\/nyforetagarcentrum.se\/sigtuna\/wp-content\/uploads\/sites\/11\/2024\/02\/Nyforetagare-ung-LOW.jpg 1476w, https:\/\/nyforetagarcentrum.se\/sigtuna\/wp-content\/uploads\/sites\/11\/2024\/02\/Nyforetagare-ung-LOW-300x200.jpg 300w, https:\/\/nyforetagarcentrum.se\/sigtuna\/wp-content\/uploads\/sites\/11\/2024\/02\/Nyforetagare-ung-LOW-1024x683.jpg 1024w, https:\/\/nyforetagarcentrum.se\/sigtuna\/wp-content\/uploads\/sites\/11\/2024\/02\/Nyforetagare-ung-LOW-768x512.jpg 768w\" sizes=\"(max-width: 1476px) 100vw, 1476px\" \/>\n    <div class=\"contained\">\n        <h1 class=\"nfc-block-hero__heading\">V\u00e5ra r\u00e5dgivare<\/h1>\n\n            <\/div>\n<\/section>\n\n\n<div style=\"height:49px\" aria-hidden=\"true\" class=\"wp-block-spacer\"><\/div>\n\n\n<section  class=\"nfc-block-breadcrumbs alignwide\">\n    <div class=\"wrapper contained\">\n        <ol class=\"breadcrumbs\" itemscope itemtype=\"https:\/\/schema.org\/BreadcrumbList\">\n            <li itemprop=\"itemListElement\" itemscope itemtype=\"https:\/\/schema.org\/ListItem\">\n            \n\n                            <span class=\"current\" itemprop=\"name\">Hem<\/span>\n            \n            <meta itemprop=\"position\" content=\"1\" \/>\n        <\/li>\n    <\/ol>    <\/div>\n<\/section>\n\n\n<div class=\"wp-block-group alignfull is-layout-constrained wp-block-group-is-layout-constrained\">\n<div style=\"height:var(--wp--preset--spacing--80)\" aria-hidden=\"true\" class=\"wp-block-spacer\"><\/div>\n\n\n\n<p class=\"has-text-align-center\">V\u00e5ra r\u00e5dgivare \u00e4r eller har varit f\u00f6retagare sj\u00e4lva, med erfarenhet av vad det inneb\u00e4r att b\u00f6rja fr\u00e5n b\u00f6rjan. De har ocks\u00e5 n\u00e4tverk i sina respektive hemorter, en lokal f\u00f6rankring och kan guida dig till n\u00e4ringslivskontakter som du kan ha stor nytta av i ditt blivande aff\u00e4rsliv.<\/p>\n\n\n\n<div style=\"height:21px\" aria-hidden=\"true\" class=\"wp-block-spacer\"><\/div>\n\n\n\n<div class=\"wp-block-buttons is-content-justification-center is-layout-flex wp-container-core-buttons-is-layout-1 wp-block-buttons-is-layout-flex\">\n<div class=\"wp-block-button is-style-outline\"><a class=\"wp-block-button__link wp-element-button\" href=\"https:\/\/jobsdata-nyforetagarcentrum.se\/ExternBooking?OfficeId=19e0653a-9a3a-e911-90f7-005056854b61&amp;_gl=1*lk3kl7*_ga*MjM3MzkyMTUuMTcwODU0OTMxNg..*_ga_9RRJJK0Y4R*MTcxMTYxNDU2MC4xMS4xLjE3MTE2MTQ4NTUuMzAuMC4w\" target=\"_blank\" rel=\"noreferrer noopener\">Boka r\u00e5dgivning h\u00e4r<\/a><\/div>\n<\/div>\n\n\n\n<div style=\"height:var(--wp--preset--spacing--80)\" aria-hidden=\"true\" class=\"wp-block-spacer\"><\/div>\n<\/div>\n\n\n\n<div class=\"wp-block-group alignwide is-layout-constrained wp-block-group-is-layout-constrained\">\n<p><\/p>\n\n\n\n<div class=\"wp-block-group alignwide is-layout-constrained wp-block-group-is-layout-constrained\"><section  class=\"nfc-block-person_grid alignwide layout-small\">\n    <div class=\"contained\">\n        <div class=\"grid\">\n            <div class=\"person-card\">\n    \n            <div class=\"featured_image\">\n            <img loading=\"lazy\" decoding=\"async\" width=\"150\" height=\"150\" src=\"https:\/\/nyforetagarcentrum.se\/sigtuna\/wp-content\/uploads\/sites\/11\/2024\/03\/DSCF0015-copy-copy-5-2-250x375-1-150x150.jpg\" class=\"attachment-thumbnail size-thumbnail\" alt=\"\" \/>        <\/div>\n    \n    <div class=\"content-wrapper\">\n        <div class=\"top\">\n                    <\/div>\n        \n        <h3>Maria Ekman<\/h3>\n\n        <div class=\"excerpt\">\n            Verksamhetsansvarig och diplomerad r\u00e5dgivare <br \/>\r\n<br \/>\r\nI sin roll hos Nyf\u00f6retagarCentrum anv\u00e4nder Maria Eugenia sin internationella erfarenhet och juridiska bakgrund f\u00f6r att st\u00f6tta nya och blivande f\u00f6retagare. Hon erbjuder v\u00e4gledning inom:<br \/>\r\n\u2705 Aff\u00e4rsplan och strategier: Hj\u00e4lper till att formulera och f\u00f6lja en l\u00e5ngsiktig och h\u00e5llbar aff\u00e4rsplan.<br \/>\r\n\u2705 Juridiska och formella aspekter: Ger r\u00e5d om f\u00f6retagsformer, skatter, tillst\u00e5nd och andra formalia som en nystartad verksamhet st\u00e5r inf\u00f6r.<br \/>\r\n\u2705 Ekonomi och finansiering: St\u00f6djer i fr\u00e5gor som r\u00f6r budget, priss\u00e4ttning och l\u00f6nsamhet, och kan visa v\u00e4gar till extern finansiering och l\u00e5n.<br \/>\r\n\u2705 N\u00e4tverk och kontakter: Som en del av Nyf\u00f6retagarCentrums team kan hon spela en viktig roll i att f\u00f6ra ihop nya f\u00f6retagare med lokala n\u00e4ringslivskontakter och m\u00f6jliga samarbetspartners.<br \/>\r\n        <\/div>\n\n        <div class=\"links\">\n                            <a href=\"tel:073 434 5452\">\n                    Telefon: 073 434 5452                <\/a>\n            \n                            <a href=\"mailto:maria.ekman@nyforetagarcentrum.se\">\n                    MAIL: maria.ekman@nyforetagarcentrum.se                <\/a>\n                    <\/div>\n        \n    <\/div>\n<\/div><div class=\"person-card\">\n    \n            <div class=\"featured_image\">\n            <img loading=\"lazy\" decoding=\"async\" width=\"150\" height=\"150\" src=\"https:\/\/nyforetagarcentrum.se\/sigtuna\/wp-content\/uploads\/sites\/11\/2024\/08\/Bild_1-TS-glad-150x150.jpg\" class=\"attachment-thumbnail size-thumbnail\" alt=\"\" srcset=\"https:\/\/nyforetagarcentrum.se\/sigtuna\/wp-content\/uploads\/sites\/11\/2024\/08\/Bild_1-TS-glad-150x150.jpg 150w, https:\/\/nyforetagarcentrum.se\/sigtuna\/wp-content\/uploads\/sites\/11\/2024\/08\/Bild_1-TS-glad-300x300.jpg 300w, https:\/\/nyforetagarcentrum.se\/sigtuna\/wp-content\/uploads\/sites\/11\/2024\/08\/Bild_1-TS-glad-1024x1024.jpg 1024w, https:\/\/nyforetagarcentrum.se\/sigtuna\/wp-content\/uploads\/sites\/11\/2024\/08\/Bild_1-TS-glad-768x768.jpg 768w, https:\/\/nyforetagarcentrum.se\/sigtuna\/wp-content\/uploads\/sites\/11\/2024\/08\/Bild_1-TS-glad-1536x1536.jpg 1536w, https:\/\/nyforetagarcentrum.se\/sigtuna\/wp-content\/uploads\/sites\/11\/2024\/08\/Bild_1-TS-glad-2048x2048.jpg 2048w, https:\/\/nyforetagarcentrum.se\/sigtuna\/wp-content\/uploads\/sites\/11\/2024\/08\/Bild_1-TS-glad-1080x1080.jpg 1080w\" sizes=\"(max-width: 150px) 100vw, 150px\" \/>        <\/div>\n    \n    <div class=\"content-wrapper\">\n        <div class=\"top\">\n                    <\/div>\n        \n        <h3>Tomas Stens<\/h3>\n\n        <div class=\"excerpt\">\n            Diplomerad f\u00f6retagsr\u00e5dgivare, civilekonom, ekonomil\u00e4rare, projektledare och f\u00f6retagare med chefsbakgrund b\u00e5de inom n\u00e4ringsliv och kommun. Stort intresse f\u00f6r entrepren\u00f6rskap, aff\u00e4rsutveckling, digital marknadsf\u00f6ring och offentlig upphandling och hj\u00e4lper g\u00e4rna till med allt som har med f\u00f6retagande att g\u00f6ra. Specialkunskaper inom Utbildning, LOU, Artificiell Intelligens(AI), S\u00e4kerhetsbranschen, Turism. R\u00e5dgivare p\u00e5 Nyf\u00f6retagarcentrum i 6 kommuner (Botkyrka-Huddinge, Nyn\u00e4shamn-Haninge, Sigtuna, Stockholms. Talar \u00e4ven engelska, tyska och finska. Kunskap och intresse f\u00f6r en m\u00e4ngd olika branscher.        <\/div>\n\n        <div class=\"links\">\n            \n                            <a href=\"mailto:tomas.stens@nyforetagarcentrum.se\">\n                    MAIL: tomas.stens@nyforetagarcentrum.se                <\/a>\n                    <\/div>\n        \n    <\/div>\n<\/div><div class=\"person-card\">\n    \n            <div class=\"featured_image\">\n            <img loading=\"lazy\" decoding=\"async\" width=\"150\" height=\"150\" src=\"https:\/\/nyforetagarcentrum.se\/sigtuna\/wp-content\/uploads\/sites\/11\/2024\/03\/DalalNasr-Botkyrka-250x250-1-150x150.jpg\" class=\"attachment-thumbnail size-thumbnail\" alt=\"\" srcset=\"https:\/\/nyforetagarcentrum.se\/sigtuna\/wp-content\/uploads\/sites\/11\/2024\/03\/DalalNasr-Botkyrka-250x250-1-150x150.jpg 150w, https:\/\/nyforetagarcentrum.se\/sigtuna\/wp-content\/uploads\/sites\/11\/2024\/03\/DalalNasr-Botkyrka-250x250-1.jpg 250w\" sizes=\"(max-width: 150px) 100vw, 150px\" \/>        <\/div>\n    \n    <div class=\"content-wrapper\">\n        <div class=\"top\">\n                    <\/div>\n        \n        <h3>Dalal Nasr<\/h3>\n\n        <div class=\"excerpt\">\n            Erfaren r\u00e5dgivare och civilekonom med erfarenhet inom bank och finans, f\u00f6retagsr\u00e5dgivning samt aff\u00e4rsutveckling. Min kompetens som str\u00e4cker sig fr\u00e5n finansiell analys, riskhantering till strategisk aff\u00e4rsutveckling och operativt st\u00f6d f\u00f6r f\u00f6retag i alla faser, g\u00f6r mig till en r\u00e5dgivare som ser hela bilden. Jag kan hj\u00e4lpa dig att vassa ner din aff\u00e4rsid\u00e9, starta samt s\u00e4kerst\u00e4lla h\u00e5llbarhet och l\u00f6nsamhet i ditt f\u00f6retag. Diplomerad r\u00e5dgivare p\u00e5 Nyf\u00f6retagarCentrum i flera kommuner och Starta eget Stockholm. F\u00f6rutom svenska talar arabiska, engelska och franska.        <\/div>\n\n        <div class=\"links\">\n            \n                            <a href=\"mailto:dalal.nasr@nyforetagarcentrum.se\">\n                    MAIL: dalal.nasr@nyforetagarcentrum.se                <\/a>\n                    <\/div>\n        \n    <\/div>\n<\/div>        <\/div>\n    <\/div>\n<\/section>\n\n\n<div class=\"wp-block-group is-layout-constrained wp-block-group-is-layout-constrained\">\n<div class=\"wp-block-columns is-layout-flex wp-container-core-columns-is-layout-1 wp-block-columns-is-layout-flex\">\n<div class=\"wp-block-column is-layout-flow wp-block-column-is-layout-flow\"><\/div>\n\n\n\n<div class=\"wp-block-column is-layout-flow wp-block-column-is-layout-flow\"><\/div>\n<\/div>\n<\/div>\n<\/div>\n<\/div>\n","protected":false},"excerpt":{"rendered":"<p>V\u00e5ra r\u00e5dgivare \u00e4r eller har varit f\u00f6retagare sj\u00e4lva, med erfarenhet av vad det inneb\u00e4r att b\u00f6rja fr\u00e5n b\u00f6rjan. De har ocks\u00e5 n\u00e4tverk i sina respektive hemorter, en lokal f\u00f6rankring och kan guida dig till n\u00e4ringslivskontakter som du kan ha stor nytta av i ditt blivande aff\u00e4rsliv.<\/p>\n","protected":false},"author":1,"featured_media":0,"parent":0,"menu_order":0,"comment_status":"closed","ping_status":"closed","template":"","meta":{"footnotes":""},"acf":[],"yoast_head":"<!-- This site is optimized with the Yoast SEO plugin v22.9 - https:\/\/yoast.com\/wordpress\/plugins\/seo\/ -->\n<title>V\u00e5ra r\u00e5dgivare | NFC Sigtuna<\/title>\n<meta name=\"description\" content=\"F\u00e5 kostnadsfri och personlig r\u00e5dgivning fr\u00e5n experter som hj\u00e4lper dig att starta och utveckla ditt f\u00f6retag!\" \/>\n<meta name=\"robots\" content=\"index, follow, max-snippet:-1, max-image-preview:large, max-video-preview:-1\" \/>\n<link rel=\"canonical\" href=\"https:\/\/nyforetagarcentrum.se\/sigtuna\/vara-radgivare\/\" \/>\n<meta property=\"og:locale\" content=\"sv_SE\" \/>\n<meta property=\"og:type\" content=\"article\" \/>\n<meta property=\"og:title\" content=\"V\u00e5ra r\u00e5dgivare | NFC Sigtuna\" \/>\n<meta property=\"og:description\" content=\"F\u00e5 kostnadsfri och personlig r\u00e5dgivning fr\u00e5n experter som hj\u00e4lper dig att starta och utveckla ditt f\u00f6retag!\" \/>\n<meta property=\"og:url\" content=\"https:\/\/nyforetagarcentrum.se\/sigtuna\/vara-radgivare\/\" \/>\n<meta property=\"og:site_name\" content=\"Sigtuna\" \/>\n<meta property=\"article:modified_time\" content=\"2024-09-27T13:06:59+00:00\" \/>\n<meta name=\"twitter:card\" content=\"summary_large_image\" \/>\n<meta name=\"twitter:label1\" content=\"Ber\u00e4knad l\u00e4stid\" \/>\n\t<meta name=\"twitter:data1\" content=\"1 minut\" \/>\n<script type=\"application\/ld+json\" class=\"yoast-schema-graph\">{\"@context\":\"https:\/\/schema.org\",\"@graph\":[{\"@type\":\"WebPage\",\"@id\":\"https:\/\/nyforetagarcentrum.se\/sigtuna\/vara-radgivare\/\",\"url\":\"https:\/\/nyforetagarcentrum.se\/sigtuna\/vara-radgivare\/\",\"name\":\"V\u00e5ra r\u00e5dgivare | NFC Sigtuna\",\"isPartOf\":{\"@id\":\"https:\/\/nyforetagarcentrum.se\/sigtuna\/#website\"},\"datePublished\":\"2024-02-29T12:59:39+00:00\",\"dateModified\":\"2024-09-27T13:06:59+00:00\",\"description\":\"F\u00e5 kostnadsfri och personlig r\u00e5dgivning fr\u00e5n experter som hj\u00e4lper dig att starta och utveckla ditt f\u00f6retag!\",\"breadcrumb\":{\"@id\":\"https:\/\/nyforetagarcentrum.se\/sigtuna\/vara-radgivare\/#breadcrumb\"},\"inLanguage\":\"sv-SE\",\"potentialAction\":[{\"@type\":\"ReadAction\",\"target\":[\"https:\/\/nyforetagarcentrum.se\/sigtuna\/vara-radgivare\/\"]}]},{\"@type\":\"BreadcrumbList\",\"@id\":\"https:\/\/nyforetagarcentrum.se\/sigtuna\/vara-radgivare\/#breadcrumb\",\"itemListElement\":[{\"@type\":\"ListItem\",\"position\":1,\"name\":\"Hem\",\"item\":\"https:\/\/nyforetagarcentrum.se\/sigtuna\/\"},{\"@type\":\"ListItem\",\"position\":2,\"name\":\"V\u00e5ra r\u00e5dgivare\"}]},{\"@type\":\"WebSite\",\"@id\":\"https:\/\/nyforetagarcentrum.se\/sigtuna\/#website\",\"url\":\"https:\/\/nyforetagarcentrum.se\/sigtuna\/\",\"name\":\"Sigtuna\",\"description\":\"Sveriges ledande kraft f\u00f6r fler nya livskraftiga f\u00f6retag\",\"publisher\":{\"@id\":\"https:\/\/nyforetagarcentrum.se\/sigtuna\/#organization\"},\"potentialAction\":[{\"@type\":\"SearchAction\",\"target\":{\"@type\":\"EntryPoint\",\"urlTemplate\":\"https:\/\/nyforetagarcentrum.se\/sigtuna\/?s={search_term_string}\"},\"query-input\":\"required name=search_term_string\"}],\"inLanguage\":\"sv-SE\"},{\"@type\":\"Organization\",\"@id\":\"https:\/\/nyforetagarcentrum.se\/sigtuna\/#organization\",\"name\":\"Sigtuna\",\"url\":\"https:\/\/nyforetagarcentrum.se\/sigtuna\/\",\"logo\":{\"@type\":\"ImageObject\",\"inLanguage\":\"sv-SE\",\"@id\":\"https:\/\/nyforetagarcentrum.se\/sigtuna\/#\/schema\/logo\/image\/\",\"url\":\"https:\/\/nyforetagarcentrum.se\/sigtuna\/wp-content\/uploads\/sites\/11\/2024\/04\/Sigtuna.png\",\"contentUrl\":\"https:\/\/nyforetagarcentrum.se\/sigtuna\/wp-content\/uploads\/sites\/11\/2024\/04\/Sigtuna.png\",\"width\":1082,\"height\":542,\"caption\":\"Sigtuna\"},\"image\":{\"@id\":\"https:\/\/nyforetagarcentrum.se\/sigtuna\/#\/schema\/logo\/image\/\"}}]}<\/script>\n<!-- \/ Yoast SEO plugin. -->","yoast_head_json":{"title":"V\u00e5ra r\u00e5dgivare | NFC Sigtuna","description":"F\u00e5 kostnadsfri och personlig r\u00e5dgivning fr\u00e5n experter som hj\u00e4lper dig att starta och utveckla ditt f\u00f6retag!","robots":{"index":"index","follow":"follow","max-snippet":"max-snippet:-1","max-image-preview":"max-image-preview:large","max-video-preview":"max-video-preview:-1"},"canonical":"https:\/\/nyforetagarcentrum.se\/sigtuna\/vara-radgivare\/","og_locale":"sv_SE","og_type":"article","og_title":"V\u00e5ra r\u00e5dgivare | NFC Sigtuna","og_description":"F\u00e5 kostnadsfri och personlig r\u00e5dgivning fr\u00e5n experter som hj\u00e4lper dig att starta och utveckla ditt f\u00f6retag!","og_url":"https:\/\/nyforetagarcentrum.se\/sigtuna\/vara-radgivare\/","og_site_name":"Sigtuna","article_modified_time":"2024-09-27T13:06:59+00:00","twitter_card":"summary_large_image","twitter_misc":{"Ber\u00e4knad l\u00e4stid":"1 minut"},"schema":{"@context":"https:\/\/schema.org","@graph":[{"@type":"WebPage","@id":"https:\/\/nyforetagarcentrum.se\/sigtuna\/vara-radgivare\/","url":"https:\/\/nyforetagarcentrum.se\/sigtuna\/vara-radgivare\/","name":"V\u00e5ra r\u00e5dgivare | NFC Sigtuna","isPartOf":{"@id":"https:\/\/nyforetagarcentrum.se\/sigtuna\/#website"},"datePublished":"2024-02-29T12:59:39+00:00","dateModified":"2024-09-27T13:06:59+00:00","description":"F\u00e5 kostnadsfri och personlig r\u00e5dgivning fr\u00e5n experter som hj\u00e4lper dig att starta och utveckla ditt f\u00f6retag!","breadcrumb":{"@id":"https:\/\/nyforetagarcentrum.se\/sigtuna\/vara-radgivare\/#breadcrumb"},"inLanguage":"sv-SE","potentialAction":[{"@type":"ReadAction","target":["https:\/\/nyforetagarcentrum.se\/sigtuna\/vara-radgivare\/"]}]},{"@type":"BreadcrumbList","@id":"https:\/\/nyforetagarcentrum.se\/sigtuna\/vara-radgivare\/#breadcrumb","itemListElement":[{"@type":"ListItem","position":1,"name":"Hem","item":"https:\/\/nyforetagarcentrum.se\/sigtuna\/"},{"@type":"ListItem","position":2,"name":"V\u00e5ra r\u00e5dgivare"}]},{"@type":"WebSite","@id":"https:\/\/nyforetagarcentrum.se\/sigtuna\/#website","url":"https:\/\/nyforetagarcentrum.se\/sigtuna\/","name":"Sigtuna","description":"Sveriges ledande kraft f\u00f6r fler nya livskraftiga f\u00f6retag","publisher":{"@id":"https:\/\/nyforetagarcentrum.se\/sigtuna\/#organization"},"potentialAction":[{"@type":"SearchAction","target":{"@type":"EntryPoint","urlTemplate":"https:\/\/nyforetagarcentrum.se\/sigtuna\/?s={search_term_string}"},"query-input":"required name=search_term_string"}],"inLanguage":"sv-SE"},{"@type":"Organization","@id":"https:\/\/nyforetagarcentrum.se\/sigtuna\/#organization","name":"Sigtuna","url":"https:\/\/nyforetagarcentrum.se\/sigtuna\/","logo":{"@type":"ImageObject","inLanguage":"sv-SE","@id":"https:\/\/nyforetagarcentrum.se\/sigtuna\/#\/schema\/logo\/image\/","url":"https:\/\/nyforetagarcentrum.se\/sigtuna\/wp-content\/uploads\/sites\/11\/2024\/04\/Sigtuna.png","contentUrl":"https:\/\/nyforetagarcentrum.se\/sigtuna\/wp-content\/uploads\/sites\/11\/2024\/04\/Sigtuna.png","width":1082,"height":542,"caption":"Sigtuna"},"image":{"@id":"https:\/\/nyforetagarcentrum.se\/sigtuna\/#\/schema\/logo\/image\/"}}]}},"_links":{"self":[{"href":"https:\/\/nyforetagarcentrum.se\/sigtuna\/wp-json\/wp\/v2\/pages\/239"}],"collection":[{"href":"https:\/\/nyforetagarcentrum.se\/sigtuna\/wp-json\/wp\/v2\/pages"}],"about":[{"href":"https:\/\/nyforetagarcentrum.se\/sigtuna\/wp-json\/wp\/v2\/types\/page"}],"author":[{"embeddable":true,"href":"https:\/\/nyforetagarcentrum.se\/sigtuna\/wp-json\/wp\/v2\/users\/1"}],"replies":[{"embeddable":true,"href":"https:\/\/nyforetagarcentrum.se\/sigtuna\/wp-json\/wp\/v2\/comments?post=239"}],"version-history":[{"count":53,"href":"https:\/\/nyforetagarcentrum.se\/sigtuna\/wp-json\/wp\/v2\/pages\/239\/revisions"}],"predecessor-version":[{"id":1256,"href":"https:\/\/nyforetagarcentrum.se\/sigtuna\/wp-json\/wp\/v2\/pages\/239\/revisions\/1256"}],"wp:attachment":[{"href":"https:\/\/nyforetagarcentrum.se\/sigtuna\/wp-json\/wp\/v2\/media?parent=239"}],"curies":[{"name":"wp","href":"https:\/\/api.w.org\/{rel}","templated":true}]}}