{"id":164,"date":"2024-02-27T16:05:17","date_gmt":"2024-02-27T15:05:17","guid":{"rendered":"https:\/\/nyforetagarcentrum.se\/sigtuna\/?page_id=164"},"modified":"2025-06-19T12:04:53","modified_gmt":"2025-06-19T10:04:53","slug":"var-styrelse","status":"publish","type":"page","link":"https:\/\/nyforetagarcentrum.se\/sigtuna\/var-styrelse\/","title":{"rendered":"V\u00e5r styrelse"},"content":{"rendered":"<section  class=\"nfc-block-hero alignfull\">\n\n    <img loading=\"lazy\" decoding=\"async\" width=\"1476\" height=\"984\" src=\"https:\/\/nyforetagarcentrum.se\/sigtuna\/wp-content\/uploads\/sites\/11\/2024\/02\/Nyforetagare-kultur-LOW.jpg\" class=\"attachment-landscape size-landscape\" alt=\"\" srcset=\"https:\/\/nyforetagarcentrum.se\/sigtuna\/wp-content\/uploads\/sites\/11\/2024\/02\/Nyforetagare-kultur-LOW.jpg 1476w, https:\/\/nyforetagarcentrum.se\/sigtuna\/wp-content\/uploads\/sites\/11\/2024\/02\/Nyforetagare-kultur-LOW-300x200.jpg 300w, https:\/\/nyforetagarcentrum.se\/sigtuna\/wp-content\/uploads\/sites\/11\/2024\/02\/Nyforetagare-kultur-LOW-1024x683.jpg 1024w, https:\/\/nyforetagarcentrum.se\/sigtuna\/wp-content\/uploads\/sites\/11\/2024\/02\/Nyforetagare-kultur-LOW-768x512.jpg 768w\" sizes=\"(max-width: 1476px) 100vw, 1476px\" \/>\n    <div class=\"contained\">\n        <h1 class=\"nfc-block-hero__heading\">V\u00e5r styrelse<\/h1>\n\n            <\/div>\n<\/section>\n\n\n<div style=\"height:50px\" aria-hidden=\"true\" class=\"wp-block-spacer\"><\/div>\n\n\n<section  class=\"nfc-block-breadcrumbs alignwide\">\n    <div class=\"wrapper contained\">\n        <ol class=\"breadcrumbs\" itemscope itemtype=\"https:\/\/schema.org\/BreadcrumbList\">\n            <li itemprop=\"itemListElement\" itemscope itemtype=\"https:\/\/schema.org\/ListItem\">\n            \n\n                            <span class=\"current\" itemprop=\"name\">Hem<\/span>\n            \n            <meta itemprop=\"position\" content=\"1\" \/>\n        <\/li>\n    <\/ol>    <\/div>\n<\/section>\n\n<section  class=\"nfc-block-person_grid alignwide layout-small\">\n    <div class=\"contained\">\n        <div class=\"grid\">\n            <div class=\"person-card\">\n    \n            <div class=\"featured_image\">\n            <img loading=\"lazy\" decoding=\"async\" width=\"150\" height=\"150\" src=\"https:\/\/nyforetagarcentrum.se\/sigtuna\/wp-content\/uploads\/sites\/11\/2026\/02\/IMG_2312_Ingrid_Anderbjork-Rosie-Alm-1-150x150.jpg\" class=\"attachment-thumbnail size-thumbnail\" alt=\"\" \/>        <\/div>\n    \n    <div class=\"content-wrapper\">\n        <div class=\"top\">\n                    <\/div>\n        \n        <h3>Ingrid Anderbj\u00f6rk<\/h3>\n\n        <div class=\"excerpt\">\n            Ingrid Anderbj\u00f6rk <br \/>\r\nN\u00e4ringslivschef i Sigtuna Kommun         <\/div>\n\n        <div class=\"links\">\n            \n                    <\/div>\n        \n    <\/div>\n<\/div><div class=\"person-card\">\n    \n            <div class=\"featured_image\">\n            <img loading=\"lazy\" decoding=\"async\" width=\"150\" height=\"150\" src=\"https:\/\/nyforetagarcentrum.se\/sigtuna\/wp-content\/uploads\/sites\/11\/2024\/03\/Andie_Lahdo-150x150.jpg\" class=\"attachment-thumbnail size-thumbnail\" alt=\"\" srcset=\"https:\/\/nyforetagarcentrum.se\/sigtuna\/wp-content\/uploads\/sites\/11\/2024\/03\/Andie_Lahdo-150x150.jpg 150w, https:\/\/nyforetagarcentrum.se\/sigtuna\/wp-content\/uploads\/sites\/11\/2024\/03\/Andie_Lahdo-300x300.jpg 300w, https:\/\/nyforetagarcentrum.se\/sigtuna\/wp-content\/uploads\/sites\/11\/2024\/03\/Andie_Lahdo-1024x1024.jpg 1024w, https:\/\/nyforetagarcentrum.se\/sigtuna\/wp-content\/uploads\/sites\/11\/2024\/03\/Andie_Lahdo-768x768.jpg 768w, https:\/\/nyforetagarcentrum.se\/sigtuna\/wp-content\/uploads\/sites\/11\/2024\/03\/Andie_Lahdo-1080x1080.jpg 1080w, https:\/\/nyforetagarcentrum.se\/sigtuna\/wp-content\/uploads\/sites\/11\/2024\/03\/Andie_Lahdo.jpg 1167w\" sizes=\"(max-width: 150px) 100vw, 150px\" \/>        <\/div>\n    \n    <div class=\"content-wrapper\">\n        <div class=\"top\">\n                    <\/div>\n        \n        <h3>Andie Lahdo<\/h3>\n\n        <div class=\"excerpt\">\n            Ordf\u00f6rande <br \/>\r\nABS Wheels Sweden AB<br \/>\r\n<br \/>\r\n        <\/div>\n\n        <div class=\"links\">\n            \n                            <a href=\"mailto:andie@abswheels.se\">\n                    MAIL: andie@abswheels.se                <\/a>\n                    <\/div>\n        \n    <\/div>\n<\/div><div class=\"person-card\">\n    \n            <div class=\"featured_image\">\n            <img loading=\"lazy\" decoding=\"async\" width=\"150\" height=\"150\" src=\"https:\/\/nyforetagarcentrum.se\/sigtuna\/wp-content\/uploads\/sites\/11\/2024\/04\/Maria_Carlsson_2-150x150.jpg\" class=\"attachment-thumbnail size-thumbnail\" alt=\"\" srcset=\"https:\/\/nyforetagarcentrum.se\/sigtuna\/wp-content\/uploads\/sites\/11\/2024\/04\/Maria_Carlsson_2-150x150.jpg 150w, https:\/\/nyforetagarcentrum.se\/sigtuna\/wp-content\/uploads\/sites\/11\/2024\/04\/Maria_Carlsson_2-300x300.jpg 300w, https:\/\/nyforetagarcentrum.se\/sigtuna\/wp-content\/uploads\/sites\/11\/2024\/04\/Maria_Carlsson_2-1024x1024.jpg 1024w, https:\/\/nyforetagarcentrum.se\/sigtuna\/wp-content\/uploads\/sites\/11\/2024\/04\/Maria_Carlsson_2-768x768.jpg 768w, https:\/\/nyforetagarcentrum.se\/sigtuna\/wp-content\/uploads\/sites\/11\/2024\/04\/Maria_Carlsson_2-1536x1536.jpg 1536w, https:\/\/nyforetagarcentrum.se\/sigtuna\/wp-content\/uploads\/sites\/11\/2024\/04\/Maria_Carlsson_2-1080x1080.jpg 1080w, https:\/\/nyforetagarcentrum.se\/sigtuna\/wp-content\/uploads\/sites\/11\/2024\/04\/Maria_Carlsson_2.jpg 2048w\" sizes=\"(max-width: 150px) 100vw, 150px\" \/>        <\/div>\n    \n    <div class=\"content-wrapper\">\n        <div class=\"top\">\n                    <\/div>\n        \n        <h3>Maria Carlsson<\/h3>\n\n        <div class=\"excerpt\">\n            Ledamot<br \/>\r\nMarknadsansvarig Sigtuna Hem        <\/div>\n\n        <div class=\"links\">\n            \n                    <\/div>\n        \n    <\/div>\n<\/div><div class=\"person-card\">\n    \n            <div class=\"featured_image\">\n            <img loading=\"lazy\" decoding=\"async\" width=\"150\" height=\"150\" src=\"https:\/\/nyforetagarcentrum.se\/sigtuna\/wp-content\/uploads\/sites\/11\/2024\/04\/DSCF2395_292-kopia-min-e1717406952288-150x150.jpeg\" class=\"attachment-thumbnail size-thumbnail\" alt=\"\" \/>        <\/div>\n    \n    <div class=\"content-wrapper\">\n        <div class=\"top\">\n                    <\/div>\n        \n        <h3>Kristina Appelgren<\/h3>\n\n        <div class=\"excerpt\">\n            Ledamot<br \/>\r\nF\u00f6rvaltare Fast Partners M\u00e4rsta        <\/div>\n\n        <div class=\"links\">\n            \n                    <\/div>\n        \n    <\/div>\n<\/div><div class=\"person-card\">\n    \n            <div class=\"featured_image\">\n            <img loading=\"lazy\" decoding=\"async\" width=\"150\" height=\"150\" src=\"https:\/\/nyforetagarcentrum.se\/sigtuna\/wp-content\/uploads\/sites\/11\/2024\/03\/Johanna-Estman-Larsson--150x150.jpg\" class=\"attachment-thumbnail size-thumbnail\" alt=\"\" srcset=\"https:\/\/nyforetagarcentrum.se\/sigtuna\/wp-content\/uploads\/sites\/11\/2024\/03\/Johanna-Estman-Larsson--150x150.jpg 150w, https:\/\/nyforetagarcentrum.se\/sigtuna\/wp-content\/uploads\/sites\/11\/2024\/03\/Johanna-Estman-Larsson-.jpg 225w\" sizes=\"(max-width: 150px) 100vw, 150px\" \/>        <\/div>\n    \n    <div class=\"content-wrapper\">\n        <div class=\"top\">\n                    <\/div>\n        \n        <h3>Johanna Estman Larsson<\/h3>\n\n        <div class=\"excerpt\">\n            Ledamot<br \/>\r\nChef Handelsbanken Sigtuna        <\/div>\n\n        <div class=\"links\">\n            \n                    <\/div>\n        \n    <\/div>\n<\/div><div class=\"person-card\">\n    \n            <div class=\"featured_image\">\n            <img loading=\"lazy\" decoding=\"async\" width=\"150\" height=\"150\" src=\"https:\/\/nyforetagarcentrum.se\/sigtuna\/wp-content\/uploads\/sites\/11\/2024\/04\/Lena-Stro_mba_ck-440420546_11785955-76913358_4483627708277105290_n-150x150.jpeg\" class=\"attachment-thumbnail size-thumbnail\" alt=\"\" \/>        <\/div>\n    \n    <div class=\"content-wrapper\">\n        <div class=\"top\">\n                    <\/div>\n        \n        <h3>Lena Str\u00f6mb\u00e4ck<\/h3>\n\n        <div class=\"excerpt\">\n            Revisor<br \/>\r\nKlara Consulting         <\/div>\n\n        <div class=\"links\">\n            \n                    <\/div>\n        \n    <\/div>\n<\/div><div class=\"person-card\">\n    \n            <div class=\"featured_image\">\n            <img loading=\"lazy\" decoding=\"async\" width=\"150\" height=\"150\" src=\"https:\/\/nyforetagarcentrum.se\/sigtuna\/wp-content\/uploads\/sites\/11\/2024\/04\/MATTIAS-LINQVIST-f-linda-kruse-stockholm-varmland-rosenqvist-fastigheter-8-150x150.jpg\" class=\"attachment-thumbnail size-thumbnail\" alt=\"\" \/>        <\/div>\n    \n    <div class=\"content-wrapper\">\n        <div class=\"top\">\n                    <\/div>\n        \n        <h3>Mattias Lindqvist<\/h3>\n\n        <div class=\"excerpt\">\n            Valberedning <br \/>\r\nVD Rosenqvist Fastigheter         <\/div>\n\n        <div class=\"links\">\n            \n                    <\/div>\n        \n    <\/div>\n<\/div><div class=\"person-card\">\n    \n            <div class=\"featured_image\">\n            <img loading=\"lazy\" decoding=\"async\" width=\"150\" height=\"150\" src=\"https:\/\/nyforetagarcentrum.se\/sigtuna\/wp-content\/uploads\/sites\/11\/2024\/04\/Anna-Maria-Varpenius-34670769_956325242464358_2339188832480744920_n-150x150.jpeg\" class=\"attachment-thumbnail size-thumbnail\" alt=\"\" \/>        <\/div>\n    \n    <div class=\"content-wrapper\">\n        <div class=\"top\">\n                    <\/div>\n        \n        <h3>Anna Maria Varpenius<\/h3>\n\n        <div class=\"excerpt\">\n            Valberedning<br \/>\r\nN\u00e4ringslivsutvecklare, Sigtuna Kommun        <\/div>\n\n        <div class=\"links\">\n            \n                    <\/div>\n        \n    <\/div>\n<\/div>        <\/div>\n    <\/div>\n<\/section>\n\n\n<div style=\"height:100px\" aria-hidden=\"true\" class=\"wp-block-spacer\"><\/div>\n\n\n\n<div class=\"wp-block-group is-nowrap is-layout-flex wp-container-core-group-is-layout-1 wp-block-group-is-layout-flex\">\n<p><\/p>\n<\/div>\n","protected":false},"excerpt":{"rendered":"","protected":false},"author":1,"featured_media":0,"parent":0,"menu_order":0,"comment_status":"closed","ping_status":"closed","template":"","meta":{"footnotes":""},"acf":[],"yoast_head":"<!-- This site is optimized with the Yoast SEO plugin v22.9 - https:\/\/yoast.com\/wordpress\/plugins\/seo\/ -->\n<title>V\u00e5r styrelse - Sigtuna<\/title>\n<meta name=\"description\" content=\"L\u00e4s om vilka som sitter i styrelsen f\u00f6r Nyf\u00f6retagarcentrum Sigtuna samt vilka roller de har i n\u00e4ringslivet.\" \/>\n<meta name=\"robots\" content=\"index, follow, max-snippet:-1, max-image-preview:large, max-video-preview:-1\" \/>\n<link rel=\"canonical\" href=\"https:\/\/nyforetagarcentrum.se\/sigtuna\/var-styrelse\/\" \/>\n<meta property=\"og:locale\" content=\"sv_SE\" \/>\n<meta property=\"og:type\" content=\"article\" \/>\n<meta property=\"og:title\" content=\"V\u00e5r styrelse - Sigtuna\" \/>\n<meta property=\"og:description\" content=\"L\u00e4s om vilka som sitter i styrelsen f\u00f6r Nyf\u00f6retagarcentrum Sigtuna samt vilka roller de har i n\u00e4ringslivet.\" \/>\n<meta property=\"og:url\" content=\"https:\/\/nyforetagarcentrum.se\/sigtuna\/var-styrelse\/\" \/>\n<meta property=\"og:site_name\" content=\"Sigtuna\" \/>\n<meta property=\"article:modified_time\" content=\"2025-06-19T10:04:53+00:00\" \/>\n<meta name=\"twitter:card\" content=\"summary_large_image\" \/>\n<script type=\"application\/ld+json\" class=\"yoast-schema-graph\">{\"@context\":\"https:\/\/schema.org\",\"@graph\":[{\"@type\":\"WebPage\",\"@id\":\"https:\/\/nyforetagarcentrum.se\/sigtuna\/var-styrelse\/\",\"url\":\"https:\/\/nyforetagarcentrum.se\/sigtuna\/var-styrelse\/\",\"name\":\"V\u00e5r styrelse - Sigtuna\",\"isPartOf\":{\"@id\":\"https:\/\/nyforetagarcentrum.se\/sigtuna\/#website\"},\"datePublished\":\"2024-02-27T15:05:17+00:00\",\"dateModified\":\"2025-06-19T10:04:53+00:00\",\"description\":\"L\u00e4s om vilka som sitter i styrelsen f\u00f6r Nyf\u00f6retagarcentrum Sigtuna samt vilka roller de har i n\u00e4ringslivet.\",\"breadcrumb\":{\"@id\":\"https:\/\/nyforetagarcentrum.se\/sigtuna\/var-styrelse\/#breadcrumb\"},\"inLanguage\":\"sv-SE\",\"potentialAction\":[{\"@type\":\"ReadAction\",\"target\":[\"https:\/\/nyforetagarcentrum.se\/sigtuna\/var-styrelse\/\"]}]},{\"@type\":\"BreadcrumbList\",\"@id\":\"https:\/\/nyforetagarcentrum.se\/sigtuna\/var-styrelse\/#breadcrumb\",\"itemListElement\":[{\"@type\":\"ListItem\",\"position\":1,\"name\":\"Hem\",\"item\":\"https:\/\/nyforetagarcentrum.se\/sigtuna\/\"},{\"@type\":\"ListItem\",\"position\":2,\"name\":\"V\u00e5r styrelse\"}]},{\"@type\":\"WebSite\",\"@id\":\"https:\/\/nyforetagarcentrum.se\/sigtuna\/#website\",\"url\":\"https:\/\/nyforetagarcentrum.se\/sigtuna\/\",\"name\":\"Sigtuna\",\"description\":\"Sveriges ledande kraft f\u00f6r fler nya livskraftiga f\u00f6retag\",\"publisher\":{\"@id\":\"https:\/\/nyforetagarcentrum.se\/sigtuna\/#organization\"},\"potentialAction\":[{\"@type\":\"SearchAction\",\"target\":{\"@type\":\"EntryPoint\",\"urlTemplate\":\"https:\/\/nyforetagarcentrum.se\/sigtuna\/?s={search_term_string}\"},\"query-input\":\"required name=search_term_string\"}],\"inLanguage\":\"sv-SE\"},{\"@type\":\"Organization\",\"@id\":\"https:\/\/nyforetagarcentrum.se\/sigtuna\/#organization\",\"name\":\"Sigtuna\",\"url\":\"https:\/\/nyforetagarcentrum.se\/sigtuna\/\",\"logo\":{\"@type\":\"ImageObject\",\"inLanguage\":\"sv-SE\",\"@id\":\"https:\/\/nyforetagarcentrum.se\/sigtuna\/#\/schema\/logo\/image\/\",\"url\":\"https:\/\/nyforetagarcentrum.se\/sigtuna\/wp-content\/uploads\/sites\/11\/2024\/04\/Sigtuna.png\",\"contentUrl\":\"https:\/\/nyforetagarcentrum.se\/sigtuna\/wp-content\/uploads\/sites\/11\/2024\/04\/Sigtuna.png\",\"width\":1082,\"height\":542,\"caption\":\"Sigtuna\"},\"image\":{\"@id\":\"https:\/\/nyforetagarcentrum.se\/sigtuna\/#\/schema\/logo\/image\/\"}}]}<\/script>\n<!-- \/ Yoast SEO plugin. -->","yoast_head_json":{"title":"V\u00e5r styrelse - Sigtuna","description":"L\u00e4s om vilka som sitter i styrelsen f\u00f6r Nyf\u00f6retagarcentrum Sigtuna samt vilka roller de har i n\u00e4ringslivet.","robots":{"index":"index","follow":"follow","max-snippet":"max-snippet:-1","max-image-preview":"max-image-preview:large","max-video-preview":"max-video-preview:-1"},"canonical":"https:\/\/nyforetagarcentrum.se\/sigtuna\/var-styrelse\/","og_locale":"sv_SE","og_type":"article","og_title":"V\u00e5r styrelse - Sigtuna","og_description":"L\u00e4s om vilka som sitter i styrelsen f\u00f6r Nyf\u00f6retagarcentrum Sigtuna samt vilka roller de har i n\u00e4ringslivet.","og_url":"https:\/\/nyforetagarcentrum.se\/sigtuna\/var-styrelse\/","og_site_name":"Sigtuna","article_modified_time":"2025-06-19T10:04:53+00:00","twitter_card":"summary_large_image","schema":{"@context":"https:\/\/schema.org","@graph":[{"@type":"WebPage","@id":"https:\/\/nyforetagarcentrum.se\/sigtuna\/var-styrelse\/","url":"https:\/\/nyforetagarcentrum.se\/sigtuna\/var-styrelse\/","name":"V\u00e5r styrelse - Sigtuna","isPartOf":{"@id":"https:\/\/nyforetagarcentrum.se\/sigtuna\/#website"},"datePublished":"2024-02-27T15:05:17+00:00","dateModified":"2025-06-19T10:04:53+00:00","description":"L\u00e4s om vilka som sitter i styrelsen f\u00f6r Nyf\u00f6retagarcentrum Sigtuna samt vilka roller de har i n\u00e4ringslivet.","breadcrumb":{"@id":"https:\/\/nyforetagarcentrum.se\/sigtuna\/var-styrelse\/#breadcrumb"},"inLanguage":"sv-SE","potentialAction":[{"@type":"ReadAction","target":["https:\/\/nyforetagarcentrum.se\/sigtuna\/var-styrelse\/"]}]},{"@type":"BreadcrumbList","@id":"https:\/\/nyforetagarcentrum.se\/sigtuna\/var-styrelse\/#breadcrumb","itemListElement":[{"@type":"ListItem","position":1,"name":"Hem","item":"https:\/\/nyforetagarcentrum.se\/sigtuna\/"},{"@type":"ListItem","position":2,"name":"V\u00e5r styrelse"}]},{"@type":"WebSite","@id":"https:\/\/nyforetagarcentrum.se\/sigtuna\/#website","url":"https:\/\/nyforetagarcentrum.se\/sigtuna\/","name":"Sigtuna","description":"Sveriges ledande kraft f\u00f6r fler nya livskraftiga f\u00f6retag","publisher":{"@id":"https:\/\/nyforetagarcentrum.se\/sigtuna\/#organization"},"potentialAction":[{"@type":"SearchAction","target":{"@type":"EntryPoint","urlTemplate":"https:\/\/nyforetagarcentrum.se\/sigtuna\/?s={search_term_string}"},"query-input":"required name=search_term_string"}],"inLanguage":"sv-SE"},{"@type":"Organization","@id":"https:\/\/nyforetagarcentrum.se\/sigtuna\/#organization","name":"Sigtuna","url":"https:\/\/nyforetagarcentrum.se\/sigtuna\/","logo":{"@type":"ImageObject","inLanguage":"sv-SE","@id":"https:\/\/nyforetagarcentrum.se\/sigtuna\/#\/schema\/logo\/image\/","url":"https:\/\/nyforetagarcentrum.se\/sigtuna\/wp-content\/uploads\/sites\/11\/2024\/04\/Sigtuna.png","contentUrl":"https:\/\/nyforetagarcentrum.se\/sigtuna\/wp-content\/uploads\/sites\/11\/2024\/04\/Sigtuna.png","width":1082,"height":542,"caption":"Sigtuna"},"image":{"@id":"https:\/\/nyforetagarcentrum.se\/sigtuna\/#\/schema\/logo\/image\/"}}]}},"_links":{"self":[{"href":"https:\/\/nyforetagarcentrum.se\/sigtuna\/wp-json\/wp\/v2\/pages\/164"}],"collection":[{"href":"https:\/\/nyforetagarcentrum.se\/sigtuna\/wp-json\/wp\/v2\/pages"}],"about":[{"href":"https:\/\/nyforetagarcentrum.se\/sigtuna\/wp-json\/wp\/v2\/types\/page"}],"author":[{"embeddable":true,"href":"https:\/\/nyforetagarcentrum.se\/sigtuna\/wp-json\/wp\/v2\/users\/1"}],"replies":[{"embeddable":true,"href":"https:\/\/nyforetagarcentrum.se\/sigtuna\/wp-json\/wp\/v2\/comments?post=164"}],"version-history":[{"count":26,"href":"https:\/\/nyforetagarcentrum.se\/sigtuna\/wp-json\/wp\/v2\/pages\/164\/revisions"}],"predecessor-version":[{"id":1628,"href":"https:\/\/nyforetagarcentrum.se\/sigtuna\/wp-json\/wp\/v2\/pages\/164\/revisions\/1628"}],"wp:attachment":[{"href":"https:\/\/nyforetagarcentrum.se\/sigtuna\/wp-json\/wp\/v2\/media?parent=164"}],"curies":[{"name":"wp","href":"https:\/\/api.w.org\/{rel}","templated":true}]}}