{"id":41,"date":"2024-02-22T10:24:51","date_gmt":"2024-02-22T09:24:51","guid":{"rendered":"https:\/\/nyforetagarcentrum.se\/roslagen\/?page_id=41"},"modified":"2025-01-14T15:11:44","modified_gmt":"2025-01-14T14:11:44","slug":"vara-samarbetspartners","status":"publish","type":"page","link":"https:\/\/nyforetagarcentrum.se\/roslagen\/om-oss\/vara-samarbetspartners\/","title":{"rendered":"V\u00e5ra samarbetspartners"},"content":{"rendered":"<section  class=\"nfc-block-hero alignfull\">\n\n    <img loading=\"lazy\" decoding=\"async\" width=\"1366\" height=\"768\" src=\"https:\/\/nyforetagarcentrum.se\/roslagen\/wp-content\/uploads\/sites\/48\/2024\/05\/samarbetspartners.webp\" class=\"attachment-landscape size-landscape\" alt=\"samarbetspartners p\u00e5 Nyf\u00f6retagarCentrum Norrt\u00e4lje.\" srcset=\"https:\/\/nyforetagarcentrum.se\/roslagen\/wp-content\/uploads\/sites\/48\/2024\/05\/samarbetspartners.webp 1366w, https:\/\/nyforetagarcentrum.se\/roslagen\/wp-content\/uploads\/sites\/48\/2024\/05\/samarbetspartners-300x169.webp 300w, https:\/\/nyforetagarcentrum.se\/roslagen\/wp-content\/uploads\/sites\/48\/2024\/05\/samarbetspartners-1024x576.webp 1024w, https:\/\/nyforetagarcentrum.se\/roslagen\/wp-content\/uploads\/sites\/48\/2024\/05\/samarbetspartners-768x432.webp 768w\" sizes=\"(max-width: 1366px) 100vw, 1366px\" \/>\n    <div class=\"contained\">\n        <h1 class=\"nfc-block-hero__heading\">V\u00e5ra samarbetspartners<\/h1>\n\n            <\/div>\n<\/section>\n\n\n<div class=\"wp-block-group alignfull has-very-light-gray-to-cyan-bluish-gray-gradient-background has-background is-layout-constrained wp-block-group-is-layout-constrained\">\n<div style=\"height:10px;width:0px\" aria-hidden=\"true\" class=\"wp-block-spacer\"><\/div>\n\n\n\n<div class=\"wp-block-group alignwide is-nowrap is-layout-flex wp-container-core-group-is-layout-1 wp-block-group-is-layout-flex\">\n<div style=\"height:100px;width:0px\" aria-hidden=\"true\" class=\"wp-block-spacer wp-container-content-1\"><\/div>\n\n\n<section  class=\"nfc-block-breadcrumbs alignwide\">\n    <div class=\"wrapper contained\">\n        <ol class=\"breadcrumbs\" itemscope itemtype=\"https:\/\/schema.org\/BreadcrumbList\">\n            <li itemprop=\"itemListElement\" itemscope itemtype=\"https:\/\/schema.org\/ListItem\">\n            \n\n                            <span class=\"current\" itemprop=\"name\">Hem<\/span>\n            \n            <meta itemprop=\"position\" content=\"1\" \/>\n        <\/li>\n    <\/ol>    <\/div>\n<\/section><\/div>\n\n\n\n<div style=\"height:10px;width:0px\" aria-hidden=\"true\" class=\"wp-block-spacer\"><\/div>\n<\/div>\n\n\n\n<div style=\"height:20px\" aria-hidden=\"true\" class=\"wp-block-spacer\"><\/div>\n\n\n\n<div class=\"wp-block-columns alignwide is-layout-flex wp-container-core-columns-is-layout-1 wp-block-columns-is-layout-flex\">\n<div class=\"wp-block-column is-layout-flow wp-block-column-is-layout-flow\" style=\"flex-basis:66.66%\">\n<p class=\"has-medium-font-size\">L\u00e5t oss stolt presentera Nyf\u00f6retagarCentrum Roslagens lokala samarbetspartners \u2013 tillsammans fr\u00e4mjar vi entrepren\u00f6rskap och lokal tillv\u00e4xt!<\/p>\n<\/div>\n\n\n\n<div class=\"wp-block-column is-layout-flow wp-block-column-is-layout-flow\"><\/div>\n<\/div>\n\n\n\n<div style=\"height:20px\" aria-hidden=\"true\" class=\"wp-block-spacer\"><\/div>\n\n\n<section  class=\"block-our-partners nfc-block-partners alignwide\">\n    <div class=\"contained\">\n                                    <div class=\"partner-card\">\n                    <div class=\"logo-wrapper\">\n                        <img decoding=\"async\" src=\"https:\/\/nyforetagarcentrum.se\/roslagen\/wp-content\/uploads\/sites\/48\/2024\/05\/Norrtalje-Kommun-Logo-full-height.png.jpg\" alt=\"\">\n                    <\/div>\n                    \n                                            <div class=\"h4\"><b>Norrt\u00e4lje Kommun<\/b><\/div>\n                                                                <p class=\"description\">Norrt\u00e4lje kommun erbjuder stora m\u00f6jligheter f\u00f6r m\u00e4nniskor och f\u00f6retag att f\u00f6rverkliga sina dr\u00f6mmar. <\/p>\n                                                                                                        <div class=\"item link\"><b><a href=\"https:\/\/www.norrtalje.se\/\" target=\"_blank\" > Webbplats<\/a><\/b><\/div>\n                                    <\/div>\n                            <div class=\"partner-card\">\n                    <div class=\"logo-wrapper\">\n                        <img decoding=\"async\" src=\"https:\/\/nyforetagarcentrum.se\/roslagen\/wp-content\/uploads\/sites\/48\/2024\/05\/Telnom-logo.jpg\" alt=\"\">\n                    <\/div>\n                    \n                                            <div class=\"h4\"><b>Talenom<\/b><\/div>\n                                                                <p class=\"description\">Talenom &#8211; auktoriserad byr\u00e5 som hj\u00e4lper sm\u00e5 och medelstora f\u00f6retag med redovisning, l\u00f6nehantering och r\u00e5dgivning.<\/p>\n                                                                                                        <div class=\"item link\"><b><a href=\"https:\/\/talenom.com\/sv-se\/\" target=\"_blank\" > Webbplats<\/a><\/b><\/div>\n                                    <\/div>\n                            <div class=\"partner-card\">\n                    <div class=\"logo-wrapper\">\n                        <img decoding=\"async\" src=\"https:\/\/nyforetagarcentrum.se\/roslagen\/wp-content\/uploads\/sites\/48\/2024\/05\/Campus-Roslagen-logo.jpg\" alt=\"\">\n                    <\/div>\n                    \n                                            <div class=\"h4\"><b>Campus Roslagen<\/b><\/div>\n                                                                <p class=\"description\">P\u00e5 Campus Roslagen i Norrt\u00e4lje finns utbildningar, bost\u00e4der f\u00f6r studenter och unga samt lokaler, kontorsrum och m\u00f6tesrum f\u00f6r f\u00f6retagare och f\u00f6reningar.<\/p>\n                                                                                                        <div class=\"item link\"><b><a href=\"https:\/\/campusroslagen.se\/\" target=\"_blank\" > Webbplats<\/a><\/b><\/div>\n                                    <\/div>\n                            <div class=\"partner-card\">\n                    <div class=\"logo-wrapper\">\n                        <img decoding=\"async\" src=\"https:\/\/nyforetagarcentrum.se\/roslagen\/wp-content\/uploads\/sites\/48\/2024\/05\/Handelsbanken-logo.jpg\" alt=\"\">\n                    <\/div>\n                    \n                                            <div class=\"h4\"><b>Handelsbanken<\/b><\/div>\n                                                                <p class=\"description\">Vi hj\u00e4lper dig f\u00e5 koll p\u00e5 s\u00e5v\u00e4l din egen som f\u00f6retagets ekonomi och m\u00e5nar alltid om ditt b\u00e4sta.<\/p>\n                                                                                                        <div class=\"item link\"><b><a href=\"https:\/\/www.handelsbanken.se\/sv\/hitta-bankkontor\/norrtalje\" target=\"_blank\" > Webbplats<\/a><\/b><\/div>\n                                    <\/div>\n                            <div class=\"partner-card\">\n                    <div class=\"logo-wrapper\">\n                        <img decoding=\"async\" src=\"https:\/\/nyforetagarcentrum.se\/roslagen\/wp-content\/uploads\/sites\/48\/2024\/05\/ip-reagy-logo.jpg\" alt=\"\">\n                    <\/div>\n                    \n                                            <div class=\"h4\"><b>IP Ready<\/b><\/div>\n                                                                <p class=\"description\">IP Ready \u00e4r en strategisk kommunikationspartner och kompetent r\u00e5dgivare som levererar innovativa helhetsl\u00f6sningar till f\u00f6retag. <\/p>\n                                                                                                        <div class=\"item link\"><b><a href=\"https:\/\/www.ipready.se\/\" target=\"_blank\" > Webbplats<\/a><\/b><\/div>\n                                    <\/div>\n                            <div class=\"partner-card\">\n                    <div class=\"logo-wrapper\">\n                        <img decoding=\"async\" src=\"https:\/\/nyforetagarcentrum.se\/roslagen\/wp-content\/uploads\/sites\/48\/2024\/05\/tillvext-logo.jpg\" alt=\"\">\n                    <\/div>\n                    \n                                            <div class=\"h4\"><b>Tillvext<\/b><\/div>\n                                                                <p class=\"description\">F\u00f6retaget utvecklar och driver aff\u00e4rsid\u00e9er och projekt inom marknadsf\u00f6ring och f\u00f6retagsledning, samt erbjuder konsulttj\u00e4nster inom f\u00f6retagsledning och administration.<\/p>\n                                                                                                <\/div>\n                            <div class=\"partner-card\">\n                    <div class=\"logo-wrapper\">\n                        <img decoding=\"async\" src=\"https:\/\/nyforetagarcentrum.se\/roslagen\/wp-content\/uploads\/sites\/48\/2024\/05\/lansforsakringar-logo.jpg\" alt=\"\">\n                    <\/div>\n                    \n                                            <div class=\"h4\"><b>L\u00e4nsf\u00f6rs\u00e4kringar<\/b><\/div>\n                                                                <p class=\"description\">L\u00e4nsf\u00f6rs\u00e4kringar erbjuder f\u00f6rs\u00e4kringar, banktj\u00e4nster och fastighetsf\u00f6rmedling med fokus p\u00e5 trygghet och personlig service. Lokalt kontor finns i Norrt\u00e4lje.<\/p>\n                                                                                                        <div class=\"item link\"><b><a href=\"https:\/\/www.lansforsakringar.se\/stockholm\/foretag\/\" target=\"\" > Webbplats<\/a><\/b><\/div>\n                                    <\/div>\n                            <div class=\"partner-card\">\n                    <div class=\"logo-wrapper\">\n                        <img decoding=\"async\" src=\"https:\/\/nyforetagarcentrum.se\/roslagen\/wp-content\/uploads\/sites\/48\/2024\/05\/Ranas-slott-logo.jpg\" alt=\"\">\n                    <\/div>\n                    \n                                            <div class=\"h4\"><b>R\u00e5n\u00e4s Slott<\/b><\/div>\n                                                                <p class=\"description\">Vid Skedvikens strand och mitt i det gamla Vallonbruket ligger vackra R\u00e5n\u00e4s Slott.  I en historisk milj\u00f6 med modern teknik s\u00e5 erbjuder vi konferens och weekend n\u00e4ra Stockholm, Arlanda och Uppsala.<\/p>\n                                                                                                        <div class=\"item link\"><b><a href=\"https:\/\/www.ranasslott.se\/\" target=\"\" > Webbplats<\/a><\/b><\/div>\n                                    <\/div>\n                            <div class=\"partner-card\">\n                    <div class=\"logo-wrapper\">\n                        <img decoding=\"async\" src=\"https:\/\/nyforetagarcentrum.se\/roslagen\/wp-content\/uploads\/sites\/48\/2024\/05\/Nystroms-Cemet-logo.jpg\" alt=\"\">\n                    <\/div>\n                    \n                                            <div class=\"h4\"><b>Nystr\u00f6ms Cement<\/b><\/div>\n                                                                <p class=\"description\">Oavsett storlek p\u00e5 byggprojektet har vi helhetsl\u00f6sningen f\u00f6r byggmaterial i betong och LECA. Producerar, s\u00e4ljer och levererar LECA i Roslagen. \u00c5terf\u00f6rs\u00e4ljare \u00f6ver hela landet.<\/p>\n                                                                                                        <div class=\"item link\"><b><a href=\"https:\/\/nystromscement.se\/\" target=\"\" > Webbplats<\/a><\/b><\/div>\n                                    <\/div>\n                            <div class=\"partner-card\">\n                    <div class=\"logo-wrapper\">\n                        <img decoding=\"async\" src=\"https:\/\/nyforetagarcentrum.se\/roslagen\/wp-content\/uploads\/sites\/48\/2024\/05\/reply-it-logo.jpg\" alt=\"\">\n                    <\/div>\n                    \n                                            <div class=\"h4\"><b>Rely IT<\/b><\/div>\n                                                                <p class=\"description\">Rely IT f\u00f6rser v\u00e5ra kunder med IT-l\u00f6sningar och applikationer baserade p\u00e5 den senaste tekniken.<\/p>\n                                                                                                        <div class=\"item link\"><b><a href=\"https:\/\/relyit.se\/\" target=\"\" > Webbplats<\/a><\/b><\/div>\n                                    <\/div>\n                            <div class=\"partner-card\">\n                    <div class=\"logo-wrapper\">\n                        <img decoding=\"async\" src=\"https:\/\/nyforetagarcentrum.se\/roslagen\/wp-content\/uploads\/sites\/48\/2024\/05\/Roslagens-Sparbank-logo.jpg\" alt=\"\">\n                    <\/div>\n                    \n                                            <div class=\"h4\"><b>Roslagens Sparbanks Stiftelse<\/b><\/div>\n                                                                <p class=\"description\">Roslagens Sparbanks stiftelser har en viktig roll i att bidra till projekt, initiativ eller samarbeten som fr\u00e4mjar en positiv utveckling i Roslagen. <\/p>\n                                                                                                        <div class=\"item link\"><b><a href=\"https:\/\/www.roslagenssparbank.se\/stiftelser.html\" target=\"_blank\" > Webbplats<\/a><\/b><\/div>\n                                    <\/div>\n                            <div class=\"partner-card\">\n                    <div class=\"logo-wrapper\">\n                        <img decoding=\"async\" src=\"https:\/\/nyforetagarcentrum.se\/roslagen\/wp-content\/uploads\/sites\/48\/2024\/05\/Freja-logo.jpg\" alt=\"\">\n                    <\/div>\n                    \n                                                                <p class=\"description\">Freija \u00e4r ett n\u00e4tverk av kvinnor som \u00e4r f\u00f6retagare i Roslagen, se Freijorna och Freijaf\u00f6retag.<\/p>\n                                                                                                        <div class=\"item link\"><b><a href=\"https:\/\/freija.se\/\" target=\"_blank\" > Webbplats<\/a><\/b><\/div>\n                                    <\/div>\n                            <div class=\"partner-card\">\n                    <div class=\"logo-wrapper\">\n                        <img decoding=\"async\" src=\"https:\/\/nyforetagarcentrum.se\/roslagen\/wp-content\/uploads\/sites\/48\/2024\/05\/Nuab-logo.jpg\" alt=\"\">\n                    <\/div>\n                    \n                                            <div class=\"h4\"><b>Nuab<\/b><\/div>\n                                                                <p class=\"description\">NUAB bidrar till en positiv utveckling f\u00f6r n\u00e4ringlivet i Norrt\u00e4lje kommun. En m\u00f6tesplats f\u00f6r diskussioner och utveckling.<\/p>\n                                                                                                        <div class=\"item link\"><b><a href=\"https:\/\/nuab.org\/\" target=\"_blank\" > Webbplats<\/a><\/b><\/div>\n                                    <\/div>\n                            <div class=\"partner-card\">\n                    <div class=\"logo-wrapper\">\n                        <img decoding=\"async\" src=\"https:\/\/nyforetagarcentrum.se\/roslagen\/wp-content\/uploads\/sites\/48\/2024\/05\/Sweax-logo.jpg\" alt=\"\">\n                    <\/div>\n                    \n                                            <div class=\"h4\"><b>Fastighetsservice Norrt\u00e4lje<\/b><\/div>\n                                                                <p class=\"description\">En modern helhetsleverant\u00f6r f\u00f6r kontorslokar, aff\u00e4rscentrum, hyres- &amp; bostadsr\u00e4tter.<\/p>\n                                                                                                        <div class=\"item link\"><b><a href=\"https:\/\/sweax.se\/fastighetsservice\/\" target=\"_blank\" > Webbplats<\/a><\/b><\/div>\n                                    <\/div>\n                            <div class=\"partner-card\">\n                    <div class=\"logo-wrapper\">\n                        <img decoding=\"async\" src=\"https:\/\/nyforetagarcentrum.se\/roslagen\/wp-content\/uploads\/sites\/48\/2024\/05\/Lovens-bygg-logo.jpg\" alt=\"\">\n                    <\/div>\n                    \n                                                                                                                    <\/div>\n                        <\/div>\n<\/section>\n\n\n<div style=\"height:80px\" aria-hidden=\"true\" class=\"wp-block-spacer\"><\/div>\n","protected":false},"excerpt":{"rendered":"<p>L\u00e5t oss stolt presentera Nyf\u00f6retagarCentrum Roslagens lokala samarbetspartners \u2013 tillsammans fr\u00e4mjar vi entrepren\u00f6rskap och lokal tillv\u00e4xt!<\/p>\n","protected":false},"author":1,"featured_media":0,"parent":161,"menu_order":0,"comment_status":"closed","ping_status":"closed","template":"","meta":{"footnotes":""},"acf":[],"yoast_head":"<!-- This site is optimized with the Yoast SEO plugin v22.9 - https:\/\/yoast.com\/wordpress\/plugins\/seo\/ -->\n<title>V\u00e5ra samarbetspartners - Roslagen<\/title>\n<meta name=\"description\" content=\"L\u00e5t oss stolt presentera Nyf\u00f6retagarCentrum Roslagens lokala samarbetspartners \u2013 tillsammans fr\u00e4mjar vi entrepren\u00f6rskap och lokal tillv\u00e4xt!\" \/>\n<meta name=\"robots\" content=\"index, follow, max-snippet:-1, max-image-preview:large, max-video-preview:-1\" \/>\n<link rel=\"canonical\" href=\"https:\/\/nyforetagarcentrum.se\/roslagen\/om-oss\/vara-samarbetspartners\/\" \/>\n<meta property=\"og:locale\" content=\"sv_SE\" \/>\n<meta property=\"og:type\" content=\"article\" \/>\n<meta property=\"og:title\" content=\"V\u00e5ra samarbetspartners - Roslagen\" \/>\n<meta property=\"og:description\" content=\"L\u00e5t oss stolt presentera Nyf\u00f6retagarCentrum Roslagens lokala samarbetspartners \u2013 tillsammans fr\u00e4mjar vi entrepren\u00f6rskap och lokal tillv\u00e4xt!\" \/>\n<meta property=\"og:url\" content=\"https:\/\/nyforetagarcentrum.se\/roslagen\/om-oss\/vara-samarbetspartners\/\" \/>\n<meta property=\"og:site_name\" content=\"Roslagen\" \/>\n<meta property=\"article:modified_time\" content=\"2025-01-14T14:11:44+00:00\" \/>\n<meta name=\"twitter:card\" content=\"summary_large_image\" \/>\n<meta name=\"twitter:label1\" content=\"Ber\u00e4knad l\u00e4stid\" \/>\n\t<meta name=\"twitter:data1\" content=\"1 minut\" \/>\n<script type=\"application\/ld+json\" class=\"yoast-schema-graph\">{\"@context\":\"https:\/\/schema.org\",\"@graph\":[{\"@type\":\"WebPage\",\"@id\":\"https:\/\/nyforetagarcentrum.se\/roslagen\/om-oss\/vara-samarbetspartners\/\",\"url\":\"https:\/\/nyforetagarcentrum.se\/roslagen\/om-oss\/vara-samarbetspartners\/\",\"name\":\"V\u00e5ra samarbetspartners - Roslagen\",\"isPartOf\":{\"@id\":\"https:\/\/nyforetagarcentrum.se\/roslagen\/#website\"},\"datePublished\":\"2024-02-22T09:24:51+00:00\",\"dateModified\":\"2025-01-14T14:11:44+00:00\",\"description\":\"L\u00e5t oss stolt presentera Nyf\u00f6retagarCentrum Roslagens lokala samarbetspartners \u2013 tillsammans fr\u00e4mjar vi entrepren\u00f6rskap och lokal tillv\u00e4xt!\",\"breadcrumb\":{\"@id\":\"https:\/\/nyforetagarcentrum.se\/roslagen\/om-oss\/vara-samarbetspartners\/#breadcrumb\"},\"inLanguage\":\"sv-SE\",\"potentialAction\":[{\"@type\":\"ReadAction\",\"target\":[\"https:\/\/nyforetagarcentrum.se\/roslagen\/om-oss\/vara-samarbetspartners\/\"]}]},{\"@type\":\"BreadcrumbList\",\"@id\":\"https:\/\/nyforetagarcentrum.se\/roslagen\/om-oss\/vara-samarbetspartners\/#breadcrumb\",\"itemListElement\":[{\"@type\":\"ListItem\",\"position\":1,\"name\":\"Hem\",\"item\":\"https:\/\/nyforetagarcentrum.se\/roslagen\/\"},{\"@type\":\"ListItem\",\"position\":2,\"name\":\"Om oss\",\"item\":\"https:\/\/nyforetagarcentrum.se\/roslagen\/om-oss\/\"},{\"@type\":\"ListItem\",\"position\":3,\"name\":\"V\u00e5ra samarbetspartners\"}]},{\"@type\":\"WebSite\",\"@id\":\"https:\/\/nyforetagarcentrum.se\/roslagen\/#website\",\"url\":\"https:\/\/nyforetagarcentrum.se\/roslagen\/\",\"name\":\"Roslagen\",\"description\":\"Sveriges ledande kraft f\u00f6r fler nya livskraftiga f\u00f6retag\",\"publisher\":{\"@id\":\"https:\/\/nyforetagarcentrum.se\/roslagen\/#organization\"},\"potentialAction\":[{\"@type\":\"SearchAction\",\"target\":{\"@type\":\"EntryPoint\",\"urlTemplate\":\"https:\/\/nyforetagarcentrum.se\/roslagen\/?s={search_term_string}\"},\"query-input\":\"required name=search_term_string\"}],\"inLanguage\":\"sv-SE\"},{\"@type\":\"Organization\",\"@id\":\"https:\/\/nyforetagarcentrum.se\/roslagen\/#organization\",\"name\":\"Roslagen\",\"url\":\"https:\/\/nyforetagarcentrum.se\/roslagen\/\",\"logo\":{\"@type\":\"ImageObject\",\"inLanguage\":\"sv-SE\",\"@id\":\"https:\/\/nyforetagarcentrum.se\/roslagen\/#\/schema\/logo\/image\/\",\"url\":\"https:\/\/nyforetagarcentrum.se\/roslagen\/wp-content\/uploads\/sites\/48\/2024\/04\/roslagen-1.png\",\"contentUrl\":\"https:\/\/nyforetagarcentrum.se\/roslagen\/wp-content\/uploads\/sites\/48\/2024\/04\/roslagen-1.png\",\"width\":1082,\"height\":542,\"caption\":\"Roslagen\"},\"image\":{\"@id\":\"https:\/\/nyforetagarcentrum.se\/roslagen\/#\/schema\/logo\/image\/\"}}]}<\/script>\n<!-- \/ Yoast SEO plugin. -->","yoast_head_json":{"title":"V\u00e5ra samarbetspartners - Roslagen","description":"L\u00e5t oss stolt presentera Nyf\u00f6retagarCentrum Roslagens lokala samarbetspartners \u2013 tillsammans fr\u00e4mjar vi entrepren\u00f6rskap och lokal tillv\u00e4xt!","robots":{"index":"index","follow":"follow","max-snippet":"max-snippet:-1","max-image-preview":"max-image-preview:large","max-video-preview":"max-video-preview:-1"},"canonical":"https:\/\/nyforetagarcentrum.se\/roslagen\/om-oss\/vara-samarbetspartners\/","og_locale":"sv_SE","og_type":"article","og_title":"V\u00e5ra samarbetspartners - Roslagen","og_description":"L\u00e5t oss stolt presentera Nyf\u00f6retagarCentrum Roslagens lokala samarbetspartners \u2013 tillsammans fr\u00e4mjar vi entrepren\u00f6rskap och lokal tillv\u00e4xt!","og_url":"https:\/\/nyforetagarcentrum.se\/roslagen\/om-oss\/vara-samarbetspartners\/","og_site_name":"Roslagen","article_modified_time":"2025-01-14T14:11:44+00:00","twitter_card":"summary_large_image","twitter_misc":{"Ber\u00e4knad l\u00e4stid":"1 minut"},"schema":{"@context":"https:\/\/schema.org","@graph":[{"@type":"WebPage","@id":"https:\/\/nyforetagarcentrum.se\/roslagen\/om-oss\/vara-samarbetspartners\/","url":"https:\/\/nyforetagarcentrum.se\/roslagen\/om-oss\/vara-samarbetspartners\/","name":"V\u00e5ra samarbetspartners - Roslagen","isPartOf":{"@id":"https:\/\/nyforetagarcentrum.se\/roslagen\/#website"},"datePublished":"2024-02-22T09:24:51+00:00","dateModified":"2025-01-14T14:11:44+00:00","description":"L\u00e5t oss stolt presentera Nyf\u00f6retagarCentrum Roslagens lokala samarbetspartners \u2013 tillsammans fr\u00e4mjar vi entrepren\u00f6rskap och lokal tillv\u00e4xt!","breadcrumb":{"@id":"https:\/\/nyforetagarcentrum.se\/roslagen\/om-oss\/vara-samarbetspartners\/#breadcrumb"},"inLanguage":"sv-SE","potentialAction":[{"@type":"ReadAction","target":["https:\/\/nyforetagarcentrum.se\/roslagen\/om-oss\/vara-samarbetspartners\/"]}]},{"@type":"BreadcrumbList","@id":"https:\/\/nyforetagarcentrum.se\/roslagen\/om-oss\/vara-samarbetspartners\/#breadcrumb","itemListElement":[{"@type":"ListItem","position":1,"name":"Hem","item":"https:\/\/nyforetagarcentrum.se\/roslagen\/"},{"@type":"ListItem","position":2,"name":"Om oss","item":"https:\/\/nyforetagarcentrum.se\/roslagen\/om-oss\/"},{"@type":"ListItem","position":3,"name":"V\u00e5ra samarbetspartners"}]},{"@type":"WebSite","@id":"https:\/\/nyforetagarcentrum.se\/roslagen\/#website","url":"https:\/\/nyforetagarcentrum.se\/roslagen\/","name":"Roslagen","description":"Sveriges ledande kraft f\u00f6r fler nya livskraftiga f\u00f6retag","publisher":{"@id":"https:\/\/nyforetagarcentrum.se\/roslagen\/#organization"},"potentialAction":[{"@type":"SearchAction","target":{"@type":"EntryPoint","urlTemplate":"https:\/\/nyforetagarcentrum.se\/roslagen\/?s={search_term_string}"},"query-input":"required name=search_term_string"}],"inLanguage":"sv-SE"},{"@type":"Organization","@id":"https:\/\/nyforetagarcentrum.se\/roslagen\/#organization","name":"Roslagen","url":"https:\/\/nyforetagarcentrum.se\/roslagen\/","logo":{"@type":"ImageObject","inLanguage":"sv-SE","@id":"https:\/\/nyforetagarcentrum.se\/roslagen\/#\/schema\/logo\/image\/","url":"https:\/\/nyforetagarcentrum.se\/roslagen\/wp-content\/uploads\/sites\/48\/2024\/04\/roslagen-1.png","contentUrl":"https:\/\/nyforetagarcentrum.se\/roslagen\/wp-content\/uploads\/sites\/48\/2024\/04\/roslagen-1.png","width":1082,"height":542,"caption":"Roslagen"},"image":{"@id":"https:\/\/nyforetagarcentrum.se\/roslagen\/#\/schema\/logo\/image\/"}}]}},"_links":{"self":[{"href":"https:\/\/nyforetagarcentrum.se\/roslagen\/wp-json\/wp\/v2\/pages\/41"}],"collection":[{"href":"https:\/\/nyforetagarcentrum.se\/roslagen\/wp-json\/wp\/v2\/pages"}],"about":[{"href":"https:\/\/nyforetagarcentrum.se\/roslagen\/wp-json\/wp\/v2\/types\/page"}],"author":[{"embeddable":true,"href":"https:\/\/nyforetagarcentrum.se\/roslagen\/wp-json\/wp\/v2\/users\/1"}],"replies":[{"embeddable":true,"href":"https:\/\/nyforetagarcentrum.se\/roslagen\/wp-json\/wp\/v2\/comments?post=41"}],"version-history":[{"count":28,"href":"https:\/\/nyforetagarcentrum.se\/roslagen\/wp-json\/wp\/v2\/pages\/41\/revisions"}],"predecessor-version":[{"id":2363,"href":"https:\/\/nyforetagarcentrum.se\/roslagen\/wp-json\/wp\/v2\/pages\/41\/revisions\/2363"}],"up":[{"embeddable":true,"href":"https:\/\/nyforetagarcentrum.se\/roslagen\/wp-json\/wp\/v2\/pages\/161"}],"wp:attachment":[{"href":"https:\/\/nyforetagarcentrum.se\/roslagen\/wp-json\/wp\/v2\/media?parent=41"}],"curies":[{"name":"wp","href":"https:\/\/api.w.org\/{rel}","templated":true}]}}