{"id":48,"date":"2024-02-22T10:29:05","date_gmt":"2024-02-22T09:29:05","guid":{"rendered":"https:\/\/nyforetagarcentrum.se\/ronneby\/?page_id=48"},"modified":"2026-01-27T10:59:02","modified_gmt":"2026-01-27T09:59:02","slug":"erbjudanden","status":"publish","type":"page","link":"https:\/\/nyforetagarcentrum.se\/ronneby\/erbjudanden\/","title":{"rendered":"Erbjudanden"},"content":{"rendered":"<section  class=\"nfc-block-hero alignfull\">\n\n    <img loading=\"lazy\" decoding=\"async\" width=\"1512\" height=\"745\" src=\"https:\/\/nyforetagarcentrum.se\/ronneby\/wp-content\/uploads\/sites\/84\/2024\/02\/Topp-banner-2.png\" class=\"attachment-landscape size-landscape\" alt=\"\" srcset=\"https:\/\/nyforetagarcentrum.se\/ronneby\/wp-content\/uploads\/sites\/84\/2024\/02\/Topp-banner-2.png 1512w, https:\/\/nyforetagarcentrum.se\/ronneby\/wp-content\/uploads\/sites\/84\/2024\/02\/Topp-banner-2-300x148.png 300w, https:\/\/nyforetagarcentrum.se\/ronneby\/wp-content\/uploads\/sites\/84\/2024\/02\/Topp-banner-2-1024x505.png 1024w, https:\/\/nyforetagarcentrum.se\/ronneby\/wp-content\/uploads\/sites\/84\/2024\/02\/Topp-banner-2-768x378.png 768w\" sizes=\"(max-width: 1512px) 100vw, 1512px\" \/>\n    <div class=\"contained\">\n        <h1 class=\"nfc-block-hero__heading\">V\u00e5ra erbjudanden till dig som \u00e4r f\u00f6retagare<\/h1>\n\n            <\/div>\n<\/section>\n\n\n<div style=\"height:50px\" aria-hidden=\"true\" class=\"wp-block-spacer\"><\/div>\n\n\n<section  class=\"nfc-block-breadcrumbs alignwide\">\n    <div class=\"wrapper contained\">\n        <ol class=\"breadcrumbs\" itemscope itemtype=\"https:\/\/schema.org\/BreadcrumbList\">\n            <li itemprop=\"itemListElement\" itemscope itemtype=\"https:\/\/schema.org\/ListItem\">\n            \n\n                            <span class=\"current\" itemprop=\"name\">Hem<\/span>\n            \n            <meta itemprop=\"position\" content=\"1\" \/>\n        <\/li>\n    <\/ol>    <\/div>\n<\/section>\n\n\n<h2 class=\"wp-block-heading alignwide has-x-large-font-size\">Ta del av exklusiva erbjudanden<\/h2>\n\n\n\n<div style=\"height:80px\" aria-hidden=\"true\" class=\"wp-block-spacer\"><\/div>\n","protected":false},"excerpt":{"rendered":"<p>Ta del av exklusiva erbjudanden<\/p>\n","protected":false},"author":1,"featured_media":0,"parent":0,"menu_order":0,"comment_status":"closed","ping_status":"closed","template":"","meta":{"footnotes":""},"acf":[],"yoast_head":"<!-- This site is optimized with the Yoast SEO plugin v22.9 - https:\/\/yoast.com\/wordpress\/plugins\/seo\/ -->\n<title>Erbjudanden - Ronneby<\/title>\n<meta name=\"description\" content=\"H\u00e4r hittar du Nyf\u00f6retagarcentrum Ronnebys exklusiva erbjudanden fr\u00e5n lokala samarbetspartners. F\u00f6r dig som \u00e4r nyf\u00f6retagare.\" \/>\n<meta name=\"robots\" content=\"index, follow, max-snippet:-1, max-image-preview:large, max-video-preview:-1\" \/>\n<link rel=\"canonical\" href=\"https:\/\/nyforetagarcentrum.se\/ronneby\/erbjudanden\/\" \/>\n<meta property=\"og:locale\" content=\"sv_SE\" \/>\n<meta property=\"og:type\" content=\"article\" \/>\n<meta property=\"og:title\" content=\"Erbjudanden - Ronneby\" \/>\n<meta property=\"og:description\" content=\"H\u00e4r hittar du Nyf\u00f6retagarcentrum Ronnebys exklusiva erbjudanden fr\u00e5n lokala samarbetspartners. F\u00f6r dig som \u00e4r nyf\u00f6retagare.\" \/>\n<meta property=\"og:url\" content=\"https:\/\/nyforetagarcentrum.se\/ronneby\/erbjudanden\/\" \/>\n<meta property=\"og:site_name\" content=\"Ronneby\" \/>\n<meta property=\"article:modified_time\" content=\"2026-01-27T09:59:02+00:00\" \/>\n<meta name=\"twitter:card\" content=\"summary_large_image\" \/>\n<meta name=\"twitter:label1\" content=\"Ber\u00e4knad l\u00e4stid\" \/>\n\t<meta name=\"twitter:data1\" content=\"1 minut\" \/>\n<script type=\"application\/ld+json\" class=\"yoast-schema-graph\">{\"@context\":\"https:\/\/schema.org\",\"@graph\":[{\"@type\":\"WebPage\",\"@id\":\"https:\/\/nyforetagarcentrum.se\/ronneby\/erbjudanden\/\",\"url\":\"https:\/\/nyforetagarcentrum.se\/ronneby\/erbjudanden\/\",\"name\":\"Erbjudanden - Ronneby\",\"isPartOf\":{\"@id\":\"https:\/\/nyforetagarcentrum.se\/ronneby\/#website\"},\"datePublished\":\"2024-02-22T09:29:05+00:00\",\"dateModified\":\"2026-01-27T09:59:02+00:00\",\"description\":\"H\u00e4r hittar du Nyf\u00f6retagarcentrum Ronnebys exklusiva erbjudanden fr\u00e5n lokala samarbetspartners. F\u00f6r dig som \u00e4r nyf\u00f6retagare.\",\"breadcrumb\":{\"@id\":\"https:\/\/nyforetagarcentrum.se\/ronneby\/erbjudanden\/#breadcrumb\"},\"inLanguage\":\"sv-SE\",\"potentialAction\":[{\"@type\":\"ReadAction\",\"target\":[\"https:\/\/nyforetagarcentrum.se\/ronneby\/erbjudanden\/\"]}]},{\"@type\":\"BreadcrumbList\",\"@id\":\"https:\/\/nyforetagarcentrum.se\/ronneby\/erbjudanden\/#breadcrumb\",\"itemListElement\":[{\"@type\":\"ListItem\",\"position\":1,\"name\":\"Hem\",\"item\":\"https:\/\/nyforetagarcentrum.se\/ronneby\/\"},{\"@type\":\"ListItem\",\"position\":2,\"name\":\"Erbjudanden\"}]},{\"@type\":\"WebSite\",\"@id\":\"https:\/\/nyforetagarcentrum.se\/ronneby\/#website\",\"url\":\"https:\/\/nyforetagarcentrum.se\/ronneby\/\",\"name\":\"Ronneby\",\"description\":\"Sveriges ledande kraft f\u00f6r fler nya livskraftiga f\u00f6retag\",\"publisher\":{\"@id\":\"https:\/\/nyforetagarcentrum.se\/ronneby\/#organization\"},\"potentialAction\":[{\"@type\":\"SearchAction\",\"target\":{\"@type\":\"EntryPoint\",\"urlTemplate\":\"https:\/\/nyforetagarcentrum.se\/ronneby\/?s={search_term_string}\"},\"query-input\":\"required name=search_term_string\"}],\"inLanguage\":\"sv-SE\"},{\"@type\":\"Organization\",\"@id\":\"https:\/\/nyforetagarcentrum.se\/ronneby\/#organization\",\"name\":\"Ronneby\",\"url\":\"https:\/\/nyforetagarcentrum.se\/ronneby\/\",\"logo\":{\"@type\":\"ImageObject\",\"inLanguage\":\"sv-SE\",\"@id\":\"https:\/\/nyforetagarcentrum.se\/ronneby\/#\/schema\/logo\/image\/\",\"url\":\"https:\/\/nyforetagarcentrum.se\/ronneby\/wp-content\/uploads\/sites\/84\/2024\/04\/Ronneby.png\",\"contentUrl\":\"https:\/\/nyforetagarcentrum.se\/ronneby\/wp-content\/uploads\/sites\/84\/2024\/04\/Ronneby.png\",\"width\":1082,\"height\":542,\"caption\":\"Ronneby\"},\"image\":{\"@id\":\"https:\/\/nyforetagarcentrum.se\/ronneby\/#\/schema\/logo\/image\/\"}}]}<\/script>\n<!-- \/ Yoast SEO plugin. -->","yoast_head_json":{"title":"Erbjudanden - Ronneby","description":"H\u00e4r hittar du Nyf\u00f6retagarcentrum Ronnebys exklusiva erbjudanden fr\u00e5n lokala samarbetspartners. F\u00f6r dig som \u00e4r nyf\u00f6retagare.","robots":{"index":"index","follow":"follow","max-snippet":"max-snippet:-1","max-image-preview":"max-image-preview:large","max-video-preview":"max-video-preview:-1"},"canonical":"https:\/\/nyforetagarcentrum.se\/ronneby\/erbjudanden\/","og_locale":"sv_SE","og_type":"article","og_title":"Erbjudanden - Ronneby","og_description":"H\u00e4r hittar du Nyf\u00f6retagarcentrum Ronnebys exklusiva erbjudanden fr\u00e5n lokala samarbetspartners. F\u00f6r dig som \u00e4r nyf\u00f6retagare.","og_url":"https:\/\/nyforetagarcentrum.se\/ronneby\/erbjudanden\/","og_site_name":"Ronneby","article_modified_time":"2026-01-27T09:59:02+00:00","twitter_card":"summary_large_image","twitter_misc":{"Ber\u00e4knad l\u00e4stid":"1 minut"},"schema":{"@context":"https:\/\/schema.org","@graph":[{"@type":"WebPage","@id":"https:\/\/nyforetagarcentrum.se\/ronneby\/erbjudanden\/","url":"https:\/\/nyforetagarcentrum.se\/ronneby\/erbjudanden\/","name":"Erbjudanden - Ronneby","isPartOf":{"@id":"https:\/\/nyforetagarcentrum.se\/ronneby\/#website"},"datePublished":"2024-02-22T09:29:05+00:00","dateModified":"2026-01-27T09:59:02+00:00","description":"H\u00e4r hittar du Nyf\u00f6retagarcentrum Ronnebys exklusiva erbjudanden fr\u00e5n lokala samarbetspartners. F\u00f6r dig som \u00e4r nyf\u00f6retagare.","breadcrumb":{"@id":"https:\/\/nyforetagarcentrum.se\/ronneby\/erbjudanden\/#breadcrumb"},"inLanguage":"sv-SE","potentialAction":[{"@type":"ReadAction","target":["https:\/\/nyforetagarcentrum.se\/ronneby\/erbjudanden\/"]}]},{"@type":"BreadcrumbList","@id":"https:\/\/nyforetagarcentrum.se\/ronneby\/erbjudanden\/#breadcrumb","itemListElement":[{"@type":"ListItem","position":1,"name":"Hem","item":"https:\/\/nyforetagarcentrum.se\/ronneby\/"},{"@type":"ListItem","position":2,"name":"Erbjudanden"}]},{"@type":"WebSite","@id":"https:\/\/nyforetagarcentrum.se\/ronneby\/#website","url":"https:\/\/nyforetagarcentrum.se\/ronneby\/","name":"Ronneby","description":"Sveriges ledande kraft f\u00f6r fler nya livskraftiga f\u00f6retag","publisher":{"@id":"https:\/\/nyforetagarcentrum.se\/ronneby\/#organization"},"potentialAction":[{"@type":"SearchAction","target":{"@type":"EntryPoint","urlTemplate":"https:\/\/nyforetagarcentrum.se\/ronneby\/?s={search_term_string}"},"query-input":"required name=search_term_string"}],"inLanguage":"sv-SE"},{"@type":"Organization","@id":"https:\/\/nyforetagarcentrum.se\/ronneby\/#organization","name":"Ronneby","url":"https:\/\/nyforetagarcentrum.se\/ronneby\/","logo":{"@type":"ImageObject","inLanguage":"sv-SE","@id":"https:\/\/nyforetagarcentrum.se\/ronneby\/#\/schema\/logo\/image\/","url":"https:\/\/nyforetagarcentrum.se\/ronneby\/wp-content\/uploads\/sites\/84\/2024\/04\/Ronneby.png","contentUrl":"https:\/\/nyforetagarcentrum.se\/ronneby\/wp-content\/uploads\/sites\/84\/2024\/04\/Ronneby.png","width":1082,"height":542,"caption":"Ronneby"},"image":{"@id":"https:\/\/nyforetagarcentrum.se\/ronneby\/#\/schema\/logo\/image\/"}}]}},"_links":{"self":[{"href":"https:\/\/nyforetagarcentrum.se\/ronneby\/wp-json\/wp\/v2\/pages\/48"}],"collection":[{"href":"https:\/\/nyforetagarcentrum.se\/ronneby\/wp-json\/wp\/v2\/pages"}],"about":[{"href":"https:\/\/nyforetagarcentrum.se\/ronneby\/wp-json\/wp\/v2\/types\/page"}],"author":[{"embeddable":true,"href":"https:\/\/nyforetagarcentrum.se\/ronneby\/wp-json\/wp\/v2\/users\/1"}],"replies":[{"embeddable":true,"href":"https:\/\/nyforetagarcentrum.se\/ronneby\/wp-json\/wp\/v2\/comments?post=48"}],"version-history":[{"count":12,"href":"https:\/\/nyforetagarcentrum.se\/ronneby\/wp-json\/wp\/v2\/pages\/48\/revisions"}],"predecessor-version":[{"id":2567,"href":"https:\/\/nyforetagarcentrum.se\/ronneby\/wp-json\/wp\/v2\/pages\/48\/revisions\/2567"}],"wp:attachment":[{"href":"https:\/\/nyforetagarcentrum.se\/ronneby\/wp-json\/wp\/v2\/media?parent=48"}],"curies":[{"name":"wp","href":"https:\/\/api.w.org\/{rel}","templated":true}]}}