{"id":2317,"date":"2024-10-29T21:44:13","date_gmt":"2024-10-29T20:44:13","guid":{"rendered":"https:\/\/nyforetagarcentrum.se\/ronneby\/?page_id=2317"},"modified":"2024-10-29T22:17:56","modified_gmt":"2024-10-29T21:17:56","slug":"matchning-med-mentor","status":"publish","type":"page","link":"https:\/\/nyforetagarcentrum.se\/ronneby\/matchning-med-mentor\/","title":{"rendered":"Matchning med mentor"},"content":{"rendered":"\n<div style=\"height:70px\" aria-hidden=\"true\" class=\"wp-block-spacer\"><\/div>\n\n\n\n<div class=\"wp-block-group alignwide nfc-form-image is-content-justification-left is-nowrap is-layout-flex wp-container-core-group-is-layout-2 wp-block-group-is-layout-flex\">\n<figure class=\"wp-block-image size-full is-resized is-style-rounded\"><img loading=\"lazy\" decoding=\"async\" width=\"1470\" height=\"980\" src=\"https:\/\/nyforetagarcentrum.se\/ronneby\/wp-content\/uploads\/sites\/84\/2024\/02\/Medium_JM.png\" alt=\"\" class=\"wp-image-222\" style=\"aspect-ratio:1;object-fit:cover;width:696px;height:auto\" srcset=\"https:\/\/nyforetagarcentrum.se\/ronneby\/wp-content\/uploads\/sites\/84\/2024\/02\/Medium_JM.png 1470w, https:\/\/nyforetagarcentrum.se\/ronneby\/wp-content\/uploads\/sites\/84\/2024\/02\/Medium_JM-300x200.png 300w, https:\/\/nyforetagarcentrum.se\/ronneby\/wp-content\/uploads\/sites\/84\/2024\/02\/Medium_JM-1024x683.png 1024w, https:\/\/nyforetagarcentrum.se\/ronneby\/wp-content\/uploads\/sites\/84\/2024\/02\/Medium_JM-768x512.png 768w\" sizes=\"(max-width: 1470px) 100vw, 1470px\" \/><\/figure>\n\n\n\n<div class=\"wp-block-group nfc-form-image__content has-white-background-color has-background wp-container-content-1 is-content-justification-center is-layout-constrained wp-container-core-group-is-layout-1 wp-block-group-is-layout-constrained\">\n<h2 class=\"wp-block-heading\">Ans\u00f6k och matcha med mentor!<\/h2>\n\n\n\n<p>Fyll i dina kontaktuppgifter f\u00f6r att ans\u00f6ka till mentorprogramet. Vi h\u00f6r av oss s\u00e5 snart vi kan.<\/p>\n\n\n\n<div class=\"wp-block-columns alignfull is-layout-flex wp-container-core-columns-is-layout-1 wp-block-columns-is-layout-flex\">\n<div class=\"wp-block-column is-layout-flow wp-block-column-is-layout-flow\" style=\"flex-basis:100%\"><section  class=\"nfc-block-form aligncontent layout-small\">\n    <div class=\"contained\">\n\n        <form data-nfc-form=\"block_ee5e3c169acdfdb3dc6ead4516c90e34\" data-nfc-page=\"2317\">\n            <label class=\"input-wrapper required\" for=\"namn\">\n    <span>Namn<\/span>\n    <input type=\"text\" name=\"namn\" id=\"namn\" placeholder=\"\" required>\n<\/label><label class=\"input-wrapper required\" for=\"epost\">\n    <span>Epost<\/span>\n    <input type=\"text\" name=\"epost\" id=\"epost\" placeholder=\"\" required>\n<\/label><label class=\"input-wrapper required\" for=\"telefonnummer\">\n    <span>Telefonnummer<\/span>\n    <input type=\"text\" name=\"telefonnummer\" id=\"telefonnummer\" placeholder=\"\" required>\n<\/label>\n            <div class=\"input-wrapper\">\n                <button type=\"submit\" class=\"button\">Skicka<\/button>\n            <\/div>\n        <\/form>\n    <\/div>\n<\/section><\/div>\n<\/div>\n<\/div>\n<\/div>\n\n\n\n<div style=\"height:100px\" aria-hidden=\"true\" class=\"wp-block-spacer\"><\/div>\n\n\n\n<div class=\"wp-block-group alignwide nfc-form-image is-content-justification-left is-nowrap is-layout-flex wp-container-core-group-is-layout-4 wp-block-group-is-layout-flex\">\n<figure class=\"wp-block-image size-full is-resized is-style-rounded\"><img decoding=\"async\" src=\"https:\/\/local.nfc.se\/wp-content\/uploads\/2024\/01\/map_example_image.png\" alt=\"\" class=\"wp-image-663822\" style=\"aspect-ratio:1;object-fit:cover;width:696px;height:auto\" \/><\/figure>\n\n\n\n<div class=\"wp-block-group nfc-form-image__content has-white-background-color has-background wp-container-content-2 is-layout-flow wp-block-group-is-layout-flow\">\n<h2 class=\"wp-block-heading\">Vi kan kontakta dig!<\/h2>\n\n\n<section  class=\"nfc-block-form aligncontent layout-small\">\n    <div class=\"contained\">\n\n        <form data-nfc-form=\"block_7b86c8374bc35d5997bd9b429813d281\" data-nfc-page=\"2317\">\n            <label class=\"input-wrapper required\" for=\"namn\">\n    <span>Namn<\/span>\n    <input type=\"text\" name=\"namn\" id=\"namn\" placeholder=\"\" required>\n<\/label><label class=\"input-wrapper required\" for=\"epost\">\n    <span>Epost<\/span>\n    <input type=\"text\" name=\"epost\" id=\"epost\" placeholder=\"\" required>\n<\/label><label class=\"input-wrapper\" for=\"meddelande\">\n    <span>Meddelande<\/span>\n    <textarea type=\"text\" name=\"meddelande\" id=\"meddelande\" placeholder=\"\"  rows=\"6\"><\/textarea>\n<\/label>\n            <div class=\"input-wrapper\">\n                <button type=\"submit\" class=\"button\">Skicka<\/button>\n            <\/div>\n        <\/form>\n    <\/div>\n<\/section><\/div>\n<\/div>\n","protected":false},"excerpt":{"rendered":"<p>Ans\u00f6k och matcha med mentor! Fyll i dina kontaktuppgifter f\u00f6r att ans\u00f6ka till mentorprogramet. Vi h\u00f6r av oss s\u00e5 snart vi kan. Vi kan kontakta dig!<\/p>\n","protected":false},"author":75,"featured_media":222,"parent":0,"menu_order":0,"comment_status":"closed","ping_status":"closed","template":"","meta":{"footnotes":""},"acf":[],"yoast_head":"<!-- This site is optimized with the Yoast SEO plugin v22.9 - https:\/\/yoast.com\/wordpress\/plugins\/seo\/ -->\n<title>Matchning med mentor - Ronneby<\/title>\n<meta name=\"robots\" content=\"index, follow, max-snippet:-1, max-image-preview:large, max-video-preview:-1\" \/>\n<link rel=\"canonical\" href=\"https:\/\/nyforetagarcentrum.se\/ronneby\/matchning-med-mentor\/\" \/>\n<meta property=\"og:locale\" content=\"sv_SE\" \/>\n<meta property=\"og:type\" content=\"article\" \/>\n<meta property=\"og:title\" content=\"Matchning med mentor - Ronneby\" \/>\n<meta property=\"og:description\" content=\"Ans\u00f6k och matcha med mentor! Fyll i dina kontaktuppgifter f\u00f6r att ans\u00f6ka till mentorprogramet. Vi h\u00f6r av oss s\u00e5 snart vi kan. Vi kan kontakta dig!\" \/>\n<meta property=\"og:url\" content=\"https:\/\/nyforetagarcentrum.se\/ronneby\/matchning-med-mentor\/\" \/>\n<meta property=\"og:site_name\" content=\"Ronneby\" \/>\n<meta property=\"article:modified_time\" content=\"2024-10-29T21:17:56+00:00\" \/>\n<meta property=\"og:image\" content=\"https:\/\/nyforetagarcentrum.se\/ronneby\/wp-content\/uploads\/sites\/84\/2024\/02\/Medium_JM.png\" \/>\n\t<meta property=\"og:image:width\" content=\"1470\" \/>\n\t<meta property=\"og:image:height\" content=\"980\" \/>\n\t<meta property=\"og:image:type\" content=\"image\/png\" \/>\n<meta name=\"twitter:card\" content=\"summary_large_image\" \/>\n<meta name=\"twitter:label1\" content=\"Ber\u00e4knad l\u00e4stid\" \/>\n\t<meta name=\"twitter:data1\" content=\"1 minut\" \/>\n<script type=\"application\/ld+json\" class=\"yoast-schema-graph\">{\"@context\":\"https:\/\/schema.org\",\"@graph\":[{\"@type\":\"WebPage\",\"@id\":\"https:\/\/nyforetagarcentrum.se\/ronneby\/matchning-med-mentor\/\",\"url\":\"https:\/\/nyforetagarcentrum.se\/ronneby\/matchning-med-mentor\/\",\"name\":\"Matchning med mentor - Ronneby\",\"isPartOf\":{\"@id\":\"https:\/\/nyforetagarcentrum.se\/ronneby\/#website\"},\"primaryImageOfPage\":{\"@id\":\"https:\/\/nyforetagarcentrum.se\/ronneby\/matchning-med-mentor\/#primaryimage\"},\"image\":{\"@id\":\"https:\/\/nyforetagarcentrum.se\/ronneby\/matchning-med-mentor\/#primaryimage\"},\"thumbnailUrl\":\"https:\/\/nyforetagarcentrum.se\/ronneby\/wp-content\/uploads\/sites\/84\/2024\/02\/Medium_JM.png\",\"datePublished\":\"2024-10-29T20:44:13+00:00\",\"dateModified\":\"2024-10-29T21:17:56+00:00\",\"breadcrumb\":{\"@id\":\"https:\/\/nyforetagarcentrum.se\/ronneby\/matchning-med-mentor\/#breadcrumb\"},\"inLanguage\":\"sv-SE\",\"potentialAction\":[{\"@type\":\"ReadAction\",\"target\":[\"https:\/\/nyforetagarcentrum.se\/ronneby\/matchning-med-mentor\/\"]}]},{\"@type\":\"ImageObject\",\"inLanguage\":\"sv-SE\",\"@id\":\"https:\/\/nyforetagarcentrum.se\/ronneby\/matchning-med-mentor\/#primaryimage\",\"url\":\"https:\/\/nyforetagarcentrum.se\/ronneby\/wp-content\/uploads\/sites\/84\/2024\/02\/Medium_JM.png\",\"contentUrl\":\"https:\/\/nyforetagarcentrum.se\/ronneby\/wp-content\/uploads\/sites\/84\/2024\/02\/Medium_JM.png\",\"width\":1470,\"height\":980},{\"@type\":\"BreadcrumbList\",\"@id\":\"https:\/\/nyforetagarcentrum.se\/ronneby\/matchning-med-mentor\/#breadcrumb\",\"itemListElement\":[{\"@type\":\"ListItem\",\"position\":1,\"name\":\"Hem\",\"item\":\"https:\/\/nyforetagarcentrum.se\/ronneby\/\"},{\"@type\":\"ListItem\",\"position\":2,\"name\":\"Matchning med mentor\"}]},{\"@type\":\"WebSite\",\"@id\":\"https:\/\/nyforetagarcentrum.se\/ronneby\/#website\",\"url\":\"https:\/\/nyforetagarcentrum.se\/ronneby\/\",\"name\":\"Ronneby\",\"description\":\"Sveriges ledande kraft f\u00f6r fler nya livskraftiga f\u00f6retag\",\"publisher\":{\"@id\":\"https:\/\/nyforetagarcentrum.se\/ronneby\/#organization\"},\"potentialAction\":[{\"@type\":\"SearchAction\",\"target\":{\"@type\":\"EntryPoint\",\"urlTemplate\":\"https:\/\/nyforetagarcentrum.se\/ronneby\/?s={search_term_string}\"},\"query-input\":\"required name=search_term_string\"}],\"inLanguage\":\"sv-SE\"},{\"@type\":\"Organization\",\"@id\":\"https:\/\/nyforetagarcentrum.se\/ronneby\/#organization\",\"name\":\"Ronneby\",\"url\":\"https:\/\/nyforetagarcentrum.se\/ronneby\/\",\"logo\":{\"@type\":\"ImageObject\",\"inLanguage\":\"sv-SE\",\"@id\":\"https:\/\/nyforetagarcentrum.se\/ronneby\/#\/schema\/logo\/image\/\",\"url\":\"https:\/\/nyforetagarcentrum.se\/ronneby\/wp-content\/uploads\/sites\/84\/2024\/07\/ronneby_bla.png\",\"contentUrl\":\"https:\/\/nyforetagarcentrum.se\/ronneby\/wp-content\/uploads\/sites\/84\/2024\/07\/ronneby_bla.png\",\"width\":870,\"height\":355,\"caption\":\"Ronneby\"},\"image\":{\"@id\":\"https:\/\/nyforetagarcentrum.se\/ronneby\/#\/schema\/logo\/image\/\"}}]}<\/script>\n<!-- \/ Yoast SEO plugin. -->","yoast_head_json":{"title":"Matchning med mentor - Ronneby","robots":{"index":"index","follow":"follow","max-snippet":"max-snippet:-1","max-image-preview":"max-image-preview:large","max-video-preview":"max-video-preview:-1"},"canonical":"https:\/\/nyforetagarcentrum.se\/ronneby\/matchning-med-mentor\/","og_locale":"sv_SE","og_type":"article","og_title":"Matchning med mentor - Ronneby","og_description":"Ans\u00f6k och matcha med mentor! Fyll i dina kontaktuppgifter f\u00f6r att ans\u00f6ka till mentorprogramet. Vi h\u00f6r av oss s\u00e5 snart vi kan. Vi kan kontakta dig!","og_url":"https:\/\/nyforetagarcentrum.se\/ronneby\/matchning-med-mentor\/","og_site_name":"Ronneby","article_modified_time":"2024-10-29T21:17:56+00:00","og_image":[{"width":1470,"height":980,"url":"https:\/\/nyforetagarcentrum.se\/ronneby\/wp-content\/uploads\/sites\/84\/2024\/02\/Medium_JM.png","type":"image\/png"}],"twitter_card":"summary_large_image","twitter_misc":{"Ber\u00e4knad l\u00e4stid":"1 minut"},"schema":{"@context":"https:\/\/schema.org","@graph":[{"@type":"WebPage","@id":"https:\/\/nyforetagarcentrum.se\/ronneby\/matchning-med-mentor\/","url":"https:\/\/nyforetagarcentrum.se\/ronneby\/matchning-med-mentor\/","name":"Matchning med mentor - Ronneby","isPartOf":{"@id":"https:\/\/nyforetagarcentrum.se\/ronneby\/#website"},"primaryImageOfPage":{"@id":"https:\/\/nyforetagarcentrum.se\/ronneby\/matchning-med-mentor\/#primaryimage"},"image":{"@id":"https:\/\/nyforetagarcentrum.se\/ronneby\/matchning-med-mentor\/#primaryimage"},"thumbnailUrl":"https:\/\/nyforetagarcentrum.se\/ronneby\/wp-content\/uploads\/sites\/84\/2024\/02\/Medium_JM.png","datePublished":"2024-10-29T20:44:13+00:00","dateModified":"2024-10-29T21:17:56+00:00","breadcrumb":{"@id":"https:\/\/nyforetagarcentrum.se\/ronneby\/matchning-med-mentor\/#breadcrumb"},"inLanguage":"sv-SE","potentialAction":[{"@type":"ReadAction","target":["https:\/\/nyforetagarcentrum.se\/ronneby\/matchning-med-mentor\/"]}]},{"@type":"ImageObject","inLanguage":"sv-SE","@id":"https:\/\/nyforetagarcentrum.se\/ronneby\/matchning-med-mentor\/#primaryimage","url":"https:\/\/nyforetagarcentrum.se\/ronneby\/wp-content\/uploads\/sites\/84\/2024\/02\/Medium_JM.png","contentUrl":"https:\/\/nyforetagarcentrum.se\/ronneby\/wp-content\/uploads\/sites\/84\/2024\/02\/Medium_JM.png","width":1470,"height":980},{"@type":"BreadcrumbList","@id":"https:\/\/nyforetagarcentrum.se\/ronneby\/matchning-med-mentor\/#breadcrumb","itemListElement":[{"@type":"ListItem","position":1,"name":"Hem","item":"https:\/\/nyforetagarcentrum.se\/ronneby\/"},{"@type":"ListItem","position":2,"name":"Matchning med mentor"}]},{"@type":"WebSite","@id":"https:\/\/nyforetagarcentrum.se\/ronneby\/#website","url":"https:\/\/nyforetagarcentrum.se\/ronneby\/","name":"Ronneby","description":"Sveriges ledande kraft f\u00f6r fler nya livskraftiga f\u00f6retag","publisher":{"@id":"https:\/\/nyforetagarcentrum.se\/ronneby\/#organization"},"potentialAction":[{"@type":"SearchAction","target":{"@type":"EntryPoint","urlTemplate":"https:\/\/nyforetagarcentrum.se\/ronneby\/?s={search_term_string}"},"query-input":"required name=search_term_string"}],"inLanguage":"sv-SE"},{"@type":"Organization","@id":"https:\/\/nyforetagarcentrum.se\/ronneby\/#organization","name":"Ronneby","url":"https:\/\/nyforetagarcentrum.se\/ronneby\/","logo":{"@type":"ImageObject","inLanguage":"sv-SE","@id":"https:\/\/nyforetagarcentrum.se\/ronneby\/#\/schema\/logo\/image\/","url":"https:\/\/nyforetagarcentrum.se\/ronneby\/wp-content\/uploads\/sites\/84\/2024\/07\/ronneby_bla.png","contentUrl":"https:\/\/nyforetagarcentrum.se\/ronneby\/wp-content\/uploads\/sites\/84\/2024\/07\/ronneby_bla.png","width":870,"height":355,"caption":"Ronneby"},"image":{"@id":"https:\/\/nyforetagarcentrum.se\/ronneby\/#\/schema\/logo\/image\/"}}]}},"_links":{"self":[{"href":"https:\/\/nyforetagarcentrum.se\/ronneby\/wp-json\/wp\/v2\/pages\/2317"}],"collection":[{"href":"https:\/\/nyforetagarcentrum.se\/ronneby\/wp-json\/wp\/v2\/pages"}],"about":[{"href":"https:\/\/nyforetagarcentrum.se\/ronneby\/wp-json\/wp\/v2\/types\/page"}],"author":[{"embeddable":true,"href":"https:\/\/nyforetagarcentrum.se\/ronneby\/wp-json\/wp\/v2\/users\/75"}],"replies":[{"embeddable":true,"href":"https:\/\/nyforetagarcentrum.se\/ronneby\/wp-json\/wp\/v2\/comments?post=2317"}],"version-history":[{"count":31,"href":"https:\/\/nyforetagarcentrum.se\/ronneby\/wp-json\/wp\/v2\/pages\/2317\/revisions"}],"predecessor-version":[{"id":2360,"href":"https:\/\/nyforetagarcentrum.se\/ronneby\/wp-json\/wp\/v2\/pages\/2317\/revisions\/2360"}],"wp:featuredmedia":[{"embeddable":true,"href":"https:\/\/nyforetagarcentrum.se\/ronneby\/wp-json\/wp\/v2\/media\/222"}],"wp:attachment":[{"href":"https:\/\/nyforetagarcentrum.se\/ronneby\/wp-json\/wp\/v2\/media?parent=2317"}],"curies":[{"name":"wp","href":"https:\/\/api.w.org\/{rel}","templated":true}]}}