{"id":490,"date":"2026-01-09T10:47:17","date_gmt":"2026-01-09T09:47:17","guid":{"rendered":"https:\/\/nyforetagarcentrum.se\/partille\/?page_id=490"},"modified":"2026-02-27T18:28:49","modified_gmt":"2026-02-27T17:28:49","slug":"var-styrelse","status":"publish","type":"page","link":"https:\/\/nyforetagarcentrum.se\/partille\/var-styrelse\/","title":{"rendered":"V\u00e5r styrelse"},"content":{"rendered":"\n<div style=\"height:30px\" aria-hidden=\"true\" class=\"wp-block-spacer\"><\/div>\n\n\n<section  class=\"nfc-block-hero alignfull\">\n\n    <img loading=\"lazy\" decoding=\"async\" width=\"1470\" height=\"980\" src=\"https:\/\/nyforetagarcentrum.se\/partille\/wp-content\/uploads\/sites\/79\/2024\/02\/hero.png\" class=\"attachment-landscape size-landscape\" alt=\"\" srcset=\"https:\/\/nyforetagarcentrum.se\/partille\/wp-content\/uploads\/sites\/79\/2024\/02\/hero.png 1470w, https:\/\/nyforetagarcentrum.se\/partille\/wp-content\/uploads\/sites\/79\/2024\/02\/hero-300x200.png 300w, https:\/\/nyforetagarcentrum.se\/partille\/wp-content\/uploads\/sites\/79\/2024\/02\/hero-1024x683.png 1024w, https:\/\/nyforetagarcentrum.se\/partille\/wp-content\/uploads\/sites\/79\/2024\/02\/hero-768x512.png 768w\" sizes=\"(max-width: 1470px) 100vw, 1470px\" \/>\n    <div class=\"contained\">\n        <h1 class=\"nfc-block-hero__heading\">V\u00e5r styrelse<\/h1>\n\n            <\/div>\n<\/section>\n\n\n<div style=\"height:30px\" aria-hidden=\"true\" class=\"wp-block-spacer\"><\/div>\n\n\n<section  class=\"nfc-block-split_screen alignwide image_alignment-right no_gap\">\n    <div class=\"wrapper\">\n        <div class=\"nfc-block-split_screen__image-wrapper\">\n            <img loading=\"lazy\" decoding=\"async\" width=\"1476\" height=\"1070\" src=\"https:\/\/nyforetagarcentrum.se\/partille\/wp-content\/uploads\/sites\/79\/2024\/03\/Radgivning-radgivare-nyforetagareLOW.jpg\" class=\"attachment-landscape size-landscape\" alt=\"\" srcset=\"https:\/\/nyforetagarcentrum.se\/partille\/wp-content\/uploads\/sites\/79\/2024\/03\/Radgivning-radgivare-nyforetagareLOW.jpg 1476w, https:\/\/nyforetagarcentrum.se\/partille\/wp-content\/uploads\/sites\/79\/2024\/03\/Radgivning-radgivare-nyforetagareLOW-300x217.jpg 300w, https:\/\/nyforetagarcentrum.se\/partille\/wp-content\/uploads\/sites\/79\/2024\/03\/Radgivning-radgivare-nyforetagareLOW-1024x742.jpg 1024w, https:\/\/nyforetagarcentrum.se\/partille\/wp-content\/uploads\/sites\/79\/2024\/03\/Radgivning-radgivare-nyforetagareLOW-768x557.jpg 768w\" sizes=\"(max-width: 1476px) 100vw, 1476px\" \/>        <\/div>\n\n        <div class=\"nfc-block-split_screen__content-wrapper\">\n            <p>I Nyf\u00f6retagarCentrum i Partille finns sj\u00e4lvfallet en styrelse best\u00e5ende av olika f\u00f6retagare och tidigare f\u00f6retagare i Partille Kommun och styrelsen best\u00e5r under verksamhets\u00e5ret 2026 av:<\/p>\n<ul>\n<li>\u00a0Ordf\u00f6rande Hadar Kronberg <em>(Ordf. Bygg &amp; Milj\u00f6n\u00e4mnden Partille Kommun),<\/em><\/li>\n<li><em>\u00a0<\/em>Vice ordf\u00f6rande Catrin Emanuelsson <em>(f.d.kontorschef f\u00f6r SEB, nu aktiv pension\u00e4r),\u00a0<\/em><\/li>\n<li>\u00a0Styrelseledam\u00f6terna:<\/li>\n<li>\u00a0Uno Hallgren <em>(Araneus V\u00e5rdkonsult AB)<\/em><\/li>\n<li>\u00a0\u00c5sa Harbom <em>(VD p\u00e5 Alufront AB)<\/em><\/li>\n<li>\u00a0Jan Ferdell <em>(Aff\u00e4rschef p\u00e5 Agekil AB)<\/em><\/li>\n<li>\u00a0Katrin Alves Andreasson <em>(Gardinbolaget)\u00a0<\/em><\/li>\n<li><em>\u00a0<\/em>samt suppleant: John Hagby <em>(Portr\u00e4tt-och Reklamfotograf p\u00e5 PictPro Photography)<\/em><\/li>\n<\/ul>\n<p>Styrelseordf\u00f6rande Hadar Kronberg e-mail: hadar.kronberg@partille.se<br \/>\nMobil: 070-993 14 29<\/p>\n<p>&nbsp;<\/p>\n<p>&nbsp;<\/p>\n\n            \n        <\/div>\n    <\/div>\n<\/section>\n\n\n<div style=\"height:30px\" aria-hidden=\"true\" class=\"wp-block-spacer\"><\/div>\n","protected":false},"excerpt":{"rendered":"","protected":false},"author":94,"featured_media":0,"parent":0,"menu_order":0,"comment_status":"closed","ping_status":"closed","template":"","meta":{"footnotes":""},"acf":[],"yoast_head":"<!-- This site is optimized with the Yoast SEO plugin v22.9 - https:\/\/yoast.com\/wordpress\/plugins\/seo\/ -->\n<title>V\u00e5r styrelse - Partille<\/title>\n<meta name=\"robots\" content=\"index, follow, max-snippet:-1, max-image-preview:large, max-video-preview:-1\" \/>\n<link rel=\"canonical\" href=\"https:\/\/nyforetagarcentrum.se\/partille\/var-styrelse\/\" \/>\n<meta property=\"og:locale\" content=\"sv_SE\" \/>\n<meta property=\"og:type\" content=\"article\" \/>\n<meta property=\"og:title\" content=\"V\u00e5r styrelse - Partille\" \/>\n<meta property=\"og:url\" content=\"https:\/\/nyforetagarcentrum.se\/partille\/var-styrelse\/\" \/>\n<meta property=\"og:site_name\" content=\"Partille\" \/>\n<meta property=\"article:modified_time\" content=\"2026-02-27T17:28:49+00:00\" \/>\n<meta name=\"twitter:card\" content=\"summary_large_image\" \/>\n<script type=\"application\/ld+json\" class=\"yoast-schema-graph\">{\"@context\":\"https:\/\/schema.org\",\"@graph\":[{\"@type\":\"WebPage\",\"@id\":\"https:\/\/nyforetagarcentrum.se\/partille\/var-styrelse\/\",\"url\":\"https:\/\/nyforetagarcentrum.se\/partille\/var-styrelse\/\",\"name\":\"V\u00e5r styrelse - Partille\",\"isPartOf\":{\"@id\":\"https:\/\/nyforetagarcentrum.se\/partille\/#website\"},\"datePublished\":\"2026-01-09T09:47:17+00:00\",\"dateModified\":\"2026-02-27T17:28:49+00:00\",\"breadcrumb\":{\"@id\":\"https:\/\/nyforetagarcentrum.se\/partille\/var-styrelse\/#breadcrumb\"},\"inLanguage\":\"sv-SE\",\"potentialAction\":[{\"@type\":\"ReadAction\",\"target\":[\"https:\/\/nyforetagarcentrum.se\/partille\/var-styrelse\/\"]}]},{\"@type\":\"BreadcrumbList\",\"@id\":\"https:\/\/nyforetagarcentrum.se\/partille\/var-styrelse\/#breadcrumb\",\"itemListElement\":[{\"@type\":\"ListItem\",\"position\":1,\"name\":\"Hem\",\"item\":\"https:\/\/nyforetagarcentrum.se\/partille\/\"},{\"@type\":\"ListItem\",\"position\":2,\"name\":\"V\u00e5r styrelse\"}]},{\"@type\":\"WebSite\",\"@id\":\"https:\/\/nyforetagarcentrum.se\/partille\/#website\",\"url\":\"https:\/\/nyforetagarcentrum.se\/partille\/\",\"name\":\"Partille\",\"description\":\"Sveriges ledande kraft f\u00f6r fler nya livskraftiga f\u00f6retag\",\"publisher\":{\"@id\":\"https:\/\/nyforetagarcentrum.se\/partille\/#organization\"},\"potentialAction\":[{\"@type\":\"SearchAction\",\"target\":{\"@type\":\"EntryPoint\",\"urlTemplate\":\"https:\/\/nyforetagarcentrum.se\/partille\/?s={search_term_string}\"},\"query-input\":\"required name=search_term_string\"}],\"inLanguage\":\"sv-SE\"},{\"@type\":\"Organization\",\"@id\":\"https:\/\/nyforetagarcentrum.se\/partille\/#organization\",\"name\":\"Partille\",\"url\":\"https:\/\/nyforetagarcentrum.se\/partille\/\",\"logo\":{\"@type\":\"ImageObject\",\"inLanguage\":\"sv-SE\",\"@id\":\"https:\/\/nyforetagarcentrum.se\/partille\/#\/schema\/logo\/image\/\",\"url\":\"https:\/\/nyforetagarcentrum.se\/partille\/wp-content\/uploads\/sites\/79\/2024\/04\/Partille-1.png\",\"contentUrl\":\"https:\/\/nyforetagarcentrum.se\/partille\/wp-content\/uploads\/sites\/79\/2024\/04\/Partille-1.png\",\"width\":1082,\"height\":542,\"caption\":\"Partille\"},\"image\":{\"@id\":\"https:\/\/nyforetagarcentrum.se\/partille\/#\/schema\/logo\/image\/\"}}]}<\/script>\n<!-- \/ Yoast SEO plugin. -->","yoast_head_json":{"title":"V\u00e5r styrelse - Partille","robots":{"index":"index","follow":"follow","max-snippet":"max-snippet:-1","max-image-preview":"max-image-preview:large","max-video-preview":"max-video-preview:-1"},"canonical":"https:\/\/nyforetagarcentrum.se\/partille\/var-styrelse\/","og_locale":"sv_SE","og_type":"article","og_title":"V\u00e5r styrelse - Partille","og_url":"https:\/\/nyforetagarcentrum.se\/partille\/var-styrelse\/","og_site_name":"Partille","article_modified_time":"2026-02-27T17:28:49+00:00","twitter_card":"summary_large_image","schema":{"@context":"https:\/\/schema.org","@graph":[{"@type":"WebPage","@id":"https:\/\/nyforetagarcentrum.se\/partille\/var-styrelse\/","url":"https:\/\/nyforetagarcentrum.se\/partille\/var-styrelse\/","name":"V\u00e5r styrelse - Partille","isPartOf":{"@id":"https:\/\/nyforetagarcentrum.se\/partille\/#website"},"datePublished":"2026-01-09T09:47:17+00:00","dateModified":"2026-02-27T17:28:49+00:00","breadcrumb":{"@id":"https:\/\/nyforetagarcentrum.se\/partille\/var-styrelse\/#breadcrumb"},"inLanguage":"sv-SE","potentialAction":[{"@type":"ReadAction","target":["https:\/\/nyforetagarcentrum.se\/partille\/var-styrelse\/"]}]},{"@type":"BreadcrumbList","@id":"https:\/\/nyforetagarcentrum.se\/partille\/var-styrelse\/#breadcrumb","itemListElement":[{"@type":"ListItem","position":1,"name":"Hem","item":"https:\/\/nyforetagarcentrum.se\/partille\/"},{"@type":"ListItem","position":2,"name":"V\u00e5r styrelse"}]},{"@type":"WebSite","@id":"https:\/\/nyforetagarcentrum.se\/partille\/#website","url":"https:\/\/nyforetagarcentrum.se\/partille\/","name":"Partille","description":"Sveriges ledande kraft f\u00f6r fler nya livskraftiga f\u00f6retag","publisher":{"@id":"https:\/\/nyforetagarcentrum.se\/partille\/#organization"},"potentialAction":[{"@type":"SearchAction","target":{"@type":"EntryPoint","urlTemplate":"https:\/\/nyforetagarcentrum.se\/partille\/?s={search_term_string}"},"query-input":"required name=search_term_string"}],"inLanguage":"sv-SE"},{"@type":"Organization","@id":"https:\/\/nyforetagarcentrum.se\/partille\/#organization","name":"Partille","url":"https:\/\/nyforetagarcentrum.se\/partille\/","logo":{"@type":"ImageObject","inLanguage":"sv-SE","@id":"https:\/\/nyforetagarcentrum.se\/partille\/#\/schema\/logo\/image\/","url":"https:\/\/nyforetagarcentrum.se\/partille\/wp-content\/uploads\/sites\/79\/2024\/04\/Partille-1.png","contentUrl":"https:\/\/nyforetagarcentrum.se\/partille\/wp-content\/uploads\/sites\/79\/2024\/04\/Partille-1.png","width":1082,"height":542,"caption":"Partille"},"image":{"@id":"https:\/\/nyforetagarcentrum.se\/partille\/#\/schema\/logo\/image\/"}}]}},"_links":{"self":[{"href":"https:\/\/nyforetagarcentrum.se\/partille\/wp-json\/wp\/v2\/pages\/490"}],"collection":[{"href":"https:\/\/nyforetagarcentrum.se\/partille\/wp-json\/wp\/v2\/pages"}],"about":[{"href":"https:\/\/nyforetagarcentrum.se\/partille\/wp-json\/wp\/v2\/types\/page"}],"author":[{"embeddable":true,"href":"https:\/\/nyforetagarcentrum.se\/partille\/wp-json\/wp\/v2\/users\/94"}],"replies":[{"embeddable":true,"href":"https:\/\/nyforetagarcentrum.se\/partille\/wp-json\/wp\/v2\/comments?post=490"}],"version-history":[{"count":13,"href":"https:\/\/nyforetagarcentrum.se\/partille\/wp-json\/wp\/v2\/pages\/490\/revisions"}],"predecessor-version":[{"id":625,"href":"https:\/\/nyforetagarcentrum.se\/partille\/wp-json\/wp\/v2\/pages\/490\/revisions\/625"}],"wp:attachment":[{"href":"https:\/\/nyforetagarcentrum.se\/partille\/wp-json\/wp\/v2\/media?parent=490"}],"curies":[{"name":"wp","href":"https:\/\/api.w.org\/{rel}","templated":true}]}}