{"id":489,"date":"2026-01-09T10:47:17","date_gmt":"2026-01-09T09:47:17","guid":{"rendered":"https:\/\/nyforetagarcentrum.se\/partille\/?page_id=489"},"modified":"2026-01-09T11:04:38","modified_gmt":"2026-01-09T10:04:38","slug":"vara-radgivare","status":"publish","type":"page","link":"https:\/\/nyforetagarcentrum.se\/partille\/vara-radgivare\/","title":{"rendered":"V\u00e5ra r\u00e5dgivare"},"content":{"rendered":"<section  class=\"nfc-block-hero alignfull\">\n\n    <img loading=\"lazy\" decoding=\"async\" width=\"1920\" height=\"1080\" src=\"https:\/\/nyforetagarcentrum.se\/partille\/wp-content\/uploads\/sites\/79\/2024\/07\/Namnlos-design-6.png\" class=\"attachment-landscape size-landscape\" alt=\"\" srcset=\"https:\/\/nyforetagarcentrum.se\/partille\/wp-content\/uploads\/sites\/79\/2024\/07\/Namnlos-design-6.png 1920w, https:\/\/nyforetagarcentrum.se\/partille\/wp-content\/uploads\/sites\/79\/2024\/07\/Namnlos-design-6-300x169.png 300w, https:\/\/nyforetagarcentrum.se\/partille\/wp-content\/uploads\/sites\/79\/2024\/07\/Namnlos-design-6-1024x576.png 1024w, https:\/\/nyforetagarcentrum.se\/partille\/wp-content\/uploads\/sites\/79\/2024\/07\/Namnlos-design-6-768x432.png 768w, https:\/\/nyforetagarcentrum.se\/partille\/wp-content\/uploads\/sites\/79\/2024\/07\/Namnlos-design-6-1536x864.png 1536w\" sizes=\"(max-width: 1920px) 100vw, 1920px\" \/>\n    <div class=\"contained\">\n        <h1 class=\"nfc-block-hero__heading\">V\u00e5ra r\u00e5dgivare<\/h1>\n\n            <\/div>\n<\/section>\n\n\n<div style=\"height:30px\" aria-hidden=\"true\" class=\"wp-block-spacer\"><\/div>\n\n\n<section  class=\"nfc-block-person_grid alignwide layout-featured\">\n    <div class=\"contained\">\n        <div class=\"grid\">\n            <div class=\"person-featured-card\">\n    \n    <div class=\"featured_image\">\n                    <img loading=\"lazy\" decoding=\"async\" width=\"1024\" height=\"768\" src=\"https:\/\/nyforetagarcentrum.se\/partille\/wp-content\/uploads\/sites\/79\/2024\/05\/Boel-Glaas-2024-1024x768.jpg\" class=\"attachment-large size-large\" alt=\"\" srcset=\"https:\/\/nyforetagarcentrum.se\/partille\/wp-content\/uploads\/sites\/79\/2024\/05\/Boel-Glaas-2024-1024x768.jpg 1024w, https:\/\/nyforetagarcentrum.se\/partille\/wp-content\/uploads\/sites\/79\/2024\/05\/Boel-Glaas-2024-300x225.jpg 300w, https:\/\/nyforetagarcentrum.se\/partille\/wp-content\/uploads\/sites\/79\/2024\/05\/Boel-Glaas-2024-768x576.jpg 768w, https:\/\/nyforetagarcentrum.se\/partille\/wp-content\/uploads\/sites\/79\/2024\/05\/Boel-Glaas-2024-1536x1152.jpg 1536w, https:\/\/nyforetagarcentrum.se\/partille\/wp-content\/uploads\/sites\/79\/2024\/05\/Boel-Glaas-2024-1440x1080.jpg 1440w, https:\/\/nyforetagarcentrum.se\/partille\/wp-content\/uploads\/sites\/79\/2024\/05\/Boel-Glaas-2024.jpg 2000w\" sizes=\"(max-width: 1024px) 100vw, 1024px\" \/>            <\/div>\n\n    <div class=\"content-wrapper\">\n        <h3>Boel Glaas<\/h3>\n\n                    <div class=\"tags\">\n                Inriktning:\n                                    <span class=\"tag small\">Aff\u00e4rsplan<\/span>\n                                    <span class=\"tag small\">Redovisning<\/span>\n                            <\/div>\n        \n                    <div class=\"excerpt\">\n                Jag \u00e4r utbildad redovisningskonsult och har en egen Redovisningsbyr\u00e5 i Partille sedan m\u00e5nga \u00e5r tillbaka, d\u00e4r mina kunder framf\u00f6r allt \u00e4r sm\u00e5f\u00f6retagare. De beh\u00f6ver hj\u00e4lp med bokf\u00f6ring, momsredovisning, l\u00f6ner, bokslut, inkomstdeklaration och \u00e5rsredovisning.<br \/>\r\n<br \/>\r\nSom r\u00e5dgivare inspireras jag av att kunna hj\u00e4lpa nystartade f\u00f6retag med allt vad det inneb\u00e4r, att ge goda r\u00e5d, supporta och svara p\u00e5 deras fr\u00e5gor. Jag \u00e4r specialiserad p\u00e5 den ekonomiska delen och har en l\u00e5ng erfarenhet i branschen och av f\u00f6retagandet.<br \/>\r\n<br \/>\r\nboel.glaas@nyforetagarcentrum.se<br \/>\r\n<br \/>\r\nMobiltelefon 070-544 88 10<br \/>\r\n                <br\/>\n                            <\/div>\n        \n                    <a href=\"https:\/\/jobsdata-nyforetagarcentrum.se\/ExternBooking?OfficeId=65b8b054-2b5b-eb11-90fb-005056854b61\" class=\"booking-button button outlined\">Boka r\u00e5dgivning<\/a>\n            <\/div>\n<\/div><div class=\"person-featured-card\">\n    \n    <div class=\"featured_image\">\n                    <img loading=\"lazy\" decoding=\"async\" width=\"1024\" height=\"955\" src=\"https:\/\/nyforetagarcentrum.se\/partille\/wp-content\/uploads\/sites\/79\/2024\/02\/DSC4773-kopia-1024x955.jpg\" class=\"attachment-large size-large\" alt=\"\" srcset=\"https:\/\/nyforetagarcentrum.se\/partille\/wp-content\/uploads\/sites\/79\/2024\/02\/DSC4773-kopia-1024x955.jpg 1024w, https:\/\/nyforetagarcentrum.se\/partille\/wp-content\/uploads\/sites\/79\/2024\/02\/DSC4773-kopia-300x280.jpg 300w, https:\/\/nyforetagarcentrum.se\/partille\/wp-content\/uploads\/sites\/79\/2024\/02\/DSC4773-kopia-768x716.jpg 768w, https:\/\/nyforetagarcentrum.se\/partille\/wp-content\/uploads\/sites\/79\/2024\/02\/DSC4773-kopia-1158x1080.jpg 1158w, https:\/\/nyforetagarcentrum.se\/partille\/wp-content\/uploads\/sites\/79\/2024\/02\/DSC4773-kopia-e1762881673427.jpg 1130w\" sizes=\"(max-width: 1024px) 100vw, 1024px\" \/>            <\/div>\n\n    <div class=\"content-wrapper\">\n        <h3>Jaana Kollberg<\/h3>\n\n                    <div class=\"tags\">\n                Inriktning:\n                                    <span class=\"tag small\">Aff\u00e4rsplan<\/span>\n                            <\/div>\n        \n                    <div class=\"excerpt\">\n                Verksamhetsledare\/R\u00e5dgivare<br \/>\r\n-Jag heter Jaana Kollberg och \u00e4r sedan h\u00f6sten 2018 Verksamhetsledare f\u00f6r Nyf\u00f6retagarCentrum i Partille och fr o m h\u00f6sten 2025 nu \u00e4ven certifierad r\u00e5dgivare.<br \/>\r\n<br \/>\r\nJag \u00e4r Diplomerad f\u00e4rg- och stilkonsult och hj\u00e4lper s\u00e5v\u00e4l m\u00e4n som kvinnor att v\u00e4lja r\u00e4tt f\u00e4rg och form p\u00e5 sina kl\u00e4der efter genomf\u00f6rd konsultation. Har verkat som f\u00e4rgkonsult sedan 1990 och stilkonsult sedan 1999. <br \/>\r\nAnledningen till att jag utbildade mig och registrerade enskild firma, var f\u00f6r att f\u00e5 fler att undvika felaktiga impulsk\u00f6p och f\u00f6rebygga avfall. Tidigt 90-tal s\u00e5 talade man inte s\u00e5 mycket om h\u00e5llbarhet men det var precis det jag s\u00e5g. H\u00e5llbarhetst\u00e4nket b\u00f6rjade sedan medialt f\u00e5 ordentlig fart i b\u00f6rjan av 2000-talet.<br \/>\r\nN\u00e5got annat som avgjorde mitt beslut att starta eget var att en f\u00f6retagsstart gav mig m\u00f6jlighet att kunna styra min egen tid den dagen jag skaffade familj.  <br \/>\r\n<br \/>\r\nHar f\u00f6rutom min egen firma jobbat som sekreterare, administrat\u00f6r, f\u00f6rvaltare p\u00e5 kontorshotell, importspedit\u00f6r, s\u00e4ljare i kl\u00e4dbutik, m.m. <br \/>\r\n<br \/>\r\n\u00c4r mycket av en f\u00f6reningsm\u00e4nniska och startade 2006 tillsammans med en v\u00e4ninna Qreativa som \u00e4r ett n\u00e4tverk f\u00f6r kvinnligt f\u00f6retagande i Lerum. <br \/>\r\n\u00c4r \u00e4ven medlem i Rotary sedan 2008 som \u00e4r en organisation som jobbar med humanit\u00e4ra insatser s\u00e5v\u00e4l lokalt som globalt.<br \/>\r\n<br \/>\r\nMitt motto i livet \u00e4r att aldrig k\u00e4nna sig f\u00e4rdigl\u00e4rd utan man l\u00e4r sig s\u00e5 l\u00e4nge man lever. Anser mig  vara empatisk och en god lyssnare, livserfaren med bred erfarenhet fr\u00e5n olika branscher.<br \/>\r\nF\u00f6rutom ovanst\u00e5ende kopplar jag g\u00e4rna av med familj, fiske och finsk tango. <br \/>\r\n<br \/>\r\njaana.kollberg@nyforetagarcentrum.se<br \/>\r\n<br \/>\r\nMobilnummer: 070-594 1874<br \/>\r\n                <br\/>\n                            <\/div>\n        \n                    <a href=\"https:\/\/jobsdata-nyforetagarcentrum.se\/ExternBooking?OfficeId=65b8b054-2b5b-eb11-90fb-005056854b61\" class=\"booking-button button outlined\">Boka r\u00e5dgivning<\/a>\n            <\/div>\n<\/div>        <\/div>\n    <\/div>\n<\/section>\n\n\n<div style=\"height:30px\" aria-hidden=\"true\" class=\"wp-block-spacer\"><\/div>\n","protected":false},"excerpt":{"rendered":"","protected":false},"author":94,"featured_media":0,"parent":0,"menu_order":0,"comment_status":"closed","ping_status":"closed","template":"","meta":{"footnotes":""},"acf":[],"yoast_head":"<!-- This site is optimized with the Yoast SEO plugin v22.9 - https:\/\/yoast.com\/wordpress\/plugins\/seo\/ -->\n<title>V\u00e5ra r\u00e5dgivare - Partille<\/title>\n<meta name=\"robots\" content=\"index, follow, max-snippet:-1, max-image-preview:large, max-video-preview:-1\" \/>\n<link rel=\"canonical\" href=\"https:\/\/nyforetagarcentrum.se\/partille\/vara-radgivare\/\" \/>\n<meta property=\"og:locale\" content=\"sv_SE\" \/>\n<meta property=\"og:type\" content=\"article\" \/>\n<meta property=\"og:title\" content=\"V\u00e5ra r\u00e5dgivare - Partille\" \/>\n<meta property=\"og:url\" content=\"https:\/\/nyforetagarcentrum.se\/partille\/vara-radgivare\/\" \/>\n<meta property=\"og:site_name\" content=\"Partille\" \/>\n<meta property=\"article:modified_time\" content=\"2026-01-09T10:04:38+00:00\" \/>\n<meta name=\"twitter:card\" content=\"summary_large_image\" \/>\n<script type=\"application\/ld+json\" class=\"yoast-schema-graph\">{\"@context\":\"https:\/\/schema.org\",\"@graph\":[{\"@type\":\"WebPage\",\"@id\":\"https:\/\/nyforetagarcentrum.se\/partille\/vara-radgivare\/\",\"url\":\"https:\/\/nyforetagarcentrum.se\/partille\/vara-radgivare\/\",\"name\":\"V\u00e5ra r\u00e5dgivare - Partille\",\"isPartOf\":{\"@id\":\"https:\/\/nyforetagarcentrum.se\/partille\/#website\"},\"datePublished\":\"2026-01-09T09:47:17+00:00\",\"dateModified\":\"2026-01-09T10:04:38+00:00\",\"breadcrumb\":{\"@id\":\"https:\/\/nyforetagarcentrum.se\/partille\/vara-radgivare\/#breadcrumb\"},\"inLanguage\":\"sv-SE\",\"potentialAction\":[{\"@type\":\"ReadAction\",\"target\":[\"https:\/\/nyforetagarcentrum.se\/partille\/vara-radgivare\/\"]}]},{\"@type\":\"BreadcrumbList\",\"@id\":\"https:\/\/nyforetagarcentrum.se\/partille\/vara-radgivare\/#breadcrumb\",\"itemListElement\":[{\"@type\":\"ListItem\",\"position\":1,\"name\":\"Hem\",\"item\":\"https:\/\/nyforetagarcentrum.se\/partille\/\"},{\"@type\":\"ListItem\",\"position\":2,\"name\":\"V\u00e5ra r\u00e5dgivare\"}]},{\"@type\":\"WebSite\",\"@id\":\"https:\/\/nyforetagarcentrum.se\/partille\/#website\",\"url\":\"https:\/\/nyforetagarcentrum.se\/partille\/\",\"name\":\"Partille\",\"description\":\"Sveriges ledande kraft f\u00f6r fler nya livskraftiga f\u00f6retag\",\"publisher\":{\"@id\":\"https:\/\/nyforetagarcentrum.se\/partille\/#organization\"},\"potentialAction\":[{\"@type\":\"SearchAction\",\"target\":{\"@type\":\"EntryPoint\",\"urlTemplate\":\"https:\/\/nyforetagarcentrum.se\/partille\/?s={search_term_string}\"},\"query-input\":\"required name=search_term_string\"}],\"inLanguage\":\"sv-SE\"},{\"@type\":\"Organization\",\"@id\":\"https:\/\/nyforetagarcentrum.se\/partille\/#organization\",\"name\":\"Partille\",\"url\":\"https:\/\/nyforetagarcentrum.se\/partille\/\",\"logo\":{\"@type\":\"ImageObject\",\"inLanguage\":\"sv-SE\",\"@id\":\"https:\/\/nyforetagarcentrum.se\/partille\/#\/schema\/logo\/image\/\",\"url\":\"https:\/\/nyforetagarcentrum.se\/partille\/wp-content\/uploads\/sites\/79\/2024\/04\/Partille-1.png\",\"contentUrl\":\"https:\/\/nyforetagarcentrum.se\/partille\/wp-content\/uploads\/sites\/79\/2024\/04\/Partille-1.png\",\"width\":1082,\"height\":542,\"caption\":\"Partille\"},\"image\":{\"@id\":\"https:\/\/nyforetagarcentrum.se\/partille\/#\/schema\/logo\/image\/\"}}]}<\/script>\n<!-- \/ Yoast SEO plugin. -->","yoast_head_json":{"title":"V\u00e5ra r\u00e5dgivare - Partille","robots":{"index":"index","follow":"follow","max-snippet":"max-snippet:-1","max-image-preview":"max-image-preview:large","max-video-preview":"max-video-preview:-1"},"canonical":"https:\/\/nyforetagarcentrum.se\/partille\/vara-radgivare\/","og_locale":"sv_SE","og_type":"article","og_title":"V\u00e5ra r\u00e5dgivare - Partille","og_url":"https:\/\/nyforetagarcentrum.se\/partille\/vara-radgivare\/","og_site_name":"Partille","article_modified_time":"2026-01-09T10:04:38+00:00","twitter_card":"summary_large_image","schema":{"@context":"https:\/\/schema.org","@graph":[{"@type":"WebPage","@id":"https:\/\/nyforetagarcentrum.se\/partille\/vara-radgivare\/","url":"https:\/\/nyforetagarcentrum.se\/partille\/vara-radgivare\/","name":"V\u00e5ra r\u00e5dgivare - Partille","isPartOf":{"@id":"https:\/\/nyforetagarcentrum.se\/partille\/#website"},"datePublished":"2026-01-09T09:47:17+00:00","dateModified":"2026-01-09T10:04:38+00:00","breadcrumb":{"@id":"https:\/\/nyforetagarcentrum.se\/partille\/vara-radgivare\/#breadcrumb"},"inLanguage":"sv-SE","potentialAction":[{"@type":"ReadAction","target":["https:\/\/nyforetagarcentrum.se\/partille\/vara-radgivare\/"]}]},{"@type":"BreadcrumbList","@id":"https:\/\/nyforetagarcentrum.se\/partille\/vara-radgivare\/#breadcrumb","itemListElement":[{"@type":"ListItem","position":1,"name":"Hem","item":"https:\/\/nyforetagarcentrum.se\/partille\/"},{"@type":"ListItem","position":2,"name":"V\u00e5ra r\u00e5dgivare"}]},{"@type":"WebSite","@id":"https:\/\/nyforetagarcentrum.se\/partille\/#website","url":"https:\/\/nyforetagarcentrum.se\/partille\/","name":"Partille","description":"Sveriges ledande kraft f\u00f6r fler nya livskraftiga f\u00f6retag","publisher":{"@id":"https:\/\/nyforetagarcentrum.se\/partille\/#organization"},"potentialAction":[{"@type":"SearchAction","target":{"@type":"EntryPoint","urlTemplate":"https:\/\/nyforetagarcentrum.se\/partille\/?s={search_term_string}"},"query-input":"required name=search_term_string"}],"inLanguage":"sv-SE"},{"@type":"Organization","@id":"https:\/\/nyforetagarcentrum.se\/partille\/#organization","name":"Partille","url":"https:\/\/nyforetagarcentrum.se\/partille\/","logo":{"@type":"ImageObject","inLanguage":"sv-SE","@id":"https:\/\/nyforetagarcentrum.se\/partille\/#\/schema\/logo\/image\/","url":"https:\/\/nyforetagarcentrum.se\/partille\/wp-content\/uploads\/sites\/79\/2024\/04\/Partille-1.png","contentUrl":"https:\/\/nyforetagarcentrum.se\/partille\/wp-content\/uploads\/sites\/79\/2024\/04\/Partille-1.png","width":1082,"height":542,"caption":"Partille"},"image":{"@id":"https:\/\/nyforetagarcentrum.se\/partille\/#\/schema\/logo\/image\/"}}]}},"_links":{"self":[{"href":"https:\/\/nyforetagarcentrum.se\/partille\/wp-json\/wp\/v2\/pages\/489"}],"collection":[{"href":"https:\/\/nyforetagarcentrum.se\/partille\/wp-json\/wp\/v2\/pages"}],"about":[{"href":"https:\/\/nyforetagarcentrum.se\/partille\/wp-json\/wp\/v2\/types\/page"}],"author":[{"embeddable":true,"href":"https:\/\/nyforetagarcentrum.se\/partille\/wp-json\/wp\/v2\/users\/94"}],"replies":[{"embeddable":true,"href":"https:\/\/nyforetagarcentrum.se\/partille\/wp-json\/wp\/v2\/comments?post=489"}],"version-history":[{"count":15,"href":"https:\/\/nyforetagarcentrum.se\/partille\/wp-json\/wp\/v2\/pages\/489\/revisions"}],"predecessor-version":[{"id":514,"href":"https:\/\/nyforetagarcentrum.se\/partille\/wp-json\/wp\/v2\/pages\/489\/revisions\/514"}],"wp:attachment":[{"href":"https:\/\/nyforetagarcentrum.se\/partille\/wp-json\/wp\/v2\/media?parent=489"}],"curies":[{"name":"wp","href":"https:\/\/api.w.org\/{rel}","templated":true}]}}