{"id":487,"date":"2026-01-09T10:47:17","date_gmt":"2026-01-09T09:47:17","guid":{"rendered":"https:\/\/nyforetagarcentrum.se\/partille\/?page_id=487"},"modified":"2026-02-20T17:24:09","modified_gmt":"2026-02-20T16:24:09","slug":"om-oss","status":"publish","type":"page","link":"https:\/\/nyforetagarcentrum.se\/partille\/om-oss\/","title":{"rendered":"Om oss"},"content":{"rendered":"\n<div style=\"height:30px\" aria-hidden=\"true\" class=\"wp-block-spacer\"><\/div>\n\n\n<section  class=\"nfc-block-hero alignfull\">\n\n    <img loading=\"lazy\" decoding=\"async\" width=\"1476\" height=\"984\" src=\"https:\/\/nyforetagarcentrum.se\/partille\/wp-content\/uploads\/sites\/79\/2024\/03\/Nyforetagare-ung-LOW.jpg\" class=\"attachment-landscape size-landscape\" alt=\"\" srcset=\"https:\/\/nyforetagarcentrum.se\/partille\/wp-content\/uploads\/sites\/79\/2024\/03\/Nyforetagare-ung-LOW.jpg 1476w, https:\/\/nyforetagarcentrum.se\/partille\/wp-content\/uploads\/sites\/79\/2024\/03\/Nyforetagare-ung-LOW-300x200.jpg 300w, https:\/\/nyforetagarcentrum.se\/partille\/wp-content\/uploads\/sites\/79\/2024\/03\/Nyforetagare-ung-LOW-1024x683.jpg 1024w, https:\/\/nyforetagarcentrum.se\/partille\/wp-content\/uploads\/sites\/79\/2024\/03\/Nyforetagare-ung-LOW-768x512.jpg 768w\" sizes=\"(max-width: 1476px) 100vw, 1476px\" \/>\n    <div class=\"contained\">\n        <h1 class=\"nfc-block-hero__heading\">Om oss<\/h1>\n\n            <\/div>\n<\/section>\n\n\n<div style=\"height:30px\" aria-hidden=\"true\" class=\"wp-block-spacer\"><\/div>\n\n\n<section  class=\"nfc-block-split_screen alignwide image_alignment-left\">\n    <div class=\"wrapper\">\n        <div class=\"nfc-block-split_screen__image-wrapper\">\n            <img loading=\"lazy\" decoding=\"async\" width=\"862\" height=\"697\" src=\"https:\/\/nyforetagarcentrum.se\/partille\/wp-content\/uploads\/sites\/79\/2024\/03\/Skarmbild-2023-10-10-101119.png\" class=\"attachment-landscape size-landscape\" alt=\"\" srcset=\"https:\/\/nyforetagarcentrum.se\/partille\/wp-content\/uploads\/sites\/79\/2024\/03\/Skarmbild-2023-10-10-101119.png 862w, https:\/\/nyforetagarcentrum.se\/partille\/wp-content\/uploads\/sites\/79\/2024\/03\/Skarmbild-2023-10-10-101119-300x243.png 300w, https:\/\/nyforetagarcentrum.se\/partille\/wp-content\/uploads\/sites\/79\/2024\/03\/Skarmbild-2023-10-10-101119-768x621.png 768w\" sizes=\"(max-width: 862px) 100vw, 862px\" \/>        <\/div>\n\n        <div class=\"nfc-block-split_screen__content-wrapper\">\n            <h3><strong>Vad g\u00f6r Nyf\u00f6retagarCentrum i Partille?<\/strong><\/h3>\n<p>Vi p\u00e5 Nyf\u00f6retagarCentrum i Partille har varit i g\u00e5ng sedan 2012 och erbjuder kostnadsfri, konfidentiell och objektiv r\u00e5dgivning till Dig som funderar p\u00e5 att starta eget eller precis har startat!<br \/>\nVi finns numera p\u00e5 Kulturum (en trappa upp) p\u00e5 Gamla Kronv\u00e4gen 56 i Partille.<\/p>\n<p>F\u00f6r bokning av kostnadsfri r\u00e5dgivning ring v\u00e5ra r\u00e5dgivare Boel Glaas 070-544 88 10 eller Jaana Kollberg 070-594 1874.<\/p>\n<p>F\u00f6rutom r\u00e5dgivningar s\u00e5 arrangerar vi \u00e4ven 1 Nyf\u00f6retagarkv\u00e4ll per \u00e5r, d\u00e4r ni f\u00e5r ta del av inspirerande f\u00f6redragsh\u00e5llare fr\u00e5n s\u00e5v\u00e4l etablerade som nystartade f\u00f6retagare. \u00c4ven kommun, bank, f\u00f6rs\u00e4kringsbolag, Skatteverket, Almi med flera akt\u00f6rer brukar vara p\u00e5 plats och presentera sig. Vi brukar alternera plats s\u00e5 att vi syns i alla olika kommundelar i Partille. Oftast s\u00e5 arrangeras det hela hos n\u00e5gon lokal f\u00f6retagare i Partille Kommun. Vi har \u00e4ven ett samarrangemang tillsammans med F\u00f6retagarna och Partille Kommun vid namn N\u00c4RA. F\u00f6rsta tillf\u00e4llet var N\u00c4RA2025 som arrangerades den 2\/10-25 och kommande N\u00c4RA2026 g\u00e5r av stapeln den 13\/10-26.<\/p>\n<p>V\u00e5r r\u00e5dgivare som ni kan kontakta f\u00f6r kostnadsfri r\u00e5dgivning \u00e4r Boel Glaas som ni kan l\u00e4sa mer om enligt ovan. Verksamhetsledaren f\u00f6r Nyf\u00f6retagarCentrum i Partille heter Jaana Kollberg och hon \u00e4r \u00e4ven R\u00e5dgivare.<\/p>\n<p>Vi brukar \u00e4ven delta p\u00e5 Jobbm\u00e4ssor i kommunen n\u00e4r s\u00e5dana arrangeras. N\u00e4r behov och intresse finns s\u00e5 har \u00e4ven starta eget kurser arrangerats. Vi har \u00e4ven samarbete med gymnasieskolorna i Partille. P\u00e5 sikt hoppas vi kunna arrangera mentorprogram f\u00f6r nystartade.<\/p>\n\n            \n        <\/div>\n    <\/div>\n<\/section>\n\n\n<div style=\"height:30px\" aria-hidden=\"true\" class=\"wp-block-spacer\"><\/div>\n\n\n<section  class=\"nfc-block-split_screen alignwide image_alignment-right\">\n    <div class=\"wrapper\">\n        <div class=\"nfc-block-split_screen__image-wrapper\">\n            <img loading=\"lazy\" decoding=\"async\" width=\"1476\" height=\"984\" src=\"https:\/\/nyforetagarcentrum.se\/partille\/wp-content\/uploads\/sites\/79\/2024\/03\/Natverk-seminarium-LOW.jpg\" class=\"attachment-landscape size-landscape\" alt=\"\" srcset=\"https:\/\/nyforetagarcentrum.se\/partille\/wp-content\/uploads\/sites\/79\/2024\/03\/Natverk-seminarium-LOW.jpg 1476w, https:\/\/nyforetagarcentrum.se\/partille\/wp-content\/uploads\/sites\/79\/2024\/03\/Natverk-seminarium-LOW-300x200.jpg 300w, https:\/\/nyforetagarcentrum.se\/partille\/wp-content\/uploads\/sites\/79\/2024\/03\/Natverk-seminarium-LOW-1024x683.jpg 1024w, https:\/\/nyforetagarcentrum.se\/partille\/wp-content\/uploads\/sites\/79\/2024\/03\/Natverk-seminarium-LOW-768x512.jpg 768w\" sizes=\"(max-width: 1476px) 100vw, 1476px\" \/>        <\/div>\n\n        <div class=\"nfc-block-split_screen__content-wrapper\">\n            <h3><strong>Hur g\u00f6r vi detta m\u00f6jligt?<\/strong><\/h3>\n<p>Verksamheten finansieras huvudsakligen genom det Lokala N\u00e4ringslivet i Partille samt via Partille Kommun.<\/p>\n<p>Om \u00e4ven ditt f\u00f6retag vill bidra till verksamheten och bli samarbetspartner till Nyf\u00f6retagarcentrum s\u00e5 ber vi dig kontakta Verksamhetsledare Jaana Kollberg som d\u00e5 ber\u00e4ttar mer om vad det kan ge er som f\u00f6retag!<\/p>\n<p>Verksamhetsledare Jaana Kollberg n\u00e5s p\u00e5 mejl <a href=\"mailto:jaana.kollberg@nyforetagarcentrum.se\">jaana.kollberg@nyforetagarcentrum.se<\/a> eller p\u00e5 mobilnummer 070-594 1874.<\/p>\n\n            \n        <\/div>\n    <\/div>\n<\/section>\n\n\n<div style=\"height:30px\" aria-hidden=\"true\" class=\"wp-block-spacer\"><\/div>\n\n\n<section  class=\"nfc-block-split_screen alignwide image_alignment-left\">\n    <div class=\"wrapper\">\n        <div class=\"nfc-block-split_screen__image-wrapper\">\n            <img loading=\"lazy\" decoding=\"async\" width=\"714\" height=\"622\" src=\"https:\/\/nyforetagarcentrum.se\/partille\/wp-content\/uploads\/sites\/79\/2024\/02\/ySLeov8m_8.png\" class=\"attachment-landscape size-landscape\" alt=\"\" srcset=\"https:\/\/nyforetagarcentrum.se\/partille\/wp-content\/uploads\/sites\/79\/2024\/02\/ySLeov8m_8.png 714w, https:\/\/nyforetagarcentrum.se\/partille\/wp-content\/uploads\/sites\/79\/2024\/02\/ySLeov8m_8-300x261.png 300w\" sizes=\"(max-width: 714px) 100vw, 714px\" \/>        <\/div>\n\n        <div class=\"nfc-block-split_screen__content-wrapper\">\n            <h3><strong>Varf\u00f6r g\u00f6r vi detta?<\/strong><\/h3>\n<p>Huvudsyftet \u00e4r att stimulera till ett \u00f6kat nyf\u00f6retagande s\u00e5 att Partille v\u00e4xer, utvecklas och skapar fler arbetstillf\u00e4llen!<\/p>\n<p>I dessa tider av l\u00e5gkonjunktur, krig och med pandemin i backspegeln s\u00e5 \u00e4r det m\u00e5nga som \u00e4r oroliga f\u00f6r att starta eget och d\u00e4rf\u00f6r vill vi verkligen betona m\u00f6jligheten som detta ger er kostnadsfritt vid nystart eller \u00e4ven f\u00f6r dig som kommit ig\u00e5ng och beh\u00f6ver lite st\u00f6d.<\/p>\n<p>V\u00e4lkomna att boka in kostnadsfria r\u00e5dgivningar hos Nyf\u00f6retagarcentrum d\u00e4r ni \u00e4ven erh\u00e5ller tips p\u00e5 andra akt\u00f6rer som kan vara behj\u00e4lpliga p\u00e5 er f\u00f6retagsresa.<\/p>\n<p>V\u00e4nligen<br \/>\nJaana Kollberg<br \/>\nVerksamhetsledare f\u00f6r Nyf\u00f6retagarcentrum i Partille<\/p>\n\n            \n        <\/div>\n    <\/div>\n<\/section>\n\n\n<div style=\"height:30px\" aria-hidden=\"true\" class=\"wp-block-spacer\"><\/div>\n","protected":false},"excerpt":{"rendered":"","protected":false},"author":94,"featured_media":0,"parent":0,"menu_order":0,"comment_status":"closed","ping_status":"closed","template":"","meta":{"footnotes":""},"acf":[],"yoast_head":"<!-- This site is optimized with the Yoast SEO plugin v22.9 - https:\/\/yoast.com\/wordpress\/plugins\/seo\/ -->\n<title>Om oss - Partille<\/title>\n<meta name=\"robots\" content=\"index, follow, max-snippet:-1, max-image-preview:large, max-video-preview:-1\" \/>\n<link rel=\"canonical\" href=\"https:\/\/nyforetagarcentrum.se\/partille\/om-oss\/\" \/>\n<meta property=\"og:locale\" content=\"sv_SE\" \/>\n<meta property=\"og:type\" content=\"article\" \/>\n<meta property=\"og:title\" content=\"Om oss - Partille\" \/>\n<meta property=\"og:url\" content=\"https:\/\/nyforetagarcentrum.se\/partille\/om-oss\/\" \/>\n<meta property=\"og:site_name\" content=\"Partille\" \/>\n<meta property=\"article:modified_time\" content=\"2026-02-20T16:24:09+00:00\" \/>\n<meta name=\"twitter:card\" content=\"summary_large_image\" \/>\n<script type=\"application\/ld+json\" class=\"yoast-schema-graph\">{\"@context\":\"https:\/\/schema.org\",\"@graph\":[{\"@type\":\"WebPage\",\"@id\":\"https:\/\/nyforetagarcentrum.se\/partille\/om-oss\/\",\"url\":\"https:\/\/nyforetagarcentrum.se\/partille\/om-oss\/\",\"name\":\"Om oss - Partille\",\"isPartOf\":{\"@id\":\"https:\/\/nyforetagarcentrum.se\/partille\/#website\"},\"datePublished\":\"2026-01-09T09:47:17+00:00\",\"dateModified\":\"2026-02-20T16:24:09+00:00\",\"breadcrumb\":{\"@id\":\"https:\/\/nyforetagarcentrum.se\/partille\/om-oss\/#breadcrumb\"},\"inLanguage\":\"sv-SE\",\"potentialAction\":[{\"@type\":\"ReadAction\",\"target\":[\"https:\/\/nyforetagarcentrum.se\/partille\/om-oss\/\"]}]},{\"@type\":\"BreadcrumbList\",\"@id\":\"https:\/\/nyforetagarcentrum.se\/partille\/om-oss\/#breadcrumb\",\"itemListElement\":[{\"@type\":\"ListItem\",\"position\":1,\"name\":\"Hem\",\"item\":\"https:\/\/nyforetagarcentrum.se\/partille\/\"},{\"@type\":\"ListItem\",\"position\":2,\"name\":\"Om oss\"}]},{\"@type\":\"WebSite\",\"@id\":\"https:\/\/nyforetagarcentrum.se\/partille\/#website\",\"url\":\"https:\/\/nyforetagarcentrum.se\/partille\/\",\"name\":\"Partille\",\"description\":\"Sveriges ledande kraft f\u00f6r fler nya livskraftiga f\u00f6retag\",\"publisher\":{\"@id\":\"https:\/\/nyforetagarcentrum.se\/partille\/#organization\"},\"potentialAction\":[{\"@type\":\"SearchAction\",\"target\":{\"@type\":\"EntryPoint\",\"urlTemplate\":\"https:\/\/nyforetagarcentrum.se\/partille\/?s={search_term_string}\"},\"query-input\":\"required name=search_term_string\"}],\"inLanguage\":\"sv-SE\"},{\"@type\":\"Organization\",\"@id\":\"https:\/\/nyforetagarcentrum.se\/partille\/#organization\",\"name\":\"Partille\",\"url\":\"https:\/\/nyforetagarcentrum.se\/partille\/\",\"logo\":{\"@type\":\"ImageObject\",\"inLanguage\":\"sv-SE\",\"@id\":\"https:\/\/nyforetagarcentrum.se\/partille\/#\/schema\/logo\/image\/\",\"url\":\"https:\/\/nyforetagarcentrum.se\/partille\/wp-content\/uploads\/sites\/79\/2024\/04\/Partille-1.png\",\"contentUrl\":\"https:\/\/nyforetagarcentrum.se\/partille\/wp-content\/uploads\/sites\/79\/2024\/04\/Partille-1.png\",\"width\":1082,\"height\":542,\"caption\":\"Partille\"},\"image\":{\"@id\":\"https:\/\/nyforetagarcentrum.se\/partille\/#\/schema\/logo\/image\/\"}}]}<\/script>\n<!-- \/ Yoast SEO plugin. -->","yoast_head_json":{"title":"Om oss - Partille","robots":{"index":"index","follow":"follow","max-snippet":"max-snippet:-1","max-image-preview":"max-image-preview:large","max-video-preview":"max-video-preview:-1"},"canonical":"https:\/\/nyforetagarcentrum.se\/partille\/om-oss\/","og_locale":"sv_SE","og_type":"article","og_title":"Om oss - Partille","og_url":"https:\/\/nyforetagarcentrum.se\/partille\/om-oss\/","og_site_name":"Partille","article_modified_time":"2026-02-20T16:24:09+00:00","twitter_card":"summary_large_image","schema":{"@context":"https:\/\/schema.org","@graph":[{"@type":"WebPage","@id":"https:\/\/nyforetagarcentrum.se\/partille\/om-oss\/","url":"https:\/\/nyforetagarcentrum.se\/partille\/om-oss\/","name":"Om oss - Partille","isPartOf":{"@id":"https:\/\/nyforetagarcentrum.se\/partille\/#website"},"datePublished":"2026-01-09T09:47:17+00:00","dateModified":"2026-02-20T16:24:09+00:00","breadcrumb":{"@id":"https:\/\/nyforetagarcentrum.se\/partille\/om-oss\/#breadcrumb"},"inLanguage":"sv-SE","potentialAction":[{"@type":"ReadAction","target":["https:\/\/nyforetagarcentrum.se\/partille\/om-oss\/"]}]},{"@type":"BreadcrumbList","@id":"https:\/\/nyforetagarcentrum.se\/partille\/om-oss\/#breadcrumb","itemListElement":[{"@type":"ListItem","position":1,"name":"Hem","item":"https:\/\/nyforetagarcentrum.se\/partille\/"},{"@type":"ListItem","position":2,"name":"Om oss"}]},{"@type":"WebSite","@id":"https:\/\/nyforetagarcentrum.se\/partille\/#website","url":"https:\/\/nyforetagarcentrum.se\/partille\/","name":"Partille","description":"Sveriges ledande kraft f\u00f6r fler nya livskraftiga f\u00f6retag","publisher":{"@id":"https:\/\/nyforetagarcentrum.se\/partille\/#organization"},"potentialAction":[{"@type":"SearchAction","target":{"@type":"EntryPoint","urlTemplate":"https:\/\/nyforetagarcentrum.se\/partille\/?s={search_term_string}"},"query-input":"required name=search_term_string"}],"inLanguage":"sv-SE"},{"@type":"Organization","@id":"https:\/\/nyforetagarcentrum.se\/partille\/#organization","name":"Partille","url":"https:\/\/nyforetagarcentrum.se\/partille\/","logo":{"@type":"ImageObject","inLanguage":"sv-SE","@id":"https:\/\/nyforetagarcentrum.se\/partille\/#\/schema\/logo\/image\/","url":"https:\/\/nyforetagarcentrum.se\/partille\/wp-content\/uploads\/sites\/79\/2024\/04\/Partille-1.png","contentUrl":"https:\/\/nyforetagarcentrum.se\/partille\/wp-content\/uploads\/sites\/79\/2024\/04\/Partille-1.png","width":1082,"height":542,"caption":"Partille"},"image":{"@id":"https:\/\/nyforetagarcentrum.se\/partille\/#\/schema\/logo\/image\/"}}]}},"_links":{"self":[{"href":"https:\/\/nyforetagarcentrum.se\/partille\/wp-json\/wp\/v2\/pages\/487"}],"collection":[{"href":"https:\/\/nyforetagarcentrum.se\/partille\/wp-json\/wp\/v2\/pages"}],"about":[{"href":"https:\/\/nyforetagarcentrum.se\/partille\/wp-json\/wp\/v2\/types\/page"}],"author":[{"embeddable":true,"href":"https:\/\/nyforetagarcentrum.se\/partille\/wp-json\/wp\/v2\/users\/94"}],"replies":[{"embeddable":true,"href":"https:\/\/nyforetagarcentrum.se\/partille\/wp-json\/wp\/v2\/comments?post=487"}],"version-history":[{"count":22,"href":"https:\/\/nyforetagarcentrum.se\/partille\/wp-json\/wp\/v2\/pages\/487\/revisions"}],"predecessor-version":[{"id":610,"href":"https:\/\/nyforetagarcentrum.se\/partille\/wp-json\/wp\/v2\/pages\/487\/revisions\/610"}],"wp:attachment":[{"href":"https:\/\/nyforetagarcentrum.se\/partille\/wp-json\/wp\/v2\/media?parent=487"}],"curies":[{"name":"wp","href":"https:\/\/api.w.org\/{rel}","templated":true}]}}