{"id":6,"date":"2024-02-22T10:16:29","date_gmt":"2024-02-22T09:16:29","guid":{"rendered":"https:\/\/nyforetagarcentrum.se\/osteraker\/?page_id=6"},"modified":"2025-04-10T11:30:49","modified_gmt":"2025-04-10T09:30:49","slug":"startsida","status":"publish","type":"page","link":"https:\/\/nyforetagarcentrum.se\/osteraker\/","title":{"rendered":"Startsida"},"content":{"rendered":"<section  class=\"nfc-block-hero alignfull\">\n\n    <img loading=\"lazy\" decoding=\"async\" width=\"1512\" height=\"769\" src=\"https:\/\/nyforetagarcentrum.se\/osteraker\/wp-content\/uploads\/sites\/97\/2024\/02\/topp-banner-1.png\" class=\"attachment-landscape size-landscape\" alt=\"\" srcset=\"https:\/\/nyforetagarcentrum.se\/osteraker\/wp-content\/uploads\/sites\/97\/2024\/02\/topp-banner-1.png 1512w, https:\/\/nyforetagarcentrum.se\/osteraker\/wp-content\/uploads\/sites\/97\/2024\/02\/topp-banner-1-300x153.png 300w, https:\/\/nyforetagarcentrum.se\/osteraker\/wp-content\/uploads\/sites\/97\/2024\/02\/topp-banner-1-1024x521.png 1024w, https:\/\/nyforetagarcentrum.se\/osteraker\/wp-content\/uploads\/sites\/97\/2024\/02\/topp-banner-1-768x391.png 768w\" sizes=\"(max-width: 1512px) 100vw, 1512px\" \/>\n    <div class=\"contained\">\n        <h1 class=\"nfc-block-hero__heading\">V\u00e4lkommen till Nyf\u00f6retagarCentrum \u00d6ster\u00e5ker Vaxholm<\/h1>\n\n                    <div class=\"nfc-block-hero__buttons\">\n                                    <a href=\"https:\/\/jobsdata-nyforetagarcentrum.se\/ExternBooking?OfficeId=3d42c1b7-5d96-e811-80d7-0050568571f4\" class=\"button primary\">Boka r\u00e5dgivning<\/a>\n                                    <a href=\"https:\/\/nyforetagarcentrum.se\/osteraker\/erbjudanden\/\" class=\"button white\">Erbjudande<\/a>\n                            <\/div>\n            <\/div>\n<\/section>\n\n\n<div style=\"height:9px\" aria-hidden=\"true\" class=\"wp-block-spacer\"><\/div>\n\n\n<section  class=\"nfc-block-logo_carousel alignfull\" style=\"--items: 11;\">\n    <div class=\"\">\n                \n        <div class=\"carousel-wrapper\">\n            <div class=\"carousel-inner\">\n                                    <div class=\"carousel-item\">\n                                            <\/div>\n                                    <div class=\"carousel-item\">\n                                            <\/div>\n                                    <div class=\"carousel-item\">\n                                            <\/div>\n                                    <div class=\"carousel-item\">\n                                            <\/div>\n                                    <div class=\"carousel-item\">\n                                            <\/div>\n                                    <div class=\"carousel-item\">\n                                            <\/div>\n                                    <div class=\"carousel-item\">\n                                            <\/div>\n                                    <div class=\"carousel-item\">\n                                            <\/div>\n                                    <div class=\"carousel-item\">\n                                            <\/div>\n                                    <div class=\"carousel-item\">\n                                            <\/div>\n                                    <div class=\"carousel-item\">\n                                            <\/div>\n                                    <div class=\"carousel-item\">\n                                            <\/div>\n                                    <div class=\"carousel-item\">\n                                            <\/div>\n                                    <div class=\"carousel-item\">\n                                            <\/div>\n                                    <div class=\"carousel-item\">\n                                            <\/div>\n                                    <div class=\"carousel-item\">\n                                            <\/div>\n                                    <div class=\"carousel-item\">\n                                            <\/div>\n                                    <div class=\"carousel-item\">\n                                            <\/div>\n                                    <div class=\"carousel-item\">\n                                            <\/div>\n                                    <div class=\"carousel-item\">\n                                            <\/div>\n                                    <div class=\"carousel-item\">\n                                            <\/div>\n                                    <div class=\"carousel-item\">\n                                            <\/div>\n                                    <div class=\"carousel-item\">\n                                            <\/div>\n                                    <div class=\"carousel-item\">\n                                            <\/div>\n                                    <div class=\"carousel-item\">\n                                            <\/div>\n                                    <div class=\"carousel-item\">\n                                            <\/div>\n                                    <div class=\"carousel-item\">\n                                            <\/div>\n                                    <div class=\"carousel-item\">\n                                            <\/div>\n                                    <div class=\"carousel-item\">\n                                            <\/div>\n                                    <div class=\"carousel-item\">\n                                            <\/div>\n                                    <div class=\"carousel-item\">\n                                            <\/div>\n                                    <div class=\"carousel-item\">\n                                            <\/div>\n                                    <div class=\"carousel-item\">\n                                            <\/div>\n                                    <div class=\"carousel-item\">\n                                            <\/div>\n                                    <div class=\"carousel-item\">\n                                            <\/div>\n                                    <div class=\"carousel-item\">\n                                            <\/div>\n                                    <div class=\"carousel-item\">\n                                            <\/div>\n                                    <div class=\"carousel-item\">\n                                            <\/div>\n                                    <div class=\"carousel-item\">\n                                            <\/div>\n                                    <div class=\"carousel-item\">\n                                            <\/div>\n                                    <div class=\"carousel-item\">\n                                            <\/div>\n                                    <div class=\"carousel-item\">\n                                            <\/div>\n                                    <div class=\"carousel-item\">\n                                            <\/div>\n                                    <div class=\"carousel-item\">\n                                            <\/div>\n                            <\/div>\n        <\/div>\n    <\/div>\n<\/section>\n\n\n<div style=\"height:24px\" aria-hidden=\"true\" class=\"wp-block-spacer\"><\/div>\n\n\n\n<h2 class=\"wp-block-heading alignwide has-x-large-font-size\">Hur g\u00e5r en r\u00e5dgivning till?<\/h2>\n\n\n<section  class=\"nfc-block-text_cards alignwide show_numbers\">\n    <div class=\"wrapper contained\">\n                    <div class=\"text-card\">\n                <div class=\"text-card__content\">\n                    <h3 class=\"heading\" data-number=\"1\">Boka r\u00e5dgivning<\/h3>\n\n                                            <div class=\"description\">Boka din r\u00e5dgivning i god tid. Ibland kan det finnas ont om tider n\u00e4ra inp\u00e5. S\u00e5 f\u00f6rs\u00f6k vara ute i god tid.<\/div>\n                    \n                                            <a href=\"https:\/\/jobsdata-nyforetagarcentrum.se\/ExternBooking?OfficeId=3d42c1b7-5d96-e811-80d7-0050568571f4\" class=\"button primary\">Boka r\u00e5dgivning<\/a>\n                    \n                <\/div>\n            <\/div>\n                    <div class=\"text-card\">\n                <div class=\"text-card__content\">\n                    <h3 class=\"heading\" data-number=\"2\">B\u00f6rja skriva din aff\u00e4rsplan<\/h3>\n\n                                            <div class=\"description\">F\u00f6r att kunna ge dig s\u00e5 goda r\u00e5d som m\u00f6jligt \u00e4r det viktigt att du har arbetat s\u00e5 mycket som g\u00e5r p\u00e5 din aff\u00e4rsplan innan ditt m\u00f6te. Har du \u00e4nnu inte b\u00f6rjat skriva p\u00e5 en aff\u00e4rsplan kan du f\u00f6lja l\u00e4nken nedan.<\/div>\n                    \n                                            <a href=\"https:\/\/affarsplanen.com\/\" class=\"button outlined\">Till aff\u00e4rsplanen<\/a>\n                    \n                <\/div>\n            <\/div>\n                    <div class=\"text-card\">\n                <div class=\"text-card__content\">\n                    <h3 class=\"heading\" data-number=\"3\">F\u00f6rbered underlag och skriv ner fr\u00e5gor<\/h3>\n\n                                            <div class=\"description\">Fundera p\u00e5 om det \u00e4r n\u00e5gra specifika fr\u00e5gor du beh\u00f6ver ha hj\u00e4lp med eller om du har n\u00e5got annat underlag som \u00e4r bra f\u00f6r r\u00e5dgivaren att se.<\/div>\n                    \n                    \n                <\/div>\n            <\/div>\n            <\/div>\n<\/section>\n\n\n<div style=\"height:24px\" aria-hidden=\"true\" class=\"wp-block-spacer\"><\/div>\n\n\n\n<h2 class=\"wp-block-heading alignwide has-x-large-font-size\">Nyheter<\/h2>\n\n\n<section  class=\"nfc-block-posts_carousel alignwide type-post\">\n    \n    \n<\/section>\n\n\n<div style=\"height:51px\" aria-hidden=\"true\" class=\"wp-block-spacer\"><\/div>\n\n\n\n<div style=\"height:80px\" aria-hidden=\"true\" class=\"wp-block-spacer\"><\/div>\n","protected":false},"excerpt":{"rendered":"<p>Hur g\u00e5r en r\u00e5dgivning till? Nyheter<\/p>\n","protected":false},"author":1,"featured_media":0,"parent":0,"menu_order":0,"comment_status":"closed","ping_status":"closed","template":"","meta":{"footnotes":""},"acf":[],"yoast_head":"<!-- This site is optimized with the Yoast SEO plugin v22.9 - https:\/\/yoast.com\/wordpress\/plugins\/seo\/ -->\n<title>Startsida - \u00d6ster\u00e5ker Vaxholm<\/title>\n<meta name=\"robots\" content=\"index, follow, max-snippet:-1, max-image-preview:large, max-video-preview:-1\" \/>\n<link rel=\"canonical\" href=\"https:\/\/nyforetagarcentrum.se\/osteraker\/\" \/>\n<meta property=\"og:locale\" content=\"sv_SE\" \/>\n<meta property=\"og:type\" content=\"article\" \/>\n<meta property=\"og:title\" content=\"Startsida - \u00d6ster\u00e5ker Vaxholm\" \/>\n<meta property=\"og:description\" content=\"Hur g\u00e5r en r\u00e5dgivning till? Nyheter\" \/>\n<meta property=\"og:url\" content=\"https:\/\/nyforetagarcentrum.se\/osteraker\/\" \/>\n<meta property=\"og:site_name\" content=\"\u00d6ster\u00e5ker Vaxholm\" \/>\n<meta property=\"article:modified_time\" content=\"2025-04-10T09:30:49+00:00\" \/>\n<meta name=\"twitter:card\" content=\"summary_large_image\" \/>\n<script type=\"application\/ld+json\" class=\"yoast-schema-graph\">{\"@context\":\"https:\/\/schema.org\",\"@graph\":[{\"@type\":\"WebPage\",\"@id\":\"https:\/\/nyforetagarcentrum.se\/osteraker\/\",\"url\":\"https:\/\/nyforetagarcentrum.se\/osteraker\/\",\"name\":\"Startsida - \u00d6ster\u00e5ker Vaxholm\",\"isPartOf\":{\"@id\":\"https:\/\/nyforetagarcentrum.se\/osteraker\/#website\"},\"datePublished\":\"2024-02-22T09:16:29+00:00\",\"dateModified\":\"2025-04-10T09:30:49+00:00\",\"breadcrumb\":{\"@id\":\"https:\/\/nyforetagarcentrum.se\/osteraker\/#breadcrumb\"},\"inLanguage\":\"sv-SE\",\"potentialAction\":[{\"@type\":\"ReadAction\",\"target\":[\"https:\/\/nyforetagarcentrum.se\/osteraker\/\"]}]},{\"@type\":\"BreadcrumbList\",\"@id\":\"https:\/\/nyforetagarcentrum.se\/osteraker\/#breadcrumb\",\"itemListElement\":[{\"@type\":\"ListItem\",\"position\":1,\"name\":\"Home\",\"item\":\"https:\/\/nyforetagarcentrum.se\/osteraker\/\"},{\"@type\":\"ListItem\",\"position\":2,\"name\":\"Startsida\"}]},{\"@type\":\"WebSite\",\"@id\":\"https:\/\/nyforetagarcentrum.se\/osteraker\/#website\",\"url\":\"https:\/\/nyforetagarcentrum.se\/osteraker\/\",\"name\":\"\u00d6ster\u00e5ker Vaxholm\",\"description\":\"Sveriges ledande kraft f\u00f6r fler nya livskraftiga f\u00f6retag\",\"publisher\":{\"@id\":\"https:\/\/nyforetagarcentrum.se\/osteraker\/#organization\"},\"potentialAction\":[{\"@type\":\"SearchAction\",\"target\":{\"@type\":\"EntryPoint\",\"urlTemplate\":\"https:\/\/nyforetagarcentrum.se\/osteraker\/?s={search_term_string}\"},\"query-input\":\"required name=search_term_string\"}],\"inLanguage\":\"sv-SE\"},{\"@type\":\"Organization\",\"@id\":\"https:\/\/nyforetagarcentrum.se\/osteraker\/#organization\",\"name\":\"\u00d6ster\u00e5ker Vaxholm\",\"url\":\"https:\/\/nyforetagarcentrum.se\/osteraker\/\",\"logo\":{\"@type\":\"ImageObject\",\"inLanguage\":\"sv-SE\",\"@id\":\"https:\/\/nyforetagarcentrum.se\/osteraker\/#\/schema\/logo\/image\/\",\"url\":\"https:\/\/nyforetagarcentrum.se\/osteraker\/wp-content\/uploads\/sites\/97\/2024\/05\/Osteraker-vaxholm.png\",\"contentUrl\":\"https:\/\/nyforetagarcentrum.se\/osteraker\/wp-content\/uploads\/sites\/97\/2024\/05\/Osteraker-vaxholm.png\",\"width\":1082,\"height\":542,\"caption\":\"\u00d6ster\u00e5ker Vaxholm\"},\"image\":{\"@id\":\"https:\/\/nyforetagarcentrum.se\/osteraker\/#\/schema\/logo\/image\/\"}}]}<\/script>\n<!-- \/ Yoast SEO plugin. -->","yoast_head_json":{"title":"Startsida - \u00d6ster\u00e5ker Vaxholm","robots":{"index":"index","follow":"follow","max-snippet":"max-snippet:-1","max-image-preview":"max-image-preview:large","max-video-preview":"max-video-preview:-1"},"canonical":"https:\/\/nyforetagarcentrum.se\/osteraker\/","og_locale":"sv_SE","og_type":"article","og_title":"Startsida - \u00d6ster\u00e5ker Vaxholm","og_description":"Hur g\u00e5r en r\u00e5dgivning till? Nyheter","og_url":"https:\/\/nyforetagarcentrum.se\/osteraker\/","og_site_name":"\u00d6ster\u00e5ker Vaxholm","article_modified_time":"2025-04-10T09:30:49+00:00","twitter_card":"summary_large_image","schema":{"@context":"https:\/\/schema.org","@graph":[{"@type":"WebPage","@id":"https:\/\/nyforetagarcentrum.se\/osteraker\/","url":"https:\/\/nyforetagarcentrum.se\/osteraker\/","name":"Startsida - \u00d6ster\u00e5ker Vaxholm","isPartOf":{"@id":"https:\/\/nyforetagarcentrum.se\/osteraker\/#website"},"datePublished":"2024-02-22T09:16:29+00:00","dateModified":"2025-04-10T09:30:49+00:00","breadcrumb":{"@id":"https:\/\/nyforetagarcentrum.se\/osteraker\/#breadcrumb"},"inLanguage":"sv-SE","potentialAction":[{"@type":"ReadAction","target":["https:\/\/nyforetagarcentrum.se\/osteraker\/"]}]},{"@type":"BreadcrumbList","@id":"https:\/\/nyforetagarcentrum.se\/osteraker\/#breadcrumb","itemListElement":[{"@type":"ListItem","position":1,"name":"Home","item":"https:\/\/nyforetagarcentrum.se\/osteraker\/"},{"@type":"ListItem","position":2,"name":"Startsida"}]},{"@type":"WebSite","@id":"https:\/\/nyforetagarcentrum.se\/osteraker\/#website","url":"https:\/\/nyforetagarcentrum.se\/osteraker\/","name":"\u00d6ster\u00e5ker Vaxholm","description":"Sveriges ledande kraft f\u00f6r fler nya livskraftiga f\u00f6retag","publisher":{"@id":"https:\/\/nyforetagarcentrum.se\/osteraker\/#organization"},"potentialAction":[{"@type":"SearchAction","target":{"@type":"EntryPoint","urlTemplate":"https:\/\/nyforetagarcentrum.se\/osteraker\/?s={search_term_string}"},"query-input":"required name=search_term_string"}],"inLanguage":"sv-SE"},{"@type":"Organization","@id":"https:\/\/nyforetagarcentrum.se\/osteraker\/#organization","name":"\u00d6ster\u00e5ker Vaxholm","url":"https:\/\/nyforetagarcentrum.se\/osteraker\/","logo":{"@type":"ImageObject","inLanguage":"sv-SE","@id":"https:\/\/nyforetagarcentrum.se\/osteraker\/#\/schema\/logo\/image\/","url":"https:\/\/nyforetagarcentrum.se\/osteraker\/wp-content\/uploads\/sites\/97\/2024\/05\/Osteraker-vaxholm.png","contentUrl":"https:\/\/nyforetagarcentrum.se\/osteraker\/wp-content\/uploads\/sites\/97\/2024\/05\/Osteraker-vaxholm.png","width":1082,"height":542,"caption":"\u00d6ster\u00e5ker Vaxholm"},"image":{"@id":"https:\/\/nyforetagarcentrum.se\/osteraker\/#\/schema\/logo\/image\/"}}]}},"_links":{"self":[{"href":"https:\/\/nyforetagarcentrum.se\/osteraker\/wp-json\/wp\/v2\/pages\/6"}],"collection":[{"href":"https:\/\/nyforetagarcentrum.se\/osteraker\/wp-json\/wp\/v2\/pages"}],"about":[{"href":"https:\/\/nyforetagarcentrum.se\/osteraker\/wp-json\/wp\/v2\/types\/page"}],"author":[{"embeddable":true,"href":"https:\/\/nyforetagarcentrum.se\/osteraker\/wp-json\/wp\/v2\/users\/1"}],"replies":[{"embeddable":true,"href":"https:\/\/nyforetagarcentrum.se\/osteraker\/wp-json\/wp\/v2\/comments?post=6"}],"version-history":[{"count":40,"href":"https:\/\/nyforetagarcentrum.se\/osteraker\/wp-json\/wp\/v2\/pages\/6\/revisions"}],"predecessor-version":[{"id":488,"href":"https:\/\/nyforetagarcentrum.se\/osteraker\/wp-json\/wp\/v2\/pages\/6\/revisions\/488"}],"wp:attachment":[{"href":"https:\/\/nyforetagarcentrum.se\/osteraker\/wp-json\/wp\/v2\/media?parent=6"}],"curies":[{"name":"wp","href":"https:\/\/api.w.org\/{rel}","templated":true}]}}