{"id":553,"date":"2026-01-14T13:38:04","date_gmt":"2026-01-14T12:38:04","guid":{"rendered":"https:\/\/nyforetagarcentrum.se\/osteraker\/?page_id=553"},"modified":"2026-01-14T14:12:27","modified_gmt":"2026-01-14T13:12:27","slug":"arets-nyforetagare","status":"publish","type":"page","link":"https:\/\/nyforetagarcentrum.se\/osteraker\/arets-nyforetagare\/","title":{"rendered":"\u00c5rets nyf\u00f6retagare"},"content":{"rendered":"\n<h4 class=\"wp-block-heading\" id=\"13089324\/priset-delas-ut-av-nyforetagarcentrum-jamtland-harjedalen-i-samarbete-med-samling-naringsliv\">Priset \u00e5rets nyf\u00f6retagare delas ut av\u00a0Nyf\u00f6retagarCentrum \u00d6ster\u00e5ker\/Vaxholm<\/h4>\n\n\n\n<p>Vi \u00e4r nu ig\u00e5ng och letar \u00e5rets nyf\u00f6retagare \u00d6ster\u00e5ker 2026. Nu \u00e4r det dags att nominera dig sj\u00e4lv eller en f\u00f6retagare som du tycker \u00e4r v\u00e4rd uppm\u00e4rksamhet f\u00f6r sitt f\u00f6retagande. I \u00e5r delar vi ut priser i samband med v\u00e5r f\u00f6retagsgala 8 maj.<\/p>\n\n\n\n<p>Priset ges till en nyf\u00f6retagare enligt f\u00f6ljande kriterier:<\/p>\n\n\n\n<p>-F\u00f6retagarens aff\u00e4rsid\u00e9 bed\u00f6ms som utvecklingsbar<\/p>\n\n\n\n<p>-F\u00f6retagaren \u2013arna bed\u00f6ms ha goda entrepren\u00f6rsegenskaper<\/p>\n\n\n\n<p>-F\u00f6retagaren har i samverkan med Nyf\u00f6retagarCentrum \u00d6ster\u00e5ker\/Vaxholm arbetat fram en bra aff\u00e4rsplan<\/p>\n\n\n\n<p>-F\u00f6retagaren har uppn\u00e5tt resultatm\u00e5let<\/p>\n\n\n\n<p>-F\u00f6retaget \u00e4r nystartat men har ett bokslut uppr\u00e4ttat<br>vinst<\/p>\n\n\n\n<p>-F\u00f6retaget \u00e4r 1-3 \u00e5r<\/p>\n\n\n\n<p>Nominera genom att skicka mail till osteraker@nyforetagarcentrum.se<\/p>\n\n\n\n<figure class=\"wp-block-image size-large is-resized\"><img loading=\"lazy\" decoding=\"async\" width=\"681\" height=\"1024\" src=\"https:\/\/nyforetagarcentrum.se\/osteraker\/wp-content\/uploads\/sites\/97\/2026\/01\/2025-681x1024.jpg\" alt=\"\" class=\"wp-image-554\" style=\"width:356px;height:auto\" srcset=\"https:\/\/nyforetagarcentrum.se\/osteraker\/wp-content\/uploads\/sites\/97\/2026\/01\/2025-681x1024.jpg 681w, https:\/\/nyforetagarcentrum.se\/osteraker\/wp-content\/uploads\/sites\/97\/2026\/01\/2025-200x300.jpg 200w, https:\/\/nyforetagarcentrum.se\/osteraker\/wp-content\/uploads\/sites\/97\/2026\/01\/2025-768x1155.jpg 768w, https:\/\/nyforetagarcentrum.se\/osteraker\/wp-content\/uploads\/sites\/97\/2026\/01\/2025-1022x1536.jpg 1022w, https:\/\/nyforetagarcentrum.se\/osteraker\/wp-content\/uploads\/sites\/97\/2026\/01\/2025-718x1080.jpg 718w, https:\/\/nyforetagarcentrum.se\/osteraker\/wp-content\/uploads\/sites\/97\/2026\/01\/2025.jpg 1362w\" sizes=\"(max-width: 681px) 100vw, 681px\" \/><\/figure>\n\n\n\n<p>\u00c5rets nyf\u00f6retagare \u00d6ster\u00e5ker 2025 Emelie von der Burg p\u00e5 Reikivetrin\u00e4ren med motivering:<br><br>Reikiveterin\u00e4ren, Emelie von der Burg har sedan starten 2022 bidragit med en ny verksamhet till \u00d6ster\u00e5ker. Emelie fick inledningsvis hj\u00e4lp fr\u00e5n Nyf\u00f6retagarCentrum \u00d6ster\u00e5ker\/Vaxholm men har d\u00e4refter, med hj\u00e4lp av sin ambition och sitt kunnande kring veterin\u00e4rmedicin<br>skapat en trygg plats f\u00f6r b\u00e5de djur och \u00e4gare.<br>Trots en h\u00e5rt konkurrerande bransch har Emelie byggt upp en stark och trogen kundgrupp samt vuxit b\u00e5de i k\u00e4nnedom och i int\u00e4kter.<br>Med sitt lugn och sin kompetens m\u00f6ter hon varje patient med \u00f6dmjukhet och respekt som kombinerar klassisk veterin\u00e4rmedicin med holistisk veterin\u00e4rmedicin. Reikiveterin\u00e4ren \u00e4r den lilla privata sm\u00e5djursmottagningen med den stora kompetensen.<\/p>\n","protected":false},"excerpt":{"rendered":"<p>Priset \u00e5rets nyf\u00f6retagare delas ut av\u00a0Nyf\u00f6retagarCentrum \u00d6ster\u00e5ker\/Vaxholm Vi \u00e4r nu ig\u00e5ng och letar \u00e5rets nyf\u00f6retagare \u00d6ster\u00e5ker 2026. Nu \u00e4r det dags att nominera dig sj\u00e4lv eller en f\u00f6retagare som du tycker \u00e4r v\u00e4rd uppm\u00e4rksamhet f\u00f6r sitt f\u00f6retagande. I \u00e5r delar vi ut priser i samband med v\u00e5r f\u00f6retagsgala 8 maj. Priset ges till en nyf\u00f6retagare [&hellip;]<\/p>\n","protected":false},"author":1,"featured_media":0,"parent":0,"menu_order":8,"comment_status":"closed","ping_status":"closed","template":"","meta":{"footnotes":""},"acf":[],"yoast_head":"<!-- This site is optimized with the Yoast SEO plugin v22.9 - https:\/\/yoast.com\/wordpress\/plugins\/seo\/ -->\n<title>\u00c5rets nyf\u00f6retagare - \u00d6ster\u00e5ker Vaxholm<\/title>\n<meta name=\"robots\" content=\"index, follow, max-snippet:-1, max-image-preview:large, max-video-preview:-1\" \/>\n<link rel=\"canonical\" href=\"https:\/\/nyforetagarcentrum.se\/osteraker\/arets-nyforetagare\/\" \/>\n<meta property=\"og:locale\" content=\"sv_SE\" \/>\n<meta property=\"og:type\" content=\"article\" \/>\n<meta property=\"og:title\" content=\"\u00c5rets nyf\u00f6retagare - \u00d6ster\u00e5ker Vaxholm\" \/>\n<meta property=\"og:description\" content=\"Priset \u00e5rets nyf\u00f6retagare delas ut av\u00a0Nyf\u00f6retagarCentrum \u00d6ster\u00e5ker\/Vaxholm Vi \u00e4r nu ig\u00e5ng och letar \u00e5rets nyf\u00f6retagare \u00d6ster\u00e5ker 2026. Nu \u00e4r det dags att nominera dig sj\u00e4lv eller en f\u00f6retagare som du tycker \u00e4r v\u00e4rd uppm\u00e4rksamhet f\u00f6r sitt f\u00f6retagande. I \u00e5r delar vi ut priser i samband med v\u00e5r f\u00f6retagsgala 8 maj. Priset ges till en nyf\u00f6retagare [&hellip;]\" \/>\n<meta property=\"og:url\" content=\"https:\/\/nyforetagarcentrum.se\/osteraker\/arets-nyforetagare\/\" \/>\n<meta property=\"og:site_name\" content=\"\u00d6ster\u00e5ker Vaxholm\" \/>\n<meta property=\"article:modified_time\" content=\"2026-01-14T13:12:27+00:00\" \/>\n<meta property=\"og:image\" content=\"https:\/\/nyforetagarcentrum.se\/osteraker\/wp-content\/uploads\/sites\/97\/2026\/01\/2025-681x1024.jpg\" \/>\n<meta name=\"twitter:card\" content=\"summary_large_image\" \/>\n<meta name=\"twitter:label1\" content=\"Ber\u00e4knad l\u00e4stid\" \/>\n\t<meta name=\"twitter:data1\" content=\"2 minuter\" \/>\n<script type=\"application\/ld+json\" class=\"yoast-schema-graph\">{\"@context\":\"https:\/\/schema.org\",\"@graph\":[{\"@type\":\"WebPage\",\"@id\":\"https:\/\/nyforetagarcentrum.se\/osteraker\/arets-nyforetagare\/\",\"url\":\"https:\/\/nyforetagarcentrum.se\/osteraker\/arets-nyforetagare\/\",\"name\":\"\u00c5rets nyf\u00f6retagare - \u00d6ster\u00e5ker Vaxholm\",\"isPartOf\":{\"@id\":\"https:\/\/nyforetagarcentrum.se\/osteraker\/#website\"},\"primaryImageOfPage\":{\"@id\":\"https:\/\/nyforetagarcentrum.se\/osteraker\/arets-nyforetagare\/#primaryimage\"},\"image\":{\"@id\":\"https:\/\/nyforetagarcentrum.se\/osteraker\/arets-nyforetagare\/#primaryimage\"},\"thumbnailUrl\":\"https:\/\/nyforetagarcentrum.se\/osteraker\/wp-content\/uploads\/sites\/97\/2026\/01\/2025-681x1024.jpg\",\"datePublished\":\"2026-01-14T12:38:04+00:00\",\"dateModified\":\"2026-01-14T13:12:27+00:00\",\"breadcrumb\":{\"@id\":\"https:\/\/nyforetagarcentrum.se\/osteraker\/arets-nyforetagare\/#breadcrumb\"},\"inLanguage\":\"sv-SE\",\"potentialAction\":[{\"@type\":\"ReadAction\",\"target\":[\"https:\/\/nyforetagarcentrum.se\/osteraker\/arets-nyforetagare\/\"]}]},{\"@type\":\"ImageObject\",\"inLanguage\":\"sv-SE\",\"@id\":\"https:\/\/nyforetagarcentrum.se\/osteraker\/arets-nyforetagare\/#primaryimage\",\"url\":\"https:\/\/nyforetagarcentrum.se\/osteraker\/wp-content\/uploads\/sites\/97\/2026\/01\/2025.jpg\",\"contentUrl\":\"https:\/\/nyforetagarcentrum.se\/osteraker\/wp-content\/uploads\/sites\/97\/2026\/01\/2025.jpg\",\"width\":1362,\"height\":2048},{\"@type\":\"BreadcrumbList\",\"@id\":\"https:\/\/nyforetagarcentrum.se\/osteraker\/arets-nyforetagare\/#breadcrumb\",\"itemListElement\":[{\"@type\":\"ListItem\",\"position\":1,\"name\":\"Home\",\"item\":\"https:\/\/nyforetagarcentrum.se\/osteraker\/\"},{\"@type\":\"ListItem\",\"position\":2,\"name\":\"\u00c5rets nyf\u00f6retagare\"}]},{\"@type\":\"WebSite\",\"@id\":\"https:\/\/nyforetagarcentrum.se\/osteraker\/#website\",\"url\":\"https:\/\/nyforetagarcentrum.se\/osteraker\/\",\"name\":\"\u00d6ster\u00e5ker Vaxholm\",\"description\":\"Sveriges ledande kraft f\u00f6r fler nya livskraftiga f\u00f6retag\",\"publisher\":{\"@id\":\"https:\/\/nyforetagarcentrum.se\/osteraker\/#organization\"},\"potentialAction\":[{\"@type\":\"SearchAction\",\"target\":{\"@type\":\"EntryPoint\",\"urlTemplate\":\"https:\/\/nyforetagarcentrum.se\/osteraker\/?s={search_term_string}\"},\"query-input\":\"required name=search_term_string\"}],\"inLanguage\":\"sv-SE\"},{\"@type\":\"Organization\",\"@id\":\"https:\/\/nyforetagarcentrum.se\/osteraker\/#organization\",\"name\":\"\u00d6ster\u00e5ker Vaxholm\",\"url\":\"https:\/\/nyforetagarcentrum.se\/osteraker\/\",\"logo\":{\"@type\":\"ImageObject\",\"inLanguage\":\"sv-SE\",\"@id\":\"https:\/\/nyforetagarcentrum.se\/osteraker\/#\/schema\/logo\/image\/\",\"url\":\"https:\/\/nyforetagarcentrum.se\/osteraker\/wp-content\/uploads\/sites\/97\/2024\/05\/Osteraker-vaxholm.png\",\"contentUrl\":\"https:\/\/nyforetagarcentrum.se\/osteraker\/wp-content\/uploads\/sites\/97\/2024\/05\/Osteraker-vaxholm.png\",\"width\":1082,\"height\":542,\"caption\":\"\u00d6ster\u00e5ker Vaxholm\"},\"image\":{\"@id\":\"https:\/\/nyforetagarcentrum.se\/osteraker\/#\/schema\/logo\/image\/\"}}]}<\/script>\n<!-- \/ Yoast SEO plugin. -->","yoast_head_json":{"title":"\u00c5rets nyf\u00f6retagare - \u00d6ster\u00e5ker Vaxholm","robots":{"index":"index","follow":"follow","max-snippet":"max-snippet:-1","max-image-preview":"max-image-preview:large","max-video-preview":"max-video-preview:-1"},"canonical":"https:\/\/nyforetagarcentrum.se\/osteraker\/arets-nyforetagare\/","og_locale":"sv_SE","og_type":"article","og_title":"\u00c5rets nyf\u00f6retagare - \u00d6ster\u00e5ker Vaxholm","og_description":"Priset \u00e5rets nyf\u00f6retagare delas ut av\u00a0Nyf\u00f6retagarCentrum \u00d6ster\u00e5ker\/Vaxholm Vi \u00e4r nu ig\u00e5ng och letar \u00e5rets nyf\u00f6retagare \u00d6ster\u00e5ker 2026. Nu \u00e4r det dags att nominera dig sj\u00e4lv eller en f\u00f6retagare som du tycker \u00e4r v\u00e4rd uppm\u00e4rksamhet f\u00f6r sitt f\u00f6retagande. I \u00e5r delar vi ut priser i samband med v\u00e5r f\u00f6retagsgala 8 maj. Priset ges till en nyf\u00f6retagare [&hellip;]","og_url":"https:\/\/nyforetagarcentrum.se\/osteraker\/arets-nyforetagare\/","og_site_name":"\u00d6ster\u00e5ker Vaxholm","article_modified_time":"2026-01-14T13:12:27+00:00","og_image":[{"url":"https:\/\/nyforetagarcentrum.se\/osteraker\/wp-content\/uploads\/sites\/97\/2026\/01\/2025-681x1024.jpg"}],"twitter_card":"summary_large_image","twitter_misc":{"Ber\u00e4knad l\u00e4stid":"2 minuter"},"schema":{"@context":"https:\/\/schema.org","@graph":[{"@type":"WebPage","@id":"https:\/\/nyforetagarcentrum.se\/osteraker\/arets-nyforetagare\/","url":"https:\/\/nyforetagarcentrum.se\/osteraker\/arets-nyforetagare\/","name":"\u00c5rets nyf\u00f6retagare - \u00d6ster\u00e5ker Vaxholm","isPartOf":{"@id":"https:\/\/nyforetagarcentrum.se\/osteraker\/#website"},"primaryImageOfPage":{"@id":"https:\/\/nyforetagarcentrum.se\/osteraker\/arets-nyforetagare\/#primaryimage"},"image":{"@id":"https:\/\/nyforetagarcentrum.se\/osteraker\/arets-nyforetagare\/#primaryimage"},"thumbnailUrl":"https:\/\/nyforetagarcentrum.se\/osteraker\/wp-content\/uploads\/sites\/97\/2026\/01\/2025-681x1024.jpg","datePublished":"2026-01-14T12:38:04+00:00","dateModified":"2026-01-14T13:12:27+00:00","breadcrumb":{"@id":"https:\/\/nyforetagarcentrum.se\/osteraker\/arets-nyforetagare\/#breadcrumb"},"inLanguage":"sv-SE","potentialAction":[{"@type":"ReadAction","target":["https:\/\/nyforetagarcentrum.se\/osteraker\/arets-nyforetagare\/"]}]},{"@type":"ImageObject","inLanguage":"sv-SE","@id":"https:\/\/nyforetagarcentrum.se\/osteraker\/arets-nyforetagare\/#primaryimage","url":"https:\/\/nyforetagarcentrum.se\/osteraker\/wp-content\/uploads\/sites\/97\/2026\/01\/2025.jpg","contentUrl":"https:\/\/nyforetagarcentrum.se\/osteraker\/wp-content\/uploads\/sites\/97\/2026\/01\/2025.jpg","width":1362,"height":2048},{"@type":"BreadcrumbList","@id":"https:\/\/nyforetagarcentrum.se\/osteraker\/arets-nyforetagare\/#breadcrumb","itemListElement":[{"@type":"ListItem","position":1,"name":"Home","item":"https:\/\/nyforetagarcentrum.se\/osteraker\/"},{"@type":"ListItem","position":2,"name":"\u00c5rets nyf\u00f6retagare"}]},{"@type":"WebSite","@id":"https:\/\/nyforetagarcentrum.se\/osteraker\/#website","url":"https:\/\/nyforetagarcentrum.se\/osteraker\/","name":"\u00d6ster\u00e5ker Vaxholm","description":"Sveriges ledande kraft f\u00f6r fler nya livskraftiga f\u00f6retag","publisher":{"@id":"https:\/\/nyforetagarcentrum.se\/osteraker\/#organization"},"potentialAction":[{"@type":"SearchAction","target":{"@type":"EntryPoint","urlTemplate":"https:\/\/nyforetagarcentrum.se\/osteraker\/?s={search_term_string}"},"query-input":"required name=search_term_string"}],"inLanguage":"sv-SE"},{"@type":"Organization","@id":"https:\/\/nyforetagarcentrum.se\/osteraker\/#organization","name":"\u00d6ster\u00e5ker Vaxholm","url":"https:\/\/nyforetagarcentrum.se\/osteraker\/","logo":{"@type":"ImageObject","inLanguage":"sv-SE","@id":"https:\/\/nyforetagarcentrum.se\/osteraker\/#\/schema\/logo\/image\/","url":"https:\/\/nyforetagarcentrum.se\/osteraker\/wp-content\/uploads\/sites\/97\/2024\/05\/Osteraker-vaxholm.png","contentUrl":"https:\/\/nyforetagarcentrum.se\/osteraker\/wp-content\/uploads\/sites\/97\/2024\/05\/Osteraker-vaxholm.png","width":1082,"height":542,"caption":"\u00d6ster\u00e5ker Vaxholm"},"image":{"@id":"https:\/\/nyforetagarcentrum.se\/osteraker\/#\/schema\/logo\/image\/"}}]}},"_links":{"self":[{"href":"https:\/\/nyforetagarcentrum.se\/osteraker\/wp-json\/wp\/v2\/pages\/553"}],"collection":[{"href":"https:\/\/nyforetagarcentrum.se\/osteraker\/wp-json\/wp\/v2\/pages"}],"about":[{"href":"https:\/\/nyforetagarcentrum.se\/osteraker\/wp-json\/wp\/v2\/types\/page"}],"author":[{"embeddable":true,"href":"https:\/\/nyforetagarcentrum.se\/osteraker\/wp-json\/wp\/v2\/users\/1"}],"replies":[{"embeddable":true,"href":"https:\/\/nyforetagarcentrum.se\/osteraker\/wp-json\/wp\/v2\/comments?post=553"}],"version-history":[{"count":1,"href":"https:\/\/nyforetagarcentrum.se\/osteraker\/wp-json\/wp\/v2\/pages\/553\/revisions"}],"predecessor-version":[{"id":555,"href":"https:\/\/nyforetagarcentrum.se\/osteraker\/wp-json\/wp\/v2\/pages\/553\/revisions\/555"}],"wp:attachment":[{"href":"https:\/\/nyforetagarcentrum.se\/osteraker\/wp-json\/wp\/v2\/media?parent=553"}],"curies":[{"name":"wp","href":"https:\/\/api.w.org\/{rel}","templated":true}]}}