{"id":41,"date":"2024-02-22T10:24:51","date_gmt":"2024-02-22T09:24:51","guid":{"rendered":"https:\/\/nyforetagarcentrum.se\/osteraker\/?page_id=41"},"modified":"2026-02-26T14:09:12","modified_gmt":"2026-02-26T13:09:12","slug":"vara-samarbetspartners","status":"publish","type":"page","link":"https:\/\/nyforetagarcentrum.se\/osteraker\/vara-samarbetspartners\/","title":{"rendered":"V\u00e5ra samarbetspartners"},"content":{"rendered":"<section  class=\"nfc-block-hero alignfull\">\n\n    <img loading=\"lazy\" decoding=\"async\" width=\"1470\" height=\"980\" src=\"https:\/\/nyforetagarcentrum.se\/osteraker\/wp-content\/uploads\/sites\/97\/2024\/02\/Medium_JM.png\" class=\"attachment-landscape size-landscape\" alt=\"\" srcset=\"https:\/\/nyforetagarcentrum.se\/osteraker\/wp-content\/uploads\/sites\/97\/2024\/02\/Medium_JM.png 1470w, https:\/\/nyforetagarcentrum.se\/osteraker\/wp-content\/uploads\/sites\/97\/2024\/02\/Medium_JM-300x200.png 300w, https:\/\/nyforetagarcentrum.se\/osteraker\/wp-content\/uploads\/sites\/97\/2024\/02\/Medium_JM-1024x683.png 1024w, https:\/\/nyforetagarcentrum.se\/osteraker\/wp-content\/uploads\/sites\/97\/2024\/02\/Medium_JM-768x512.png 768w\" sizes=\"(max-width: 1470px) 100vw, 1470px\" \/>\n    <div class=\"contained\">\n        <h1 class=\"nfc-block-hero__heading\">V\u00e5ra samarbetspartners<\/h1>\n\n            <\/div>\n<\/section>\n\n<section  class=\"block-our-partners nfc-block-partners\">\n    <div class=\"contained\">\n            <\/div>\n<\/section>\n\n\n<div style=\"height:50px\" aria-hidden=\"true\" class=\"wp-block-spacer\"><\/div>\n\n\n<section  class=\"nfc-block-breadcrumbs\">\n    <div class=\"wrapper contained\">\n        <ol class=\"breadcrumbs\" itemscope itemtype=\"https:\/\/schema.org\/BreadcrumbList\">\n            <li itemprop=\"itemListElement\" itemscope itemtype=\"https:\/\/schema.org\/ListItem\">\n            \n\n                            <span class=\"current\" itemprop=\"name\">Hem<\/span>\n            \n            <meta itemprop=\"position\" content=\"1\" \/>\n        <\/li>\n    <\/ol>    <\/div>\n<\/section>\n\n\n<div style=\"height:51px\" aria-hidden=\"true\" class=\"wp-block-spacer\"><\/div>\n\n\n<section  class=\"block-our-partners nfc-block-partners\">\n    <div class=\"contained\">\n                                    <div class=\"partner-card\">\n                    <div class=\"logo-wrapper\">\n                        <img decoding=\"async\" src=\"https:\/\/nyforetagarcentrum.se\/osteraker\/wp-content\/uploads\/sites\/97\/2024\/05\/ro_refbild_osteraker_logo.jpg\" alt=\"\">\n                    <\/div>\n                    \n                                                                <p class=\"description\">https:\/\/www.osteraker.se\/<\/p>\n                                                                                                        <div class=\"item link\"><b><a href=\"https:\/\/www.osteraker.se\/\" target=\"_blank\" > <\/a><\/b><\/div>\n                                    <\/div>\n                            <div class=\"partner-card\">\n                    <div class=\"logo-wrapper\">\n                        <img decoding=\"async\" src=\"https:\/\/nyforetagarcentrum.se\/osteraker\/wp-content\/uploads\/sites\/97\/2024\/05\/hamta.jpg\" alt=\"\">\n                    <\/div>\n                    \n                                            <div class=\"h4\"><b>Vaxholm Stad<\/b><\/div>\n                                                                <p class=\"description\">https:\/\/www.vaxholm.se\/<\/p>\n                                                                                                        <div class=\"item link\"><b><a href=\"https:\/\/www.vaxholm.se\/\" target=\"_blank\" > <\/a><\/b><\/div>\n                                    <\/div>\n                            <div class=\"partner-card\">\n                    <div class=\"logo-wrapper\">\n                        <img decoding=\"async\" src=\"https:\/\/nyforetagarcentrum.se\/osteraker\/wp-content\/uploads\/sites\/97\/2024\/05\/McD_GoldenArches_CMYK_Green_BKG.jpg\" alt=\"\">\n                    <\/div>\n                    \n                                            <div class=\"h4\"><b>McDonalds \u00c5kersberga<\/b><\/div>\n                                                                <p class=\"description\">McDonald\u2019s startade 1954 n\u00e4r Ray Kroc uppt\u00e4ckte br\u00f6derna McDonalds restaurang i San Bernadino. Br\u00f6derna Dick och Mac serverade h\u00f6gkvalitativa hamburgare \u2013 och det gick snabbt. Sedan dess har McDonald\u2019s vuxit till att bli ett av v\u00e4rldens ledande varum\u00e4rken inom mat och service, med 36 000 restauranger i \u00f6ver 100 l\u00e4nder.Idag \u00e4r McDonald\u2019s Sveriges st\u00f6rsta restaurangkedja med ca 200 restauranger.\r\nhttps:\/\/www.mcdonalds.com\/se\/sv-se\/location\/kersberga\/kersberga\/rallarv-gen-1\/98.html<\/p>\n                                                                                                        <div class=\"item link\"><b><a href=\"https:\/\/www.mcdonalds.com\/se\/sv-se\/location\/kersberga\/kersberga\/rallarv-gen-1\/98.html\" target=\"_blank\" > <\/a><\/b><\/div>\n                                    <\/div>\n                            <div class=\"partner-card\">\n                    <div class=\"logo-wrapper\">\n                        <img decoding=\"async\" src=\"https:\/\/nyforetagarcentrum.se\/osteraker\/wp-content\/uploads\/sites\/97\/2024\/05\/Logotyp_Handelsbanken_LARGE_bla-kopiera-scaled.jpg\" alt=\"\">\n                    <\/div>\n                    \n                                            <div class=\"h4\"><b>Handelsbanken<\/b><\/div>\n                                                                <p class=\"description\">Vi hj\u00e4lper dig f\u00e5 koll p\u00e5 s\u00e5v\u00e4l din egen som f\u00f6retagets ekonomi och m\u00e5nar alltid om ditt b\u00e4sta. Mejla eller ring oss f\u00f6r att boka en tid. \r\n \r\nHos oss f\u00e5r du goda r\u00e5d om bland annat: \r\nBol\u00e5n och allt som h\u00f6r d\u00e4rtill\r\nDitt och din familjs sparande\r\nBetalnings- och tj\u00e4nstepensionsl\u00f6sningar f\u00f6r f\u00f6retaget.\r\nhttps:\/\/www.handelsbanken.se\/sv\/hitta-bankkontor\/akersberga<\/p>\n                                                                                                        <div class=\"item link\"><b><a href=\"https:\/\/www.handelsbanken.se\/sv\/hitta-bankkontor\/akersberga\" target=\"_blank\" > <\/a><\/b><\/div>\n                                    <\/div>\n                            <div class=\"partner-card\">\n                    <div class=\"logo-wrapper\">\n                        <img decoding=\"async\" src=\"https:\/\/nyforetagarcentrum.se\/osteraker\/wp-content\/uploads\/sites\/97\/2024\/05\/Bild1.png\" alt=\"\">\n                    <\/div>\n                    \n                                            <div class=\"h4\"><b>Qpeople<\/b><\/div>\n                                                                <p class=\"description\">Qpeople \u00e4r p\u00e5 uppdrag av Stockholms stad en auktoriserad f\u00f6retagarr\u00e5dgivare inom Starta eget Stockholm. Starta eget Stockholm \u00e4r en kostnadsfri tj\u00e4nst som erbjuder f\u00f6rel\u00e4sningar, workshops och individuell r\u00e5dgivning f\u00f6r stockholmare som \u00e4r intresserade av att starta eget f\u00f6retag. F\u00f6r att skapa bra f\u00f6ruts\u00e4ttningar f\u00f6r den som ska starta eget f\u00f6retag f\u00e5r bara auktoriserade f\u00f6retagarr\u00e5dgivare finnas med i tj\u00e4nsten. \r\nhttps:\/\/www.qpeople.se\/\r\n\r\n\u200b<\/p>\n                                                                                                        <div class=\"item link\"><b><a href=\"https:\/\/www.qpeople.se\/\" target=\"_blank\" > <\/a><\/b><\/div>\n                                    <\/div>\n                            <div class=\"partner-card\">\n                    <div class=\"logo-wrapper\">\n                        <img decoding=\"async\" src=\"https:\/\/nyforetagarcentrum.se\/osteraker\/wp-content\/uploads\/sites\/97\/2024\/05\/Bild2.png\" alt=\"\">\n                    <\/div>\n                    \n                                            <div class=\"h4\"><b>F\u00f6retagsekonomerna Norrort<\/b><\/div>\n                                                                <p class=\"description\">Om oss\r\nEr ekonomipartner &#8211; Ert f\u00f6retagande \u00e4r v\u00e5rt fokus\r\n\r\nF\u00f6retagsekonomerna Norrort \u00e4r en byr\u00e5 med \u00f6ver 25 \u00e5rs erfarenhet av ekonomi och skatter bel\u00e4gen i \u00c5kersberga Centrum. \r\n\r\n\u200b\r\n\r\nVi tar ansvar f\u00f6r er administration vilket g\u00f6r att du som f\u00f6retagare kan fokusera p\u00e5 din verksamhet fullt ut. Vi kan hj\u00e4lpa er med allt fr\u00e5n l\u00f6pande bokf\u00f6ring till bokslut, analyser, deklarationer, \u00e5rsredovisningar och presentationer. \r\nhttps:\/\/www.xn--fretagsekonomerna-zzb.se\/<\/p>\n                                                                                                        <div class=\"item link\"><b><a href=\"https:\/\/www.xn--fretagsekonomerna-zzb.se\/\" target=\"_blank\" > <\/a><\/b><\/div>\n                                    <\/div>\n                            <div class=\"partner-card\">\n                    <div class=\"logo-wrapper\">\n                        <img decoding=\"async\" src=\"https:\/\/nyforetagarcentrum.se\/osteraker\/wp-content\/uploads\/sites\/97\/2024\/05\/jesvint.jpg\" alt=\"\">\n                    <\/div>\n                    \n                                            <div class=\"h4\"><b>Jesvint AB<\/b><\/div>\n                                                                                                                    <\/div>\n                            <div class=\"partner-card\">\n                    <div class=\"logo-wrapper\">\n                        <img decoding=\"async\" src=\"https:\/\/nyforetagarcentrum.se\/osteraker\/wp-content\/uploads\/sites\/97\/2024\/05\/CG-Ekonomi_logga.jpg\" alt=\"\">\n                    <\/div>\n                    \n                                            <div class=\"h4\"><b>CG Ekonomi AB<\/b><\/div>\n                                                                <p class=\"description\">Vi \u00e4r redovisningsbyr\u00e5n i \u00c5kersberga som g\u00f6r mer \u00e4n bara bokf\u00f6ring. Vi sk\u00f6ter er l\u00f6pande bokf\u00f6ring, uppr\u00e4ttar bokslut &amp; \u00e5rsredovisning och mycket mer. V\u00e5rt fokus \u00e4r kunden och \u00e4r att vara n\u00e4ra till hands f\u00f6r att hj\u00e4lpa f\u00f6retag med sin ekonomiska planeringar och strategier.\r\nhttps:\/\/cgekonomi.se\/<\/p>\n                                                                                                        <div class=\"item link\"><b><a href=\"https:\/\/cgekonomi.se\/\" target=\"_blank\" > <\/a><\/b><\/div>\n                                    <\/div>\n                            <div class=\"partner-card\">\n                    <div class=\"logo-wrapper\">\n                        <img decoding=\"async\" src=\"https:\/\/nyforetagarcentrum.se\/osteraker\/wp-content\/uploads\/sites\/97\/2024\/05\/diggiprint1-210x79-1.jpg\" alt=\"\">\n                    <\/div>\n                    \n                                            <div class=\"h4\"><b>Diggiprint<\/b><\/div>\n                                                                <p class=\"description\">Vi \u00e4r din marknadsf\u00f6ringspartner f\u00f6r\r\nwebbutveckling, design, SEO och\r\ntrycksaksproduktion som st\u00e4rker\r\nf\u00f6retagets n\u00e4rvaro och lockar och\r\nbeh\u00e5ller kunden. https:\/\/diggimedia.se\/<\/p>\n                                                                                                        <div class=\"item link\"><b><a href=\"https:\/\/diggimedia.se\/\" target=\"_blank\" > <\/a><\/b><\/div>\n                                    <\/div>\n                            <div class=\"partner-card\">\n                    <div class=\"logo-wrapper\">\n                        <img decoding=\"async\" src=\"https:\/\/nyforetagarcentrum.se\/osteraker\/wp-content\/uploads\/sites\/97\/2024\/10\/Osteraker-1.png\" alt=\"\">\n                    <\/div>\n                    \n                                            <div class=\"h4\"><b>F\u00f6retagarna \u00d6ster\u00e5ker<\/b><\/div>\n                                                                <p class=\"description\">F\u00f6retagarna skapar b\u00e4ttre f\u00f6ruts\u00e4ttningar f\u00f6r att starta, driva, utveckla och \u00e4ga f\u00f6retag i Sverige. V\u00e5rt arbete \u00e4r att verka f\u00f6r f\u00f6retagande, f\u00f6retagares r\u00e4ttigheter och bidra till ett klimat som g\u00f6r det l\u00e4tt och attraktivt att driva f\u00f6retag. Lokalt verkar vi f\u00f6r att skapa ett starkt n\u00e4tverk bland v\u00e5ra f\u00f6retagare. Bli medlem du ocks\u00e5!\r\nhttps:\/\/www.foretagarna.se\/foreningar\/osteraker\/\r\n<\/p>\n                                                                                                        <div class=\"item link\"><b><a href=\"https:\/\/www.foretagarna.se\/foreningar\/osteraker\/\" target=\"_blank\" > <\/a><\/b><\/div>\n                                    <\/div>\n                            <div class=\"partner-card\">\n                    <div class=\"logo-wrapper\">\n                        <img decoding=\"async\" src=\"https:\/\/nyforetagarcentrum.se\/osteraker\/wp-content\/uploads\/sites\/97\/2025\/11\/RM_logga-2023-1.jpg\" alt=\"\">\n                    <\/div>\n                    \n                                            <div class=\"h4\"><b>Resar\u00f6 Marina<\/b><\/div>\n                                                                <p class=\"description\">Resar\u00f6 Marina ligger strax utanf\u00f6r Vaxholm och \u00e4r d\u00e4rmed den kanske mest centralt bel\u00e4gna marinan i Stockholms sk\u00e4rg\u00e5rd.\r\nhttps:\/\/resaromarina.se\/<\/p>\n                                                                                                        <div class=\"item link\"><b><a href=\"https:\/\/resaromarina.se\/\" target=\"_blank\" > <\/a><\/b><\/div>\n                                    <\/div>\n                            <div class=\"partner-card\">\n                    <div class=\"logo-wrapper\">\n                        <img decoding=\"async\" src=\"https:\/\/nyforetagarcentrum.se\/osteraker\/wp-content\/uploads\/sites\/97\/2026\/02\/betong_och_stang_farg-scaled.jpg\" alt=\"\">\n                    <\/div>\n                    \n                                            <div class=\"h4\"><b>Boetong &amp; St\u00e5ng<\/b><\/div>\n                                                                <p class=\"description\">Designar och tillverkar olika typer av inredningsdetaljer f\u00f6r inom- och utomhusbruk och med industrik\u00e4nsla i betong, st\u00e5l, krom och rostigt j\u00e4rn mm.\r\nhttps:\/\/www.marketandthings.se\/<\/p>\n                                                                                                        <div class=\"item link\"><b><a href=\"http:\/\/www.marketandthings.se\" target=\"\" > <\/a><\/b><\/div>\n                                    <\/div>\n                        <\/div>\n<\/section>\n\n\n<div style=\"height:80px\" aria-hidden=\"true\" class=\"wp-block-spacer\"><\/div>\n","protected":false},"excerpt":{"rendered":"","protected":false},"author":1,"featured_media":0,"parent":0,"menu_order":0,"comment_status":"closed","ping_status":"closed","template":"","meta":{"footnotes":""},"acf":[],"yoast_head":"<!-- This site is optimized with the Yoast SEO plugin v22.9 - https:\/\/yoast.com\/wordpress\/plugins\/seo\/ -->\n<title>V\u00e5ra samarbetspartners - \u00d6ster\u00e5ker Vaxholm<\/title>\n<meta name=\"robots\" content=\"index, follow, max-snippet:-1, max-image-preview:large, max-video-preview:-1\" \/>\n<link rel=\"canonical\" href=\"https:\/\/nyforetagarcentrum.se\/osteraker\/vara-samarbetspartners\/\" \/>\n<meta property=\"og:locale\" content=\"sv_SE\" \/>\n<meta property=\"og:type\" content=\"article\" \/>\n<meta property=\"og:title\" content=\"V\u00e5ra samarbetspartners - \u00d6ster\u00e5ker Vaxholm\" \/>\n<meta property=\"og:url\" content=\"https:\/\/nyforetagarcentrum.se\/osteraker\/vara-samarbetspartners\/\" \/>\n<meta property=\"og:site_name\" content=\"\u00d6ster\u00e5ker Vaxholm\" \/>\n<meta property=\"article:modified_time\" content=\"2026-02-26T13:09:12+00:00\" \/>\n<meta name=\"twitter:card\" content=\"summary_large_image\" \/>\n<script type=\"application\/ld+json\" class=\"yoast-schema-graph\">{\"@context\":\"https:\/\/schema.org\",\"@graph\":[{\"@type\":\"WebPage\",\"@id\":\"https:\/\/nyforetagarcentrum.se\/osteraker\/vara-samarbetspartners\/\",\"url\":\"https:\/\/nyforetagarcentrum.se\/osteraker\/vara-samarbetspartners\/\",\"name\":\"V\u00e5ra samarbetspartners - \u00d6ster\u00e5ker Vaxholm\",\"isPartOf\":{\"@id\":\"https:\/\/nyforetagarcentrum.se\/osteraker\/#website\"},\"datePublished\":\"2024-02-22T09:24:51+00:00\",\"dateModified\":\"2026-02-26T13:09:12+00:00\",\"breadcrumb\":{\"@id\":\"https:\/\/nyforetagarcentrum.se\/osteraker\/vara-samarbetspartners\/#breadcrumb\"},\"inLanguage\":\"sv-SE\",\"potentialAction\":[{\"@type\":\"ReadAction\",\"target\":[\"https:\/\/nyforetagarcentrum.se\/osteraker\/vara-samarbetspartners\/\"]}]},{\"@type\":\"BreadcrumbList\",\"@id\":\"https:\/\/nyforetagarcentrum.se\/osteraker\/vara-samarbetspartners\/#breadcrumb\",\"itemListElement\":[{\"@type\":\"ListItem\",\"position\":1,\"name\":\"Home\",\"item\":\"https:\/\/nyforetagarcentrum.se\/osteraker\/\"},{\"@type\":\"ListItem\",\"position\":2,\"name\":\"V\u00e5ra samarbetspartners\"}]},{\"@type\":\"WebSite\",\"@id\":\"https:\/\/nyforetagarcentrum.se\/osteraker\/#website\",\"url\":\"https:\/\/nyforetagarcentrum.se\/osteraker\/\",\"name\":\"\u00d6ster\u00e5ker Vaxholm\",\"description\":\"Sveriges ledande kraft f\u00f6r fler nya livskraftiga f\u00f6retag\",\"publisher\":{\"@id\":\"https:\/\/nyforetagarcentrum.se\/osteraker\/#organization\"},\"potentialAction\":[{\"@type\":\"SearchAction\",\"target\":{\"@type\":\"EntryPoint\",\"urlTemplate\":\"https:\/\/nyforetagarcentrum.se\/osteraker\/?s={search_term_string}\"},\"query-input\":\"required name=search_term_string\"}],\"inLanguage\":\"sv-SE\"},{\"@type\":\"Organization\",\"@id\":\"https:\/\/nyforetagarcentrum.se\/osteraker\/#organization\",\"name\":\"\u00d6ster\u00e5ker Vaxholm\",\"url\":\"https:\/\/nyforetagarcentrum.se\/osteraker\/\",\"logo\":{\"@type\":\"ImageObject\",\"inLanguage\":\"sv-SE\",\"@id\":\"https:\/\/nyforetagarcentrum.se\/osteraker\/#\/schema\/logo\/image\/\",\"url\":\"https:\/\/nyforetagarcentrum.se\/osteraker\/wp-content\/uploads\/sites\/97\/2024\/05\/Osteraker-vaxholm.png\",\"contentUrl\":\"https:\/\/nyforetagarcentrum.se\/osteraker\/wp-content\/uploads\/sites\/97\/2024\/05\/Osteraker-vaxholm.png\",\"width\":1082,\"height\":542,\"caption\":\"\u00d6ster\u00e5ker Vaxholm\"},\"image\":{\"@id\":\"https:\/\/nyforetagarcentrum.se\/osteraker\/#\/schema\/logo\/image\/\"}}]}<\/script>\n<!-- \/ Yoast SEO plugin. -->","yoast_head_json":{"title":"V\u00e5ra samarbetspartners - \u00d6ster\u00e5ker Vaxholm","robots":{"index":"index","follow":"follow","max-snippet":"max-snippet:-1","max-image-preview":"max-image-preview:large","max-video-preview":"max-video-preview:-1"},"canonical":"https:\/\/nyforetagarcentrum.se\/osteraker\/vara-samarbetspartners\/","og_locale":"sv_SE","og_type":"article","og_title":"V\u00e5ra samarbetspartners - \u00d6ster\u00e5ker Vaxholm","og_url":"https:\/\/nyforetagarcentrum.se\/osteraker\/vara-samarbetspartners\/","og_site_name":"\u00d6ster\u00e5ker Vaxholm","article_modified_time":"2026-02-26T13:09:12+00:00","twitter_card":"summary_large_image","schema":{"@context":"https:\/\/schema.org","@graph":[{"@type":"WebPage","@id":"https:\/\/nyforetagarcentrum.se\/osteraker\/vara-samarbetspartners\/","url":"https:\/\/nyforetagarcentrum.se\/osteraker\/vara-samarbetspartners\/","name":"V\u00e5ra samarbetspartners - \u00d6ster\u00e5ker Vaxholm","isPartOf":{"@id":"https:\/\/nyforetagarcentrum.se\/osteraker\/#website"},"datePublished":"2024-02-22T09:24:51+00:00","dateModified":"2026-02-26T13:09:12+00:00","breadcrumb":{"@id":"https:\/\/nyforetagarcentrum.se\/osteraker\/vara-samarbetspartners\/#breadcrumb"},"inLanguage":"sv-SE","potentialAction":[{"@type":"ReadAction","target":["https:\/\/nyforetagarcentrum.se\/osteraker\/vara-samarbetspartners\/"]}]},{"@type":"BreadcrumbList","@id":"https:\/\/nyforetagarcentrum.se\/osteraker\/vara-samarbetspartners\/#breadcrumb","itemListElement":[{"@type":"ListItem","position":1,"name":"Home","item":"https:\/\/nyforetagarcentrum.se\/osteraker\/"},{"@type":"ListItem","position":2,"name":"V\u00e5ra samarbetspartners"}]},{"@type":"WebSite","@id":"https:\/\/nyforetagarcentrum.se\/osteraker\/#website","url":"https:\/\/nyforetagarcentrum.se\/osteraker\/","name":"\u00d6ster\u00e5ker Vaxholm","description":"Sveriges ledande kraft f\u00f6r fler nya livskraftiga f\u00f6retag","publisher":{"@id":"https:\/\/nyforetagarcentrum.se\/osteraker\/#organization"},"potentialAction":[{"@type":"SearchAction","target":{"@type":"EntryPoint","urlTemplate":"https:\/\/nyforetagarcentrum.se\/osteraker\/?s={search_term_string}"},"query-input":"required name=search_term_string"}],"inLanguage":"sv-SE"},{"@type":"Organization","@id":"https:\/\/nyforetagarcentrum.se\/osteraker\/#organization","name":"\u00d6ster\u00e5ker Vaxholm","url":"https:\/\/nyforetagarcentrum.se\/osteraker\/","logo":{"@type":"ImageObject","inLanguage":"sv-SE","@id":"https:\/\/nyforetagarcentrum.se\/osteraker\/#\/schema\/logo\/image\/","url":"https:\/\/nyforetagarcentrum.se\/osteraker\/wp-content\/uploads\/sites\/97\/2024\/05\/Osteraker-vaxholm.png","contentUrl":"https:\/\/nyforetagarcentrum.se\/osteraker\/wp-content\/uploads\/sites\/97\/2024\/05\/Osteraker-vaxholm.png","width":1082,"height":542,"caption":"\u00d6ster\u00e5ker Vaxholm"},"image":{"@id":"https:\/\/nyforetagarcentrum.se\/osteraker\/#\/schema\/logo\/image\/"}}]}},"_links":{"self":[{"href":"https:\/\/nyforetagarcentrum.se\/osteraker\/wp-json\/wp\/v2\/pages\/41"}],"collection":[{"href":"https:\/\/nyforetagarcentrum.se\/osteraker\/wp-json\/wp\/v2\/pages"}],"about":[{"href":"https:\/\/nyforetagarcentrum.se\/osteraker\/wp-json\/wp\/v2\/types\/page"}],"author":[{"embeddable":true,"href":"https:\/\/nyforetagarcentrum.se\/osteraker\/wp-json\/wp\/v2\/users\/1"}],"replies":[{"embeddable":true,"href":"https:\/\/nyforetagarcentrum.se\/osteraker\/wp-json\/wp\/v2\/comments?post=41"}],"version-history":[{"count":35,"href":"https:\/\/nyforetagarcentrum.se\/osteraker\/wp-json\/wp\/v2\/pages\/41\/revisions"}],"predecessor-version":[{"id":571,"href":"https:\/\/nyforetagarcentrum.se\/osteraker\/wp-json\/wp\/v2\/pages\/41\/revisions\/571"}],"wp:attachment":[{"href":"https:\/\/nyforetagarcentrum.se\/osteraker\/wp-json\/wp\/v2\/media?parent=41"}],"curies":[{"name":"wp","href":"https:\/\/api.w.org\/{rel}","templated":true}]}}