{"id":164,"date":"2024-02-27T16:05:17","date_gmt":"2024-02-27T15:05:17","guid":{"rendered":"https:\/\/nyforetagarcentrum.se\/osteraker\/?page_id=164"},"modified":"2024-03-12T14:11:34","modified_gmt":"2024-03-12T13:11:34","slug":"var-styrelse","status":"publish","type":"page","link":"https:\/\/nyforetagarcentrum.se\/osteraker\/var-styrelse\/","title":{"rendered":"V\u00e5r styrelse"},"content":{"rendered":"<section  class=\"nfc-block-hero alignfull\">\n\n    <img loading=\"lazy\" decoding=\"async\" width=\"1476\" height=\"984\" src=\"https:\/\/nyforetagarcentrum.se\/osteraker\/wp-content\/uploads\/sites\/97\/2024\/02\/Nyforetagare-kultur-LOW.jpg\" class=\"attachment-landscape size-landscape\" alt=\"\" srcset=\"https:\/\/nyforetagarcentrum.se\/osteraker\/wp-content\/uploads\/sites\/97\/2024\/02\/Nyforetagare-kultur-LOW.jpg 1476w, https:\/\/nyforetagarcentrum.se\/osteraker\/wp-content\/uploads\/sites\/97\/2024\/02\/Nyforetagare-kultur-LOW-300x200.jpg 300w, https:\/\/nyforetagarcentrum.se\/osteraker\/wp-content\/uploads\/sites\/97\/2024\/02\/Nyforetagare-kultur-LOW-1024x683.jpg 1024w, https:\/\/nyforetagarcentrum.se\/osteraker\/wp-content\/uploads\/sites\/97\/2024\/02\/Nyforetagare-kultur-LOW-768x512.jpg 768w\" sizes=\"(max-width: 1476px) 100vw, 1476px\" \/>\n    <div class=\"contained\">\n        <h1 class=\"nfc-block-hero__heading\">V\u00e5r styrelse<\/h1>\n\n            <\/div>\n<\/section>\n\n\n<div style=\"height:50px\" aria-hidden=\"true\" class=\"wp-block-spacer\"><\/div>\n\n\n<section  class=\"nfc-block-breadcrumbs\">\n    <div class=\"wrapper contained\">\n        <ol class=\"breadcrumbs\" itemscope itemtype=\"https:\/\/schema.org\/BreadcrumbList\">\n            <li itemprop=\"itemListElement\" itemscope itemtype=\"https:\/\/schema.org\/ListItem\">\n            \n\n                            <span class=\"current\" itemprop=\"name\">Hem<\/span>\n            \n            <meta itemprop=\"position\" content=\"1\" \/>\n        <\/li>\n    <\/ol>    <\/div>\n<\/section>\n\n<section  class=\"nfc-block-person_grid alignwide layout-large-no-image\">\n    <div class=\"contained\">\n        <div class=\"grid\">\n            <div class=\"person-large-card\">\n    <div class=\"content-wrapper\">\n        <h3>Ordf\u00f6rande<\/h3>\n\n                    <div class=\"excerpt\">\n                Jan Hesselberg<br \/>\r\nBetong&amp;st\u00e5ng<br \/>\r\n070-2582071<br \/>\r\njan.hesselberg@marketandthings.com<br \/>\r\n<br \/>\r\n<br \/>\r\n            <\/div>\n        \n        \n        <div class=\"links\">\n\n            \n                    <\/div>\n        \n    <\/div>\n<\/div><div class=\"person-large-card\">\n    <div class=\"content-wrapper\">\n        <h3>\u00d6vriga styrelsemedlemmar<\/h3>\n\n                    <div class=\"excerpt\">\n                Anna Hallqvist<br \/>\r\n\u00d6ster\u00e5ker kommun<br \/>\r\n08-540 815 00<br \/>\r\nanna.hallqvist@osteraker.se<br \/>\r\n<br \/>\r\nCamilla Hagman<br \/>\r\nVaxholm kommun<br \/>\r\n08-541 708 00 (v\u00e4xel)<br \/>\r\nCamilla.Hagman@vaxholm.se<br \/>\r\n<br \/>\r\nCarin Bj\u00f6rnestam S\u00f6derlind<br \/>\r\nHandelsbanken<br \/>\r\n08-54410207<br \/>\r\ncarin.bjornestam.soderlind@handelsbanken.se<br \/>\r\n<br \/>\r\nP\u00e4r Claesson<br \/>\r\n\u00c5s\u00e4ttra Marina<br \/>\r\n0707442100<br \/>\r\nPar.claeson@gmail.com<br \/>\r\n<br \/>\r\nMathias Wass\u00e9n<br \/>\r\nQpeople<br \/>\r\n070-5552529<br \/>\r\nmathias.wassen@qpeople.se<br \/>\r\n<br \/>\r\nSimon Palmqvist<br \/>\r\nF\u00f6retagarna \u00d6ster\u00e5ker<br \/>\r\n073-595 08 31<br \/>\r\nosteraker@foretagarna.se<br \/>\r\n<br \/>\r\nCia Amilon<br \/>\r\nRestaurang \u00c5<br \/>\r\n0793-240021<br \/>\r\ncia@restauranga.se<br \/>\r\n<br \/>\r\n<br \/>\r\n<br \/>\r\nRevisor<br \/>\r\nChristel Green<br \/>\r\nCG Ekonomi<br \/>\r\n070-992 94 64<br \/>\r\nchristel@cgekonomi.se<br \/>\r\n            <\/div>\n        \n        \n        <div class=\"links\">\n\n            \n                    <\/div>\n        \n    <\/div>\n<\/div><div class=\"person-large-card\">\n    <div class=\"content-wrapper\">\n        <h3>Valberedning<\/h3>\n\n                    <div class=\"excerpt\">\n                Linda Moberg<br \/>\r\nNyf\u00f6retagarCentrum \u00d6ster\u00e5ker Vaxholm<br \/>\r\n076-313 52 22<br \/>\r\nosteraker@nyforetagarcentrum.se<br \/>\r\n<br \/>\r\nAnn-catrin Skogstr\u00f6m<br \/>\r\n\u00d6ster\u00e5ker kommun<br \/>\r\n08-540 815 49<br \/>\r\nann-catrin.skogstrom@osteraker.se<br \/>\r\n            <\/div>\n        \n        \n        <div class=\"links\">\n\n            \n                    <\/div>\n        \n    <\/div>\n<\/div>        <\/div>\n    <\/div>\n<\/section>\n\n\n<div style=\"height:100px\" aria-hidden=\"true\" class=\"wp-block-spacer\"><\/div>\n","protected":false},"excerpt":{"rendered":"","protected":false},"author":1,"featured_media":0,"parent":0,"menu_order":0,"comment_status":"closed","ping_status":"closed","template":"","meta":{"footnotes":""},"acf":[],"yoast_head":"<!-- This site is optimized with the Yoast SEO plugin v22.9 - https:\/\/yoast.com\/wordpress\/plugins\/seo\/ -->\n<title>V\u00e5r styrelse - \u00d6ster\u00e5ker Vaxholm<\/title>\n<meta name=\"robots\" content=\"index, follow, max-snippet:-1, max-image-preview:large, max-video-preview:-1\" \/>\n<link rel=\"canonical\" href=\"https:\/\/nyforetagarcentrum.se\/osteraker\/var-styrelse\/\" \/>\n<meta property=\"og:locale\" content=\"sv_SE\" \/>\n<meta property=\"og:type\" content=\"article\" \/>\n<meta property=\"og:title\" content=\"V\u00e5r styrelse - \u00d6ster\u00e5ker Vaxholm\" \/>\n<meta property=\"og:url\" content=\"https:\/\/nyforetagarcentrum.se\/osteraker\/var-styrelse\/\" \/>\n<meta property=\"og:site_name\" content=\"\u00d6ster\u00e5ker Vaxholm\" \/>\n<meta property=\"article:modified_time\" content=\"2024-03-12T13:11:34+00:00\" \/>\n<meta name=\"twitter:card\" content=\"summary_large_image\" \/>\n<script type=\"application\/ld+json\" class=\"yoast-schema-graph\">{\"@context\":\"https:\/\/schema.org\",\"@graph\":[{\"@type\":\"WebPage\",\"@id\":\"https:\/\/nyforetagarcentrum.se\/osteraker\/var-styrelse\/\",\"url\":\"https:\/\/nyforetagarcentrum.se\/osteraker\/var-styrelse\/\",\"name\":\"V\u00e5r styrelse - \u00d6ster\u00e5ker Vaxholm\",\"isPartOf\":{\"@id\":\"https:\/\/nyforetagarcentrum.se\/osteraker\/#website\"},\"datePublished\":\"2024-02-27T15:05:17+00:00\",\"dateModified\":\"2024-03-12T13:11:34+00:00\",\"breadcrumb\":{\"@id\":\"https:\/\/nyforetagarcentrum.se\/osteraker\/var-styrelse\/#breadcrumb\"},\"inLanguage\":\"sv-SE\",\"potentialAction\":[{\"@type\":\"ReadAction\",\"target\":[\"https:\/\/nyforetagarcentrum.se\/osteraker\/var-styrelse\/\"]}]},{\"@type\":\"BreadcrumbList\",\"@id\":\"https:\/\/nyforetagarcentrum.se\/osteraker\/var-styrelse\/#breadcrumb\",\"itemListElement\":[{\"@type\":\"ListItem\",\"position\":1,\"name\":\"Home\",\"item\":\"https:\/\/nyforetagarcentrum.se\/osteraker\/\"},{\"@type\":\"ListItem\",\"position\":2,\"name\":\"V\u00e5r styrelse\"}]},{\"@type\":\"WebSite\",\"@id\":\"https:\/\/nyforetagarcentrum.se\/osteraker\/#website\",\"url\":\"https:\/\/nyforetagarcentrum.se\/osteraker\/\",\"name\":\"\u00d6ster\u00e5ker Vaxholm\",\"description\":\"Sveriges ledande kraft f\u00f6r fler nya livskraftiga f\u00f6retag\",\"publisher\":{\"@id\":\"https:\/\/nyforetagarcentrum.se\/osteraker\/#organization\"},\"potentialAction\":[{\"@type\":\"SearchAction\",\"target\":{\"@type\":\"EntryPoint\",\"urlTemplate\":\"https:\/\/nyforetagarcentrum.se\/osteraker\/?s={search_term_string}\"},\"query-input\":\"required name=search_term_string\"}],\"inLanguage\":\"sv-SE\"},{\"@type\":\"Organization\",\"@id\":\"https:\/\/nyforetagarcentrum.se\/osteraker\/#organization\",\"name\":\"\u00d6ster\u00e5ker Vaxholm\",\"url\":\"https:\/\/nyforetagarcentrum.se\/osteraker\/\",\"logo\":{\"@type\":\"ImageObject\",\"inLanguage\":\"sv-SE\",\"@id\":\"https:\/\/nyforetagarcentrum.se\/osteraker\/#\/schema\/logo\/image\/\",\"url\":\"https:\/\/nyforetagarcentrum.se\/osteraker\/wp-content\/uploads\/sites\/97\/2024\/07\/osteraker_bla.png\",\"contentUrl\":\"https:\/\/nyforetagarcentrum.se\/osteraker\/wp-content\/uploads\/sites\/97\/2024\/07\/osteraker_bla.png\",\"width\":870,\"height\":355,\"caption\":\"\u00d6ster\u00e5ker Vaxholm\"},\"image\":{\"@id\":\"https:\/\/nyforetagarcentrum.se\/osteraker\/#\/schema\/logo\/image\/\"}}]}<\/script>\n<!-- \/ Yoast SEO plugin. -->","yoast_head_json":{"title":"V\u00e5r styrelse - \u00d6ster\u00e5ker Vaxholm","robots":{"index":"index","follow":"follow","max-snippet":"max-snippet:-1","max-image-preview":"max-image-preview:large","max-video-preview":"max-video-preview:-1"},"canonical":"https:\/\/nyforetagarcentrum.se\/osteraker\/var-styrelse\/","og_locale":"sv_SE","og_type":"article","og_title":"V\u00e5r styrelse - \u00d6ster\u00e5ker Vaxholm","og_url":"https:\/\/nyforetagarcentrum.se\/osteraker\/var-styrelse\/","og_site_name":"\u00d6ster\u00e5ker Vaxholm","article_modified_time":"2024-03-12T13:11:34+00:00","twitter_card":"summary_large_image","schema":{"@context":"https:\/\/schema.org","@graph":[{"@type":"WebPage","@id":"https:\/\/nyforetagarcentrum.se\/osteraker\/var-styrelse\/","url":"https:\/\/nyforetagarcentrum.se\/osteraker\/var-styrelse\/","name":"V\u00e5r styrelse - \u00d6ster\u00e5ker Vaxholm","isPartOf":{"@id":"https:\/\/nyforetagarcentrum.se\/osteraker\/#website"},"datePublished":"2024-02-27T15:05:17+00:00","dateModified":"2024-03-12T13:11:34+00:00","breadcrumb":{"@id":"https:\/\/nyforetagarcentrum.se\/osteraker\/var-styrelse\/#breadcrumb"},"inLanguage":"sv-SE","potentialAction":[{"@type":"ReadAction","target":["https:\/\/nyforetagarcentrum.se\/osteraker\/var-styrelse\/"]}]},{"@type":"BreadcrumbList","@id":"https:\/\/nyforetagarcentrum.se\/osteraker\/var-styrelse\/#breadcrumb","itemListElement":[{"@type":"ListItem","position":1,"name":"Home","item":"https:\/\/nyforetagarcentrum.se\/osteraker\/"},{"@type":"ListItem","position":2,"name":"V\u00e5r styrelse"}]},{"@type":"WebSite","@id":"https:\/\/nyforetagarcentrum.se\/osteraker\/#website","url":"https:\/\/nyforetagarcentrum.se\/osteraker\/","name":"\u00d6ster\u00e5ker Vaxholm","description":"Sveriges ledande kraft f\u00f6r fler nya livskraftiga f\u00f6retag","publisher":{"@id":"https:\/\/nyforetagarcentrum.se\/osteraker\/#organization"},"potentialAction":[{"@type":"SearchAction","target":{"@type":"EntryPoint","urlTemplate":"https:\/\/nyforetagarcentrum.se\/osteraker\/?s={search_term_string}"},"query-input":"required name=search_term_string"}],"inLanguage":"sv-SE"},{"@type":"Organization","@id":"https:\/\/nyforetagarcentrum.se\/osteraker\/#organization","name":"\u00d6ster\u00e5ker Vaxholm","url":"https:\/\/nyforetagarcentrum.se\/osteraker\/","logo":{"@type":"ImageObject","inLanguage":"sv-SE","@id":"https:\/\/nyforetagarcentrum.se\/osteraker\/#\/schema\/logo\/image\/","url":"https:\/\/nyforetagarcentrum.se\/osteraker\/wp-content\/uploads\/sites\/97\/2024\/07\/osteraker_bla.png","contentUrl":"https:\/\/nyforetagarcentrum.se\/osteraker\/wp-content\/uploads\/sites\/97\/2024\/07\/osteraker_bla.png","width":870,"height":355,"caption":"\u00d6ster\u00e5ker Vaxholm"},"image":{"@id":"https:\/\/nyforetagarcentrum.se\/osteraker\/#\/schema\/logo\/image\/"}}]}},"_links":{"self":[{"href":"https:\/\/nyforetagarcentrum.se\/osteraker\/wp-json\/wp\/v2\/pages\/164"}],"collection":[{"href":"https:\/\/nyforetagarcentrum.se\/osteraker\/wp-json\/wp\/v2\/pages"}],"about":[{"href":"https:\/\/nyforetagarcentrum.se\/osteraker\/wp-json\/wp\/v2\/types\/page"}],"author":[{"embeddable":true,"href":"https:\/\/nyforetagarcentrum.se\/osteraker\/wp-json\/wp\/v2\/users\/1"}],"replies":[{"embeddable":true,"href":"https:\/\/nyforetagarcentrum.se\/osteraker\/wp-json\/wp\/v2\/comments?post=164"}],"version-history":[{"count":15,"href":"https:\/\/nyforetagarcentrum.se\/osteraker\/wp-json\/wp\/v2\/pages\/164\/revisions"}],"predecessor-version":[{"id":384,"href":"https:\/\/nyforetagarcentrum.se\/osteraker\/wp-json\/wp\/v2\/pages\/164\/revisions\/384"}],"wp:attachment":[{"href":"https:\/\/nyforetagarcentrum.se\/osteraker\/wp-json\/wp\/v2\/media?parent=164"}],"curies":[{"name":"wp","href":"https:\/\/api.w.org\/{rel}","templated":true}]}}