{"id":841,"date":"2026-02-07T15:31:22","date_gmt":"2026-02-07T14:31:22","guid":{"rendered":"https:\/\/nyforetagarcentrum.se\/ornskoldsvik\/?page_id=841"},"modified":"2026-02-07T18:54:25","modified_gmt":"2026-02-07T17:54:25","slug":"vara-nya-foretagare","status":"publish","type":"page","link":"https:\/\/nyforetagarcentrum.se\/ornskoldsvik\/vara-nya-foretagare\/","title":{"rendered":"V\u00e5ra nya f\u00f6retagare"},"content":{"rendered":"\n<p><\/p>\n\n\n\n<figure class=\"wp-block-image size-large\"><img loading=\"lazy\" decoding=\"async\" width=\"1024\" height=\"683\" src=\"https:\/\/nyforetagarcentrum.se\/ornskoldsvik\/wp-content\/uploads\/sites\/35\/2026\/02\/Nyforetagare-finsnickeri-LOW.jpg-1024x683.jpg\" alt=\"\" class=\"wp-image-843\" srcset=\"https:\/\/nyforetagarcentrum.se\/ornskoldsvik\/wp-content\/uploads\/sites\/35\/2026\/02\/Nyforetagare-finsnickeri-LOW.jpg-1024x683.jpg 1024w, https:\/\/nyforetagarcentrum.se\/ornskoldsvik\/wp-content\/uploads\/sites\/35\/2026\/02\/Nyforetagare-finsnickeri-LOW.jpg-300x200.jpg 300w, https:\/\/nyforetagarcentrum.se\/ornskoldsvik\/wp-content\/uploads\/sites\/35\/2026\/02\/Nyforetagare-finsnickeri-LOW.jpg-768x512.jpg 768w, https:\/\/nyforetagarcentrum.se\/ornskoldsvik\/wp-content\/uploads\/sites\/35\/2026\/02\/Nyforetagare-finsnickeri-LOW.jpg.jpg 1476w\" sizes=\"(max-width: 1024px) 100vw, 1024px\" \/><\/figure>\n\n\n\n<p><strong>Tillsammans st\u00e4rker vi nyf\u00f6retagandet.<br><\/strong>Bakom varje h\u00e5llbart f\u00f6retagande finns m\u00e4nniskor som v\u00e5gar satsa, dela med sig och bidra till samh\u00e4llet. P\u00e5 den h\u00e4r sidan hittar du v\u00e5ra partner alumner \u2013 f\u00f6retagare och organisationer som startar upp sitt f\u00f6rsta f\u00f6retags \u00e5r tillsammans hos oss.<\/p>\n\n\n\n<p>Som ny eller blivande f\u00f6retagare hos oss har du m\u00f6jlighet att bli en del av v\u00e5rt alumnn\u00e4tverk redan fr\u00e5n b\u00f6rjan. F\u00f6r 1 200 kr exklusive moms per \u00e5r f\u00e5r du tillg\u00e5ng till Starta Eget-kursen, f\u00f6rtur till workshops och mentorprogram samt synlighet p\u00e5 v\u00e5r hemsida \u2013 ett lyft f\u00f6r dig som vill ta n\u00e4sta steg med ditt f\u00f6retagande.<\/p>\n\n\n\n<p>Alumnpartner \u00e4r ett konkret erbjudande f\u00f6r dig som vill ha extra st\u00f6d, inspiration och synlighet under ditt f\u00f6rsta \u00e5r som f\u00f6retagare.<\/p>\n\n\n\n<figure class=\"wp-block-image size-large\"><img loading=\"lazy\" decoding=\"async\" width=\"1024\" height=\"576\" src=\"https:\/\/nyforetagarcentrum.se\/ornskoldsvik\/wp-content\/uploads\/sites\/35\/2026\/02\/Partner-alumn-1024x576.png\" alt=\"\" class=\"wp-image-851\" srcset=\"https:\/\/nyforetagarcentrum.se\/ornskoldsvik\/wp-content\/uploads\/sites\/35\/2026\/02\/Partner-alumn-1024x576.png 1024w, https:\/\/nyforetagarcentrum.se\/ornskoldsvik\/wp-content\/uploads\/sites\/35\/2026\/02\/Partner-alumn-300x169.png 300w, https:\/\/nyforetagarcentrum.se\/ornskoldsvik\/wp-content\/uploads\/sites\/35\/2026\/02\/Partner-alumn-768x432.png 768w, https:\/\/nyforetagarcentrum.se\/ornskoldsvik\/wp-content\/uploads\/sites\/35\/2026\/02\/Partner-alumn-1536x864.png 1536w, https:\/\/nyforetagarcentrum.se\/ornskoldsvik\/wp-content\/uploads\/sites\/35\/2026\/02\/Partner-alumn.png 1920w\" sizes=\"(max-width: 1024px) 100vw, 1024px\" \/><\/figure>\n\n\n\n<h2 class=\"wp-block-heading\">V\u00e5ra alumner<\/h2>\n\n\n<section  class=\"nfc-block-text_cards alignwide show_numbers\">\n    <div class=\"wrapper contained\">\n            <\/div>\n<\/section>","protected":false},"excerpt":{"rendered":"<p>Tillsammans st\u00e4rker vi nyf\u00f6retagandet.Bakom varje h\u00e5llbart f\u00f6retagande finns m\u00e4nniskor som v\u00e5gar satsa, dela med sig och bidra till samh\u00e4llet. P\u00e5 den h\u00e4r sidan hittar du v\u00e5ra partner alumner \u2013 f\u00f6retagare och organisationer som startar upp sitt f\u00f6rsta f\u00f6retags \u00e5r tillsammans hos oss. Som ny eller blivande f\u00f6retagare hos oss har du m\u00f6jlighet att bli en [&hellip;]<\/p>\n","protected":false},"author":43,"featured_media":0,"parent":0,"menu_order":0,"comment_status":"closed","ping_status":"closed","template":"","meta":{"footnotes":""},"acf":[],"yoast_head":"<!-- This site is optimized with the Yoast SEO plugin v22.9 - https:\/\/yoast.com\/wordpress\/plugins\/seo\/ -->\n<title>V\u00e5ra nya f\u00f6retagare - \u00d6rnsk\u00f6ldsvik<\/title>\n<meta name=\"robots\" content=\"index, follow, max-snippet:-1, max-image-preview:large, max-video-preview:-1\" \/>\n<link rel=\"canonical\" href=\"https:\/\/nyforetagarcentrum.se\/ornskoldsvik\/vara-nya-foretagare\/\" \/>\n<meta property=\"og:locale\" content=\"sv_SE\" \/>\n<meta property=\"og:type\" content=\"article\" \/>\n<meta property=\"og:title\" content=\"V\u00e5ra nya f\u00f6retagare - \u00d6rnsk\u00f6ldsvik\" \/>\n<meta property=\"og:description\" content=\"Tillsammans st\u00e4rker vi nyf\u00f6retagandet.Bakom varje h\u00e5llbart f\u00f6retagande finns m\u00e4nniskor som v\u00e5gar satsa, dela med sig och bidra till samh\u00e4llet. P\u00e5 den h\u00e4r sidan hittar du v\u00e5ra partner alumner \u2013 f\u00f6retagare och organisationer som startar upp sitt f\u00f6rsta f\u00f6retags \u00e5r tillsammans hos oss. Som ny eller blivande f\u00f6retagare hos oss har du m\u00f6jlighet att bli en [&hellip;]\" \/>\n<meta property=\"og:url\" content=\"https:\/\/nyforetagarcentrum.se\/ornskoldsvik\/vara-nya-foretagare\/\" \/>\n<meta property=\"og:site_name\" content=\"\u00d6rnsk\u00f6ldsvik\" \/>\n<meta property=\"article:modified_time\" content=\"2026-02-07T17:54:25+00:00\" \/>\n<meta property=\"og:image\" content=\"https:\/\/nyforetagarcentrum.se\/ornskoldsvik\/wp-content\/uploads\/sites\/35\/2026\/02\/Nyforetagare-finsnickeri-LOW.jpg-1024x683.jpg\" \/>\n<meta name=\"twitter:card\" content=\"summary_large_image\" \/>\n<meta name=\"twitter:label1\" content=\"Ber\u00e4knad l\u00e4stid\" \/>\n\t<meta name=\"twitter:data1\" content=\"2 minuter\" \/>\n<script type=\"application\/ld+json\" class=\"yoast-schema-graph\">{\"@context\":\"https:\/\/schema.org\",\"@graph\":[{\"@type\":\"WebPage\",\"@id\":\"https:\/\/nyforetagarcentrum.se\/ornskoldsvik\/vara-nya-foretagare\/\",\"url\":\"https:\/\/nyforetagarcentrum.se\/ornskoldsvik\/vara-nya-foretagare\/\",\"name\":\"V\u00e5ra nya f\u00f6retagare - \u00d6rnsk\u00f6ldsvik\",\"isPartOf\":{\"@id\":\"https:\/\/nyforetagarcentrum.se\/ornskoldsvik\/#website\"},\"primaryImageOfPage\":{\"@id\":\"https:\/\/nyforetagarcentrum.se\/ornskoldsvik\/vara-nya-foretagare\/#primaryimage\"},\"image\":{\"@id\":\"https:\/\/nyforetagarcentrum.se\/ornskoldsvik\/vara-nya-foretagare\/#primaryimage\"},\"thumbnailUrl\":\"https:\/\/nyforetagarcentrum.se\/ornskoldsvik\/wp-content\/uploads\/sites\/35\/2026\/02\/Nyforetagare-finsnickeri-LOW.jpg-1024x683.jpg\",\"datePublished\":\"2026-02-07T14:31:22+00:00\",\"dateModified\":\"2026-02-07T17:54:25+00:00\",\"breadcrumb\":{\"@id\":\"https:\/\/nyforetagarcentrum.se\/ornskoldsvik\/vara-nya-foretagare\/#breadcrumb\"},\"inLanguage\":\"sv-SE\",\"potentialAction\":[{\"@type\":\"ReadAction\",\"target\":[\"https:\/\/nyforetagarcentrum.se\/ornskoldsvik\/vara-nya-foretagare\/\"]}]},{\"@type\":\"ImageObject\",\"inLanguage\":\"sv-SE\",\"@id\":\"https:\/\/nyforetagarcentrum.se\/ornskoldsvik\/vara-nya-foretagare\/#primaryimage\",\"url\":\"https:\/\/nyforetagarcentrum.se\/ornskoldsvik\/wp-content\/uploads\/sites\/35\/2026\/02\/Nyforetagare-finsnickeri-LOW.jpg.jpg\",\"contentUrl\":\"https:\/\/nyforetagarcentrum.se\/ornskoldsvik\/wp-content\/uploads\/sites\/35\/2026\/02\/Nyforetagare-finsnickeri-LOW.jpg.jpg\",\"width\":1476,\"height\":984},{\"@type\":\"BreadcrumbList\",\"@id\":\"https:\/\/nyforetagarcentrum.se\/ornskoldsvik\/vara-nya-foretagare\/#breadcrumb\",\"itemListElement\":[{\"@type\":\"ListItem\",\"position\":1,\"name\":\"Hem\",\"item\":\"https:\/\/nyforetagarcentrum.se\/ornskoldsvik\/\"},{\"@type\":\"ListItem\",\"position\":2,\"name\":\"V\u00e5ra nya f\u00f6retagare\"}]},{\"@type\":\"WebSite\",\"@id\":\"https:\/\/nyforetagarcentrum.se\/ornskoldsvik\/#website\",\"url\":\"https:\/\/nyforetagarcentrum.se\/ornskoldsvik\/\",\"name\":\"\u00d6rnsk\u00f6ldsvik\",\"description\":\"Sveriges ledande kraft f\u00f6r fler nya livskraftiga f\u00f6retag\",\"publisher\":{\"@id\":\"https:\/\/nyforetagarcentrum.se\/ornskoldsvik\/#organization\"},\"potentialAction\":[{\"@type\":\"SearchAction\",\"target\":{\"@type\":\"EntryPoint\",\"urlTemplate\":\"https:\/\/nyforetagarcentrum.se\/ornskoldsvik\/?s={search_term_string}\"},\"query-input\":\"required name=search_term_string\"}],\"inLanguage\":\"sv-SE\"},{\"@type\":\"Organization\",\"@id\":\"https:\/\/nyforetagarcentrum.se\/ornskoldsvik\/#organization\",\"name\":\"\u00d6rnsk\u00f6ldsvik\",\"url\":\"https:\/\/nyforetagarcentrum.se\/ornskoldsvik\/\",\"logo\":{\"@type\":\"ImageObject\",\"inLanguage\":\"sv-SE\",\"@id\":\"https:\/\/nyforetagarcentrum.se\/ornskoldsvik\/#\/schema\/logo\/image\/\",\"url\":\"https:\/\/nyforetagarcentrum.se\/ornskoldsvik\/wp-content\/uploads\/sites\/35\/2024\/07\/ornskoldsvik_bla.png\",\"contentUrl\":\"https:\/\/nyforetagarcentrum.se\/ornskoldsvik\/wp-content\/uploads\/sites\/35\/2024\/07\/ornskoldsvik_bla.png\",\"width\":870,\"height\":355,\"caption\":\"\u00d6rnsk\u00f6ldsvik\"},\"image\":{\"@id\":\"https:\/\/nyforetagarcentrum.se\/ornskoldsvik\/#\/schema\/logo\/image\/\"}}]}<\/script>\n<!-- \/ Yoast SEO plugin. -->","yoast_head_json":{"title":"V\u00e5ra nya f\u00f6retagare - \u00d6rnsk\u00f6ldsvik","robots":{"index":"index","follow":"follow","max-snippet":"max-snippet:-1","max-image-preview":"max-image-preview:large","max-video-preview":"max-video-preview:-1"},"canonical":"https:\/\/nyforetagarcentrum.se\/ornskoldsvik\/vara-nya-foretagare\/","og_locale":"sv_SE","og_type":"article","og_title":"V\u00e5ra nya f\u00f6retagare - \u00d6rnsk\u00f6ldsvik","og_description":"Tillsammans st\u00e4rker vi nyf\u00f6retagandet.Bakom varje h\u00e5llbart f\u00f6retagande finns m\u00e4nniskor som v\u00e5gar satsa, dela med sig och bidra till samh\u00e4llet. P\u00e5 den h\u00e4r sidan hittar du v\u00e5ra partner alumner \u2013 f\u00f6retagare och organisationer som startar upp sitt f\u00f6rsta f\u00f6retags \u00e5r tillsammans hos oss. Som ny eller blivande f\u00f6retagare hos oss har du m\u00f6jlighet att bli en [&hellip;]","og_url":"https:\/\/nyforetagarcentrum.se\/ornskoldsvik\/vara-nya-foretagare\/","og_site_name":"\u00d6rnsk\u00f6ldsvik","article_modified_time":"2026-02-07T17:54:25+00:00","og_image":[{"url":"https:\/\/nyforetagarcentrum.se\/ornskoldsvik\/wp-content\/uploads\/sites\/35\/2026\/02\/Nyforetagare-finsnickeri-LOW.jpg-1024x683.jpg"}],"twitter_card":"summary_large_image","twitter_misc":{"Ber\u00e4knad l\u00e4stid":"2 minuter"},"schema":{"@context":"https:\/\/schema.org","@graph":[{"@type":"WebPage","@id":"https:\/\/nyforetagarcentrum.se\/ornskoldsvik\/vara-nya-foretagare\/","url":"https:\/\/nyforetagarcentrum.se\/ornskoldsvik\/vara-nya-foretagare\/","name":"V\u00e5ra nya f\u00f6retagare - \u00d6rnsk\u00f6ldsvik","isPartOf":{"@id":"https:\/\/nyforetagarcentrum.se\/ornskoldsvik\/#website"},"primaryImageOfPage":{"@id":"https:\/\/nyforetagarcentrum.se\/ornskoldsvik\/vara-nya-foretagare\/#primaryimage"},"image":{"@id":"https:\/\/nyforetagarcentrum.se\/ornskoldsvik\/vara-nya-foretagare\/#primaryimage"},"thumbnailUrl":"https:\/\/nyforetagarcentrum.se\/ornskoldsvik\/wp-content\/uploads\/sites\/35\/2026\/02\/Nyforetagare-finsnickeri-LOW.jpg-1024x683.jpg","datePublished":"2026-02-07T14:31:22+00:00","dateModified":"2026-02-07T17:54:25+00:00","breadcrumb":{"@id":"https:\/\/nyforetagarcentrum.se\/ornskoldsvik\/vara-nya-foretagare\/#breadcrumb"},"inLanguage":"sv-SE","potentialAction":[{"@type":"ReadAction","target":["https:\/\/nyforetagarcentrum.se\/ornskoldsvik\/vara-nya-foretagare\/"]}]},{"@type":"ImageObject","inLanguage":"sv-SE","@id":"https:\/\/nyforetagarcentrum.se\/ornskoldsvik\/vara-nya-foretagare\/#primaryimage","url":"https:\/\/nyforetagarcentrum.se\/ornskoldsvik\/wp-content\/uploads\/sites\/35\/2026\/02\/Nyforetagare-finsnickeri-LOW.jpg.jpg","contentUrl":"https:\/\/nyforetagarcentrum.se\/ornskoldsvik\/wp-content\/uploads\/sites\/35\/2026\/02\/Nyforetagare-finsnickeri-LOW.jpg.jpg","width":1476,"height":984},{"@type":"BreadcrumbList","@id":"https:\/\/nyforetagarcentrum.se\/ornskoldsvik\/vara-nya-foretagare\/#breadcrumb","itemListElement":[{"@type":"ListItem","position":1,"name":"Hem","item":"https:\/\/nyforetagarcentrum.se\/ornskoldsvik\/"},{"@type":"ListItem","position":2,"name":"V\u00e5ra nya f\u00f6retagare"}]},{"@type":"WebSite","@id":"https:\/\/nyforetagarcentrum.se\/ornskoldsvik\/#website","url":"https:\/\/nyforetagarcentrum.se\/ornskoldsvik\/","name":"\u00d6rnsk\u00f6ldsvik","description":"Sveriges ledande kraft f\u00f6r fler nya livskraftiga f\u00f6retag","publisher":{"@id":"https:\/\/nyforetagarcentrum.se\/ornskoldsvik\/#organization"},"potentialAction":[{"@type":"SearchAction","target":{"@type":"EntryPoint","urlTemplate":"https:\/\/nyforetagarcentrum.se\/ornskoldsvik\/?s={search_term_string}"},"query-input":"required name=search_term_string"}],"inLanguage":"sv-SE"},{"@type":"Organization","@id":"https:\/\/nyforetagarcentrum.se\/ornskoldsvik\/#organization","name":"\u00d6rnsk\u00f6ldsvik","url":"https:\/\/nyforetagarcentrum.se\/ornskoldsvik\/","logo":{"@type":"ImageObject","inLanguage":"sv-SE","@id":"https:\/\/nyforetagarcentrum.se\/ornskoldsvik\/#\/schema\/logo\/image\/","url":"https:\/\/nyforetagarcentrum.se\/ornskoldsvik\/wp-content\/uploads\/sites\/35\/2024\/07\/ornskoldsvik_bla.png","contentUrl":"https:\/\/nyforetagarcentrum.se\/ornskoldsvik\/wp-content\/uploads\/sites\/35\/2024\/07\/ornskoldsvik_bla.png","width":870,"height":355,"caption":"\u00d6rnsk\u00f6ldsvik"},"image":{"@id":"https:\/\/nyforetagarcentrum.se\/ornskoldsvik\/#\/schema\/logo\/image\/"}}]}},"_links":{"self":[{"href":"https:\/\/nyforetagarcentrum.se\/ornskoldsvik\/wp-json\/wp\/v2\/pages\/841"}],"collection":[{"href":"https:\/\/nyforetagarcentrum.se\/ornskoldsvik\/wp-json\/wp\/v2\/pages"}],"about":[{"href":"https:\/\/nyforetagarcentrum.se\/ornskoldsvik\/wp-json\/wp\/v2\/types\/page"}],"author":[{"embeddable":true,"href":"https:\/\/nyforetagarcentrum.se\/ornskoldsvik\/wp-json\/wp\/v2\/users\/43"}],"replies":[{"embeddable":true,"href":"https:\/\/nyforetagarcentrum.se\/ornskoldsvik\/wp-json\/wp\/v2\/comments?post=841"}],"version-history":[{"count":3,"href":"https:\/\/nyforetagarcentrum.se\/ornskoldsvik\/wp-json\/wp\/v2\/pages\/841\/revisions"}],"predecessor-version":[{"id":852,"href":"https:\/\/nyforetagarcentrum.se\/ornskoldsvik\/wp-json\/wp\/v2\/pages\/841\/revisions\/852"}],"wp:attachment":[{"href":"https:\/\/nyforetagarcentrum.se\/ornskoldsvik\/wp-json\/wp\/v2\/media?parent=841"}],"curies":[{"name":"wp","href":"https:\/\/api.w.org\/{rel}","templated":true}]}}