{"id":48,"date":"2024-02-22T10:29:05","date_gmt":"2024-02-22T09:29:05","guid":{"rendered":"https:\/\/nyforetagarcentrum.se\/ornskoldsvik\/?page_id=48"},"modified":"2024-12-15T13:44:17","modified_gmt":"2024-12-15T12:44:17","slug":"erbjudanden","status":"publish","type":"page","link":"https:\/\/nyforetagarcentrum.se\/ornskoldsvik\/erbjudanden\/","title":{"rendered":"Erbjudanden"},"content":{"rendered":"<section  class=\"nfc-block-hero alignfull\">\n\n    <img loading=\"lazy\" decoding=\"async\" width=\"1512\" height=\"745\" src=\"https:\/\/nyforetagarcentrum.se\/ornskoldsvik\/wp-content\/uploads\/sites\/35\/2024\/02\/Topp-banner-2.png\" class=\"attachment-landscape size-landscape\" alt=\"\" srcset=\"https:\/\/nyforetagarcentrum.se\/ornskoldsvik\/wp-content\/uploads\/sites\/35\/2024\/02\/Topp-banner-2.png 1512w, https:\/\/nyforetagarcentrum.se\/ornskoldsvik\/wp-content\/uploads\/sites\/35\/2024\/02\/Topp-banner-2-300x148.png 300w, https:\/\/nyforetagarcentrum.se\/ornskoldsvik\/wp-content\/uploads\/sites\/35\/2024\/02\/Topp-banner-2-1024x505.png 1024w, https:\/\/nyforetagarcentrum.se\/ornskoldsvik\/wp-content\/uploads\/sites\/35\/2024\/02\/Topp-banner-2-768x378.png 768w\" sizes=\"(max-width: 1512px) 100vw, 1512px\" \/>\n    <div class=\"contained\">\n        <h1 class=\"nfc-block-hero__heading\">V\u00e5ra erbjudanden till dig som \u00e4r f\u00f6retagare<\/h1>\n\n            <\/div>\n<\/section>\n\n\n<div style=\"height:50px\" aria-hidden=\"true\" class=\"wp-block-spacer\"><\/div>\n\n\n<section  class=\"nfc-block-breadcrumbs\">\n    <div class=\"wrapper contained\">\n        <ol class=\"breadcrumbs\" itemscope itemtype=\"https:\/\/schema.org\/BreadcrumbList\">\n            <li itemprop=\"itemListElement\" itemscope itemtype=\"https:\/\/schema.org\/ListItem\">\n            \n\n                            <span class=\"current\" itemprop=\"name\">Hem<\/span>\n            \n            <meta itemprop=\"position\" content=\"1\" \/>\n        <\/li>\n    <\/ol>    <\/div>\n<\/section>\n\n\n<h2 class=\"wp-block-heading alignwide has-x-large-font-size\">Ta del av exklusiva erbjudanden<\/h2>\n\n\n<section  class=\"nfc-block-offer_grid alignwide layout-small\">\n    <div class=\"contained\">\n\n        <div class=\"filter-row\">\n            \n                            <button id=\"local-offers-button\">\n                    Lokala partners\n                <\/button>\n                <button id=\"national-offers-button\" class=\"outlined\">\n                    Nationella partners\n                <\/button>\n                    <\/div>\n\n        <div class=\"grid\" id=\"offers-grid\">\n            <div class=\"offer-card\">\n\n    <div class=\"gallery-wrapper\">\n                    <div class=\"selected-media\">\n                                    <img loading=\"lazy\" decoding=\"async\" width=\"1024\" height=\"768\" src=\"https:\/\/nyforetagarcentrum.se\/ornskoldsvik\/wp-content\/uploads\/sites\/35\/2026\/03\/Almi-Ovik-1024x768.jpg\" class=\"attachment-large size-large\" alt=\"\" srcset=\"https:\/\/nyforetagarcentrum.se\/ornskoldsvik\/wp-content\/uploads\/sites\/35\/2026\/03\/Almi-Ovik-1024x768.jpg 1024w, https:\/\/nyforetagarcentrum.se\/ornskoldsvik\/wp-content\/uploads\/sites\/35\/2026\/03\/Almi-Ovik-300x225.jpg 300w, https:\/\/nyforetagarcentrum.se\/ornskoldsvik\/wp-content\/uploads\/sites\/35\/2026\/03\/Almi-Ovik-768x576.jpg 768w, https:\/\/nyforetagarcentrum.se\/ornskoldsvik\/wp-content\/uploads\/sites\/35\/2026\/03\/Almi-Ovik-1536x1152.jpg 1536w, https:\/\/nyforetagarcentrum.se\/ornskoldsvik\/wp-content\/uploads\/sites\/35\/2026\/03\/Almi-Ovik-1440x1080.jpg 1440w, https:\/\/nyforetagarcentrum.se\/ornskoldsvik\/wp-content\/uploads\/sites\/35\/2026\/03\/Almi-Ovik.jpg 2048w\" sizes=\"(max-width: 1024px) 100vw, 1024px\" \/>                            <\/div>\n        \n            <\/div>\n\n\n    <div class=\"content-wrapper\">\n        \n        <h3>Finansiering f\u00f6r din nystart!<\/h3>\n\n        \n        <div class=\"content\">\n            <h2 class=\"section__heading\"><img loading=\"lazy\" decoding=\"async\" class=\"alignnone size-medium wp-image-896\" src=\"https:\/\/nyforetagarcentrum.se\/ornskoldsvik\/wp-content\/uploads\/sites\/35\/2026\/03\/Almi_Logo_farg2001_PMS-1-300x107.jpg\" alt=\"\" width=\"300\" height=\"107\" srcset=\"https:\/\/nyforetagarcentrum.se\/ornskoldsvik\/wp-content\/uploads\/sites\/35\/2026\/03\/Almi_Logo_farg2001_PMS-1-300x107.jpg 300w, https:\/\/nyforetagarcentrum.se\/ornskoldsvik\/wp-content\/uploads\/sites\/35\/2026\/03\/Almi_Logo_farg2001_PMS-1-768x274.jpg 768w, https:\/\/nyforetagarcentrum.se\/ornskoldsvik\/wp-content\/uploads\/sites\/35\/2026\/03\/Almi_Logo_farg2001_PMS-1.jpg 788w\" sizes=\"(max-width: 300px) 100vw, 300px\" \/><\/h2>\n<h4 class=\"section__heading\">S\u00e5 kan Almi hj\u00e4lpa dig att ta n\u00e4sta\u00a0steg<\/h4>\n<p class=\"section__introduction section__introduction--narrow\">Ett f\u00f6retag som v\u00e4xer och utvecklas \u00e4r ett f\u00f6retag som m\u00e5r bra. Ditt f\u00f6retag beh\u00f6ver utvecklas oavsett om det \u00e4r helt nytt eller har funnits l\u00e4nge. Utveckling kr\u00e4ver ibland kapital d\u00e4r man kan beh\u00f6va ta in extern finansiering. Vi har flera olika l\u00e5n, riskkapital och verifieringsmedel &#8211; tillsammans med dig hittar vi den b\u00e4sta l\u00f6sningen. Och hj\u00e4lper dig att g\u00e5 fr\u00e5n ord till handling genom att identifiera m\u00f6jligheterna och utmaningarna i just ditt f\u00f6retag.<\/p>\n<p class=\"x_MsoNormal\">\u00c4r du i behov av finansiering f\u00f6r din nystart? Kom och tr\u00e4ffa n\u00e5gon av v\u00e5ra r\u00e5dgivare som \u00a0finns i Arken i \u00d6rnsk\u00f6ldsvik. Varmt v\u00e4lkommen att boka ett kostnadsfritt m\u00f6te med oss!<\/p>\n        <\/div>\n\n                    <a href=\"https:\/\/www.almi.se\/regioner\/vasternorrland\/\" class=\"offer-button button outlined\" target=\"\">\n                Almi V\u00e4sternorrland                            <\/a>\n            <\/div>\n<\/div><div class=\"offer-card\">\n\n    <div class=\"gallery-wrapper\">\n                    <div class=\"selected-media\">\n                                    <img loading=\"lazy\" decoding=\"async\" width=\"480\" height=\"480\" src=\"https:\/\/nyforetagarcentrum.se\/ornskoldsvik\/wp-content\/uploads\/sites\/35\/2025\/02\/Skarmavbild-2025-02-25-kl.-09.37.59.png\" class=\"attachment-large size-large\" alt=\"\" srcset=\"https:\/\/nyforetagarcentrum.se\/ornskoldsvik\/wp-content\/uploads\/sites\/35\/2025\/02\/Skarmavbild-2025-02-25-kl.-09.37.59.png 480w, https:\/\/nyforetagarcentrum.se\/ornskoldsvik\/wp-content\/uploads\/sites\/35\/2025\/02\/Skarmavbild-2025-02-25-kl.-09.37.59-300x300.png 300w, https:\/\/nyforetagarcentrum.se\/ornskoldsvik\/wp-content\/uploads\/sites\/35\/2025\/02\/Skarmavbild-2025-02-25-kl.-09.37.59-150x150.png 150w\" sizes=\"(max-width: 480px) 100vw, 480px\" \/>                            <\/div>\n        \n            <\/div>\n\n\n    <div class=\"content-wrapper\">\n        \n        <h3>R\u00e5dgivning och lunch<\/h3>\n\n        \n        <div class=\"content\">\n            <p><img loading=\"lazy\" decoding=\"async\" class=\"alignnone wp-image-390\" src=\"https:\/\/nyforetagarcentrum.se\/ornskoldsvik\/wp-content\/uploads\/sites\/35\/2024\/05\/aspiaa-300x212.png\" alt=\"\" width=\"270\" height=\"191\" srcset=\"https:\/\/nyforetagarcentrum.se\/ornskoldsvik\/wp-content\/uploads\/sites\/35\/2024\/05\/aspiaa-300x212.png 300w, https:\/\/nyforetagarcentrum.se\/ornskoldsvik\/wp-content\/uploads\/sites\/35\/2024\/05\/aspiaa-768x542.png 768w, https:\/\/nyforetagarcentrum.se\/ornskoldsvik\/wp-content\/uploads\/sites\/35\/2024\/05\/aspiaa.png 800w\" sizes=\"(max-width: 270px) 100vw, 270px\" \/><\/p>\n<p>Aspia \u00e4r Nordens ledande aff\u00e4rspartner. Vare sig du s\u00f6ker hj\u00e4lp med redovisning, l\u00f6ner, fr\u00e5gor kring HR eller kanske st\u00f6d i att starta upp ett nytt f\u00f6retag, s\u00e5 finns vi d\u00e4r f\u00f6r dig.<\/p>\n<p>V\u00e5r storlek till trots, s\u00e5 arbetar vi lokalt och l\u00e4gger stor vikt vid det enskilda, personliga m\u00f6tet. Vi har \u00f6ver 50 kontor runt om i Sverige, d\u00e4r varje kontor arbetar med den lokala marknaden. V\u00e5ra kunder \u00e4r allt fr\u00e5n det enskilda enmansf\u00f6retaget till de st\u00f6rre bolagen.<\/p>\n<p>Vilken storlek p\u00e5 ditt f\u00f6retag, eller i vilken utstr\u00e4ckning du vill nyttja v\u00e5ra tj\u00e4nster, s\u00e5 ser vi till att ha paketera l\u00f6sningen just f\u00f6r dig. Med Aspia som din aff\u00e4rspartner ska du k\u00e4nna dig trygg med att vi g\u00f6r vad som blir b\u00e4st f\u00f6r dig och din verksamhet.<\/p>\n<p>Alla samarbeten b\u00f6rjar med ett f\u00f6rsta m\u00f6te. <strong>D\u00e4rf\u00f6r s\u00e5 bjuder vi nu dig som ny f\u00f6retagare p\u00e5 lunch och 1 timmes fri r\u00e5dgivning.<\/strong> Kontakta oss p\u00e5 fredrik.edlund@aspia.se f\u00f6r en lunchtr\u00e4ff<\/p>\n<p>Passa ocks\u00e5 p\u00e5 att nyttja detta om du vill starta ditt bolag med v\u00e5r tj\u00e4nst Aspia GO!<br \/>\n(F\u00f6lj l\u00e4nken f\u00f6r erbjudandet)<\/p>\n<p><img loading=\"lazy\" decoding=\"async\" class=\"alignnone wp-image-656\" src=\"https:\/\/nyforetagarcentrum.se\/ornskoldsvik\/wp-content\/uploads\/sites\/35\/2025\/02\/Skarmavbild-2025-02-25-kl.-10.32.07-300x103.png\" alt=\"\" width=\"559\" height=\"192\" srcset=\"https:\/\/nyforetagarcentrum.se\/ornskoldsvik\/wp-content\/uploads\/sites\/35\/2025\/02\/Skarmavbild-2025-02-25-kl.-10.32.07-300x103.png 300w, https:\/\/nyforetagarcentrum.se\/ornskoldsvik\/wp-content\/uploads\/sites\/35\/2025\/02\/Skarmavbild-2025-02-25-kl.-10.32.07-1024x351.png 1024w, https:\/\/nyforetagarcentrum.se\/ornskoldsvik\/wp-content\/uploads\/sites\/35\/2025\/02\/Skarmavbild-2025-02-25-kl.-10.32.07-768x263.png 768w, https:\/\/nyforetagarcentrum.se\/ornskoldsvik\/wp-content\/uploads\/sites\/35\/2025\/02\/Skarmavbild-2025-02-25-kl.-10.32.07-1536x526.png 1536w, https:\/\/nyforetagarcentrum.se\/ornskoldsvik\/wp-content\/uploads\/sites\/35\/2025\/02\/Skarmavbild-2025-02-25-kl.-10.32.07-1920x658.png 1920w, https:\/\/nyforetagarcentrum.se\/ornskoldsvik\/wp-content\/uploads\/sites\/35\/2025\/02\/Skarmavbild-2025-02-25-kl.-10.32.07.png 1944w\" sizes=\"(max-width: 559px) 100vw, 559px\" \/><\/p>\n        <\/div>\n\n                    <a href=\"https:\/\/www.aspia.se\/vart-erbjudande\/aspia-go\/\" class=\"offer-button button outlined\" target=\"_blank\">\n                Aspia GO                                    <div class=\"icon icon-external\"><\/div>\n                            <\/a>\n            <\/div>\n<\/div><div class=\"offer-card\">\n\n    <div class=\"gallery-wrapper\">\n                    <div class=\"selected-media\">\n                                    <img loading=\"lazy\" decoding=\"async\" width=\"1024\" height=\"633\" src=\"https:\/\/nyforetagarcentrum.se\/ornskoldsvik\/wp-content\/uploads\/sites\/35\/2024\/12\/Q4_Gruppbild-1024x633.jpg\" class=\"attachment-large size-large\" alt=\"\" srcset=\"https:\/\/nyforetagarcentrum.se\/ornskoldsvik\/wp-content\/uploads\/sites\/35\/2024\/12\/Q4_Gruppbild-1024x633.jpg 1024w, https:\/\/nyforetagarcentrum.se\/ornskoldsvik\/wp-content\/uploads\/sites\/35\/2024\/12\/Q4_Gruppbild-300x186.jpg 300w, https:\/\/nyforetagarcentrum.se\/ornskoldsvik\/wp-content\/uploads\/sites\/35\/2024\/12\/Q4_Gruppbild-768x475.jpg 768w\" sizes=\"(max-width: 1024px) 100vw, 1024px\" \/>                            <\/div>\n        \n            <\/div>\n\n\n    <div class=\"content-wrapper\">\n        \n        <h3>F\u00e5 koll p\u00e5 f\u00f6retagets bokf\u00f6ring med<\/h3>\n\n        \n        <div class=\"content\">\n            <p><img loading=\"lazy\" decoding=\"async\" class=\"alignnone wp-image-397\" src=\"https:\/\/nyforetagarcentrum.se\/ornskoldsvik\/wp-content\/uploads\/sites\/35\/2024\/05\/q44-300x272.jpeg\" alt=\"\" width=\"245\" height=\"222\" srcset=\"https:\/\/nyforetagarcentrum.se\/ornskoldsvik\/wp-content\/uploads\/sites\/35\/2024\/05\/q44-300x272.jpeg 300w, https:\/\/nyforetagarcentrum.se\/ornskoldsvik\/wp-content\/uploads\/sites\/35\/2024\/05\/q44-768x696.jpeg 768w, https:\/\/nyforetagarcentrum.se\/ornskoldsvik\/wp-content\/uploads\/sites\/35\/2024\/05\/q44.jpeg 800w\" sizes=\"(max-width: 245px) 100vw, 245px\" \/><\/p>\n<p>Vi vet hur tidskr\u00e4vande och komplex redovisning kan vara f\u00f6r f\u00f6retag, stora som sm\u00e5. Det \u00e4r h\u00e4r vi kommer in. Vi p\u00e5 <strong>Q4 Ekonomi AB<\/strong> erbjuder mer \u00e4n bara traditionella redovisningstj\u00e4nster \u2013 vi fungerar som din l\u00e5ngsiktiga partner f\u00f6r ekonomisk trygghet och tillv\u00e4xt.<\/p>\n<p>Vi hanterar allt fr\u00e5n bokf\u00f6ring och skatter\u00e5dgivning till l\u00f6ner och \u00e5rsredovisningar, och ser till att din verksamhet \u00e4r i fullst\u00e4ndig \u00f6verensst\u00e4mmelse med lagar och regler. Vad som skiljer oss \u00e5t \u00e4r v\u00e5rt personliga engagemang, v\u00e5r transparens och v\u00e5r f\u00f6rm\u00e5ga att f\u00f6renkla den ekonomiska administrationen s\u00e5 att du kan fokusera p\u00e5 det som verkligen driver ditt f\u00f6retag fram\u00e5t.<\/p>\n<p>Vad f\u00e5r du av oss?<\/p>\n<ul>\n<li><strong>Skr\u00e4ddarsydda l\u00f6sningar<\/strong> som passar just din verksamhet.<\/li>\n<li><strong>Fullst\u00e4ndig trygghet<\/strong> \u2013 vi h\u00e5ller reda p\u00e5 alla deadlines och s\u00e4kerst\u00e4ller att du f\u00f6ljer aktuella lagar och regler.<\/li>\n<li><strong>F\u00e4rska insikter<\/strong> och r\u00e5dgivning som kan hj\u00e4lpa dig att ta b\u00e4ttre aff\u00e4rsbeslut och spara pengar.<\/li>\n<\/ul>\n<p>V\u00e5rt m\u00e5l \u00e4r att g\u00f6ra din ekonomi b\u00e5de enklare och mer l\u00f6nsam. Vi vill vara med och skapa en grund f\u00f6r l\u00e5ngsiktig framg\u00e5ng, oavsett om du \u00e4r en nystartad firma eller en etablerad akt\u00f6r p\u00e5 marknaden.<\/p>\n<p><em>Kontakta oss idag f\u00f6r att boka ett m\u00f6te 0660-24 70 00<\/em><\/p>\n<p><a href=\"mailto:ann-katrin.eriksen@q4ekonomi.se\"><em>ann-katrin.eriksen@q4ekonomi.se<\/em><\/a><em>\u00a0\u00a0\u00a0\u00a0\u00a0\u00a0\u00a0\u00a0\u00a0 <\/em><\/p>\n<p><strong><em>Vi erbjuder alla nya kunder en timmes kostnadsfri konsultation!<\/em><\/strong><\/p>\n        <\/div>\n\n                    <a href=\"https:\/\/q4ekonomi.se\/\" class=\"offer-button button outlined\" target=\"_blank\">\n                Till v\u00e5r hemsida                                    <div class=\"icon icon-external\"><\/div>\n                            <\/a>\n            <\/div>\n<\/div><div class=\"offer-card\">\n\n    <div class=\"gallery-wrapper\">\n                    <div class=\"selected-media\">\n                                    <img loading=\"lazy\" decoding=\"async\" width=\"1024\" height=\"683\" src=\"https:\/\/nyforetagarcentrum.se\/ornskoldsvik\/wp-content\/uploads\/sites\/35\/2024\/12\/LF-Ovik-1024x683.jpg\" class=\"attachment-large size-large\" alt=\"\" srcset=\"https:\/\/nyforetagarcentrum.se\/ornskoldsvik\/wp-content\/uploads\/sites\/35\/2024\/12\/LF-Ovik-1024x683.jpg 1024w, https:\/\/nyforetagarcentrum.se\/ornskoldsvik\/wp-content\/uploads\/sites\/35\/2024\/12\/LF-Ovik-300x200.jpg 300w, https:\/\/nyforetagarcentrum.se\/ornskoldsvik\/wp-content\/uploads\/sites\/35\/2024\/12\/LF-Ovik-768x512.jpg 768w, https:\/\/nyforetagarcentrum.se\/ornskoldsvik\/wp-content\/uploads\/sites\/35\/2024\/12\/LF-Ovik-1536x1024.jpg 1536w, https:\/\/nyforetagarcentrum.se\/ornskoldsvik\/wp-content\/uploads\/sites\/35\/2024\/12\/LF-Ovik-2048x1365.jpg 2048w, https:\/\/nyforetagarcentrum.se\/ornskoldsvik\/wp-content\/uploads\/sites\/35\/2024\/12\/LF-Ovik-1620x1080.jpg 1620w\" sizes=\"(max-width: 1024px) 100vw, 1024px\" \/>                            <\/div>\n        \n            <\/div>\n\n\n    <div class=\"content-wrapper\">\n        \n        <h3>Starta f\u00f6retagsf\u00f6rs\u00e4kring<\/h3>\n\n        \n        <div class=\"content\">\n            <h2><img loading=\"lazy\" decoding=\"async\" class=\"alignnone size-medium wp-image-396\" src=\"https:\/\/nyforetagarcentrum.se\/ornskoldsvik\/wp-content\/uploads\/sites\/35\/2024\/05\/lf-ny-300x158.jpeg\" alt=\"\" width=\"300\" height=\"158\" srcset=\"https:\/\/nyforetagarcentrum.se\/ornskoldsvik\/wp-content\/uploads\/sites\/35\/2024\/05\/lf-ny-300x158.jpeg 300w, https:\/\/nyforetagarcentrum.se\/ornskoldsvik\/wp-content\/uploads\/sites\/35\/2024\/05\/lf-ny-1024x538.jpeg 1024w, https:\/\/nyforetagarcentrum.se\/ornskoldsvik\/wp-content\/uploads\/sites\/35\/2024\/05\/lf-ny-768x403.jpeg 768w, https:\/\/nyforetagarcentrum.se\/ornskoldsvik\/wp-content\/uploads\/sites\/35\/2024\/05\/lf-ny.jpeg 1200w\" sizes=\"(max-width: 300px) 100vw, 300px\" \/><\/h2>\n<p><strong>Funderar du p\u00e5 eller har du startat eget de senaste 12 m\u00e5naderna?<\/strong><\/p>\n<p>Trygga f\u00f6retaget med v\u00e5r Starta F\u00f6retagsf\u00f6rs\u00e4kring<\/p>\n<ul>\n<li>Totalpris 1000 kronor f\u00e5r 6 m\u00e5nader<\/li>\n<li>Enkelt att k\u00f6pa direkt<\/li>\n<li>Skydd f\u00f6r f\u00f6retagets saker och hj\u00e4lp med skadest\u00e5ndskrav<\/li>\n<\/ul>\n<p>Teckna idag eller kontakta oss f\u00f6r r\u00e5dgivning p\u00e5 0660 &#8211; 799 20<\/p>\n        <\/div>\n\n                    <a href=\"https:\/\/www.lansforsakringar.se\/vasternorrland\/foretag\/forsakring\/branschforsakring\/starta-foretagsforsakring\/\" class=\"offer-button button outlined\" target=\"_blank\">\n                Erbjudande LF                                    <div class=\"icon icon-external\"><\/div>\n                            <\/a>\n            <\/div>\n<\/div>        <\/div>\n    <\/div>\n<\/section>\n\n\n<div style=\"height:80px\" aria-hidden=\"true\" class=\"wp-block-spacer\"><\/div>\n","protected":false},"excerpt":{"rendered":"<p>Ta del av exklusiva erbjudanden<\/p>\n","protected":false},"author":1,"featured_media":0,"parent":0,"menu_order":0,"comment_status":"closed","ping_status":"closed","template":"","meta":{"footnotes":""},"acf":[],"yoast_head":"<!-- This site is optimized with the Yoast SEO plugin v22.9 - https:\/\/yoast.com\/wordpress\/plugins\/seo\/ -->\n<title>Erbjudanden - \u00d6rnsk\u00f6ldsvik<\/title>\n<meta name=\"robots\" content=\"index, follow, max-snippet:-1, max-image-preview:large, max-video-preview:-1\" \/>\n<link rel=\"canonical\" href=\"https:\/\/nyforetagarcentrum.se\/ornskoldsvik\/erbjudanden\/\" \/>\n<meta property=\"og:locale\" content=\"sv_SE\" \/>\n<meta property=\"og:type\" content=\"article\" \/>\n<meta property=\"og:title\" content=\"Erbjudanden - \u00d6rnsk\u00f6ldsvik\" \/>\n<meta property=\"og:description\" content=\"Ta del av exklusiva erbjudanden\" \/>\n<meta property=\"og:url\" content=\"https:\/\/nyforetagarcentrum.se\/ornskoldsvik\/erbjudanden\/\" \/>\n<meta property=\"og:site_name\" content=\"\u00d6rnsk\u00f6ldsvik\" \/>\n<meta property=\"article:modified_time\" content=\"2024-12-15T12:44:17+00:00\" \/>\n<meta name=\"twitter:card\" content=\"summary_large_image\" \/>\n<meta name=\"twitter:label1\" content=\"Ber\u00e4knad l\u00e4stid\" \/>\n\t<meta name=\"twitter:data1\" content=\"1 minut\" \/>\n<script type=\"application\/ld+json\" class=\"yoast-schema-graph\">{\"@context\":\"https:\/\/schema.org\",\"@graph\":[{\"@type\":\"WebPage\",\"@id\":\"https:\/\/nyforetagarcentrum.se\/ornskoldsvik\/erbjudanden\/\",\"url\":\"https:\/\/nyforetagarcentrum.se\/ornskoldsvik\/erbjudanden\/\",\"name\":\"Erbjudanden - \u00d6rnsk\u00f6ldsvik\",\"isPartOf\":{\"@id\":\"https:\/\/nyforetagarcentrum.se\/ornskoldsvik\/#website\"},\"datePublished\":\"2024-02-22T09:29:05+00:00\",\"dateModified\":\"2024-12-15T12:44:17+00:00\",\"breadcrumb\":{\"@id\":\"https:\/\/nyforetagarcentrum.se\/ornskoldsvik\/erbjudanden\/#breadcrumb\"},\"inLanguage\":\"sv-SE\",\"potentialAction\":[{\"@type\":\"ReadAction\",\"target\":[\"https:\/\/nyforetagarcentrum.se\/ornskoldsvik\/erbjudanden\/\"]}]},{\"@type\":\"BreadcrumbList\",\"@id\":\"https:\/\/nyforetagarcentrum.se\/ornskoldsvik\/erbjudanden\/#breadcrumb\",\"itemListElement\":[{\"@type\":\"ListItem\",\"position\":1,\"name\":\"Hem\",\"item\":\"https:\/\/nyforetagarcentrum.se\/ornskoldsvik\/\"},{\"@type\":\"ListItem\",\"position\":2,\"name\":\"Erbjudanden\"}]},{\"@type\":\"WebSite\",\"@id\":\"https:\/\/nyforetagarcentrum.se\/ornskoldsvik\/#website\",\"url\":\"https:\/\/nyforetagarcentrum.se\/ornskoldsvik\/\",\"name\":\"\u00d6rnsk\u00f6ldsvik\",\"description\":\"Sveriges ledande kraft f\u00f6r fler nya livskraftiga f\u00f6retag\",\"publisher\":{\"@id\":\"https:\/\/nyforetagarcentrum.se\/ornskoldsvik\/#organization\"},\"potentialAction\":[{\"@type\":\"SearchAction\",\"target\":{\"@type\":\"EntryPoint\",\"urlTemplate\":\"https:\/\/nyforetagarcentrum.se\/ornskoldsvik\/?s={search_term_string}\"},\"query-input\":\"required name=search_term_string\"}],\"inLanguage\":\"sv-SE\"},{\"@type\":\"Organization\",\"@id\":\"https:\/\/nyforetagarcentrum.se\/ornskoldsvik\/#organization\",\"name\":\"\u00d6rnsk\u00f6ldsvik\",\"url\":\"https:\/\/nyforetagarcentrum.se\/ornskoldsvik\/\",\"logo\":{\"@type\":\"ImageObject\",\"inLanguage\":\"sv-SE\",\"@id\":\"https:\/\/nyforetagarcentrum.se\/ornskoldsvik\/#\/schema\/logo\/image\/\",\"url\":\"https:\/\/nyforetagarcentrum.se\/ornskoldsvik\/wp-content\/uploads\/sites\/35\/2024\/07\/ornskoldsvik_bla.png\",\"contentUrl\":\"https:\/\/nyforetagarcentrum.se\/ornskoldsvik\/wp-content\/uploads\/sites\/35\/2024\/07\/ornskoldsvik_bla.png\",\"width\":870,\"height\":355,\"caption\":\"\u00d6rnsk\u00f6ldsvik\"},\"image\":{\"@id\":\"https:\/\/nyforetagarcentrum.se\/ornskoldsvik\/#\/schema\/logo\/image\/\"}}]}<\/script>\n<!-- \/ Yoast SEO plugin. -->","yoast_head_json":{"title":"Erbjudanden - \u00d6rnsk\u00f6ldsvik","robots":{"index":"index","follow":"follow","max-snippet":"max-snippet:-1","max-image-preview":"max-image-preview:large","max-video-preview":"max-video-preview:-1"},"canonical":"https:\/\/nyforetagarcentrum.se\/ornskoldsvik\/erbjudanden\/","og_locale":"sv_SE","og_type":"article","og_title":"Erbjudanden - \u00d6rnsk\u00f6ldsvik","og_description":"Ta del av exklusiva erbjudanden","og_url":"https:\/\/nyforetagarcentrum.se\/ornskoldsvik\/erbjudanden\/","og_site_name":"\u00d6rnsk\u00f6ldsvik","article_modified_time":"2024-12-15T12:44:17+00:00","twitter_card":"summary_large_image","twitter_misc":{"Ber\u00e4knad l\u00e4stid":"1 minut"},"schema":{"@context":"https:\/\/schema.org","@graph":[{"@type":"WebPage","@id":"https:\/\/nyforetagarcentrum.se\/ornskoldsvik\/erbjudanden\/","url":"https:\/\/nyforetagarcentrum.se\/ornskoldsvik\/erbjudanden\/","name":"Erbjudanden - \u00d6rnsk\u00f6ldsvik","isPartOf":{"@id":"https:\/\/nyforetagarcentrum.se\/ornskoldsvik\/#website"},"datePublished":"2024-02-22T09:29:05+00:00","dateModified":"2024-12-15T12:44:17+00:00","breadcrumb":{"@id":"https:\/\/nyforetagarcentrum.se\/ornskoldsvik\/erbjudanden\/#breadcrumb"},"inLanguage":"sv-SE","potentialAction":[{"@type":"ReadAction","target":["https:\/\/nyforetagarcentrum.se\/ornskoldsvik\/erbjudanden\/"]}]},{"@type":"BreadcrumbList","@id":"https:\/\/nyforetagarcentrum.se\/ornskoldsvik\/erbjudanden\/#breadcrumb","itemListElement":[{"@type":"ListItem","position":1,"name":"Hem","item":"https:\/\/nyforetagarcentrum.se\/ornskoldsvik\/"},{"@type":"ListItem","position":2,"name":"Erbjudanden"}]},{"@type":"WebSite","@id":"https:\/\/nyforetagarcentrum.se\/ornskoldsvik\/#website","url":"https:\/\/nyforetagarcentrum.se\/ornskoldsvik\/","name":"\u00d6rnsk\u00f6ldsvik","description":"Sveriges ledande kraft f\u00f6r fler nya livskraftiga f\u00f6retag","publisher":{"@id":"https:\/\/nyforetagarcentrum.se\/ornskoldsvik\/#organization"},"potentialAction":[{"@type":"SearchAction","target":{"@type":"EntryPoint","urlTemplate":"https:\/\/nyforetagarcentrum.se\/ornskoldsvik\/?s={search_term_string}"},"query-input":"required name=search_term_string"}],"inLanguage":"sv-SE"},{"@type":"Organization","@id":"https:\/\/nyforetagarcentrum.se\/ornskoldsvik\/#organization","name":"\u00d6rnsk\u00f6ldsvik","url":"https:\/\/nyforetagarcentrum.se\/ornskoldsvik\/","logo":{"@type":"ImageObject","inLanguage":"sv-SE","@id":"https:\/\/nyforetagarcentrum.se\/ornskoldsvik\/#\/schema\/logo\/image\/","url":"https:\/\/nyforetagarcentrum.se\/ornskoldsvik\/wp-content\/uploads\/sites\/35\/2024\/07\/ornskoldsvik_bla.png","contentUrl":"https:\/\/nyforetagarcentrum.se\/ornskoldsvik\/wp-content\/uploads\/sites\/35\/2024\/07\/ornskoldsvik_bla.png","width":870,"height":355,"caption":"\u00d6rnsk\u00f6ldsvik"},"image":{"@id":"https:\/\/nyforetagarcentrum.se\/ornskoldsvik\/#\/schema\/logo\/image\/"}}]}},"_links":{"self":[{"href":"https:\/\/nyforetagarcentrum.se\/ornskoldsvik\/wp-json\/wp\/v2\/pages\/48"}],"collection":[{"href":"https:\/\/nyforetagarcentrum.se\/ornskoldsvik\/wp-json\/wp\/v2\/pages"}],"about":[{"href":"https:\/\/nyforetagarcentrum.se\/ornskoldsvik\/wp-json\/wp\/v2\/types\/page"}],"author":[{"embeddable":true,"href":"https:\/\/nyforetagarcentrum.se\/ornskoldsvik\/wp-json\/wp\/v2\/users\/1"}],"replies":[{"embeddable":true,"href":"https:\/\/nyforetagarcentrum.se\/ornskoldsvik\/wp-json\/wp\/v2\/comments?post=48"}],"version-history":[{"count":11,"href":"https:\/\/nyforetagarcentrum.se\/ornskoldsvik\/wp-json\/wp\/v2\/pages\/48\/revisions"}],"predecessor-version":[{"id":842,"href":"https:\/\/nyforetagarcentrum.se\/ornskoldsvik\/wp-json\/wp\/v2\/pages\/48\/revisions\/842"}],"wp:attachment":[{"href":"https:\/\/nyforetagarcentrum.se\/ornskoldsvik\/wp-json\/wp\/v2\/media?parent=48"}],"curies":[{"name":"wp","href":"https:\/\/api.w.org\/{rel}","templated":true}]}}