{"id":239,"date":"2024-02-29T13:59:39","date_gmt":"2024-02-29T12:59:39","guid":{"rendered":"https:\/\/nyforetagarcentrum.se\/ornskoldsvik\/?page_id=239"},"modified":"2026-02-07T15:45:38","modified_gmt":"2026-02-07T14:45:38","slug":"vara-radgivare","status":"publish","type":"page","link":"https:\/\/nyforetagarcentrum.se\/ornskoldsvik\/vara-radgivare\/","title":{"rendered":"V\u00e5ra r\u00e5dgivare"},"content":{"rendered":"<section  class=\"nfc-block-hero alignfull\">\n\n    <img loading=\"lazy\" decoding=\"async\" width=\"1476\" height=\"984\" src=\"https:\/\/nyforetagarcentrum.se\/ornskoldsvik\/wp-content\/uploads\/sites\/35\/2024\/02\/Nyforetagare-ung-LOW.jpg\" class=\"attachment-landscape size-landscape\" alt=\"\" srcset=\"https:\/\/nyforetagarcentrum.se\/ornskoldsvik\/wp-content\/uploads\/sites\/35\/2024\/02\/Nyforetagare-ung-LOW.jpg 1476w, https:\/\/nyforetagarcentrum.se\/ornskoldsvik\/wp-content\/uploads\/sites\/35\/2024\/02\/Nyforetagare-ung-LOW-300x200.jpg 300w, https:\/\/nyforetagarcentrum.se\/ornskoldsvik\/wp-content\/uploads\/sites\/35\/2024\/02\/Nyforetagare-ung-LOW-1024x683.jpg 1024w, https:\/\/nyforetagarcentrum.se\/ornskoldsvik\/wp-content\/uploads\/sites\/35\/2024\/02\/Nyforetagare-ung-LOW-768x512.jpg 768w\" sizes=\"(max-width: 1476px) 100vw, 1476px\" \/>\n    <div class=\"contained\">\n        <h1 class=\"nfc-block-hero__heading\">V\u00e5ra r\u00e5dgivare<\/h1>\n\n            <\/div>\n<\/section>\n\n\n<div style=\"height:49px\" aria-hidden=\"true\" class=\"wp-block-spacer\"><\/div>\n\n\n<section  class=\"nfc-block-breadcrumbs\">\n    <div class=\"wrapper contained\">\n        <ol class=\"breadcrumbs\" itemscope itemtype=\"https:\/\/schema.org\/BreadcrumbList\">\n            <li itemprop=\"itemListElement\" itemscope itemtype=\"https:\/\/schema.org\/ListItem\">\n            \n\n                            <span class=\"current\" itemprop=\"name\">Hem<\/span>\n            \n            <meta itemprop=\"position\" content=\"1\" \/>\n        <\/li>\n    <\/ol>    <\/div>\n<\/section>\n\n\n<div style=\"height:100px\" aria-hidden=\"true\" class=\"wp-block-spacer\"><\/div>\n\n\n\n<div class=\"wp-block-group alignwide is-layout-constrained wp-block-group-is-layout-constrained\"><\/div>\n\n\n\n<div class=\"wp-block-columns is-layout-flex wp-container-core-columns-is-layout-3 wp-block-columns-is-layout-flex\">\n<div class=\"wp-block-column is-vertically-aligned-center is-layout-flow wp-block-column-is-layout-flow\">\n<div class=\"wp-block-columns alignwide is-layout-flex wp-container-core-columns-is-layout-2 wp-block-columns-is-layout-flex\">\n<div class=\"wp-block-column is-layout-flow wp-block-column-is-layout-flow\">\n<div class=\"wp-block-columns is-layout-flex wp-container-core-columns-is-layout-1 wp-block-columns-is-layout-flex\">\n<div class=\"wp-block-column is-layout-flow wp-block-column-is-layout-flow\" style=\"flex-basis:100%\">\n<figure class=\"wp-block-image aligncenter size-full is-resized\"><img loading=\"lazy\" decoding=\"async\" width=\"314\" height=\"487\" src=\"https:\/\/nyforetagarcentrum.se\/ornskoldsvik\/wp-content\/uploads\/sites\/35\/2025\/09\/image-1.jpg\" alt=\"\" class=\"wp-image-705\" style=\"width:288px;height:auto\" srcset=\"https:\/\/nyforetagarcentrum.se\/ornskoldsvik\/wp-content\/uploads\/sites\/35\/2025\/09\/image-1.jpg 314w, https:\/\/nyforetagarcentrum.se\/ornskoldsvik\/wp-content\/uploads\/sites\/35\/2025\/09\/image-1-193x300.jpg 193w\" sizes=\"(max-width: 314px) 100vw, 314px\" \/><\/figure>\n<\/div>\n<\/div>\n<\/div>\n\n\n\n<div class=\"wp-block-column is-layout-flow wp-block-column-is-layout-flow\">\n<h2 class=\"wp-block-heading\">Malin Stenrana<\/h2>\n\n\n\n<p><strong>&#8211; V\u00e5r verksamhetsledare med hj\u00e4rta f\u00f6r m\u00e4nniskor, f\u00f6retagande och verklig f\u00f6r\u00e4ndring<\/strong><\/p>\n\n\n\n<p>Jag heter Malin och \u00e4r b\u00e5de verksamhetsledare och r\u00e5dgivare h\u00e4r p\u00e5 Nyf\u00f6retagarCentrum \u00d6rnsk\u00f6ldsvik..<\/p>\n\n\n\n<p>Med en bakgrund som f\u00f6retagare och coach har jag l\u00e5ng erfarenhet av att hj\u00e4lpa andra att v\u00e4xa \u2013 b\u00e5de i sitt f\u00f6retagande och som individer. Genom mitt f\u00f6retag <strong>RW Consulting<\/strong> kombinerar jag coaching, medial v\u00e4gledning och hypnos med en passion f\u00f6r att skapa verklig utveckling.<\/p>\n\n\n\n<p>F\u00f6r mig handlar f\u00f6retagande att se potentialen i b\u00e5de id\u00e9er och m\u00e4nniskorna bakom dem.<br>Som jag brukar s\u00e4ga:<\/p>\n\n\n\n<p><br><em>&#8221;Relationskapital \u00e4r kanske den fond som ger b\u00e4st och h\u00f6gst avkastning.&#8221;<\/em><\/p>\n\n\n\n<p>Jag f\u00f6rs\u00f6ker alltid m\u00f6ta m\u00e4nniskor d\u00e4r de \u00e4r \u2013 lyssna, f\u00f6rst\u00e5 och skapa ett tryggt utrymme f\u00f6r resultat.<br>Min roll \u00e4r ofta lika mycket r\u00e5dgivare som bollplank, inspirat\u00f6r och st\u00f6d genom f\u00f6r\u00e4ndring. <\/p>\n\n\n\n<p>Vi ses!<\/p>\n\n\n\n<p><em><sub>malin.stenrana@nyforetagarcentrum.se<\/sub><\/em><\/p>\n\n\n\n<div class=\"wp-block-buttons is-layout-flex wp-block-buttons-is-layout-flex\">\n<div class=\"wp-block-button\"><a class=\"wp-block-button__link wp-element-button\" href=\"https:\/\/jobsdata-nyforetagarcentrum.se\/ExternBooking?OfficeId=96989758-5d96-e811-80d7-0050568571f4&amp;_gl=1*kprxp3*_ga*NDc0ODkyNTY0LjE3NDYxOTM5MzM.*_ga_9RRJJK0Y4R*czE3NTg4NzQ2MzAkbzExJGcxJHQxNzU4ODc4ODQ3JGo0OCRsMCRoMA..\">Boka r\u00e5dgivning<\/a><\/div>\n<\/div>\n<\/div>\n<\/div>\n<\/div>\n<\/div>\n\n\n\n<div class=\"wp-block-columns is-layout-flex wp-container-core-columns-is-layout-4 wp-block-columns-is-layout-flex\">\n<div class=\"wp-block-column is-layout-flow wp-block-column-is-layout-flow\">\n<figure class=\"wp-block-image aligncenter size-large is-resized\"><img loading=\"lazy\" decoding=\"async\" width=\"712\" height=\"1024\" src=\"https:\/\/nyforetagarcentrum.se\/ornskoldsvik\/wp-content\/uploads\/sites\/35\/2025\/09\/Mari-ncf-1-712x1024.jpg\" alt=\"\" class=\"wp-image-718\" style=\"width:298px;height:auto\" srcset=\"https:\/\/nyforetagarcentrum.se\/ornskoldsvik\/wp-content\/uploads\/sites\/35\/2025\/09\/Mari-ncf-1-712x1024.jpg 712w, https:\/\/nyforetagarcentrum.se\/ornskoldsvik\/wp-content\/uploads\/sites\/35\/2025\/09\/Mari-ncf-1-209x300.jpg 209w, https:\/\/nyforetagarcentrum.se\/ornskoldsvik\/wp-content\/uploads\/sites\/35\/2025\/09\/Mari-ncf-1-768x1104.jpg 768w, https:\/\/nyforetagarcentrum.se\/ornskoldsvik\/wp-content\/uploads\/sites\/35\/2025\/09\/Mari-ncf-1-1069x1536.jpg 1069w, https:\/\/nyforetagarcentrum.se\/ornskoldsvik\/wp-content\/uploads\/sites\/35\/2025\/09\/Mari-ncf-1-1425x2048.jpg 1425w, https:\/\/nyforetagarcentrum.se\/ornskoldsvik\/wp-content\/uploads\/sites\/35\/2025\/09\/Mari-ncf-1-751x1080.jpg 751w, https:\/\/nyforetagarcentrum.se\/ornskoldsvik\/wp-content\/uploads\/sites\/35\/2025\/09\/Mari-ncf-1-scaled.jpg 1781w\" sizes=\"(max-width: 712px) 100vw, 712px\" \/><\/figure>\n<\/div>\n\n\n\n<div class=\"wp-block-column is-layout-flow wp-block-column-is-layout-flow\">\n<h2 class=\"wp-block-heading\">Mari H\u00f6glund<\/h2>\n\n\n\n<p><\/p>\n\n\n\n<p>Som r\u00e5dgivare p\u00e5 Nyf\u00f6retagarcentrum i \u00d6rnsk\u00f6ldsvik brinner jag s\u00e4rskilt f\u00f6r dig som \u00e4r i startfasen. Jag vet hur r\u00f6rigt det kan k\u00e4nnas \u2013 och hur sk\u00f6nt det \u00e4r n\u00e4r man f\u00e5r r\u00e4tt st\u00f6d.<\/p>\n\n\n\n<p>Jag har drivit f\u00f6retag sedan 2010 \u2013 idag hj\u00e4lper jag entrepren\u00f6rer att bygga starka varum\u00e4rken och h\u00e5llbar tillv\u00e4xt utan att tappa bort sig sj\u00e4lva p\u00e5 v\u00e4gen.<\/p>\n\n\n\n<p><\/p>\n\n\n\n<p>F\u00f6r mig handlar f\u00f6retagande inte bara om siffror, utan om m\u00e4nniskan bakom. Det \u00e4r d\u00e4r tillv\u00e4xten b\u00f6rjar.<\/p>\n\n\n\n<p>Vill du ha struktur, bollplank och n\u00e5gon som s\u00e4ger som det \u00e4r? Boka en tid \u2013 jag ser fram emot att tr\u00e4ffa dig.<\/p>\n\n\n\n<p><sub>mari.hoglund@nyforetagarcentrum.se<\/sub><\/p>\n\n\n\n<div class=\"wp-block-buttons is-layout-flex wp-block-buttons-is-layout-flex\">\n<div class=\"wp-block-button\"><a class=\"wp-block-button__link wp-element-button\" href=\"https:\/\/jobsdata-nyforetagarcentrum.se\/ExternBooking?OfficeId=96989758-5d96-e811-80d7-0050568571f4&amp;_gl=1*kprxp3*_ga*NDc0ODkyNTY0LjE3NDYxOTM5MzM.*_ga_9RRJJK0Y4R*czE3NTg4NzQ2MzAkbzExJGcxJHQxNzU4ODc4ODQ3JGo0OCRsMCRoMA..\">Boka r\u00e5dgivning<\/a><\/div>\n<\/div>\n<\/div>\n<\/div>\n","protected":false},"excerpt":{"rendered":"<p>Malin Stenrana &#8211; V\u00e5r verksamhetsledare med hj\u00e4rta f\u00f6r m\u00e4nniskor, f\u00f6retagande och verklig f\u00f6r\u00e4ndring Jag heter Malin och \u00e4r b\u00e5de verksamhetsledare och r\u00e5dgivare h\u00e4r p\u00e5 Nyf\u00f6retagarCentrum \u00d6rnsk\u00f6ldsvik.. Med en bakgrund som f\u00f6retagare och coach har jag l\u00e5ng erfarenhet av att hj\u00e4lpa andra att v\u00e4xa \u2013 b\u00e5de i sitt f\u00f6retagande och som individer. Genom mitt f\u00f6retag RW [&hellip;]<\/p>\n","protected":false},"author":1,"featured_media":0,"parent":0,"menu_order":0,"comment_status":"closed","ping_status":"closed","template":"","meta":{"footnotes":""},"acf":[],"yoast_head":"<!-- This site is optimized with the Yoast SEO plugin v22.9 - https:\/\/yoast.com\/wordpress\/plugins\/seo\/ -->\n<title>V\u00e5ra r\u00e5dgivare - \u00d6rnsk\u00f6ldsvik<\/title>\n<meta name=\"robots\" content=\"index, follow, max-snippet:-1, max-image-preview:large, max-video-preview:-1\" \/>\n<link rel=\"canonical\" href=\"https:\/\/nyforetagarcentrum.se\/ornskoldsvik\/vara-radgivare\/\" \/>\n<meta property=\"og:locale\" content=\"sv_SE\" \/>\n<meta property=\"og:type\" content=\"article\" \/>\n<meta property=\"og:title\" content=\"V\u00e5ra r\u00e5dgivare - \u00d6rnsk\u00f6ldsvik\" \/>\n<meta property=\"og:description\" content=\"Malin Stenrana &#8211; V\u00e5r verksamhetsledare med hj\u00e4rta f\u00f6r m\u00e4nniskor, f\u00f6retagande och verklig f\u00f6r\u00e4ndring Jag heter Malin och \u00e4r b\u00e5de verksamhetsledare och r\u00e5dgivare h\u00e4r p\u00e5 Nyf\u00f6retagarCentrum \u00d6rnsk\u00f6ldsvik.. Med en bakgrund som f\u00f6retagare och coach har jag l\u00e5ng erfarenhet av att hj\u00e4lpa andra att v\u00e4xa \u2013 b\u00e5de i sitt f\u00f6retagande och som individer. Genom mitt f\u00f6retag RW [&hellip;]\" \/>\n<meta property=\"og:url\" content=\"https:\/\/nyforetagarcentrum.se\/ornskoldsvik\/vara-radgivare\/\" \/>\n<meta property=\"og:site_name\" content=\"\u00d6rnsk\u00f6ldsvik\" \/>\n<meta property=\"article:modified_time\" content=\"2026-02-07T14:45:38+00:00\" \/>\n<meta property=\"og:image\" content=\"https:\/\/nyforetagarcentrum.se\/ornskoldsvik\/wp-content\/uploads\/sites\/35\/2025\/09\/image-1.jpg\" \/>\n<meta name=\"twitter:card\" content=\"summary_large_image\" \/>\n<meta name=\"twitter:label1\" content=\"Ber\u00e4knad l\u00e4stid\" \/>\n\t<meta name=\"twitter:data1\" content=\"2 minuter\" \/>\n<script type=\"application\/ld+json\" class=\"yoast-schema-graph\">{\"@context\":\"https:\/\/schema.org\",\"@graph\":[{\"@type\":\"WebPage\",\"@id\":\"https:\/\/nyforetagarcentrum.se\/ornskoldsvik\/vara-radgivare\/\",\"url\":\"https:\/\/nyforetagarcentrum.se\/ornskoldsvik\/vara-radgivare\/\",\"name\":\"V\u00e5ra r\u00e5dgivare - \u00d6rnsk\u00f6ldsvik\",\"isPartOf\":{\"@id\":\"https:\/\/nyforetagarcentrum.se\/ornskoldsvik\/#website\"},\"primaryImageOfPage\":{\"@id\":\"https:\/\/nyforetagarcentrum.se\/ornskoldsvik\/vara-radgivare\/#primaryimage\"},\"image\":{\"@id\":\"https:\/\/nyforetagarcentrum.se\/ornskoldsvik\/vara-radgivare\/#primaryimage\"},\"thumbnailUrl\":\"https:\/\/nyforetagarcentrum.se\/ornskoldsvik\/wp-content\/uploads\/sites\/35\/2025\/09\/image-1.jpg\",\"datePublished\":\"2024-02-29T12:59:39+00:00\",\"dateModified\":\"2026-02-07T14:45:38+00:00\",\"breadcrumb\":{\"@id\":\"https:\/\/nyforetagarcentrum.se\/ornskoldsvik\/vara-radgivare\/#breadcrumb\"},\"inLanguage\":\"sv-SE\",\"potentialAction\":[{\"@type\":\"ReadAction\",\"target\":[\"https:\/\/nyforetagarcentrum.se\/ornskoldsvik\/vara-radgivare\/\"]}]},{\"@type\":\"ImageObject\",\"inLanguage\":\"sv-SE\",\"@id\":\"https:\/\/nyforetagarcentrum.se\/ornskoldsvik\/vara-radgivare\/#primaryimage\",\"url\":\"https:\/\/nyforetagarcentrum.se\/ornskoldsvik\/wp-content\/uploads\/sites\/35\/2025\/09\/image-1.jpg\",\"contentUrl\":\"https:\/\/nyforetagarcentrum.se\/ornskoldsvik\/wp-content\/uploads\/sites\/35\/2025\/09\/image-1.jpg\",\"width\":314,\"height\":487},{\"@type\":\"BreadcrumbList\",\"@id\":\"https:\/\/nyforetagarcentrum.se\/ornskoldsvik\/vara-radgivare\/#breadcrumb\",\"itemListElement\":[{\"@type\":\"ListItem\",\"position\":1,\"name\":\"Hem\",\"item\":\"https:\/\/nyforetagarcentrum.se\/ornskoldsvik\/\"},{\"@type\":\"ListItem\",\"position\":2,\"name\":\"V\u00e5ra r\u00e5dgivare\"}]},{\"@type\":\"WebSite\",\"@id\":\"https:\/\/nyforetagarcentrum.se\/ornskoldsvik\/#website\",\"url\":\"https:\/\/nyforetagarcentrum.se\/ornskoldsvik\/\",\"name\":\"\u00d6rnsk\u00f6ldsvik\",\"description\":\"Sveriges ledande kraft f\u00f6r fler nya livskraftiga f\u00f6retag\",\"publisher\":{\"@id\":\"https:\/\/nyforetagarcentrum.se\/ornskoldsvik\/#organization\"},\"potentialAction\":[{\"@type\":\"SearchAction\",\"target\":{\"@type\":\"EntryPoint\",\"urlTemplate\":\"https:\/\/nyforetagarcentrum.se\/ornskoldsvik\/?s={search_term_string}\"},\"query-input\":\"required name=search_term_string\"}],\"inLanguage\":\"sv-SE\"},{\"@type\":\"Organization\",\"@id\":\"https:\/\/nyforetagarcentrum.se\/ornskoldsvik\/#organization\",\"name\":\"\u00d6rnsk\u00f6ldsvik\",\"url\":\"https:\/\/nyforetagarcentrum.se\/ornskoldsvik\/\",\"logo\":{\"@type\":\"ImageObject\",\"inLanguage\":\"sv-SE\",\"@id\":\"https:\/\/nyforetagarcentrum.se\/ornskoldsvik\/#\/schema\/logo\/image\/\",\"url\":\"https:\/\/nyforetagarcentrum.se\/ornskoldsvik\/wp-content\/uploads\/sites\/35\/2024\/04\/Ornskoldsvik-1.png\",\"contentUrl\":\"https:\/\/nyforetagarcentrum.se\/ornskoldsvik\/wp-content\/uploads\/sites\/35\/2024\/04\/Ornskoldsvik-1.png\",\"width\":1082,\"height\":542,\"caption\":\"\u00d6rnsk\u00f6ldsvik\"},\"image\":{\"@id\":\"https:\/\/nyforetagarcentrum.se\/ornskoldsvik\/#\/schema\/logo\/image\/\"}}]}<\/script>\n<!-- \/ Yoast SEO plugin. -->","yoast_head_json":{"title":"V\u00e5ra r\u00e5dgivare - \u00d6rnsk\u00f6ldsvik","robots":{"index":"index","follow":"follow","max-snippet":"max-snippet:-1","max-image-preview":"max-image-preview:large","max-video-preview":"max-video-preview:-1"},"canonical":"https:\/\/nyforetagarcentrum.se\/ornskoldsvik\/vara-radgivare\/","og_locale":"sv_SE","og_type":"article","og_title":"V\u00e5ra r\u00e5dgivare - \u00d6rnsk\u00f6ldsvik","og_description":"Malin Stenrana &#8211; V\u00e5r verksamhetsledare med hj\u00e4rta f\u00f6r m\u00e4nniskor, f\u00f6retagande och verklig f\u00f6r\u00e4ndring Jag heter Malin och \u00e4r b\u00e5de verksamhetsledare och r\u00e5dgivare h\u00e4r p\u00e5 Nyf\u00f6retagarCentrum \u00d6rnsk\u00f6ldsvik.. Med en bakgrund som f\u00f6retagare och coach har jag l\u00e5ng erfarenhet av att hj\u00e4lpa andra att v\u00e4xa \u2013 b\u00e5de i sitt f\u00f6retagande och som individer. Genom mitt f\u00f6retag RW [&hellip;]","og_url":"https:\/\/nyforetagarcentrum.se\/ornskoldsvik\/vara-radgivare\/","og_site_name":"\u00d6rnsk\u00f6ldsvik","article_modified_time":"2026-02-07T14:45:38+00:00","og_image":[{"url":"https:\/\/nyforetagarcentrum.se\/ornskoldsvik\/wp-content\/uploads\/sites\/35\/2025\/09\/image-1.jpg"}],"twitter_card":"summary_large_image","twitter_misc":{"Ber\u00e4knad l\u00e4stid":"2 minuter"},"schema":{"@context":"https:\/\/schema.org","@graph":[{"@type":"WebPage","@id":"https:\/\/nyforetagarcentrum.se\/ornskoldsvik\/vara-radgivare\/","url":"https:\/\/nyforetagarcentrum.se\/ornskoldsvik\/vara-radgivare\/","name":"V\u00e5ra r\u00e5dgivare - \u00d6rnsk\u00f6ldsvik","isPartOf":{"@id":"https:\/\/nyforetagarcentrum.se\/ornskoldsvik\/#website"},"primaryImageOfPage":{"@id":"https:\/\/nyforetagarcentrum.se\/ornskoldsvik\/vara-radgivare\/#primaryimage"},"image":{"@id":"https:\/\/nyforetagarcentrum.se\/ornskoldsvik\/vara-radgivare\/#primaryimage"},"thumbnailUrl":"https:\/\/nyforetagarcentrum.se\/ornskoldsvik\/wp-content\/uploads\/sites\/35\/2025\/09\/image-1.jpg","datePublished":"2024-02-29T12:59:39+00:00","dateModified":"2026-02-07T14:45:38+00:00","breadcrumb":{"@id":"https:\/\/nyforetagarcentrum.se\/ornskoldsvik\/vara-radgivare\/#breadcrumb"},"inLanguage":"sv-SE","potentialAction":[{"@type":"ReadAction","target":["https:\/\/nyforetagarcentrum.se\/ornskoldsvik\/vara-radgivare\/"]}]},{"@type":"ImageObject","inLanguage":"sv-SE","@id":"https:\/\/nyforetagarcentrum.se\/ornskoldsvik\/vara-radgivare\/#primaryimage","url":"https:\/\/nyforetagarcentrum.se\/ornskoldsvik\/wp-content\/uploads\/sites\/35\/2025\/09\/image-1.jpg","contentUrl":"https:\/\/nyforetagarcentrum.se\/ornskoldsvik\/wp-content\/uploads\/sites\/35\/2025\/09\/image-1.jpg","width":314,"height":487},{"@type":"BreadcrumbList","@id":"https:\/\/nyforetagarcentrum.se\/ornskoldsvik\/vara-radgivare\/#breadcrumb","itemListElement":[{"@type":"ListItem","position":1,"name":"Hem","item":"https:\/\/nyforetagarcentrum.se\/ornskoldsvik\/"},{"@type":"ListItem","position":2,"name":"V\u00e5ra r\u00e5dgivare"}]},{"@type":"WebSite","@id":"https:\/\/nyforetagarcentrum.se\/ornskoldsvik\/#website","url":"https:\/\/nyforetagarcentrum.se\/ornskoldsvik\/","name":"\u00d6rnsk\u00f6ldsvik","description":"Sveriges ledande kraft f\u00f6r fler nya livskraftiga f\u00f6retag","publisher":{"@id":"https:\/\/nyforetagarcentrum.se\/ornskoldsvik\/#organization"},"potentialAction":[{"@type":"SearchAction","target":{"@type":"EntryPoint","urlTemplate":"https:\/\/nyforetagarcentrum.se\/ornskoldsvik\/?s={search_term_string}"},"query-input":"required name=search_term_string"}],"inLanguage":"sv-SE"},{"@type":"Organization","@id":"https:\/\/nyforetagarcentrum.se\/ornskoldsvik\/#organization","name":"\u00d6rnsk\u00f6ldsvik","url":"https:\/\/nyforetagarcentrum.se\/ornskoldsvik\/","logo":{"@type":"ImageObject","inLanguage":"sv-SE","@id":"https:\/\/nyforetagarcentrum.se\/ornskoldsvik\/#\/schema\/logo\/image\/","url":"https:\/\/nyforetagarcentrum.se\/ornskoldsvik\/wp-content\/uploads\/sites\/35\/2024\/04\/Ornskoldsvik-1.png","contentUrl":"https:\/\/nyforetagarcentrum.se\/ornskoldsvik\/wp-content\/uploads\/sites\/35\/2024\/04\/Ornskoldsvik-1.png","width":1082,"height":542,"caption":"\u00d6rnsk\u00f6ldsvik"},"image":{"@id":"https:\/\/nyforetagarcentrum.se\/ornskoldsvik\/#\/schema\/logo\/image\/"}}]}},"_links":{"self":[{"href":"https:\/\/nyforetagarcentrum.se\/ornskoldsvik\/wp-json\/wp\/v2\/pages\/239"}],"collection":[{"href":"https:\/\/nyforetagarcentrum.se\/ornskoldsvik\/wp-json\/wp\/v2\/pages"}],"about":[{"href":"https:\/\/nyforetagarcentrum.se\/ornskoldsvik\/wp-json\/wp\/v2\/types\/page"}],"author":[{"embeddable":true,"href":"https:\/\/nyforetagarcentrum.se\/ornskoldsvik\/wp-json\/wp\/v2\/users\/1"}],"replies":[{"embeddable":true,"href":"https:\/\/nyforetagarcentrum.se\/ornskoldsvik\/wp-json\/wp\/v2\/comments?post=239"}],"version-history":[{"count":9,"href":"https:\/\/nyforetagarcentrum.se\/ornskoldsvik\/wp-json\/wp\/v2\/pages\/239\/revisions"}],"predecessor-version":[{"id":849,"href":"https:\/\/nyforetagarcentrum.se\/ornskoldsvik\/wp-json\/wp\/v2\/pages\/239\/revisions\/849"}],"wp:attachment":[{"href":"https:\/\/nyforetagarcentrum.se\/ornskoldsvik\/wp-json\/wp\/v2\/media?parent=239"}],"curies":[{"name":"wp","href":"https:\/\/api.w.org\/{rel}","templated":true}]}}