{"id":239,"date":"2024-02-29T13:59:39","date_gmt":"2024-02-29T12:59:39","guid":{"rendered":"https:\/\/nyforetagarcentrum.se\/oresundbackup\/?page_id=239"},"modified":"2024-05-26T13:33:35","modified_gmt":"2024-05-26T11:33:35","slug":"vara-radgivare","status":"publish","type":"page","link":"https:\/\/nyforetagarcentrum.se\/oresundbackup\/vara-radgivare\/","title":{"rendered":"V\u00e5ra r\u00e5dgivare"},"content":{"rendered":"<section  class=\"nfc-block-hero alignfull\">\n\n    <img loading=\"lazy\" decoding=\"async\" width=\"1476\" height=\"984\" src=\"https:\/\/nyforetagarcentrum.se\/oresundbackup\/wp-content\/uploads\/sites\/105\/2024\/02\/Nyforetagare-ung-LOW.jpg\" class=\"attachment-landscape size-landscape\" alt=\"\" srcset=\"https:\/\/nyforetagarcentrum.se\/oresundbackup\/wp-content\/uploads\/sites\/105\/2024\/02\/Nyforetagare-ung-LOW.jpg 1476w, https:\/\/nyforetagarcentrum.se\/oresundbackup\/wp-content\/uploads\/sites\/105\/2024\/02\/Nyforetagare-ung-LOW-300x200.jpg 300w, https:\/\/nyforetagarcentrum.se\/oresundbackup\/wp-content\/uploads\/sites\/105\/2024\/02\/Nyforetagare-ung-LOW-1024x683.jpg 1024w, https:\/\/nyforetagarcentrum.se\/oresundbackup\/wp-content\/uploads\/sites\/105\/2024\/02\/Nyforetagare-ung-LOW-768x512.jpg 768w\" sizes=\"(max-width: 1476px) 100vw, 1476px\" \/>\n    <div class=\"contained\">\n        <h1 class=\"nfc-block-hero__heading\">V\u00e5ra r\u00e5dgivare<\/h1>\n\n            <\/div>\n<\/section>\n\n\n<div style=\"height:49px\" aria-hidden=\"true\" class=\"wp-block-spacer\"><\/div>\n\n\n<section  class=\"nfc-block-breadcrumbs\">\n    <div class=\"wrapper contained\">\n        <ol class=\"breadcrumbs\" itemscope itemtype=\"https:\/\/schema.org\/BreadcrumbList\">\n            <li itemprop=\"itemListElement\" itemscope itemtype=\"https:\/\/schema.org\/ListItem\">\n            \n\n                            <span class=\"current\" itemprop=\"name\">Hem<\/span>\n            \n            <meta itemprop=\"position\" content=\"1\" \/>\n        <\/li>\n    <\/ol>    <\/div>\n<\/section>\n\n\n<div style=\"height:100px\" aria-hidden=\"true\" class=\"wp-block-spacer\"><\/div>\n\n\n<section  class=\"nfc-block-person_grid alignwide layout-featured\">\n    <div class=\"contained\">\n        <div class=\"grid\">\n            <div class=\"person-featured-card\">\n    \n    <div class=\"featured_image\">\n                    <img loading=\"lazy\" decoding=\"async\" width=\"730\" height=\"1024\" src=\"https:\/\/nyforetagarcentrum.se\/oresundbackup\/wp-content\/uploads\/sites\/105\/2024\/05\/Anne-Marbrandt-730x1024.jpg\" class=\"attachment-large size-large\" alt=\"Anne Marbrandt\" srcset=\"https:\/\/nyforetagarcentrum.se\/oresundbackup\/wp-content\/uploads\/sites\/105\/2024\/05\/Anne-Marbrandt-730x1024.jpg 730w, https:\/\/nyforetagarcentrum.se\/oresundbackup\/wp-content\/uploads\/sites\/105\/2024\/05\/Anne-Marbrandt-214x300.jpg 214w, https:\/\/nyforetagarcentrum.se\/oresundbackup\/wp-content\/uploads\/sites\/105\/2024\/05\/Anne-Marbrandt-768x1078.jpg 768w, https:\/\/nyforetagarcentrum.se\/oresundbackup\/wp-content\/uploads\/sites\/105\/2024\/05\/Anne-Marbrandt-1095x1536.jpg 1095w, https:\/\/nyforetagarcentrum.se\/oresundbackup\/wp-content\/uploads\/sites\/105\/2024\/05\/Anne-Marbrandt-1460x2048.jpg 1460w, https:\/\/nyforetagarcentrum.se\/oresundbackup\/wp-content\/uploads\/sites\/105\/2024\/05\/Anne-Marbrandt-770x1080.jpg 770w, https:\/\/nyforetagarcentrum.se\/oresundbackup\/wp-content\/uploads\/sites\/105\/2024\/05\/Anne-Marbrandt-scaled.jpg 1824w\" sizes=\"(max-width: 730px) 100vw, 730px\" \/>            <\/div>\n\n    <div class=\"content-wrapper\">\n        <h3>Anne Marbrandt<\/h3>\n\n        \n                    <div class=\"excerpt\">\n                VD, Diplomerad r\u00e5dgivare i Vellinge, Diplomerad coach<br \/>\r\n<br \/>\r\nTelefon: 0734-27 40 50<br \/>\r\nMail: anne.marbrandt@nyforetagarcentrum.se                <br\/>\n                            <\/div>\n        \n                    <a href=\"https:\/\/jobsdata-nyforetagarcentrum.se\/ExternBooking?OfficeId=f0838343-ab20-e911-90f7-005056854b61\" class=\"booking-button button outlined\">Boka r\u00e5dgivning<\/a>\n            <\/div>\n<\/div><div class=\"person-featured-card\">\n    \n    <div class=\"featured_image\">\n                    <img loading=\"lazy\" decoding=\"async\" width=\"768\" height=\"1024\" src=\"https:\/\/nyforetagarcentrum.se\/oresundbackup\/wp-content\/uploads\/sites\/105\/2024\/05\/Pierre-Elzouki--768x1024.jpg\" class=\"attachment-large size-large\" alt=\"Pierre Elzouki\" srcset=\"https:\/\/nyforetagarcentrum.se\/oresundbackup\/wp-content\/uploads\/sites\/105\/2024\/05\/Pierre-Elzouki--768x1024.jpg 768w, https:\/\/nyforetagarcentrum.se\/oresundbackup\/wp-content\/uploads\/sites\/105\/2024\/05\/Pierre-Elzouki--225x300.jpg 225w, https:\/\/nyforetagarcentrum.se\/oresundbackup\/wp-content\/uploads\/sites\/105\/2024\/05\/Pierre-Elzouki--1152x1536.jpg 1152w, https:\/\/nyforetagarcentrum.se\/oresundbackup\/wp-content\/uploads\/sites\/105\/2024\/05\/Pierre-Elzouki--1536x2048.jpg 1536w, https:\/\/nyforetagarcentrum.se\/oresundbackup\/wp-content\/uploads\/sites\/105\/2024\/05\/Pierre-Elzouki--810x1080.jpg 810w, https:\/\/nyforetagarcentrum.se\/oresundbackup\/wp-content\/uploads\/sites\/105\/2024\/05\/Pierre-Elzouki--scaled.jpg 1920w\" sizes=\"(max-width: 768px) 100vw, 768px\" \/>            <\/div>\n\n    <div class=\"content-wrapper\">\n        <h3>Pierre Elzouki<\/h3>\n\n        \n                    <div class=\"excerpt\">\n                Diplomerad coach R\u00e5dgivare p\u00e5 arabiska<br \/>\r\n<br \/>\r\nTelefon: 0733-82 67 35<br \/>\r\nMail: pierre.elzouki@nyforetagarcentrum.se                <br\/>\n                            <\/div>\n        \n                    <a href=\"https:\/\/jobsdata-nyforetagarcentrum.se\/ExternBooking?OfficeId=f0838343-ab20-e911-90f7-005056854b61\" class=\"booking-button button outlined\">Boka r\u00e5dgivning<\/a>\n            <\/div>\n<\/div><div class=\"person-featured-card\">\n    \n    <div class=\"featured_image\">\n                    <img loading=\"lazy\" decoding=\"async\" width=\"676\" height=\"1024\" src=\"https:\/\/nyforetagarcentrum.se\/oresundbackup\/wp-content\/uploads\/sites\/105\/2024\/05\/Alex-Esser-676x1024.jpeg\" class=\"attachment-large size-large\" alt=\"Alex Esser\" srcset=\"https:\/\/nyforetagarcentrum.se\/oresundbackup\/wp-content\/uploads\/sites\/105\/2024\/05\/Alex-Esser-676x1024.jpeg 676w, https:\/\/nyforetagarcentrum.se\/oresundbackup\/wp-content\/uploads\/sites\/105\/2024\/05\/Alex-Esser-198x300.jpeg 198w, https:\/\/nyforetagarcentrum.se\/oresundbackup\/wp-content\/uploads\/sites\/105\/2024\/05\/Alex-Esser-768x1163.jpeg 768w, https:\/\/nyforetagarcentrum.se\/oresundbackup\/wp-content\/uploads\/sites\/105\/2024\/05\/Alex-Esser-1015x1536.jpeg 1015w, https:\/\/nyforetagarcentrum.se\/oresundbackup\/wp-content\/uploads\/sites\/105\/2024\/05\/Alex-Esser-713x1080.jpeg 713w, https:\/\/nyforetagarcentrum.se\/oresundbackup\/wp-content\/uploads\/sites\/105\/2024\/05\/Alex-Esser.jpeg 1057w\" sizes=\"(max-width: 676px) 100vw, 676px\" \/>            <\/div>\n\n    <div class=\"content-wrapper\">\n        <h3>Alex Esser<\/h3>\n\n        \n                    <div class=\"excerpt\">\n                R\u00e5dgivare i Malm\u00f6<br \/>\r\n<br \/>\r\nTelefon: 0735-84 88 88<br \/>\r\nMail: alex.esser@nyforetagarcentrum.se                <br\/>\n                            <\/div>\n        \n                    <a href=\"https:\/\/jobsdata-nyforetagarcentrum.se\/ExternBooking?OfficeId=f0838343-ab20-e911-90f7-005056854b61\" class=\"booking-button button outlined\">Boka r\u00e5dgivning<\/a>\n            <\/div>\n<\/div><div class=\"person-featured-card\">\n    \n    <div class=\"featured_image\">\n                    <img loading=\"lazy\" decoding=\"async\" width=\"819\" height=\"1006\" src=\"https:\/\/nyforetagarcentrum.se\/oresundbackup\/wp-content\/uploads\/sites\/105\/2024\/05\/Ronny-Lundstrom.jpg\" class=\"attachment-large size-large\" alt=\"\" srcset=\"https:\/\/nyforetagarcentrum.se\/oresundbackup\/wp-content\/uploads\/sites\/105\/2024\/05\/Ronny-Lundstrom.jpg 819w, https:\/\/nyforetagarcentrum.se\/oresundbackup\/wp-content\/uploads\/sites\/105\/2024\/05\/Ronny-Lundstrom-244x300.jpg 244w, https:\/\/nyforetagarcentrum.se\/oresundbackup\/wp-content\/uploads\/sites\/105\/2024\/05\/Ronny-Lundstrom-768x943.jpg 768w\" sizes=\"(max-width: 819px) 100vw, 819px\" \/>            <\/div>\n\n    <div class=\"content-wrapper\">\n        <h3>Ronny Lundstr\u00f6m<\/h3>\n\n        \n                    <div class=\"excerpt\">\n                Diplomerad r\u00e5dgivare i Sj\u00f6bo och Staffanstorp<br \/>\r\n<br \/>\r\nTelefon: 0703-057679<br \/>\r\nMail: ronny.lundstrom@nyforetagarcentrum.se                <br\/>\n                            <\/div>\n        \n                    <a href=\"https:\/\/jobsdata-nyforetagarcentrum.se\/ExternBooking?OfficeId=f0838343-ab20-e911-90f7-005056854b61\" class=\"booking-button button outlined\">Boka r\u00e5dgivning<\/a>\n            <\/div>\n<\/div><div class=\"person-featured-card\">\n    \n    <div class=\"featured_image\">\n                    <img loading=\"lazy\" decoding=\"async\" width=\"794\" height=\"1024\" src=\"https:\/\/nyforetagarcentrum.se\/oresundbackup\/wp-content\/uploads\/sites\/105\/2024\/05\/2-Copy-794x1024.jpg\" class=\"attachment-large size-large\" alt=\"\" srcset=\"https:\/\/nyforetagarcentrum.se\/oresundbackup\/wp-content\/uploads\/sites\/105\/2024\/05\/2-Copy-794x1024.jpg 794w, https:\/\/nyforetagarcentrum.se\/oresundbackup\/wp-content\/uploads\/sites\/105\/2024\/05\/2-Copy-233x300.jpg 233w, https:\/\/nyforetagarcentrum.se\/oresundbackup\/wp-content\/uploads\/sites\/105\/2024\/05\/2-Copy-768x990.jpg 768w, https:\/\/nyforetagarcentrum.se\/oresundbackup\/wp-content\/uploads\/sites\/105\/2024\/05\/2-Copy-1192x1536.jpg 1192w, https:\/\/nyforetagarcentrum.se\/oresundbackup\/wp-content\/uploads\/sites\/105\/2024\/05\/2-Copy-1589x2048.jpg 1589w, https:\/\/nyforetagarcentrum.se\/oresundbackup\/wp-content\/uploads\/sites\/105\/2024\/05\/2-Copy-838x1080.jpg 838w, https:\/\/nyforetagarcentrum.se\/oresundbackup\/wp-content\/uploads\/sites\/105\/2024\/05\/2-Copy-scaled.jpg 1986w\" sizes=\"(max-width: 794px) 100vw, 794px\" \/>            <\/div>\n\n    <div class=\"content-wrapper\">\n        <h3>Weronica Johansson<\/h3>\n\n        \n                    <div class=\"excerpt\">\n                Vice VD,<br \/>\r\nDiplomerad r\u00e5dgivare i Trelleborg och Malm\u00f6,<br \/>\r\nProgramledare Mentorprogrammet<br \/>\r\n<br \/>\r\nTelefon: 0766-105564<br \/>\r\nMail: weronica.johansson@nyforetagarcentrum.se                <br\/>\n                            <\/div>\n        \n                    <a href=\"https:\/\/jobsdata-nyforetagarcentrum.se\/ExternBooking?OfficeId=f0838343-ab20-e911-90f7-005056854b61\" class=\"booking-button button outlined\">Boka r\u00e5dgivning<\/a>\n            <\/div>\n<\/div><div class=\"person-featured-card\">\n    \n    <div class=\"featured_image\">\n                    <img loading=\"lazy\" decoding=\"async\" width=\"768\" height=\"1024\" src=\"https:\/\/nyforetagarcentrum.se\/oresundbackup\/wp-content\/uploads\/sites\/105\/2024\/05\/Hetty-Lindell-768x1024.jpg\" class=\"attachment-large size-large\" alt=\"Hetty Lindell\" srcset=\"https:\/\/nyforetagarcentrum.se\/oresundbackup\/wp-content\/uploads\/sites\/105\/2024\/05\/Hetty-Lindell-768x1024.jpg 768w, https:\/\/nyforetagarcentrum.se\/oresundbackup\/wp-content\/uploads\/sites\/105\/2024\/05\/Hetty-Lindell-225x300.jpg 225w, https:\/\/nyforetagarcentrum.se\/oresundbackup\/wp-content\/uploads\/sites\/105\/2024\/05\/Hetty-Lindell-1152x1536.jpg 1152w, https:\/\/nyforetagarcentrum.se\/oresundbackup\/wp-content\/uploads\/sites\/105\/2024\/05\/Hetty-Lindell-810x1080.jpg 810w, https:\/\/nyforetagarcentrum.se\/oresundbackup\/wp-content\/uploads\/sites\/105\/2024\/05\/Hetty-Lindell.jpg 1320w\" sizes=\"(max-width: 768px) 100vw, 768px\" \/>            <\/div>\n\n    <div class=\"content-wrapper\">\n        <h3>Hetty Lindell<\/h3>\n\n        \n                    <div class=\"excerpt\">\n                Diplomerad r\u00e5dgivare i Malm\u00f6, \u00e4ven \u00d6resundsr\u00e5dgivning<br \/>\r\n<br \/>\r\nTelefon: 0708-75 78 00<br \/>\r\nMail: hetty.lindell@nyforetagarcentrum.se                <br\/>\n                            <\/div>\n        \n                    <a href=\"https:\/\/jobsdata-nyforetagarcentrum.se\/ExternBooking?OfficeId=f0838343-ab20-e911-90f7-005056854b61\" class=\"booking-button button outlined\">Boka r\u00e5dgivning<\/a>\n            <\/div>\n<\/div><div class=\"person-featured-card\">\n    \n    <div class=\"featured_image\">\n                    <img loading=\"lazy\" decoding=\"async\" width=\"827\" height=\"1024\" src=\"https:\/\/nyforetagarcentrum.se\/oresundbackup\/wp-content\/uploads\/sites\/105\/2024\/05\/Anders-Nissen-827x1024.jpg\" class=\"attachment-large size-large\" alt=\"Anders Nissen\" srcset=\"https:\/\/nyforetagarcentrum.se\/oresundbackup\/wp-content\/uploads\/sites\/105\/2024\/05\/Anders-Nissen-827x1024.jpg 827w, https:\/\/nyforetagarcentrum.se\/oresundbackup\/wp-content\/uploads\/sites\/105\/2024\/05\/Anders-Nissen-242x300.jpg 242w, https:\/\/nyforetagarcentrum.se\/oresundbackup\/wp-content\/uploads\/sites\/105\/2024\/05\/Anders-Nissen-768x950.jpg 768w, https:\/\/nyforetagarcentrum.se\/oresundbackup\/wp-content\/uploads\/sites\/105\/2024\/05\/Anders-Nissen-1241x1536.jpg 1241w, https:\/\/nyforetagarcentrum.se\/oresundbackup\/wp-content\/uploads\/sites\/105\/2024\/05\/Anders-Nissen-873x1080.jpg 873w, https:\/\/nyforetagarcentrum.se\/oresundbackup\/wp-content\/uploads\/sites\/105\/2024\/05\/Anders-Nissen.jpg 1608w\" sizes=\"(max-width: 827px) 100vw, 827px\" \/>            <\/div>\n\n    <div class=\"content-wrapper\">\n        <h3>Anders Nissen<\/h3>\n\n        \n                    <div class=\"excerpt\">\n                Diplomerad r\u00e5dgivare i Svedala och Skurup<br \/>\r\n<br \/>\r\nTelefon: 0707-78 31 70<br \/>\r\nMail: anders.nissen@nyforetagarcentrum.se                <br\/>\n                            <\/div>\n        \n                    <a href=\"https:\/\/jobsdata-nyforetagarcentrum.se\/ExternBooking?OfficeId=f0838343-ab20-e911-90f7-005056854b61\" class=\"booking-button button outlined\">Boka r\u00e5dgivning<\/a>\n            <\/div>\n<\/div><div class=\"person-featured-card\">\n    \n    <div class=\"featured_image\">\n                    <img loading=\"lazy\" decoding=\"async\" width=\"512\" height=\"640\" src=\"https:\/\/nyforetagarcentrum.se\/oresundbackup\/wp-content\/uploads\/sites\/105\/2024\/05\/Marie-Nilsson.jpeg\" class=\"attachment-large size-large\" alt=\"Marie Nilsson\" srcset=\"https:\/\/nyforetagarcentrum.se\/oresundbackup\/wp-content\/uploads\/sites\/105\/2024\/05\/Marie-Nilsson.jpeg 512w, https:\/\/nyforetagarcentrum.se\/oresundbackup\/wp-content\/uploads\/sites\/105\/2024\/05\/Marie-Nilsson-240x300.jpeg 240w\" sizes=\"(max-width: 512px) 100vw, 512px\" \/>            <\/div>\n\n    <div class=\"content-wrapper\">\n        <h3>Marie Nilsson<\/h3>\n\n        \n                    <div class=\"excerpt\">\n                Diplomerad r\u00e5dgivare i Burl\u00f6v och Lomma, Diplomerad coach<br \/>\r\n<br \/>\r\nTelefon: 0707-91 99 98<br \/>\r\nMail: marie.nilsson@nyforetagarcentrum.se                <br\/>\n                            <\/div>\n        \n                    <a href=\"https:\/\/jobsdata-nyforetagarcentrum.se\/ExternBooking?OfficeId=f0838343-ab20-e911-90f7-005056854b61\" class=\"booking-button button outlined\">Boka r\u00e5dgivning<\/a>\n            <\/div>\n<\/div><div class=\"person-featured-card\">\n    \n    <div class=\"featured_image\">\n                    <img loading=\"lazy\" decoding=\"async\" width=\"765\" height=\"1024\" src=\"https:\/\/nyforetagarcentrum.se\/oresundbackup\/wp-content\/uploads\/sites\/105\/2024\/05\/Anna-Palm-765x1024.jpg\" class=\"attachment-large size-large\" alt=\"Anna Palm\" srcset=\"https:\/\/nyforetagarcentrum.se\/oresundbackup\/wp-content\/uploads\/sites\/105\/2024\/05\/Anna-Palm-765x1024.jpg 765w, https:\/\/nyforetagarcentrum.se\/oresundbackup\/wp-content\/uploads\/sites\/105\/2024\/05\/Anna-Palm-224x300.jpg 224w, https:\/\/nyforetagarcentrum.se\/oresundbackup\/wp-content\/uploads\/sites\/105\/2024\/05\/Anna-Palm-768x1028.jpg 768w, https:\/\/nyforetagarcentrum.se\/oresundbackup\/wp-content\/uploads\/sites\/105\/2024\/05\/Anna-Palm-1148x1536.jpg 1148w, https:\/\/nyforetagarcentrum.se\/oresundbackup\/wp-content\/uploads\/sites\/105\/2024\/05\/Anna-Palm-807x1080.jpg 807w, https:\/\/nyforetagarcentrum.se\/oresundbackup\/wp-content\/uploads\/sites\/105\/2024\/05\/Anna-Palm.jpg 1432w\" sizes=\"(max-width: 765px) 100vw, 765px\" \/>            <\/div>\n\n    <div class=\"content-wrapper\">\n        <h3>Anna Palm<\/h3>\n\n        \n                    <div class=\"excerpt\">\n                R\u00e5dgivare i H\u00f6\u00f6r och H\u00f6rby<br \/>\r\n<br \/>\r\nTelefon: 0708-23 39 41<br \/>\r\nMail: anna.palm@nyforetagarcentrum.se                <br\/>\n                            <\/div>\n        \n                    <a href=\"https:\/\/jobsdata-nyforetagarcentrum.se\/ExternBooking?OfficeId=f0838343-ab20-e911-90f7-005056854b61\" class=\"booking-button button outlined\">Boka r\u00e5dgivning<\/a>\n            <\/div>\n<\/div><div class=\"person-featured-card\">\n    \n    <div class=\"featured_image\">\n                    <img loading=\"lazy\" decoding=\"async\" width=\"671\" height=\"1024\" src=\"https:\/\/nyforetagarcentrum.se\/oresundbackup\/wp-content\/uploads\/sites\/105\/2024\/05\/Agneta-Thulin-1-671x1024.jpg\" class=\"attachment-large size-large\" alt=\"Agneta Thulin\" srcset=\"https:\/\/nyforetagarcentrum.se\/oresundbackup\/wp-content\/uploads\/sites\/105\/2024\/05\/Agneta-Thulin-1-671x1024.jpg 671w, https:\/\/nyforetagarcentrum.se\/oresundbackup\/wp-content\/uploads\/sites\/105\/2024\/05\/Agneta-Thulin-1-197x300.jpg 197w, https:\/\/nyforetagarcentrum.se\/oresundbackup\/wp-content\/uploads\/sites\/105\/2024\/05\/Agneta-Thulin-1-768x1172.jpg 768w, https:\/\/nyforetagarcentrum.se\/oresundbackup\/wp-content\/uploads\/sites\/105\/2024\/05\/Agneta-Thulin-1-1007x1536.jpg 1007w, https:\/\/nyforetagarcentrum.se\/oresundbackup\/wp-content\/uploads\/sites\/105\/2024\/05\/Agneta-Thulin-1-708x1080.jpg 708w, https:\/\/nyforetagarcentrum.se\/oresundbackup\/wp-content\/uploads\/sites\/105\/2024\/05\/Agneta-Thulin-1.jpg 1126w\" sizes=\"(max-width: 671px) 100vw, 671px\" \/>            <\/div>\n\n    <div class=\"content-wrapper\">\n        <h3>Agneta Thulin<\/h3>\n\n        \n                    <div class=\"excerpt\">\n                R\u00e5dgivare i K\u00e4vlinge, Diplomerad Coach <br \/>\r\n<br \/>\r\nTelefon: 0705-75 14 81<br \/>\r\nMail: agneta.thulin@nyforetagarcentrum.se                <br\/>\n                            <\/div>\n        \n                    <a href=\"https:\/\/jobsdata-nyforetagarcentrum.se\/ExternBooking?OfficeId=f0838343-ab20-e911-90f7-005056854b61\" class=\"booking-button button outlined\">Boka r\u00e5dgivning<\/a>\n            <\/div>\n<\/div>        <\/div>\n    <\/div>\n<\/section>\n\n\n<div style=\"height:100px\" aria-hidden=\"true\" class=\"wp-block-spacer\"><\/div>\n","protected":false},"excerpt":{"rendered":"","protected":false},"author":1,"featured_media":0,"parent":0,"menu_order":0,"comment_status":"closed","ping_status":"closed","template":"","meta":{"footnotes":""},"acf":[],"yoast_head":"<!-- This site is optimized with the Yoast SEO plugin v22.9 - https:\/\/yoast.com\/wordpress\/plugins\/seo\/ -->\n<title>V\u00e5ra r\u00e5dgivare - \u00d6resund backup<\/title>\n<meta name=\"robots\" content=\"index, follow, max-snippet:-1, max-image-preview:large, max-video-preview:-1\" \/>\n<link rel=\"canonical\" href=\"https:\/\/nyforetagarcentrum.se\/oresundbackup\/vara-radgivare\/\" \/>\n<meta property=\"og:locale\" content=\"sv_SE\" \/>\n<meta property=\"og:type\" content=\"article\" \/>\n<meta property=\"og:title\" content=\"V\u00e5ra r\u00e5dgivare - \u00d6resund backup\" \/>\n<meta property=\"og:url\" content=\"https:\/\/nyforetagarcentrum.se\/oresundbackup\/vara-radgivare\/\" \/>\n<meta property=\"og:site_name\" content=\"\u00d6resund backup\" \/>\n<meta property=\"article:modified_time\" content=\"2024-05-26T11:33:35+00:00\" \/>\n<meta name=\"twitter:card\" content=\"summary_large_image\" \/>\n<script type=\"application\/ld+json\" class=\"yoast-schema-graph\">{\"@context\":\"https:\/\/schema.org\",\"@graph\":[{\"@type\":\"WebPage\",\"@id\":\"https:\/\/nyforetagarcentrum.se\/oresundbackup\/vara-radgivare\/\",\"url\":\"https:\/\/nyforetagarcentrum.se\/oresundbackup\/vara-radgivare\/\",\"name\":\"V\u00e5ra r\u00e5dgivare - \u00d6resund backup\",\"isPartOf\":{\"@id\":\"https:\/\/nyforetagarcentrum.se\/oresundbackup\/#website\"},\"datePublished\":\"2024-02-29T12:59:39+00:00\",\"dateModified\":\"2024-05-26T11:33:35+00:00\",\"breadcrumb\":{\"@id\":\"https:\/\/nyforetagarcentrum.se\/oresundbackup\/vara-radgivare\/#breadcrumb\"},\"inLanguage\":\"sv-SE\",\"potentialAction\":[{\"@type\":\"ReadAction\",\"target\":[\"https:\/\/nyforetagarcentrum.se\/oresundbackup\/vara-radgivare\/\"]}]},{\"@type\":\"BreadcrumbList\",\"@id\":\"https:\/\/nyforetagarcentrum.se\/oresundbackup\/vara-radgivare\/#breadcrumb\",\"itemListElement\":[{\"@type\":\"ListItem\",\"position\":1,\"name\":\"Hem\",\"item\":\"https:\/\/nyforetagarcentrum.se\/oresundbackup\/\"},{\"@type\":\"ListItem\",\"position\":2,\"name\":\"V\u00e5ra r\u00e5dgivare\"}]},{\"@type\":\"WebSite\",\"@id\":\"https:\/\/nyforetagarcentrum.se\/oresundbackup\/#website\",\"url\":\"https:\/\/nyforetagarcentrum.se\/oresundbackup\/\",\"name\":\"\u00d6resund backup\",\"description\":\"Sveriges ledande kraft f\u00f6r fler nya livskraftiga f\u00f6retag\",\"publisher\":{\"@id\":\"https:\/\/nyforetagarcentrum.se\/oresundbackup\/#organization\"},\"potentialAction\":[{\"@type\":\"SearchAction\",\"target\":{\"@type\":\"EntryPoint\",\"urlTemplate\":\"https:\/\/nyforetagarcentrum.se\/oresundbackup\/?s={search_term_string}\"},\"query-input\":\"required name=search_term_string\"}],\"inLanguage\":\"sv-SE\"},{\"@type\":\"Organization\",\"@id\":\"https:\/\/nyforetagarcentrum.se\/oresundbackup\/#organization\",\"name\":\"\u00d6resund backup\",\"url\":\"https:\/\/nyforetagarcentrum.se\/oresundbackup\/\",\"logo\":{\"@type\":\"ImageObject\",\"inLanguage\":\"sv-SE\",\"@id\":\"https:\/\/nyforetagarcentrum.se\/oresundbackup\/#\/schema\/logo\/image\/\",\"url\":\"https:\/\/nyforetagarcentrum.se\/oresundbackup\/wp-content\/uploads\/sites\/105\/2024\/04\/Oresund-1.png\",\"contentUrl\":\"https:\/\/nyforetagarcentrum.se\/oresundbackup\/wp-content\/uploads\/sites\/105\/2024\/04\/Oresund-1.png\",\"width\":1082,\"height\":542,\"caption\":\"\u00d6resund backup \"},\"image\":{\"@id\":\"https:\/\/nyforetagarcentrum.se\/oresundbackup\/#\/schema\/logo\/image\/\"}}]}<\/script>\n<!-- \/ Yoast SEO plugin. -->","yoast_head_json":{"title":"V\u00e5ra r\u00e5dgivare - \u00d6resund backup","robots":{"index":"index","follow":"follow","max-snippet":"max-snippet:-1","max-image-preview":"max-image-preview:large","max-video-preview":"max-video-preview:-1"},"canonical":"https:\/\/nyforetagarcentrum.se\/oresundbackup\/vara-radgivare\/","og_locale":"sv_SE","og_type":"article","og_title":"V\u00e5ra r\u00e5dgivare - \u00d6resund backup","og_url":"https:\/\/nyforetagarcentrum.se\/oresundbackup\/vara-radgivare\/","og_site_name":"\u00d6resund backup","article_modified_time":"2024-05-26T11:33:35+00:00","twitter_card":"summary_large_image","schema":{"@context":"https:\/\/schema.org","@graph":[{"@type":"WebPage","@id":"https:\/\/nyforetagarcentrum.se\/oresundbackup\/vara-radgivare\/","url":"https:\/\/nyforetagarcentrum.se\/oresundbackup\/vara-radgivare\/","name":"V\u00e5ra r\u00e5dgivare - \u00d6resund backup","isPartOf":{"@id":"https:\/\/nyforetagarcentrum.se\/oresundbackup\/#website"},"datePublished":"2024-02-29T12:59:39+00:00","dateModified":"2024-05-26T11:33:35+00:00","breadcrumb":{"@id":"https:\/\/nyforetagarcentrum.se\/oresundbackup\/vara-radgivare\/#breadcrumb"},"inLanguage":"sv-SE","potentialAction":[{"@type":"ReadAction","target":["https:\/\/nyforetagarcentrum.se\/oresundbackup\/vara-radgivare\/"]}]},{"@type":"BreadcrumbList","@id":"https:\/\/nyforetagarcentrum.se\/oresundbackup\/vara-radgivare\/#breadcrumb","itemListElement":[{"@type":"ListItem","position":1,"name":"Hem","item":"https:\/\/nyforetagarcentrum.se\/oresundbackup\/"},{"@type":"ListItem","position":2,"name":"V\u00e5ra r\u00e5dgivare"}]},{"@type":"WebSite","@id":"https:\/\/nyforetagarcentrum.se\/oresundbackup\/#website","url":"https:\/\/nyforetagarcentrum.se\/oresundbackup\/","name":"\u00d6resund backup","description":"Sveriges ledande kraft f\u00f6r fler nya livskraftiga f\u00f6retag","publisher":{"@id":"https:\/\/nyforetagarcentrum.se\/oresundbackup\/#organization"},"potentialAction":[{"@type":"SearchAction","target":{"@type":"EntryPoint","urlTemplate":"https:\/\/nyforetagarcentrum.se\/oresundbackup\/?s={search_term_string}"},"query-input":"required name=search_term_string"}],"inLanguage":"sv-SE"},{"@type":"Organization","@id":"https:\/\/nyforetagarcentrum.se\/oresundbackup\/#organization","name":"\u00d6resund backup","url":"https:\/\/nyforetagarcentrum.se\/oresundbackup\/","logo":{"@type":"ImageObject","inLanguage":"sv-SE","@id":"https:\/\/nyforetagarcentrum.se\/oresundbackup\/#\/schema\/logo\/image\/","url":"https:\/\/nyforetagarcentrum.se\/oresundbackup\/wp-content\/uploads\/sites\/105\/2024\/04\/Oresund-1.png","contentUrl":"https:\/\/nyforetagarcentrum.se\/oresundbackup\/wp-content\/uploads\/sites\/105\/2024\/04\/Oresund-1.png","width":1082,"height":542,"caption":"\u00d6resund backup "},"image":{"@id":"https:\/\/nyforetagarcentrum.se\/oresundbackup\/#\/schema\/logo\/image\/"}}]}},"_links":{"self":[{"href":"https:\/\/nyforetagarcentrum.se\/oresundbackup\/wp-json\/wp\/v2\/pages\/239"}],"collection":[{"href":"https:\/\/nyforetagarcentrum.se\/oresundbackup\/wp-json\/wp\/v2\/pages"}],"about":[{"href":"https:\/\/nyforetagarcentrum.se\/oresundbackup\/wp-json\/wp\/v2\/types\/page"}],"author":[{"embeddable":true,"href":"https:\/\/nyforetagarcentrum.se\/oresundbackup\/wp-json\/wp\/v2\/users\/1"}],"replies":[{"embeddable":true,"href":"https:\/\/nyforetagarcentrum.se\/oresundbackup\/wp-json\/wp\/v2\/comments?post=239"}],"version-history":[{"count":9,"href":"https:\/\/nyforetagarcentrum.se\/oresundbackup\/wp-json\/wp\/v2\/pages\/239\/revisions"}],"predecessor-version":[{"id":789,"href":"https:\/\/nyforetagarcentrum.se\/oresundbackup\/wp-json\/wp\/v2\/pages\/239\/revisions\/789"}],"wp:attachment":[{"href":"https:\/\/nyforetagarcentrum.se\/oresundbackup\/wp-json\/wp\/v2\/media?parent=239"}],"curies":[{"name":"wp","href":"https:\/\/api.w.org\/{rel}","templated":true}]}}