{"id":161,"date":"2024-02-27T16:04:37","date_gmt":"2024-02-27T15:04:37","guid":{"rendered":"https:\/\/nyforetagarcentrum.se\/oresundbackup\/?page_id=161"},"modified":"2024-05-29T11:30:46","modified_gmt":"2024-05-29T09:30:46","slug":"om-oss","status":"publish","type":"page","link":"https:\/\/nyforetagarcentrum.se\/oresundbackup\/om-oss\/","title":{"rendered":"Om oss"},"content":{"rendered":"<section  class=\"nfc-block-hero alignfull\">\n\n    <img loading=\"lazy\" decoding=\"async\" width=\"714\" height=\"622\" src=\"https:\/\/nyforetagarcentrum.se\/oresundbackup\/wp-content\/uploads\/sites\/105\/2024\/02\/ySLeov8m_8.png\" class=\"attachment-landscape size-landscape\" alt=\"\" srcset=\"https:\/\/nyforetagarcentrum.se\/oresundbackup\/wp-content\/uploads\/sites\/105\/2024\/02\/ySLeov8m_8.png 714w, https:\/\/nyforetagarcentrum.se\/oresundbackup\/wp-content\/uploads\/sites\/105\/2024\/02\/ySLeov8m_8-300x261.png 300w\" sizes=\"(max-width: 714px) 100vw, 714px\" \/>\n    <div class=\"contained\">\n        <h1 class=\"nfc-block-hero__heading\">Om oss<\/h1>\n\n            <\/div>\n<\/section>\n\n\n<div style=\"height:50px\" aria-hidden=\"true\" class=\"wp-block-spacer\"><\/div>\n\n\n<section  class=\"nfc-block-breadcrumbs\">\n    <div class=\"wrapper contained\">\n        <ol class=\"breadcrumbs\" itemscope itemtype=\"https:\/\/schema.org\/BreadcrumbList\">\n            <li itemprop=\"itemListElement\" itemscope itemtype=\"https:\/\/schema.org\/ListItem\">\n            \n\n                            <span class=\"current\" itemprop=\"name\">Hem<\/span>\n            \n            <meta itemprop=\"position\" content=\"1\" \/>\n        <\/li>\n    <\/ol>    <\/div>\n<\/section>\n\n\n<div style=\"height:51px\" aria-hidden=\"true\" class=\"wp-block-spacer\"><\/div>\n\n\n<section  class=\"nfc-block-split_screen alignwide image_alignment-left\">\n    <div class=\"wrapper\">\n        <div class=\"nfc-block-split_screen__image-wrapper\">\n            <img loading=\"lazy\" decoding=\"async\" width=\"1469\" height=\"981\" src=\"https:\/\/nyforetagarcentrum.se\/oresundbackup\/wp-content\/uploads\/sites\/105\/2024\/02\/4083b98ac6a43f162142a286decbc08f.png\" class=\"attachment-landscape size-landscape\" alt=\"\" srcset=\"https:\/\/nyforetagarcentrum.se\/oresundbackup\/wp-content\/uploads\/sites\/105\/2024\/02\/4083b98ac6a43f162142a286decbc08f.png 1469w, https:\/\/nyforetagarcentrum.se\/oresundbackup\/wp-content\/uploads\/sites\/105\/2024\/02\/4083b98ac6a43f162142a286decbc08f-300x200.png 300w, https:\/\/nyforetagarcentrum.se\/oresundbackup\/wp-content\/uploads\/sites\/105\/2024\/02\/4083b98ac6a43f162142a286decbc08f-1024x684.png 1024w, https:\/\/nyforetagarcentrum.se\/oresundbackup\/wp-content\/uploads\/sites\/105\/2024\/02\/4083b98ac6a43f162142a286decbc08f-768x513.png 768w\" sizes=\"(max-width: 1469px) 100vw, 1469px\" \/>        <\/div>\n\n        <div class=\"nfc-block-split_screen__content-wrapper\">\n            <h2>V\u00e5r verksamhet<\/h2>\n<p>Funderar du p\u00e5 att starta f\u00f6retag eller precis har startat eget? V\u00e4lkommen p\u00e5 kostnadsfri, konfidentiell och objektiv r\u00e5dgivning! Vi har ocks\u00e5 m\u00e5nga andra aktiviteter f\u00f6r dig som \u00e4r nyf\u00f6retagare. Samtliga r\u00e5dgivare p\u00e5 Nyf\u00f6retagarCentrum \u00d6resund driver sj\u00e4lva f\u00f6retag och finns h\u00e4r som st\u00f6d f\u00f6r dig och ditt f\u00f6retag &#8211; varje vecka \u00e5ret runt. Vi finns med lokalt bosatta och verksamma r\u00e5dgivare i Malm\u00f6, Burl\u00f6v, H\u00f6rby, H\u00f6\u00f6r, K\u00e4vlinge, Lomma, Sj\u00f6bo, Skurup, Staffanstorp, Svedala, Trelleborg och Vellinge.<\/p>\n<p>Nyf\u00f6retagarCentrum \u00d6resund har sedan starten i maj \u00e5r 2011 genom sin r\u00e5dgivning bidragit till 4 750 nys livskraftiga f\u00f6retag. V\u00e4lkommen att boka kostnadsfri r\u00e5dgivning med oss, s\u00e5 m\u00e5nga g\u00e5nger du beh\u00f6ver f\u00f6r att tryggt komma ig\u00e5ng. Genom r\u00e5dgivaren kan du ocks\u00e5 f\u00e5 en kostnadsfri timme hos en rad samarbetspartners &#8211; allt fr\u00e5n redovisning och juridik till e-handel och logistik f\u00f6r att n\u00e4mna n\u00e5gra exempel.<\/p>\n<p>&nbsp;<\/p>\n\n                            <div class=\"nfc-block-split_screen__buttons\">\n                                            <a href=\"vara-samarbetspartners\/\" class=\"button outlined\">V\u00e5ra samarbetspartners<\/a>\n                                    <\/div>\n            \n        <\/div>\n    <\/div>\n<\/section>\n\n\n<div style=\"height:50px\" aria-hidden=\"true\" class=\"wp-block-spacer\"><\/div>\n\n\n\n<div class=\"wp-block-group alignfull has-white-background-color has-background is-layout-constrained wp-block-group-is-layout-constrained\">\n<div style=\"height:51px\" aria-hidden=\"true\" class=\"wp-block-spacer\"><\/div>\n\n\n<section  class=\"nfc-block-quote contained alignfull\">\n    <div class=\"wrapper contained\">\n        <p class=\"quote h2\">&#8221;Av de nya f\u00f6retagen som startats genom Nyf\u00f6retagarCentrum finns 84 % av f\u00f6retagen kvar efter 3 \u00e5r. Vi \u00e4r unika \u2013 ingen annan akt\u00f6r kan p\u00e5visa samma goda resultat \u00e5r efter \u00e5r i 38 \u00e5r. Tillsammans skapar vi lokal tillv\u00e4xt!&#8221;<\/p>\n        <div class=\"author\">\n            <div class=\"avatar\">\n                <img loading=\"lazy\" decoding=\"async\" width=\"150\" height=\"150\" src=\"https:\/\/nyforetagarcentrum.se\/oresundbackup\/wp-content\/uploads\/sites\/105\/2024\/02\/cropped-NFC_CMYK_2010_logo-150x150.png\" class=\"attachment-thumbnail size-thumbnail\" alt=\"\" srcset=\"https:\/\/nyforetagarcentrum.se\/oresundbackup\/wp-content\/uploads\/sites\/105\/2024\/02\/cropped-NFC_CMYK_2010_logo-150x150.png 150w, https:\/\/nyforetagarcentrum.se\/oresundbackup\/wp-content\/uploads\/sites\/105\/2024\/02\/cropped-NFC_CMYK_2010_logo-300x300.png 300w, https:\/\/nyforetagarcentrum.se\/oresundbackup\/wp-content\/uploads\/sites\/105\/2024\/02\/cropped-NFC_CMYK_2010_logo.png 512w\" sizes=\"(max-width: 150px) 100vw, 150px\" \/>            <\/div>\n            <div class=\"text\">\n                <p class=\"name\">Anne Marbrandt<\/p>\n                <p class=\"subtitle\">Grundare och VD<\/p>\n            <\/div>\n        <\/div>\n    <\/div>\n<\/section>\n\n\n<div style=\"height:51px\" aria-hidden=\"true\" class=\"wp-block-spacer\"><\/div>\n\n\n\n<div class=\"wp-block-columns alignwide is-layout-flex wp-container-core-columns-is-layout-1 wp-block-columns-is-layout-flex\">\n<div class=\"wp-block-column is-layout-flow wp-block-column-is-layout-flow\">\n<p class=\"no-margin\" style=\"font-size:100px;font-style:normal;font-weight:700\">84%<\/p>\n\n\n\n<p class=\"has-text-color has-link-color wp-elements-81e736f5a76af512f6d528aa3e5a205b\" style=\"color:#4d4d4d\">Av de f\u00f6retag vi hj\u00e4lper s\u00e5 \u00e4r 84% kvar efter 3 \u00e5r<\/p>\n<\/div>\n\n\n\n<div class=\"wp-block-column is-layout-flow wp-block-column-is-layout-flow\">\n<p class=\"no-margin\" style=\"font-size:100px;font-style:normal;font-weight:700\">407<\/p>\n\n\n\n<p class=\"has-text-color has-link-color wp-elements-858ad2963afd2d48a2b60025d888b88f\" style=\"color:#4d4d4d\">F\u00f6rra \u00e5ret startades 407 st f\u00f6retag genom Nyf\u00f6retagarCentrum \u00d6resund<\/p>\n<\/div>\n\n\n\n<div class=\"wp-block-column is-layout-flow wp-block-column-is-layout-flow\">\n<p class=\"no-margin\" style=\"font-size:100px;font-style:normal;font-weight:700\">4 750<\/p>\n\n\n\n<p class=\"has-text-color has-link-color wp-elements-5ada22fabf1dca7f64c8ee7f27cb4cd4\" style=\"color:#4d4d4d\">Sedan starten 2011 har Nyf\u00f6retagarCentrum \u00d6resund genom sin r\u00e5dgivning bidragit till 4 750 livskraftiga f\u00f6retag <\/p>\n<\/div>\n<\/div>\n\n\n\n<div style=\"height:51px\" aria-hidden=\"true\" class=\"wp-block-spacer\"><\/div>\n\n\n\n<div class=\"wp-block-buttons alignwide is-layout-flex wp-block-buttons-is-layout-flex\">\n<div class=\"wp-block-button is-style-outline\"><a class=\"wp-block-button__link wp-element-button\">V\u00e5ra resultat<\/a><\/div>\n<\/div>\n\n\n\n<div style=\"height:51px\" aria-hidden=\"true\" class=\"wp-block-spacer\"><\/div>\n<\/div>\n\n\n\n<div style=\"height:50px\" aria-hidden=\"true\" class=\"wp-block-spacer\"><\/div>\n\n\n\n<h2 class=\"wp-block-heading has-text-align-center\">\u00c4r ditt f\u00f6retag eller organisation intresserad av att st\u00f6da Nyf\u00f6retagarCentrum \u00d6resunds arbete?<\/h2>\n\n\n\n<div class=\"wp-block-group alignfull is-layout-constrained wp-block-group-is-layout-constrained\"><section  class=\"nfc-block-form aligncontent layout-small\">\n    <div class=\"contained\">\n\n        <form data-nfc-form=\"block_84f086999862d30ded06df3d68353f27\" data-nfc-page=\"161\">\n            <label class=\"input-wrapper\" for=\"namn\">\n    <span>Namn<\/span>\n    <input type=\"text\" name=\"namn\" id=\"namn\" placeholder=\"\" >\n<\/label><label class=\"input-wrapper\" for=\"foretag-eller-organisation\">\n    <span>F\u00f6retag eller organisation<\/span>\n    <input type=\"text\" name=\"foretag-eller-organisation\" id=\"foretag-eller-organisation\" placeholder=\"\" >\n<\/label><label class=\"input-wrapper\" for=\"e-post\">\n    <span>E-post<\/span>\n    <input type=\"text\" name=\"e-post\" id=\"e-post\" placeholder=\"\" >\n<\/label>\n            <div class=\"input-wrapper\">\n                <button type=\"submit\" class=\"button\">Skicka<\/button>\n            <\/div>\n        <\/form>\n    <\/div>\n<\/section><\/div>\n\n\n\n<div style=\"height:100px\" aria-hidden=\"true\" class=\"wp-block-spacer\"><\/div>\n","protected":false},"excerpt":{"rendered":"<p>84% Av de f\u00f6retag vi hj\u00e4lper s\u00e5 \u00e4r 84% kvar efter 3 \u00e5r 407 F\u00f6rra \u00e5ret startades 407 st f\u00f6retag genom Nyf\u00f6retagarCentrum \u00d6resund 4 750 Sedan starten 2011 har Nyf\u00f6retagarCentrum \u00d6resund genom sin r\u00e5dgivning bidragit till 4 750 livskraftiga f\u00f6retag \u00c4r ditt f\u00f6retag eller organisation intresserad av att st\u00f6da Nyf\u00f6retagarCentrum \u00d6resunds arbete?<\/p>\n","protected":false},"author":1,"featured_media":0,"parent":0,"menu_order":0,"comment_status":"closed","ping_status":"closed","template":"","meta":{"footnotes":""},"acf":[],"yoast_head":"<!-- This site is optimized with the Yoast SEO plugin v22.9 - https:\/\/yoast.com\/wordpress\/plugins\/seo\/ -->\n<title>Om oss - \u00d6resund backup<\/title>\n<meta name=\"robots\" content=\"index, follow, max-snippet:-1, max-image-preview:large, max-video-preview:-1\" \/>\n<link rel=\"canonical\" href=\"https:\/\/nyforetagarcentrum.se\/oresundbackup\/om-oss\/\" \/>\n<meta property=\"og:locale\" content=\"sv_SE\" \/>\n<meta property=\"og:type\" content=\"article\" \/>\n<meta property=\"og:title\" content=\"Om oss - \u00d6resund backup\" \/>\n<meta property=\"og:description\" content=\"84% Av de f\u00f6retag vi hj\u00e4lper s\u00e5 \u00e4r 84% kvar efter 3 \u00e5r 407 F\u00f6rra \u00e5ret startades 407 st f\u00f6retag genom Nyf\u00f6retagarCentrum \u00d6resund 4 750 Sedan starten 2011 har Nyf\u00f6retagarCentrum \u00d6resund genom sin r\u00e5dgivning bidragit till 4 750 livskraftiga f\u00f6retag \u00c4r ditt f\u00f6retag eller organisation intresserad av att st\u00f6da Nyf\u00f6retagarCentrum \u00d6resunds arbete?\" \/>\n<meta property=\"og:url\" content=\"https:\/\/nyforetagarcentrum.se\/oresundbackup\/om-oss\/\" \/>\n<meta property=\"og:site_name\" content=\"\u00d6resund backup\" \/>\n<meta property=\"article:modified_time\" content=\"2024-05-29T09:30:46+00:00\" \/>\n<meta name=\"twitter:card\" content=\"summary_large_image\" \/>\n<script type=\"application\/ld+json\" class=\"yoast-schema-graph\">{\"@context\":\"https:\/\/schema.org\",\"@graph\":[{\"@type\":\"WebPage\",\"@id\":\"https:\/\/nyforetagarcentrum.se\/oresundbackup\/om-oss\/\",\"url\":\"https:\/\/nyforetagarcentrum.se\/oresundbackup\/om-oss\/\",\"name\":\"Om oss - \u00d6resund backup\",\"isPartOf\":{\"@id\":\"https:\/\/nyforetagarcentrum.se\/oresundbackup\/#website\"},\"datePublished\":\"2024-02-27T15:04:37+00:00\",\"dateModified\":\"2024-05-29T09:30:46+00:00\",\"breadcrumb\":{\"@id\":\"https:\/\/nyforetagarcentrum.se\/oresundbackup\/om-oss\/#breadcrumb\"},\"inLanguage\":\"sv-SE\",\"potentialAction\":[{\"@type\":\"ReadAction\",\"target\":[\"https:\/\/nyforetagarcentrum.se\/oresundbackup\/om-oss\/\"]}]},{\"@type\":\"BreadcrumbList\",\"@id\":\"https:\/\/nyforetagarcentrum.se\/oresundbackup\/om-oss\/#breadcrumb\",\"itemListElement\":[{\"@type\":\"ListItem\",\"position\":1,\"name\":\"Hem\",\"item\":\"https:\/\/nyforetagarcentrum.se\/oresundbackup\/\"},{\"@type\":\"ListItem\",\"position\":2,\"name\":\"Om oss\"}]},{\"@type\":\"WebSite\",\"@id\":\"https:\/\/nyforetagarcentrum.se\/oresundbackup\/#website\",\"url\":\"https:\/\/nyforetagarcentrum.se\/oresundbackup\/\",\"name\":\"\u00d6resund backup\",\"description\":\"Sveriges ledande kraft f\u00f6r fler nya livskraftiga f\u00f6retag\",\"publisher\":{\"@id\":\"https:\/\/nyforetagarcentrum.se\/oresundbackup\/#organization\"},\"potentialAction\":[{\"@type\":\"SearchAction\",\"target\":{\"@type\":\"EntryPoint\",\"urlTemplate\":\"https:\/\/nyforetagarcentrum.se\/oresundbackup\/?s={search_term_string}\"},\"query-input\":\"required name=search_term_string\"}],\"inLanguage\":\"sv-SE\"},{\"@type\":\"Organization\",\"@id\":\"https:\/\/nyforetagarcentrum.se\/oresundbackup\/#organization\",\"name\":\"\u00d6resund backup\",\"url\":\"https:\/\/nyforetagarcentrum.se\/oresundbackup\/\",\"logo\":{\"@type\":\"ImageObject\",\"inLanguage\":\"sv-SE\",\"@id\":\"https:\/\/nyforetagarcentrum.se\/oresundbackup\/#\/schema\/logo\/image\/\",\"url\":\"https:\/\/nyforetagarcentrum.se\/oresundbackup\/wp-content\/uploads\/sites\/105\/2024\/04\/Oresund-1.png\",\"contentUrl\":\"https:\/\/nyforetagarcentrum.se\/oresundbackup\/wp-content\/uploads\/sites\/105\/2024\/04\/Oresund-1.png\",\"width\":1082,\"height\":542,\"caption\":\"\u00d6resund backup \"},\"image\":{\"@id\":\"https:\/\/nyforetagarcentrum.se\/oresundbackup\/#\/schema\/logo\/image\/\"}}]}<\/script>\n<!-- \/ Yoast SEO plugin. -->","yoast_head_json":{"title":"Om oss - \u00d6resund backup","robots":{"index":"index","follow":"follow","max-snippet":"max-snippet:-1","max-image-preview":"max-image-preview:large","max-video-preview":"max-video-preview:-1"},"canonical":"https:\/\/nyforetagarcentrum.se\/oresundbackup\/om-oss\/","og_locale":"sv_SE","og_type":"article","og_title":"Om oss - \u00d6resund backup","og_description":"84% Av de f\u00f6retag vi hj\u00e4lper s\u00e5 \u00e4r 84% kvar efter 3 \u00e5r 407 F\u00f6rra \u00e5ret startades 407 st f\u00f6retag genom Nyf\u00f6retagarCentrum \u00d6resund 4 750 Sedan starten 2011 har Nyf\u00f6retagarCentrum \u00d6resund genom sin r\u00e5dgivning bidragit till 4 750 livskraftiga f\u00f6retag \u00c4r ditt f\u00f6retag eller organisation intresserad av att st\u00f6da Nyf\u00f6retagarCentrum \u00d6resunds arbete?","og_url":"https:\/\/nyforetagarcentrum.se\/oresundbackup\/om-oss\/","og_site_name":"\u00d6resund backup","article_modified_time":"2024-05-29T09:30:46+00:00","twitter_card":"summary_large_image","schema":{"@context":"https:\/\/schema.org","@graph":[{"@type":"WebPage","@id":"https:\/\/nyforetagarcentrum.se\/oresundbackup\/om-oss\/","url":"https:\/\/nyforetagarcentrum.se\/oresundbackup\/om-oss\/","name":"Om oss - \u00d6resund backup","isPartOf":{"@id":"https:\/\/nyforetagarcentrum.se\/oresundbackup\/#website"},"datePublished":"2024-02-27T15:04:37+00:00","dateModified":"2024-05-29T09:30:46+00:00","breadcrumb":{"@id":"https:\/\/nyforetagarcentrum.se\/oresundbackup\/om-oss\/#breadcrumb"},"inLanguage":"sv-SE","potentialAction":[{"@type":"ReadAction","target":["https:\/\/nyforetagarcentrum.se\/oresundbackup\/om-oss\/"]}]},{"@type":"BreadcrumbList","@id":"https:\/\/nyforetagarcentrum.se\/oresundbackup\/om-oss\/#breadcrumb","itemListElement":[{"@type":"ListItem","position":1,"name":"Hem","item":"https:\/\/nyforetagarcentrum.se\/oresundbackup\/"},{"@type":"ListItem","position":2,"name":"Om oss"}]},{"@type":"WebSite","@id":"https:\/\/nyforetagarcentrum.se\/oresundbackup\/#website","url":"https:\/\/nyforetagarcentrum.se\/oresundbackup\/","name":"\u00d6resund backup","description":"Sveriges ledande kraft f\u00f6r fler nya livskraftiga f\u00f6retag","publisher":{"@id":"https:\/\/nyforetagarcentrum.se\/oresundbackup\/#organization"},"potentialAction":[{"@type":"SearchAction","target":{"@type":"EntryPoint","urlTemplate":"https:\/\/nyforetagarcentrum.se\/oresundbackup\/?s={search_term_string}"},"query-input":"required name=search_term_string"}],"inLanguage":"sv-SE"},{"@type":"Organization","@id":"https:\/\/nyforetagarcentrum.se\/oresundbackup\/#organization","name":"\u00d6resund backup","url":"https:\/\/nyforetagarcentrum.se\/oresundbackup\/","logo":{"@type":"ImageObject","inLanguage":"sv-SE","@id":"https:\/\/nyforetagarcentrum.se\/oresundbackup\/#\/schema\/logo\/image\/","url":"https:\/\/nyforetagarcentrum.se\/oresundbackup\/wp-content\/uploads\/sites\/105\/2024\/04\/Oresund-1.png","contentUrl":"https:\/\/nyforetagarcentrum.se\/oresundbackup\/wp-content\/uploads\/sites\/105\/2024\/04\/Oresund-1.png","width":1082,"height":542,"caption":"\u00d6resund backup "},"image":{"@id":"https:\/\/nyforetagarcentrum.se\/oresundbackup\/#\/schema\/logo\/image\/"}}]}},"_links":{"self":[{"href":"https:\/\/nyforetagarcentrum.se\/oresundbackup\/wp-json\/wp\/v2\/pages\/161"}],"collection":[{"href":"https:\/\/nyforetagarcentrum.se\/oresundbackup\/wp-json\/wp\/v2\/pages"}],"about":[{"href":"https:\/\/nyforetagarcentrum.se\/oresundbackup\/wp-json\/wp\/v2\/types\/page"}],"author":[{"embeddable":true,"href":"https:\/\/nyforetagarcentrum.se\/oresundbackup\/wp-json\/wp\/v2\/users\/1"}],"replies":[{"embeddable":true,"href":"https:\/\/nyforetagarcentrum.se\/oresundbackup\/wp-json\/wp\/v2\/comments?post=161"}],"version-history":[{"count":19,"href":"https:\/\/nyforetagarcentrum.se\/oresundbackup\/wp-json\/wp\/v2\/pages\/161\/revisions"}],"predecessor-version":[{"id":511,"href":"https:\/\/nyforetagarcentrum.se\/oresundbackup\/wp-json\/wp\/v2\/pages\/161\/revisions\/511"}],"wp:attachment":[{"href":"https:\/\/nyforetagarcentrum.se\/oresundbackup\/wp-json\/wp\/v2\/media?parent=161"}],"curies":[{"name":"wp","href":"https:\/\/api.w.org\/{rel}","templated":true}]}}