{"id":128,"date":"2024-02-22T11:27:10","date_gmt":"2024-02-22T10:27:10","guid":{"rendered":"https:\/\/nyforetagarcentrum.se\/oresundbackup\/?page_id=128"},"modified":"2024-06-27T19:33:28","modified_gmt":"2024-06-27T17:33:28","slug":"mentor","status":"publish","type":"page","link":"https:\/\/nyforetagarcentrum.se\/oresundbackup\/mentor\/","title":{"rendered":"Mentor"},"content":{"rendered":"<section  class=\"nfc-block-breadcrumbs alignwide\">\n    <div class=\"wrapper contained\">\n        <ol class=\"breadcrumbs\" itemscope itemtype=\"https:\/\/schema.org\/BreadcrumbList\">\n            <li itemprop=\"itemListElement\" itemscope itemtype=\"https:\/\/schema.org\/ListItem\">\n            \n\n                            <span class=\"current\" itemprop=\"name\">Hem<\/span>\n            \n            <meta itemprop=\"position\" content=\"1\" \/>\n        <\/li>\n    <\/ol>    <\/div>\n<\/section>\n\n\n<div style=\"height:var(--wp--preset--spacing--50)\" aria-hidden=\"true\" class=\"wp-block-spacer\"><\/div>\n\n\n<section  class=\"nfc-block-split_screen alignwide image_alignment-left\">\n    <div class=\"wrapper\">\n        <div class=\"nfc-block-split_screen__image-wrapper\">\n            <img loading=\"lazy\" decoding=\"async\" width=\"1470\" height=\"980\" src=\"https:\/\/nyforetagarcentrum.se\/oresundbackup\/wp-content\/uploads\/sites\/105\/2024\/02\/ff0c142f817a811d1f53e3e824c71240.png\" class=\"attachment-landscape size-landscape\" alt=\"\" srcset=\"https:\/\/nyforetagarcentrum.se\/oresundbackup\/wp-content\/uploads\/sites\/105\/2024\/02\/ff0c142f817a811d1f53e3e824c71240.png 1470w, https:\/\/nyforetagarcentrum.se\/oresundbackup\/wp-content\/uploads\/sites\/105\/2024\/02\/ff0c142f817a811d1f53e3e824c71240-300x200.png 300w, https:\/\/nyforetagarcentrum.se\/oresundbackup\/wp-content\/uploads\/sites\/105\/2024\/02\/ff0c142f817a811d1f53e3e824c71240-1024x683.png 1024w, https:\/\/nyforetagarcentrum.se\/oresundbackup\/wp-content\/uploads\/sites\/105\/2024\/02\/ff0c142f817a811d1f53e3e824c71240-768x512.png 768w\" sizes=\"(max-width: 1470px) 100vw, 1470px\" \/>        <\/div>\n\n        <div class=\"nfc-block-split_screen__content-wrapper\">\n            <h1>\u00c4r du intresserad av att delta i v\u00e5rt mentorsprogram?<\/h1>\n<div>\n<p>Livet som ny f\u00f6retagare \u00e4r inte l\u00e4tt, det \u00e4r m\u00e5nga utmaningar och problem man st\u00e4lls inf\u00f6r. Med\u00a0<b>st\u00f6d och support<\/b>\u00a0av en mentor, en\u00a0<b>oberoende och erfaren<\/b>\u00a0f\u00f6retagare, underl\u00e4ttas starten enormt.<\/p>\n<p>Nyf\u00f6retagarCentrums mentorer arbetar\u00a0<b>ideellt<\/b>\u00a0och erbjuder adepterna sina\u00a0<b>erfarenheter och kunskaper<\/b>\u00a0likv\u00e4l som sina\u00a0<b>n\u00e4tverk<\/b>. Under 12 m\u00e5nader har man m\u00f6jlighet att\u00a0<b>kostnadsfritt<\/b>\u00a0f\u00e5: n\u00e5gon att\u00a0<b>bolla med<\/b>\u00a0och utmana id\u00e9er, hj\u00e4lpen att hitta de l\u00e4mpligaste l\u00f6sningarna och komma till beslut, utveckling av\u00a0<b>kommunikation<\/b>\u00a0och\u00a0<b>n\u00e4tverkande\u00a0<\/b>men framf\u00f6r allt\u2026. n\u00e5gon som utan baktankar <b>st\u00f6ttar, motiverar<\/b>\u00a0och hj\u00e4lper till att\u00a0<b>h\u00e5lla fokus<\/b>\u00a0fram\u00e5t.<\/p>\n<\/div>\n\n                            <div class=\"nfc-block-split_screen__buttons\">\n                                            <a href=\"https:\/\/cyberaccess.se\/nyforetagarcentrum_oresund\/mentor2025\/adept.php\" class=\"button primary\">L\u00e4s mer och anm\u00e4l dig h\u00e4r<\/a>\n                                    <\/div>\n            \n        <\/div>\n    <\/div>\n<\/section>\n\n\n<div style=\"height:54px\" aria-hidden=\"true\" class=\"wp-block-spacer\"><\/div>\n\n\n\n<div class=\"wp-block-group alignfull has-background is-layout-constrained wp-block-group-is-layout-constrained\" style=\"background-color:#f2e1d7\">\n<div style=\"height:200px\" aria-hidden=\"true\" class=\"wp-block-spacer\"><\/div>\n\n\n\n<h2 class=\"wp-block-heading has-text-align-center has-large-font-size\">Delta i Nyf\u00f6retagarCentrum \u00d6resund lokala mentorprogram<\/h2>\n\n\n\n<p class=\"has-text-align-center\">Nyf\u00f6retagarCentrum \u00d6resund deltar \u00e5ter igen som lokal arrang\u00f6r i Nyf\u00f6retagarCentrum Sveriges popul\u00e4ra Mentorprogram. Mentorprogrammet drivs av Nyf\u00f6retagarCentrum Sverige p\u00e5 uppdrag av Tillv\u00e4xtverket. Programmet inneb\u00e4r att du som nyf\u00f6retagare kostnadsfritt f\u00e5r tillg\u00e5ng till en mentor, vilken bidrar med sina erfarenheter och sitt n\u00e4tverk p\u00e5 ideell basis under ett \u00e5r. Vi erbjuder ocks\u00e5 sex gemensamma tr\u00e4ffar f\u00f6r fortbildning inom aktuella \u00e4mnen, erfarenhetsutbyte och n\u00e4tverkande. P\u00e5 s\u00e5 s\u00e4tt f\u00e5r du en b\u00e4ttre f\u00f6retagsstart och m\u00f6jlighet till l\u00f6nsamhet och framg\u00e5ng.<\/p>\n\n\n\n<p class=\"has-text-align-center\">Den del av framg\u00e5ngskonceptet i Nyf\u00f6retagarCentrum \u00d6resunds mentorprogram \u00e4r v\u00e5rt samarbete med v\u00e4rldens st\u00f6rsta yrkesn\u00e4tverk &#8211; Rotary. Flera av v\u00e5ra r\u00e5dgivare \u00e4r aktiva medlemmar i Rotary sedan m\u00e5nga \u00e5r tillbaka, och genom dessa \u00f6ppnas nu d\u00f6rrarna till Rotarys unika n\u00e4tverk. Vi har etablerat ett samarbete mellan Nyf\u00f6retagarCentrum \u00d6resund och Rotary Distrikt 2390 som g\u00f6r det m\u00f6jligt f\u00f6r dig att b\u00e5de f\u00e5 en mentor i en klubb n\u00e4ra dig och att ta del av Rotarys fantastiska n\u00e4tverk.<\/p>\n\n\n\n<p class=\"has-text-align-center\"><br>Programmet \u00e4r kostnadsfritt, precis som v\u00e5r r\u00e5dgivning, och syftet \u00e4r att du ska bli \u00e4nnu starkare och tryggare i din roll som f\u00f6retagare. D\u00e5 antalet mentorpar \u00e4r begr\u00e4nsat kan alla som vill tyv\u00e4rr inte f\u00e5 en egen mentor, men vi g\u00f6r allt vi kan f\u00f6r att matcha dig som anm\u00e4ler dig.<\/p>\n\n\n\n<p class=\"has-text-align-center\"><br>V\u00e5rt mentorprogram v\u00e4nder sig till nyf\u00f6retagare i n\u00e5gon av kommunerna Burl\u00f6v, H\u00f6rby, H\u00f6\u00f6r, K\u00e4vlinge, Lomma, Malm\u00f6, Sj\u00f6bo, Skurup, Svedala, Staffanstorp, Trelleborg och Vellinge.<\/p>\n\n\n\n<div class=\"wp-block-buttons is-content-justification-center is-layout-flex wp-container-core-buttons-is-layout-1 wp-block-buttons-is-layout-flex\">\n<div class=\"wp-block-button\"><a class=\"wp-block-button__link wp-element-button\" href=\"https:\/\/cyberaccess.se\/nyforetagarcentrum_oresund\/mentor2025\/adept.php\">L\u00e4s mer och anm\u00e4l dig h\u00e4r<\/a><\/div>\n<\/div>\n\n\n\n<div style=\"height:200px\" aria-hidden=\"true\" class=\"wp-block-spacer\"><\/div>\n<\/div>\n\n\n\n<div style=\"height:100px\" aria-hidden=\"true\" class=\"wp-block-spacer\"><\/div>\n\n\n<section  class=\"nfc-block-featured_cards alignwide\">\n    <div class=\"wrapper contained\">\n                    <a href='https:\/\/nyforetagarcentrum.se\/oresundbackup\/success-stories\/ensam-ar-inte-stark\/' class=\"featured-card\">\n                <div class=\"featured-card__image\">\n                                            <img loading=\"lazy\" decoding=\"async\" width=\"960\" height=\"640\" src=\"https:\/\/nyforetagarcentrum.se\/oresundbackup\/wp-content\/uploads\/sites\/105\/2024\/06\/Kalle-Rosenskold.jpeg\" class=\"attachment-landscape size-landscape\" alt=\"Kalle Rosensko\u0308ld\" srcset=\"https:\/\/nyforetagarcentrum.se\/oresundbackup\/wp-content\/uploads\/sites\/105\/2024\/06\/Kalle-Rosenskold.jpeg 960w, https:\/\/nyforetagarcentrum.se\/oresundbackup\/wp-content\/uploads\/sites\/105\/2024\/06\/Kalle-Rosenskold-300x200.jpeg 300w, https:\/\/nyforetagarcentrum.se\/oresundbackup\/wp-content\/uploads\/sites\/105\/2024\/06\/Kalle-Rosenskold-768x512.jpeg 768w\" sizes=\"(max-width: 960px) 100vw, 960px\" \/>                                    \n                <\/div>\n                <div class=\"featured-card__content\">\n                                            <div class=\"tag\">Mentorprogrammet<\/div>\n                                        \n                    <h2 class=\"title\">Mentorprogrammet hj\u00e4lper egenf\u00f6retagare att lyckas<\/h2>\n\n                                            <div class=\"description\">N\u00e4r jag startade mitt egna f\u00f6retag Attramera s\u00e5 visste jag att det skulle bli utmanande. Jag visste \u00e4ven att ensam inte \u00e4r stark och att jag skulle beh\u00f6va omge mig av experter, f\u00e5 st\u00f6d av en mentor och inspireras av andra egenf\u00f6retagare f\u00f6r att lyckas. Allt detta fick jag som adept p\u00e5 Nyf\u00f6retagarcentrum \u00d6resund, det gav mig verkligen en kanonstart. \u00c5ret efter blev jag sj\u00e4lv mentor och fick chansen att inspirera och ge tillbaks till n\u00e4sta f\u00f6retagare. Jag rekommenderar verkligen Nyf\u00f6retagarcentrum.<\/div>\n                    \n                                            <div class=\"link-row\">\n                            L\u00e4s mer                            <div class=\"icon icon-external\"><\/div>\n                    <\/div>\n                                    <\/div>\n            <\/a>\n                    <a href='https:\/\/nyforetagarcentrum.se\/oresundbackup\/success-stories\/kikki-sandberg-berattarsaga\/' class=\"featured-card\">\n                <div class=\"featured-card__image\">\n                                            <img loading=\"lazy\" decoding=\"async\" width=\"810\" height=\"1080\" src=\"https:\/\/nyforetagarcentrum.se\/oresundbackup\/wp-content\/uploads\/sites\/105\/2024\/05\/Kicki-Sandberg-810x1080.jpeg\" class=\"attachment-landscape size-landscape\" alt=\"Kicki Sandberg\" srcset=\"https:\/\/nyforetagarcentrum.se\/oresundbackup\/wp-content\/uploads\/sites\/105\/2024\/05\/Kicki-Sandberg-810x1080.jpeg 810w, https:\/\/nyforetagarcentrum.se\/oresundbackup\/wp-content\/uploads\/sites\/105\/2024\/05\/Kicki-Sandberg-225x300.jpeg 225w, https:\/\/nyforetagarcentrum.se\/oresundbackup\/wp-content\/uploads\/sites\/105\/2024\/05\/Kicki-Sandberg-768x1024.jpeg 768w, https:\/\/nyforetagarcentrum.se\/oresundbackup\/wp-content\/uploads\/sites\/105\/2024\/05\/Kicki-Sandberg-1152x1536.jpeg 1152w, https:\/\/nyforetagarcentrum.se\/oresundbackup\/wp-content\/uploads\/sites\/105\/2024\/05\/Kicki-Sandberg-1536x2048.jpeg 1536w, https:\/\/nyforetagarcentrum.se\/oresundbackup\/wp-content\/uploads\/sites\/105\/2024\/05\/Kicki-Sandberg.jpeg 1920w\" sizes=\"(max-width: 810px) 100vw, 810px\" \/>                                    \n                <\/div>\n                <div class=\"featured-card__content\">\n                                            <div class=\"tag\">Mentorprogrammet<\/div>\n                                        \n                    <h2 class=\"title\">Mentorprogrammet &#8211; ett s\u00e4tt att bolla id\u00e9er<\/h2>\n\n                    \n                                            <div class=\"link-row\">\n                            L\u00e4s mer                            <div class=\"icon icon-external\"><\/div>\n                    <\/div>\n                                    <\/div>\n            <\/a>\n                    <a href='https:\/\/nyforetagarcentrum.se\/oresundbackup\/success-stories\/mentorrollen-ar-valdigt-inspirerande\/' class=\"featured-card\">\n                <div class=\"featured-card__image\">\n                                            <img loading=\"lazy\" decoding=\"async\" width=\"152\" height=\"186\" src=\"https:\/\/nyforetagarcentrum.se\/oresundbackup\/wp-content\/uploads\/sites\/105\/2024\/06\/Skarmavbild-2024-06-27-kl.-18.18.51.png\" class=\"attachment-landscape size-landscape\" alt=\"Pontus Widlund\" \/>                                    \n                <\/div>\n                <div class=\"featured-card__content\">\n                                            <div class=\"tag\">Mentor<\/div>\n                                        \n                    <h2 class=\"title\">Mentorrollen \u00e4r v\u00e4ldigt inspirerande!<\/h2>\n\n                    \n                                            <div class=\"link-row\">\n                            L\u00e4s mer                            <div class=\"icon icon-external\"><\/div>\n                    <\/div>\n                                    <\/div>\n            <\/a>\n            <\/div>\n<\/section>\n\n\n<h2 class=\"wp-block-heading alignwide has-x-large-font-size\">Mentorhandledare hos Nyf\u00f6retagarCentrum \u00d6resund<\/h2>\n\n\n<section  class=\"nfc-block-person_grid alignwide layout-featured\">\n    <div class=\"contained\">\n        <div class=\"grid\">\n            <div class=\"person-featured-card\">\n    \n    <div class=\"featured_image\">\n                    <img loading=\"lazy\" decoding=\"async\" width=\"680\" height=\"1024\" src=\"https:\/\/nyforetagarcentrum.se\/oresundbackup\/wp-content\/uploads\/sites\/105\/2024\/03\/Veronica-Johannsson-680x1024.jpeg\" class=\"attachment-large size-large\" alt=\"Weronica Johansson\" srcset=\"https:\/\/nyforetagarcentrum.se\/oresundbackup\/wp-content\/uploads\/sites\/105\/2024\/03\/Veronica-Johannsson-680x1024.jpeg 680w, https:\/\/nyforetagarcentrum.se\/oresundbackup\/wp-content\/uploads\/sites\/105\/2024\/03\/Veronica-Johannsson-199x300.jpeg 199w, https:\/\/nyforetagarcentrum.se\/oresundbackup\/wp-content\/uploads\/sites\/105\/2024\/03\/Veronica-Johannsson-768x1156.jpeg 768w, https:\/\/nyforetagarcentrum.se\/oresundbackup\/wp-content\/uploads\/sites\/105\/2024\/03\/Veronica-Johannsson-1020x1536.jpeg 1020w, https:\/\/nyforetagarcentrum.se\/oresundbackup\/wp-content\/uploads\/sites\/105\/2024\/03\/Veronica-Johannsson-1360x2048.jpeg 1360w, https:\/\/nyforetagarcentrum.se\/oresundbackup\/wp-content\/uploads\/sites\/105\/2024\/03\/Veronica-Johannsson-717x1080.jpeg 717w, https:\/\/nyforetagarcentrum.se\/oresundbackup\/wp-content\/uploads\/sites\/105\/2024\/03\/Veronica-Johannsson-scaled.jpeg 1700w\" sizes=\"(max-width: 680px) 100vw, 680px\" \/>            <\/div>\n\n    <div class=\"content-wrapper\">\n        <h3>Weronica Johansson<\/h3>\n\n        \n                    <div class=\"excerpt\">\n                Programansvarig f\u00f6r mentorsprogrammet hos Nyf\u00f6retagarCentrum \u00d6resund<br \/>\r\nTelefon: 0766-10 55 64<br \/>\r\nE-post: weronica.johansson@nyforetagarcentrum.se                <br\/>\n                            <\/div>\n        \n            <\/div>\n<\/div>        <\/div>\n    <\/div>\n<\/section>\n\n\n<div style=\"height:100px\" aria-hidden=\"true\" class=\"wp-block-spacer\"><\/div>\n","protected":false},"excerpt":{"rendered":"<p>Delta i Nyf\u00f6retagarCentrum \u00d6resund lokala mentorprogram Nyf\u00f6retagarCentrum \u00d6resund deltar \u00e5ter igen som lokal arrang\u00f6r i Nyf\u00f6retagarCentrum Sveriges popul\u00e4ra Mentorprogram. Mentorprogrammet drivs av Nyf\u00f6retagarCentrum Sverige p\u00e5 uppdrag av Tillv\u00e4xtverket. Programmet inneb\u00e4r att du som nyf\u00f6retagare kostnadsfritt f\u00e5r tillg\u00e5ng till en mentor, vilken bidrar med sina erfarenheter och sitt n\u00e4tverk p\u00e5 ideell basis under ett \u00e5r. Vi [&hellip;]<\/p>\n","protected":false},"author":1,"featured_media":0,"parent":0,"menu_order":0,"comment_status":"closed","ping_status":"closed","template":"","meta":{"footnotes":""},"acf":[],"yoast_head":"<!-- This site is optimized with the Yoast SEO plugin v22.9 - https:\/\/yoast.com\/wordpress\/plugins\/seo\/ -->\n<title>Mentor - \u00d6resund backup<\/title>\n<meta name=\"description\" content=\"Nyf\u00f6retagarCentrum \u00d6resunds mentorprogram v\u00e4nder sig till nyf\u00f6retagare i kommunerna Burl\u00f6v, H\u00f6rby, H\u00f6\u00f6r, K\u00e4vlinge, Lomma, Malm\u00f6, Sj\u00f6bo, Skurup, Svedala, Staffanstorp, Trelleborg och Vellinge.\" \/>\n<meta name=\"robots\" content=\"index, follow, max-snippet:-1, max-image-preview:large, max-video-preview:-1\" \/>\n<link rel=\"canonical\" href=\"https:\/\/nyforetagarcentrum.se\/oresundbackup\/mentor\/\" \/>\n<meta property=\"og:locale\" content=\"sv_SE\" \/>\n<meta property=\"og:type\" content=\"article\" \/>\n<meta property=\"og:title\" content=\"Mentor - \u00d6resund backup\" \/>\n<meta property=\"og:description\" content=\"Nyf\u00f6retagarCentrum \u00d6resunds mentorprogram v\u00e4nder sig till nyf\u00f6retagare i kommunerna Burl\u00f6v, H\u00f6rby, H\u00f6\u00f6r, K\u00e4vlinge, Lomma, Malm\u00f6, Sj\u00f6bo, Skurup, Svedala, Staffanstorp, Trelleborg och Vellinge.\" \/>\n<meta property=\"og:url\" content=\"https:\/\/nyforetagarcentrum.se\/oresundbackup\/mentor\/\" \/>\n<meta property=\"og:site_name\" content=\"\u00d6resund backup\" \/>\n<meta property=\"article:modified_time\" content=\"2024-06-27T17:33:28+00:00\" \/>\n<meta name=\"twitter:card\" content=\"summary_large_image\" \/>\n<meta name=\"twitter:label1\" content=\"Ber\u00e4knad l\u00e4stid\" \/>\n\t<meta name=\"twitter:data1\" content=\"2 minuter\" \/>\n<script type=\"application\/ld+json\" class=\"yoast-schema-graph\">{\"@context\":\"https:\/\/schema.org\",\"@graph\":[{\"@type\":\"WebPage\",\"@id\":\"https:\/\/nyforetagarcentrum.se\/oresundbackup\/mentor\/\",\"url\":\"https:\/\/nyforetagarcentrum.se\/oresundbackup\/mentor\/\",\"name\":\"Mentor - \u00d6resund backup\",\"isPartOf\":{\"@id\":\"https:\/\/nyforetagarcentrum.se\/oresundbackup\/#website\"},\"datePublished\":\"2024-02-22T10:27:10+00:00\",\"dateModified\":\"2024-06-27T17:33:28+00:00\",\"description\":\"Nyf\u00f6retagarCentrum \u00d6resunds mentorprogram v\u00e4nder sig till nyf\u00f6retagare i kommunerna Burl\u00f6v, H\u00f6rby, H\u00f6\u00f6r, K\u00e4vlinge, Lomma, Malm\u00f6, Sj\u00f6bo, Skurup, Svedala, Staffanstorp, Trelleborg och Vellinge.\",\"breadcrumb\":{\"@id\":\"https:\/\/nyforetagarcentrum.se\/oresundbackup\/mentor\/#breadcrumb\"},\"inLanguage\":\"sv-SE\",\"potentialAction\":[{\"@type\":\"ReadAction\",\"target\":[\"https:\/\/nyforetagarcentrum.se\/oresundbackup\/mentor\/\"]}]},{\"@type\":\"BreadcrumbList\",\"@id\":\"https:\/\/nyforetagarcentrum.se\/oresundbackup\/mentor\/#breadcrumb\",\"itemListElement\":[{\"@type\":\"ListItem\",\"position\":1,\"name\":\"Hem\",\"item\":\"https:\/\/nyforetagarcentrum.se\/oresundbackup\/\"},{\"@type\":\"ListItem\",\"position\":2,\"name\":\"Mentor\"}]},{\"@type\":\"WebSite\",\"@id\":\"https:\/\/nyforetagarcentrum.se\/oresundbackup\/#website\",\"url\":\"https:\/\/nyforetagarcentrum.se\/oresundbackup\/\",\"name\":\"\u00d6resund backup\",\"description\":\"Sveriges ledande kraft f\u00f6r fler nya livskraftiga f\u00f6retag\",\"publisher\":{\"@id\":\"https:\/\/nyforetagarcentrum.se\/oresundbackup\/#organization\"},\"potentialAction\":[{\"@type\":\"SearchAction\",\"target\":{\"@type\":\"EntryPoint\",\"urlTemplate\":\"https:\/\/nyforetagarcentrum.se\/oresundbackup\/?s={search_term_string}\"},\"query-input\":\"required name=search_term_string\"}],\"inLanguage\":\"sv-SE\"},{\"@type\":\"Organization\",\"@id\":\"https:\/\/nyforetagarcentrum.se\/oresundbackup\/#organization\",\"name\":\"\u00d6resund backup\",\"url\":\"https:\/\/nyforetagarcentrum.se\/oresundbackup\/\",\"logo\":{\"@type\":\"ImageObject\",\"inLanguage\":\"sv-SE\",\"@id\":\"https:\/\/nyforetagarcentrum.se\/oresundbackup\/#\/schema\/logo\/image\/\",\"url\":\"https:\/\/nyforetagarcentrum.se\/oresundbackup\/wp-content\/uploads\/sites\/105\/2024\/04\/Oresund-1.png\",\"contentUrl\":\"https:\/\/nyforetagarcentrum.se\/oresundbackup\/wp-content\/uploads\/sites\/105\/2024\/04\/Oresund-1.png\",\"width\":1082,\"height\":542,\"caption\":\"\u00d6resund backup \"},\"image\":{\"@id\":\"https:\/\/nyforetagarcentrum.se\/oresundbackup\/#\/schema\/logo\/image\/\"}}]}<\/script>\n<!-- \/ Yoast SEO plugin. -->","yoast_head_json":{"title":"Mentor - \u00d6resund backup","description":"Nyf\u00f6retagarCentrum \u00d6resunds mentorprogram v\u00e4nder sig till nyf\u00f6retagare i kommunerna Burl\u00f6v, H\u00f6rby, H\u00f6\u00f6r, K\u00e4vlinge, Lomma, Malm\u00f6, Sj\u00f6bo, Skurup, Svedala, Staffanstorp, Trelleborg och Vellinge.","robots":{"index":"index","follow":"follow","max-snippet":"max-snippet:-1","max-image-preview":"max-image-preview:large","max-video-preview":"max-video-preview:-1"},"canonical":"https:\/\/nyforetagarcentrum.se\/oresundbackup\/mentor\/","og_locale":"sv_SE","og_type":"article","og_title":"Mentor - \u00d6resund backup","og_description":"Nyf\u00f6retagarCentrum \u00d6resunds mentorprogram v\u00e4nder sig till nyf\u00f6retagare i kommunerna Burl\u00f6v, H\u00f6rby, H\u00f6\u00f6r, K\u00e4vlinge, Lomma, Malm\u00f6, Sj\u00f6bo, Skurup, Svedala, Staffanstorp, Trelleborg och Vellinge.","og_url":"https:\/\/nyforetagarcentrum.se\/oresundbackup\/mentor\/","og_site_name":"\u00d6resund backup","article_modified_time":"2024-06-27T17:33:28+00:00","twitter_card":"summary_large_image","twitter_misc":{"Ber\u00e4knad l\u00e4stid":"2 minuter"},"schema":{"@context":"https:\/\/schema.org","@graph":[{"@type":"WebPage","@id":"https:\/\/nyforetagarcentrum.se\/oresundbackup\/mentor\/","url":"https:\/\/nyforetagarcentrum.se\/oresundbackup\/mentor\/","name":"Mentor - \u00d6resund backup","isPartOf":{"@id":"https:\/\/nyforetagarcentrum.se\/oresundbackup\/#website"},"datePublished":"2024-02-22T10:27:10+00:00","dateModified":"2024-06-27T17:33:28+00:00","description":"Nyf\u00f6retagarCentrum \u00d6resunds mentorprogram v\u00e4nder sig till nyf\u00f6retagare i kommunerna Burl\u00f6v, H\u00f6rby, H\u00f6\u00f6r, K\u00e4vlinge, Lomma, Malm\u00f6, Sj\u00f6bo, Skurup, Svedala, Staffanstorp, Trelleborg och Vellinge.","breadcrumb":{"@id":"https:\/\/nyforetagarcentrum.se\/oresundbackup\/mentor\/#breadcrumb"},"inLanguage":"sv-SE","potentialAction":[{"@type":"ReadAction","target":["https:\/\/nyforetagarcentrum.se\/oresundbackup\/mentor\/"]}]},{"@type":"BreadcrumbList","@id":"https:\/\/nyforetagarcentrum.se\/oresundbackup\/mentor\/#breadcrumb","itemListElement":[{"@type":"ListItem","position":1,"name":"Hem","item":"https:\/\/nyforetagarcentrum.se\/oresundbackup\/"},{"@type":"ListItem","position":2,"name":"Mentor"}]},{"@type":"WebSite","@id":"https:\/\/nyforetagarcentrum.se\/oresundbackup\/#website","url":"https:\/\/nyforetagarcentrum.se\/oresundbackup\/","name":"\u00d6resund backup","description":"Sveriges ledande kraft f\u00f6r fler nya livskraftiga f\u00f6retag","publisher":{"@id":"https:\/\/nyforetagarcentrum.se\/oresundbackup\/#organization"},"potentialAction":[{"@type":"SearchAction","target":{"@type":"EntryPoint","urlTemplate":"https:\/\/nyforetagarcentrum.se\/oresundbackup\/?s={search_term_string}"},"query-input":"required name=search_term_string"}],"inLanguage":"sv-SE"},{"@type":"Organization","@id":"https:\/\/nyforetagarcentrum.se\/oresundbackup\/#organization","name":"\u00d6resund backup","url":"https:\/\/nyforetagarcentrum.se\/oresundbackup\/","logo":{"@type":"ImageObject","inLanguage":"sv-SE","@id":"https:\/\/nyforetagarcentrum.se\/oresundbackup\/#\/schema\/logo\/image\/","url":"https:\/\/nyforetagarcentrum.se\/oresundbackup\/wp-content\/uploads\/sites\/105\/2024\/04\/Oresund-1.png","contentUrl":"https:\/\/nyforetagarcentrum.se\/oresundbackup\/wp-content\/uploads\/sites\/105\/2024\/04\/Oresund-1.png","width":1082,"height":542,"caption":"\u00d6resund backup "},"image":{"@id":"https:\/\/nyforetagarcentrum.se\/oresundbackup\/#\/schema\/logo\/image\/"}}]}},"_links":{"self":[{"href":"https:\/\/nyforetagarcentrum.se\/oresundbackup\/wp-json\/wp\/v2\/pages\/128"}],"collection":[{"href":"https:\/\/nyforetagarcentrum.se\/oresundbackup\/wp-json\/wp\/v2\/pages"}],"about":[{"href":"https:\/\/nyforetagarcentrum.se\/oresundbackup\/wp-json\/wp\/v2\/types\/page"}],"author":[{"embeddable":true,"href":"https:\/\/nyforetagarcentrum.se\/oresundbackup\/wp-json\/wp\/v2\/users\/1"}],"replies":[{"embeddable":true,"href":"https:\/\/nyforetagarcentrum.se\/oresundbackup\/wp-json\/wp\/v2\/comments?post=128"}],"version-history":[{"count":47,"href":"https:\/\/nyforetagarcentrum.se\/oresundbackup\/wp-json\/wp\/v2\/pages\/128\/revisions"}],"predecessor-version":[{"id":662,"href":"https:\/\/nyforetagarcentrum.se\/oresundbackup\/wp-json\/wp\/v2\/pages\/128\/revisions\/662"}],"wp:attachment":[{"href":"https:\/\/nyforetagarcentrum.se\/oresundbackup\/wp-json\/wp\/v2\/media?parent=128"}],"curies":[{"name":"wp","href":"https:\/\/api.w.org\/{rel}","templated":true}]}}