{"id":48,"date":"2024-02-22T10:29:05","date_gmt":"2024-02-22T09:29:05","guid":{"rendered":"https:\/\/nyforetagarcentrum.se\/narke\/?page_id=48"},"modified":"2025-05-16T10:23:46","modified_gmt":"2025-05-16T08:23:46","slug":"erbjudanden","status":"publish","type":"page","link":"https:\/\/nyforetagarcentrum.se\/orebroregionen\/erbjudanden\/","title":{"rendered":"Erbjudanden"},"content":{"rendered":"<section  class=\"nfc-block-hero alignfull\">\n\n    <img loading=\"lazy\" decoding=\"async\" width=\"1512\" height=\"745\" src=\"https:\/\/nyforetagarcentrum.se\/orebroregionen\/wp-content\/uploads\/sites\/25\/2024\/02\/Topp-banner-2.png\" class=\"attachment-landscape size-landscape\" alt=\"\" srcset=\"https:\/\/nyforetagarcentrum.se\/orebroregionen\/wp-content\/uploads\/sites\/25\/2024\/02\/Topp-banner-2.png 1512w, https:\/\/nyforetagarcentrum.se\/orebroregionen\/wp-content\/uploads\/sites\/25\/2024\/02\/Topp-banner-2-300x148.png 300w, https:\/\/nyforetagarcentrum.se\/orebroregionen\/wp-content\/uploads\/sites\/25\/2024\/02\/Topp-banner-2-1024x505.png 1024w, https:\/\/nyforetagarcentrum.se\/orebroregionen\/wp-content\/uploads\/sites\/25\/2024\/02\/Topp-banner-2-768x378.png 768w\" sizes=\"(max-width: 1512px) 100vw, 1512px\" \/>\n    <div class=\"contained\">\n        <h1 class=\"nfc-block-hero__heading\">V\u00e5ra erbjudanden till dig som \u00e4r f\u00f6retagare<\/h1>\n\n            <\/div>\n<\/section>\n\n\n<div style=\"height:50px\" aria-hidden=\"true\" class=\"wp-block-spacer\"><\/div>\n\n\n<section  class=\"nfc-block-breadcrumbs\">\n    <div class=\"wrapper contained\">\n        <ol class=\"breadcrumbs\" itemscope itemtype=\"https:\/\/schema.org\/BreadcrumbList\">\n            <li itemprop=\"itemListElement\" itemscope itemtype=\"https:\/\/schema.org\/ListItem\">\n            \n\n                            <span class=\"current\" itemprop=\"name\">Hem<\/span>\n            \n            <meta itemprop=\"position\" content=\"1\" \/>\n        <\/li>\n    <\/ol>    <\/div>\n<\/section>\n\n\n<h2 class=\"wp-block-heading alignwide has-x-large-font-size\">Ta del av exklusiva erbjudanden<\/h2>\n\n\n<section  class=\"nfc-block-offer_grid alignwide layout-small\">\n    <div class=\"contained\">\n\n        <div class=\"filter-row\">\n            \n                            <button id=\"local-offers-button\">\n                    Lokala partners\n                <\/button>\n                <button id=\"national-offers-button\" class=\"outlined\">\n                    Nationella partners\n                <\/button>\n                    <\/div>\n\n        <div class=\"grid\" id=\"offers-grid\">\n            <div class=\"offer-card\">\n\n    <div class=\"gallery-wrapper\">\n                    <div class=\"selected-media\">\n                                    <img loading=\"lazy\" decoding=\"async\" width=\"1000\" height=\"1000\" src=\"https:\/\/nyforetagarcentrum.se\/orebroregionen\/wp-content\/uploads\/sites\/25\/2026\/01\/castellum.png\" class=\"attachment-large size-large\" alt=\"\" srcset=\"https:\/\/nyforetagarcentrum.se\/orebroregionen\/wp-content\/uploads\/sites\/25\/2026\/01\/castellum.png 1000w, https:\/\/nyforetagarcentrum.se\/orebroregionen\/wp-content\/uploads\/sites\/25\/2026\/01\/castellum-300x300.png 300w, https:\/\/nyforetagarcentrum.se\/orebroregionen\/wp-content\/uploads\/sites\/25\/2026\/01\/castellum-150x150.png 150w, https:\/\/nyforetagarcentrum.se\/orebroregionen\/wp-content\/uploads\/sites\/25\/2026\/01\/castellum-768x768.png 768w\" sizes=\"(max-width: 1000px) 100vw, 1000px\" \/>                            <\/div>\n        \n            <\/div>\n\n\n    <div class=\"content-wrapper\">\n        \n        <h3>Castellum \u2013 hitta din dr\u00f6mlokal<\/h3>\n\n        \n        <div class=\"content\">\n            <p style=\"font-weight: 400\">Castellum erbjuder dig som nyf\u00f6retagare hj\u00e4lp att hitta en passande lokal eller kontor till ett bra erbjudande, vilket kan inneb\u00e4ra ett flexibelt avtal eller reducerat pris. Allt beroende p\u00e5 vad du beh\u00f6ver f\u00f6r att f\u00e5 testa p\u00e5 f\u00f6retagandet.<\/p>\n<p>De ser det som en stor ynnest att f\u00e5 vara en del i processen n\u00e4r ditt nya f\u00f6retag tar sin start!<\/p>\n        <\/div>\n\n                    <a href=\"https:\/\/www.castellum.se\/\" class=\"offer-button button outlined\" target=\"_blank\">\n                L\u00e4s mer om Castellum h\u00e4r!                                    <div class=\"icon icon-external\"><\/div>\n                            <\/a>\n            <\/div>\n<\/div><div class=\"offer-card\">\n\n    <div class=\"gallery-wrapper\">\n                    <div class=\"selected-media\">\n                                    <img loading=\"lazy\" decoding=\"async\" width=\"1024\" height=\"512\" src=\"https:\/\/nyforetagarcentrum.se\/orebroregionen\/wp-content\/uploads\/sites\/25\/2024\/02\/FF990F-18-x-9-i-1-1024x512.png\" class=\"attachment-large size-large\" alt=\"\" srcset=\"https:\/\/nyforetagarcentrum.se\/orebroregionen\/wp-content\/uploads\/sites\/25\/2024\/02\/FF990F-18-x-9-i-1-1024x512.png 1024w, https:\/\/nyforetagarcentrum.se\/orebroregionen\/wp-content\/uploads\/sites\/25\/2024\/02\/FF990F-18-x-9-i-1-300x150.png 300w, https:\/\/nyforetagarcentrum.se\/orebroregionen\/wp-content\/uploads\/sites\/25\/2024\/02\/FF990F-18-x-9-i-1-768x384.png 768w, https:\/\/nyforetagarcentrum.se\/orebroregionen\/wp-content\/uploads\/sites\/25\/2024\/02\/FF990F-18-x-9-i-1-1536x768.png 1536w, https:\/\/nyforetagarcentrum.se\/orebroregionen\/wp-content\/uploads\/sites\/25\/2024\/02\/FF990F-18-x-9-i-1-2048x1024.png 2048w, https:\/\/nyforetagarcentrum.se\/orebroregionen\/wp-content\/uploads\/sites\/25\/2024\/02\/FF990F-18-x-9-i-1-1920x960.png 1920w\" sizes=\"(max-width: 1024px) 100vw, 1024px\" \/>                            <\/div>\n        \n            <\/div>\n\n\n    <div class=\"content-wrapper\">\n        \n        <h3>Almi f\u00f6retagspartner<\/h3>\n\n        \n        <div class=\"content\">\n            <p>Nyf\u00f6retagarCentrums partner Almi i \u00d6rebro erbjuder finansiering genom l\u00e5n och riskkapital samt st\u00f6d och v\u00e4gledning inom aff\u00e4rsutveckling f\u00f6r sm\u00e5 och medelstora f\u00f6retag. De tillhandah\u00e5ller \u00e4ven kunskap och inspiration genom olika evenemang och workshops. Dessutom hj\u00e4lper de f\u00f6retag att v\u00e4xa internationellt genom Enterprise Europe Network.<\/p>\n<p>Kontakta Almi f\u00f6r r\u00e5dgivning eller f\u00f6r att boka ett m\u00f6te f\u00f6r att diskutera specifika behov och m\u00f6jligheter.<\/p>\n<p>F\u00f6r mer information, bes\u00f6k deras hemsida: <a href=\"https:\/\/www.almi.se\/regioner\/orebro\/\" target=\"_new\" rel=\"noreferrer noopener\">Almi \u00d6rebro<\/a>.<\/p>\n        <\/div>\n\n                    <a href=\"https:\/\/www.almi.se\/regioner\/orebro\/\" class=\"offer-button button outlined\" target=\"\">\n                L\u00e4s mer om Almi h\u00e4r!                            <\/a>\n            <\/div>\n<\/div>        <\/div>\n    <\/div>\n<\/section>\n\n\n<div style=\"height:80px\" aria-hidden=\"true\" class=\"wp-block-spacer\"><\/div>\n","protected":false},"excerpt":{"rendered":"<p>Ta del av exklusiva erbjudanden<\/p>\n","protected":false},"author":1,"featured_media":0,"parent":0,"menu_order":0,"comment_status":"closed","ping_status":"closed","template":"","meta":{"footnotes":""},"acf":[],"yoast_head":"<!-- This site is optimized with the Yoast SEO plugin v22.9 - https:\/\/yoast.com\/wordpress\/plugins\/seo\/ -->\n<title>Erbjudanden - \u00d6rebroregionen<\/title>\n<meta name=\"robots\" content=\"index, follow, max-snippet:-1, max-image-preview:large, max-video-preview:-1\" \/>\n<link rel=\"canonical\" href=\"https:\/\/nyforetagarcentrum.se\/orebroregionen\/erbjudanden\/\" \/>\n<meta property=\"og:locale\" content=\"sv_SE\" \/>\n<meta property=\"og:type\" content=\"article\" \/>\n<meta property=\"og:title\" content=\"Erbjudanden - \u00d6rebroregionen\" \/>\n<meta property=\"og:description\" content=\"Ta del av exklusiva erbjudanden\" \/>\n<meta property=\"og:url\" content=\"https:\/\/nyforetagarcentrum.se\/orebroregionen\/erbjudanden\/\" \/>\n<meta property=\"og:site_name\" content=\"\u00d6rebroregionen\" \/>\n<meta property=\"article:modified_time\" content=\"2025-05-16T08:23:46+00:00\" \/>\n<meta name=\"twitter:card\" content=\"summary_large_image\" \/>\n<meta name=\"twitter:label1\" content=\"Ber\u00e4knad l\u00e4stid\" \/>\n\t<meta name=\"twitter:data1\" content=\"1 minut\" \/>\n<script type=\"application\/ld+json\" class=\"yoast-schema-graph\">{\"@context\":\"https:\/\/schema.org\",\"@graph\":[{\"@type\":\"WebPage\",\"@id\":\"https:\/\/nyforetagarcentrum.se\/orebroregionen\/erbjudanden\/\",\"url\":\"https:\/\/nyforetagarcentrum.se\/orebroregionen\/erbjudanden\/\",\"name\":\"Erbjudanden - \u00d6rebroregionen\",\"isPartOf\":{\"@id\":\"https:\/\/nyforetagarcentrum.se\/orebroregionen\/#website\"},\"datePublished\":\"2024-02-22T09:29:05+00:00\",\"dateModified\":\"2025-05-16T08:23:46+00:00\",\"breadcrumb\":{\"@id\":\"https:\/\/nyforetagarcentrum.se\/orebroregionen\/erbjudanden\/#breadcrumb\"},\"inLanguage\":\"sv-SE\",\"potentialAction\":[{\"@type\":\"ReadAction\",\"target\":[\"https:\/\/nyforetagarcentrum.se\/orebroregionen\/erbjudanden\/\"]}]},{\"@type\":\"BreadcrumbList\",\"@id\":\"https:\/\/nyforetagarcentrum.se\/orebroregionen\/erbjudanden\/#breadcrumb\",\"itemListElement\":[{\"@type\":\"ListItem\",\"position\":1,\"name\":\"Hem\",\"item\":\"https:\/\/nyforetagarcentrum.se\/orebroregionen\/\"},{\"@type\":\"ListItem\",\"position\":2,\"name\":\"Erbjudanden\"}]},{\"@type\":\"WebSite\",\"@id\":\"https:\/\/nyforetagarcentrum.se\/orebroregionen\/#website\",\"url\":\"https:\/\/nyforetagarcentrum.se\/orebroregionen\/\",\"name\":\"\u00d6rebroregionen\",\"description\":\"Sveriges ledande kraft f\u00f6r fler nya livskraftiga f\u00f6retag\",\"publisher\":{\"@id\":\"https:\/\/nyforetagarcentrum.se\/orebroregionen\/#organization\"},\"potentialAction\":[{\"@type\":\"SearchAction\",\"target\":{\"@type\":\"EntryPoint\",\"urlTemplate\":\"https:\/\/nyforetagarcentrum.se\/orebroregionen\/?s={search_term_string}\"},\"query-input\":\"required name=search_term_string\"}],\"inLanguage\":\"sv-SE\"},{\"@type\":\"Organization\",\"@id\":\"https:\/\/nyforetagarcentrum.se\/orebroregionen\/#organization\",\"name\":\"\u00d6rebroregionen\",\"url\":\"https:\/\/nyforetagarcentrum.se\/orebroregionen\/\",\"logo\":{\"@type\":\"ImageObject\",\"inLanguage\":\"sv-SE\",\"@id\":\"https:\/\/nyforetagarcentrum.se\/orebroregionen\/#\/schema\/logo\/image\/\",\"url\":\"https:\/\/nyforetagarcentrum.se\/orebroregionen\/wp-content\/uploads\/sites\/25\/2024\/07\/orebroregionen_bla.png\",\"contentUrl\":\"https:\/\/nyforetagarcentrum.se\/orebroregionen\/wp-content\/uploads\/sites\/25\/2024\/07\/orebroregionen_bla.png\",\"width\":870,\"height\":355,\"caption\":\"\u00d6rebroregionen\"},\"image\":{\"@id\":\"https:\/\/nyforetagarcentrum.se\/orebroregionen\/#\/schema\/logo\/image\/\"}}]}<\/script>\n<!-- \/ Yoast SEO plugin. -->","yoast_head_json":{"title":"Erbjudanden - \u00d6rebroregionen","robots":{"index":"index","follow":"follow","max-snippet":"max-snippet:-1","max-image-preview":"max-image-preview:large","max-video-preview":"max-video-preview:-1"},"canonical":"https:\/\/nyforetagarcentrum.se\/orebroregionen\/erbjudanden\/","og_locale":"sv_SE","og_type":"article","og_title":"Erbjudanden - \u00d6rebroregionen","og_description":"Ta del av exklusiva erbjudanden","og_url":"https:\/\/nyforetagarcentrum.se\/orebroregionen\/erbjudanden\/","og_site_name":"\u00d6rebroregionen","article_modified_time":"2025-05-16T08:23:46+00:00","twitter_card":"summary_large_image","twitter_misc":{"Ber\u00e4knad l\u00e4stid":"1 minut"},"schema":{"@context":"https:\/\/schema.org","@graph":[{"@type":"WebPage","@id":"https:\/\/nyforetagarcentrum.se\/orebroregionen\/erbjudanden\/","url":"https:\/\/nyforetagarcentrum.se\/orebroregionen\/erbjudanden\/","name":"Erbjudanden - \u00d6rebroregionen","isPartOf":{"@id":"https:\/\/nyforetagarcentrum.se\/orebroregionen\/#website"},"datePublished":"2024-02-22T09:29:05+00:00","dateModified":"2025-05-16T08:23:46+00:00","breadcrumb":{"@id":"https:\/\/nyforetagarcentrum.se\/orebroregionen\/erbjudanden\/#breadcrumb"},"inLanguage":"sv-SE","potentialAction":[{"@type":"ReadAction","target":["https:\/\/nyforetagarcentrum.se\/orebroregionen\/erbjudanden\/"]}]},{"@type":"BreadcrumbList","@id":"https:\/\/nyforetagarcentrum.se\/orebroregionen\/erbjudanden\/#breadcrumb","itemListElement":[{"@type":"ListItem","position":1,"name":"Hem","item":"https:\/\/nyforetagarcentrum.se\/orebroregionen\/"},{"@type":"ListItem","position":2,"name":"Erbjudanden"}]},{"@type":"WebSite","@id":"https:\/\/nyforetagarcentrum.se\/orebroregionen\/#website","url":"https:\/\/nyforetagarcentrum.se\/orebroregionen\/","name":"\u00d6rebroregionen","description":"Sveriges ledande kraft f\u00f6r fler nya livskraftiga f\u00f6retag","publisher":{"@id":"https:\/\/nyforetagarcentrum.se\/orebroregionen\/#organization"},"potentialAction":[{"@type":"SearchAction","target":{"@type":"EntryPoint","urlTemplate":"https:\/\/nyforetagarcentrum.se\/orebroregionen\/?s={search_term_string}"},"query-input":"required name=search_term_string"}],"inLanguage":"sv-SE"},{"@type":"Organization","@id":"https:\/\/nyforetagarcentrum.se\/orebroregionen\/#organization","name":"\u00d6rebroregionen","url":"https:\/\/nyforetagarcentrum.se\/orebroregionen\/","logo":{"@type":"ImageObject","inLanguage":"sv-SE","@id":"https:\/\/nyforetagarcentrum.se\/orebroregionen\/#\/schema\/logo\/image\/","url":"https:\/\/nyforetagarcentrum.se\/orebroregionen\/wp-content\/uploads\/sites\/25\/2024\/07\/orebroregionen_bla.png","contentUrl":"https:\/\/nyforetagarcentrum.se\/orebroregionen\/wp-content\/uploads\/sites\/25\/2024\/07\/orebroregionen_bla.png","width":870,"height":355,"caption":"\u00d6rebroregionen"},"image":{"@id":"https:\/\/nyforetagarcentrum.se\/orebroregionen\/#\/schema\/logo\/image\/"}}]}},"_links":{"self":[{"href":"https:\/\/nyforetagarcentrum.se\/orebroregionen\/wp-json\/wp\/v2\/pages\/48"}],"collection":[{"href":"https:\/\/nyforetagarcentrum.se\/orebroregionen\/wp-json\/wp\/v2\/pages"}],"about":[{"href":"https:\/\/nyforetagarcentrum.se\/orebroregionen\/wp-json\/wp\/v2\/types\/page"}],"author":[{"embeddable":true,"href":"https:\/\/nyforetagarcentrum.se\/orebroregionen\/wp-json\/wp\/v2\/users\/1"}],"replies":[{"embeddable":true,"href":"https:\/\/nyforetagarcentrum.se\/orebroregionen\/wp-json\/wp\/v2\/comments?post=48"}],"version-history":[{"count":10,"href":"https:\/\/nyforetagarcentrum.se\/orebroregionen\/wp-json\/wp\/v2\/pages\/48\/revisions"}],"predecessor-version":[{"id":896,"href":"https:\/\/nyforetagarcentrum.se\/orebroregionen\/wp-json\/wp\/v2\/pages\/48\/revisions\/896"}],"wp:attachment":[{"href":"https:\/\/nyforetagarcentrum.se\/orebroregionen\/wp-json\/wp\/v2\/media?parent=48"}],"curies":[{"name":"wp","href":"https:\/\/api.w.org\/{rel}","templated":true}]}}