{"id":239,"date":"2024-02-29T13:59:39","date_gmt":"2024-02-29T12:59:39","guid":{"rendered":"https:\/\/nyforetagarcentrum.se\/narke\/?page_id=239"},"modified":"2024-05-14T14:52:39","modified_gmt":"2024-05-14T12:52:39","slug":"vara-radgivare","status":"publish","type":"page","link":"https:\/\/nyforetagarcentrum.se\/orebroregionen\/vara-radgivare\/","title":{"rendered":"V\u00e5ra r\u00e5dgivare"},"content":{"rendered":"<section  class=\"nfc-block-hero alignfull\">\n\n    <img loading=\"lazy\" decoding=\"async\" width=\"1476\" height=\"984\" src=\"https:\/\/nyforetagarcentrum.se\/orebroregionen\/wp-content\/uploads\/sites\/25\/2024\/02\/Nyforetagare-ung-LOW.jpg\" class=\"attachment-landscape size-landscape\" alt=\"\" srcset=\"https:\/\/nyforetagarcentrum.se\/orebroregionen\/wp-content\/uploads\/sites\/25\/2024\/02\/Nyforetagare-ung-LOW.jpg 1476w, https:\/\/nyforetagarcentrum.se\/orebroregionen\/wp-content\/uploads\/sites\/25\/2024\/02\/Nyforetagare-ung-LOW-300x200.jpg 300w, https:\/\/nyforetagarcentrum.se\/orebroregionen\/wp-content\/uploads\/sites\/25\/2024\/02\/Nyforetagare-ung-LOW-1024x683.jpg 1024w, https:\/\/nyforetagarcentrum.se\/orebroregionen\/wp-content\/uploads\/sites\/25\/2024\/02\/Nyforetagare-ung-LOW-768x512.jpg 768w\" sizes=\"(max-width: 1476px) 100vw, 1476px\" \/>\n    <div class=\"contained\">\n        <h1 class=\"nfc-block-hero__heading\">V\u00e5ra r\u00e5dgivare<\/h1>\n\n            <\/div>\n<\/section>\n\n\n<div style=\"height:49px\" aria-hidden=\"true\" class=\"wp-block-spacer\"><\/div>\n\n\n<section  class=\"nfc-block-breadcrumbs\">\n    <div class=\"wrapper contained\">\n        <ol class=\"breadcrumbs\" itemscope itemtype=\"https:\/\/schema.org\/BreadcrumbList\">\n            <li itemprop=\"itemListElement\" itemscope itemtype=\"https:\/\/schema.org\/ListItem\">\n            \n\n                            <span class=\"current\" itemprop=\"name\">Hem<\/span>\n            \n            <meta itemprop=\"position\" content=\"1\" \/>\n        <\/li>\n    <\/ol>    <\/div>\n<\/section>\n\n\n<div style=\"height:100px\" aria-hidden=\"true\" class=\"wp-block-spacer\"><\/div>\n\n\n<section  class=\"nfc-block-person_grid alignwide layout-large\">\n    <div class=\"contained\">\n        <div class=\"grid\">\n            <div class=\"person-large-card\">\n    \n    <div class=\"featured_image\">\n                    <img loading=\"lazy\" decoding=\"async\" width=\"768\" height=\"1024\" src=\"https:\/\/nyforetagarcentrum.se\/orebroregionen\/wp-content\/uploads\/sites\/25\/2025\/09\/gunilla-768x1024.jpg\" class=\"attachment-large size-large\" alt=\"\" srcset=\"https:\/\/nyforetagarcentrum.se\/orebroregionen\/wp-content\/uploads\/sites\/25\/2025\/09\/gunilla-768x1024.jpg 768w, https:\/\/nyforetagarcentrum.se\/orebroregionen\/wp-content\/uploads\/sites\/25\/2025\/09\/gunilla-225x300.jpg 225w, https:\/\/nyforetagarcentrum.se\/orebroregionen\/wp-content\/uploads\/sites\/25\/2025\/09\/gunilla-1152x1536.jpg 1152w, https:\/\/nyforetagarcentrum.se\/orebroregionen\/wp-content\/uploads\/sites\/25\/2025\/09\/gunilla-810x1080.jpg 810w, https:\/\/nyforetagarcentrum.se\/orebroregionen\/wp-content\/uploads\/sites\/25\/2025\/09\/gunilla.jpg 1536w\" sizes=\"(max-width: 768px) 100vw, 768px\" \/>            <\/div>\n\n    <div class=\"content-wrapper\">\n        <h3>Gunilla P\u00f6chhacker, Bergslagen<\/h3>\n\n                    <div class=\"excerpt\">\n                Gunilla P\u00f6chhacker har varit diplomerad r\u00e5dgivare i \u00f6ver tio \u00e5r och \u00e4r bosatt i Kopparberg. Hon har tidigare arbetat som verksamhetsledare f\u00f6r Nyf\u00f6retagarcentrum Bergslagen, som idag ing\u00e5r i Nyf\u00f6retagarcentrum \u00d6rebroregionen.<br \/>\r\n<br \/>\r\nUnder \u00e5ren har Gunilla st\u00f6ttat m\u00e5nga f\u00f6retagare i uppstarten och byggt upp ett starkt n\u00e4tverk i Bergslagen. Hon har hj\u00e4lpt till med allt fr\u00e5n aff\u00e4rsplaner och val av bolagsform till att vara det viktiga bollplanket f\u00f6r nya id\u00e9er.<br \/>\r\n<br \/>\r\nGunilla brinner f\u00f6r djur och entrepren\u00f6rskap och s\u00e4ger sj\u00e4lv att &#8221;Det finns inga konstiga fr\u00e5gor&#8221;, och hon \u00e4lskar att f\u00e5 vara med n\u00e4r m\u00e4nniskor f\u00f6rverkligar sina dr\u00f6mmar.<br \/>\r\n<br \/>\r\nHon har \u00e4ven erfarenhet av att bo och driva f\u00f6retag i Thailand och f\u00f6rst\u00e5r lite thai. Annars kan du boka r\u00e5dgivning med Gunilla p\u00e5 svenska, engelska och tyska.            <\/div>\n        \n        <div class=\"links\">\n\n            \n                    <\/div>\n        \n    <\/div>\n<\/div><div class=\"person-large-card\">\n    \n    <div class=\"featured_image\">\n                    <img loading=\"lazy\" decoding=\"async\" width=\"768\" height=\"1024\" src=\"https:\/\/nyforetagarcentrum.se\/orebroregionen\/wp-content\/uploads\/sites\/25\/2024\/05\/11.11-768x1024.png\" class=\"attachment-large size-large\" alt=\"\" srcset=\"https:\/\/nyforetagarcentrum.se\/orebroregionen\/wp-content\/uploads\/sites\/25\/2024\/05\/11.11-768x1024.png 768w, https:\/\/nyforetagarcentrum.se\/orebroregionen\/wp-content\/uploads\/sites\/25\/2024\/05\/11.11-225x300.png 225w, https:\/\/nyforetagarcentrum.se\/orebroregionen\/wp-content\/uploads\/sites\/25\/2024\/05\/11.11-1152x1536.png 1152w, https:\/\/nyforetagarcentrum.se\/orebroregionen\/wp-content\/uploads\/sites\/25\/2024\/05\/11.11-1536x2048.png 1536w, https:\/\/nyforetagarcentrum.se\/orebroregionen\/wp-content\/uploads\/sites\/25\/2024\/05\/11.11-810x1080.png 810w\" sizes=\"(max-width: 768px) 100vw, 768px\" \/>            <\/div>\n\n    <div class=\"content-wrapper\">\n        <h3>Omar Kassab, \u00d6rebro<\/h3>\n\n                    <div class=\"excerpt\">\n                Omar kan hj\u00e4lpa dig med:<br \/>\r\n<br \/>\r\n&#8211; Utveckling av aff\u00e4rsplan, resultatbudget och startbudget.<br \/>\r\n&#8211; Produkt- och tj\u00e4nsteutveckling, samt hitta leverant\u00f6rer f\u00f6r prototyper.<br \/>\r\n&#8211; Utveckling av innovativa id\u00e9er och h\u00e5llbarhetsanpassning enligt FN-m\u00e5l 2030.<br \/>\r\n&#8211; Registrering av bolag och \u00f6ppning av bankkonto, \u00e4ven internationellt.<br \/>\r\n&#8211; Marknadsf\u00f6ringsstrategi och marknadsunders\u00f6kning.<br \/>\r\n&#8211; Kontakter med myndigheter f\u00f6r bidrag och tillst\u00e5nd, inklusive varum\u00e4rkesregistrering och patent.<br \/>\r\n&#8211; L\u00f6sningar f\u00f6r management och andra f\u00f6retagsutmaningar.<br \/>\r\n&#8211; Hitta leverant\u00f6rer i EU, Bangladesh, Kina, Turkiet med mera, samt l\u00f6sningar f\u00f6r transport och import\/export.<br \/>\r\n&#8211; Vara behj\u00e4lplig inom livsmedelsproduktion d\u00e5 han sj\u00e4lv har erfarenhet inom detta omr\u00e5de.  <br \/>\r\n<br \/>\r\nOmar har en kandidatexamen i ekonomi med inriktning marknadsf\u00f6ring och ledarskap samt en Master of Science in Management. Han talar arabiska, engelska, svenska och lite tyska.            <\/div>\n        \n        <div class=\"links\">\n\n            \n                    <\/div>\n        \n    <\/div>\n<\/div><div class=\"person-large-card\">\n    \n    <div class=\"featured_image\">\n                    <img loading=\"lazy\" decoding=\"async\" width=\"768\" height=\"1024\" src=\"https:\/\/nyforetagarcentrum.se\/orebroregionen\/wp-content\/uploads\/sites\/25\/2024\/05\/5.5-768x1024.png\" class=\"attachment-large size-large\" alt=\"\" srcset=\"https:\/\/nyforetagarcentrum.se\/orebroregionen\/wp-content\/uploads\/sites\/25\/2024\/05\/5.5-768x1024.png 768w, https:\/\/nyforetagarcentrum.se\/orebroregionen\/wp-content\/uploads\/sites\/25\/2024\/05\/5.5-225x300.png 225w, https:\/\/nyforetagarcentrum.se\/orebroregionen\/wp-content\/uploads\/sites\/25\/2024\/05\/5.5-1152x1536.png 1152w, https:\/\/nyforetagarcentrum.se\/orebroregionen\/wp-content\/uploads\/sites\/25\/2024\/05\/5.5-1536x2048.png 1536w, https:\/\/nyforetagarcentrum.se\/orebroregionen\/wp-content\/uploads\/sites\/25\/2024\/05\/5.5-810x1080.png 810w\" sizes=\"(max-width: 768px) 100vw, 768px\" \/>            <\/div>\n\n    <div class=\"content-wrapper\">\n        <h3>Mattias Bruus, Lax\u00e5<\/h3>\n\n                    <div class=\"excerpt\">\n                Entrepren\u00f6r och aff\u00e4rsman som brinner f\u00f6r att utveckla f\u00f6retag.<br \/>\r\n<br \/>\r\nMattias har l\u00e5ng erfarenhet av entrepren\u00f6rskap och har bland annat jobbat med webbutveckling, marknadsf\u00f6ring, e-handel, gym-verksamhet och fastighetsinvesteringar. <br \/>\r\n<br \/>\r\nBel\u00f6nades \u00e5r 2017 som \u201d\u00c5retsf\u00f6retagare\u201d i Lax\u00e5 kommun.            <\/div>\n        \n        <div class=\"links\">\n\n            \n                    <\/div>\n        \n    <\/div>\n<\/div><div class=\"person-large-card\">\n    \n    <div class=\"featured_image\">\n                    <img loading=\"lazy\" decoding=\"async\" width=\"768\" height=\"1024\" src=\"https:\/\/nyforetagarcentrum.se\/orebroregionen\/wp-content\/uploads\/sites\/25\/2024\/05\/6.6-768x1024.png\" class=\"attachment-large size-large\" alt=\"\" srcset=\"https:\/\/nyforetagarcentrum.se\/orebroregionen\/wp-content\/uploads\/sites\/25\/2024\/05\/6.6-768x1024.png 768w, https:\/\/nyforetagarcentrum.se\/orebroregionen\/wp-content\/uploads\/sites\/25\/2024\/05\/6.6-225x300.png 225w, https:\/\/nyforetagarcentrum.se\/orebroregionen\/wp-content\/uploads\/sites\/25\/2024\/05\/6.6-1152x1536.png 1152w, https:\/\/nyforetagarcentrum.se\/orebroregionen\/wp-content\/uploads\/sites\/25\/2024\/05\/6.6-1536x2048.png 1536w, https:\/\/nyforetagarcentrum.se\/orebroregionen\/wp-content\/uploads\/sites\/25\/2024\/05\/6.6-810x1080.png 810w\" sizes=\"(max-width: 768px) 100vw, 768px\" \/>            <\/div>\n\n    <div class=\"content-wrapper\">\n        <h3>Hel\u00e9ne Almqvist, Karlskoga<\/h3>\n\n                    <div class=\"excerpt\">\n                I M\u00f6ckelnregionen m\u00f6ter du Hel\u00e9ne Almqvist antingen fysiskt eller digitalt.<br \/>\r\n<br \/>\r\nHel\u00e9ne har vart f\u00f6retagare i st\u00f6rre delen av sitt liv och framf\u00f6r allt drivit butik i Karlskoga som hon efter 32 \u00e5r s\u00e5lde och efter det b\u00f6rjade h\u00e4r p\u00e5 Nyf\u00f6retagarcentrum.<br \/>\r\n<br \/>\r\nHel\u00e9ne har ett brett n\u00e4tverk som du f\u00e5r ta del av f\u00f6rutom hennes erfarenhet som f\u00f6retagare. Hon brinner f\u00f6r f\u00f6retagande och entrepren\u00f6rskap och kanske speciellt handel.<br \/>\r\n<br \/>\r\nHel\u00e9ne skulle s\u00e4ga att det hon g\u00f6r b\u00e4st \u00e4r att se det mesta fr\u00e5n ett positivt h\u00e5ll och kan t\u00e4nka h\u00f6gt och brett inte l\u00e5sa in sig i n\u00e5got fack.<br \/>\r\n<br \/>\r\nSvenska som modersm\u00e5l men pratar \u00e4ven engelska.<br \/>\r\n<br \/>\r\n&#8221;Tillsammans lyfter vi varandra, konkurrenter \u00e4r potentiella kollegor!&#8221;              <\/div>\n        \n        <div class=\"links\">\n\n            \n                    <\/div>\n        \n    <\/div>\n<\/div><div class=\"person-large-card\">\n    \n    <div class=\"featured_image\">\n                    <img loading=\"lazy\" decoding=\"async\" width=\"768\" height=\"1024\" src=\"https:\/\/nyforetagarcentrum.se\/orebroregionen\/wp-content\/uploads\/sites\/25\/2024\/05\/9.9-768x1024.png\" class=\"attachment-large size-large\" alt=\"\" srcset=\"https:\/\/nyforetagarcentrum.se\/orebroregionen\/wp-content\/uploads\/sites\/25\/2024\/05\/9.9-768x1024.png 768w, https:\/\/nyforetagarcentrum.se\/orebroregionen\/wp-content\/uploads\/sites\/25\/2024\/05\/9.9-225x300.png 225w, https:\/\/nyforetagarcentrum.se\/orebroregionen\/wp-content\/uploads\/sites\/25\/2024\/05\/9.9-1152x1536.png 1152w, https:\/\/nyforetagarcentrum.se\/orebroregionen\/wp-content\/uploads\/sites\/25\/2024\/05\/9.9-1536x2048.png 1536w, https:\/\/nyforetagarcentrum.se\/orebroregionen\/wp-content\/uploads\/sites\/25\/2024\/05\/9.9-810x1080.png 810w\" sizes=\"(max-width: 768px) 100vw, 768px\" \/>            <\/div>\n\n    <div class=\"content-wrapper\">\n        <h3>Janis Lancereau, Verksamhetsledare<\/h3>\n\n                    <div class=\"excerpt\">\n                Janis Lancereau \u00e4r verksamhetsledare f\u00f6r Nyf\u00f6retagarCentrum \u00d6rebroregionen.  Har verkat i startat eget branschen i n\u00e4stan 30 \u00e5r och har coachat tusentals entrepren\u00f6rer. Han \u00e4r utbildad personalvetare, driver egna bolag och har erfarenhet fr\u00e5n utbildnings-, rekryterings-, rese- och eventbranschen. <br \/>\r\n<br \/>\r\nJanis \u00e4r generalist men starkast p\u00e5 personalfr\u00e5gor och organisering.<br \/>\r\n<br \/>\r\nJanis kan r\u00e5dgiva p\u00e5 svenska, engelska och franska.<br \/>\r\n            <\/div>\n        \n        <div class=\"links\">\n\n            \n                    <\/div>\n        \n    <\/div>\n<\/div><div class=\"person-large-card\">\n    \n    <div class=\"featured_image\">\n                    <img loading=\"lazy\" decoding=\"async\" width=\"768\" height=\"1024\" src=\"https:\/\/nyforetagarcentrum.se\/orebroregionen\/wp-content\/uploads\/sites\/25\/2024\/05\/3.3-768x1024.png\" class=\"attachment-large size-large\" alt=\"\" srcset=\"https:\/\/nyforetagarcentrum.se\/orebroregionen\/wp-content\/uploads\/sites\/25\/2024\/05\/3.3-768x1024.png 768w, https:\/\/nyforetagarcentrum.se\/orebroregionen\/wp-content\/uploads\/sites\/25\/2024\/05\/3.3-225x300.png 225w, https:\/\/nyforetagarcentrum.se\/orebroregionen\/wp-content\/uploads\/sites\/25\/2024\/05\/3.3-1152x1536.png 1152w, https:\/\/nyforetagarcentrum.se\/orebroregionen\/wp-content\/uploads\/sites\/25\/2024\/05\/3.3-1536x2048.png 1536w, https:\/\/nyforetagarcentrum.se\/orebroregionen\/wp-content\/uploads\/sites\/25\/2024\/05\/3.3-810x1080.png 810w\" sizes=\"(max-width: 768px) 100vw, 768px\" \/>            <\/div>\n\n    <div class=\"content-wrapper\">\n        <h3>Rade Blanusa, \u00d6rebro<\/h3>\n\n                    <div class=\"excerpt\">\n                Rade Blanusa  \u00e4r ekonomisk r\u00e5dgivare och hj\u00e4lper f\u00f6retag under uppstart med r\u00e5dgivning i allm\u00e4nna ekonomifr\u00e5gor,  bank och finansieringsfr\u00e5gor. <br \/>\r\n<br \/>\r\nRade Blanusa  har en bred erfarenhet av arbetet i Almi  F\u00f6retagspartner sedan 2004 och har bl a varit f\u00f6retagsr\u00e5dgivare f\u00f6r b\u00e5de mindre och st\u00f6rre f\u00f6retag.<br \/>\r\n<br \/>\r\n            <\/div>\n        \n        <div class=\"links\">\n\n            \n                    <\/div>\n        \n    <\/div>\n<\/div><div class=\"person-large-card\">\n    \n    <div class=\"featured_image\">\n                    <img loading=\"lazy\" decoding=\"async\" width=\"845\" height=\"1024\" src=\"https:\/\/nyforetagarcentrum.se\/orebroregionen\/wp-content\/uploads\/sites\/25\/2024\/02\/12.12-845x1024.png\" class=\"attachment-large size-large\" alt=\"\" srcset=\"https:\/\/nyforetagarcentrum.se\/orebroregionen\/wp-content\/uploads\/sites\/25\/2024\/02\/12.12-845x1024.png 845w, https:\/\/nyforetagarcentrum.se\/orebroregionen\/wp-content\/uploads\/sites\/25\/2024\/02\/12.12-248x300.png 248w, https:\/\/nyforetagarcentrum.se\/orebroregionen\/wp-content\/uploads\/sites\/25\/2024\/02\/12.12-768x931.png 768w, https:\/\/nyforetagarcentrum.se\/orebroregionen\/wp-content\/uploads\/sites\/25\/2024\/02\/12.12-1267x1536.png 1267w, https:\/\/nyforetagarcentrum.se\/orebroregionen\/wp-content\/uploads\/sites\/25\/2024\/02\/12.12-1690x2048.png 1690w, https:\/\/nyforetagarcentrum.se\/orebroregionen\/wp-content\/uploads\/sites\/25\/2024\/02\/12.12-891x1080.png 891w\" sizes=\"(max-width: 845px) 100vw, 845px\" \/>            <\/div>\n\n    <div class=\"content-wrapper\">\n        <h3>Frida Gustafsson, \u00d6rebro<\/h3>\n\n                    <div class=\"excerpt\">\n                Frida Gustafsson, Diplomerad r\u00e5dgivare med erfarenhet av att starta, driva och s\u00e4lja f\u00f6retag med inriktning p\u00e5 ekonomi och s\u00e4lj.<br \/>\r\n <br \/>\r\nFridas huvudomr\u00e5de \u00e4r k\u00f6p, s\u00e4lj och v\u00e4rdering av f\u00f6retag\/fastigheter och alla fr\u00e5gor som r\u00f6r en f\u00f6retags\u00f6verl\u00e5telse. Hon har \u00e4ven erfarenhet av att hj\u00e4lpa nystartade f\u00f6retag med de bitar som \u00e4r aktuella i startskedet t. ex aff\u00e4rsplan, budget, val av bolagsform, bokf\u00f6ring etc. Detta g\u00e5r \u00e4ven applicera p\u00e5 lite mer etablerade f\u00f6retag som vill utvecklas vidare. Fridas bakgrund \u00e4r en utbildning inom ekonomi och juridik, samt att hon drivit egna f\u00f6retag inom bokf\u00f6ring, fastighetsf\u00f6rvaltning och som f\u00f6retagsm\u00e4klare.<br \/>\r\n <br \/>\r\n            <\/div>\n        \n        <div class=\"links\">\n\n            \n                    <\/div>\n        \n    <\/div>\n<\/div>        <\/div>\n    <\/div>\n<\/section>\n\n\n<div style=\"height:100px\" aria-hidden=\"true\" class=\"wp-block-spacer\"><\/div>\n","protected":false},"excerpt":{"rendered":"","protected":false},"author":1,"featured_media":343,"parent":0,"menu_order":0,"comment_status":"closed","ping_status":"closed","template":"","meta":{"footnotes":""},"acf":[],"yoast_head":"<!-- This site is optimized with the Yoast SEO plugin v22.9 - https:\/\/yoast.com\/wordpress\/plugins\/seo\/ -->\n<title>V\u00e5ra r\u00e5dgivare - \u00d6rebroregionen<\/title>\n<meta name=\"robots\" content=\"index, follow, max-snippet:-1, max-image-preview:large, max-video-preview:-1\" \/>\n<link rel=\"canonical\" href=\"https:\/\/nyforetagarcentrum.se\/orebroregionen\/vara-radgivare\/\" \/>\n<meta property=\"og:locale\" content=\"sv_SE\" \/>\n<meta property=\"og:type\" content=\"article\" \/>\n<meta property=\"og:title\" content=\"V\u00e5ra r\u00e5dgivare - \u00d6rebroregionen\" \/>\n<meta property=\"og:url\" content=\"https:\/\/nyforetagarcentrum.se\/orebroregionen\/vara-radgivare\/\" \/>\n<meta property=\"og:site_name\" content=\"\u00d6rebroregionen\" \/>\n<meta property=\"article:modified_time\" content=\"2024-05-14T12:52:39+00:00\" \/>\n<meta property=\"og:image\" content=\"https:\/\/nyforetagarcentrum.se\/orebroregionen\/wp-content\/uploads\/sites\/25\/2024\/02\/cropped-cropped-NFC_CMYK_2010_logo.png\" \/>\n\t<meta property=\"og:image:width\" content=\"512\" \/>\n\t<meta property=\"og:image:height\" content=\"512\" \/>\n\t<meta property=\"og:image:type\" content=\"image\/png\" \/>\n<meta name=\"twitter:card\" content=\"summary_large_image\" \/>\n<script type=\"application\/ld+json\" class=\"yoast-schema-graph\">{\"@context\":\"https:\/\/schema.org\",\"@graph\":[{\"@type\":\"WebPage\",\"@id\":\"https:\/\/nyforetagarcentrum.se\/orebroregionen\/vara-radgivare\/\",\"url\":\"https:\/\/nyforetagarcentrum.se\/orebroregionen\/vara-radgivare\/\",\"name\":\"V\u00e5ra r\u00e5dgivare - \u00d6rebroregionen\",\"isPartOf\":{\"@id\":\"https:\/\/nyforetagarcentrum.se\/orebroregionen\/#website\"},\"primaryImageOfPage\":{\"@id\":\"https:\/\/nyforetagarcentrum.se\/orebroregionen\/vara-radgivare\/#primaryimage\"},\"image\":{\"@id\":\"https:\/\/nyforetagarcentrum.se\/orebroregionen\/vara-radgivare\/#primaryimage\"},\"thumbnailUrl\":\"https:\/\/nyforetagarcentrum.se\/orebroregionen\/wp-content\/uploads\/sites\/25\/2024\/02\/cropped-cropped-NFC_CMYK_2010_logo.png\",\"datePublished\":\"2024-02-29T12:59:39+00:00\",\"dateModified\":\"2024-05-14T12:52:39+00:00\",\"breadcrumb\":{\"@id\":\"https:\/\/nyforetagarcentrum.se\/orebroregionen\/vara-radgivare\/#breadcrumb\"},\"inLanguage\":\"sv-SE\",\"potentialAction\":[{\"@type\":\"ReadAction\",\"target\":[\"https:\/\/nyforetagarcentrum.se\/orebroregionen\/vara-radgivare\/\"]}]},{\"@type\":\"ImageObject\",\"inLanguage\":\"sv-SE\",\"@id\":\"https:\/\/nyforetagarcentrum.se\/orebroregionen\/vara-radgivare\/#primaryimage\",\"url\":\"https:\/\/nyforetagarcentrum.se\/orebroregionen\/wp-content\/uploads\/sites\/25\/2024\/02\/cropped-cropped-NFC_CMYK_2010_logo.png\",\"contentUrl\":\"https:\/\/nyforetagarcentrum.se\/orebroregionen\/wp-content\/uploads\/sites\/25\/2024\/02\/cropped-cropped-NFC_CMYK_2010_logo.png\",\"width\":512,\"height\":512},{\"@type\":\"BreadcrumbList\",\"@id\":\"https:\/\/nyforetagarcentrum.se\/orebroregionen\/vara-radgivare\/#breadcrumb\",\"itemListElement\":[{\"@type\":\"ListItem\",\"position\":1,\"name\":\"Hem\",\"item\":\"https:\/\/nyforetagarcentrum.se\/orebroregionen\/\"},{\"@type\":\"ListItem\",\"position\":2,\"name\":\"V\u00e5ra r\u00e5dgivare\"}]},{\"@type\":\"WebSite\",\"@id\":\"https:\/\/nyforetagarcentrum.se\/orebroregionen\/#website\",\"url\":\"https:\/\/nyforetagarcentrum.se\/orebroregionen\/\",\"name\":\"\u00d6rebroregionen\",\"description\":\"Sveriges ledande kraft f\u00f6r fler nya livskraftiga f\u00f6retag\",\"publisher\":{\"@id\":\"https:\/\/nyforetagarcentrum.se\/orebroregionen\/#organization\"},\"potentialAction\":[{\"@type\":\"SearchAction\",\"target\":{\"@type\":\"EntryPoint\",\"urlTemplate\":\"https:\/\/nyforetagarcentrum.se\/orebroregionen\/?s={search_term_string}\"},\"query-input\":\"required name=search_term_string\"}],\"inLanguage\":\"sv-SE\"},{\"@type\":\"Organization\",\"@id\":\"https:\/\/nyforetagarcentrum.se\/orebroregionen\/#organization\",\"name\":\"\u00d6rebroregionen\",\"url\":\"https:\/\/nyforetagarcentrum.se\/orebroregionen\/\",\"logo\":{\"@type\":\"ImageObject\",\"inLanguage\":\"sv-SE\",\"@id\":\"https:\/\/nyforetagarcentrum.se\/orebroregionen\/#\/schema\/logo\/image\/\",\"url\":\"https:\/\/nyforetagarcentrum.se\/orebroregionen\/wp-content\/uploads\/sites\/25\/2024\/05\/orebroregionen.png\",\"contentUrl\":\"https:\/\/nyforetagarcentrum.se\/orebroregionen\/wp-content\/uploads\/sites\/25\/2024\/05\/orebroregionen.png\",\"width\":210,\"height\":102,\"caption\":\"\u00d6rebroregionen\"},\"image\":{\"@id\":\"https:\/\/nyforetagarcentrum.se\/orebroregionen\/#\/schema\/logo\/image\/\"}}]}<\/script>\n<!-- \/ Yoast SEO plugin. -->","yoast_head_json":{"title":"V\u00e5ra r\u00e5dgivare - \u00d6rebroregionen","robots":{"index":"index","follow":"follow","max-snippet":"max-snippet:-1","max-image-preview":"max-image-preview:large","max-video-preview":"max-video-preview:-1"},"canonical":"https:\/\/nyforetagarcentrum.se\/orebroregionen\/vara-radgivare\/","og_locale":"sv_SE","og_type":"article","og_title":"V\u00e5ra r\u00e5dgivare - \u00d6rebroregionen","og_url":"https:\/\/nyforetagarcentrum.se\/orebroregionen\/vara-radgivare\/","og_site_name":"\u00d6rebroregionen","article_modified_time":"2024-05-14T12:52:39+00:00","og_image":[{"width":512,"height":512,"url":"https:\/\/nyforetagarcentrum.se\/orebroregionen\/wp-content\/uploads\/sites\/25\/2024\/02\/cropped-cropped-NFC_CMYK_2010_logo.png","type":"image\/png"}],"twitter_card":"summary_large_image","schema":{"@context":"https:\/\/schema.org","@graph":[{"@type":"WebPage","@id":"https:\/\/nyforetagarcentrum.se\/orebroregionen\/vara-radgivare\/","url":"https:\/\/nyforetagarcentrum.se\/orebroregionen\/vara-radgivare\/","name":"V\u00e5ra r\u00e5dgivare - \u00d6rebroregionen","isPartOf":{"@id":"https:\/\/nyforetagarcentrum.se\/orebroregionen\/#website"},"primaryImageOfPage":{"@id":"https:\/\/nyforetagarcentrum.se\/orebroregionen\/vara-radgivare\/#primaryimage"},"image":{"@id":"https:\/\/nyforetagarcentrum.se\/orebroregionen\/vara-radgivare\/#primaryimage"},"thumbnailUrl":"https:\/\/nyforetagarcentrum.se\/orebroregionen\/wp-content\/uploads\/sites\/25\/2024\/02\/cropped-cropped-NFC_CMYK_2010_logo.png","datePublished":"2024-02-29T12:59:39+00:00","dateModified":"2024-05-14T12:52:39+00:00","breadcrumb":{"@id":"https:\/\/nyforetagarcentrum.se\/orebroregionen\/vara-radgivare\/#breadcrumb"},"inLanguage":"sv-SE","potentialAction":[{"@type":"ReadAction","target":["https:\/\/nyforetagarcentrum.se\/orebroregionen\/vara-radgivare\/"]}]},{"@type":"ImageObject","inLanguage":"sv-SE","@id":"https:\/\/nyforetagarcentrum.se\/orebroregionen\/vara-radgivare\/#primaryimage","url":"https:\/\/nyforetagarcentrum.se\/orebroregionen\/wp-content\/uploads\/sites\/25\/2024\/02\/cropped-cropped-NFC_CMYK_2010_logo.png","contentUrl":"https:\/\/nyforetagarcentrum.se\/orebroregionen\/wp-content\/uploads\/sites\/25\/2024\/02\/cropped-cropped-NFC_CMYK_2010_logo.png","width":512,"height":512},{"@type":"BreadcrumbList","@id":"https:\/\/nyforetagarcentrum.se\/orebroregionen\/vara-radgivare\/#breadcrumb","itemListElement":[{"@type":"ListItem","position":1,"name":"Hem","item":"https:\/\/nyforetagarcentrum.se\/orebroregionen\/"},{"@type":"ListItem","position":2,"name":"V\u00e5ra r\u00e5dgivare"}]},{"@type":"WebSite","@id":"https:\/\/nyforetagarcentrum.se\/orebroregionen\/#website","url":"https:\/\/nyforetagarcentrum.se\/orebroregionen\/","name":"\u00d6rebroregionen","description":"Sveriges ledande kraft f\u00f6r fler nya livskraftiga f\u00f6retag","publisher":{"@id":"https:\/\/nyforetagarcentrum.se\/orebroregionen\/#organization"},"potentialAction":[{"@type":"SearchAction","target":{"@type":"EntryPoint","urlTemplate":"https:\/\/nyforetagarcentrum.se\/orebroregionen\/?s={search_term_string}"},"query-input":"required name=search_term_string"}],"inLanguage":"sv-SE"},{"@type":"Organization","@id":"https:\/\/nyforetagarcentrum.se\/orebroregionen\/#organization","name":"\u00d6rebroregionen","url":"https:\/\/nyforetagarcentrum.se\/orebroregionen\/","logo":{"@type":"ImageObject","inLanguage":"sv-SE","@id":"https:\/\/nyforetagarcentrum.se\/orebroregionen\/#\/schema\/logo\/image\/","url":"https:\/\/nyforetagarcentrum.se\/orebroregionen\/wp-content\/uploads\/sites\/25\/2024\/05\/orebroregionen.png","contentUrl":"https:\/\/nyforetagarcentrum.se\/orebroregionen\/wp-content\/uploads\/sites\/25\/2024\/05\/orebroregionen.png","width":210,"height":102,"caption":"\u00d6rebroregionen"},"image":{"@id":"https:\/\/nyforetagarcentrum.se\/orebroregionen\/#\/schema\/logo\/image\/"}}]}},"_links":{"self":[{"href":"https:\/\/nyforetagarcentrum.se\/orebroregionen\/wp-json\/wp\/v2\/pages\/239"}],"collection":[{"href":"https:\/\/nyforetagarcentrum.se\/orebroregionen\/wp-json\/wp\/v2\/pages"}],"about":[{"href":"https:\/\/nyforetagarcentrum.se\/orebroregionen\/wp-json\/wp\/v2\/types\/page"}],"author":[{"embeddable":true,"href":"https:\/\/nyforetagarcentrum.se\/orebroregionen\/wp-json\/wp\/v2\/users\/1"}],"replies":[{"embeddable":true,"href":"https:\/\/nyforetagarcentrum.se\/orebroregionen\/wp-json\/wp\/v2\/comments?post=239"}],"version-history":[{"count":9,"href":"https:\/\/nyforetagarcentrum.se\/orebroregionen\/wp-json\/wp\/v2\/pages\/239\/revisions"}],"predecessor-version":[{"id":467,"href":"https:\/\/nyforetagarcentrum.se\/orebroregionen\/wp-json\/wp\/v2\/pages\/239\/revisions\/467"}],"wp:featuredmedia":[{"embeddable":true,"href":"https:\/\/nyforetagarcentrum.se\/orebroregionen\/wp-json\/wp\/v2\/media\/343"}],"wp:attachment":[{"href":"https:\/\/nyforetagarcentrum.se\/orebroregionen\/wp-json\/wp\/v2\/media?parent=239"}],"curies":[{"name":"wp","href":"https:\/\/api.w.org\/{rel}","templated":true}]}}