{"id":48,"date":"2024-02-22T10:29:05","date_gmt":"2024-02-22T09:29:05","guid":{"rendered":"https:\/\/nyforetagarcentrum.se\/olofstrom\/?page_id=48"},"modified":"2025-04-10T16:47:24","modified_gmt":"2025-04-10T14:47:24","slug":"erbjudanden","status":"publish","type":"page","link":"https:\/\/nyforetagarcentrum.se\/olofstrom\/erbjudanden\/","title":{"rendered":"Erbjudanden"},"content":{"rendered":"<section  class=\"nfc-block-hero alignfull\">\n\n    <img loading=\"lazy\" decoding=\"async\" width=\"1512\" height=\"745\" src=\"https:\/\/nyforetagarcentrum.se\/olofstrom\/wp-content\/uploads\/sites\/66\/2024\/02\/Topp-banner-2.png\" class=\"attachment-landscape size-landscape\" alt=\"\" srcset=\"https:\/\/nyforetagarcentrum.se\/olofstrom\/wp-content\/uploads\/sites\/66\/2024\/02\/Topp-banner-2.png 1512w, https:\/\/nyforetagarcentrum.se\/olofstrom\/wp-content\/uploads\/sites\/66\/2024\/02\/Topp-banner-2-300x148.png 300w, https:\/\/nyforetagarcentrum.se\/olofstrom\/wp-content\/uploads\/sites\/66\/2024\/02\/Topp-banner-2-1024x505.png 1024w, https:\/\/nyforetagarcentrum.se\/olofstrom\/wp-content\/uploads\/sites\/66\/2024\/02\/Topp-banner-2-768x378.png 768w\" sizes=\"(max-width: 1512px) 100vw, 1512px\" \/>\n    <div class=\"contained\">\n        <h1 class=\"nfc-block-hero__heading\">V\u00e5ra erbjudanden till dig som \u00e4r f\u00f6retagare<\/h1>\n\n            <\/div>\n<\/section>\n\n\n<div style=\"height:50px\" aria-hidden=\"true\" class=\"wp-block-spacer\"><\/div>\n\n\n<section  class=\"nfc-block-breadcrumbs\">\n    <div class=\"wrapper contained\">\n        <ol class=\"breadcrumbs\" itemscope itemtype=\"https:\/\/schema.org\/BreadcrumbList\">\n            <li itemprop=\"itemListElement\" itemscope itemtype=\"https:\/\/schema.org\/ListItem\">\n            \n\n                            <span class=\"current\" itemprop=\"name\">Hem<\/span>\n            \n            <meta itemprop=\"position\" content=\"1\" \/>\n        <\/li>\n    <\/ol>    <\/div>\n<\/section>\n\n\n<h2 class=\"wp-block-heading alignwide has-x-large-font-size\">Ta del av exklusiva erbjudanden<\/h2>\n\n\n<section  class=\"nfc-block-offer_grid alignwide layout-small\">\n    <div class=\"contained\">\n\n        <div class=\"filter-row\">\n            \n                            <button id=\"local-offers-button\">\n                    Lokala partners\n                <\/button>\n                <button id=\"national-offers-button\" class=\"outlined\">\n                    Nationella partners\n                <\/button>\n                    <\/div>\n\n        <div class=\"grid\" id=\"offers-grid\">\n            <div class=\"offer-card\">\n\n    <div class=\"gallery-wrapper\">\n                    <div class=\"selected-media\">\n                                    <img loading=\"lazy\" decoding=\"async\" width=\"683\" height=\"1024\" src=\"https:\/\/nyforetagarcentrum.se\/olofstrom\/wp-content\/uploads\/sites\/66\/2024\/02\/074fbd4f185748329fcc0d3630a184b2-720x1080-1-683x1024.png\" class=\"attachment-large size-large\" alt=\"\" srcset=\"https:\/\/nyforetagarcentrum.se\/olofstrom\/wp-content\/uploads\/sites\/66\/2024\/02\/074fbd4f185748329fcc0d3630a184b2-720x1080-1-683x1024.png 683w, https:\/\/nyforetagarcentrum.se\/olofstrom\/wp-content\/uploads\/sites\/66\/2024\/02\/074fbd4f185748329fcc0d3630a184b2-720x1080-1-200x300.png 200w, https:\/\/nyforetagarcentrum.se\/olofstrom\/wp-content\/uploads\/sites\/66\/2024\/02\/074fbd4f185748329fcc0d3630a184b2-720x1080-1.png 720w\" sizes=\"(max-width: 683px) 100vw, 683px\" \/>                            <\/div>\n        \n            <\/div>\n\n\n    <div class=\"content-wrapper\">\n        \n        <h3>Erbjudande<\/h3>\n\n        \n        <div class=\"content\">\n            <p>Hos oss f\u00e5r du hj\u00e4lp att ta steget till eget och starta f\u00f6retag. Vi erbjuder kostnadsfri r\u00e5dgivning kring hur du g\u00f6r verklighet av din id\u00e9. Vi guidar dig genom startprocessen och hj\u00e4lper dig med fr\u00e5gor som r\u00f6r till exempel aff\u00e4rsid\u00e9, marknad, budget, avtal, f\u00f6rs\u00e4kringar och mycket mer.<\/p>\n<p>V\u00e5r r\u00e5dgivning \u00e4r alltid konfidentiell, objektiv samt\u00a0helt\u00a0kostnadsfri tack vare v\u00e5ra partners som st\u00f6djer oss s\u00e5v\u00e4l finansiellt som med kunskap och engagemang.<\/p>\n<p>Vi hj\u00e4lper sm\u00e5f\u00f6retagare p\u00e5 alla s\u00e4tt vi kan, som n\u00e5gon att prata med, f\u00f6r r\u00e5d och tips samt h\u00e4nvisning till var man kan f\u00e5 mer information. Stora f\u00f6retag har egna resurser, men f\u00f6r sm\u00e5 f\u00f6retag s\u00e5 finns vi d\u00e4r.<\/p>\n<p>Vill du hellre f\u00e5 r\u00e5dgivningen digitalt? Inga problem! Boka en ledig tid eller ring\/maila oss om du vill ses online.<\/p>\n        <\/div>\n\n            <\/div>\n<\/div>        <\/div>\n    <\/div>\n<\/section>\n\n\n<div style=\"height:80px\" aria-hidden=\"true\" class=\"wp-block-spacer\"><\/div>\n","protected":false},"excerpt":{"rendered":"<p>Ta del av exklusiva erbjudanden<\/p>\n","protected":false},"author":1,"featured_media":0,"parent":0,"menu_order":0,"comment_status":"closed","ping_status":"closed","template":"","meta":{"footnotes":""},"acf":[],"yoast_head":"<!-- This site is optimized with the Yoast SEO plugin v22.9 - https:\/\/yoast.com\/wordpress\/plugins\/seo\/ -->\n<title>Erbjudanden - Olofstr\u00f6m<\/title>\n<meta name=\"robots\" content=\"index, follow, max-snippet:-1, max-image-preview:large, max-video-preview:-1\" \/>\n<link rel=\"canonical\" href=\"https:\/\/nyforetagarcentrum.se\/olofstrom\/erbjudanden\/\" \/>\n<meta property=\"og:locale\" content=\"sv_SE\" \/>\n<meta property=\"og:type\" content=\"article\" \/>\n<meta property=\"og:title\" content=\"Erbjudanden - Olofstr\u00f6m\" \/>\n<meta property=\"og:description\" content=\"Ta del av exklusiva erbjudanden\" \/>\n<meta property=\"og:url\" content=\"https:\/\/nyforetagarcentrum.se\/olofstrom\/erbjudanden\/\" \/>\n<meta property=\"og:site_name\" content=\"Olofstr\u00f6m\" \/>\n<meta property=\"article:modified_time\" content=\"2025-04-10T14:47:24+00:00\" \/>\n<meta name=\"twitter:card\" content=\"summary_large_image\" \/>\n<meta name=\"twitter:label1\" content=\"Ber\u00e4knad l\u00e4stid\" \/>\n\t<meta name=\"twitter:data1\" content=\"1 minut\" \/>\n<script type=\"application\/ld+json\" class=\"yoast-schema-graph\">{\"@context\":\"https:\/\/schema.org\",\"@graph\":[{\"@type\":\"WebPage\",\"@id\":\"https:\/\/nyforetagarcentrum.se\/olofstrom\/erbjudanden\/\",\"url\":\"https:\/\/nyforetagarcentrum.se\/olofstrom\/erbjudanden\/\",\"name\":\"Erbjudanden - Olofstr\u00f6m\",\"isPartOf\":{\"@id\":\"https:\/\/nyforetagarcentrum.se\/olofstrom\/#website\"},\"datePublished\":\"2024-02-22T09:29:05+00:00\",\"dateModified\":\"2025-04-10T14:47:24+00:00\",\"breadcrumb\":{\"@id\":\"https:\/\/nyforetagarcentrum.se\/olofstrom\/erbjudanden\/#breadcrumb\"},\"inLanguage\":\"sv-SE\",\"potentialAction\":[{\"@type\":\"ReadAction\",\"target\":[\"https:\/\/nyforetagarcentrum.se\/olofstrom\/erbjudanden\/\"]}]},{\"@type\":\"BreadcrumbList\",\"@id\":\"https:\/\/nyforetagarcentrum.se\/olofstrom\/erbjudanden\/#breadcrumb\",\"itemListElement\":[{\"@type\":\"ListItem\",\"position\":1,\"name\":\"Hem\",\"item\":\"https:\/\/nyforetagarcentrum.se\/olofstrom\/\"},{\"@type\":\"ListItem\",\"position\":2,\"name\":\"Erbjudanden\"}]},{\"@type\":\"WebSite\",\"@id\":\"https:\/\/nyforetagarcentrum.se\/olofstrom\/#website\",\"url\":\"https:\/\/nyforetagarcentrum.se\/olofstrom\/\",\"name\":\"Olofstr\u00f6m\",\"description\":\"f\u00f6retagSveriges ledande kraft f\u00f6r fler nya livskraftiga\",\"publisher\":{\"@id\":\"https:\/\/nyforetagarcentrum.se\/olofstrom\/#organization\"},\"potentialAction\":[{\"@type\":\"SearchAction\",\"target\":{\"@type\":\"EntryPoint\",\"urlTemplate\":\"https:\/\/nyforetagarcentrum.se\/olofstrom\/?s={search_term_string}\"},\"query-input\":\"required name=search_term_string\"}],\"inLanguage\":\"sv-SE\"},{\"@type\":\"Organization\",\"@id\":\"https:\/\/nyforetagarcentrum.se\/olofstrom\/#organization\",\"name\":\"Olofstr\u00f6m\",\"url\":\"https:\/\/nyforetagarcentrum.se\/olofstrom\/\",\"logo\":{\"@type\":\"ImageObject\",\"inLanguage\":\"sv-SE\",\"@id\":\"https:\/\/nyforetagarcentrum.se\/olofstrom\/#\/schema\/logo\/image\/\",\"url\":\"https:\/\/nyforetagarcentrum.se\/olofstrom\/wp-content\/uploads\/sites\/66\/2024\/07\/olofstrom_bla.png\",\"contentUrl\":\"https:\/\/nyforetagarcentrum.se\/olofstrom\/wp-content\/uploads\/sites\/66\/2024\/07\/olofstrom_bla.png\",\"width\":870,\"height\":355,\"caption\":\"Olofstr\u00f6m\"},\"image\":{\"@id\":\"https:\/\/nyforetagarcentrum.se\/olofstrom\/#\/schema\/logo\/image\/\"}}]}<\/script>\n<!-- \/ Yoast SEO plugin. -->","yoast_head_json":{"title":"Erbjudanden - Olofstr\u00f6m","robots":{"index":"index","follow":"follow","max-snippet":"max-snippet:-1","max-image-preview":"max-image-preview:large","max-video-preview":"max-video-preview:-1"},"canonical":"https:\/\/nyforetagarcentrum.se\/olofstrom\/erbjudanden\/","og_locale":"sv_SE","og_type":"article","og_title":"Erbjudanden - Olofstr\u00f6m","og_description":"Ta del av exklusiva erbjudanden","og_url":"https:\/\/nyforetagarcentrum.se\/olofstrom\/erbjudanden\/","og_site_name":"Olofstr\u00f6m","article_modified_time":"2025-04-10T14:47:24+00:00","twitter_card":"summary_large_image","twitter_misc":{"Ber\u00e4knad l\u00e4stid":"1 minut"},"schema":{"@context":"https:\/\/schema.org","@graph":[{"@type":"WebPage","@id":"https:\/\/nyforetagarcentrum.se\/olofstrom\/erbjudanden\/","url":"https:\/\/nyforetagarcentrum.se\/olofstrom\/erbjudanden\/","name":"Erbjudanden - Olofstr\u00f6m","isPartOf":{"@id":"https:\/\/nyforetagarcentrum.se\/olofstrom\/#website"},"datePublished":"2024-02-22T09:29:05+00:00","dateModified":"2025-04-10T14:47:24+00:00","breadcrumb":{"@id":"https:\/\/nyforetagarcentrum.se\/olofstrom\/erbjudanden\/#breadcrumb"},"inLanguage":"sv-SE","potentialAction":[{"@type":"ReadAction","target":["https:\/\/nyforetagarcentrum.se\/olofstrom\/erbjudanden\/"]}]},{"@type":"BreadcrumbList","@id":"https:\/\/nyforetagarcentrum.se\/olofstrom\/erbjudanden\/#breadcrumb","itemListElement":[{"@type":"ListItem","position":1,"name":"Hem","item":"https:\/\/nyforetagarcentrum.se\/olofstrom\/"},{"@type":"ListItem","position":2,"name":"Erbjudanden"}]},{"@type":"WebSite","@id":"https:\/\/nyforetagarcentrum.se\/olofstrom\/#website","url":"https:\/\/nyforetagarcentrum.se\/olofstrom\/","name":"Olofstr\u00f6m","description":"f\u00f6retagSveriges ledande kraft f\u00f6r fler nya livskraftiga","publisher":{"@id":"https:\/\/nyforetagarcentrum.se\/olofstrom\/#organization"},"potentialAction":[{"@type":"SearchAction","target":{"@type":"EntryPoint","urlTemplate":"https:\/\/nyforetagarcentrum.se\/olofstrom\/?s={search_term_string}"},"query-input":"required name=search_term_string"}],"inLanguage":"sv-SE"},{"@type":"Organization","@id":"https:\/\/nyforetagarcentrum.se\/olofstrom\/#organization","name":"Olofstr\u00f6m","url":"https:\/\/nyforetagarcentrum.se\/olofstrom\/","logo":{"@type":"ImageObject","inLanguage":"sv-SE","@id":"https:\/\/nyforetagarcentrum.se\/olofstrom\/#\/schema\/logo\/image\/","url":"https:\/\/nyforetagarcentrum.se\/olofstrom\/wp-content\/uploads\/sites\/66\/2024\/07\/olofstrom_bla.png","contentUrl":"https:\/\/nyforetagarcentrum.se\/olofstrom\/wp-content\/uploads\/sites\/66\/2024\/07\/olofstrom_bla.png","width":870,"height":355,"caption":"Olofstr\u00f6m"},"image":{"@id":"https:\/\/nyforetagarcentrum.se\/olofstrom\/#\/schema\/logo\/image\/"}}]}},"_links":{"self":[{"href":"https:\/\/nyforetagarcentrum.se\/olofstrom\/wp-json\/wp\/v2\/pages\/48"}],"collection":[{"href":"https:\/\/nyforetagarcentrum.se\/olofstrom\/wp-json\/wp\/v2\/pages"}],"about":[{"href":"https:\/\/nyforetagarcentrum.se\/olofstrom\/wp-json\/wp\/v2\/types\/page"}],"author":[{"embeddable":true,"href":"https:\/\/nyforetagarcentrum.se\/olofstrom\/wp-json\/wp\/v2\/users\/1"}],"replies":[{"embeddable":true,"href":"https:\/\/nyforetagarcentrum.se\/olofstrom\/wp-json\/wp\/v2\/comments?post=48"}],"version-history":[{"count":10,"href":"https:\/\/nyforetagarcentrum.se\/olofstrom\/wp-json\/wp\/v2\/pages\/48\/revisions"}],"predecessor-version":[{"id":453,"href":"https:\/\/nyforetagarcentrum.se\/olofstrom\/wp-json\/wp\/v2\/pages\/48\/revisions\/453"}],"wp:attachment":[{"href":"https:\/\/nyforetagarcentrum.se\/olofstrom\/wp-json\/wp\/v2\/media?parent=48"}],"curies":[{"name":"wp","href":"https:\/\/api.w.org\/{rel}","templated":true}]}}