{"id":93,"date":"2024-02-22T10:59:00","date_gmt":"2024-02-22T09:59:00","guid":{"rendered":"https:\/\/nyforetagarcentrum.se\/nykoping\/?page_id=93"},"modified":"2025-06-24T11:28:53","modified_gmt":"2025-06-24T09:28:53","slug":"radgivning","status":"publish","type":"page","link":"https:\/\/nyforetagarcentrum.se\/nykoping\/radgivning\/","title":{"rendered":"R\u00e5dgivning"},"content":{"rendered":"<section  class=\"nfc-block-breadcrumbs alignwide\">\n    <div class=\"wrapper contained\">\n        <ol class=\"breadcrumbs\" itemscope itemtype=\"https:\/\/schema.org\/BreadcrumbList\">\n            <li itemprop=\"itemListElement\" itemscope itemtype=\"https:\/\/schema.org\/ListItem\">\n            \n\n                            <span class=\"current\" itemprop=\"name\">Hem<\/span>\n            \n            <meta itemprop=\"position\" content=\"1\" \/>\n        <\/li>\n    <\/ol>    <\/div>\n<\/section>\n\n<section  class=\"nfc-block-hero alignfull\">\n\n    <img loading=\"lazy\" decoding=\"async\" width=\"1707\" height=\"960\" src=\"https:\/\/nyforetagarcentrum.se\/nykoping\/wp-content\/uploads\/sites\/41\/2024\/04\/radgivning-NFC_16x9_1280x720.jpg\" class=\"attachment-landscape size-landscape\" alt=\"R\u00e5dgivning\" srcset=\"https:\/\/nyforetagarcentrum.se\/nykoping\/wp-content\/uploads\/sites\/41\/2024\/04\/radgivning-NFC_16x9_1280x720.jpg 1707w, https:\/\/nyforetagarcentrum.se\/nykoping\/wp-content\/uploads\/sites\/41\/2024\/04\/radgivning-NFC_16x9_1280x720-300x169.jpg 300w, https:\/\/nyforetagarcentrum.se\/nykoping\/wp-content\/uploads\/sites\/41\/2024\/04\/radgivning-NFC_16x9_1280x720-1024x576.jpg 1024w, https:\/\/nyforetagarcentrum.se\/nykoping\/wp-content\/uploads\/sites\/41\/2024\/04\/radgivning-NFC_16x9_1280x720-768x432.jpg 768w, https:\/\/nyforetagarcentrum.se\/nykoping\/wp-content\/uploads\/sites\/41\/2024\/04\/radgivning-NFC_16x9_1280x720-1536x864.jpg 1536w\" sizes=\"(max-width: 1707px) 100vw, 1707px\" \/>\n    <div class=\"contained\">\n        <h1 class=\"nfc-block-hero__heading\">R\u00e5dgivning<\/h1>\n\n            <\/div>\n<\/section>\n\n\n<div style=\"height:3rem\" aria-hidden=\"true\" class=\"wp-block-spacer\"><\/div>\n\n\n<section  class=\"nfc-block-split_screen alignwide image_alignment-right mobile_full_width\">\n    <div class=\"wrapper\">\n        <div class=\"nfc-block-split_screen__image-wrapper\">\n            <img loading=\"lazy\" decoding=\"async\" width=\"1600\" height=\"1022\" src=\"https:\/\/nyforetagarcentrum.se\/nykoping\/wp-content\/uploads\/sites\/41\/2024\/04\/AdobeStock_285816181-1600.jpg\" class=\"attachment-landscape size-landscape\" alt=\"\" srcset=\"https:\/\/nyforetagarcentrum.se\/nykoping\/wp-content\/uploads\/sites\/41\/2024\/04\/AdobeStock_285816181-1600.jpg 1600w, https:\/\/nyforetagarcentrum.se\/nykoping\/wp-content\/uploads\/sites\/41\/2024\/04\/AdobeStock_285816181-1600-300x192.jpg 300w, https:\/\/nyforetagarcentrum.se\/nykoping\/wp-content\/uploads\/sites\/41\/2024\/04\/AdobeStock_285816181-1600-1024x654.jpg 1024w, https:\/\/nyforetagarcentrum.se\/nykoping\/wp-content\/uploads\/sites\/41\/2024\/04\/AdobeStock_285816181-1600-768x491.jpg 768w, https:\/\/nyforetagarcentrum.se\/nykoping\/wp-content\/uploads\/sites\/41\/2024\/04\/AdobeStock_285816181-1600-1536x981.jpg 1536w\" sizes=\"(max-width: 1600px) 100vw, 1600px\" \/>        <\/div>\n\n        <div class=\"nfc-block-split_screen__content-wrapper\">\n            <h4>V\u00e4lkommen till v\u00e5r bokningssida f\u00f6r individuell r\u00e5dgivning!<\/h4>\n<p>Den enskilda r\u00e5dgivningen p\u00e5 Nyf\u00f6retagarCentrum \u00e4r kostnadsfri, personlig och konfidentiell. Det kan bli ett eller flera tillf\u00e4llen, det beror p\u00e5 hur l\u00e5ngt du kommit i processen.<\/p>\n<p>R\u00e5dgivningarna fokuserar p\u00e5 aff\u00e4rsid\u00e9n och p\u00e5 dig som f\u00f6retagare. H\u00e5ller id\u00e9n eller beh\u00f6ver den utvecklas? Dessutom handlar det om budget, marknadsf\u00f6ring och om dina styrkor och svagheter som blivande f\u00f6retagare.<\/p>\n<p>F\u00f6r att kunna ge dig s\u00e5 goda r\u00e5d som m\u00f6jligt \u00e4r det viktigt att du arbetar och funderar s\u00e5 mycket det g\u00e5r p\u00e5 din aff\u00e4rsplan innan r\u00e5dgivningsm\u00f6tet.<\/p>\n<p>Ju b\u00e4ttre f\u00f6rberedd du \u00e4r inf\u00f6r r\u00e5dgivningen, desto mer f\u00e5r du ut av m\u00f6tet med Nyf\u00f6retagarcentrums erfarna r\u00e5dgivare.<\/p>\n\n            \n        <\/div>\n    <\/div>\n<\/section>\n\n\n<div style=\"height:60px\" aria-hidden=\"true\" class=\"wp-block-spacer\"><\/div>\n\n\n<section  class=\"nfc-block-text_cards alignwide\">\n    <div class=\"wrapper contained\">\n                    <div class=\"text-card\">\n                <div class=\"text-card__content\">\n                    <h3 class=\"heading\" data-number=\"1\">BOKA R\u00c5DGIVNING SOMMAR 2025<\/h3>\n\n                                            <div class=\"description\">F\u00f6r r\u00e5dgivning mellan 1 juli och 15 augusti, maila till Ulrika Juul.<\/div>\n                    \n                                            <a href=\"mailto:ulrika.juul@nyforetagarcentrum.se\" class=\"button primary\">BOKA R\u00c5DGIVNING SOMMAR<\/a>\n                    \n                <\/div>\n            <\/div>\n                    <div class=\"text-card\">\n                <div class=\"text-card__content\">\n                    <h3 class=\"heading\" data-number=\"2\">Boka f\u00f6rsta g\u00e5ngen<\/h3>\n\n                                            <div class=\"description\">All r\u00e5dgivning m\u00e5ste bokas i f\u00f6rv\u00e4g. F\u00f6rsta g\u00e5ngen du kommer till oss klickar du p\u00e5 knappen \u201dBOKA F\u00d6RSTA G\u00c5NGEN\u201d. <br \/>\r\n<br \/>\r\nDu f\u00e5r d\u00e4refter f\u00f6lja enkla steg och registrera dig hos oss. <br \/>\r\n<br \/>\r\n<\/div>\n                    \n                                            <a href=\"https:\/\/jobsdata-nyforetagarcentrum.se\/ExternBooking?OfficeId=b0c8e94b-4996-e811-80d7-0050568571f4\" class=\"button primary\">BOKA F\u00d6RSTA G\u00c5NGEN<\/a>\n                    \n                <\/div>\n            <\/div>\n                    <div class=\"text-card\">\n                <div class=\"text-card__content\">\n                    <h3 class=\"heading\" data-number=\"3\">Aff\u00e4rsplan<\/h3>\n\n                                            <div class=\"description\">Den stora delen av f\u00f6rarbetet till att starta eget \u00e4r att g\u00f6ra sin aff\u00e4rsplan. Det \u00e4r i enkla ord en beskrivning av hur en aff\u00e4rsid\u00e9 kan \u00f6vers\u00e4ttas i ett antal aff\u00e4rsm\u00e5l. <br \/>\r\n<br \/>\r\nN\u00e4r du arbetar med aff\u00e4rsplanen g\u00f6r du en bed\u00f6mning av genomf\u00f6rbarheten och en plan f\u00f6r att uppn\u00e5 m\u00e5len. <br \/>\r\n<br \/>\r\nJu mer information du samlar p\u00e5 dig och g\u00f6r noggrann research om &#8221;din bransch&#8221; desto b\u00e4ttre rustar du dig f\u00f6r ditt kommande f\u00f6retagande.<\/div>\n                    \n                                            <a href=\"https:\/\/affarsplanen.com\/\" class=\"button primary\">TILL AFF\u00c4RSPLAN<\/a>\n                    \n                <\/div>\n            <\/div>\n            <\/div>\n<\/section>\n\n\n<div style=\"height:100px\" aria-hidden=\"true\" class=\"wp-block-spacer\"><\/div>\n\n\n<section  class=\"nfc-block-split_screen alignwide image_alignment-left\">\n    <div class=\"wrapper\">\n        <div class=\"nfc-block-split_screen__image-wrapper\">\n            <img loading=\"lazy\" decoding=\"async\" width=\"1200\" height=\"900\" src=\"https:\/\/nyforetagarcentrum.se\/nykoping\/wp-content\/uploads\/sites\/41\/2024\/04\/NFC-radgivare-IMG_2712_1200-webb.jpeg\" class=\"attachment-landscape size-landscape\" alt=\"\" srcset=\"https:\/\/nyforetagarcentrum.se\/nykoping\/wp-content\/uploads\/sites\/41\/2024\/04\/NFC-radgivare-IMG_2712_1200-webb.jpeg 1200w, https:\/\/nyforetagarcentrum.se\/nykoping\/wp-content\/uploads\/sites\/41\/2024\/04\/NFC-radgivare-IMG_2712_1200-webb-300x225.jpeg 300w, https:\/\/nyforetagarcentrum.se\/nykoping\/wp-content\/uploads\/sites\/41\/2024\/04\/NFC-radgivare-IMG_2712_1200-webb-1024x768.jpeg 1024w, https:\/\/nyforetagarcentrum.se\/nykoping\/wp-content\/uploads\/sites\/41\/2024\/04\/NFC-radgivare-IMG_2712_1200-webb-768x576.jpeg 768w\" sizes=\"(max-width: 1200px) 100vw, 1200px\" \/>        <\/div>\n\n        <div class=\"nfc-block-split_screen__content-wrapper\">\n            <h3>R\u00e5dgivare<\/h3>\n<p>V\u00e5ra r\u00e5dgivare \u00e4r eller har varit f\u00f6retagare sj\u00e4lva, med erfarenhet av vad det inneb\u00e4r att b\u00f6rja fr\u00e5n b\u00f6rjan. De har ocks\u00e5 n\u00e4tverk i sina respektive hemorter, en lokal f\u00f6rankring och kan guida dig till n\u00e4ringslivskontakter som du kan ha stor nytta av i ditt blivande aff\u00e4rsliv.<\/p>\n<p>Till r\u00e5dgivarnas f\u00f6rfogande st\u00e5r \u00e4ven alla de samarbetspartners och experter som st\u00f6der v\u00e5r verksamhet!<\/p>\n\n                            <div class=\"nfc-block-split_screen__buttons\">\n                                            <a href=\"https:\/\/nyforetagarcentrum.se\/nykoping\/vara-radgivare\/\" class=\"button primary\">Till v\u00e5ra r\u00e5dgivare<\/a>\n                                    <\/div>\n            \n        <\/div>\n    <\/div>\n<\/section>\n\n\n<div style=\"height:100px\" aria-hidden=\"true\" class=\"wp-block-spacer\"><\/div>\n\n\n<section  class=\"nfc-block-split_screen alignwide image_alignment-left\">\n    <div class=\"wrapper\">\n        <div class=\"nfc-block-split_screen__image-wrapper\">\n            <img loading=\"lazy\" decoding=\"async\" width=\"1500\" height=\"1000\" src=\"https:\/\/nyforetagarcentrum.se\/nykoping\/wp-content\/uploads\/sites\/41\/2024\/04\/iStock-498605338-1500.jpg\" class=\"attachment-landscape size-landscape\" alt=\"\" srcset=\"https:\/\/nyforetagarcentrum.se\/nykoping\/wp-content\/uploads\/sites\/41\/2024\/04\/iStock-498605338-1500.jpg 1500w, https:\/\/nyforetagarcentrum.se\/nykoping\/wp-content\/uploads\/sites\/41\/2024\/04\/iStock-498605338-1500-300x200.jpg 300w, https:\/\/nyforetagarcentrum.se\/nykoping\/wp-content\/uploads\/sites\/41\/2024\/04\/iStock-498605338-1500-1024x683.jpg 1024w, https:\/\/nyforetagarcentrum.se\/nykoping\/wp-content\/uploads\/sites\/41\/2024\/04\/iStock-498605338-1500-768x512.jpg 768w\" sizes=\"(max-width: 1500px) 100vw, 1500px\" \/>        <\/div>\n\n        <div class=\"nfc-block-split_screen__content-wrapper\">\n            <h3>Viktiga fr\u00e5gor att fundera igenom<\/h3>\n<p>Inf\u00f6r din r\u00e5dgivning \u00e4r det bra att f\u00f6rbereda sig s\u00e5 mycket som m\u00f6jligt. Fundera \u00f6ver viktiga fr\u00e5gor som hj\u00e4lper oss att ge dig b\u00e4sta m\u00f6jliga r\u00e5d och st\u00f6d:<\/p>\n<ul>\n<li>Varf\u00f6r vill du starta eget?<\/li>\n<li>Hur ser din aff\u00e4rsid\u00e9 ut?<\/li>\n<li>Finns det en marknad f\u00f6r din produkt eller tj\u00e4nst?<\/li>\n<li>Vilka konkurrenter finns det p\u00e5 marknaden?<\/li>\n<li>Vilka kontakter beh\u00f6ver du f\u00f6r att bygga upp ditt f\u00f6retag?<\/li>\n<li>Vilka resurser beh\u00f6ver du f\u00f6r att komma i g\u00e5ng?<\/li>\n<li>Hur ser din f\u00f6rsta budget ut och vilka finansieringsalternativ finns?<\/li>\n<li>Vilken inverkan har ditt f\u00f6retagande p\u00e5 din privata ekonomi?<\/li>\n<li>Observera att avbokning av din tid senast dagen innan \u00e4r n\u00f6dv\u00e4ndig om du inte kan n\u00e4rvara. Vid utebliven avbokning kan en avgift p\u00e5 200 kronor tas ut.<\/li>\n<\/ul>\n\n            \n        <\/div>\n    <\/div>\n<\/section>\n\n\n<div style=\"height:100px\" aria-hidden=\"true\" class=\"wp-block-spacer\"><\/div>\n\n\n\n<h2 class=\"wp-block-heading has-text-align-center has-x-large-font-size\">Vanliga fr\u00e5gor om r\u00e5dgivning<\/h2>\n\n\n            <script type=\"application\/ld+json\">\n                {\n                    \"@context\": \"https:\/\/schema.org\",\n                    \"@type\": \"FAQPage\",\n                    \"mainEntity\": [\n                                                    {\n                                \"@type\": \"Question\",\n                                \"name\": \"\u00c4r r\u00e5dgivningen kostnadsfri?\",\n                                \"acceptedAnswer\": {\n                                    \"@type\": \"Answer\",\n                                    \"text\": \"<p>Ja! R\u00e5dgivning hos Nyf\u00f6retagarCentrum \u00e4r helt kostnadsfri.<\/p>\"\n                                }\n                            },                                                    {\n                                \"@type\": \"Question\",\n                                \"name\": \"\u00c4r r\u00e5dgivningen konfidentiell?\",\n                                \"acceptedAnswer\": {\n                                    \"@type\": \"Answer\",\n                                    \"text\": \"<p>V\u00e5r r\u00e5dgivning \u00e4r konfidentiell vilket inneb\u00e4r att den r\u00e5dgivare du g\u00e5r till f\u00e5r inte tala om f\u00f6r n\u00e5gon att du varit hos oss eller vad din aff\u00e4rsid\u00e9 handlar om. Den dag du registrerar ditt f\u00f6retag s\u00e5 kommer det att bli offentliga uppgifter.<\/p>\"\n                                }\n                            },                                                    {\n                                \"@type\": \"Question\",\n                                \"name\": \"Jag ska k\u00f6pa ett redan befintligt f\u00f6retag. Kan jag fortfarande f\u00e5 hj\u00e4lp av er?\",\n                                \"acceptedAnswer\": {\n                                    \"@type\": \"Answer\",\n                                    \"text\": \"<p>\u00c4ven n\u00e4r man tar \u00f6ver ett familjef\u00f6retag eller om man k\u00f6per ett f\u00f6retag s\u00e5 \u00e4r man ju ny som f\u00f6retagare och \u00e4r sj\u00e4lvklart v\u00e4lkommen till oss f\u00f6r hj\u00e4lp.<\/p>\"\n                                }\n                            }                                            ]\n                }\n            <\/script>\n        <section  class=\"nfc-block-accordions alignwide\">\n    <div class=\"wrapper contained\">\n        <div class=\"accordions\">\n\n                            <div class=\"accordion\">\n                    <h3>\n                        <button \n                            class=\"accordion-header\"\n                            aria-expanded=\"true\"\n                            aria-controls=\"accordion-panel-0\"\n                            id=\"accordion-header-0\"\n                            data-accordion-header\n                        >\n                            <span>\u00c4r r\u00e5dgivningen kostnadsfri?<\/span>\n                            <div class=\"icon icon-down\"><\/div>\n                        <\/button>\n                    <\/h3>\n                    <section id=\"accordion-panel-0\" aria-labelledby=\"accordion-header-0\">\n                        <span>\n                            <p>Ja! R\u00e5dgivning hos Nyf\u00f6retagarCentrum \u00e4r helt kostnadsfri.<\/p>\n                        <\/span>\n                    <\/section>\n                <\/div>\n                            <div class=\"accordion\">\n                    <h3>\n                        <button \n                            class=\"accordion-header\"\n                            aria-expanded=\"true\"\n                            aria-controls=\"accordion-panel-1\"\n                            id=\"accordion-header-1\"\n                            data-accordion-header\n                        >\n                            <span>\u00c4r r\u00e5dgivningen konfidentiell?<\/span>\n                            <div class=\"icon icon-down\"><\/div>\n                        <\/button>\n                    <\/h3>\n                    <section id=\"accordion-panel-1\" aria-labelledby=\"accordion-header-1\">\n                        <span>\n                            <p>V\u00e5r r\u00e5dgivning \u00e4r konfidentiell vilket inneb\u00e4r att den r\u00e5dgivare du g\u00e5r till f\u00e5r inte tala om f\u00f6r n\u00e5gon att du varit hos oss eller vad din aff\u00e4rsid\u00e9 handlar om. Den dag du registrerar ditt f\u00f6retag s\u00e5 kommer det att bli offentliga uppgifter.<\/p>\n                        <\/span>\n                    <\/section>\n                <\/div>\n                            <div class=\"accordion\">\n                    <h3>\n                        <button \n                            class=\"accordion-header\"\n                            aria-expanded=\"true\"\n                            aria-controls=\"accordion-panel-2\"\n                            id=\"accordion-header-2\"\n                            data-accordion-header\n                        >\n                            <span>Jag ska k\u00f6pa ett redan befintligt f\u00f6retag. Kan jag fortfarande f\u00e5 hj\u00e4lp av er?<\/span>\n                            <div class=\"icon icon-down\"><\/div>\n                        <\/button>\n                    <\/h3>\n                    <section id=\"accordion-panel-2\" aria-labelledby=\"accordion-header-2\">\n                        <span>\n                            <p>\u00c4ven n\u00e4r man tar \u00f6ver ett familjef\u00f6retag eller om man k\u00f6per ett f\u00f6retag s\u00e5 \u00e4r man ju ny som f\u00f6retagare och \u00e4r sj\u00e4lvklart v\u00e4lkommen till oss f\u00f6r hj\u00e4lp.<\/p>\n                        <\/span>\n                    <\/section>\n                <\/div>\n                    <\/div>\n    <\/div>\n    <noscript>\n        <style>\n            .accordion-header .icon {\n                display: none !important;\n            }\n        <\/style>\n    <\/noscript>\n<\/section>\n\n\n\n<div style=\"height:var(--wp--preset--spacing--80)\" aria-hidden=\"true\" class=\"wp-block-spacer\"><\/div>\n","protected":false},"excerpt":{"rendered":"<p>Vanliga fr\u00e5gor om r\u00e5dgivning<\/p>\n","protected":false},"author":1,"featured_media":0,"parent":0,"menu_order":0,"comment_status":"closed","ping_status":"closed","template":"","meta":{"footnotes":""},"acf":[],"yoast_head":"<!-- This site is optimized with the Yoast SEO plugin v22.9 - https:\/\/yoast.com\/wordpress\/plugins\/seo\/ -->\n<title>R\u00e5dgivning - Nyk\u00f6ping<\/title>\n<meta name=\"description\" content=\"Individuell r\u00e5dgivning som \u00e4r kostnadsfri, personlig och konfidentiell. R\u00e5dgivningen fokuserar p\u00e5 aff\u00e4rsid\u00e9n och p\u00e5 dig som f\u00f6retagare.\" \/>\n<meta name=\"robots\" content=\"index, follow, max-snippet:-1, max-image-preview:large, max-video-preview:-1\" \/>\n<link rel=\"canonical\" href=\"https:\/\/nyforetagarcentrum.se\/nykoping\/radgivning\/\" \/>\n<meta property=\"og:locale\" content=\"sv_SE\" \/>\n<meta property=\"og:type\" content=\"article\" \/>\n<meta property=\"og:title\" content=\"R\u00e5dgivning - Nyk\u00f6ping\" \/>\n<meta property=\"og:description\" content=\"Individuell r\u00e5dgivning som \u00e4r kostnadsfri, personlig och konfidentiell. R\u00e5dgivningen fokuserar p\u00e5 aff\u00e4rsid\u00e9n och p\u00e5 dig som f\u00f6retagare.\" \/>\n<meta property=\"og:url\" content=\"https:\/\/nyforetagarcentrum.se\/nykoping\/radgivning\/\" \/>\n<meta property=\"og:site_name\" content=\"Nyk\u00f6ping\" \/>\n<meta property=\"article:modified_time\" content=\"2025-06-24T09:28:53+00:00\" \/>\n<meta property=\"og:image\" content=\"https:\/\/nyforetagarcentrum.se\/nykoping\/wp-content\/uploads\/sites\/41\/2024\/04\/radgivning-NFC_16x9_1280x720.jpg\" \/>\n\t<meta property=\"og:image:width\" content=\"1707\" \/>\n\t<meta property=\"og:image:height\" content=\"960\" \/>\n\t<meta property=\"og:image:type\" content=\"image\/jpeg\" \/>\n<meta name=\"twitter:card\" content=\"summary_large_image\" \/>\n<meta name=\"twitter:label1\" content=\"Ber\u00e4knad l\u00e4stid\" \/>\n\t<meta name=\"twitter:data1\" content=\"1 minut\" \/>\n<script type=\"application\/ld+json\" class=\"yoast-schema-graph\">{\"@context\":\"https:\/\/schema.org\",\"@graph\":[{\"@type\":\"WebPage\",\"@id\":\"https:\/\/nyforetagarcentrum.se\/nykoping\/radgivning\/\",\"url\":\"https:\/\/nyforetagarcentrum.se\/nykoping\/radgivning\/\",\"name\":\"R\u00e5dgivning - Nyk\u00f6ping\",\"isPartOf\":{\"@id\":\"https:\/\/nyforetagarcentrum.se\/nykoping\/#website\"},\"datePublished\":\"2024-02-22T09:59:00+00:00\",\"dateModified\":\"2025-06-24T09:28:53+00:00\",\"description\":\"Individuell r\u00e5dgivning som \u00e4r kostnadsfri, personlig och konfidentiell. R\u00e5dgivningen fokuserar p\u00e5 aff\u00e4rsid\u00e9n och p\u00e5 dig som f\u00f6retagare.\",\"breadcrumb\":{\"@id\":\"https:\/\/nyforetagarcentrum.se\/nykoping\/radgivning\/#breadcrumb\"},\"inLanguage\":\"sv-SE\",\"potentialAction\":[{\"@type\":\"ReadAction\",\"target\":[\"https:\/\/nyforetagarcentrum.se\/nykoping\/radgivning\/\"]}]},{\"@type\":\"BreadcrumbList\",\"@id\":\"https:\/\/nyforetagarcentrum.se\/nykoping\/radgivning\/#breadcrumb\",\"itemListElement\":[{\"@type\":\"ListItem\",\"position\":1,\"name\":\"Hem\",\"item\":\"https:\/\/nyforetagarcentrum.se\/nykoping\/\"},{\"@type\":\"ListItem\",\"position\":2,\"name\":\"R\u00e5dgivning\"}]},{\"@type\":\"WebSite\",\"@id\":\"https:\/\/nyforetagarcentrum.se\/nykoping\/#website\",\"url\":\"https:\/\/nyforetagarcentrum.se\/nykoping\/\",\"name\":\"Nyk\u00f6ping\",\"description\":\"Sveriges ledande kraft f\u00f6r fler nya livskraftiga f\u00f6retag\",\"publisher\":{\"@id\":\"https:\/\/nyforetagarcentrum.se\/nykoping\/#organization\"},\"potentialAction\":[{\"@type\":\"SearchAction\",\"target\":{\"@type\":\"EntryPoint\",\"urlTemplate\":\"https:\/\/nyforetagarcentrum.se\/nykoping\/?s={search_term_string}\"},\"query-input\":\"required name=search_term_string\"}],\"inLanguage\":\"sv-SE\"},{\"@type\":\"Organization\",\"@id\":\"https:\/\/nyforetagarcentrum.se\/nykoping\/#organization\",\"name\":\"Nyk\u00f6ping\",\"url\":\"https:\/\/nyforetagarcentrum.se\/nykoping\/\",\"logo\":{\"@type\":\"ImageObject\",\"inLanguage\":\"sv-SE\",\"@id\":\"https:\/\/nyforetagarcentrum.se\/nykoping\/#\/schema\/logo\/image\/\",\"url\":\"https:\/\/nyforetagarcentrum.se\/nykoping\/wp-content\/uploads\/sites\/41\/2024\/07\/ostrasormland_bla.png\",\"contentUrl\":\"https:\/\/nyforetagarcentrum.se\/nykoping\/wp-content\/uploads\/sites\/41\/2024\/07\/ostrasormland_bla.png\",\"width\":870,\"height\":355,\"caption\":\"Nyk\u00f6ping\"},\"image\":{\"@id\":\"https:\/\/nyforetagarcentrum.se\/nykoping\/#\/schema\/logo\/image\/\"}}]}<\/script>\n<!-- \/ Yoast SEO plugin. -->","yoast_head_json":{"title":"R\u00e5dgivning - Nyk\u00f6ping","description":"Individuell r\u00e5dgivning som \u00e4r kostnadsfri, personlig och konfidentiell. R\u00e5dgivningen fokuserar p\u00e5 aff\u00e4rsid\u00e9n och p\u00e5 dig som f\u00f6retagare.","robots":{"index":"index","follow":"follow","max-snippet":"max-snippet:-1","max-image-preview":"max-image-preview:large","max-video-preview":"max-video-preview:-1"},"canonical":"https:\/\/nyforetagarcentrum.se\/nykoping\/radgivning\/","og_locale":"sv_SE","og_type":"article","og_title":"R\u00e5dgivning - Nyk\u00f6ping","og_description":"Individuell r\u00e5dgivning som \u00e4r kostnadsfri, personlig och konfidentiell. R\u00e5dgivningen fokuserar p\u00e5 aff\u00e4rsid\u00e9n och p\u00e5 dig som f\u00f6retagare.","og_url":"https:\/\/nyforetagarcentrum.se\/nykoping\/radgivning\/","og_site_name":"Nyk\u00f6ping","article_modified_time":"2025-06-24T09:28:53+00:00","og_image":[{"width":1707,"height":960,"url":"https:\/\/nyforetagarcentrum.se\/nykoping\/wp-content\/uploads\/sites\/41\/2024\/04\/radgivning-NFC_16x9_1280x720.jpg","type":"image\/jpeg"}],"twitter_card":"summary_large_image","twitter_misc":{"Ber\u00e4knad l\u00e4stid":"1 minut"},"schema":{"@context":"https:\/\/schema.org","@graph":[{"@type":"WebPage","@id":"https:\/\/nyforetagarcentrum.se\/nykoping\/radgivning\/","url":"https:\/\/nyforetagarcentrum.se\/nykoping\/radgivning\/","name":"R\u00e5dgivning - Nyk\u00f6ping","isPartOf":{"@id":"https:\/\/nyforetagarcentrum.se\/nykoping\/#website"},"datePublished":"2024-02-22T09:59:00+00:00","dateModified":"2025-06-24T09:28:53+00:00","description":"Individuell r\u00e5dgivning som \u00e4r kostnadsfri, personlig och konfidentiell. R\u00e5dgivningen fokuserar p\u00e5 aff\u00e4rsid\u00e9n och p\u00e5 dig som f\u00f6retagare.","breadcrumb":{"@id":"https:\/\/nyforetagarcentrum.se\/nykoping\/radgivning\/#breadcrumb"},"inLanguage":"sv-SE","potentialAction":[{"@type":"ReadAction","target":["https:\/\/nyforetagarcentrum.se\/nykoping\/radgivning\/"]}]},{"@type":"BreadcrumbList","@id":"https:\/\/nyforetagarcentrum.se\/nykoping\/radgivning\/#breadcrumb","itemListElement":[{"@type":"ListItem","position":1,"name":"Hem","item":"https:\/\/nyforetagarcentrum.se\/nykoping\/"},{"@type":"ListItem","position":2,"name":"R\u00e5dgivning"}]},{"@type":"WebSite","@id":"https:\/\/nyforetagarcentrum.se\/nykoping\/#website","url":"https:\/\/nyforetagarcentrum.se\/nykoping\/","name":"Nyk\u00f6ping","description":"Sveriges ledande kraft f\u00f6r fler nya livskraftiga f\u00f6retag","publisher":{"@id":"https:\/\/nyforetagarcentrum.se\/nykoping\/#organization"},"potentialAction":[{"@type":"SearchAction","target":{"@type":"EntryPoint","urlTemplate":"https:\/\/nyforetagarcentrum.se\/nykoping\/?s={search_term_string}"},"query-input":"required name=search_term_string"}],"inLanguage":"sv-SE"},{"@type":"Organization","@id":"https:\/\/nyforetagarcentrum.se\/nykoping\/#organization","name":"Nyk\u00f6ping","url":"https:\/\/nyforetagarcentrum.se\/nykoping\/","logo":{"@type":"ImageObject","inLanguage":"sv-SE","@id":"https:\/\/nyforetagarcentrum.se\/nykoping\/#\/schema\/logo\/image\/","url":"https:\/\/nyforetagarcentrum.se\/nykoping\/wp-content\/uploads\/sites\/41\/2024\/07\/ostrasormland_bla.png","contentUrl":"https:\/\/nyforetagarcentrum.se\/nykoping\/wp-content\/uploads\/sites\/41\/2024\/07\/ostrasormland_bla.png","width":870,"height":355,"caption":"Nyk\u00f6ping"},"image":{"@id":"https:\/\/nyforetagarcentrum.se\/nykoping\/#\/schema\/logo\/image\/"}}]}},"_links":{"self":[{"href":"https:\/\/nyforetagarcentrum.se\/nykoping\/wp-json\/wp\/v2\/pages\/93"}],"collection":[{"href":"https:\/\/nyforetagarcentrum.se\/nykoping\/wp-json\/wp\/v2\/pages"}],"about":[{"href":"https:\/\/nyforetagarcentrum.se\/nykoping\/wp-json\/wp\/v2\/types\/page"}],"author":[{"embeddable":true,"href":"https:\/\/nyforetagarcentrum.se\/nykoping\/wp-json\/wp\/v2\/users\/1"}],"replies":[{"embeddable":true,"href":"https:\/\/nyforetagarcentrum.se\/nykoping\/wp-json\/wp\/v2\/comments?post=93"}],"version-history":[{"count":101,"href":"https:\/\/nyforetagarcentrum.se\/nykoping\/wp-json\/wp\/v2\/pages\/93\/revisions"}],"predecessor-version":[{"id":1605,"href":"https:\/\/nyforetagarcentrum.se\/nykoping\/wp-json\/wp\/v2\/pages\/93\/revisions\/1605"}],"wp:attachment":[{"href":"https:\/\/nyforetagarcentrum.se\/nykoping\/wp-json\/wp\/v2\/media?parent=93"}],"curies":[{"name":"wp","href":"https:\/\/api.w.org\/{rel}","templated":true}]}}