{"id":48,"date":"2024-02-22T10:29:05","date_gmt":"2024-02-22T09:29:05","guid":{"rendered":"https:\/\/nyforetagarcentrum.se\/nykoping\/?page_id=48"},"modified":"2024-06-25T09:54:30","modified_gmt":"2024-06-25T07:54:30","slug":"erbjudanden","status":"publish","type":"page","link":"https:\/\/nyforetagarcentrum.se\/nykoping\/erbjudanden\/","title":{"rendered":"Samarbetspartners och erbjudanden"},"content":{"rendered":"\n<div style=\"height:60px\" aria-hidden=\"true\" class=\"wp-block-spacer\"><\/div>\n\n\n\n<div style=\"height:60px\" aria-hidden=\"true\" class=\"wp-block-spacer\"><\/div>\n\n\n<section  class=\"nfc-block-breadcrumbs\">\n    <div class=\"wrapper contained\">\n        <ol class=\"breadcrumbs\" itemscope itemtype=\"https:\/\/schema.org\/BreadcrumbList\">\n            <li itemprop=\"itemListElement\" itemscope itemtype=\"https:\/\/schema.org\/ListItem\">\n            \n\n                            <span class=\"current\" itemprop=\"name\">Hem<\/span>\n            \n            <meta itemprop=\"position\" content=\"1\" \/>\n        <\/li>\n    <\/ol>    <\/div>\n<\/section>\n\n\n<h2 class=\"wp-block-heading alignwide has-vivid-cyan-blue-color has-text-color has-link-color wp-elements-68ef53400c3469d42c796f27a0f26a9f\" style=\"font-size:50px\">Mer om v\u00e5ra partners och kontaktuppgifter<\/h2>\n\n\n\n<div style=\"height:30px\" aria-hidden=\"true\" class=\"wp-block-spacer\"><\/div>\n\n\n<section  class=\"nfc-block-offer_grid alignwide layout-small\">\n    <div class=\"contained\">\n\n        <div class=\"filter-row\">\n            \n                            <button id=\"local-offers-button\">\n                    Lokala partners\n                <\/button>\n                <button id=\"national-offers-button\" class=\"outlined\">\n                    Nationella partners\n                <\/button>\n                    <\/div>\n\n        <div class=\"grid\" id=\"offers-grid\">\n            <div class=\"offer-card\">\n\n    <div class=\"gallery-wrapper\">\n                    <div class=\"selected-media\">\n                                    <img loading=\"lazy\" decoding=\"async\" width=\"1024\" height=\"711\" src=\"https:\/\/nyforetagarcentrum.se\/nykoping\/wp-content\/uploads\/sites\/41\/2024\/10\/radstugan1_trosacom-1500-1024x711.webp\" class=\"attachment-large size-large\" alt=\"Trosa kommun\" srcset=\"https:\/\/nyforetagarcentrum.se\/nykoping\/wp-content\/uploads\/sites\/41\/2024\/10\/radstugan1_trosacom-1500-1024x711.webp 1024w, https:\/\/nyforetagarcentrum.se\/nykoping\/wp-content\/uploads\/sites\/41\/2024\/10\/radstugan1_trosacom-1500-300x208.webp 300w, https:\/\/nyforetagarcentrum.se\/nykoping\/wp-content\/uploads\/sites\/41\/2024\/10\/radstugan1_trosacom-1500-768x534.webp 768w, https:\/\/nyforetagarcentrum.se\/nykoping\/wp-content\/uploads\/sites\/41\/2024\/10\/radstugan1_trosacom-1500.webp 1500w\" sizes=\"(max-width: 1024px) 100vw, 1024px\" \/>                            <\/div>\n        \n            <\/div>\n\n\n    <div class=\"content-wrapper\">\n        \n        <h3>Trosa kommun<\/h3>\n\n        \n        <div class=\"content\">\n            <p>H\u00e4r kan du uppleva ett f\u00f6retagsklimat i toppklass och oavsett om du \u00e4r p\u00e5 g\u00e5ng att starta f\u00f6retag eller har drivit det i m\u00e5nga \u00e5r s\u00e5 finns vi h\u00e4r f\u00f6r dig.<\/p>\n<p>Med fler \u00e4n 1800 f\u00f6retag finns det dessutom goda m\u00f6jligheter f\u00f6r n\u00e4tverkande och samarbeten.<\/p>\n<p>Om du har fr\u00e5gor om f\u00f6retagande, tillst\u00e5nd eller n\u00e5got annat f\u00f6retagsrelaterat s\u00e5 \u00e4r vi h\u00e4r f\u00f6r att hj\u00e4lpa till.<\/p>\n<p>Vi \u00e4r aldrig l\u00e4ngre bort \u00e4n ett telefonsamtal!<\/p>\n<p><strong>Kontaktuppgifter:<\/strong><\/p>\n<p>Jonas Ivervall, n\u00e4ringslivschef<br \/>\nBes\u00f6ksadress: V\u00e4stra L\u00e5nggatan 4<br \/>\nTel direkt: 0156-522 17<br \/>\nTel v\u00e4xel: 0156-520 00<br \/>\nE-post: <a href=\"mailto:jonas.ivervall@trosa.se\">jonas.ivervall@trosa.se<\/a><\/p>\n        <\/div>\n\n                    <a href=\"https:\/\/www.trosa.se\/\" class=\"offer-button button outlined\" target=\"_blank\">\n                HEMSIDA                                    <div class=\"icon icon-external\"><\/div>\n                            <\/a>\n            <\/div>\n<\/div><div class=\"offer-card\">\n\n    <div class=\"gallery-wrapper\">\n                    <div class=\"selected-media\">\n                                    <img loading=\"lazy\" decoding=\"async\" width=\"638\" height=\"664\" src=\"https:\/\/nyforetagarcentrum.se\/nykoping\/wp-content\/uploads\/sites\/41\/2024\/04\/sparbankshuset.jpg\" class=\"attachment-large size-large\" alt=\"S\u00f6rmlands Sparbank\" srcset=\"https:\/\/nyforetagarcentrum.se\/nykoping\/wp-content\/uploads\/sites\/41\/2024\/04\/sparbankshuset.jpg 638w, https:\/\/nyforetagarcentrum.se\/nykoping\/wp-content\/uploads\/sites\/41\/2024\/04\/sparbankshuset-288x300.jpg 288w\" sizes=\"(max-width: 638px) 100vw, 638px\" \/>                            <\/div>\n        \n            <\/div>\n\n\n    <div class=\"content-wrapper\">\n        \n        <h3>S\u00f6rmlands Sparbank<\/h3>\n\n        \n        <div class=\"content\">\n            <p>S\u00f6rmlands Sparbank \u00e4r den lokala banken f\u00f6r b\u00e5de sm\u00e5 och stora f\u00f6retag. Vi str\u00e4var alltid efter att erbjuda l\u00e5ngsiktigt h\u00e5llbara l\u00f6sningar, och oavsett hur l\u00e5ngt du har kommit p\u00e5 din f\u00f6retagsresa hj\u00e4lper vi din verksamhet att utvecklas. Vi har helhetsl\u00f6sningen f\u00f6r ditt f\u00f6retag och erbjuder tj\u00e4nster, r\u00e5dgivning och tips som g\u00f6r din och f\u00f6retagets vardag enklare.<\/p>\n<p>Med v\u00e5ra digitala tj\u00e4nster sk\u00f6ter du enkelt dina bank\u00e4renden n\u00e4r det passar dig. Och n\u00e4r du beh\u00f6ver tr\u00e4ffa en r\u00e5dgivare st\u00e5r v\u00e5rt f\u00f6retagsg\u00e4ng redo att hj\u00e4lpa dig. Vi har en rad olika expertkompetenser och finns p\u00e5 plats i Nyk\u00f6ping, Oxel\u00f6sund, , Flen och Ving\u00e5ker.<\/p>\n<p>Dessutom st\u00f6ttar vi lokal ungdomsverksamhet, utbildning, idrott, kultur, milj\u00f6 och n\u00e4ringsliv. Som kund hos oss \u00e4r du en del av det lokala kretsloppet och bidrar till att v\u00e5r del av S\u00f6rmland blir \u00e4nnu mer attraktivt att bes\u00f6ka, bo och verka i.<\/p>\n<p>V\u00e4lkommen!<\/p>\n<h5><strong>Kontaktpersoner:<\/strong><\/h5>\n<p>Linda Hurtig \u2013 0157-755 08, <a href=\"mailto:linda.hurtig@sormlandssparbank.se\">linda.hurtig@sormlandssparbank.se<\/a><br \/>\nErik \u00d6hman \u2013 0155-757 74, <a href=\"mailto:erik.ohman@sormlandssparbank.se\">erik.ohman@sormlandssparbank.se<\/a><br \/>\nDamir Avdic \u2013 0155-757 49, <a href=\"mailto:damir.avdic@sormlandssparbank.se\">damir.avdic@sormlandssparbank.se<\/a><br \/>\nS\u00f6rmlands Sparbank 0771-350 350<\/p>\n        <\/div>\n\n                    <a href=\"https:\/\/sormlandssparbank.se\/\" class=\"offer-button button outlined\" target=\"_blank\">\n                HEMSIDA                                    <div class=\"icon icon-external\"><\/div>\n                            <\/a>\n            <\/div>\n<\/div><div class=\"offer-card\">\n\n    <div class=\"gallery-wrapper\">\n                    <div class=\"selected-media\">\n                                    <img loading=\"lazy\" decoding=\"async\" width=\"1024\" height=\"576\" src=\"https:\/\/nyforetagarcentrum.se\/nykoping\/wp-content\/uploads\/sites\/41\/2024\/04\/PRO-storbild-1024x576.png\" class=\"attachment-large size-large\" alt=\"\" srcset=\"https:\/\/nyforetagarcentrum.se\/nykoping\/wp-content\/uploads\/sites\/41\/2024\/04\/PRO-storbild-1024x576.png 1024w, https:\/\/nyforetagarcentrum.se\/nykoping\/wp-content\/uploads\/sites\/41\/2024\/04\/PRO-storbild-300x169.png 300w, https:\/\/nyforetagarcentrum.se\/nykoping\/wp-content\/uploads\/sites\/41\/2024\/04\/PRO-storbild-768x432.png 768w, https:\/\/nyforetagarcentrum.se\/nykoping\/wp-content\/uploads\/sites\/41\/2024\/04\/PRO-storbild-1536x864.png 1536w, https:\/\/nyforetagarcentrum.se\/nykoping\/wp-content\/uploads\/sites\/41\/2024\/04\/PRO-storbild.png 1920w\" sizes=\"(max-width: 1024px) 100vw, 1024px\" \/>                            <\/div>\n        \n                    <div class=\"previews\">\n                                    <button class=\"preview\" data-type=\"image\">\n                                                    <meta itemprop=\"image_url\" content=\"https:\/\/nyforetagarcentrum.se\/nykoping\/wp-content\/uploads\/sites\/41\/2024\/04\/PRO-storbild.png\">\n                            <img loading=\"lazy\" decoding=\"async\" width=\"150\" height=\"150\" src=\"https:\/\/nyforetagarcentrum.se\/nykoping\/wp-content\/uploads\/sites\/41\/2024\/04\/PRO-storbild-150x150.png\" class=\"attachment-thumbnail size-thumbnail\" alt=\"\" \/>                                            <\/button>\n                                    <button class=\"preview\" data-type=\"image\">\n                                                    <meta itemprop=\"image_url\" content=\"https:\/\/nyforetagarcentrum.se\/nykoping\/wp-content\/uploads\/sites\/41\/2024\/04\/marten.jpg\">\n                            <img loading=\"lazy\" decoding=\"async\" width=\"150\" height=\"150\" src=\"https:\/\/nyforetagarcentrum.se\/nykoping\/wp-content\/uploads\/sites\/41\/2024\/04\/marten-150x150.jpg\" class=\"attachment-thumbnail size-thumbnail\" alt=\"\" \/>                                            <\/button>\n                            <\/div>\n            <\/div>\n\n\n    <div class=\"content-wrapper\">\n        \n        <h3>ICA Maxi Nyk\u00f6ping<\/h3>\n\n        \n        <div class=\"content\">\n            <p>Hos oss hittar du ett brett sortiment med allt fr\u00e5n prisv\u00e4rd vardagsmat, goda delikatesser, specialvaror till onlinehandel, sl\u00e4pvagnsuthyrning och Nyk\u00f6pings mest pantade maskin &#8211; allt under ett tak!<\/p>\n<h5>Kontaktuppgifter:<\/h5>\n<p><a href=\"mailto:kundkontakt.nykoping@maxi.ica.se\">kundkontakt.nykoping@maxi.ica.se<\/a><br \/>\nV\u00e4xeln: 0155-455400<\/p>\n        <\/div>\n\n                    <a href=\"https:\/\/www.ica.se\/butiker\/maxi\/nykoping\/maxi-ica-stormarknad-nykoping-1004303\/\" class=\"offer-button button outlined\" target=\"_blank\">\n                HEMSIDA                                    <div class=\"icon icon-external\"><\/div>\n                            <\/a>\n            <\/div>\n<\/div><div class=\"offer-card\">\n\n    <div class=\"gallery-wrapper\">\n                    <div class=\"selected-media\">\n                                    <img loading=\"lazy\" decoding=\"async\" width=\"1024\" height=\"683\" src=\"https:\/\/nyforetagarcentrum.se\/nykoping\/wp-content\/uploads\/sites\/41\/2024\/04\/Bild-Almi-generell-kontoret-1024x683.jpg\" class=\"attachment-large size-large\" alt=\"\" srcset=\"https:\/\/nyforetagarcentrum.se\/nykoping\/wp-content\/uploads\/sites\/41\/2024\/04\/Bild-Almi-generell-kontoret-1024x683.jpg 1024w, https:\/\/nyforetagarcentrum.se\/nykoping\/wp-content\/uploads\/sites\/41\/2024\/04\/Bild-Almi-generell-kontoret-300x200.jpg 300w, https:\/\/nyforetagarcentrum.se\/nykoping\/wp-content\/uploads\/sites\/41\/2024\/04\/Bild-Almi-generell-kontoret-768x512.jpg 768w, https:\/\/nyforetagarcentrum.se\/nykoping\/wp-content\/uploads\/sites\/41\/2024\/04\/Bild-Almi-generell-kontoret.jpg 1080w\" sizes=\"(max-width: 1024px) 100vw, 1024px\" \/>                            <\/div>\n        \n            <\/div>\n\n\n    <div class=\"content-wrapper\">\n        \n        <h3>Almi F\u00f6retagspartner S\u00f6rmland<\/h3>\n\n        \n        <div class=\"content\">\n            <p>S\u00e5 kan Almi hj\u00e4lpa\u00a0dig; Vi ger n\u00e4ring till Sverige genom att erbjuda finansiering i form av l\u00e5n och riskkapital samt st\u00f6d och v\u00e4gledning inom aff\u00e4rsutveckling till sm\u00e5 och medelstora f\u00f6retag.<\/p>\n<p>&nbsp;<\/p>\n        <\/div>\n\n                    <a href=\"https:\/\/www.almi.se\/regioner\/sormland\/\" class=\"offer-button button outlined\" target=\"_blank\">\n                HEMSIDA                                    <div class=\"icon icon-external\"><\/div>\n                            <\/a>\n            <\/div>\n<\/div><div class=\"offer-card\">\n\n    <div class=\"gallery-wrapper\">\n                    <div class=\"selected-media\">\n                                    <img loading=\"lazy\" decoding=\"async\" width=\"1024\" height=\"1024\" src=\"https:\/\/nyforetagarcentrum.se\/nykoping\/wp-content\/uploads\/sites\/41\/2024\/04\/Scandic-hotell-Nyk_ping-ljusare-ska-anvandas-under-varen-1024x1024.jpg\" class=\"attachment-large size-large\" alt=\"\" srcset=\"https:\/\/nyforetagarcentrum.se\/nykoping\/wp-content\/uploads\/sites\/41\/2024\/04\/Scandic-hotell-Nyk_ping-ljusare-ska-anvandas-under-varen-1024x1024.jpg 1024w, https:\/\/nyforetagarcentrum.se\/nykoping\/wp-content\/uploads\/sites\/41\/2024\/04\/Scandic-hotell-Nyk_ping-ljusare-ska-anvandas-under-varen-300x300.jpg 300w, https:\/\/nyforetagarcentrum.se\/nykoping\/wp-content\/uploads\/sites\/41\/2024\/04\/Scandic-hotell-Nyk_ping-ljusare-ska-anvandas-under-varen-150x150.jpg 150w, https:\/\/nyforetagarcentrum.se\/nykoping\/wp-content\/uploads\/sites\/41\/2024\/04\/Scandic-hotell-Nyk_ping-ljusare-ska-anvandas-under-varen-768x768.jpg 768w, https:\/\/nyforetagarcentrum.se\/nykoping\/wp-content\/uploads\/sites\/41\/2024\/04\/Scandic-hotell-Nyk_ping-ljusare-ska-anvandas-under-varen-1080x1080.jpg 1080w, https:\/\/nyforetagarcentrum.se\/nykoping\/wp-content\/uploads\/sites\/41\/2024\/04\/Scandic-hotell-Nyk_ping-ljusare-ska-anvandas-under-varen.jpg 1126w\" sizes=\"(max-width: 1024px) 100vw, 1024px\" \/>                            <\/div>\n        \n            <\/div>\n\n\n    <div class=\"content-wrapper\">\n        \n        <h3>Scandic Stora Hotellet<\/h3>\n\n        \n        <div class=\"content\">\n            <p>Scandic Stora Hotellet \u2013 F\u00f6rstahandsalternativet i Nyk\u00f6pingsregionen.<br \/>\nEtt andra hem f\u00f6r v\u00e5ra hotellg\u00e4ster, en m\u00f6tesplats d\u00e4r n\u00e5got alltid h\u00e4nder f\u00f6r Nyk\u00f6pingsborna med omnejd.<\/p>\n<h5>Kontaktpersoner:<\/h5>\n<p>Laura Mellander, VD, General Manager \u00a0<a href=\"mailto:laura.mellander@scandichotels.com\">laura.mellander@scandichotels.com<\/a><br \/>\nNevenka Billemark, Vice VD, Hotellchef <a href=\"mailto:nevenka.billemark@scandichotels.com\">nevenka.billemark@scandichotels.com<\/a><\/p>\n        <\/div>\n\n                    <a href=\"https:\/\/www.scandichotels.se\/hotell\/sverige\/nykoping\/scandic-stora-hotellet\" class=\"offer-button button outlined\" target=\"_blank\">\n                HEMSIDA                                    <div class=\"icon icon-external\"><\/div>\n                            <\/a>\n            <\/div>\n<\/div><div class=\"offer-card\">\n\n    <div class=\"gallery-wrapper\">\n                    <div class=\"selected-media\">\n                                    <img loading=\"lazy\" decoding=\"async\" width=\"1024\" height=\"683\" src=\"https:\/\/nyforetagarcentrum.se\/nykoping\/wp-content\/uploads\/sites\/41\/2024\/04\/Gnesta-fr-frosjobadet-m-ankor-webb-1024x683.jpg\" class=\"attachment-large size-large\" alt=\"\" srcset=\"https:\/\/nyforetagarcentrum.se\/nykoping\/wp-content\/uploads\/sites\/41\/2024\/04\/Gnesta-fr-frosjobadet-m-ankor-webb-1024x683.jpg 1024w, https:\/\/nyforetagarcentrum.se\/nykoping\/wp-content\/uploads\/sites\/41\/2024\/04\/Gnesta-fr-frosjobadet-m-ankor-webb-300x200.jpg 300w, https:\/\/nyforetagarcentrum.se\/nykoping\/wp-content\/uploads\/sites\/41\/2024\/04\/Gnesta-fr-frosjobadet-m-ankor-webb-768x512.jpg 768w, https:\/\/nyforetagarcentrum.se\/nykoping\/wp-content\/uploads\/sites\/41\/2024\/04\/Gnesta-fr-frosjobadet-m-ankor-webb.jpg 1500w\" sizes=\"(max-width: 1024px) 100vw, 1024px\" \/>                            <\/div>\n        \n            <\/div>\n\n\n    <div class=\"content-wrapper\">\n        \n        <h3>Gnesta kommun<\/h3>\n\n        \n        <div class=\"content\">\n            <h5>Anv\u00e4nd v\u00e5r f\u00f6retagslots:<\/h5>\n<p>Planerar du att starta f\u00f6retag i Gnesta kommun?<br \/>\nEller driver du redan ett f\u00f6retag h\u00e4r och vill utveckla verksamheten? Oavsett, s\u00e5 arbetar vi f\u00f6r att hj\u00e4lpa dig.<br \/>\nF\u00f6retagslotsen hj\u00e4lper dig i m\u00f6tet med Gnesta kommuns olika enheter.<\/p>\n<p>Du f\u00e5r v\u00e4gledning och hj\u00e4lp att samordna dina kontakter med kommunen men ocks\u00e5 med externa regionala hj\u00e4lpfunktioner.<br \/>\nMer info: N\u00e4ringsliv &amp; arbete &#8211; Gnesta kommun<\/p>\n<h5>Kontaktuppgifter:<\/h5>\n<p>Matilda H\u00f6glund,\u2028N\u00e4ringslivs- &amp; turismsamordnare<br \/>\nGnesta kommun\u2028646 80 Gnesta<br \/>\nTelefon: 0158-275\u00a0687<br \/>\nV\u00e4xel: 0158-27 500<br \/>\nE-post: <a href=\"mailto:matilda.hoglund@gnesta.se\">matilda.hoglund@gnesta.se<\/a><\/p>\n        <\/div>\n\n                    <a href=\"https:\/\/www.gnesta.se\/\" class=\"offer-button button outlined\" target=\"_blank\">\n                HEMSIDA                                    <div class=\"icon icon-external\"><\/div>\n                            <\/a>\n            <\/div>\n<\/div>        <\/div>\n    <\/div>\n<\/section>\n\n\n<div style=\"height:80px\" aria-hidden=\"true\" class=\"wp-block-spacer\"><\/div>\n","protected":false},"excerpt":{"rendered":"<p>Mer om v\u00e5ra partners och kontaktuppgifter<\/p>\n","protected":false},"author":1,"featured_media":0,"parent":0,"menu_order":0,"comment_status":"closed","ping_status":"closed","template":"","meta":{"footnotes":""},"acf":[],"yoast_head":"<!-- This site is optimized with the Yoast SEO plugin v22.9 - https:\/\/yoast.com\/wordpress\/plugins\/seo\/ -->\n<title>Samarbetspartners och erbjudanden - Nyk\u00f6ping<\/title>\n<meta name=\"robots\" content=\"index, follow, max-snippet:-1, max-image-preview:large, max-video-preview:-1\" \/>\n<link rel=\"canonical\" href=\"https:\/\/nyforetagarcentrum.se\/nykoping\/erbjudanden\/\" \/>\n<meta property=\"og:locale\" content=\"sv_SE\" \/>\n<meta property=\"og:type\" content=\"article\" \/>\n<meta property=\"og:title\" content=\"Samarbetspartners och erbjudanden - Nyk\u00f6ping\" \/>\n<meta property=\"og:description\" content=\"Mer om v\u00e5ra partners och kontaktuppgifter\" \/>\n<meta property=\"og:url\" content=\"https:\/\/nyforetagarcentrum.se\/nykoping\/erbjudanden\/\" \/>\n<meta property=\"og:site_name\" content=\"Nyk\u00f6ping\" \/>\n<meta property=\"article:modified_time\" content=\"2024-06-25T07:54:30+00:00\" \/>\n<meta name=\"twitter:card\" content=\"summary_large_image\" \/>\n<script type=\"application\/ld+json\" class=\"yoast-schema-graph\">{\"@context\":\"https:\/\/schema.org\",\"@graph\":[{\"@type\":\"WebPage\",\"@id\":\"https:\/\/nyforetagarcentrum.se\/nykoping\/erbjudanden\/\",\"url\":\"https:\/\/nyforetagarcentrum.se\/nykoping\/erbjudanden\/\",\"name\":\"Samarbetspartners och erbjudanden - Nyk\u00f6ping\",\"isPartOf\":{\"@id\":\"https:\/\/nyforetagarcentrum.se\/nykoping\/#website\"},\"datePublished\":\"2024-02-22T09:29:05+00:00\",\"dateModified\":\"2024-06-25T07:54:30+00:00\",\"breadcrumb\":{\"@id\":\"https:\/\/nyforetagarcentrum.se\/nykoping\/erbjudanden\/#breadcrumb\"},\"inLanguage\":\"sv-SE\",\"potentialAction\":[{\"@type\":\"ReadAction\",\"target\":[\"https:\/\/nyforetagarcentrum.se\/nykoping\/erbjudanden\/\"]}]},{\"@type\":\"BreadcrumbList\",\"@id\":\"https:\/\/nyforetagarcentrum.se\/nykoping\/erbjudanden\/#breadcrumb\",\"itemListElement\":[{\"@type\":\"ListItem\",\"position\":1,\"name\":\"Hem\",\"item\":\"https:\/\/nyforetagarcentrum.se\/nykoping\/\"},{\"@type\":\"ListItem\",\"position\":2,\"name\":\"Samarbetspartners och erbjudanden\"}]},{\"@type\":\"WebSite\",\"@id\":\"https:\/\/nyforetagarcentrum.se\/nykoping\/#website\",\"url\":\"https:\/\/nyforetagarcentrum.se\/nykoping\/\",\"name\":\"Nyk\u00f6ping\",\"description\":\"Sveriges ledande kraft f\u00f6r fler nya livskraftiga f\u00f6retag\",\"publisher\":{\"@id\":\"https:\/\/nyforetagarcentrum.se\/nykoping\/#organization\"},\"potentialAction\":[{\"@type\":\"SearchAction\",\"target\":{\"@type\":\"EntryPoint\",\"urlTemplate\":\"https:\/\/nyforetagarcentrum.se\/nykoping\/?s={search_term_string}\"},\"query-input\":\"required name=search_term_string\"}],\"inLanguage\":\"sv-SE\"},{\"@type\":\"Organization\",\"@id\":\"https:\/\/nyforetagarcentrum.se\/nykoping\/#organization\",\"name\":\"Nyk\u00f6ping\",\"url\":\"https:\/\/nyforetagarcentrum.se\/nykoping\/\",\"logo\":{\"@type\":\"ImageObject\",\"inLanguage\":\"sv-SE\",\"@id\":\"https:\/\/nyforetagarcentrum.se\/nykoping\/#\/schema\/logo\/image\/\",\"url\":\"https:\/\/nyforetagarcentrum.se\/nykoping\/wp-content\/uploads\/sites\/41\/2024\/04\/ostra-sormland-1.png\",\"contentUrl\":\"https:\/\/nyforetagarcentrum.se\/nykoping\/wp-content\/uploads\/sites\/41\/2024\/04\/ostra-sormland-1.png\",\"width\":1082,\"height\":542,\"caption\":\"Nyk\u00f6ping\"},\"image\":{\"@id\":\"https:\/\/nyforetagarcentrum.se\/nykoping\/#\/schema\/logo\/image\/\"}}]}<\/script>\n<!-- \/ Yoast SEO plugin. -->","yoast_head_json":{"title":"Samarbetspartners och erbjudanden - Nyk\u00f6ping","robots":{"index":"index","follow":"follow","max-snippet":"max-snippet:-1","max-image-preview":"max-image-preview:large","max-video-preview":"max-video-preview:-1"},"canonical":"https:\/\/nyforetagarcentrum.se\/nykoping\/erbjudanden\/","og_locale":"sv_SE","og_type":"article","og_title":"Samarbetspartners och erbjudanden - Nyk\u00f6ping","og_description":"Mer om v\u00e5ra partners och kontaktuppgifter","og_url":"https:\/\/nyforetagarcentrum.se\/nykoping\/erbjudanden\/","og_site_name":"Nyk\u00f6ping","article_modified_time":"2024-06-25T07:54:30+00:00","twitter_card":"summary_large_image","schema":{"@context":"https:\/\/schema.org","@graph":[{"@type":"WebPage","@id":"https:\/\/nyforetagarcentrum.se\/nykoping\/erbjudanden\/","url":"https:\/\/nyforetagarcentrum.se\/nykoping\/erbjudanden\/","name":"Samarbetspartners och erbjudanden - Nyk\u00f6ping","isPartOf":{"@id":"https:\/\/nyforetagarcentrum.se\/nykoping\/#website"},"datePublished":"2024-02-22T09:29:05+00:00","dateModified":"2024-06-25T07:54:30+00:00","breadcrumb":{"@id":"https:\/\/nyforetagarcentrum.se\/nykoping\/erbjudanden\/#breadcrumb"},"inLanguage":"sv-SE","potentialAction":[{"@type":"ReadAction","target":["https:\/\/nyforetagarcentrum.se\/nykoping\/erbjudanden\/"]}]},{"@type":"BreadcrumbList","@id":"https:\/\/nyforetagarcentrum.se\/nykoping\/erbjudanden\/#breadcrumb","itemListElement":[{"@type":"ListItem","position":1,"name":"Hem","item":"https:\/\/nyforetagarcentrum.se\/nykoping\/"},{"@type":"ListItem","position":2,"name":"Samarbetspartners och erbjudanden"}]},{"@type":"WebSite","@id":"https:\/\/nyforetagarcentrum.se\/nykoping\/#website","url":"https:\/\/nyforetagarcentrum.se\/nykoping\/","name":"Nyk\u00f6ping","description":"Sveriges ledande kraft f\u00f6r fler nya livskraftiga f\u00f6retag","publisher":{"@id":"https:\/\/nyforetagarcentrum.se\/nykoping\/#organization"},"potentialAction":[{"@type":"SearchAction","target":{"@type":"EntryPoint","urlTemplate":"https:\/\/nyforetagarcentrum.se\/nykoping\/?s={search_term_string}"},"query-input":"required name=search_term_string"}],"inLanguage":"sv-SE"},{"@type":"Organization","@id":"https:\/\/nyforetagarcentrum.se\/nykoping\/#organization","name":"Nyk\u00f6ping","url":"https:\/\/nyforetagarcentrum.se\/nykoping\/","logo":{"@type":"ImageObject","inLanguage":"sv-SE","@id":"https:\/\/nyforetagarcentrum.se\/nykoping\/#\/schema\/logo\/image\/","url":"https:\/\/nyforetagarcentrum.se\/nykoping\/wp-content\/uploads\/sites\/41\/2024\/04\/ostra-sormland-1.png","contentUrl":"https:\/\/nyforetagarcentrum.se\/nykoping\/wp-content\/uploads\/sites\/41\/2024\/04\/ostra-sormland-1.png","width":1082,"height":542,"caption":"Nyk\u00f6ping"},"image":{"@id":"https:\/\/nyforetagarcentrum.se\/nykoping\/#\/schema\/logo\/image\/"}}]}},"_links":{"self":[{"href":"https:\/\/nyforetagarcentrum.se\/nykoping\/wp-json\/wp\/v2\/pages\/48"}],"collection":[{"href":"https:\/\/nyforetagarcentrum.se\/nykoping\/wp-json\/wp\/v2\/pages"}],"about":[{"href":"https:\/\/nyforetagarcentrum.se\/nykoping\/wp-json\/wp\/v2\/types\/page"}],"author":[{"embeddable":true,"href":"https:\/\/nyforetagarcentrum.se\/nykoping\/wp-json\/wp\/v2\/users\/1"}],"replies":[{"embeddable":true,"href":"https:\/\/nyforetagarcentrum.se\/nykoping\/wp-json\/wp\/v2\/comments?post=48"}],"version-history":[{"count":19,"href":"https:\/\/nyforetagarcentrum.se\/nykoping\/wp-json\/wp\/v2\/pages\/48\/revisions"}],"predecessor-version":[{"id":2040,"href":"https:\/\/nyforetagarcentrum.se\/nykoping\/wp-json\/wp\/v2\/pages\/48\/revisions\/2040"}],"wp:attachment":[{"href":"https:\/\/nyforetagarcentrum.se\/nykoping\/wp-json\/wp\/v2\/media?parent=48"}],"curies":[{"name":"wp","href":"https:\/\/api.w.org\/{rel}","templated":true}]}}