{"id":380,"date":"2024-04-18T09:12:32","date_gmt":"2024-04-18T07:12:32","guid":{"rendered":"https:\/\/nyforetagarcentrum.se\/nykoping\/?page_id=380"},"modified":"2026-02-04T12:24:35","modified_gmt":"2026-02-04T11:24:35","slug":"steget-till-eget","status":"publish","type":"page","link":"https:\/\/nyforetagarcentrum.se\/nykoping\/steget-till-eget\/","title":{"rendered":"Steget till eget"},"content":{"rendered":"<section  class=\"nfc-block-hero alignfull\">\n\n    <img loading=\"lazy\" decoding=\"async\" width=\"1707\" height=\"960\" src=\"https:\/\/nyforetagarcentrum.se\/nykoping\/wp-content\/uploads\/sites\/41\/2024\/04\/steget-till-eget-NFC_16x9_1280x720.jpg\" class=\"attachment-landscape size-landscape\" alt=\"Steget till eget\" srcset=\"https:\/\/nyforetagarcentrum.se\/nykoping\/wp-content\/uploads\/sites\/41\/2024\/04\/steget-till-eget-NFC_16x9_1280x720.jpg 1707w, https:\/\/nyforetagarcentrum.se\/nykoping\/wp-content\/uploads\/sites\/41\/2024\/04\/steget-till-eget-NFC_16x9_1280x720-300x169.jpg 300w, https:\/\/nyforetagarcentrum.se\/nykoping\/wp-content\/uploads\/sites\/41\/2024\/04\/steget-till-eget-NFC_16x9_1280x720-1024x576.jpg 1024w, https:\/\/nyforetagarcentrum.se\/nykoping\/wp-content\/uploads\/sites\/41\/2024\/04\/steget-till-eget-NFC_16x9_1280x720-768x432.jpg 768w, https:\/\/nyforetagarcentrum.se\/nykoping\/wp-content\/uploads\/sites\/41\/2024\/04\/steget-till-eget-NFC_16x9_1280x720-1536x864.jpg 1536w\" sizes=\"(max-width: 1707px) 100vw, 1707px\" \/>\n    <div class=\"contained\">\n        <h1 class=\"nfc-block-hero__heading\">Steget till eget<\/h1>\n\n                    <div class=\"nfc-block-hero__buttons\">\n                                    <a href=\"https:\/\/jobsdata-nyforetagarcentrum.se\/ExternBooking\/Index?OfficeId=b0c8e94b-4996-e811-80d7-0050568571f4&amp;blockList=240\" class=\"button primary\">BOKA DIN PLATS<\/a>\n                            <\/div>\n            <\/div>\n<\/section>\n\n\n<div style=\"height:80px\" aria-hidden=\"true\" class=\"wp-block-spacer\"><\/div>\n\n\n\n<h2 class=\"wp-block-heading alignwide has-x-large-font-size\">Starta eget-utbildning<\/h2>\n\n\n\n<div style=\"height:40px\" aria-hidden=\"true\" class=\"wp-block-spacer\"><\/div>\n\n\n<section  class=\"nfc-block-split_screen alignwide image_alignment-right\">\n    <div class=\"wrapper\">\n        <div class=\"nfc-block-split_screen__image-wrapper\">\n            <img loading=\"lazy\" decoding=\"async\" width=\"1600\" height=\"998\" src=\"https:\/\/nyforetagarcentrum.se\/nykoping\/wp-content\/uploads\/sites\/41\/2024\/04\/AdobeStock_603267900-1600.jpg\" class=\"attachment-landscape size-landscape\" alt=\"\" srcset=\"https:\/\/nyforetagarcentrum.se\/nykoping\/wp-content\/uploads\/sites\/41\/2024\/04\/AdobeStock_603267900-1600.jpg 1600w, https:\/\/nyforetagarcentrum.se\/nykoping\/wp-content\/uploads\/sites\/41\/2024\/04\/AdobeStock_603267900-1600-300x187.jpg 300w, https:\/\/nyforetagarcentrum.se\/nykoping\/wp-content\/uploads\/sites\/41\/2024\/04\/AdobeStock_603267900-1600-1024x639.jpg 1024w, https:\/\/nyforetagarcentrum.se\/nykoping\/wp-content\/uploads\/sites\/41\/2024\/04\/AdobeStock_603267900-1600-768x479.jpg 768w, https:\/\/nyforetagarcentrum.se\/nykoping\/wp-content\/uploads\/sites\/41\/2024\/04\/AdobeStock_603267900-1600-1536x958.jpg 1536w\" sizes=\"(max-width: 1600px) 100vw, 1600px\" \/>        <\/div>\n\n        <div class=\"nfc-block-split_screen__content-wrapper\">\n            <p>Steget till eget \u00e4r Nyf\u00f6retagarcentrums kostnadsfria starta eget-utbildning om fyra tillf\u00e4llen d\u00e4r alla delar \u00e4r frist\u00e5ende.<\/p>\n<p>Du kan g\u00e5 kursen i din egen takt och i vilken ordning du vill. I Nyk\u00f6ping ges varje tillf\u00e4lle flera g\u00e5nger per termin och i Trosa och Gnesta en omg\u00e5ng per termin.<\/p>\n<p>Del 1 \u2013 Aff\u00e4rsplan, bolagsformer och verksamt.se<\/p>\n<p>Del 2 \u2013 F\u00f6rs\u00e4ljning och marknadsf\u00f6ring<\/p>\n<p>Del 3 \u2013 Budgetera, ekonomiska termer och finansiering<\/p>\n<p>Del 4 \u2013 F\u00f6rs\u00e4kringar, trygghet samt bokf\u00f6ring och moms<\/p>\n<p>&nbsp;<\/p>\n<p><em>F\u00f6r datum, tider och plats se nedan.<\/em><\/p>\n\n            \n        <\/div>\n    <\/div>\n<\/section>\n\n\n<div style=\"height:40px\" aria-hidden=\"true\" class=\"wp-block-spacer\"><\/div>\n\n\n\n<div class=\"wp-block-columns is-layout-flex wp-container-core-columns-is-layout-1 wp-block-columns-is-layout-flex\">\n<div class=\"wp-block-column is-layout-flow wp-block-column-is-layout-flow\">\n<h3 class=\"wp-block-heading has-text-color has-link-color wp-elements-087312802aa1bc2d6c7dc91be438c6da\" id=\"nyk\" style=\"color:#1c6694\">Datum Nyk\u00f6ping<\/h3>\n\n\n\n<p class=\"has-text-color has-link-color wp-elements-f26de3f10a256ca1e323ef233e4bb64c\" style=\"color:#1c6694\"><strong>Tid: <\/strong>17:00\u201320:00<\/p>\n\n\n\n<p class=\"has-text-color has-link-color wp-elements-061801ec0be56d3e6c36934ae6368740\" style=\"color:#1c6694\"><strong>Plats:<\/strong> N\u00e4ringslivets Hus, Nyk\u00f6ping<\/p>\n\n\n\n<p><strong>Del 1 \u2013 Aff\u00e4rsplan och bolagsform<\/strong><\/p>\n\n\n\n<p>5 mars<br>9 april<br>14 maj<\/p>\n\n\n\n<p><\/p>\n\n\n\n<p><strong>Del 2 \u2013 Marknadsf\u00f6ring<\/strong><\/p>\n\n\n\n<p>12 mars<br>16 april<br>21 maj<\/p>\n\n\n\n<p><strong>Del 3 \u2013 Budget och f\u00f6retagsekonomi<\/strong><\/p>\n\n\n\n<p>19 mars<br>23 april<br>28 maj<\/p>\n\n\n\n<p><\/p>\n\n\n\n<p><strong>Del 4 \u2013 F\u00f6rs\u00e4kring och momskunskap<\/strong><\/p>\n\n\n\n<p>26 mars<br>7 maj<br>4 juni<\/p>\n\n\n\n<p><\/p>\n<\/div>\n\n\n\n<div class=\"wp-block-column is-layout-flow wp-block-column-is-layout-flow\">\n<h3 class=\"wp-block-heading has-text-color has-link-color wp-elements-0832e1bacaf3bf60224183e46165d632\" id=\"trosa\" style=\"color:#1c6694\">Datum Oxel\u00f6sund<\/h3>\n\n\n\n<p class=\"has-text-color has-link-color wp-elements-f26de3f10a256ca1e323ef233e4bb64c\" style=\"color:#1c6694\"><strong>Tid: <\/strong>17:00\u201320:00<\/p>\n\n\n\n<p class=\"has-text-color has-link-color wp-elements-916bcd47c0f7cb60e14d196210ba4c3a\" style=\"color:#1c6694\"><strong>Plats:<\/strong> Kommunhuset, H\u00f6jdgatan 26<\/p>\n\n\n\n<p><strong>Del 1 \u2013 Aff\u00e4rsplan och bolagsform<\/strong><\/p>\n\n\n\n<p>20 januari<\/p>\n\n\n\n<p><\/p>\n\n\n\n<p><strong>Del 2 \u2013 Marknadsf\u00f6ring<\/strong><\/p>\n\n\n\n<p>27 januari<\/p>\n\n\n\n<p><\/p>\n\n\n\n<p><strong>Del 3 \u2013 Budget och f\u00f6retagsekonomi<\/strong><\/p>\n\n\n\n<p>3 februari<\/p>\n\n\n\n<p><\/p>\n\n\n\n<p><strong>Del 4 \u2013 F\u00f6rs\u00e4kring och momskunskap<\/strong><\/p>\n\n\n\n<p>10 februari<\/p>\n<\/div>\n\n\n\n<div class=\"wp-block-column is-layout-flow wp-block-column-is-layout-flow\">\n<h3 class=\"wp-block-heading has-text-color has-link-color wp-elements-a54b961cb119e5b8e819ee3009750416\" id=\"trosa\" style=\"color:#1c6694\">Datum Trosa<\/h3>\n\n\n\n<p class=\"has-text-color has-link-color wp-elements-f26de3f10a256ca1e323ef233e4bb64c\" style=\"color:#1c6694\"><strong>Tid: <\/strong>17:00\u201320:00<\/p>\n\n\n\n<p class=\"has-text-color has-link-color wp-elements-038cf0daf06a6dd980a4dc7a2919b77f\" style=\"color:#1c6694\"><strong>Plats:<\/strong> Kommunhuset, lokal Apelviken, Trosa<\/p>\n\n\n\n<p><strong>Del 1 \u2013 Aff\u00e4rsplan och bolagsform<\/strong><\/p>\n\n\n\n<p>4 mars<\/p>\n\n\n\n<p><\/p>\n\n\n\n<p><strong>Del 2 \u2013 Marknadsf\u00f6ring<\/strong><\/p>\n\n\n\n<p>11 mars<\/p>\n\n\n\n<p><strong>Del 3 \u2013 Budget och f\u00f6retagsekonomi<\/strong><\/p>\n\n\n\n<p>18 mars<\/p>\n\n\n\n<p><\/p>\n\n\n\n<p><strong>Del 4 \u2013 F\u00f6rs\u00e4kring och momskunskap<\/strong><\/p>\n\n\n\n<p>25 mars<\/p>\n<\/div>\n\n\n\n<div class=\"wp-block-column is-layout-flow wp-block-column-is-layout-flow\">\n<h3 class=\"wp-block-heading has-text-color has-link-color wp-elements-ab63e36950425d6339d73c29903751ba\" id=\"gnesta\" style=\"color:#1c6694\">Datum Gnesta<\/h3>\n\n\n\n<p class=\"has-text-color has-link-color wp-elements-f26de3f10a256ca1e323ef233e4bb64c\" style=\"color:#1c6694\"><strong>Tid: <\/strong>17:00\u201320:00<\/p>\n\n\n\n<p class=\"has-text-color has-link-color wp-elements-51a1c0b8f6a045c476bbf6e3685c2319\" style=\"color:#1c6694\"><strong>Plats:<\/strong> Kommunhuset, Gnesta<\/p>\n\n\n\n<p><strong>Del 1 \u2013 Aff\u00e4rsplan och bolagsform<\/strong><\/p>\n\n\n\n<p>5 maj<\/p>\n\n\n\n<p><\/p>\n\n\n\n<p><strong>Del 2 \u2013 Marknadsf\u00f6ring <\/strong><\/p>\n\n\n\n<p>12 maj<\/p>\n\n\n\n<p><strong>Del 3 \u2013 Budget och f\u00f6retagsekonomi<\/strong><\/p>\n\n\n\n<p>19 maj<\/p>\n\n\n\n<p><\/p>\n\n\n\n<p><strong>Del 4 \u2013 F\u00f6rs\u00e4kring och momskunskap<\/strong><\/p>\n\n\n\n<p>26 maj<\/p>\n<\/div>\n<\/div>\n\n\n\n<div class=\"wp-block-buttons is-content-justification-center is-layout-flex wp-container-core-buttons-is-layout-1 wp-block-buttons-is-layout-flex\">\n<div class=\"wp-block-button\"><a class=\"wp-block-button__link wp-element-button\" href=\"https:\/\/jobsdata-nyforetagarcentrum.se\/ExternBooking\/Index?OfficeId=b0c8e94b-4996-e811-80d7-0050568571f4&amp;blockList=240\">BOKA PLATS<\/a><\/div>\n<\/div>\n\n\n\n<p class=\"has-text-align-center has-cyan-bluish-gray-background-color has-background\">&#8212;&#8212;&#8212;&#8212;&#8212;&#8212;&#8212;&#8212;&#8212;&#8212;&#8212;&#8212;&#8212;&#8212;&#8212;&#8212;&#8212;&#8212;&#8212;&#8212;&#8212;&#8212;&#8212;&#8212;&#8212;&#8212;&#8212;&#8212;&#8212;&#8212;&#8212;&#8212;<\/p>\n\n\n\n<div class=\"wp-block-columns is-layout-flex wp-container-core-columns-is-layout-2 wp-block-columns-is-layout-flex\">\n<div class=\"wp-block-column is-layout-flow wp-block-column-is-layout-flow\">\n<h3 class=\"wp-block-heading\">Del 1 \u2013 Aff\u00e4rsplan och bolagsform<\/h3>\n\n\n\n<p>M\u00c5L: Kom ig\u00e5ng med arbetet att skapa din egen aff\u00e4rsplan. Se vilka registreringar som din verksamhet beh\u00f6ver och var du hittar information f\u00f6r att enklare g\u00f6ra r\u00e4tt fr\u00e5n b\u00f6rjan.<\/p>\n<\/div>\n\n\n\n<div class=\"wp-block-column is-layout-flow wp-block-column-is-layout-flow\">\n<h3 class=\"wp-block-heading\">Del 2 \u2013 F\u00f6rs\u00e4ljning och Marknadsf\u00f6ring<\/h3>\n\n\n\n<p>M\u00c5L:  Hur n\u00e5r jag ut med min produkt\/tj\u00e4nst? L\u00e4r dig om s\u00e4ljprocessen och marknadsf\u00f6ringens m\u00f6jligheter, b\u00e5de digitalt och fysiskt.<\/p>\n\n\n\n<p><\/p>\n<\/div>\n<\/div>\n\n\n\n<div class=\"wp-block-columns is-layout-flex wp-container-core-columns-is-layout-3 wp-block-columns-is-layout-flex\">\n<div class=\"wp-block-column is-layout-flow wp-block-column-is-layout-flow\">\n<h3 class=\"wp-block-heading\">Del 3 \u2013 Budgetera, ekonomiska termer och finansiering<\/h3>\n\n\n\n<p>M\u00c5L: F\u00f6rst\u00e5 hur en budget fungerar f\u00f6r att kunna g\u00f6ra din egna resultat- och likviditetsbudget. F\u00f6rst\u00e5 ekonomiska termer och begrepp och hur du kan finansiera din verksamhet.<\/p>\n<\/div>\n\n\n\n<div class=\"wp-block-column is-layout-flow wp-block-column-is-layout-flow\">\n<h3 class=\"wp-block-heading\">Del 4 \u2013 F\u00f6rs\u00e4kringar, trygghet samt bokf\u00f6ring och moms<\/h3>\n\n\n\n<p>M\u00c5L: Varf\u00f6r beh\u00f6ver jag en bokf\u00f6ring? Vad \u00e4r merv\u00e4rdesskatt och hur fungerar den? Hur skapar jag en trygg ekonomisk situation som egenanst\u00e4lld?<\/p>\n<\/div>\n<\/div>\n\n\n\n<div class=\"wp-block-buttons is-content-justification-center is-layout-flex wp-container-core-buttons-is-layout-2 wp-block-buttons-is-layout-flex\">\n<div class=\"wp-block-button\"><a class=\"wp-block-button__link wp-element-button\" href=\"https:\/\/jobsdata-nyforetagarcentrum.se\/ExternBooking\/Index?OfficeId=b0c8e94b-4996-e811-80d7-0050568571f4&amp;blockList=240\">BOKA PLATS<\/a><\/div>\n<\/div>\n\n\n\n<p class=\"has-text-align-center has-background\" style=\"background-color:#d2d6de\">&#8212;&#8212;&#8212;&#8212;&#8212;&#8212;&#8212;&#8212;&#8212;&#8212;&#8212;&#8212;&#8212;&#8212;&#8212;&#8212;&#8212;&#8212;&#8212;&#8212;&#8212;&#8212;&#8212;&#8212;&#8212;&#8212;&#8212;&#8212;&#8212;&#8212;&#8212;&#8212;<\/p>\n\n\n\n<div style=\"height:40px\" aria-hidden=\"true\" class=\"wp-block-spacer\"><\/div>\n","protected":false},"excerpt":{"rendered":"<p>Starta eget-utbildning Datum Nyk\u00f6ping Tid: 17:00\u201320:00 Plats: N\u00e4ringslivets Hus, Nyk\u00f6ping Del 1 \u2013 Aff\u00e4rsplan och bolagsform 5 mars9 april14 maj Del 2 \u2013 Marknadsf\u00f6ring 12 mars16 april21 maj Del 3 \u2013 Budget och f\u00f6retagsekonomi 19 mars23 april28 maj Del 4 \u2013 F\u00f6rs\u00e4kring och momskunskap 26 mars7 maj4 juni Datum Oxel\u00f6sund Tid: 17:00\u201320:00 Plats: Kommunhuset, H\u00f6jdgatan [&hellip;]<\/p>\n","protected":false},"author":42,"featured_media":0,"parent":0,"menu_order":0,"comment_status":"closed","ping_status":"closed","template":"","meta":{"footnotes":""},"acf":[],"yoast_head":"<!-- This site is optimized with the Yoast SEO plugin v22.9 - https:\/\/yoast.com\/wordpress\/plugins\/seo\/ -->\n<title>Steget till eget - Nyk\u00f6ping<\/title>\n<meta name=\"description\" content=\"Kostnadsfri starta eget-utbildning i Nyk\u00f6ping, Trosa och Gnesta. Fyra tillf\u00e4llen d\u00e4r alla delar \u00e4r frist\u00e5ende.\" \/>\n<meta name=\"robots\" content=\"index, follow, max-snippet:-1, max-image-preview:large, max-video-preview:-1\" \/>\n<link rel=\"canonical\" href=\"https:\/\/nyforetagarcentrum.se\/nykoping\/steget-till-eget\/\" \/>\n<meta property=\"og:locale\" content=\"sv_SE\" \/>\n<meta property=\"og:type\" content=\"article\" \/>\n<meta property=\"og:title\" content=\"Steget till eget - Nyk\u00f6ping\" \/>\n<meta property=\"og:description\" content=\"Kostnadsfri starta eget-utbildning i Nyk\u00f6ping, Trosa och Gnesta. Fyra tillf\u00e4llen d\u00e4r alla delar \u00e4r frist\u00e5ende.\" \/>\n<meta property=\"og:url\" content=\"https:\/\/nyforetagarcentrum.se\/nykoping\/steget-till-eget\/\" \/>\n<meta property=\"og:site_name\" content=\"Nyk\u00f6ping\" \/>\n<meta property=\"article:modified_time\" content=\"2026-02-04T11:24:35+00:00\" \/>\n<meta property=\"og:image\" content=\"https:\/\/nyforetagarcentrum.se\/nykoping\/wp-content\/uploads\/sites\/41\/2024\/04\/steget-till-eget-NFC_16x9_1280x720.jpg\" \/>\n\t<meta property=\"og:image:width\" content=\"1707\" \/>\n\t<meta property=\"og:image:height\" content=\"960\" \/>\n\t<meta property=\"og:image:type\" content=\"image\/jpeg\" \/>\n<meta name=\"twitter:card\" content=\"summary_large_image\" \/>\n<meta name=\"twitter:label1\" content=\"Ber\u00e4knad l\u00e4stid\" \/>\n\t<meta name=\"twitter:data1\" content=\"2 minuter\" \/>\n<script type=\"application\/ld+json\" class=\"yoast-schema-graph\">{\"@context\":\"https:\/\/schema.org\",\"@graph\":[{\"@type\":\"WebPage\",\"@id\":\"https:\/\/nyforetagarcentrum.se\/nykoping\/steget-till-eget\/\",\"url\":\"https:\/\/nyforetagarcentrum.se\/nykoping\/steget-till-eget\/\",\"name\":\"Steget till eget - Nyk\u00f6ping\",\"isPartOf\":{\"@id\":\"https:\/\/nyforetagarcentrum.se\/nykoping\/#website\"},\"datePublished\":\"2024-04-18T07:12:32+00:00\",\"dateModified\":\"2026-02-04T11:24:35+00:00\",\"description\":\"Kostnadsfri starta eget-utbildning i Nyk\u00f6ping, Trosa och Gnesta. Fyra tillf\u00e4llen d\u00e4r alla delar \u00e4r frist\u00e5ende.\",\"breadcrumb\":{\"@id\":\"https:\/\/nyforetagarcentrum.se\/nykoping\/steget-till-eget\/#breadcrumb\"},\"inLanguage\":\"sv-SE\",\"potentialAction\":[{\"@type\":\"ReadAction\",\"target\":[\"https:\/\/nyforetagarcentrum.se\/nykoping\/steget-till-eget\/\"]}]},{\"@type\":\"BreadcrumbList\",\"@id\":\"https:\/\/nyforetagarcentrum.se\/nykoping\/steget-till-eget\/#breadcrumb\",\"itemListElement\":[{\"@type\":\"ListItem\",\"position\":1,\"name\":\"Hem\",\"item\":\"https:\/\/nyforetagarcentrum.se\/nykoping\/\"},{\"@type\":\"ListItem\",\"position\":2,\"name\":\"Steget till eget\"}]},{\"@type\":\"WebSite\",\"@id\":\"https:\/\/nyforetagarcentrum.se\/nykoping\/#website\",\"url\":\"https:\/\/nyforetagarcentrum.se\/nykoping\/\",\"name\":\"Nyk\u00f6ping\",\"description\":\"Sveriges ledande kraft f\u00f6r fler nya livskraftiga f\u00f6retag\",\"publisher\":{\"@id\":\"https:\/\/nyforetagarcentrum.se\/nykoping\/#organization\"},\"potentialAction\":[{\"@type\":\"SearchAction\",\"target\":{\"@type\":\"EntryPoint\",\"urlTemplate\":\"https:\/\/nyforetagarcentrum.se\/nykoping\/?s={search_term_string}\"},\"query-input\":\"required name=search_term_string\"}],\"inLanguage\":\"sv-SE\"},{\"@type\":\"Organization\",\"@id\":\"https:\/\/nyforetagarcentrum.se\/nykoping\/#organization\",\"name\":\"Nyk\u00f6ping\",\"url\":\"https:\/\/nyforetagarcentrum.se\/nykoping\/\",\"logo\":{\"@type\":\"ImageObject\",\"inLanguage\":\"sv-SE\",\"@id\":\"https:\/\/nyforetagarcentrum.se\/nykoping\/#\/schema\/logo\/image\/\",\"url\":\"https:\/\/nyforetagarcentrum.se\/nykoping\/wp-content\/uploads\/sites\/41\/2024\/04\/ostra-sormland-1.png\",\"contentUrl\":\"https:\/\/nyforetagarcentrum.se\/nykoping\/wp-content\/uploads\/sites\/41\/2024\/04\/ostra-sormland-1.png\",\"width\":1082,\"height\":542,\"caption\":\"Nyk\u00f6ping\"},\"image\":{\"@id\":\"https:\/\/nyforetagarcentrum.se\/nykoping\/#\/schema\/logo\/image\/\"}}]}<\/script>\n<!-- \/ Yoast SEO plugin. -->","yoast_head_json":{"title":"Steget till eget - Nyk\u00f6ping","description":"Kostnadsfri starta eget-utbildning i Nyk\u00f6ping, Trosa och Gnesta. Fyra tillf\u00e4llen d\u00e4r alla delar \u00e4r frist\u00e5ende.","robots":{"index":"index","follow":"follow","max-snippet":"max-snippet:-1","max-image-preview":"max-image-preview:large","max-video-preview":"max-video-preview:-1"},"canonical":"https:\/\/nyforetagarcentrum.se\/nykoping\/steget-till-eget\/","og_locale":"sv_SE","og_type":"article","og_title":"Steget till eget - Nyk\u00f6ping","og_description":"Kostnadsfri starta eget-utbildning i Nyk\u00f6ping, Trosa och Gnesta. Fyra tillf\u00e4llen d\u00e4r alla delar \u00e4r frist\u00e5ende.","og_url":"https:\/\/nyforetagarcentrum.se\/nykoping\/steget-till-eget\/","og_site_name":"Nyk\u00f6ping","article_modified_time":"2026-02-04T11:24:35+00:00","og_image":[{"width":1707,"height":960,"url":"https:\/\/nyforetagarcentrum.se\/nykoping\/wp-content\/uploads\/sites\/41\/2024\/04\/steget-till-eget-NFC_16x9_1280x720.jpg","type":"image\/jpeg"}],"twitter_card":"summary_large_image","twitter_misc":{"Ber\u00e4knad l\u00e4stid":"2 minuter"},"schema":{"@context":"https:\/\/schema.org","@graph":[{"@type":"WebPage","@id":"https:\/\/nyforetagarcentrum.se\/nykoping\/steget-till-eget\/","url":"https:\/\/nyforetagarcentrum.se\/nykoping\/steget-till-eget\/","name":"Steget till eget - Nyk\u00f6ping","isPartOf":{"@id":"https:\/\/nyforetagarcentrum.se\/nykoping\/#website"},"datePublished":"2024-04-18T07:12:32+00:00","dateModified":"2026-02-04T11:24:35+00:00","description":"Kostnadsfri starta eget-utbildning i Nyk\u00f6ping, Trosa och Gnesta. Fyra tillf\u00e4llen d\u00e4r alla delar \u00e4r frist\u00e5ende.","breadcrumb":{"@id":"https:\/\/nyforetagarcentrum.se\/nykoping\/steget-till-eget\/#breadcrumb"},"inLanguage":"sv-SE","potentialAction":[{"@type":"ReadAction","target":["https:\/\/nyforetagarcentrum.se\/nykoping\/steget-till-eget\/"]}]},{"@type":"BreadcrumbList","@id":"https:\/\/nyforetagarcentrum.se\/nykoping\/steget-till-eget\/#breadcrumb","itemListElement":[{"@type":"ListItem","position":1,"name":"Hem","item":"https:\/\/nyforetagarcentrum.se\/nykoping\/"},{"@type":"ListItem","position":2,"name":"Steget till eget"}]},{"@type":"WebSite","@id":"https:\/\/nyforetagarcentrum.se\/nykoping\/#website","url":"https:\/\/nyforetagarcentrum.se\/nykoping\/","name":"Nyk\u00f6ping","description":"Sveriges ledande kraft f\u00f6r fler nya livskraftiga f\u00f6retag","publisher":{"@id":"https:\/\/nyforetagarcentrum.se\/nykoping\/#organization"},"potentialAction":[{"@type":"SearchAction","target":{"@type":"EntryPoint","urlTemplate":"https:\/\/nyforetagarcentrum.se\/nykoping\/?s={search_term_string}"},"query-input":"required name=search_term_string"}],"inLanguage":"sv-SE"},{"@type":"Organization","@id":"https:\/\/nyforetagarcentrum.se\/nykoping\/#organization","name":"Nyk\u00f6ping","url":"https:\/\/nyforetagarcentrum.se\/nykoping\/","logo":{"@type":"ImageObject","inLanguage":"sv-SE","@id":"https:\/\/nyforetagarcentrum.se\/nykoping\/#\/schema\/logo\/image\/","url":"https:\/\/nyforetagarcentrum.se\/nykoping\/wp-content\/uploads\/sites\/41\/2024\/04\/ostra-sormland-1.png","contentUrl":"https:\/\/nyforetagarcentrum.se\/nykoping\/wp-content\/uploads\/sites\/41\/2024\/04\/ostra-sormland-1.png","width":1082,"height":542,"caption":"Nyk\u00f6ping"},"image":{"@id":"https:\/\/nyforetagarcentrum.se\/nykoping\/#\/schema\/logo\/image\/"}}]}},"_links":{"self":[{"href":"https:\/\/nyforetagarcentrum.se\/nykoping\/wp-json\/wp\/v2\/pages\/380"}],"collection":[{"href":"https:\/\/nyforetagarcentrum.se\/nykoping\/wp-json\/wp\/v2\/pages"}],"about":[{"href":"https:\/\/nyforetagarcentrum.se\/nykoping\/wp-json\/wp\/v2\/types\/page"}],"author":[{"embeddable":true,"href":"https:\/\/nyforetagarcentrum.se\/nykoping\/wp-json\/wp\/v2\/users\/42"}],"replies":[{"embeddable":true,"href":"https:\/\/nyforetagarcentrum.se\/nykoping\/wp-json\/wp\/v2\/comments?post=380"}],"version-history":[{"count":84,"href":"https:\/\/nyforetagarcentrum.se\/nykoping\/wp-json\/wp\/v2\/pages\/380\/revisions"}],"predecessor-version":[{"id":2006,"href":"https:\/\/nyforetagarcentrum.se\/nykoping\/wp-json\/wp\/v2\/pages\/380\/revisions\/2006"}],"wp:attachment":[{"href":"https:\/\/nyforetagarcentrum.se\/nykoping\/wp-json\/wp\/v2\/media?parent=380"}],"curies":[{"name":"wp","href":"https:\/\/api.w.org\/{rel}","templated":true}]}}