{"id":239,"date":"2024-02-29T13:59:39","date_gmt":"2024-02-29T12:59:39","guid":{"rendered":"https:\/\/nyforetagarcentrum.se\/nykoping\/?page_id=239"},"modified":"2024-05-08T11:59:36","modified_gmt":"2024-05-08T09:59:36","slug":"vara-radgivare","status":"publish","type":"page","link":"https:\/\/nyforetagarcentrum.se\/nykoping\/vara-radgivare\/","title":{"rendered":"V\u00e5ra r\u00e5dgivare"},"content":{"rendered":"\n<div style=\"height:49px\" aria-hidden=\"true\" class=\"wp-block-spacer\"><\/div>\n\n\n<section  class=\"nfc-block-breadcrumbs\">\n    <div class=\"wrapper contained\">\n        <ol class=\"breadcrumbs\" itemscope itemtype=\"https:\/\/schema.org\/BreadcrumbList\">\n            <li itemprop=\"itemListElement\" itemscope itemtype=\"https:\/\/schema.org\/ListItem\">\n            \n\n                            <span class=\"current\" itemprop=\"name\">Hem<\/span>\n            \n            <meta itemprop=\"position\" content=\"1\" \/>\n        <\/li>\n    <\/ol>    <\/div>\n<\/section>\n\n\n<h1 class=\"wp-block-heading has-text-align-center has-vivid-cyan-blue-color has-text-color has-link-color wp-elements-8f9d9acfb68f418f0c819d16bef819da\" style=\"font-size:50px\">V\u00e5ra r\u00e5dgivare<\/h1>\n\n\n\n<div style=\"height:40px\" aria-hidden=\"true\" class=\"wp-block-spacer\"><\/div>\n\n\n\n<p>Den enskilda r\u00e5dgivningen p\u00e5 Nyf\u00f6retagarCentrum \u00e4r kostnadsfri, personlig och konfidentiell. Det kan bli ett eller flera tillf\u00e4llen, det beror p\u00e5 hur l\u00e5ngt du kommit i processen.<\/p>\n\n\n\n<p>R\u00e5dgivningarna fokuserar p\u00e5 aff\u00e4rsid\u00e9n och p\u00e5 dig som f\u00f6retagare. H\u00e5ller id\u00e9n eller beh\u00f6ver den utvecklas? Dessutom handlar det om budget, marknadsf\u00f6ring och om dina styrkor och svagheter som blivande f\u00f6retagare. Vi tipsar dig ocks\u00e5 om var du kan f\u00e5 mer hj\u00e4lp i v\u00e5rt n\u00e4tverk! All r\u00e5dgivning m\u00e5ste bokas i f\u00f6rv\u00e4g.<\/p>\n\n\n\n<p><strong>Det vi kr\u00e4ver av dig \u00e4r ditt engagemang och att du tror p\u00e5 din id\u00e9<\/strong>!<\/p>\n\n\n\n<p>N\u00e4r du anv\u00e4nt v\u00e5ra verktyg och arbetat tillsammans med oss kommer du att vara v\u00e4l f\u00f6rberedd f\u00f6r livet som egenf\u00f6retagare.<\/p>\n\n\n\n<p>Tack vare st\u00f6d fr\u00e5n v\u00e5rt n\u00e4tverk av samarbetspartners, b\u00e5de med finansiella medel, personlig expertis och engagemang, \u00e4r r\u00e5dgivningen kostnadsfri.<\/p>\n\n\n\n<p>Har du en f\u00f6retagsid\u00e9 \u2013 h\u00f6r av dig till oss redan idag!<\/p>\n\n\n\n<div style=\"height:40px\" aria-hidden=\"true\" class=\"wp-block-spacer\"><\/div>\n\n\n<section  class=\"nfc-block-person_grid alignwide layout-featured\">\n    <div class=\"contained\">\n        <div class=\"grid\">\n            <div class=\"person-featured-card\">\n    \n    <div class=\"featured_image\">\n                    <img loading=\"lazy\" decoding=\"async\" width=\"882\" height=\"1024\" src=\"https:\/\/nyforetagarcentrum.se\/nykoping\/wp-content\/uploads\/sites\/41\/2024\/08\/thumbnail_-83261605091942609431-882x1024.jpg\" class=\"attachment-large size-large\" alt=\"\" srcset=\"https:\/\/nyforetagarcentrum.se\/nykoping\/wp-content\/uploads\/sites\/41\/2024\/08\/thumbnail_-83261605091942609431-882x1024.jpg 882w, https:\/\/nyforetagarcentrum.se\/nykoping\/wp-content\/uploads\/sites\/41\/2024\/08\/thumbnail_-83261605091942609431-258x300.jpg 258w, https:\/\/nyforetagarcentrum.se\/nykoping\/wp-content\/uploads\/sites\/41\/2024\/08\/thumbnail_-83261605091942609431-768x892.jpg 768w, https:\/\/nyforetagarcentrum.se\/nykoping\/wp-content\/uploads\/sites\/41\/2024\/08\/thumbnail_-83261605091942609431-1322x1536.jpg 1322w, https:\/\/nyforetagarcentrum.se\/nykoping\/wp-content\/uploads\/sites\/41\/2024\/08\/thumbnail_-83261605091942609431-930x1080.jpg 930w, https:\/\/nyforetagarcentrum.se\/nykoping\/wp-content\/uploads\/sites\/41\/2024\/08\/thumbnail_-83261605091942609431.jpg 1640w\" sizes=\"(max-width: 882px) 100vw, 882px\" \/>            <\/div>\n\n    <div class=\"content-wrapper\">\n        <h3>Peter Sager<\/h3>\n\n                    <div class=\"tags\">\n                Inriktning:\n                                    <span class=\"tag small\">r\u00e5dgivning<\/span>\n                            <\/div>\n        \n                    <div class=\"excerpt\">\n                Peter har l\u00e5ng erfarenhet av f\u00f6retagande i S\u00f6rmland. Uppvuxen i sm\u00e5f\u00f6retagsfamilj, d\u00e4refter m\u00e5nga \u00e5r p\u00e5 bank i olika roller, fr\u00e5n r\u00e5dgivning och ledarskap till processansvar inom l\u00e5n och betalningar. Han \u00e4r i grunden ekonom och driver nu eget f\u00f6retag.  <br \/>\r\n<br \/>\r\n&#8211; Jag har l\u00f6sningsfokus med helhetssyn och ser fram mot att hj\u00e4lpa dig starta ditt f\u00f6retagande och n\u00e5 dina m\u00e5l!                <br\/>\n                            <\/div>\n        \n                    <a href=\"www.jobsdata-nyforetagarcentrum.se\" class=\"booking-button button outlined\">Boka r\u00e5dgivning<\/a>\n            <\/div>\n<\/div><div class=\"person-featured-card\">\n    \n    <div class=\"featured_image\">\n                    <img loading=\"lazy\" decoding=\"async\" width=\"960\" height=\"955\" src=\"https:\/\/nyforetagarcentrum.se\/nykoping\/wp-content\/uploads\/sites\/41\/2024\/05\/338873716_1422891288455631_6802979738219335991_n.jpg\" class=\"attachment-large size-large\" alt=\"\" srcset=\"https:\/\/nyforetagarcentrum.se\/nykoping\/wp-content\/uploads\/sites\/41\/2024\/05\/338873716_1422891288455631_6802979738219335991_n.jpg 960w, https:\/\/nyforetagarcentrum.se\/nykoping\/wp-content\/uploads\/sites\/41\/2024\/05\/338873716_1422891288455631_6802979738219335991_n-300x298.jpg 300w, https:\/\/nyforetagarcentrum.se\/nykoping\/wp-content\/uploads\/sites\/41\/2024\/05\/338873716_1422891288455631_6802979738219335991_n-150x150.jpg 150w, https:\/\/nyforetagarcentrum.se\/nykoping\/wp-content\/uploads\/sites\/41\/2024\/05\/338873716_1422891288455631_6802979738219335991_n-768x764.jpg 768w\" sizes=\"(max-width: 960px) 100vw, 960px\" \/>            <\/div>\n\n    <div class=\"content-wrapper\">\n        <h3>Mahfouz Hebrawi<\/h3>\n\n                    <div class=\"tags\">\n                Inriktning:\n                                    <span class=\"tag small\">r\u00e5dgivare<\/span>\n                            <\/div>\n        \n                    <div class=\"excerpt\">\n                Mahfouz Hebrawi, diplomerad r\u00e5dgivare. <br \/>\r\n<br \/>\r\nMahfouz jobbar med r\u00e5dgivningar och \u00e4r \u00e4ven kursledare och ansvarar f\u00f6r ett antal seminarier. Han pratar svenska, engelska och arabiska och har stor erfarenhet av att registrera f\u00f6retag, import, export, tillst\u00e5ndshantering och marknadsf\u00f6ring.                <br\/>\n                            <\/div>\n        \n                    <a href=\"www.jobsdata-nyforetagarcentrum.se\" class=\"booking-button button outlined\">Boka r\u00e5dgivning<\/a>\n            <\/div>\n<\/div><div class=\"person-featured-card\">\n    \n    <div class=\"featured_image\">\n                    <img loading=\"lazy\" decoding=\"async\" width=\"250\" height=\"350\" src=\"https:\/\/nyforetagarcentrum.se\/nykoping\/wp-content\/uploads\/sites\/41\/2025\/02\/louise_holm.jpg\" class=\"attachment-large size-large\" alt=\"Marie-Louise Holm\" srcset=\"https:\/\/nyforetagarcentrum.se\/nykoping\/wp-content\/uploads\/sites\/41\/2025\/02\/louise_holm.jpg 250w, https:\/\/nyforetagarcentrum.se\/nykoping\/wp-content\/uploads\/sites\/41\/2025\/02\/louise_holm-214x300.jpg 214w\" sizes=\"(max-width: 250px) 100vw, 250px\" \/>            <\/div>\n\n    <div class=\"content-wrapper\">\n        <h3>Marie-Louise Holm<\/h3>\n\n                    <div class=\"tags\">\n                Inriktning:\n                                    <span class=\"tag small\">mentorprogram<\/span>\n                            <\/div>\n        \n                    <div class=\"excerpt\">\n                Marie-Louise Holm ansvarar f\u00f6r och h\u00e5ller i Mentorprogrammet.<br \/>\r\n<br \/>\r\nMarie-Louise har ett brett n\u00e4tverk och verkar f\u00f6r att du som adept ska f\u00e5 en mentor som passar just dig.                <br\/>\n                            <\/div>\n        \n                    <a href=\"www.jobsdata-nyforetagarcentrum.se\" class=\"booking-button button outlined\">Boka r\u00e5dgivning<\/a>\n            <\/div>\n<\/div>        <\/div>\n    <\/div>\n<\/section>\n\n\n<div style=\"height:100px\" aria-hidden=\"true\" class=\"wp-block-spacer\"><\/div>\n","protected":false},"excerpt":{"rendered":"<p>V\u00e5ra r\u00e5dgivare Den enskilda r\u00e5dgivningen p\u00e5 Nyf\u00f6retagarCentrum \u00e4r kostnadsfri, personlig och konfidentiell. Det kan bli ett eller flera tillf\u00e4llen, det beror p\u00e5 hur l\u00e5ngt du kommit i processen. R\u00e5dgivningarna fokuserar p\u00e5 aff\u00e4rsid\u00e9n och p\u00e5 dig som f\u00f6retagare. H\u00e5ller id\u00e9n eller beh\u00f6ver den utvecklas? Dessutom handlar det om budget, marknadsf\u00f6ring och om dina styrkor och svagheter [&hellip;]<\/p>\n","protected":false},"author":1,"featured_media":0,"parent":0,"menu_order":0,"comment_status":"closed","ping_status":"closed","template":"","meta":{"footnotes":""},"acf":[],"yoast_head":"<!-- This site is optimized with the Yoast SEO plugin v22.9 - https:\/\/yoast.com\/wordpress\/plugins\/seo\/ -->\n<title>V\u00e5ra r\u00e5dgivare - Nyk\u00f6ping<\/title>\n<meta name=\"robots\" content=\"index, follow, max-snippet:-1, max-image-preview:large, max-video-preview:-1\" \/>\n<link rel=\"canonical\" href=\"https:\/\/nyforetagarcentrum.se\/nykoping\/vara-radgivare\/\" \/>\n<meta property=\"og:locale\" content=\"sv_SE\" \/>\n<meta property=\"og:type\" content=\"article\" \/>\n<meta property=\"og:title\" content=\"V\u00e5ra r\u00e5dgivare - Nyk\u00f6ping\" \/>\n<meta property=\"og:description\" content=\"V\u00e5ra r\u00e5dgivare Den enskilda r\u00e5dgivningen p\u00e5 Nyf\u00f6retagarCentrum \u00e4r kostnadsfri, personlig och konfidentiell. Det kan bli ett eller flera tillf\u00e4llen, det beror p\u00e5 hur l\u00e5ngt du kommit i processen. R\u00e5dgivningarna fokuserar p\u00e5 aff\u00e4rsid\u00e9n och p\u00e5 dig som f\u00f6retagare. H\u00e5ller id\u00e9n eller beh\u00f6ver den utvecklas? Dessutom handlar det om budget, marknadsf\u00f6ring och om dina styrkor och svagheter [&hellip;]\" \/>\n<meta property=\"og:url\" content=\"https:\/\/nyforetagarcentrum.se\/nykoping\/vara-radgivare\/\" \/>\n<meta property=\"og:site_name\" content=\"Nyk\u00f6ping\" \/>\n<meta property=\"article:modified_time\" content=\"2024-05-08T09:59:36+00:00\" \/>\n<meta name=\"twitter:card\" content=\"summary_large_image\" \/>\n<meta name=\"twitter:label1\" content=\"Ber\u00e4knad l\u00e4stid\" \/>\n\t<meta name=\"twitter:data1\" content=\"1 minut\" \/>\n<script type=\"application\/ld+json\" class=\"yoast-schema-graph\">{\"@context\":\"https:\/\/schema.org\",\"@graph\":[{\"@type\":\"WebPage\",\"@id\":\"https:\/\/nyforetagarcentrum.se\/nykoping\/vara-radgivare\/\",\"url\":\"https:\/\/nyforetagarcentrum.se\/nykoping\/vara-radgivare\/\",\"name\":\"V\u00e5ra r\u00e5dgivare - Nyk\u00f6ping\",\"isPartOf\":{\"@id\":\"https:\/\/nyforetagarcentrum.se\/nykoping\/#website\"},\"datePublished\":\"2024-02-29T12:59:39+00:00\",\"dateModified\":\"2024-05-08T09:59:36+00:00\",\"breadcrumb\":{\"@id\":\"https:\/\/nyforetagarcentrum.se\/nykoping\/vara-radgivare\/#breadcrumb\"},\"inLanguage\":\"sv-SE\",\"potentialAction\":[{\"@type\":\"ReadAction\",\"target\":[\"https:\/\/nyforetagarcentrum.se\/nykoping\/vara-radgivare\/\"]}]},{\"@type\":\"BreadcrumbList\",\"@id\":\"https:\/\/nyforetagarcentrum.se\/nykoping\/vara-radgivare\/#breadcrumb\",\"itemListElement\":[{\"@type\":\"ListItem\",\"position\":1,\"name\":\"Hem\",\"item\":\"https:\/\/nyforetagarcentrum.se\/nykoping\/\"},{\"@type\":\"ListItem\",\"position\":2,\"name\":\"V\u00e5ra r\u00e5dgivare\"}]},{\"@type\":\"WebSite\",\"@id\":\"https:\/\/nyforetagarcentrum.se\/nykoping\/#website\",\"url\":\"https:\/\/nyforetagarcentrum.se\/nykoping\/\",\"name\":\"Nyk\u00f6ping\",\"description\":\"Sveriges ledande kraft f\u00f6r fler nya livskraftiga f\u00f6retag\",\"publisher\":{\"@id\":\"https:\/\/nyforetagarcentrum.se\/nykoping\/#organization\"},\"potentialAction\":[{\"@type\":\"SearchAction\",\"target\":{\"@type\":\"EntryPoint\",\"urlTemplate\":\"https:\/\/nyforetagarcentrum.se\/nykoping\/?s={search_term_string}\"},\"query-input\":\"required name=search_term_string\"}],\"inLanguage\":\"sv-SE\"},{\"@type\":\"Organization\",\"@id\":\"https:\/\/nyforetagarcentrum.se\/nykoping\/#organization\",\"name\":\"Nyk\u00f6ping\",\"url\":\"https:\/\/nyforetagarcentrum.se\/nykoping\/\",\"logo\":{\"@type\":\"ImageObject\",\"inLanguage\":\"sv-SE\",\"@id\":\"https:\/\/nyforetagarcentrum.se\/nykoping\/#\/schema\/logo\/image\/\",\"url\":\"https:\/\/nyforetagarcentrum.se\/nykoping\/wp-content\/uploads\/sites\/41\/2024\/04\/ostra-sormland-1.png\",\"contentUrl\":\"https:\/\/nyforetagarcentrum.se\/nykoping\/wp-content\/uploads\/sites\/41\/2024\/04\/ostra-sormland-1.png\",\"width\":1082,\"height\":542,\"caption\":\"Nyk\u00f6ping\"},\"image\":{\"@id\":\"https:\/\/nyforetagarcentrum.se\/nykoping\/#\/schema\/logo\/image\/\"}}]}<\/script>\n<!-- \/ Yoast SEO plugin. -->","yoast_head_json":{"title":"V\u00e5ra r\u00e5dgivare - Nyk\u00f6ping","robots":{"index":"index","follow":"follow","max-snippet":"max-snippet:-1","max-image-preview":"max-image-preview:large","max-video-preview":"max-video-preview:-1"},"canonical":"https:\/\/nyforetagarcentrum.se\/nykoping\/vara-radgivare\/","og_locale":"sv_SE","og_type":"article","og_title":"V\u00e5ra r\u00e5dgivare - Nyk\u00f6ping","og_description":"V\u00e5ra r\u00e5dgivare Den enskilda r\u00e5dgivningen p\u00e5 Nyf\u00f6retagarCentrum \u00e4r kostnadsfri, personlig och konfidentiell. Det kan bli ett eller flera tillf\u00e4llen, det beror p\u00e5 hur l\u00e5ngt du kommit i processen. R\u00e5dgivningarna fokuserar p\u00e5 aff\u00e4rsid\u00e9n och p\u00e5 dig som f\u00f6retagare. H\u00e5ller id\u00e9n eller beh\u00f6ver den utvecklas? Dessutom handlar det om budget, marknadsf\u00f6ring och om dina styrkor och svagheter [&hellip;]","og_url":"https:\/\/nyforetagarcentrum.se\/nykoping\/vara-radgivare\/","og_site_name":"Nyk\u00f6ping","article_modified_time":"2024-05-08T09:59:36+00:00","twitter_card":"summary_large_image","twitter_misc":{"Ber\u00e4knad l\u00e4stid":"1 minut"},"schema":{"@context":"https:\/\/schema.org","@graph":[{"@type":"WebPage","@id":"https:\/\/nyforetagarcentrum.se\/nykoping\/vara-radgivare\/","url":"https:\/\/nyforetagarcentrum.se\/nykoping\/vara-radgivare\/","name":"V\u00e5ra r\u00e5dgivare - Nyk\u00f6ping","isPartOf":{"@id":"https:\/\/nyforetagarcentrum.se\/nykoping\/#website"},"datePublished":"2024-02-29T12:59:39+00:00","dateModified":"2024-05-08T09:59:36+00:00","breadcrumb":{"@id":"https:\/\/nyforetagarcentrum.se\/nykoping\/vara-radgivare\/#breadcrumb"},"inLanguage":"sv-SE","potentialAction":[{"@type":"ReadAction","target":["https:\/\/nyforetagarcentrum.se\/nykoping\/vara-radgivare\/"]}]},{"@type":"BreadcrumbList","@id":"https:\/\/nyforetagarcentrum.se\/nykoping\/vara-radgivare\/#breadcrumb","itemListElement":[{"@type":"ListItem","position":1,"name":"Hem","item":"https:\/\/nyforetagarcentrum.se\/nykoping\/"},{"@type":"ListItem","position":2,"name":"V\u00e5ra r\u00e5dgivare"}]},{"@type":"WebSite","@id":"https:\/\/nyforetagarcentrum.se\/nykoping\/#website","url":"https:\/\/nyforetagarcentrum.se\/nykoping\/","name":"Nyk\u00f6ping","description":"Sveriges ledande kraft f\u00f6r fler nya livskraftiga f\u00f6retag","publisher":{"@id":"https:\/\/nyforetagarcentrum.se\/nykoping\/#organization"},"potentialAction":[{"@type":"SearchAction","target":{"@type":"EntryPoint","urlTemplate":"https:\/\/nyforetagarcentrum.se\/nykoping\/?s={search_term_string}"},"query-input":"required name=search_term_string"}],"inLanguage":"sv-SE"},{"@type":"Organization","@id":"https:\/\/nyforetagarcentrum.se\/nykoping\/#organization","name":"Nyk\u00f6ping","url":"https:\/\/nyforetagarcentrum.se\/nykoping\/","logo":{"@type":"ImageObject","inLanguage":"sv-SE","@id":"https:\/\/nyforetagarcentrum.se\/nykoping\/#\/schema\/logo\/image\/","url":"https:\/\/nyforetagarcentrum.se\/nykoping\/wp-content\/uploads\/sites\/41\/2024\/04\/ostra-sormland-1.png","contentUrl":"https:\/\/nyforetagarcentrum.se\/nykoping\/wp-content\/uploads\/sites\/41\/2024\/04\/ostra-sormland-1.png","width":1082,"height":542,"caption":"Nyk\u00f6ping"},"image":{"@id":"https:\/\/nyforetagarcentrum.se\/nykoping\/#\/schema\/logo\/image\/"}}]}},"_links":{"self":[{"href":"https:\/\/nyforetagarcentrum.se\/nykoping\/wp-json\/wp\/v2\/pages\/239"}],"collection":[{"href":"https:\/\/nyforetagarcentrum.se\/nykoping\/wp-json\/wp\/v2\/pages"}],"about":[{"href":"https:\/\/nyforetagarcentrum.se\/nykoping\/wp-json\/wp\/v2\/types\/page"}],"author":[{"embeddable":true,"href":"https:\/\/nyforetagarcentrum.se\/nykoping\/wp-json\/wp\/v2\/users\/1"}],"replies":[{"embeddable":true,"href":"https:\/\/nyforetagarcentrum.se\/nykoping\/wp-json\/wp\/v2\/comments?post=239"}],"version-history":[{"count":12,"href":"https:\/\/nyforetagarcentrum.se\/nykoping\/wp-json\/wp\/v2\/pages\/239\/revisions"}],"predecessor-version":[{"id":1520,"href":"https:\/\/nyforetagarcentrum.se\/nykoping\/wp-json\/wp\/v2\/pages\/239\/revisions\/1520"}],"wp:attachment":[{"href":"https:\/\/nyforetagarcentrum.se\/nykoping\/wp-json\/wp\/v2\/media?parent=239"}],"curies":[{"name":"wp","href":"https:\/\/api.w.org\/{rel}","templated":true}]}}