{"id":164,"date":"2024-02-27T16:05:17","date_gmt":"2024-02-27T15:05:17","guid":{"rendered":"https:\/\/nyforetagarcentrum.se\/nykoping\/?page_id=164"},"modified":"2025-08-21T14:53:43","modified_gmt":"2025-08-21T12:53:43","slug":"var-styrelse","status":"publish","type":"page","link":"https:\/\/nyforetagarcentrum.se\/nykoping\/var-styrelse\/","title":{"rendered":"V\u00e5r styrelse"},"content":{"rendered":"\n<div style=\"height:50px\" aria-hidden=\"true\" class=\"wp-block-spacer\"><\/div>\n\n\n<section  class=\"nfc-block-breadcrumbs\">\n    <div class=\"wrapper contained\">\n        <ol class=\"breadcrumbs\" itemscope itemtype=\"https:\/\/schema.org\/BreadcrumbList\">\n            <li itemprop=\"itemListElement\" itemscope itemtype=\"https:\/\/schema.org\/ListItem\">\n            \n\n                            <span class=\"current\" itemprop=\"name\">Hem<\/span>\n            \n            <meta itemprop=\"position\" content=\"1\" \/>\n        <\/li>\n    <\/ol>    <\/div>\n<\/section>\n\n\n<div style=\"height:30px\" aria-hidden=\"true\" class=\"wp-block-spacer\"><\/div>\n\n\n\n<h1 class=\"wp-block-heading alignwide has-vivid-cyan-blue-color has-text-color has-link-color wp-elements-a68dee47bc7e2587ab97cf55e2d7e7b7\" style=\"font-size:50px\">V\u00e5r styrelse<\/h1>\n\n\n\n<div style=\"height:60px\" aria-hidden=\"true\" class=\"wp-block-spacer\"><\/div>\n\n\n<section  class=\"nfc-block-person_grid alignwide layout-large-no-image\">\n    <div class=\"contained\">\n        <div class=\"grid\">\n            <div class=\"person-large-card\">\n    <div class=\"content-wrapper\">\n        <h3>Catarina Hagstrand<\/h3>\n\n                    <div class=\"excerpt\">\n                Ordf\u00f6rande<br \/>\r\n            <\/div>\n        \n        \n        <div class=\"links\">\n\n            \n                            <a href=\"mailto:catarina@strandhagen.nu\">\n                    catarina@strandhagen.nu                <\/a>\n                    <\/div>\n        \n    <\/div>\n<\/div><div class=\"person-large-card\">\n    <div class=\"content-wrapper\">\n        <h3>Sofia Rydingsv\u00e4rd<\/h3>\n\n                    <div class=\"excerpt\">\n                Nyk\u00f6pings kommun             <\/div>\n        \n        \n        <div class=\"links\">\n\n            \n                            <a href=\"mailto:sofia.rydingsvard@nykoping.se\">\n                    sofia.rydingsvard@nykoping.se                <\/a>\n                    <\/div>\n        \n    <\/div>\n<\/div><div class=\"person-large-card\">\n    <div class=\"content-wrapper\">\n        <h3>Kristian Bartos<\/h3>\n\n                    <div class=\"excerpt\">\n                Bartos Media            <\/div>\n        \n        \n        <div class=\"links\">\n\n            \n                            <a href=\"mailto:kristian@bartosmedia.se\">\n                    kristian@bartosmedia.se                <\/a>\n                    <\/div>\n        \n    <\/div>\n<\/div><div class=\"person-large-card\">\n    <div class=\"content-wrapper\">\n        <h3>Maria Wej\u00e5s<\/h3>\n\n                    <div class=\"excerpt\">\n                S\u00f6rmlands Sparbank            <\/div>\n        \n        \n        <div class=\"links\">\n\n            \n                            <a href=\"mailto:maria.wejas@sormlandssparbank.se\">\n                    maria.wejas@sormlandssparbank.se                <\/a>\n                    <\/div>\n        \n    <\/div>\n<\/div><div class=\"person-large-card\">\n    <div class=\"content-wrapper\">\n        <h3>Camilla Bj\u00f6rklind<\/h3>\n\n                    <div class=\"excerpt\">\n                EGB Ekonomi            <\/div>\n        \n        \n        <div class=\"links\">\n\n            \n                            <a href=\"mailto:camilla@egbekonomi.se\">\n                    camilla@egbekonomi.se                <\/a>\n                    <\/div>\n        \n    <\/div>\n<\/div><div class=\"person-large-card\">\n    <div class=\"content-wrapper\">\n        <h3>Jonas Ivervall<\/h3>\n\n                    <div class=\"excerpt\">\n                Trosa Kommun            <\/div>\n        \n        \n        <div class=\"links\">\n\n            \n                            <a href=\"mailto:jonas.ivervall@trosa.se\">\n                    jonas.ivervall@trosa.se                <\/a>\n                    <\/div>\n        \n    <\/div>\n<\/div><div class=\"person-large-card\">\n    <div class=\"content-wrapper\">\n        <h3>Matilda H\u00f6glund<\/h3>\n\n                    <div class=\"excerpt\">\n                Gnesta kommun            <\/div>\n        \n        \n        <div class=\"links\">\n\n            \n                            <a href=\"mailto:matilda.hoglund@gnesta.se\">\n                    matilda.hoglund@gnesta.se                <\/a>\n                    <\/div>\n        \n    <\/div>\n<\/div><div class=\"person-large-card\">\n    <div class=\"content-wrapper\">\n        <h3>Barbara Taltavull<\/h3>\n\n                    <div class=\"excerpt\">\n                Journalist &amp; Moderator            <\/div>\n        \n        \n        <div class=\"links\">\n\n            \n                            <a href=\"mailto:barbara.taltavull@gmail.com\">\n                    barbara.taltavull@gmail.com                <\/a>\n                    <\/div>\n        \n    <\/div>\n<\/div><div class=\"person-large-card\">\n    <div class=\"content-wrapper\">\n        <h3>Johan Scherlin<\/h3>\n\n                    <div class=\"excerpt\">\n                Oxel\u00f6sunds kommun            <\/div>\n        \n        \n        <div class=\"links\">\n\n            \n                            <a href=\"mailto:johan.scherlin@oxelosund.se\">\n                    johan.scherlin@oxelosund.se                <\/a>\n                    <\/div>\n        \n    <\/div>\n<\/div><div class=\"person-large-card\">\n    <div class=\"content-wrapper\">\n        <h3>Ann \u00d6stman<\/h3>\n\n                    <div class=\"excerpt\">\n                Chefskompassen AB            <\/div>\n        \n        \n        <div class=\"links\">\n\n            \n                            <a href=\"mailto:aostman63@gmail.com\">\n                    aostman63@gmail.com                <\/a>\n                    <\/div>\n        \n    <\/div>\n<\/div><div class=\"person-large-card\">\n    <div class=\"content-wrapper\">\n        <h3>Charlotta Andr\u00e9<\/h3>\n\n                    <div class=\"excerpt\">\n                Charlotta Consulting            <\/div>\n        \n        \n        <div class=\"links\">\n\n            \n                            <a href=\"mailto:charlotta@charlottaconsulting.se\">\n                    charlotta@charlottaconsulting.se                <\/a>\n                    <\/div>\n        \n    <\/div>\n<\/div>        <\/div>\n    <\/div>\n<\/section>\n\n\n<div style=\"height:100px\" aria-hidden=\"true\" class=\"wp-block-spacer\"><\/div>\n\n\n\n<h2 class=\"wp-block-heading alignwide has-vivid-cyan-blue-color has-text-color has-link-color wp-elements-69af01a46f01cf30bfc26401ecd3d67e\" style=\"font-size:30px\">Verksamhetsledare<\/h2>\n\n\n\n<div style=\"height:40px\" aria-hidden=\"true\" class=\"wp-block-spacer\"><\/div>\n\n\n<section  class=\"nfc-block-person_grid alignwide layout-large-no-image\">\n    <div class=\"contained\">\n        <div class=\"grid\">\n            <div class=\"person-large-card\">\n    <div class=\"content-wrapper\">\n        <h3>Ulrika Juul<\/h3>\n\n                    <div class=\"excerpt\">\n                Diplomerad r\u00e5dgivare och verksamhetsledare. Har en bred bakgrund inom, s\u00e4lj, s\u00e4kerhet och logistik. Driver sedan 2014 Oscarsbergs Tr\u00e4dg\u00e5rd.            <\/div>\n        \n        \n        <div class=\"links\">\n\n                            <a href=\"tel:0709-962626\">\n                    0709-962626                <\/a>\n            \n                            <a href=\"mailto:ulrika.juul@nyforetagarcentrum.se\">\n                    ulrika.juul@nyforetagarcentrum.se                <\/a>\n                    <\/div>\n        \n    <\/div>\n<\/div>        <\/div>\n    <\/div>\n<\/section>\n\n\n<div style=\"height:100px\" aria-hidden=\"true\" class=\"wp-block-spacer\"><\/div>\n\n\n\n<h2 class=\"wp-block-heading alignwide has-vivid-cyan-blue-color has-text-color has-link-color wp-elements-fa952b7550d4c892b286da68a25f43df\" style=\"font-size:30px\">Valberedning<\/h2>\n\n\n\n<div style=\"height:40px\" aria-hidden=\"true\" class=\"wp-block-spacer\"><\/div>\n\n\n<section  class=\"nfc-block-person_grid alignwide layout-large-no-image\">\n    <div class=\"contained\">\n        <div class=\"grid\">\n            <div class=\"person-large-card\">\n    <div class=\"content-wrapper\">\n        <h3>Birgit B\u00e5vner<\/h3>\n\n                    <div class=\"excerpt\">\n                Valberedning sammankallande            <\/div>\n        \n        \n        <div class=\"links\">\n\n                            <a href=\"tel:070-3406094\">\n                    070-3406094                <\/a>\n            \n                            <a href=\"mailto:birgit.bavner@begavia.se&gt;\">\n                    birgit.bavner@begavia.se&gt;                <\/a>\n                    <\/div>\n        \n    <\/div>\n<\/div><div class=\"person-large-card\">\n    <div class=\"content-wrapper\">\n        <h3>Erica Fjellstedt<\/h3>\n\n        \n        \n        <div class=\"links\">\n\n                            <a href=\"tel:070-694 52 22\">\n                    070-694 52 22                <\/a>\n            \n                            <a href=\"mailto:erica.fjellstedt@nyforetagarcentrum.se\">\n                    erica.fjellstedt@nyforetagarcentrum.se                <\/a>\n                    <\/div>\n        \n    <\/div>\n<\/div>        <\/div>\n    <\/div>\n<\/section>\n\n\n<div style=\"height:100px\" aria-hidden=\"true\" class=\"wp-block-spacer\"><\/div>\n\n\n\n<h2 class=\"wp-block-heading alignwide has-vivid-cyan-blue-color has-text-color has-link-color wp-elements-e7ed3762f896d78adda582be12158e69\" style=\"font-size:30px\">Revisor och revisorsuppleant<\/h2>\n\n\n\n<div style=\"height:40px\" aria-hidden=\"true\" class=\"wp-block-spacer\"><\/div>\n\n\n<section  class=\"nfc-block-person_grid alignwide layout-large-no-image\">\n    <div class=\"contained\">\n        <div class=\"grid\">\n            <div class=\"person-large-card\">\n    <div class=\"content-wrapper\">\n        <h3>Anna Simula<\/h3>\n\n                    <div class=\"excerpt\">\n                Revisor, R\u00e5dek            <\/div>\n        \n        \n        <div class=\"links\">\n\n            \n                            <a href=\"mailto:anna.simula@radek.se\">\n                    anna.simula@radek.se                <\/a>\n                    <\/div>\n        \n    <\/div>\n<\/div><div class=\"person-large-card\">\n    <div class=\"content-wrapper\">\n        <h3>Louise Str\u00f6mberg<\/h3>\n\n                    <div class=\"excerpt\">\n                Revisorssuppleant, R\u00e5dek            <\/div>\n        \n        \n        <div class=\"links\">\n\n            \n                            <a href=\"mailto:louise.stromberg@radek.se\">\n                    louise.stromberg@radek.se                <\/a>\n                    <\/div>\n        \n    <\/div>\n<\/div>        <\/div>\n    <\/div>\n<\/section>\n\n\n<div style=\"height:100px\" aria-hidden=\"true\" class=\"wp-block-spacer\"><\/div>\n","protected":false},"excerpt":{"rendered":"<p>V\u00e5r styrelse Verksamhetsledare Valberedning Revisor och revisorsuppleant<\/p>\n","protected":false},"author":1,"featured_media":0,"parent":0,"menu_order":0,"comment_status":"closed","ping_status":"closed","template":"","meta":{"footnotes":""},"acf":[],"yoast_head":"<!-- This site is optimized with the Yoast SEO plugin v22.9 - https:\/\/yoast.com\/wordpress\/plugins\/seo\/ -->\n<title>V\u00e5r styrelse - Nyk\u00f6ping<\/title>\n<meta name=\"robots\" content=\"index, follow, max-snippet:-1, max-image-preview:large, max-video-preview:-1\" \/>\n<link rel=\"canonical\" href=\"https:\/\/nyforetagarcentrum.se\/nykoping\/var-styrelse\/\" \/>\n<meta property=\"og:locale\" content=\"sv_SE\" \/>\n<meta property=\"og:type\" content=\"article\" \/>\n<meta property=\"og:title\" content=\"V\u00e5r styrelse - Nyk\u00f6ping\" \/>\n<meta property=\"og:description\" content=\"V\u00e5r styrelse Verksamhetsledare Valberedning Revisor och revisorsuppleant\" \/>\n<meta property=\"og:url\" content=\"https:\/\/nyforetagarcentrum.se\/nykoping\/var-styrelse\/\" \/>\n<meta property=\"og:site_name\" content=\"Nyk\u00f6ping\" \/>\n<meta property=\"article:modified_time\" content=\"2025-08-21T12:53:43+00:00\" \/>\n<meta name=\"twitter:card\" content=\"summary_large_image\" \/>\n<meta name=\"twitter:label1\" content=\"Ber\u00e4knad l\u00e4stid\" \/>\n\t<meta name=\"twitter:data1\" content=\"1 minut\" \/>\n<script type=\"application\/ld+json\" class=\"yoast-schema-graph\">{\"@context\":\"https:\/\/schema.org\",\"@graph\":[{\"@type\":\"WebPage\",\"@id\":\"https:\/\/nyforetagarcentrum.se\/nykoping\/var-styrelse\/\",\"url\":\"https:\/\/nyforetagarcentrum.se\/nykoping\/var-styrelse\/\",\"name\":\"V\u00e5r styrelse - Nyk\u00f6ping\",\"isPartOf\":{\"@id\":\"https:\/\/nyforetagarcentrum.se\/nykoping\/#website\"},\"datePublished\":\"2024-02-27T15:05:17+00:00\",\"dateModified\":\"2025-08-21T12:53:43+00:00\",\"breadcrumb\":{\"@id\":\"https:\/\/nyforetagarcentrum.se\/nykoping\/var-styrelse\/#breadcrumb\"},\"inLanguage\":\"sv-SE\",\"potentialAction\":[{\"@type\":\"ReadAction\",\"target\":[\"https:\/\/nyforetagarcentrum.se\/nykoping\/var-styrelse\/\"]}]},{\"@type\":\"BreadcrumbList\",\"@id\":\"https:\/\/nyforetagarcentrum.se\/nykoping\/var-styrelse\/#breadcrumb\",\"itemListElement\":[{\"@type\":\"ListItem\",\"position\":1,\"name\":\"Hem\",\"item\":\"https:\/\/nyforetagarcentrum.se\/nykoping\/\"},{\"@type\":\"ListItem\",\"position\":2,\"name\":\"V\u00e5r styrelse\"}]},{\"@type\":\"WebSite\",\"@id\":\"https:\/\/nyforetagarcentrum.se\/nykoping\/#website\",\"url\":\"https:\/\/nyforetagarcentrum.se\/nykoping\/\",\"name\":\"Nyk\u00f6ping\",\"description\":\"Sveriges ledande kraft f\u00f6r fler nya livskraftiga f\u00f6retag\",\"publisher\":{\"@id\":\"https:\/\/nyforetagarcentrum.se\/nykoping\/#organization\"},\"potentialAction\":[{\"@type\":\"SearchAction\",\"target\":{\"@type\":\"EntryPoint\",\"urlTemplate\":\"https:\/\/nyforetagarcentrum.se\/nykoping\/?s={search_term_string}\"},\"query-input\":\"required name=search_term_string\"}],\"inLanguage\":\"sv-SE\"},{\"@type\":\"Organization\",\"@id\":\"https:\/\/nyforetagarcentrum.se\/nykoping\/#organization\",\"name\":\"Nyk\u00f6ping\",\"url\":\"https:\/\/nyforetagarcentrum.se\/nykoping\/\",\"logo\":{\"@type\":\"ImageObject\",\"inLanguage\":\"sv-SE\",\"@id\":\"https:\/\/nyforetagarcentrum.se\/nykoping\/#\/schema\/logo\/image\/\",\"url\":\"https:\/\/nyforetagarcentrum.se\/nykoping\/wp-content\/uploads\/sites\/41\/2024\/04\/ostra-sormland-1.png\",\"contentUrl\":\"https:\/\/nyforetagarcentrum.se\/nykoping\/wp-content\/uploads\/sites\/41\/2024\/04\/ostra-sormland-1.png\",\"width\":1082,\"height\":542,\"caption\":\"Nyk\u00f6ping\"},\"image\":{\"@id\":\"https:\/\/nyforetagarcentrum.se\/nykoping\/#\/schema\/logo\/image\/\"}}]}<\/script>\n<!-- \/ Yoast SEO plugin. -->","yoast_head_json":{"title":"V\u00e5r styrelse - Nyk\u00f6ping","robots":{"index":"index","follow":"follow","max-snippet":"max-snippet:-1","max-image-preview":"max-image-preview:large","max-video-preview":"max-video-preview:-1"},"canonical":"https:\/\/nyforetagarcentrum.se\/nykoping\/var-styrelse\/","og_locale":"sv_SE","og_type":"article","og_title":"V\u00e5r styrelse - Nyk\u00f6ping","og_description":"V\u00e5r styrelse Verksamhetsledare Valberedning Revisor och revisorsuppleant","og_url":"https:\/\/nyforetagarcentrum.se\/nykoping\/var-styrelse\/","og_site_name":"Nyk\u00f6ping","article_modified_time":"2025-08-21T12:53:43+00:00","twitter_card":"summary_large_image","twitter_misc":{"Ber\u00e4knad l\u00e4stid":"1 minut"},"schema":{"@context":"https:\/\/schema.org","@graph":[{"@type":"WebPage","@id":"https:\/\/nyforetagarcentrum.se\/nykoping\/var-styrelse\/","url":"https:\/\/nyforetagarcentrum.se\/nykoping\/var-styrelse\/","name":"V\u00e5r styrelse - Nyk\u00f6ping","isPartOf":{"@id":"https:\/\/nyforetagarcentrum.se\/nykoping\/#website"},"datePublished":"2024-02-27T15:05:17+00:00","dateModified":"2025-08-21T12:53:43+00:00","breadcrumb":{"@id":"https:\/\/nyforetagarcentrum.se\/nykoping\/var-styrelse\/#breadcrumb"},"inLanguage":"sv-SE","potentialAction":[{"@type":"ReadAction","target":["https:\/\/nyforetagarcentrum.se\/nykoping\/var-styrelse\/"]}]},{"@type":"BreadcrumbList","@id":"https:\/\/nyforetagarcentrum.se\/nykoping\/var-styrelse\/#breadcrumb","itemListElement":[{"@type":"ListItem","position":1,"name":"Hem","item":"https:\/\/nyforetagarcentrum.se\/nykoping\/"},{"@type":"ListItem","position":2,"name":"V\u00e5r styrelse"}]},{"@type":"WebSite","@id":"https:\/\/nyforetagarcentrum.se\/nykoping\/#website","url":"https:\/\/nyforetagarcentrum.se\/nykoping\/","name":"Nyk\u00f6ping","description":"Sveriges ledande kraft f\u00f6r fler nya livskraftiga f\u00f6retag","publisher":{"@id":"https:\/\/nyforetagarcentrum.se\/nykoping\/#organization"},"potentialAction":[{"@type":"SearchAction","target":{"@type":"EntryPoint","urlTemplate":"https:\/\/nyforetagarcentrum.se\/nykoping\/?s={search_term_string}"},"query-input":"required name=search_term_string"}],"inLanguage":"sv-SE"},{"@type":"Organization","@id":"https:\/\/nyforetagarcentrum.se\/nykoping\/#organization","name":"Nyk\u00f6ping","url":"https:\/\/nyforetagarcentrum.se\/nykoping\/","logo":{"@type":"ImageObject","inLanguage":"sv-SE","@id":"https:\/\/nyforetagarcentrum.se\/nykoping\/#\/schema\/logo\/image\/","url":"https:\/\/nyforetagarcentrum.se\/nykoping\/wp-content\/uploads\/sites\/41\/2024\/04\/ostra-sormland-1.png","contentUrl":"https:\/\/nyforetagarcentrum.se\/nykoping\/wp-content\/uploads\/sites\/41\/2024\/04\/ostra-sormland-1.png","width":1082,"height":542,"caption":"Nyk\u00f6ping"},"image":{"@id":"https:\/\/nyforetagarcentrum.se\/nykoping\/#\/schema\/logo\/image\/"}}]}},"_links":{"self":[{"href":"https:\/\/nyforetagarcentrum.se\/nykoping\/wp-json\/wp\/v2\/pages\/164"}],"collection":[{"href":"https:\/\/nyforetagarcentrum.se\/nykoping\/wp-json\/wp\/v2\/pages"}],"about":[{"href":"https:\/\/nyforetagarcentrum.se\/nykoping\/wp-json\/wp\/v2\/types\/page"}],"author":[{"embeddable":true,"href":"https:\/\/nyforetagarcentrum.se\/nykoping\/wp-json\/wp\/v2\/users\/1"}],"replies":[{"embeddable":true,"href":"https:\/\/nyforetagarcentrum.se\/nykoping\/wp-json\/wp\/v2\/comments?post=164"}],"version-history":[{"count":36,"href":"https:\/\/nyforetagarcentrum.se\/nykoping\/wp-json\/wp\/v2\/pages\/164\/revisions"}],"predecessor-version":[{"id":1668,"href":"https:\/\/nyforetagarcentrum.se\/nykoping\/wp-json\/wp\/v2\/pages\/164\/revisions\/1668"}],"wp:attachment":[{"href":"https:\/\/nyforetagarcentrum.se\/nykoping\/wp-json\/wp\/v2\/media?parent=164"}],"curies":[{"name":"wp","href":"https:\/\/api.w.org\/{rel}","templated":true}]}}