{"id":128,"date":"2024-02-22T11:27:10","date_gmt":"2024-02-22T10:27:10","guid":{"rendered":"https:\/\/nyforetagarcentrum.se\/nykoping\/?page_id=128"},"modified":"2026-01-17T10:10:32","modified_gmt":"2026-01-17T09:10:32","slug":"mentor","status":"publish","type":"page","link":"https:\/\/nyforetagarcentrum.se\/nykoping\/mentor\/","title":{"rendered":"Mentor"},"content":{"rendered":"<section  class=\"nfc-block-breadcrumbs alignwide\">\n    <div class=\"wrapper contained\">\n        <ol class=\"breadcrumbs\" itemscope itemtype=\"https:\/\/schema.org\/BreadcrumbList\">\n            <li itemprop=\"itemListElement\" itemscope itemtype=\"https:\/\/schema.org\/ListItem\">\n            \n\n                            <span class=\"current\" itemprop=\"name\">Hem<\/span>\n            \n            <meta itemprop=\"position\" content=\"1\" \/>\n        <\/li>\n    <\/ol>    <\/div>\n<\/section>\n\n<section  class=\"nfc-block-hero alignfull\">\n\n    <img loading=\"lazy\" decoding=\"async\" width=\"1280\" height=\"720\" src=\"https:\/\/nyforetagarcentrum.se\/nykoping\/wp-content\/uploads\/sites\/41\/2024\/09\/mentorprogram-2-NFC_16x9_1280x720.jpg\" class=\"attachment-landscape size-landscape\" alt=\"\" srcset=\"https:\/\/nyforetagarcentrum.se\/nykoping\/wp-content\/uploads\/sites\/41\/2024\/09\/mentorprogram-2-NFC_16x9_1280x720.jpg 1280w, https:\/\/nyforetagarcentrum.se\/nykoping\/wp-content\/uploads\/sites\/41\/2024\/09\/mentorprogram-2-NFC_16x9_1280x720-300x169.jpg 300w, https:\/\/nyforetagarcentrum.se\/nykoping\/wp-content\/uploads\/sites\/41\/2024\/09\/mentorprogram-2-NFC_16x9_1280x720-1024x576.jpg 1024w, https:\/\/nyforetagarcentrum.se\/nykoping\/wp-content\/uploads\/sites\/41\/2024\/09\/mentorprogram-2-NFC_16x9_1280x720-768x432.jpg 768w\" sizes=\"(max-width: 1280px) 100vw, 1280px\" \/>\n    <div class=\"contained\">\n        <h1 class=\"nfc-block-hero__heading\">Mentorprogram<\/h1>\n\n            <\/div>\n<\/section>\n\n\n<div style=\"height:2.5rem\" aria-hidden=\"true\" class=\"wp-block-spacer\"><\/div>\n\n\n<section  class=\"nfc-block-split_screen alignwide image_alignment-right\">\n    <div class=\"wrapper\">\n        <div class=\"nfc-block-split_screen__image-wrapper\">\n            <img loading=\"lazy\" decoding=\"async\" width=\"1350\" height=\"1080\" src=\"https:\/\/nyforetagarcentrum.se\/nykoping\/wp-content\/uploads\/sites\/41\/2024\/08\/AdobeStock_643957133-1500-1350x1080.jpg\" class=\"attachment-landscape size-landscape\" alt=\"\" srcset=\"https:\/\/nyforetagarcentrum.se\/nykoping\/wp-content\/uploads\/sites\/41\/2024\/08\/AdobeStock_643957133-1500-1350x1080.jpg 1350w, https:\/\/nyforetagarcentrum.se\/nykoping\/wp-content\/uploads\/sites\/41\/2024\/08\/AdobeStock_643957133-1500-300x240.jpg 300w, https:\/\/nyforetagarcentrum.se\/nykoping\/wp-content\/uploads\/sites\/41\/2024\/08\/AdobeStock_643957133-1500-1024x819.jpg 1024w, https:\/\/nyforetagarcentrum.se\/nykoping\/wp-content\/uploads\/sites\/41\/2024\/08\/AdobeStock_643957133-1500-768x614.jpg 768w, https:\/\/nyforetagarcentrum.se\/nykoping\/wp-content\/uploads\/sites\/41\/2024\/08\/AdobeStock_643957133-1500.jpg 1500w\" sizes=\"(max-width: 1350px) 100vw, 1350px\" \/>        <\/div>\n\n        <div class=\"nfc-block-split_screen__content-wrapper\">\n            <h3>Nyf\u00f6retagarCentrum \u00d6stra S\u00f6rmlands mentorprogram<\/h3>\n<p><strong>N\u00c4STA PROGRAMSTART 30 mars, klockan 17.00-19.00<\/strong><\/p>\n<p>Att vara ny f\u00f6retagare inneb\u00e4r att m\u00f6ta b\u00e5de utmaningar och m\u00f6jligheter f\u00f6r att driva f\u00f6retaget fram\u00e5t.<\/p>\n<p>Med st\u00f6d fr\u00e5n en mentor, en oberoende och erfaren person, kan starten underl\u00e4ttas och f\u00f6retagets utveckling f\u00e5 en skjuts.<\/p>\n<p>Nyf\u00f6retagarCentrum \u00d6stra S\u00f6rmlands mentorprogram erbjuder nyf\u00f6retagare kostnadsfritt tillg\u00e5ng till en mentor under ett \u00e5rs tid, och ger samtidigt tillg\u00e5ng till det v\u00e4rdefulla regionala Mentorn\u00e4tverket.<\/p>\n<p>Adept och mentor f\u00f6ljs \u00e5t under ett \u00e5rs tid. Under denna period f\u00e5r adepten \u2013 den nya f\u00f6retagaren \u2013 kostnadsfritt en m\u00f6jlighet att utmana sin aff\u00e4rsid\u00e9, f\u00e5 hj\u00e4lp med att hitta l\u00f6sningar p\u00e5 sv\u00e5righeter och st\u00f6d i f\u00f6retagets utveckling.<\/p>\n\n                            <div class=\"nfc-block-split_screen__buttons\">\n                                            <a href=\"mailto:marie-louise.holm@nyforetagarcentrum.se\" class=\"button primary\">ANM\u00c4L H\u00c4R<\/a>\n                                    <\/div>\n            \n        <\/div>\n    <\/div>\n<\/section>\n\n\n<div style=\"height:var(--wp--preset--spacing--60)\" aria-hidden=\"true\" class=\"wp-block-spacer\"><\/div>\n\n\n\n<h2 class=\"wp-block-heading has-vivid-cyan-blue-color has-text-color has-link-color wp-elements-4ff6442225321283b649c5826e3c1320\">Mentorskap<\/h2>\n\n\n\n<p>Mentorskap \u00e4r ett koncept f\u00f6r att inspirera, utmana och utveckla individer b\u00e5de professionellt och personligt. Det inneb\u00e4r att en erfaren person, p\u00e5 ideell basis, delar med sig av sin kompetens, erfarenhet, tid och sitt n\u00e4tverk till en adept som s\u00f6ker personlig utveckling.<\/p>\n\n\n\n<div style=\"height:40px\" aria-hidden=\"true\" class=\"wp-block-spacer\"><\/div>\n\n\n\n<h2 class=\"wp-block-heading has-vivid-cyan-blue-color has-text-color has-link-color wp-elements-634914ec94141683cde20e7b3ef745f4\">Uppstart &amp; gemensamma N\u00e4tverkstr\u00e4ffar<\/h2>\n\n\n\n<p>Programmet startar med en introduktionstr\u00e4ff d\u00e4r hela n\u00e4tverket, inklusive alla mentorer och adepter, m\u00f6ts. D\u00e4refter planerar mentor och adept sina l\u00f6pande tr\u00e4ffar f\u00f6r det kommande \u00e5ret.<\/p>\n\n\n\n<p>Under mentor\u00e5ret h\u00e5lls 6 gemensamma n\u00e4tverkstr\u00e4ffar d\u00e4r hela mentorn\u00e4tverket samlas. Vid dessa tillf\u00e4llen diskuteras aktuella teman och \u00e4ven g\u00e4stf\u00f6rel\u00e4sare, som \u00e4r etablerade f\u00f6retagare, kan vara inbjudna. De gemensamma tr\u00e4ffarna erbjuder inspiration, erfarenhetsutbyte och m\u00f6jligheter att utvidga sitt aff\u00e4rsn\u00e4tverk.<\/p>\n\n\n\n<div style=\"height:60px\" aria-hidden=\"true\" class=\"wp-block-spacer\"><\/div>\n\n\n<section  class=\"nfc-block-split_screen alignwide image_alignment-left\">\n    <div class=\"wrapper\">\n        <div class=\"nfc-block-split_screen__image-wrapper\">\n            <img loading=\"lazy\" decoding=\"async\" width=\"1350\" height=\"1080\" src=\"https:\/\/nyforetagarcentrum.se\/nykoping\/wp-content\/uploads\/sites\/41\/2024\/08\/AdobeStock_280299805-1500-1350x1080.jpg\" class=\"attachment-landscape size-landscape\" alt=\"\" srcset=\"https:\/\/nyforetagarcentrum.se\/nykoping\/wp-content\/uploads\/sites\/41\/2024\/08\/AdobeStock_280299805-1500-1350x1080.jpg 1350w, https:\/\/nyforetagarcentrum.se\/nykoping\/wp-content\/uploads\/sites\/41\/2024\/08\/AdobeStock_280299805-1500-300x240.jpg 300w, https:\/\/nyforetagarcentrum.se\/nykoping\/wp-content\/uploads\/sites\/41\/2024\/08\/AdobeStock_280299805-1500-1024x819.jpg 1024w, https:\/\/nyforetagarcentrum.se\/nykoping\/wp-content\/uploads\/sites\/41\/2024\/08\/AdobeStock_280299805-1500-768x614.jpg 768w, https:\/\/nyforetagarcentrum.se\/nykoping\/wp-content\/uploads\/sites\/41\/2024\/08\/AdobeStock_280299805-1500.jpg 1500w\" sizes=\"(max-width: 1350px) 100vw, 1350px\" \/>        <\/div>\n\n        <div class=\"nfc-block-split_screen__content-wrapper\">\n            <h3><strong>Anm\u00e4l ditt intresse till Nyf\u00f6retagarCentrum \u00d6stra S\u00f6rmlands Mentorprogram!<\/strong><\/h3>\n<p>N\u00c4STA PROGAMSTART 30 mars<\/p>\n<p>F\u00f6r att anm\u00e4la ditt intresse, skicka en intresseanm\u00e4lan till oss. Vi matchar adept och mentor f\u00f6r att b\u00e4st st\u00f6dja den nya f\u00f6retagets utveckling. Observera att antalet mentorpar \u00e4r begr\u00e4nsat och att vi inte kan garantera plats f\u00f6r alla s\u00f6kande.<\/p>\n<p><strong>Ny f\u00f6retagare:<\/strong> Anm\u00e4l ditt intresse f\u00f6r att delta i Nyf\u00f6retagarCentrum \u00d6stra S\u00f6rmlands mentorprogram 2025\/2026 h\u00e4r.<\/p>\n<p><strong>Mentor:<\/strong> Anm\u00e4l ditt intresse f\u00f6r att bli mentor i det kommande programmet genom att skicka ett mail till marie-louise.holm@nyforetagarcentrum.se<\/p>\n<p>&nbsp;<\/p>\n\n                            <div class=\"nfc-block-split_screen__buttons\">\n                                            <a href=\"mailto:marie-louise.holm@nyforetagarcentrum.se\" class=\"button primary\">ANM\u00c4L H\u00c4R<\/a>\n                                    <\/div>\n            \n        <\/div>\n    <\/div>\n<\/section>\n\n\n<div style=\"height:var(--wp--preset--spacing--60)\" aria-hidden=\"true\" class=\"wp-block-spacer\"><\/div>\n\n\n\n<h2 class=\"wp-block-heading has-vivid-cyan-blue-color has-text-color has-link-color wp-elements-dc3d91a13b681fcfe0ea3e6af85a2b76\">Vill du veta mer?<\/h2>\n\n\n\n<p>Kontakta oss p\u00e5<a href=\"mailto:marie-louise.holm@nyforetagarcentrum.se\"> marie-louise.holm@nyforetagarcentrum.se<\/a> eller prata med din r\u00e5dgivare f\u00f6r mer information.<\/p>\n\n\n\n<p>Mentorprogrammet \u00e4r en del av det nationella programmet &#8221;Mentor Eget F\u00f6retag&#8221; som drivs av Nyf\u00f6retagarCentrum Sverige p\u00e5 uppdrag av Tillv\u00e4xtverket. L\u00e4s mer om <a href=\"https:\/\/nyforetagarcentrum.se\/mentor\/\">Mentor Eget F\u00f6retag h\u00e4r.<\/a><\/p>\n\n\n\n<div style=\"height:var(--wp--preset--spacing--80)\" aria-hidden=\"true\" class=\"wp-block-spacer\"><\/div>\n","protected":false},"excerpt":{"rendered":"<p>Mentorskap Mentorskap \u00e4r ett koncept f\u00f6r att inspirera, utmana och utveckla individer b\u00e5de professionellt och personligt. Det inneb\u00e4r att en erfaren person, p\u00e5 ideell basis, delar med sig av sin kompetens, erfarenhet, tid och sitt n\u00e4tverk till en adept som s\u00f6ker personlig utveckling. Uppstart &amp; gemensamma N\u00e4tverkstr\u00e4ffar Programmet startar med en introduktionstr\u00e4ff d\u00e4r hela n\u00e4tverket, [&hellip;]<\/p>\n","protected":false},"author":1,"featured_media":0,"parent":0,"menu_order":0,"comment_status":"closed","ping_status":"closed","template":"","meta":{"footnotes":""},"acf":[],"yoast_head":"<!-- This site is optimized with the Yoast SEO plugin v22.9 - https:\/\/yoast.com\/wordpress\/plugins\/seo\/ -->\n<title>Mentor - Nyk\u00f6ping<\/title>\n<meta name=\"robots\" content=\"index, follow, max-snippet:-1, max-image-preview:large, max-video-preview:-1\" \/>\n<link rel=\"canonical\" href=\"https:\/\/nyforetagarcentrum.se\/nykoping\/mentor\/\" \/>\n<meta property=\"og:locale\" content=\"sv_SE\" \/>\n<meta property=\"og:type\" content=\"article\" \/>\n<meta property=\"og:title\" content=\"Mentor - Nyk\u00f6ping\" \/>\n<meta property=\"og:description\" content=\"Mentorskap Mentorskap \u00e4r ett koncept f\u00f6r att inspirera, utmana och utveckla individer b\u00e5de professionellt och personligt. Det inneb\u00e4r att en erfaren person, p\u00e5 ideell basis, delar med sig av sin kompetens, erfarenhet, tid och sitt n\u00e4tverk till en adept som s\u00f6ker personlig utveckling. Uppstart &amp; gemensamma N\u00e4tverkstr\u00e4ffar Programmet startar med en introduktionstr\u00e4ff d\u00e4r hela n\u00e4tverket, [&hellip;]\" \/>\n<meta property=\"og:url\" content=\"https:\/\/nyforetagarcentrum.se\/nykoping\/mentor\/\" \/>\n<meta property=\"og:site_name\" content=\"Nyk\u00f6ping\" \/>\n<meta property=\"article:modified_time\" content=\"2026-01-17T09:10:32+00:00\" \/>\n<meta property=\"og:image\" content=\"https:\/\/nyforetagarcentrum.se\/nykoping\/wp-content\/uploads\/sites\/41\/2024\/08\/mentorprogram-NFC_16x9_1280x720.jpg\" \/>\n\t<meta property=\"og:image:width\" content=\"1280\" \/>\n\t<meta property=\"og:image:height\" content=\"720\" \/>\n\t<meta property=\"og:image:type\" content=\"image\/jpeg\" \/>\n<meta name=\"twitter:card\" content=\"summary_large_image\" \/>\n<meta name=\"twitter:label1\" content=\"Ber\u00e4knad l\u00e4stid\" \/>\n\t<meta name=\"twitter:data1\" content=\"1 minut\" \/>\n<script type=\"application\/ld+json\" class=\"yoast-schema-graph\">{\"@context\":\"https:\/\/schema.org\",\"@graph\":[{\"@type\":\"WebPage\",\"@id\":\"https:\/\/nyforetagarcentrum.se\/nykoping\/mentor\/\",\"url\":\"https:\/\/nyforetagarcentrum.se\/nykoping\/mentor\/\",\"name\":\"Mentor - Nyk\u00f6ping\",\"isPartOf\":{\"@id\":\"https:\/\/nyforetagarcentrum.se\/nykoping\/#website\"},\"datePublished\":\"2024-02-22T10:27:10+00:00\",\"dateModified\":\"2026-01-17T09:10:32+00:00\",\"breadcrumb\":{\"@id\":\"https:\/\/nyforetagarcentrum.se\/nykoping\/mentor\/#breadcrumb\"},\"inLanguage\":\"sv-SE\",\"potentialAction\":[{\"@type\":\"ReadAction\",\"target\":[\"https:\/\/nyforetagarcentrum.se\/nykoping\/mentor\/\"]}]},{\"@type\":\"BreadcrumbList\",\"@id\":\"https:\/\/nyforetagarcentrum.se\/nykoping\/mentor\/#breadcrumb\",\"itemListElement\":[{\"@type\":\"ListItem\",\"position\":1,\"name\":\"Hem\",\"item\":\"https:\/\/nyforetagarcentrum.se\/nykoping\/\"},{\"@type\":\"ListItem\",\"position\":2,\"name\":\"Mentor\"}]},{\"@type\":\"WebSite\",\"@id\":\"https:\/\/nyforetagarcentrum.se\/nykoping\/#website\",\"url\":\"https:\/\/nyforetagarcentrum.se\/nykoping\/\",\"name\":\"Nyk\u00f6ping\",\"description\":\"Sveriges ledande kraft f\u00f6r fler nya livskraftiga f\u00f6retag\",\"publisher\":{\"@id\":\"https:\/\/nyforetagarcentrum.se\/nykoping\/#organization\"},\"potentialAction\":[{\"@type\":\"SearchAction\",\"target\":{\"@type\":\"EntryPoint\",\"urlTemplate\":\"https:\/\/nyforetagarcentrum.se\/nykoping\/?s={search_term_string}\"},\"query-input\":\"required name=search_term_string\"}],\"inLanguage\":\"sv-SE\"},{\"@type\":\"Organization\",\"@id\":\"https:\/\/nyforetagarcentrum.se\/nykoping\/#organization\",\"name\":\"Nyk\u00f6ping\",\"url\":\"https:\/\/nyforetagarcentrum.se\/nykoping\/\",\"logo\":{\"@type\":\"ImageObject\",\"inLanguage\":\"sv-SE\",\"@id\":\"https:\/\/nyforetagarcentrum.se\/nykoping\/#\/schema\/logo\/image\/\",\"url\":\"https:\/\/nyforetagarcentrum.se\/nykoping\/wp-content\/uploads\/sites\/41\/2024\/07\/ostrasormland_bla.png\",\"contentUrl\":\"https:\/\/nyforetagarcentrum.se\/nykoping\/wp-content\/uploads\/sites\/41\/2024\/07\/ostrasormland_bla.png\",\"width\":870,\"height\":355,\"caption\":\"Nyk\u00f6ping\"},\"image\":{\"@id\":\"https:\/\/nyforetagarcentrum.se\/nykoping\/#\/schema\/logo\/image\/\"}}]}<\/script>\n<!-- \/ Yoast SEO plugin. -->","yoast_head_json":{"title":"Mentor - Nyk\u00f6ping","robots":{"index":"index","follow":"follow","max-snippet":"max-snippet:-1","max-image-preview":"max-image-preview:large","max-video-preview":"max-video-preview:-1"},"canonical":"https:\/\/nyforetagarcentrum.se\/nykoping\/mentor\/","og_locale":"sv_SE","og_type":"article","og_title":"Mentor - Nyk\u00f6ping","og_description":"Mentorskap Mentorskap \u00e4r ett koncept f\u00f6r att inspirera, utmana och utveckla individer b\u00e5de professionellt och personligt. Det inneb\u00e4r att en erfaren person, p\u00e5 ideell basis, delar med sig av sin kompetens, erfarenhet, tid och sitt n\u00e4tverk till en adept som s\u00f6ker personlig utveckling. Uppstart &amp; gemensamma N\u00e4tverkstr\u00e4ffar Programmet startar med en introduktionstr\u00e4ff d\u00e4r hela n\u00e4tverket, [&hellip;]","og_url":"https:\/\/nyforetagarcentrum.se\/nykoping\/mentor\/","og_site_name":"Nyk\u00f6ping","article_modified_time":"2026-01-17T09:10:32+00:00","og_image":[{"width":1280,"height":720,"url":"https:\/\/nyforetagarcentrum.se\/nykoping\/wp-content\/uploads\/sites\/41\/2024\/08\/mentorprogram-NFC_16x9_1280x720.jpg","type":"image\/jpeg"}],"twitter_card":"summary_large_image","twitter_misc":{"Ber\u00e4knad l\u00e4stid":"1 minut"},"schema":{"@context":"https:\/\/schema.org","@graph":[{"@type":"WebPage","@id":"https:\/\/nyforetagarcentrum.se\/nykoping\/mentor\/","url":"https:\/\/nyforetagarcentrum.se\/nykoping\/mentor\/","name":"Mentor - Nyk\u00f6ping","isPartOf":{"@id":"https:\/\/nyforetagarcentrum.se\/nykoping\/#website"},"datePublished":"2024-02-22T10:27:10+00:00","dateModified":"2026-01-17T09:10:32+00:00","breadcrumb":{"@id":"https:\/\/nyforetagarcentrum.se\/nykoping\/mentor\/#breadcrumb"},"inLanguage":"sv-SE","potentialAction":[{"@type":"ReadAction","target":["https:\/\/nyforetagarcentrum.se\/nykoping\/mentor\/"]}]},{"@type":"BreadcrumbList","@id":"https:\/\/nyforetagarcentrum.se\/nykoping\/mentor\/#breadcrumb","itemListElement":[{"@type":"ListItem","position":1,"name":"Hem","item":"https:\/\/nyforetagarcentrum.se\/nykoping\/"},{"@type":"ListItem","position":2,"name":"Mentor"}]},{"@type":"WebSite","@id":"https:\/\/nyforetagarcentrum.se\/nykoping\/#website","url":"https:\/\/nyforetagarcentrum.se\/nykoping\/","name":"Nyk\u00f6ping","description":"Sveriges ledande kraft f\u00f6r fler nya livskraftiga f\u00f6retag","publisher":{"@id":"https:\/\/nyforetagarcentrum.se\/nykoping\/#organization"},"potentialAction":[{"@type":"SearchAction","target":{"@type":"EntryPoint","urlTemplate":"https:\/\/nyforetagarcentrum.se\/nykoping\/?s={search_term_string}"},"query-input":"required name=search_term_string"}],"inLanguage":"sv-SE"},{"@type":"Organization","@id":"https:\/\/nyforetagarcentrum.se\/nykoping\/#organization","name":"Nyk\u00f6ping","url":"https:\/\/nyforetagarcentrum.se\/nykoping\/","logo":{"@type":"ImageObject","inLanguage":"sv-SE","@id":"https:\/\/nyforetagarcentrum.se\/nykoping\/#\/schema\/logo\/image\/","url":"https:\/\/nyforetagarcentrum.se\/nykoping\/wp-content\/uploads\/sites\/41\/2024\/07\/ostrasormland_bla.png","contentUrl":"https:\/\/nyforetagarcentrum.se\/nykoping\/wp-content\/uploads\/sites\/41\/2024\/07\/ostrasormland_bla.png","width":870,"height":355,"caption":"Nyk\u00f6ping"},"image":{"@id":"https:\/\/nyforetagarcentrum.se\/nykoping\/#\/schema\/logo\/image\/"}}]}},"_links":{"self":[{"href":"https:\/\/nyforetagarcentrum.se\/nykoping\/wp-json\/wp\/v2\/pages\/128"}],"collection":[{"href":"https:\/\/nyforetagarcentrum.se\/nykoping\/wp-json\/wp\/v2\/pages"}],"about":[{"href":"https:\/\/nyforetagarcentrum.se\/nykoping\/wp-json\/wp\/v2\/types\/page"}],"author":[{"embeddable":true,"href":"https:\/\/nyforetagarcentrum.se\/nykoping\/wp-json\/wp\/v2\/users\/1"}],"replies":[{"embeddable":true,"href":"https:\/\/nyforetagarcentrum.se\/nykoping\/wp-json\/wp\/v2\/comments?post=128"}],"version-history":[{"count":116,"href":"https:\/\/nyforetagarcentrum.se\/nykoping\/wp-json\/wp\/v2\/pages\/128\/revisions"}],"predecessor-version":[{"id":1873,"href":"https:\/\/nyforetagarcentrum.se\/nykoping\/wp-json\/wp\/v2\/pages\/128\/revisions\/1873"}],"wp:attachment":[{"href":"https:\/\/nyforetagarcentrum.se\/nykoping\/wp-json\/wp\/v2\/media?parent=128"}],"curies":[{"name":"wp","href":"https:\/\/api.w.org\/{rel}","templated":true}]}}