{"id":875,"date":"2025-01-23T12:31:43","date_gmt":"2025-01-23T11:31:43","guid":{"rendered":"https:\/\/nyforetagarcentrum.se\/norradalarna\/?page_id=875"},"modified":"2025-01-23T12:31:44","modified_gmt":"2025-01-23T11:31:44","slug":"vara-fokusomraden","status":"publish","type":"page","link":"https:\/\/nyforetagarcentrum.se\/norradalarna\/vara-fokusomraden\/","title":{"rendered":"V\u00e5ra fokusomr\u00e5den"},"content":{"rendered":"\n<h2 class=\"wp-block-heading\">Vi ser m\u00f6jligheter och drivkraft<\/h2>\n\n\n\n<p>Nyf\u00f6retagarCentrum Norra Dalarna jobbar d\u00e4rf\u00f6r med fyra fokusomr\u00e5den f\u00f6r att f\u00f6rst\u00e4rka m\u00f6jligheterna till nya livskraftiga f\u00f6retag f\u00f6r h\u00e5llbar tillv\u00e4xt.<\/p>\n\n\n\n<p>Dessa fokusomr\u00e5den \u00e4r framtagna f\u00f6r att fr\u00e4mja tillv\u00e4xten genom nya livskraftiga f\u00f6retag. <\/p>\n\n\n\n<p>Det g\u00f6r vi genom att med s\u00e4rskilda insatser st\u00f6tta d\u00e4r det finns behov och m\u00f6jligheter.<\/p>\n\n\n\n<p>Det kan \u00e4ven ge synergier f\u00f6r andra nya f\u00f6retag och redan etablerade f\u00f6retag.<\/p>\n\n\n\n<p>.<\/p>\n\n\n\n<div class=\"wp-block-columns is-layout-flex wp-container-core-columns-is-layout-1 wp-block-columns-is-layout-flex\">\n<div class=\"wp-block-column is-layout-flow wp-block-column-is-layout-flow\">\n<figure class=\"wp-block-image size-full\"><img loading=\"lazy\" decoding=\"async\" width=\"648\" height=\"365\" src=\"https:\/\/nyforetagarcentrum.se\/norradalarna\/wp-content\/uploads\/sites\/43\/2025\/01\/Fokus-tech-innov-indust.png\" alt=\"\" class=\"wp-image-870\" srcset=\"https:\/\/nyforetagarcentrum.se\/norradalarna\/wp-content\/uploads\/sites\/43\/2025\/01\/Fokus-tech-innov-indust.png 648w, https:\/\/nyforetagarcentrum.se\/norradalarna\/wp-content\/uploads\/sites\/43\/2025\/01\/Fokus-tech-innov-indust-300x169.png 300w\" sizes=\"(max-width: 648px) 100vw, 648px\" \/><\/figure>\n<\/div>\n\n\n\n<div class=\"wp-block-column is-layout-flow wp-block-column-is-layout-flow\">\n<p>Teknologi, innovation och industri kan beh\u00f6va tillf\u00f6ras, s\u00e5 \u00e4ven underentrepren\u00f6rer och leverant\u00f6rer till de f\u00f6retag som redan verkar inom dessa omr\u00e5den. H\u00e4r kan vi dels genom samarbeten med f\u00f6retag, dels genom riktade insatser, fr\u00e4mja nya livskraftiga f\u00f6retag inom omr\u00e5det. <\/p>\n<\/div>\n<\/div>\n\n\n\n<div class=\"wp-block-columns is-layout-flex wp-container-core-columns-is-layout-2 wp-block-columns-is-layout-flex\">\n<div class=\"wp-block-column is-layout-flow wp-block-column-is-layout-flow\">\n<figure class=\"wp-block-image size-full\"><img loading=\"lazy\" decoding=\"async\" width=\"648\" height=\"365\" src=\"https:\/\/nyforetagarcentrum.se\/norradalarna\/wp-content\/uploads\/sites\/43\/2025\/01\/Fokus-driftiga-kvinnor.png\" alt=\"\" class=\"wp-image-871\" srcset=\"https:\/\/nyforetagarcentrum.se\/norradalarna\/wp-content\/uploads\/sites\/43\/2025\/01\/Fokus-driftiga-kvinnor.png 648w, https:\/\/nyforetagarcentrum.se\/norradalarna\/wp-content\/uploads\/sites\/43\/2025\/01\/Fokus-driftiga-kvinnor-300x169.png 300w\" sizes=\"(max-width: 648px) 100vw, 648px\" \/><\/figure>\n<\/div>\n\n\n\n<div class=\"wp-block-column is-layout-flow wp-block-column-is-layout-flow\">\n<p>Driftiga kvinnor finns det otroligt m\u00e5nga av i v\u00e5ra kommuner. Men alla g\u00e5nger \u00e4r inte f\u00f6ruts\u00e4ttningarna i samh\u00e4llet tillr\u00e4ckligt st\u00f6ttande f\u00f6r att denna drivkraft skall f\u00e5 m\u00f6jligheter p\u00e5 sina villkor. Det finns outnyttjad kapacitet i form av drivkraften att starta och driva eget och den vill vi ta hand om. <\/p>\n<\/div>\n<\/div>\n\n\n\n<div class=\"wp-block-columns is-layout-flex wp-container-core-columns-is-layout-3 wp-block-columns-is-layout-flex\">\n<div class=\"wp-block-column is-layout-flow wp-block-column-is-layout-flow\">\n<figure class=\"wp-block-image size-full\"><img loading=\"lazy\" decoding=\"async\" width=\"648\" height=\"364\" src=\"https:\/\/nyforetagarcentrum.se\/norradalarna\/wp-content\/uploads\/sites\/43\/2025\/01\/Fokus-hallbar-tillvaxt.png\" alt=\"\" class=\"wp-image-876\" srcset=\"https:\/\/nyforetagarcentrum.se\/norradalarna\/wp-content\/uploads\/sites\/43\/2025\/01\/Fokus-hallbar-tillvaxt.png 648w, https:\/\/nyforetagarcentrum.se\/norradalarna\/wp-content\/uploads\/sites\/43\/2025\/01\/Fokus-hallbar-tillvaxt-300x169.png 300w\" sizes=\"(max-width: 648px) 100vw, 648px\" \/><\/figure>\n<\/div>\n\n\n\n<div class=\"wp-block-column is-layout-flow wp-block-column-is-layout-flow\">\n<p>H\u00e5llbar tillv\u00e4xt f\u00e5r vi om vi till\u00e5ter ledig kapacitet f\u00e5 utrymme att tillf\u00f6ra nya livskraftiga f\u00f6retag. Dem som \u00e4nnu inte riktigt beh\u00e4rskar det svenska systemet och spr\u00e5ket, kan beh\u00f6va \u00e4nnu mer st\u00f6ttning i att starta och driva f\u00f6retag i Sverige. Dem som kanske kommer fr\u00e5n andra l\u00e4nder och har drivit f\u00f6retag d\u00e4r i m\u00e5nga \u00e5r redan. Det vill vi ta vara p\u00e5 och st\u00f6tta i deras drivkraft. <\/p>\n<\/div>\n<\/div>\n\n\n\n<div class=\"wp-block-columns is-layout-flex wp-container-core-columns-is-layout-4 wp-block-columns-is-layout-flex\">\n<div class=\"wp-block-column is-layout-flow wp-block-column-is-layout-flow\">\n<figure class=\"wp-block-image size-full\"><img loading=\"lazy\" decoding=\"async\" width=\"648\" height=\"364\" src=\"https:\/\/nyforetagarcentrum.se\/norradalarna\/wp-content\/uploads\/sites\/43\/2025\/01\/Fokus-innovat-matprod.png\" alt=\"\" class=\"wp-image-877\" srcset=\"https:\/\/nyforetagarcentrum.se\/norradalarna\/wp-content\/uploads\/sites\/43\/2025\/01\/Fokus-innovat-matprod.png 648w, https:\/\/nyforetagarcentrum.se\/norradalarna\/wp-content\/uploads\/sites\/43\/2025\/01\/Fokus-innovat-matprod-300x169.png 300w\" sizes=\"(max-width: 648px) 100vw, 648px\" \/><\/figure>\n<\/div>\n\n\n\n<div class=\"wp-block-column is-layout-flow wp-block-column-is-layout-flow\">\n<p>Innovativ matproduktion innefattar allt fr\u00e5n fr\u00f6 till en f\u00e4rdig m\u00e5ltid. Den lokala matproduktionen \u00e4r viktig och kan bli \u00e4n viktigare. Det \u00e4r d\u00e4rf\u00f6r viktigt att samverka med till exempel L\u00e4nsstyrelsen, Jordbruksverket, Kommuner, och fler som jobbar aktivt p\u00e5 ett mycket bra s\u00e4tt med detta. Nyf\u00f6retagarCentrum Norra Dalarna vill d\u00e4rf\u00f6r ocks\u00e5 st\u00f6tta genom att med dessa samarbeten kunna tillf\u00f6ra mer till dem som s\u00f6ker r\u00e5dgivning inom denna bransch.<\/p>\n<\/div>\n<\/div>\n\n\n\n<p>.<\/p>\n\n\n\n<figure class=\"wp-block-image size-large\"><img loading=\"lazy\" decoding=\"async\" width=\"1024\" height=\"683\" src=\"https:\/\/nyforetagarcentrum.se\/norradalarna\/wp-content\/uploads\/sites\/43\/2024\/02\/Tillvaxt-planta-LOW-1024x683.jpg\" alt=\"\" class=\"wp-image-213\" srcset=\"https:\/\/nyforetagarcentrum.se\/norradalarna\/wp-content\/uploads\/sites\/43\/2024\/02\/Tillvaxt-planta-LOW-1024x683.jpg 1024w, https:\/\/nyforetagarcentrum.se\/norradalarna\/wp-content\/uploads\/sites\/43\/2024\/02\/Tillvaxt-planta-LOW-300x200.jpg 300w, https:\/\/nyforetagarcentrum.se\/norradalarna\/wp-content\/uploads\/sites\/43\/2024\/02\/Tillvaxt-planta-LOW-768x512.jpg 768w, https:\/\/nyforetagarcentrum.se\/norradalarna\/wp-content\/uploads\/sites\/43\/2024\/02\/Tillvaxt-planta-LOW.jpg 1476w\" sizes=\"(max-width: 1024px) 100vw, 1024px\" \/><\/figure>\n\n\n\n<p>Vi hoppas att vi genom v\u00e5r r\u00e5dgivning av Diplomerade r\u00e5dgivare, och andra insatser, kan bidra till ett h\u00e5llbart samh\u00e4ller f\u00f6r alla. <\/p>\n\n\n\n<p>Vi tar g\u00e4rna emot tankar och id\u00e9er och \u00e4ven nya sponsorer och partners som genom sitt bidrag kan vara med och fr\u00e4mja h\u00e5llbarheten och tillv\u00e4xten i Norra och V\u00e4stra Dalarna, inkluderat kommunerna \u00c4lvdalen, Orsa, Mora, Vansbro och Malung-S\u00e4len. <\/p>\n\n\n\n<p>Ni n\u00e5r oss genom att s\u00e4nda epost till: norradalarna@nyforetagarcentrum.se , eller fylla i kontaktformul\u00e4ret nedan.<\/p>\n\n\n\n<p>Vi skickar g\u00e4rna v\u00e5rt partnerprogram till er. Eller s\u00e5 kan du ladda ner det direkt h\u00e4r.<\/p>\n\n\n\n<div class=\"wp-block-buttons is-layout-flex wp-block-buttons-is-layout-flex\">\n<div class=\"wp-block-button\"><a class=\"wp-block-button__link wp-element-button\" href=\"https:\/\/nyforetagarcentrum.se\/norradalarna\/wp-content\/uploads\/sites\/43\/2025\/01\/Partnerprogram-2025_Norra-Dalarna_v2.pdf\">Ladda ner partnerprogrammet<\/a><\/div>\n<\/div>\n\n\n\n<p>.<\/p>\n\n\n\n<h2 class=\"wp-block-heading\">Kontakta oss<\/h2>\n\n\n<section  class=\"nfc-block-form aligncontent layout-small\">\n    <div class=\"contained\">\n\n        <form data-nfc-form=\"block_20a609a2205c6fde7e4b0b46f27025f6\" data-nfc-page=\"875\">\n            <label class=\"input-wrapper required\" for=\"namn\">\n    <span>Namn<\/span>\n    <input type=\"text\" name=\"namn\" id=\"namn\" placeholder=\"\" required>\n<\/label><label class=\"input-wrapper\" for=\"foretag\">\n    <span>F\u00f6retag<\/span>\n    <input type=\"text\" name=\"foretag\" id=\"foretag\" placeholder=\"\" >\n<\/label><label class=\"input-wrapper required\" for=\"e-post\">\n    <span>E-post adress<\/span>\n    <input type=\"text\" name=\"e-post\" id=\"e-post\" placeholder=\"\" required>\n<\/label><label class=\"input-wrapper\" for=\"telefonnummer\">\n    <span>Telefonnr<\/span>\n    <input type=\"text\" name=\"telefonnummer\" id=\"telefonnummer\" placeholder=\"\" >\n<\/label><label class=\"input-wrapper required\" for=\"meddelande\">\n    <span>Beskriv din fr\u00e5ga eller \u00e4rende<\/span>\n    <textarea type=\"text\" name=\"meddelande\" id=\"meddelande\" placeholder=\"\" required rows=\"6\"><\/textarea>\n<\/label>\n            <div class=\"input-wrapper\">\n                <button type=\"submit\" class=\"button\">Skicka<\/button>\n            <\/div>\n        <\/form>\n    <\/div>\n<\/section>\n\n\n<p>.<\/p>\n","protected":false},"excerpt":{"rendered":"<p>Vi ser m\u00f6jligheter och drivkraft Nyf\u00f6retagarCentrum Norra Dalarna jobbar d\u00e4rf\u00f6r med fyra fokusomr\u00e5den f\u00f6r att f\u00f6rst\u00e4rka m\u00f6jligheterna till nya livskraftiga f\u00f6retag f\u00f6r h\u00e5llbar tillv\u00e4xt. Dessa fokusomr\u00e5den \u00e4r framtagna f\u00f6r att fr\u00e4mja tillv\u00e4xten genom nya livskraftiga f\u00f6retag. Det g\u00f6r vi genom att med s\u00e4rskilda insatser st\u00f6tta d\u00e4r det finns behov och m\u00f6jligheter. Det kan \u00e4ven ge [&hellip;]<\/p>\n","protected":false},"author":53,"featured_media":0,"parent":0,"menu_order":0,"comment_status":"closed","ping_status":"closed","template":"","meta":{"footnotes":""},"acf":[],"yoast_head":"<!-- This site is optimized with the Yoast SEO plugin v22.9 - https:\/\/yoast.com\/wordpress\/plugins\/seo\/ -->\n<title>V\u00e5ra fokusomr\u00e5den - Norra Dalarna<\/title>\n<meta name=\"robots\" content=\"index, follow, max-snippet:-1, max-image-preview:large, max-video-preview:-1\" \/>\n<link rel=\"canonical\" href=\"https:\/\/nyforetagarcentrum.se\/norradalarna\/vara-fokusomraden\/\" \/>\n<meta property=\"og:locale\" content=\"sv_SE\" \/>\n<meta property=\"og:type\" content=\"article\" \/>\n<meta property=\"og:title\" content=\"V\u00e5ra fokusomr\u00e5den - Norra Dalarna\" \/>\n<meta property=\"og:description\" content=\"Vi ser m\u00f6jligheter och drivkraft Nyf\u00f6retagarCentrum Norra Dalarna jobbar d\u00e4rf\u00f6r med fyra fokusomr\u00e5den f\u00f6r att f\u00f6rst\u00e4rka m\u00f6jligheterna till nya livskraftiga f\u00f6retag f\u00f6r h\u00e5llbar tillv\u00e4xt. Dessa fokusomr\u00e5den \u00e4r framtagna f\u00f6r att fr\u00e4mja tillv\u00e4xten genom nya livskraftiga f\u00f6retag. Det g\u00f6r vi genom att med s\u00e4rskilda insatser st\u00f6tta d\u00e4r det finns behov och m\u00f6jligheter. Det kan \u00e4ven ge [&hellip;]\" \/>\n<meta property=\"og:url\" content=\"https:\/\/nyforetagarcentrum.se\/norradalarna\/vara-fokusomraden\/\" \/>\n<meta property=\"og:site_name\" content=\"Norra Dalarna\" \/>\n<meta property=\"article:modified_time\" content=\"2025-01-23T11:31:44+00:00\" \/>\n<meta property=\"og:image\" content=\"https:\/\/nyforetagarcentrum.se\/norradalarna\/wp-content\/uploads\/sites\/43\/2025\/01\/Fokus-tech-innov-indust.png\" \/>\n<meta name=\"twitter:card\" content=\"summary_large_image\" \/>\n<meta name=\"twitter:label1\" content=\"Ber\u00e4knad l\u00e4stid\" \/>\n\t<meta name=\"twitter:data1\" content=\"3 minuter\" \/>\n<script type=\"application\/ld+json\" class=\"yoast-schema-graph\">{\"@context\":\"https:\/\/schema.org\",\"@graph\":[{\"@type\":\"WebPage\",\"@id\":\"https:\/\/nyforetagarcentrum.se\/norradalarna\/vara-fokusomraden\/\",\"url\":\"https:\/\/nyforetagarcentrum.se\/norradalarna\/vara-fokusomraden\/\",\"name\":\"V\u00e5ra fokusomr\u00e5den - Norra Dalarna\",\"isPartOf\":{\"@id\":\"https:\/\/nyforetagarcentrum.se\/norradalarna\/#website\"},\"primaryImageOfPage\":{\"@id\":\"https:\/\/nyforetagarcentrum.se\/norradalarna\/vara-fokusomraden\/#primaryimage\"},\"image\":{\"@id\":\"https:\/\/nyforetagarcentrum.se\/norradalarna\/vara-fokusomraden\/#primaryimage\"},\"thumbnailUrl\":\"https:\/\/nyforetagarcentrum.se\/norradalarna\/wp-content\/uploads\/sites\/43\/2025\/01\/Fokus-tech-innov-indust.png\",\"datePublished\":\"2025-01-23T11:31:43+00:00\",\"dateModified\":\"2025-01-23T11:31:44+00:00\",\"breadcrumb\":{\"@id\":\"https:\/\/nyforetagarcentrum.se\/norradalarna\/vara-fokusomraden\/#breadcrumb\"},\"inLanguage\":\"sv-SE\",\"potentialAction\":[{\"@type\":\"ReadAction\",\"target\":[\"https:\/\/nyforetagarcentrum.se\/norradalarna\/vara-fokusomraden\/\"]}]},{\"@type\":\"ImageObject\",\"inLanguage\":\"sv-SE\",\"@id\":\"https:\/\/nyforetagarcentrum.se\/norradalarna\/vara-fokusomraden\/#primaryimage\",\"url\":\"https:\/\/nyforetagarcentrum.se\/norradalarna\/wp-content\/uploads\/sites\/43\/2025\/01\/Fokus-tech-innov-indust.png\",\"contentUrl\":\"https:\/\/nyforetagarcentrum.se\/norradalarna\/wp-content\/uploads\/sites\/43\/2025\/01\/Fokus-tech-innov-indust.png\",\"width\":648,\"height\":365},{\"@type\":\"BreadcrumbList\",\"@id\":\"https:\/\/nyforetagarcentrum.se\/norradalarna\/vara-fokusomraden\/#breadcrumb\",\"itemListElement\":[{\"@type\":\"ListItem\",\"position\":1,\"name\":\"Hem\",\"item\":\"https:\/\/nyforetagarcentrum.se\/norradalarna\/\"},{\"@type\":\"ListItem\",\"position\":2,\"name\":\"V\u00e5ra fokusomr\u00e5den\"}]},{\"@type\":\"WebSite\",\"@id\":\"https:\/\/nyforetagarcentrum.se\/norradalarna\/#website\",\"url\":\"https:\/\/nyforetagarcentrum.se\/norradalarna\/\",\"name\":\"Norra Dalarna\",\"description\":\"Sveriges ledande kraft f\u00f6r fler nya livskraftiga f\u00f6retag\",\"publisher\":{\"@id\":\"https:\/\/nyforetagarcentrum.se\/norradalarna\/#organization\"},\"potentialAction\":[{\"@type\":\"SearchAction\",\"target\":{\"@type\":\"EntryPoint\",\"urlTemplate\":\"https:\/\/nyforetagarcentrum.se\/norradalarna\/?s={search_term_string}\"},\"query-input\":\"required name=search_term_string\"}],\"inLanguage\":\"sv-SE\"},{\"@type\":\"Organization\",\"@id\":\"https:\/\/nyforetagarcentrum.se\/norradalarna\/#organization\",\"name\":\"Norra Dalarna\",\"url\":\"https:\/\/nyforetagarcentrum.se\/norradalarna\/\",\"logo\":{\"@type\":\"ImageObject\",\"inLanguage\":\"sv-SE\",\"@id\":\"https:\/\/nyforetagarcentrum.se\/norradalarna\/#\/schema\/logo\/image\/\",\"url\":\"https:\/\/nyforetagarcentrum.se\/norradalarna\/wp-content\/uploads\/sites\/43\/2024\/04\/Norra-dalarna.png\",\"contentUrl\":\"https:\/\/nyforetagarcentrum.se\/norradalarna\/wp-content\/uploads\/sites\/43\/2024\/04\/Norra-dalarna.png\",\"width\":1082,\"height\":542,\"caption\":\"Norra Dalarna\"},\"image\":{\"@id\":\"https:\/\/nyforetagarcentrum.se\/norradalarna\/#\/schema\/logo\/image\/\"}}]}<\/script>\n<!-- \/ Yoast SEO plugin. -->","yoast_head_json":{"title":"V\u00e5ra fokusomr\u00e5den - Norra Dalarna","robots":{"index":"index","follow":"follow","max-snippet":"max-snippet:-1","max-image-preview":"max-image-preview:large","max-video-preview":"max-video-preview:-1"},"canonical":"https:\/\/nyforetagarcentrum.se\/norradalarna\/vara-fokusomraden\/","og_locale":"sv_SE","og_type":"article","og_title":"V\u00e5ra fokusomr\u00e5den - Norra Dalarna","og_description":"Vi ser m\u00f6jligheter och drivkraft Nyf\u00f6retagarCentrum Norra Dalarna jobbar d\u00e4rf\u00f6r med fyra fokusomr\u00e5den f\u00f6r att f\u00f6rst\u00e4rka m\u00f6jligheterna till nya livskraftiga f\u00f6retag f\u00f6r h\u00e5llbar tillv\u00e4xt. Dessa fokusomr\u00e5den \u00e4r framtagna f\u00f6r att fr\u00e4mja tillv\u00e4xten genom nya livskraftiga f\u00f6retag. Det g\u00f6r vi genom att med s\u00e4rskilda insatser st\u00f6tta d\u00e4r det finns behov och m\u00f6jligheter. Det kan \u00e4ven ge [&hellip;]","og_url":"https:\/\/nyforetagarcentrum.se\/norradalarna\/vara-fokusomraden\/","og_site_name":"Norra Dalarna","article_modified_time":"2025-01-23T11:31:44+00:00","og_image":[{"url":"https:\/\/nyforetagarcentrum.se\/norradalarna\/wp-content\/uploads\/sites\/43\/2025\/01\/Fokus-tech-innov-indust.png"}],"twitter_card":"summary_large_image","twitter_misc":{"Ber\u00e4knad l\u00e4stid":"3 minuter"},"schema":{"@context":"https:\/\/schema.org","@graph":[{"@type":"WebPage","@id":"https:\/\/nyforetagarcentrum.se\/norradalarna\/vara-fokusomraden\/","url":"https:\/\/nyforetagarcentrum.se\/norradalarna\/vara-fokusomraden\/","name":"V\u00e5ra fokusomr\u00e5den - Norra Dalarna","isPartOf":{"@id":"https:\/\/nyforetagarcentrum.se\/norradalarna\/#website"},"primaryImageOfPage":{"@id":"https:\/\/nyforetagarcentrum.se\/norradalarna\/vara-fokusomraden\/#primaryimage"},"image":{"@id":"https:\/\/nyforetagarcentrum.se\/norradalarna\/vara-fokusomraden\/#primaryimage"},"thumbnailUrl":"https:\/\/nyforetagarcentrum.se\/norradalarna\/wp-content\/uploads\/sites\/43\/2025\/01\/Fokus-tech-innov-indust.png","datePublished":"2025-01-23T11:31:43+00:00","dateModified":"2025-01-23T11:31:44+00:00","breadcrumb":{"@id":"https:\/\/nyforetagarcentrum.se\/norradalarna\/vara-fokusomraden\/#breadcrumb"},"inLanguage":"sv-SE","potentialAction":[{"@type":"ReadAction","target":["https:\/\/nyforetagarcentrum.se\/norradalarna\/vara-fokusomraden\/"]}]},{"@type":"ImageObject","inLanguage":"sv-SE","@id":"https:\/\/nyforetagarcentrum.se\/norradalarna\/vara-fokusomraden\/#primaryimage","url":"https:\/\/nyforetagarcentrum.se\/norradalarna\/wp-content\/uploads\/sites\/43\/2025\/01\/Fokus-tech-innov-indust.png","contentUrl":"https:\/\/nyforetagarcentrum.se\/norradalarna\/wp-content\/uploads\/sites\/43\/2025\/01\/Fokus-tech-innov-indust.png","width":648,"height":365},{"@type":"BreadcrumbList","@id":"https:\/\/nyforetagarcentrum.se\/norradalarna\/vara-fokusomraden\/#breadcrumb","itemListElement":[{"@type":"ListItem","position":1,"name":"Hem","item":"https:\/\/nyforetagarcentrum.se\/norradalarna\/"},{"@type":"ListItem","position":2,"name":"V\u00e5ra fokusomr\u00e5den"}]},{"@type":"WebSite","@id":"https:\/\/nyforetagarcentrum.se\/norradalarna\/#website","url":"https:\/\/nyforetagarcentrum.se\/norradalarna\/","name":"Norra Dalarna","description":"Sveriges ledande kraft f\u00f6r fler nya livskraftiga f\u00f6retag","publisher":{"@id":"https:\/\/nyforetagarcentrum.se\/norradalarna\/#organization"},"potentialAction":[{"@type":"SearchAction","target":{"@type":"EntryPoint","urlTemplate":"https:\/\/nyforetagarcentrum.se\/norradalarna\/?s={search_term_string}"},"query-input":"required name=search_term_string"}],"inLanguage":"sv-SE"},{"@type":"Organization","@id":"https:\/\/nyforetagarcentrum.se\/norradalarna\/#organization","name":"Norra Dalarna","url":"https:\/\/nyforetagarcentrum.se\/norradalarna\/","logo":{"@type":"ImageObject","inLanguage":"sv-SE","@id":"https:\/\/nyforetagarcentrum.se\/norradalarna\/#\/schema\/logo\/image\/","url":"https:\/\/nyforetagarcentrum.se\/norradalarna\/wp-content\/uploads\/sites\/43\/2024\/04\/Norra-dalarna.png","contentUrl":"https:\/\/nyforetagarcentrum.se\/norradalarna\/wp-content\/uploads\/sites\/43\/2024\/04\/Norra-dalarna.png","width":1082,"height":542,"caption":"Norra Dalarna"},"image":{"@id":"https:\/\/nyforetagarcentrum.se\/norradalarna\/#\/schema\/logo\/image\/"}}]}},"_links":{"self":[{"href":"https:\/\/nyforetagarcentrum.se\/norradalarna\/wp-json\/wp\/v2\/pages\/875"}],"collection":[{"href":"https:\/\/nyforetagarcentrum.se\/norradalarna\/wp-json\/wp\/v2\/pages"}],"about":[{"href":"https:\/\/nyforetagarcentrum.se\/norradalarna\/wp-json\/wp\/v2\/types\/page"}],"author":[{"embeddable":true,"href":"https:\/\/nyforetagarcentrum.se\/norradalarna\/wp-json\/wp\/v2\/users\/53"}],"replies":[{"embeddable":true,"href":"https:\/\/nyforetagarcentrum.se\/norradalarna\/wp-json\/wp\/v2\/comments?post=875"}],"version-history":[{"count":15,"href":"https:\/\/nyforetagarcentrum.se\/norradalarna\/wp-json\/wp\/v2\/pages\/875\/revisions"}],"predecessor-version":[{"id":893,"href":"https:\/\/nyforetagarcentrum.se\/norradalarna\/wp-json\/wp\/v2\/pages\/875\/revisions\/893"}],"wp:attachment":[{"href":"https:\/\/nyforetagarcentrum.se\/norradalarna\/wp-json\/wp\/v2\/media?parent=875"}],"curies":[{"name":"wp","href":"https:\/\/api.w.org\/{rel}","templated":true}]}}