{"id":239,"date":"2024-02-29T13:59:39","date_gmt":"2024-02-29T12:59:39","guid":{"rendered":"https:\/\/nyforetagarcentrum.se\/norradalarna\/?page_id=239"},"modified":"2024-05-24T23:40:24","modified_gmt":"2024-05-24T21:40:24","slug":"vara-radgivare","status":"publish","type":"page","link":"https:\/\/nyforetagarcentrum.se\/norradalarna\/vara-radgivare\/","title":{"rendered":"V\u00e5ra r\u00e5dgivare"},"content":{"rendered":"<section  class=\"nfc-block-hero alignfull\">\n\n    <img loading=\"lazy\" decoding=\"async\" width=\"1476\" height=\"984\" src=\"https:\/\/nyforetagarcentrum.se\/norradalarna\/wp-content\/uploads\/sites\/43\/2024\/02\/Nyforetagare-ung-LOW.jpg\" class=\"attachment-landscape size-landscape\" alt=\"\" srcset=\"https:\/\/nyforetagarcentrum.se\/norradalarna\/wp-content\/uploads\/sites\/43\/2024\/02\/Nyforetagare-ung-LOW.jpg 1476w, https:\/\/nyforetagarcentrum.se\/norradalarna\/wp-content\/uploads\/sites\/43\/2024\/02\/Nyforetagare-ung-LOW-300x200.jpg 300w, https:\/\/nyforetagarcentrum.se\/norradalarna\/wp-content\/uploads\/sites\/43\/2024\/02\/Nyforetagare-ung-LOW-1024x683.jpg 1024w, https:\/\/nyforetagarcentrum.se\/norradalarna\/wp-content\/uploads\/sites\/43\/2024\/02\/Nyforetagare-ung-LOW-768x512.jpg 768w\" sizes=\"(max-width: 1476px) 100vw, 1476px\" \/>\n    <div class=\"contained\">\n        <h1 class=\"nfc-block-hero__heading\">V\u00e5ra r\u00e5dgivare<\/h1>\n\n            <\/div>\n<\/section>\n\n\n<div style=\"height:49px\" aria-hidden=\"true\" class=\"wp-block-spacer\"><\/div>\n\n\n<section  class=\"nfc-block-breadcrumbs\">\n    <div class=\"wrapper contained\">\n        <ol class=\"breadcrumbs\" itemscope itemtype=\"https:\/\/schema.org\/BreadcrumbList\">\n            <li itemprop=\"itemListElement\" itemscope itemtype=\"https:\/\/schema.org\/ListItem\">\n            \n\n                            <span class=\"current\" itemprop=\"name\">Hem<\/span>\n            \n            <meta itemprop=\"position\" content=\"1\" \/>\n        <\/li>\n    <\/ol>    <\/div>\n<\/section>\n\n\n<div style=\"height:100px\" aria-hidden=\"true\" class=\"wp-block-spacer\"><\/div>\n\n\n\n<div class=\"wp-block-columns alignfull is-layout-flex wp-container-core-columns-is-layout-3 wp-block-columns-is-layout-flex\">\n<div class=\"wp-block-column is-layout-constrained wp-block-column-is-layout-constrained\" style=\"flex-basis:50%\">\n<div class=\"wp-block-columns is-layout-flex wp-container-core-columns-is-layout-1 wp-block-columns-is-layout-flex\">\n<div class=\"wp-block-column is-layout-flow wp-block-column-is-layout-flow\" style=\"flex-basis:100%\">\n<figure class=\"wp-block-image size-large\"><img loading=\"lazy\" decoding=\"async\" width=\"769\" height=\"1024\" src=\"https:\/\/nyforetagarcentrum.se\/norradalarna\/wp-content\/uploads\/sites\/43\/2024\/05\/IMG_1511-769x1024.jpg\" alt=\"\" class=\"wp-image-441\" srcset=\"https:\/\/nyforetagarcentrum.se\/norradalarna\/wp-content\/uploads\/sites\/43\/2024\/05\/IMG_1511-769x1024.jpg 769w, https:\/\/nyforetagarcentrum.se\/norradalarna\/wp-content\/uploads\/sites\/43\/2024\/05\/IMG_1511-225x300.jpg 225w, https:\/\/nyforetagarcentrum.se\/norradalarna\/wp-content\/uploads\/sites\/43\/2024\/05\/IMG_1511-768x1022.jpg 768w, https:\/\/nyforetagarcentrum.se\/norradalarna\/wp-content\/uploads\/sites\/43\/2024\/05\/IMG_1511-1154x1536.jpg 1154w, https:\/\/nyforetagarcentrum.se\/norradalarna\/wp-content\/uploads\/sites\/43\/2024\/05\/IMG_1511-1539x2048.jpg 1539w, https:\/\/nyforetagarcentrum.se\/norradalarna\/wp-content\/uploads\/sites\/43\/2024\/05\/IMG_1511-811x1080.jpg 811w, https:\/\/nyforetagarcentrum.se\/norradalarna\/wp-content\/uploads\/sites\/43\/2024\/05\/IMG_1511-scaled.jpg 1923w\" sizes=\"(max-width: 769px) 100vw, 769px\" \/><figcaption class=\"wp-element-caption\">Katrin Halvarsson, Diplomperad R\u00e5dgivare<\/figcaption><\/figure>\n<\/div>\n<\/div>\n<\/div>\n\n\n\n<div class=\"wp-block-column is-layout-flow wp-block-column-is-layout-flow\" style=\"flex-basis:50%\">\n<div class=\"wp-block-columns is-layout-flex wp-container-core-columns-is-layout-2 wp-block-columns-is-layout-flex\">\n<div class=\"wp-block-column is-layout-flow wp-block-column-is-layout-flow\" style=\"flex-basis:100%\"><section  class=\"nfc-block-person_grid alignfull layout-large-no-image\">\n    <div class=\"contained\">\n        <div class=\"grid\">\n            <div class=\"person-large-card\">\n    <div class=\"content-wrapper\">\n        <h3>Katrin Halvarsson, R\u00e5dgivare och Verksamhetsledare<\/h3>\n\n                    <div class=\"excerpt\">\n                Jag har master i data- och systemvetenskap och en kandidat i ekonomi, \u00e4r certifierad verksamhetsutvecklare, styrelseledamot, verksamhetsmodellerare och p\u00e5g\u00e5ende inom transformerande ledarskap. Jag har erfarenhet av projektledning internationellt i globalt f\u00f6retag, systemutveckling, business control, redovisning, CFO, verksamhetsutveckling, systemimplementationer, ledarskap, mm, fr\u00e5n b\u00e5de industri- och tj\u00e4nstesektor. Jag driver tv\u00e5 f\u00f6retag, en enskild firma sedan \u00f6ver tio \u00e5r inom bes\u00f6ksn\u00e4ring och ett nybildat aktiebolag inom management consulting. <br \/>\r\nJag brinner f\u00f6r utveckling, l\u00f6nsamhet och tillv\u00e4xt och att st\u00f6tta andra att lyckas i det de f\u00f6retar sig. Det \u00e4r viktigt att lyssna, reflektera och st\u00e4lla fr\u00e5gor f\u00f6r att kunna ge r\u00e4tt st\u00f6d. Min l\u00e4ngre och bredare erfarenhet och n\u00e4tverket som str\u00e4cker sig \u00f6ver delar av Europa, \u00e4r f\u00f6r mig en ov\u00e4rderlig k\u00e4lla till kunskap och till f\u00f6rst\u00e5else f\u00f6r att olikheter inneb\u00e4r positiv dynamik.             <\/div>\n        \n        \n        <div class=\"links\">\n\n                            <a href=\"tel:+46 76 111 07 38\">\n                    +46 76 111 07 38                <\/a>\n            \n                            <a href=\"mailto:norradalarna@nyforetagarcentrum.se\">\n                    norradalarna@nyforetagarcentrum.se                <\/a>\n                    <\/div>\n        \n    <\/div>\n<\/div>        <\/div>\n    <\/div>\n<\/section><\/div>\n<\/div>\n\n\n\n<div style=\"height:151px\" aria-hidden=\"true\" class=\"wp-block-spacer\"><\/div>\n\n\n\n<figure class=\"wp-block-image size-full is-resized\"><img loading=\"lazy\" decoding=\"async\" width=\"287\" height=\"164\" src=\"https:\/\/nyforetagarcentrum.se\/norradalarna\/wp-content\/uploads\/sites\/43\/2024\/05\/diplomerad_KatrinHalvarsson.jpg\" alt=\"\" class=\"wp-image-440\" style=\"width:221px;height:auto\" \/><\/figure>\n<\/div>\n<\/div>\n\n\n\n<div style=\"height:100px\" aria-hidden=\"true\" class=\"wp-block-spacer\"><\/div>\n","protected":false},"excerpt":{"rendered":"","protected":false},"author":1,"featured_media":0,"parent":0,"menu_order":0,"comment_status":"closed","ping_status":"closed","template":"","meta":{"footnotes":""},"acf":[],"yoast_head":"<!-- This site is optimized with the Yoast SEO plugin v22.9 - https:\/\/yoast.com\/wordpress\/plugins\/seo\/ -->\n<title>V\u00e5ra r\u00e5dgivare - Norra Dalarna<\/title>\n<meta name=\"robots\" content=\"index, follow, max-snippet:-1, max-image-preview:large, max-video-preview:-1\" \/>\n<link rel=\"canonical\" href=\"https:\/\/nyforetagarcentrum.se\/norradalarna\/vara-radgivare\/\" \/>\n<meta property=\"og:locale\" content=\"sv_SE\" \/>\n<meta property=\"og:type\" content=\"article\" \/>\n<meta property=\"og:title\" content=\"V\u00e5ra r\u00e5dgivare - Norra Dalarna\" \/>\n<meta property=\"og:url\" content=\"https:\/\/nyforetagarcentrum.se\/norradalarna\/vara-radgivare\/\" \/>\n<meta property=\"og:site_name\" content=\"Norra Dalarna\" \/>\n<meta property=\"article:modified_time\" content=\"2024-05-24T21:40:24+00:00\" \/>\n<meta property=\"og:image\" content=\"https:\/\/nyforetagarcentrum.se\/norradalarna\/wp-content\/uploads\/sites\/43\/2024\/05\/IMG_1511-769x1024.jpg\" \/>\n<meta name=\"twitter:card\" content=\"summary_large_image\" \/>\n<script type=\"application\/ld+json\" class=\"yoast-schema-graph\">{\"@context\":\"https:\/\/schema.org\",\"@graph\":[{\"@type\":\"WebPage\",\"@id\":\"https:\/\/nyforetagarcentrum.se\/norradalarna\/vara-radgivare\/\",\"url\":\"https:\/\/nyforetagarcentrum.se\/norradalarna\/vara-radgivare\/\",\"name\":\"V\u00e5ra r\u00e5dgivare - Norra Dalarna\",\"isPartOf\":{\"@id\":\"https:\/\/nyforetagarcentrum.se\/norradalarna\/#website\"},\"primaryImageOfPage\":{\"@id\":\"https:\/\/nyforetagarcentrum.se\/norradalarna\/vara-radgivare\/#primaryimage\"},\"image\":{\"@id\":\"https:\/\/nyforetagarcentrum.se\/norradalarna\/vara-radgivare\/#primaryimage\"},\"thumbnailUrl\":\"https:\/\/nyforetagarcentrum.se\/norradalarna\/wp-content\/uploads\/sites\/43\/2024\/05\/IMG_1511-769x1024.jpg\",\"datePublished\":\"2024-02-29T12:59:39+00:00\",\"dateModified\":\"2024-05-24T21:40:24+00:00\",\"breadcrumb\":{\"@id\":\"https:\/\/nyforetagarcentrum.se\/norradalarna\/vara-radgivare\/#breadcrumb\"},\"inLanguage\":\"sv-SE\",\"potentialAction\":[{\"@type\":\"ReadAction\",\"target\":[\"https:\/\/nyforetagarcentrum.se\/norradalarna\/vara-radgivare\/\"]}]},{\"@type\":\"ImageObject\",\"inLanguage\":\"sv-SE\",\"@id\":\"https:\/\/nyforetagarcentrum.se\/norradalarna\/vara-radgivare\/#primaryimage\",\"url\":\"https:\/\/nyforetagarcentrum.se\/norradalarna\/wp-content\/uploads\/sites\/43\/2024\/05\/IMG_1511-scaled.jpg\",\"contentUrl\":\"https:\/\/nyforetagarcentrum.se\/norradalarna\/wp-content\/uploads\/sites\/43\/2024\/05\/IMG_1511-scaled.jpg\",\"width\":1923,\"height\":2560,\"caption\":\"Katrin Halvarsson, Diplomperad R\u00e5dgivare\"},{\"@type\":\"BreadcrumbList\",\"@id\":\"https:\/\/nyforetagarcentrum.se\/norradalarna\/vara-radgivare\/#breadcrumb\",\"itemListElement\":[{\"@type\":\"ListItem\",\"position\":1,\"name\":\"Hem\",\"item\":\"https:\/\/nyforetagarcentrum.se\/norradalarna\/\"},{\"@type\":\"ListItem\",\"position\":2,\"name\":\"V\u00e5ra r\u00e5dgivare\"}]},{\"@type\":\"WebSite\",\"@id\":\"https:\/\/nyforetagarcentrum.se\/norradalarna\/#website\",\"url\":\"https:\/\/nyforetagarcentrum.se\/norradalarna\/\",\"name\":\"Norra Dalarna\",\"description\":\"Sveriges ledande kraft f\u00f6r fler nya livskraftiga f\u00f6retag\",\"publisher\":{\"@id\":\"https:\/\/nyforetagarcentrum.se\/norradalarna\/#organization\"},\"potentialAction\":[{\"@type\":\"SearchAction\",\"target\":{\"@type\":\"EntryPoint\",\"urlTemplate\":\"https:\/\/nyforetagarcentrum.se\/norradalarna\/?s={search_term_string}\"},\"query-input\":\"required name=search_term_string\"}],\"inLanguage\":\"sv-SE\"},{\"@type\":\"Organization\",\"@id\":\"https:\/\/nyforetagarcentrum.se\/norradalarna\/#organization\",\"name\":\"Norra Dalarna\",\"url\":\"https:\/\/nyforetagarcentrum.se\/norradalarna\/\",\"logo\":{\"@type\":\"ImageObject\",\"inLanguage\":\"sv-SE\",\"@id\":\"https:\/\/nyforetagarcentrum.se\/norradalarna\/#\/schema\/logo\/image\/\",\"url\":\"https:\/\/nyforetagarcentrum.se\/norradalarna\/wp-content\/uploads\/sites\/43\/2024\/04\/Norra-dalarna.png\",\"contentUrl\":\"https:\/\/nyforetagarcentrum.se\/norradalarna\/wp-content\/uploads\/sites\/43\/2024\/04\/Norra-dalarna.png\",\"width\":1082,\"height\":542,\"caption\":\"Norra Dalarna\"},\"image\":{\"@id\":\"https:\/\/nyforetagarcentrum.se\/norradalarna\/#\/schema\/logo\/image\/\"}}]}<\/script>\n<!-- \/ Yoast SEO plugin. -->","yoast_head_json":{"title":"V\u00e5ra r\u00e5dgivare - Norra Dalarna","robots":{"index":"index","follow":"follow","max-snippet":"max-snippet:-1","max-image-preview":"max-image-preview:large","max-video-preview":"max-video-preview:-1"},"canonical":"https:\/\/nyforetagarcentrum.se\/norradalarna\/vara-radgivare\/","og_locale":"sv_SE","og_type":"article","og_title":"V\u00e5ra r\u00e5dgivare - Norra Dalarna","og_url":"https:\/\/nyforetagarcentrum.se\/norradalarna\/vara-radgivare\/","og_site_name":"Norra Dalarna","article_modified_time":"2024-05-24T21:40:24+00:00","og_image":[{"url":"https:\/\/nyforetagarcentrum.se\/norradalarna\/wp-content\/uploads\/sites\/43\/2024\/05\/IMG_1511-769x1024.jpg"}],"twitter_card":"summary_large_image","schema":{"@context":"https:\/\/schema.org","@graph":[{"@type":"WebPage","@id":"https:\/\/nyforetagarcentrum.se\/norradalarna\/vara-radgivare\/","url":"https:\/\/nyforetagarcentrum.se\/norradalarna\/vara-radgivare\/","name":"V\u00e5ra r\u00e5dgivare - Norra Dalarna","isPartOf":{"@id":"https:\/\/nyforetagarcentrum.se\/norradalarna\/#website"},"primaryImageOfPage":{"@id":"https:\/\/nyforetagarcentrum.se\/norradalarna\/vara-radgivare\/#primaryimage"},"image":{"@id":"https:\/\/nyforetagarcentrum.se\/norradalarna\/vara-radgivare\/#primaryimage"},"thumbnailUrl":"https:\/\/nyforetagarcentrum.se\/norradalarna\/wp-content\/uploads\/sites\/43\/2024\/05\/IMG_1511-769x1024.jpg","datePublished":"2024-02-29T12:59:39+00:00","dateModified":"2024-05-24T21:40:24+00:00","breadcrumb":{"@id":"https:\/\/nyforetagarcentrum.se\/norradalarna\/vara-radgivare\/#breadcrumb"},"inLanguage":"sv-SE","potentialAction":[{"@type":"ReadAction","target":["https:\/\/nyforetagarcentrum.se\/norradalarna\/vara-radgivare\/"]}]},{"@type":"ImageObject","inLanguage":"sv-SE","@id":"https:\/\/nyforetagarcentrum.se\/norradalarna\/vara-radgivare\/#primaryimage","url":"https:\/\/nyforetagarcentrum.se\/norradalarna\/wp-content\/uploads\/sites\/43\/2024\/05\/IMG_1511-scaled.jpg","contentUrl":"https:\/\/nyforetagarcentrum.se\/norradalarna\/wp-content\/uploads\/sites\/43\/2024\/05\/IMG_1511-scaled.jpg","width":1923,"height":2560,"caption":"Katrin Halvarsson, Diplomperad R\u00e5dgivare"},{"@type":"BreadcrumbList","@id":"https:\/\/nyforetagarcentrum.se\/norradalarna\/vara-radgivare\/#breadcrumb","itemListElement":[{"@type":"ListItem","position":1,"name":"Hem","item":"https:\/\/nyforetagarcentrum.se\/norradalarna\/"},{"@type":"ListItem","position":2,"name":"V\u00e5ra r\u00e5dgivare"}]},{"@type":"WebSite","@id":"https:\/\/nyforetagarcentrum.se\/norradalarna\/#website","url":"https:\/\/nyforetagarcentrum.se\/norradalarna\/","name":"Norra Dalarna","description":"Sveriges ledande kraft f\u00f6r fler nya livskraftiga f\u00f6retag","publisher":{"@id":"https:\/\/nyforetagarcentrum.se\/norradalarna\/#organization"},"potentialAction":[{"@type":"SearchAction","target":{"@type":"EntryPoint","urlTemplate":"https:\/\/nyforetagarcentrum.se\/norradalarna\/?s={search_term_string}"},"query-input":"required name=search_term_string"}],"inLanguage":"sv-SE"},{"@type":"Organization","@id":"https:\/\/nyforetagarcentrum.se\/norradalarna\/#organization","name":"Norra Dalarna","url":"https:\/\/nyforetagarcentrum.se\/norradalarna\/","logo":{"@type":"ImageObject","inLanguage":"sv-SE","@id":"https:\/\/nyforetagarcentrum.se\/norradalarna\/#\/schema\/logo\/image\/","url":"https:\/\/nyforetagarcentrum.se\/norradalarna\/wp-content\/uploads\/sites\/43\/2024\/04\/Norra-dalarna.png","contentUrl":"https:\/\/nyforetagarcentrum.se\/norradalarna\/wp-content\/uploads\/sites\/43\/2024\/04\/Norra-dalarna.png","width":1082,"height":542,"caption":"Norra Dalarna"},"image":{"@id":"https:\/\/nyforetagarcentrum.se\/norradalarna\/#\/schema\/logo\/image\/"}}]}},"_links":{"self":[{"href":"https:\/\/nyforetagarcentrum.se\/norradalarna\/wp-json\/wp\/v2\/pages\/239"}],"collection":[{"href":"https:\/\/nyforetagarcentrum.se\/norradalarna\/wp-json\/wp\/v2\/pages"}],"about":[{"href":"https:\/\/nyforetagarcentrum.se\/norradalarna\/wp-json\/wp\/v2\/types\/page"}],"author":[{"embeddable":true,"href":"https:\/\/nyforetagarcentrum.se\/norradalarna\/wp-json\/wp\/v2\/users\/1"}],"replies":[{"embeddable":true,"href":"https:\/\/nyforetagarcentrum.se\/norradalarna\/wp-json\/wp\/v2\/comments?post=239"}],"version-history":[{"count":8,"href":"https:\/\/nyforetagarcentrum.se\/norradalarna\/wp-json\/wp\/v2\/pages\/239\/revisions"}],"predecessor-version":[{"id":663,"href":"https:\/\/nyforetagarcentrum.se\/norradalarna\/wp-json\/wp\/v2\/pages\/239\/revisions\/663"}],"wp:attachment":[{"href":"https:\/\/nyforetagarcentrum.se\/norradalarna\/wp-json\/wp\/v2\/media?parent=239"}],"curies":[{"name":"wp","href":"https:\/\/api.w.org\/{rel}","templated":true}]}}