{"id":164,"date":"2024-02-27T16:05:17","date_gmt":"2024-02-27T15:05:17","guid":{"rendered":"https:\/\/nyforetagarcentrum.se\/norradalarna\/?page_id=164"},"modified":"2024-03-12T14:11:34","modified_gmt":"2024-03-12T13:11:34","slug":"var-styrelse","status":"publish","type":"page","link":"https:\/\/nyforetagarcentrum.se\/norradalarna\/var-styrelse\/","title":{"rendered":"V\u00e5r styrelse"},"content":{"rendered":"<section  class=\"nfc-block-hero alignfull\">\n\n    <img loading=\"lazy\" decoding=\"async\" width=\"1476\" height=\"984\" src=\"https:\/\/nyforetagarcentrum.se\/norradalarna\/wp-content\/uploads\/sites\/43\/2024\/02\/Nyforetagare-kultur-LOW.jpg\" class=\"attachment-landscape size-landscape\" alt=\"\" srcset=\"https:\/\/nyforetagarcentrum.se\/norradalarna\/wp-content\/uploads\/sites\/43\/2024\/02\/Nyforetagare-kultur-LOW.jpg 1476w, https:\/\/nyforetagarcentrum.se\/norradalarna\/wp-content\/uploads\/sites\/43\/2024\/02\/Nyforetagare-kultur-LOW-300x200.jpg 300w, https:\/\/nyforetagarcentrum.se\/norradalarna\/wp-content\/uploads\/sites\/43\/2024\/02\/Nyforetagare-kultur-LOW-1024x683.jpg 1024w, https:\/\/nyforetagarcentrum.se\/norradalarna\/wp-content\/uploads\/sites\/43\/2024\/02\/Nyforetagare-kultur-LOW-768x512.jpg 768w\" sizes=\"(max-width: 1476px) 100vw, 1476px\" \/>\n    <div class=\"contained\">\n        <h1 class=\"nfc-block-hero__heading\">V\u00e5r styrelse<\/h1>\n\n            <\/div>\n<\/section>\n\n\n<div style=\"height:50px\" aria-hidden=\"true\" class=\"wp-block-spacer\"><\/div>\n\n\n<section  class=\"nfc-block-breadcrumbs\">\n    <div class=\"wrapper contained\">\n        <ol class=\"breadcrumbs\" itemscope itemtype=\"https:\/\/schema.org\/BreadcrumbList\">\n            <li itemprop=\"itemListElement\" itemscope itemtype=\"https:\/\/schema.org\/ListItem\">\n            \n\n                            <span class=\"current\" itemprop=\"name\">Hem<\/span>\n            \n            <meta itemprop=\"position\" content=\"1\" \/>\n        <\/li>\n    <\/ol>    <\/div>\n<\/section>\n\n<section  class=\"nfc-block-person_grid alignwide layout-large-no-image\">\n    <div class=\"contained\">\n        <div class=\"grid\">\n            <div class=\"person-large-card\">\n    <div class=\"content-wrapper\">\n        <h3>Linn L\u00f6fman, Styrelseledamot<\/h3>\n\n                    <div class=\"excerpt\">\n                Linn L\u00f6fman, N\u00e4ringslivsutvecklare Orsa kommun            <\/div>\n        \n        \n        <div class=\"links\">\n\n                            <a href=\"tel:+46 250 55 22 55\">\n                    +46 250 55 22 55                <\/a>\n            \n                            <a href=\"mailto:linn.lofman@orsa.se\">\n                    linn.lofman@orsa.se                <\/a>\n                    <\/div>\n        \n    <\/div>\n<\/div><div class=\"person-large-card\">\n    <div class=\"content-wrapper\">\n        <h3>Victoria \u00c5kerstr\u00f6m, Vice styrelseordf\u00f6rande<\/h3>\n\n                    <div class=\"excerpt\">\n                Victoria \u00c5kerstr\u00f6m, N\u00e4ringslivsenheten \u00c4lvdalens kommun (\u00c4lvdaelien tj\u00efelte)            <\/div>\n        \n        \n        <div class=\"links\">\n\n                            <a href=\"tel:+46 251 312 04\">\n                    +46 251 312 04                <\/a>\n            \n                            <a href=\"mailto:victoria.akerstrom@alvdalen.se\">\n                    victoria.akerstrom@alvdalen.se                <\/a>\n                    <\/div>\n        \n    <\/div>\n<\/div><div class=\"person-large-card\">\n    <div class=\"content-wrapper\">\n        <h3>Andreas Pettersson, Styrelseledamot<\/h3>\n\n                    <div class=\"excerpt\">\n                Andreas Pettersson, Kundutvecklare LF Dalarnas Mora            <\/div>\n        \n        \n        <div class=\"links\">\n\n                            <a href=\"tel:+46 23 930 00\">\n                    +46 23 930 00                <\/a>\n            \n                            <a href=\"mailto:andreas.pettersson@dalarnas.se\">\n                    andreas.pettersson@dalarnas.se                <\/a>\n                    <\/div>\n        \n    <\/div>\n<\/div><div class=\"person-large-card\">\n    <div class=\"content-wrapper\">\n        <h3>Oskar Lundgren, Styrelseledamot<\/h3>\n\n                    <div class=\"excerpt\">\n                Oskar Lundgren, N\u00e4ringslivschef Vansbro kommun            <\/div>\n        \n        \n        <div class=\"links\">\n\n                            <a href=\"tel:+46 281 752 54\">\n                    +46 281 752 54                <\/a>\n            \n                            <a href=\"mailto:oskar.lundgren@vansbro.se\">\n                    oskar.lundgren@vansbro.se                <\/a>\n                    <\/div>\n        \n    <\/div>\n<\/div><div class=\"person-large-card\">\n    <div class=\"content-wrapper\">\n        <h3>Karin Eriksson, Styrelseledamot<\/h3>\n\n                    <div class=\"excerpt\">\n                Karin Eriksson, N\u00e4ringslivsutvecklare, N\u00e4ringslivs- och samh\u00e4llsplaneringsenheten Mora kommun            <\/div>\n        \n        \n        <div class=\"links\">\n\n                            <a href=\"tel:+46 250 260 96\">\n                    +46 250 260 96                <\/a>\n            \n                            <a href=\"mailto:karin.eriksson4@mora.se\">\n                    karin.eriksson4@mora.se                <\/a>\n                    <\/div>\n        \n    <\/div>\n<\/div><div class=\"person-large-card\">\n    <div class=\"content-wrapper\">\n        <h3>Mikael \u00d6stling, Styrelseledamot<\/h3>\n\n                    <div class=\"excerpt\">\n                Mikael \u00d6stling, kommunalr\u00e5d Malung-S\u00e4lens kommun            <\/div>\n        \n        \n        <div class=\"links\">\n\n                            <a href=\"tel:+46 280 181 31\">\n                    +46 280 181 31                <\/a>\n            \n                            <a href=\"mailto:mikael.ostling@malung-salen.se\">\n                    mikael.ostling@malung-salen.se                <\/a>\n                    <\/div>\n        \n    <\/div>\n<\/div><div class=\"person-large-card\">\n    <div class=\"content-wrapper\">\n        <h3>Kurt Podgorsk, Styrelseordf\u00f6rande<\/h3>\n\n                    <div class=\"excerpt\">\n                Kurt Podgorski            <\/div>\n        \n        \n        <div class=\"links\">\n\n                            <a href=\"tel:+46 70 573 34 52\">\n                    +46 70 573 34 52                <\/a>\n            \n                            <a href=\"mailto:kurt.podgorski@malung-salen.se\">\n                    kurt.podgorski@malung-salen.se                <\/a>\n                    <\/div>\n        \n    <\/div>\n<\/div>        <\/div>\n    <\/div>\n<\/section>\n\n\n<div style=\"height:100px\" aria-hidden=\"true\" class=\"wp-block-spacer\"><\/div>\n","protected":false},"excerpt":{"rendered":"","protected":false},"author":1,"featured_media":0,"parent":0,"menu_order":0,"comment_status":"closed","ping_status":"closed","template":"","meta":{"footnotes":""},"acf":[],"yoast_head":"<!-- This site is optimized with the Yoast SEO plugin v22.9 - https:\/\/yoast.com\/wordpress\/plugins\/seo\/ -->\n<title>V\u00e5r styrelse - Norra Dalarna<\/title>\n<meta name=\"robots\" content=\"index, follow, max-snippet:-1, max-image-preview:large, max-video-preview:-1\" \/>\n<link rel=\"canonical\" href=\"https:\/\/nyforetagarcentrum.se\/norradalarna\/var-styrelse\/\" \/>\n<meta property=\"og:locale\" content=\"sv_SE\" \/>\n<meta property=\"og:type\" content=\"article\" \/>\n<meta property=\"og:title\" content=\"V\u00e5r styrelse - Norra Dalarna\" \/>\n<meta property=\"og:url\" content=\"https:\/\/nyforetagarcentrum.se\/norradalarna\/var-styrelse\/\" \/>\n<meta property=\"og:site_name\" content=\"Norra Dalarna\" \/>\n<meta property=\"article:modified_time\" content=\"2024-03-12T13:11:34+00:00\" \/>\n<meta name=\"twitter:card\" content=\"summary_large_image\" \/>\n<script type=\"application\/ld+json\" class=\"yoast-schema-graph\">{\"@context\":\"https:\/\/schema.org\",\"@graph\":[{\"@type\":\"WebPage\",\"@id\":\"https:\/\/nyforetagarcentrum.se\/norradalarna\/var-styrelse\/\",\"url\":\"https:\/\/nyforetagarcentrum.se\/norradalarna\/var-styrelse\/\",\"name\":\"V\u00e5r styrelse - Norra Dalarna\",\"isPartOf\":{\"@id\":\"https:\/\/nyforetagarcentrum.se\/norradalarna\/#website\"},\"datePublished\":\"2024-02-27T15:05:17+00:00\",\"dateModified\":\"2024-03-12T13:11:34+00:00\",\"breadcrumb\":{\"@id\":\"https:\/\/nyforetagarcentrum.se\/norradalarna\/var-styrelse\/#breadcrumb\"},\"inLanguage\":\"sv-SE\",\"potentialAction\":[{\"@type\":\"ReadAction\",\"target\":[\"https:\/\/nyforetagarcentrum.se\/norradalarna\/var-styrelse\/\"]}]},{\"@type\":\"BreadcrumbList\",\"@id\":\"https:\/\/nyforetagarcentrum.se\/norradalarna\/var-styrelse\/#breadcrumb\",\"itemListElement\":[{\"@type\":\"ListItem\",\"position\":1,\"name\":\"Hem\",\"item\":\"https:\/\/nyforetagarcentrum.se\/norradalarna\/\"},{\"@type\":\"ListItem\",\"position\":2,\"name\":\"V\u00e5r styrelse\"}]},{\"@type\":\"WebSite\",\"@id\":\"https:\/\/nyforetagarcentrum.se\/norradalarna\/#website\",\"url\":\"https:\/\/nyforetagarcentrum.se\/norradalarna\/\",\"name\":\"Norra Dalarna\",\"description\":\"Sveriges ledande kraft f\u00f6r fler nya livskraftiga f\u00f6retag\",\"publisher\":{\"@id\":\"https:\/\/nyforetagarcentrum.se\/norradalarna\/#organization\"},\"potentialAction\":[{\"@type\":\"SearchAction\",\"target\":{\"@type\":\"EntryPoint\",\"urlTemplate\":\"https:\/\/nyforetagarcentrum.se\/norradalarna\/?s={search_term_string}\"},\"query-input\":\"required name=search_term_string\"}],\"inLanguage\":\"sv-SE\"},{\"@type\":\"Organization\",\"@id\":\"https:\/\/nyforetagarcentrum.se\/norradalarna\/#organization\",\"name\":\"Norra Dalarna\",\"url\":\"https:\/\/nyforetagarcentrum.se\/norradalarna\/\",\"logo\":{\"@type\":\"ImageObject\",\"inLanguage\":\"sv-SE\",\"@id\":\"https:\/\/nyforetagarcentrum.se\/norradalarna\/#\/schema\/logo\/image\/\",\"url\":\"https:\/\/nyforetagarcentrum.se\/norradalarna\/wp-content\/uploads\/sites\/43\/2024\/04\/Norra-dalarna.png\",\"contentUrl\":\"https:\/\/nyforetagarcentrum.se\/norradalarna\/wp-content\/uploads\/sites\/43\/2024\/04\/Norra-dalarna.png\",\"width\":1082,\"height\":542,\"caption\":\"Norra Dalarna\"},\"image\":{\"@id\":\"https:\/\/nyforetagarcentrum.se\/norradalarna\/#\/schema\/logo\/image\/\"}}]}<\/script>\n<!-- \/ Yoast SEO plugin. -->","yoast_head_json":{"title":"V\u00e5r styrelse - Norra Dalarna","robots":{"index":"index","follow":"follow","max-snippet":"max-snippet:-1","max-image-preview":"max-image-preview:large","max-video-preview":"max-video-preview:-1"},"canonical":"https:\/\/nyforetagarcentrum.se\/norradalarna\/var-styrelse\/","og_locale":"sv_SE","og_type":"article","og_title":"V\u00e5r styrelse - Norra Dalarna","og_url":"https:\/\/nyforetagarcentrum.se\/norradalarna\/var-styrelse\/","og_site_name":"Norra Dalarna","article_modified_time":"2024-03-12T13:11:34+00:00","twitter_card":"summary_large_image","schema":{"@context":"https:\/\/schema.org","@graph":[{"@type":"WebPage","@id":"https:\/\/nyforetagarcentrum.se\/norradalarna\/var-styrelse\/","url":"https:\/\/nyforetagarcentrum.se\/norradalarna\/var-styrelse\/","name":"V\u00e5r styrelse - Norra Dalarna","isPartOf":{"@id":"https:\/\/nyforetagarcentrum.se\/norradalarna\/#website"},"datePublished":"2024-02-27T15:05:17+00:00","dateModified":"2024-03-12T13:11:34+00:00","breadcrumb":{"@id":"https:\/\/nyforetagarcentrum.se\/norradalarna\/var-styrelse\/#breadcrumb"},"inLanguage":"sv-SE","potentialAction":[{"@type":"ReadAction","target":["https:\/\/nyforetagarcentrum.se\/norradalarna\/var-styrelse\/"]}]},{"@type":"BreadcrumbList","@id":"https:\/\/nyforetagarcentrum.se\/norradalarna\/var-styrelse\/#breadcrumb","itemListElement":[{"@type":"ListItem","position":1,"name":"Hem","item":"https:\/\/nyforetagarcentrum.se\/norradalarna\/"},{"@type":"ListItem","position":2,"name":"V\u00e5r styrelse"}]},{"@type":"WebSite","@id":"https:\/\/nyforetagarcentrum.se\/norradalarna\/#website","url":"https:\/\/nyforetagarcentrum.se\/norradalarna\/","name":"Norra Dalarna","description":"Sveriges ledande kraft f\u00f6r fler nya livskraftiga f\u00f6retag","publisher":{"@id":"https:\/\/nyforetagarcentrum.se\/norradalarna\/#organization"},"potentialAction":[{"@type":"SearchAction","target":{"@type":"EntryPoint","urlTemplate":"https:\/\/nyforetagarcentrum.se\/norradalarna\/?s={search_term_string}"},"query-input":"required name=search_term_string"}],"inLanguage":"sv-SE"},{"@type":"Organization","@id":"https:\/\/nyforetagarcentrum.se\/norradalarna\/#organization","name":"Norra Dalarna","url":"https:\/\/nyforetagarcentrum.se\/norradalarna\/","logo":{"@type":"ImageObject","inLanguage":"sv-SE","@id":"https:\/\/nyforetagarcentrum.se\/norradalarna\/#\/schema\/logo\/image\/","url":"https:\/\/nyforetagarcentrum.se\/norradalarna\/wp-content\/uploads\/sites\/43\/2024\/04\/Norra-dalarna.png","contentUrl":"https:\/\/nyforetagarcentrum.se\/norradalarna\/wp-content\/uploads\/sites\/43\/2024\/04\/Norra-dalarna.png","width":1082,"height":542,"caption":"Norra Dalarna"},"image":{"@id":"https:\/\/nyforetagarcentrum.se\/norradalarna\/#\/schema\/logo\/image\/"}}]}},"_links":{"self":[{"href":"https:\/\/nyforetagarcentrum.se\/norradalarna\/wp-json\/wp\/v2\/pages\/164"}],"collection":[{"href":"https:\/\/nyforetagarcentrum.se\/norradalarna\/wp-json\/wp\/v2\/pages"}],"about":[{"href":"https:\/\/nyforetagarcentrum.se\/norradalarna\/wp-json\/wp\/v2\/types\/page"}],"author":[{"embeddable":true,"href":"https:\/\/nyforetagarcentrum.se\/norradalarna\/wp-json\/wp\/v2\/users\/1"}],"replies":[{"embeddable":true,"href":"https:\/\/nyforetagarcentrum.se\/norradalarna\/wp-json\/wp\/v2\/comments?post=164"}],"version-history":[{"count":15,"href":"https:\/\/nyforetagarcentrum.se\/norradalarna\/wp-json\/wp\/v2\/pages\/164\/revisions"}],"predecessor-version":[{"id":940,"href":"https:\/\/nyforetagarcentrum.se\/norradalarna\/wp-json\/wp\/v2\/pages\/164\/revisions\/940"}],"wp:attachment":[{"href":"https:\/\/nyforetagarcentrum.se\/norradalarna\/wp-json\/wp\/v2\/media?parent=164"}],"curies":[{"name":"wp","href":"https:\/\/api.w.org\/{rel}","templated":true}]}}