{"id":48,"date":"2024-02-22T10:29:05","date_gmt":"2024-02-22T09:29:05","guid":{"rendered":"https:\/\/nyforetagarcentrum.se\/norduppland\/?page_id=48"},"modified":"2025-04-02T10:01:13","modified_gmt":"2025-04-02T08:01:13","slug":"erbjudanden","status":"publish","type":"page","link":"https:\/\/nyforetagarcentrum.se\/norduppland\/erbjudanden\/","title":{"rendered":"Erbjudanden"},"content":{"rendered":"<section  class=\"nfc-block-hero alignfull\">\n\n    <img loading=\"lazy\" decoding=\"async\" width=\"1512\" height=\"745\" src=\"https:\/\/nyforetagarcentrum.se\/norduppland\/wp-content\/uploads\/sites\/8\/2024\/02\/Topp-banner-2.png\" class=\"attachment-landscape size-landscape\" alt=\"\" srcset=\"https:\/\/nyforetagarcentrum.se\/norduppland\/wp-content\/uploads\/sites\/8\/2024\/02\/Topp-banner-2.png 1512w, https:\/\/nyforetagarcentrum.se\/norduppland\/wp-content\/uploads\/sites\/8\/2024\/02\/Topp-banner-2-300x148.png 300w, https:\/\/nyforetagarcentrum.se\/norduppland\/wp-content\/uploads\/sites\/8\/2024\/02\/Topp-banner-2-1024x505.png 1024w, https:\/\/nyforetagarcentrum.se\/norduppland\/wp-content\/uploads\/sites\/8\/2024\/02\/Topp-banner-2-768x378.png 768w\" sizes=\"(max-width: 1512px) 100vw, 1512px\" \/>\n    <div class=\"contained\">\n        <h1 class=\"nfc-block-hero__heading\">V\u00e5ra erbjudanden till dig som \u00e4r f\u00f6retagare<\/h1>\n\n            <\/div>\n<\/section>\n\n\n<div style=\"height:50px\" aria-hidden=\"true\" class=\"wp-block-spacer\"><\/div>\n\n\n<section  class=\"nfc-block-breadcrumbs alignwide\">\n    <div class=\"wrapper contained\">\n        <ol class=\"breadcrumbs\" itemscope itemtype=\"https:\/\/schema.org\/BreadcrumbList\">\n            <li itemprop=\"itemListElement\" itemscope itemtype=\"https:\/\/schema.org\/ListItem\">\n            \n\n                            <span class=\"current\" itemprop=\"name\">Hem<\/span>\n            \n            <meta itemprop=\"position\" content=\"1\" \/>\n        <\/li>\n    <\/ol>    <\/div>\n<\/section>\n\n\n<h2 class=\"wp-block-heading alignwide has-x-large-font-size\">Ta del av exklusiva erbjudanden<\/h2>\n\n\n<section  class=\"nfc-block-offer_grid alignwide layout-small\">\n    <div class=\"contained\">\n\n        <div class=\"filter-row\">\n            \n                            <button id=\"local-offers-button\">\n                    Lokala partners\n                <\/button>\n                <button id=\"national-offers-button\" class=\"outlined\">\n                    Nationella partners\n                <\/button>\n                    <\/div>\n\n        <div class=\"grid\" id=\"offers-grid\">\n            <div class=\"offer-card\">\n\n    <div class=\"gallery-wrapper\">\n                    <div class=\"selected-media\">\n                                    <img loading=\"lazy\" decoding=\"async\" width=\"1024\" height=\"683\" src=\"https:\/\/nyforetagarcentrum.se\/norduppland\/wp-content\/uploads\/sites\/8\/2024\/02\/Natverk-seminarium-LOW-1024x683.jpg\" class=\"attachment-large size-large\" alt=\"\" srcset=\"https:\/\/nyforetagarcentrum.se\/norduppland\/wp-content\/uploads\/sites\/8\/2024\/02\/Natverk-seminarium-LOW-1024x683.jpg 1024w, https:\/\/nyforetagarcentrum.se\/norduppland\/wp-content\/uploads\/sites\/8\/2024\/02\/Natverk-seminarium-LOW-300x200.jpg 300w, https:\/\/nyforetagarcentrum.se\/norduppland\/wp-content\/uploads\/sites\/8\/2024\/02\/Natverk-seminarium-LOW-768x512.jpg 768w, https:\/\/nyforetagarcentrum.se\/norduppland\/wp-content\/uploads\/sites\/8\/2024\/02\/Natverk-seminarium-LOW.jpg 1476w\" sizes=\"(max-width: 1024px) 100vw, 1024px\" \/>                            <\/div>\n        \n            <\/div>\n\n\n    <div class=\"content-wrapper\">\n                    <div class=\"logo-wrapper\">\n                <img loading=\"lazy\" decoding=\"async\" width=\"300\" height=\"36\" src=\"https:\/\/nyforetagarcentrum.se\/norduppland\/wp-content\/uploads\/sites\/8\/2025\/05\/image001-300x36.png\" class=\"attachment-medium size-medium\" alt=\"\" srcset=\"https:\/\/nyforetagarcentrum.se\/norduppland\/wp-content\/uploads\/sites\/8\/2025\/05\/image001-300x36.png 300w, https:\/\/nyforetagarcentrum.se\/norduppland\/wp-content\/uploads\/sites\/8\/2025\/05\/image001-1024x124.png 1024w, https:\/\/nyforetagarcentrum.se\/norduppland\/wp-content\/uploads\/sites\/8\/2025\/05\/image001-768x93.png 768w, https:\/\/nyforetagarcentrum.se\/norduppland\/wp-content\/uploads\/sites\/8\/2025\/05\/image001-1536x186.png 1536w, https:\/\/nyforetagarcentrum.se\/norduppland\/wp-content\/uploads\/sites\/8\/2025\/05\/image001-2048x249.png 2048w, https:\/\/nyforetagarcentrum.se\/norduppland\/wp-content\/uploads\/sites\/8\/2025\/05\/image001-1920x233.png 1920w\" sizes=\"(max-width: 300px) 100vw, 300px\" \/>            <\/div>\n        \n        <h3>V\u00e5r samarbetspartner, F\u00f6retagarbyr\u00e5n, bjuder in till\u201d Framg\u00e5ngsplanen 2026\u201d en kostnadsfri digital utvecklingsvecka den 17-21 november. Hoppas du har m\u00f6jlighet att vara med!<\/h3>\n\n        \n        <div class=\"content\">\n            <p class=\"p1\"><b>T\u00e4nk dig en vardag d\u00e4r du vet vad som \u00e4r viktigast, pengarna r\u00e4cker och du har balans mellan jobb och fritid.<\/b><\/p>\n<p class=\"p1\">F\u00f6r m\u00e5nga ser verkligheten annorlunda ut. Det \u00e4r r\u00f6riga dagar, f\u00f6r mycket att g\u00f6ra och f\u00f6r lite pengar in. Efter att ha hj\u00e4lpt tusentals f\u00f6retagare vet vi att fem saker g\u00f6r st\u00f6rst skillnad:<\/p>\n<ol class=\"ol1\">\n<li class=\"li1\">Ha tydlig riktning och m\u00e5l.<\/li>\n<li class=\"li1\">R\u00e4kna p\u00e5 vad du beh\u00f6ver tj\u00e4na.<\/li>\n<li class=\"li1\">Erbjud r\u00e4tt saker till r\u00e4tt kunder.<\/li>\n<li class=\"li1\">Synlighet s\u00e5 fler hittar dig.<\/li>\n<li class=\"li1\">Skapa en plan som ger dig fokus.<\/li>\n<\/ol>\n<p class=\"p1\">Under <b>Framg\u00e5ngsplanen 2026<\/b> f\u00e5r du under fem dagar jobba med de h\u00e4r nycklarna och skapa din egen plan f\u00f6r ett roligare, friare och mer l\u00f6nsamt f\u00f6retagande.<\/p>\n<p class=\"p1\">N\u00e4r: 17\u201321 november<br \/>\nVar: Digitalt och kostnadsfritt<br \/>\nAnm\u00e4l dig h\u00e4r: <a href=\"https:\/\/link.affarskompetens.se\/framgangsplanen\"><span class=\"s1\">https:\/\/link.affarskompetens.se\/framgangsplanen<\/span><\/a><\/p>\n<p class=\"p1\">Anm\u00e4l dig och g\u00f6r 2026 till ditt b\u00e4sta f\u00f6retags\u00e5r hittills!<\/p>\n        <\/div>\n\n            <\/div>\n<\/div><div class=\"offer-card\">\n\n    <div class=\"gallery-wrapper\">\n                    <div class=\"selected-media\">\n                                    <img loading=\"lazy\" decoding=\"async\" width=\"720\" height=\"1024\" src=\"https:\/\/nyforetagarcentrum.se\/norduppland\/wp-content\/uploads\/sites\/8\/2024\/06\/Skarmavbild-2025-11-13-kl.-12.38.49-720x1024.png\" class=\"attachment-large size-large\" alt=\"\" srcset=\"https:\/\/nyforetagarcentrum.se\/norduppland\/wp-content\/uploads\/sites\/8\/2024\/06\/Skarmavbild-2025-11-13-kl.-12.38.49-720x1024.png 720w, https:\/\/nyforetagarcentrum.se\/norduppland\/wp-content\/uploads\/sites\/8\/2024\/06\/Skarmavbild-2025-11-13-kl.-12.38.49-211x300.png 211w, https:\/\/nyforetagarcentrum.se\/norduppland\/wp-content\/uploads\/sites\/8\/2024\/06\/Skarmavbild-2025-11-13-kl.-12.38.49-768x1092.png 768w, https:\/\/nyforetagarcentrum.se\/norduppland\/wp-content\/uploads\/sites\/8\/2024\/06\/Skarmavbild-2025-11-13-kl.-12.38.49-759x1080.png 759w, https:\/\/nyforetagarcentrum.se\/norduppland\/wp-content\/uploads\/sites\/8\/2024\/06\/Skarmavbild-2025-11-13-kl.-12.38.49.png 1014w\" sizes=\"(max-width: 720px) 100vw, 720px\" \/>                            <\/div>\n        \n            <\/div>\n\n\n    <div class=\"content-wrapper\">\n        \n        <h3>Vi g\u00f6r f\u00f6retagsekonomi l\u00e4ttbegripligt och hanterbart<\/h3>\n\n        \n        <div class=\"content\">\n            <h1 style=\"font-weight: 400\"><img loading=\"lazy\" decoding=\"async\" class=\"alignnone size-medium wp-image-961\" src=\"https:\/\/nyforetagarcentrum.se\/norduppland\/wp-content\/uploads\/sites\/8\/2024\/06\/vit-med-bla-bakgrund-300x300.jpg\" alt=\"\" width=\"300\" height=\"300\" srcset=\"https:\/\/nyforetagarcentrum.se\/norduppland\/wp-content\/uploads\/sites\/8\/2024\/06\/vit-med-bla-bakgrund-300x300.jpg 300w, https:\/\/nyforetagarcentrum.se\/norduppland\/wp-content\/uploads\/sites\/8\/2024\/06\/vit-med-bla-bakgrund-1024x1024.jpg 1024w, https:\/\/nyforetagarcentrum.se\/norduppland\/wp-content\/uploads\/sites\/8\/2024\/06\/vit-med-bla-bakgrund-150x150.jpg 150w, https:\/\/nyforetagarcentrum.se\/norduppland\/wp-content\/uploads\/sites\/8\/2024\/06\/vit-med-bla-bakgrund-768x768.jpg 768w, https:\/\/nyforetagarcentrum.se\/norduppland\/wp-content\/uploads\/sites\/8\/2024\/06\/vit-med-bla-bakgrund-1536x1536.jpg 1536w, https:\/\/nyforetagarcentrum.se\/norduppland\/wp-content\/uploads\/sites\/8\/2024\/06\/vit-med-bla-bakgrund-2048x2048.jpg 2048w, https:\/\/nyforetagarcentrum.se\/norduppland\/wp-content\/uploads\/sites\/8\/2024\/06\/vit-med-bla-bakgrund-1080x1080.jpg 1080w\" sizes=\"(max-width: 300px) 100vw, 300px\" \/><\/h1>\n<p style=\"font-weight: 400\">Ingen mer stress \u2013 det ska vara l\u00e4tt att g\u00f6ra r\u00e4tt<\/p>\n<p style=\"font-weight: 400\">Att hantera f\u00f6retagets ekonomi ska inte vara kr\u00e5ngligt eller tidskr\u00e4vande. Vi hj\u00e4lper dig att\u00a0<strong>automatisera och digitalisera din bokf\u00f6ring<\/strong>, s\u00e5 att du slipper manuellt arbete, minimerar risken f\u00f6r fel och alltid har full koll p\u00e5 ditt f\u00f6retags ekonomi.<\/p>\n<h2>____________________<\/h2>\n<h4 style=\"font-weight: 400\"><em><strong>Om F\u00f6retagarbyr\u00e5n<\/strong><\/em><\/h4>\n<p style=\"font-weight: 400\">Sedan starten 2019 har vi st\u00f6ttat \u00f6ver 3 000 f\u00f6retagare fr\u00e5n 265 kommuner och ger st\u00f6d inom omr\u00e5den som \u00e4r viktiga f\u00f6r alla f\u00f6retag, oavsett bransch.<\/p>\n<p style=\"font-weight: 400\">Vi har alltid fokus p\u00e5 de mindre f\u00f6retagen och vill st\u00e4rka f\u00f6retagaren i alla de roller som de fick p\u00e5 k\u00f6pet n\u00e4r de startade f\u00f6retaget.<\/p>\n<p style=\"font-weight: 400\">Deras f\u00f6rm\u00e5ga att leda, planera och strukturera verksamheten. Kunskapen om hur de l\u00e4ser ekonomiska rapporter, marknadsf\u00f6r sina tj\u00e4nster eller hittar effektiva s\u00e4ljstrategier.<\/p>\n<p style=\"font-weight: 400\">Allt f\u00f6r att de ska kunna leva gott p\u00e5 sitt f\u00f6retag p\u00e5 ett h\u00e5llbart s\u00e4tt.<\/p>\n<p style=\"font-weight: 400\">Vi \u00e4r \u00f6vertygade om att om sm\u00e5f\u00f6retagen g\u00e5r bra s\u00e5 m\u00e5r ocks\u00e5 Sverige<strong> bra.\u00a0<\/strong><\/p>\n<p><a href=\"https:\/\/foretagarbyran.se\/\">L\u00e4s mer och boka ett kostnadsfritt m\u00f6te<\/a><\/p>\n<p>&nbsp;<\/p>\n        <\/div>\n\n            <\/div>\n<\/div>        <\/div>\n    <\/div>\n<\/section>\n\n\n<div style=\"height:80px\" aria-hidden=\"true\" class=\"wp-block-spacer\"><\/div>\n","protected":false},"excerpt":{"rendered":"<p>Ta del av exklusiva erbjudanden<\/p>\n","protected":false},"author":1,"featured_media":203,"parent":0,"menu_order":0,"comment_status":"closed","ping_status":"closed","template":"","meta":{"footnotes":""},"acf":[],"yoast_head":"<!-- This site is optimized with the Yoast SEO plugin v22.9 - https:\/\/yoast.com\/wordpress\/plugins\/seo\/ -->\n<title>Erbjudande till f\u00f6retagare | NFC Norduppland<\/title>\n<meta name=\"description\" content=\"Erbjudanden och f\u00f6rm\u00e5ner f\u00f6r nya f\u00f6retagare i Norduppland hos NFC. F\u00e5 resurser och verktyg som hj\u00e4lper dig att kickstarta ditt f\u00f6retag!\" \/>\n<meta name=\"robots\" content=\"index, follow, max-snippet:-1, max-image-preview:large, max-video-preview:-1\" \/>\n<link rel=\"canonical\" href=\"https:\/\/nyforetagarcentrum.se\/norduppland\/erbjudanden\/\" \/>\n<meta property=\"og:locale\" content=\"sv_SE\" \/>\n<meta property=\"og:type\" content=\"article\" \/>\n<meta property=\"og:title\" content=\"Erbjudande till f\u00f6retagare | NFC Norduppland\" \/>\n<meta property=\"og:description\" content=\"Erbjudanden och f\u00f6rm\u00e5ner f\u00f6r nya f\u00f6retagare i Norduppland hos NFC. F\u00e5 resurser och verktyg som hj\u00e4lper dig att kickstarta ditt f\u00f6retag!\" \/>\n<meta property=\"og:url\" content=\"https:\/\/nyforetagarcentrum.se\/norduppland\/erbjudanden\/\" \/>\n<meta property=\"og:site_name\" content=\"Norduppland\" \/>\n<meta property=\"article:modified_time\" content=\"2025-04-02T08:01:13+00:00\" \/>\n<meta property=\"og:image\" content=\"https:\/\/nyforetagarcentrum.se\/norduppland\/wp-content\/uploads\/sites\/8\/2024\/02\/Nyforetagare-ung-kvinna-2-LOW.jpg\" \/>\n\t<meta property=\"og:image:width\" content=\"1476\" \/>\n\t<meta property=\"og:image:height\" content=\"1083\" \/>\n\t<meta property=\"og:image:type\" content=\"image\/jpeg\" \/>\n<meta name=\"twitter:card\" content=\"summary_large_image\" \/>\n<meta name=\"twitter:label1\" content=\"Ber\u00e4knad l\u00e4stid\" \/>\n\t<meta name=\"twitter:data1\" content=\"1 minut\" \/>\n<script type=\"application\/ld+json\" class=\"yoast-schema-graph\">{\"@context\":\"https:\/\/schema.org\",\"@graph\":[{\"@type\":\"WebPage\",\"@id\":\"https:\/\/nyforetagarcentrum.se\/norduppland\/erbjudanden\/\",\"url\":\"https:\/\/nyforetagarcentrum.se\/norduppland\/erbjudanden\/\",\"name\":\"Erbjudande till f\u00f6retagare | NFC Norduppland\",\"isPartOf\":{\"@id\":\"https:\/\/nyforetagarcentrum.se\/norduppland\/#website\"},\"primaryImageOfPage\":{\"@id\":\"https:\/\/nyforetagarcentrum.se\/norduppland\/erbjudanden\/#primaryimage\"},\"image\":{\"@id\":\"https:\/\/nyforetagarcentrum.se\/norduppland\/erbjudanden\/#primaryimage\"},\"thumbnailUrl\":\"https:\/\/nyforetagarcentrum.se\/norduppland\/wp-content\/uploads\/sites\/8\/2024\/02\/Nyforetagare-ung-kvinna-2-LOW.jpg\",\"datePublished\":\"2024-02-22T09:29:05+00:00\",\"dateModified\":\"2025-04-02T08:01:13+00:00\",\"description\":\"Erbjudanden och f\u00f6rm\u00e5ner f\u00f6r nya f\u00f6retagare i Norduppland hos NFC. F\u00e5 resurser och verktyg som hj\u00e4lper dig att kickstarta ditt f\u00f6retag!\",\"breadcrumb\":{\"@id\":\"https:\/\/nyforetagarcentrum.se\/norduppland\/erbjudanden\/#breadcrumb\"},\"inLanguage\":\"sv-SE\",\"potentialAction\":[{\"@type\":\"ReadAction\",\"target\":[\"https:\/\/nyforetagarcentrum.se\/norduppland\/erbjudanden\/\"]}]},{\"@type\":\"ImageObject\",\"inLanguage\":\"sv-SE\",\"@id\":\"https:\/\/nyforetagarcentrum.se\/norduppland\/erbjudanden\/#primaryimage\",\"url\":\"https:\/\/nyforetagarcentrum.se\/norduppland\/wp-content\/uploads\/sites\/8\/2024\/02\/Nyforetagare-ung-kvinna-2-LOW.jpg\",\"contentUrl\":\"https:\/\/nyforetagarcentrum.se\/norduppland\/wp-content\/uploads\/sites\/8\/2024\/02\/Nyforetagare-ung-kvinna-2-LOW.jpg\",\"width\":1476,\"height\":1083},{\"@type\":\"BreadcrumbList\",\"@id\":\"https:\/\/nyforetagarcentrum.se\/norduppland\/erbjudanden\/#breadcrumb\",\"itemListElement\":[{\"@type\":\"ListItem\",\"position\":1,\"name\":\"Hem\",\"item\":\"https:\/\/nyforetagarcentrum.se\/norduppland\/\"},{\"@type\":\"ListItem\",\"position\":2,\"name\":\"Erbjudanden\"}]},{\"@type\":\"WebSite\",\"@id\":\"https:\/\/nyforetagarcentrum.se\/norduppland\/#website\",\"url\":\"https:\/\/nyforetagarcentrum.se\/norduppland\/\",\"name\":\"Norduppland\",\"description\":\"Sveriges ledande kraft f\u00f6r fler nya livskraftiga f\u00f6retag\",\"publisher\":{\"@id\":\"https:\/\/nyforetagarcentrum.se\/norduppland\/#organization\"},\"potentialAction\":[{\"@type\":\"SearchAction\",\"target\":{\"@type\":\"EntryPoint\",\"urlTemplate\":\"https:\/\/nyforetagarcentrum.se\/norduppland\/?s={search_term_string}\"},\"query-input\":\"required name=search_term_string\"}],\"inLanguage\":\"sv-SE\"},{\"@type\":\"Organization\",\"@id\":\"https:\/\/nyforetagarcentrum.se\/norduppland\/#organization\",\"name\":\"Norduppland\",\"url\":\"https:\/\/nyforetagarcentrum.se\/norduppland\/\",\"logo\":{\"@type\":\"ImageObject\",\"inLanguage\":\"sv-SE\",\"@id\":\"https:\/\/nyforetagarcentrum.se\/norduppland\/#\/schema\/logo\/image\/\",\"url\":\"https:\/\/nyforetagarcentrum.se\/norduppland\/wp-content\/uploads\/sites\/8\/2024\/03\/cropped-NFC_Norduppland_195x90.png\",\"contentUrl\":\"https:\/\/nyforetagarcentrum.se\/norduppland\/wp-content\/uploads\/sites\/8\/2024\/03\/cropped-NFC_Norduppland_195x90.png\",\"width\":195,\"height\":90,\"caption\":\"Norduppland\"},\"image\":{\"@id\":\"https:\/\/nyforetagarcentrum.se\/norduppland\/#\/schema\/logo\/image\/\"}}]}<\/script>\n<!-- \/ Yoast SEO plugin. -->","yoast_head_json":{"title":"Erbjudande till f\u00f6retagare | NFC Norduppland","description":"Erbjudanden och f\u00f6rm\u00e5ner f\u00f6r nya f\u00f6retagare i Norduppland hos NFC. F\u00e5 resurser och verktyg som hj\u00e4lper dig att kickstarta ditt f\u00f6retag!","robots":{"index":"index","follow":"follow","max-snippet":"max-snippet:-1","max-image-preview":"max-image-preview:large","max-video-preview":"max-video-preview:-1"},"canonical":"https:\/\/nyforetagarcentrum.se\/norduppland\/erbjudanden\/","og_locale":"sv_SE","og_type":"article","og_title":"Erbjudande till f\u00f6retagare | NFC Norduppland","og_description":"Erbjudanden och f\u00f6rm\u00e5ner f\u00f6r nya f\u00f6retagare i Norduppland hos NFC. F\u00e5 resurser och verktyg som hj\u00e4lper dig att kickstarta ditt f\u00f6retag!","og_url":"https:\/\/nyforetagarcentrum.se\/norduppland\/erbjudanden\/","og_site_name":"Norduppland","article_modified_time":"2025-04-02T08:01:13+00:00","og_image":[{"width":1476,"height":1083,"url":"https:\/\/nyforetagarcentrum.se\/norduppland\/wp-content\/uploads\/sites\/8\/2024\/02\/Nyforetagare-ung-kvinna-2-LOW.jpg","type":"image\/jpeg"}],"twitter_card":"summary_large_image","twitter_misc":{"Ber\u00e4knad l\u00e4stid":"1 minut"},"schema":{"@context":"https:\/\/schema.org","@graph":[{"@type":"WebPage","@id":"https:\/\/nyforetagarcentrum.se\/norduppland\/erbjudanden\/","url":"https:\/\/nyforetagarcentrum.se\/norduppland\/erbjudanden\/","name":"Erbjudande till f\u00f6retagare | NFC Norduppland","isPartOf":{"@id":"https:\/\/nyforetagarcentrum.se\/norduppland\/#website"},"primaryImageOfPage":{"@id":"https:\/\/nyforetagarcentrum.se\/norduppland\/erbjudanden\/#primaryimage"},"image":{"@id":"https:\/\/nyforetagarcentrum.se\/norduppland\/erbjudanden\/#primaryimage"},"thumbnailUrl":"https:\/\/nyforetagarcentrum.se\/norduppland\/wp-content\/uploads\/sites\/8\/2024\/02\/Nyforetagare-ung-kvinna-2-LOW.jpg","datePublished":"2024-02-22T09:29:05+00:00","dateModified":"2025-04-02T08:01:13+00:00","description":"Erbjudanden och f\u00f6rm\u00e5ner f\u00f6r nya f\u00f6retagare i Norduppland hos NFC. F\u00e5 resurser och verktyg som hj\u00e4lper dig att kickstarta ditt f\u00f6retag!","breadcrumb":{"@id":"https:\/\/nyforetagarcentrum.se\/norduppland\/erbjudanden\/#breadcrumb"},"inLanguage":"sv-SE","potentialAction":[{"@type":"ReadAction","target":["https:\/\/nyforetagarcentrum.se\/norduppland\/erbjudanden\/"]}]},{"@type":"ImageObject","inLanguage":"sv-SE","@id":"https:\/\/nyforetagarcentrum.se\/norduppland\/erbjudanden\/#primaryimage","url":"https:\/\/nyforetagarcentrum.se\/norduppland\/wp-content\/uploads\/sites\/8\/2024\/02\/Nyforetagare-ung-kvinna-2-LOW.jpg","contentUrl":"https:\/\/nyforetagarcentrum.se\/norduppland\/wp-content\/uploads\/sites\/8\/2024\/02\/Nyforetagare-ung-kvinna-2-LOW.jpg","width":1476,"height":1083},{"@type":"BreadcrumbList","@id":"https:\/\/nyforetagarcentrum.se\/norduppland\/erbjudanden\/#breadcrumb","itemListElement":[{"@type":"ListItem","position":1,"name":"Hem","item":"https:\/\/nyforetagarcentrum.se\/norduppland\/"},{"@type":"ListItem","position":2,"name":"Erbjudanden"}]},{"@type":"WebSite","@id":"https:\/\/nyforetagarcentrum.se\/norduppland\/#website","url":"https:\/\/nyforetagarcentrum.se\/norduppland\/","name":"Norduppland","description":"Sveriges ledande kraft f\u00f6r fler nya livskraftiga f\u00f6retag","publisher":{"@id":"https:\/\/nyforetagarcentrum.se\/norduppland\/#organization"},"potentialAction":[{"@type":"SearchAction","target":{"@type":"EntryPoint","urlTemplate":"https:\/\/nyforetagarcentrum.se\/norduppland\/?s={search_term_string}"},"query-input":"required name=search_term_string"}],"inLanguage":"sv-SE"},{"@type":"Organization","@id":"https:\/\/nyforetagarcentrum.se\/norduppland\/#organization","name":"Norduppland","url":"https:\/\/nyforetagarcentrum.se\/norduppland\/","logo":{"@type":"ImageObject","inLanguage":"sv-SE","@id":"https:\/\/nyforetagarcentrum.se\/norduppland\/#\/schema\/logo\/image\/","url":"https:\/\/nyforetagarcentrum.se\/norduppland\/wp-content\/uploads\/sites\/8\/2024\/03\/cropped-NFC_Norduppland_195x90.png","contentUrl":"https:\/\/nyforetagarcentrum.se\/norduppland\/wp-content\/uploads\/sites\/8\/2024\/03\/cropped-NFC_Norduppland_195x90.png","width":195,"height":90,"caption":"Norduppland"},"image":{"@id":"https:\/\/nyforetagarcentrum.se\/norduppland\/#\/schema\/logo\/image\/"}}]}},"_links":{"self":[{"href":"https:\/\/nyforetagarcentrum.se\/norduppland\/wp-json\/wp\/v2\/pages\/48"}],"collection":[{"href":"https:\/\/nyforetagarcentrum.se\/norduppland\/wp-json\/wp\/v2\/pages"}],"about":[{"href":"https:\/\/nyforetagarcentrum.se\/norduppland\/wp-json\/wp\/v2\/types\/page"}],"author":[{"embeddable":true,"href":"https:\/\/nyforetagarcentrum.se\/norduppland\/wp-json\/wp\/v2\/users\/1"}],"replies":[{"embeddable":true,"href":"https:\/\/nyforetagarcentrum.se\/norduppland\/wp-json\/wp\/v2\/comments?post=48"}],"version-history":[{"count":12,"href":"https:\/\/nyforetagarcentrum.se\/norduppland\/wp-json\/wp\/v2\/pages\/48\/revisions"}],"predecessor-version":[{"id":896,"href":"https:\/\/nyforetagarcentrum.se\/norduppland\/wp-json\/wp\/v2\/pages\/48\/revisions\/896"}],"wp:featuredmedia":[{"embeddable":true,"href":"https:\/\/nyforetagarcentrum.se\/norduppland\/wp-json\/wp\/v2\/media\/203"}],"wp:attachment":[{"href":"https:\/\/nyforetagarcentrum.se\/norduppland\/wp-json\/wp\/v2\/media?parent=48"}],"curies":[{"name":"wp","href":"https:\/\/api.w.org\/{rel}","templated":true}]}}