{"id":41,"date":"2024-02-22T10:24:51","date_gmt":"2024-02-22T09:24:51","guid":{"rendered":"https:\/\/nyforetagarcentrum.se\/norduppland\/?page_id=41"},"modified":"2026-03-16T12:33:54","modified_gmt":"2026-03-16T11:33:54","slug":"vara-samarbetspartners","status":"publish","type":"page","link":"https:\/\/nyforetagarcentrum.se\/norduppland\/vara-samarbetspartners\/","title":{"rendered":"V\u00e5ra samarbetspartners"},"content":{"rendered":"<section  class=\"nfc-block-hero alignfull\">\n\n    <img loading=\"lazy\" decoding=\"async\" width=\"1470\" height=\"980\" src=\"https:\/\/nyforetagarcentrum.se\/norduppland\/wp-content\/uploads\/sites\/8\/2024\/02\/Medium_JM.png\" class=\"attachment-landscape size-landscape\" alt=\"\" srcset=\"https:\/\/nyforetagarcentrum.se\/norduppland\/wp-content\/uploads\/sites\/8\/2024\/02\/Medium_JM.png 1470w, https:\/\/nyforetagarcentrum.se\/norduppland\/wp-content\/uploads\/sites\/8\/2024\/02\/Medium_JM-300x200.png 300w, https:\/\/nyforetagarcentrum.se\/norduppland\/wp-content\/uploads\/sites\/8\/2024\/02\/Medium_JM-1024x683.png 1024w, https:\/\/nyforetagarcentrum.se\/norduppland\/wp-content\/uploads\/sites\/8\/2024\/02\/Medium_JM-768x512.png 768w\" sizes=\"(max-width: 1470px) 100vw, 1470px\" \/>\n    <div class=\"contained\">\n        <h1 class=\"nfc-block-hero__heading\">V\u00e5ra samarbetspartners<br \/>\r\n<br \/>\r\n<\/h1>\n\n            <\/div>\n<\/section>\n\n<section  class=\"block-our-partners nfc-block-partners\">\n    <div class=\"contained\">\n            <\/div>\n<\/section>\n\n\n<div style=\"height:50px\" aria-hidden=\"true\" class=\"wp-block-spacer\"><\/div>\n\n\n<section  class=\"nfc-block-breadcrumbs alignwide\">\n    <div class=\"wrapper contained\">\n        <ol class=\"breadcrumbs\" itemscope itemtype=\"https:\/\/schema.org\/BreadcrumbList\">\n            <li itemprop=\"itemListElement\" itemscope itemtype=\"https:\/\/schema.org\/ListItem\">\n            \n\n                            <span class=\"current\" itemprop=\"name\">Hem<\/span>\n            \n            <meta itemprop=\"position\" content=\"1\" \/>\n        <\/li>\n    <\/ol>    <\/div>\n<\/section>\n\n\n<div style=\"height:51px\" aria-hidden=\"true\" class=\"wp-block-spacer\"><\/div>\n\n\n\n<h1 class=\"wp-block-heading alignwide\">Ett stort tack till v\u00e5ra fantastiska partners! <br>Med ert st\u00f6d kan vi hj\u00e4lpa nyf\u00f6retagare att v\u00e4xa och bidra till utvecklingen av Norduppland.<\/h1>\n\n\n\n<h1 class=\"wp-block-heading alignwide\"><br><\/h1>\n\n\n<section  class=\"block-our-partners nfc-block-partners alignwide\">\n    <div class=\"contained\">\n                                    <div class=\"partner-card\">\n                    <div class=\"logo-wrapper\">\n                        <img decoding=\"async\" src=\"https:\/\/nyforetagarcentrum.se\/norduppland\/wp-content\/uploads\/sites\/8\/2024\/03\/Sala_sparbank-134x72-1.jpg\" alt=\"\">\n                    <\/div>\n                    \n                                            <div class=\"h4\"><b>Sala Sparbank<\/b><\/div>\n                                                                                                                            <div class=\"item link\"><b><a href=\"https:\/\/www.salasparbank.se\/\" target=\"_blank\" > Webbsida<\/a><\/b><\/div>\n                                    <\/div>\n                            <div class=\"partner-card\">\n                    <div class=\"logo-wrapper\">\n                        <img decoding=\"async\" src=\"https:\/\/nyforetagarcentrum.se\/norduppland\/wp-content\/uploads\/sites\/8\/2024\/03\/Handelsbanken-134x72-1.jpg\" alt=\"\">\n                    <\/div>\n                    \n                                            <div class=\"h4\"><b>Handelsbanken<\/b><\/div>\n                                                                                                                            <div class=\"item link\"><b><a href=\"https:\/\/www.handelsbanken.se\/sv\/\" target=\"_blank\" > Webbsida<\/a><\/b><\/div>\n                                    <\/div>\n                            <div class=\"partner-card\">\n                    <div class=\"logo-wrapper\">\n                        <img decoding=\"async\" src=\"https:\/\/nyforetagarcentrum.se\/norduppland\/wp-content\/uploads\/sites\/8\/2024\/03\/Heby-kommun-134x72-1.jpg\" alt=\"\">\n                    <\/div>\n                    \n                                            <div class=\"h4\"><b>Heby kommun<\/b><\/div>\n                                                                                                                            <div class=\"item link\"><b><a href=\"https:\/\/www.heby.se\/\" target=\"_blank\" > Webbsida<\/a><\/b><\/div>\n                                    <\/div>\n                            <div class=\"partner-card\">\n                    <div class=\"logo-wrapper\">\n                        <img decoding=\"async\" src=\"https:\/\/nyforetagarcentrum.se\/norduppland\/wp-content\/uploads\/sites\/8\/2024\/03\/Lansforsakringar-134x72-1.jpg\" alt=\"\">\n                    <\/div>\n                    \n                                            <div class=\"h4\"><b>L\u00e4nsf\u00f6rs\u00e4kringar Uppsala<\/b><\/div>\n                                                                                                                            <div class=\"item link\"><b><a href=\"https:\/\/www.lansforsakringar.se\/uppsala\/privat\/\" target=\"_blank\" > Webbsida<\/a><\/b><\/div>\n                                    <\/div>\n                            <div class=\"partner-card\">\n                    <div class=\"logo-wrapper\">\n                        <img decoding=\"async\" src=\"https:\/\/nyforetagarcentrum.se\/norduppland\/wp-content\/uploads\/sites\/8\/2024\/03\/Swedbank-134x72-1.jpg\" alt=\"\">\n                    <\/div>\n                    \n                                            <div class=\"h4\"><b>Swedbank<\/b><\/div>\n                                                                                                                            <div class=\"item link\"><b><a href=\"https:\/\/www.swedbank.se\/\" target=\"_blank\" > Webbsida<\/a><\/b><\/div>\n                                    <\/div>\n                            <div class=\"partner-card\">\n                    <div class=\"logo-wrapper\">\n                        <img decoding=\"async\" src=\"https:\/\/nyforetagarcentrum.se\/norduppland\/wp-content\/uploads\/sites\/8\/2024\/03\/Tierps-kommun-134x72-1.jpg\" alt=\"\">\n                    <\/div>\n                    \n                                            <div class=\"h4\"><b>Tierps kommun<\/b><\/div>\n                                                                                                                            <div class=\"item link\"><b><a href=\"https:\/\/www.tierp.se\/\" target=\"_blank\" > Webbsida<\/a><\/b><\/div>\n                                    <\/div>\n                            <div class=\"partner-card\">\n                    <div class=\"logo-wrapper\">\n                        <img decoding=\"async\" src=\"https:\/\/nyforetagarcentrum.se\/norduppland\/wp-content\/uploads\/sites\/8\/2024\/03\/Alvkarleby-kommun-134x72-1.jpg\" alt=\"\">\n                    <\/div>\n                    \n                                            <div class=\"h4\"><b>\u00c4lvkarleby kommun<\/b><\/div>\n                                                                                                                            <div class=\"item link\"><b><a href=\"https:\/\/www.alvkarleby.se\/\" target=\"_blank\" > Webbsida<\/a><\/b><\/div>\n                                    <\/div>\n                            <div class=\"partner-card\">\n                    <div class=\"logo-wrapper\">\n                        <img decoding=\"async\" src=\"https:\/\/nyforetagarcentrum.se\/norduppland\/wp-content\/uploads\/sites\/8\/2024\/03\/Osthammars-kommun-134x72-1.jpg\" alt=\"\">\n                    <\/div>\n                    \n                                            <div class=\"h4\"><b>\u00d6sthammars kommun<\/b><\/div>\n                                                                                                                            <div class=\"item link\"><b><a href=\"https:\/\/www.osthammar.se\/\" target=\"_blank\" > Webbsida<\/a><\/b><\/div>\n                                    <\/div>\n                            <div class=\"partner-card\">\n                    <div class=\"logo-wrapper\">\n                        <img decoding=\"async\" src=\"https:\/\/nyforetagarcentrum.se\/norduppland\/wp-content\/uploads\/sites\/8\/2025\/01\/Bild-2.jpeg\" alt=\"\">\n                    <\/div>\n                    \n                                            <div class=\"h4\"><b>SKB<\/b><\/div>\n                                                                                                                            <div class=\"item link\"><b><a href=\"https:\/\/skb.se\/\" target=\"\" > Webbsida<\/a><\/b><\/div>\n                                    <\/div>\n                            <div class=\"partner-card\">\n                    <div class=\"logo-wrapper\">\n                        <img decoding=\"async\" src=\"https:\/\/nyforetagarcentrum.se\/norduppland\/wp-content\/uploads\/sites\/8\/2024\/06\/vit-med-bla-bakgrund-scaled.jpg\" alt=\"\">\n                    <\/div>\n                    \n                                            <div class=\"h4\"><b>F\u00f6retagarbyr\u00e5n<\/b><\/div>\n                                                                                                                            <div class=\"item link\"><b><a href=\"https:\/\/foretagarbyran.se\/\" target=\"\" > Webbsida<\/a><\/b><\/div>\n                                    <\/div>\n                            <div class=\"partner-card\">\n                    <div class=\"logo-wrapper\">\n                        <img decoding=\"async\" src=\"https:\/\/nyforetagarcentrum.se\/norduppland\/wp-content\/uploads\/sites\/8\/2026\/03\/l3.jpg\" alt=\"\">\n                    <\/div>\n                    \n                                            <div class=\"h4\"><b>Ludvig &amp; Co<\/b><\/div>\n                                                                                                                            <div class=\"item link\"><b><a href=\"https:\/\/ludvig.se\/kontor\/osthammar\/\" target=\"\" > Webbsida<\/a><\/b><\/div>\n                                    <\/div>\n                        <\/div>\n<\/section>\n\n\n<div class=\"wp-block-group alignfull is-layout-constrained wp-block-group-is-layout-constrained\">\n<div style=\"height:77px\" aria-hidden=\"true\" class=\"wp-block-spacer\"><\/div>\n\n\n\n<h2 class=\"wp-block-heading\">Bli v\u00e5r samarbetspartner \u2013 Uppt\u00e4ck hur ditt f\u00f6retag kan v\u00e4xa tillsammans med Nyf\u00f6retagarCentrum Norduppland!<\/h2>\n\n\n\n<h4 class=\"wp-block-heading\">\u00c4r du intresserad av att veta mer om vad det inneb\u00e4r att bli samarbetspartner till Nyf\u00f6retagarCentrum Norduppland och vilka merv\u00e4rden som finns f\u00f6r just ditt f\u00f6retag? Kontakta oss s\u00e5 ber\u00e4ttar vi mer:<\/h4>\n<\/div>\n\n\n\n<div class=\"wp-block-group alignfull is-layout-constrained wp-block-group-is-layout-constrained\"><section  class=\"nfc-block-form aligncontent layout-small\">\n    <div class=\"contained\">\n\n        <form data-nfc-form=\"block_85da4d98dcbe358c7fd19bf248772141\" data-nfc-page=\"41\">\n            <label class=\"input-wrapper required\" for=\"namn\">\n    <span>Namn<\/span>\n    <input type=\"text\" name=\"namn\" id=\"namn\" placeholder=\"\" required>\n<\/label><label class=\"input-wrapper required\" for=\"foretag-eller-organisation\">\n    <span>F\u00f6retag eller organisation<\/span>\n    <input type=\"text\" name=\"foretag-eller-organisation\" id=\"foretag-eller-organisation\" placeholder=\"\" required>\n<\/label><label class=\"input-wrapper required\" for=\"e-post\">\n    <span>E-post<\/span>\n    <input type=\"text\" name=\"e-post\" id=\"e-post\" placeholder=\"\" required>\n<\/label>\n            <div class=\"input-wrapper\">\n                <button type=\"submit\" class=\"button\">Skicka<\/button>\n            <\/div>\n        <\/form>\n    <\/div>\n<\/section><\/div>\n\n\n\n<div style=\"height:77px\" aria-hidden=\"true\" class=\"wp-block-spacer\"><\/div>\n","protected":false},"excerpt":{"rendered":"<p>Ett stort tack till v\u00e5ra fantastiska partners! Med ert st\u00f6d kan vi hj\u00e4lpa nyf\u00f6retagare att v\u00e4xa och bidra till utvecklingen av Norduppland. Bli v\u00e5r samarbetspartner \u2013 Uppt\u00e4ck hur ditt f\u00f6retag kan v\u00e4xa tillsammans med Nyf\u00f6retagarCentrum Norduppland! \u00c4r du intresserad av att veta mer om vad det inneb\u00e4r att bli samarbetspartner till Nyf\u00f6retagarCentrum Norduppland och vilka [&hellip;]<\/p>\n","protected":false},"author":1,"featured_media":211,"parent":0,"menu_order":0,"comment_status":"closed","ping_status":"closed","template":"","meta":{"footnotes":""},"acf":[],"yoast_head":"<!-- This site is optimized with the Yoast SEO plugin v22.9 - https:\/\/yoast.com\/wordpress\/plugins\/seo\/ -->\n<title>V\u00e5ra samarbetspartners | NFC Norduppland<\/title>\n<meta name=\"description\" content=\"Uppt\u00e4ck v\u00e5ra partners i Norduppland som bidrar med resurser, expertis och n\u00e4tverk f\u00f6r att hj\u00e4lpa nya f\u00f6retagare att lyckas i sin verksamhet.\" \/>\n<meta name=\"robots\" content=\"index, follow, max-snippet:-1, max-image-preview:large, max-video-preview:-1\" \/>\n<link rel=\"canonical\" href=\"https:\/\/nyforetagarcentrum.se\/norduppland\/vara-samarbetspartners\/\" \/>\n<meta property=\"og:locale\" content=\"sv_SE\" \/>\n<meta property=\"og:type\" content=\"article\" \/>\n<meta property=\"og:title\" content=\"V\u00e5ra samarbetspartners | NFC Norduppland\" \/>\n<meta property=\"og:description\" content=\"Uppt\u00e4ck v\u00e5ra partners i Norduppland som bidrar med resurser, expertis och n\u00e4tverk f\u00f6r att hj\u00e4lpa nya f\u00f6retagare att lyckas i sin verksamhet.\" \/>\n<meta property=\"og:url\" content=\"https:\/\/nyforetagarcentrum.se\/norduppland\/vara-samarbetspartners\/\" \/>\n<meta property=\"og:site_name\" content=\"Norduppland\" \/>\n<meta property=\"article:modified_time\" content=\"2026-03-16T11:33:54+00:00\" \/>\n<meta property=\"og:image\" content=\"https:\/\/nyforetagarcentrum.se\/norduppland\/wp-content\/uploads\/sites\/8\/2024\/07\/Namnlos-design-6-1024x576.png\" \/>\n\t<meta property=\"og:image:width\" content=\"1024\" \/>\n\t<meta property=\"og:image:height\" content=\"576\" \/>\n\t<meta property=\"og:image:type\" content=\"image\/png\" \/>\n<meta name=\"twitter:card\" content=\"summary_large_image\" \/>\n<meta name=\"twitter:label1\" content=\"Ber\u00e4knad l\u00e4stid\" \/>\n\t<meta name=\"twitter:data1\" content=\"1 minut\" \/>\n<script type=\"application\/ld+json\" class=\"yoast-schema-graph\">{\"@context\":\"https:\/\/schema.org\",\"@graph\":[{\"@type\":\"WebPage\",\"@id\":\"https:\/\/nyforetagarcentrum.se\/norduppland\/vara-samarbetspartners\/\",\"url\":\"https:\/\/nyforetagarcentrum.se\/norduppland\/vara-samarbetspartners\/\",\"name\":\"V\u00e5ra samarbetspartners | NFC Norduppland\",\"isPartOf\":{\"@id\":\"https:\/\/nyforetagarcentrum.se\/norduppland\/#website\"},\"primaryImageOfPage\":{\"@id\":\"https:\/\/nyforetagarcentrum.se\/norduppland\/vara-samarbetspartners\/#primaryimage\"},\"image\":{\"@id\":\"https:\/\/nyforetagarcentrum.se\/norduppland\/vara-samarbetspartners\/#primaryimage\"},\"thumbnailUrl\":\"https:\/\/nyforetagarcentrum.se\/norduppland\/wp-content\/uploads\/sites\/8\/2024\/07\/Namnlos-design-6.png\",\"datePublished\":\"2024-02-22T09:24:51+00:00\",\"dateModified\":\"2026-03-16T11:33:54+00:00\",\"description\":\"Uppt\u00e4ck v\u00e5ra partners i Norduppland som bidrar med resurser, expertis och n\u00e4tverk f\u00f6r att hj\u00e4lpa nya f\u00f6retagare att lyckas i sin verksamhet.\",\"breadcrumb\":{\"@id\":\"https:\/\/nyforetagarcentrum.se\/norduppland\/vara-samarbetspartners\/#breadcrumb\"},\"inLanguage\":\"sv-SE\",\"potentialAction\":[{\"@type\":\"ReadAction\",\"target\":[\"https:\/\/nyforetagarcentrum.se\/norduppland\/vara-samarbetspartners\/\"]}]},{\"@type\":\"ImageObject\",\"inLanguage\":\"sv-SE\",\"@id\":\"https:\/\/nyforetagarcentrum.se\/norduppland\/vara-samarbetspartners\/#primaryimage\",\"url\":\"https:\/\/nyforetagarcentrum.se\/norduppland\/wp-content\/uploads\/sites\/8\/2024\/07\/Namnlos-design-6.png\",\"contentUrl\":\"https:\/\/nyforetagarcentrum.se\/norduppland\/wp-content\/uploads\/sites\/8\/2024\/07\/Namnlos-design-6.png\",\"width\":1920,\"height\":1080},{\"@type\":\"BreadcrumbList\",\"@id\":\"https:\/\/nyforetagarcentrum.se\/norduppland\/vara-samarbetspartners\/#breadcrumb\",\"itemListElement\":[{\"@type\":\"ListItem\",\"position\":1,\"name\":\"Hem\",\"item\":\"https:\/\/nyforetagarcentrum.se\/norduppland\/\"},{\"@type\":\"ListItem\",\"position\":2,\"name\":\"V\u00e5ra samarbetspartners\"}]},{\"@type\":\"WebSite\",\"@id\":\"https:\/\/nyforetagarcentrum.se\/norduppland\/#website\",\"url\":\"https:\/\/nyforetagarcentrum.se\/norduppland\/\",\"name\":\"Norduppland\",\"description\":\"Sveriges ledande kraft f\u00f6r fler nya livskraftiga f\u00f6retag\",\"publisher\":{\"@id\":\"https:\/\/nyforetagarcentrum.se\/norduppland\/#organization\"},\"potentialAction\":[{\"@type\":\"SearchAction\",\"target\":{\"@type\":\"EntryPoint\",\"urlTemplate\":\"https:\/\/nyforetagarcentrum.se\/norduppland\/?s={search_term_string}\"},\"query-input\":\"required name=search_term_string\"}],\"inLanguage\":\"sv-SE\"},{\"@type\":\"Organization\",\"@id\":\"https:\/\/nyforetagarcentrum.se\/norduppland\/#organization\",\"name\":\"Norduppland\",\"url\":\"https:\/\/nyforetagarcentrum.se\/norduppland\/\",\"logo\":{\"@type\":\"ImageObject\",\"inLanguage\":\"sv-SE\",\"@id\":\"https:\/\/nyforetagarcentrum.se\/norduppland\/#\/schema\/logo\/image\/\",\"url\":\"https:\/\/nyforetagarcentrum.se\/norduppland\/wp-content\/uploads\/sites\/8\/2024\/03\/cropped-NFC_Norduppland_195x90.png\",\"contentUrl\":\"https:\/\/nyforetagarcentrum.se\/norduppland\/wp-content\/uploads\/sites\/8\/2024\/03\/cropped-NFC_Norduppland_195x90.png\",\"width\":195,\"height\":90,\"caption\":\"Norduppland\"},\"image\":{\"@id\":\"https:\/\/nyforetagarcentrum.se\/norduppland\/#\/schema\/logo\/image\/\"}}]}<\/script>\n<!-- \/ Yoast SEO plugin. -->","yoast_head_json":{"title":"V\u00e5ra samarbetspartners | NFC Norduppland","description":"Uppt\u00e4ck v\u00e5ra partners i Norduppland som bidrar med resurser, expertis och n\u00e4tverk f\u00f6r att hj\u00e4lpa nya f\u00f6retagare att lyckas i sin verksamhet.","robots":{"index":"index","follow":"follow","max-snippet":"max-snippet:-1","max-image-preview":"max-image-preview:large","max-video-preview":"max-video-preview:-1"},"canonical":"https:\/\/nyforetagarcentrum.se\/norduppland\/vara-samarbetspartners\/","og_locale":"sv_SE","og_type":"article","og_title":"V\u00e5ra samarbetspartners | NFC Norduppland","og_description":"Uppt\u00e4ck v\u00e5ra partners i Norduppland som bidrar med resurser, expertis och n\u00e4tverk f\u00f6r att hj\u00e4lpa nya f\u00f6retagare att lyckas i sin verksamhet.","og_url":"https:\/\/nyforetagarcentrum.se\/norduppland\/vara-samarbetspartners\/","og_site_name":"Norduppland","article_modified_time":"2026-03-16T11:33:54+00:00","og_image":[{"width":1024,"height":576,"url":"https:\/\/nyforetagarcentrum.se\/norduppland\/wp-content\/uploads\/sites\/8\/2024\/07\/Namnlos-design-6-1024x576.png","type":"image\/png"}],"twitter_card":"summary_large_image","twitter_misc":{"Ber\u00e4knad l\u00e4stid":"1 minut"},"schema":{"@context":"https:\/\/schema.org","@graph":[{"@type":"WebPage","@id":"https:\/\/nyforetagarcentrum.se\/norduppland\/vara-samarbetspartners\/","url":"https:\/\/nyforetagarcentrum.se\/norduppland\/vara-samarbetspartners\/","name":"V\u00e5ra samarbetspartners | NFC Norduppland","isPartOf":{"@id":"https:\/\/nyforetagarcentrum.se\/norduppland\/#website"},"primaryImageOfPage":{"@id":"https:\/\/nyforetagarcentrum.se\/norduppland\/vara-samarbetspartners\/#primaryimage"},"image":{"@id":"https:\/\/nyforetagarcentrum.se\/norduppland\/vara-samarbetspartners\/#primaryimage"},"thumbnailUrl":"https:\/\/nyforetagarcentrum.se\/norduppland\/wp-content\/uploads\/sites\/8\/2024\/07\/Namnlos-design-6.png","datePublished":"2024-02-22T09:24:51+00:00","dateModified":"2026-03-16T11:33:54+00:00","description":"Uppt\u00e4ck v\u00e5ra partners i Norduppland som bidrar med resurser, expertis och n\u00e4tverk f\u00f6r att hj\u00e4lpa nya f\u00f6retagare att lyckas i sin verksamhet.","breadcrumb":{"@id":"https:\/\/nyforetagarcentrum.se\/norduppland\/vara-samarbetspartners\/#breadcrumb"},"inLanguage":"sv-SE","potentialAction":[{"@type":"ReadAction","target":["https:\/\/nyforetagarcentrum.se\/norduppland\/vara-samarbetspartners\/"]}]},{"@type":"ImageObject","inLanguage":"sv-SE","@id":"https:\/\/nyforetagarcentrum.se\/norduppland\/vara-samarbetspartners\/#primaryimage","url":"https:\/\/nyforetagarcentrum.se\/norduppland\/wp-content\/uploads\/sites\/8\/2024\/07\/Namnlos-design-6.png","contentUrl":"https:\/\/nyforetagarcentrum.se\/norduppland\/wp-content\/uploads\/sites\/8\/2024\/07\/Namnlos-design-6.png","width":1920,"height":1080},{"@type":"BreadcrumbList","@id":"https:\/\/nyforetagarcentrum.se\/norduppland\/vara-samarbetspartners\/#breadcrumb","itemListElement":[{"@type":"ListItem","position":1,"name":"Hem","item":"https:\/\/nyforetagarcentrum.se\/norduppland\/"},{"@type":"ListItem","position":2,"name":"V\u00e5ra samarbetspartners"}]},{"@type":"WebSite","@id":"https:\/\/nyforetagarcentrum.se\/norduppland\/#website","url":"https:\/\/nyforetagarcentrum.se\/norduppland\/","name":"Norduppland","description":"Sveriges ledande kraft f\u00f6r fler nya livskraftiga f\u00f6retag","publisher":{"@id":"https:\/\/nyforetagarcentrum.se\/norduppland\/#organization"},"potentialAction":[{"@type":"SearchAction","target":{"@type":"EntryPoint","urlTemplate":"https:\/\/nyforetagarcentrum.se\/norduppland\/?s={search_term_string}"},"query-input":"required name=search_term_string"}],"inLanguage":"sv-SE"},{"@type":"Organization","@id":"https:\/\/nyforetagarcentrum.se\/norduppland\/#organization","name":"Norduppland","url":"https:\/\/nyforetagarcentrum.se\/norduppland\/","logo":{"@type":"ImageObject","inLanguage":"sv-SE","@id":"https:\/\/nyforetagarcentrum.se\/norduppland\/#\/schema\/logo\/image\/","url":"https:\/\/nyforetagarcentrum.se\/norduppland\/wp-content\/uploads\/sites\/8\/2024\/03\/cropped-NFC_Norduppland_195x90.png","contentUrl":"https:\/\/nyforetagarcentrum.se\/norduppland\/wp-content\/uploads\/sites\/8\/2024\/03\/cropped-NFC_Norduppland_195x90.png","width":195,"height":90,"caption":"Norduppland"},"image":{"@id":"https:\/\/nyforetagarcentrum.se\/norduppland\/#\/schema\/logo\/image\/"}}]}},"_links":{"self":[{"href":"https:\/\/nyforetagarcentrum.se\/norduppland\/wp-json\/wp\/v2\/pages\/41"}],"collection":[{"href":"https:\/\/nyforetagarcentrum.se\/norduppland\/wp-json\/wp\/v2\/pages"}],"about":[{"href":"https:\/\/nyforetagarcentrum.se\/norduppland\/wp-json\/wp\/v2\/types\/page"}],"author":[{"embeddable":true,"href":"https:\/\/nyforetagarcentrum.se\/norduppland\/wp-json\/wp\/v2\/users\/1"}],"replies":[{"embeddable":true,"href":"https:\/\/nyforetagarcentrum.se\/norduppland\/wp-json\/wp\/v2\/comments?post=41"}],"version-history":[{"count":94,"href":"https:\/\/nyforetagarcentrum.se\/norduppland\/wp-json\/wp\/v2\/pages\/41\/revisions"}],"predecessor-version":[{"id":988,"href":"https:\/\/nyforetagarcentrum.se\/norduppland\/wp-json\/wp\/v2\/pages\/41\/revisions\/988"}],"wp:featuredmedia":[{"embeddable":true,"href":"https:\/\/nyforetagarcentrum.se\/norduppland\/wp-json\/wp\/v2\/media\/211"}],"wp:attachment":[{"href":"https:\/\/nyforetagarcentrum.se\/norduppland\/wp-json\/wp\/v2\/media?parent=41"}],"curies":[{"name":"wp","href":"https:\/\/api.w.org\/{rel}","templated":true}]}}