{"id":164,"date":"2024-02-27T16:05:17","date_gmt":"2024-02-27T15:05:17","guid":{"rendered":"https:\/\/nyforetagarcentrum.se\/norduppland\/?page_id=164"},"modified":"2024-09-24T11:41:37","modified_gmt":"2024-09-24T09:41:37","slug":"var-styrelse","status":"publish","type":"page","link":"https:\/\/nyforetagarcentrum.se\/norduppland\/var-styrelse\/","title":{"rendered":"V\u00e5r styrelse"},"content":{"rendered":"<section  class=\"nfc-block-hero alignfull\">\n\n    <img loading=\"lazy\" decoding=\"async\" width=\"1476\" height=\"984\" src=\"https:\/\/nyforetagarcentrum.se\/norduppland\/wp-content\/uploads\/sites\/8\/2024\/02\/Nyforetagare-kultur-LOW.jpg\" class=\"attachment-landscape size-landscape\" alt=\"\" srcset=\"https:\/\/nyforetagarcentrum.se\/norduppland\/wp-content\/uploads\/sites\/8\/2024\/02\/Nyforetagare-kultur-LOW.jpg 1476w, https:\/\/nyforetagarcentrum.se\/norduppland\/wp-content\/uploads\/sites\/8\/2024\/02\/Nyforetagare-kultur-LOW-300x200.jpg 300w, https:\/\/nyforetagarcentrum.se\/norduppland\/wp-content\/uploads\/sites\/8\/2024\/02\/Nyforetagare-kultur-LOW-1024x683.jpg 1024w, https:\/\/nyforetagarcentrum.se\/norduppland\/wp-content\/uploads\/sites\/8\/2024\/02\/Nyforetagare-kultur-LOW-768x512.jpg 768w\" sizes=\"(max-width: 1476px) 100vw, 1476px\" \/>\n    <div class=\"contained\">\n        <h1 class=\"nfc-block-hero__heading\">V\u00e5r styrelse<\/h1>\n\n            <\/div>\n<\/section>\n\n\n<div style=\"height:50px\" aria-hidden=\"true\" class=\"wp-block-spacer\"><\/div>\n\n\n<section  class=\"nfc-block-breadcrumbs alignwide\">\n    <div class=\"wrapper contained\">\n        <ol class=\"breadcrumbs\" itemscope itemtype=\"https:\/\/schema.org\/BreadcrumbList\">\n            <li itemprop=\"itemListElement\" itemscope itemtype=\"https:\/\/schema.org\/ListItem\">\n            \n\n                            <span class=\"current\" itemprop=\"name\">Hem<\/span>\n            \n            <meta itemprop=\"position\" content=\"1\" \/>\n        <\/li>\n    <\/ol>    <\/div>\n<\/section>\n\n<section  class=\"nfc-block-person_grid alignwide layout-small\">\n    <div class=\"contained\">\n        <div class=\"grid\">\n            <div class=\"person-card\">\n    \n    \n    <div class=\"content-wrapper\">\n        <div class=\"top\">\n                    <\/div>\n        \n        <h3>Eva Cooper<\/h3>\n\n        <div class=\"excerpt\">\n            Ordf\u00f6rande <br \/>\r\nN\u00e4ringslivs- och utvecklingschef \u00c4lvkarleby kommun<br \/>\r\n<br \/>\r\neva.cooper@alvkarleby.se<br \/>\r\n026-83 162<br \/>\r\n072-462 64 62        <\/div>\n\n        <div class=\"links\">\n            \n                    <\/div>\n        \n    <\/div>\n<\/div><div class=\"person-card\">\n    \n    \n    <div class=\"content-wrapper\">\n        <div class=\"top\">\n                    <\/div>\n        \n        <h3>Anette Tallroth<\/h3>\n\n        <div class=\"excerpt\">\n            Ledamot<br \/>\r\n<br \/>\r\nSala Sparbank        <\/div>\n\n        <div class=\"links\">\n            \n                    <\/div>\n        \n    <\/div>\n<\/div><div class=\"person-card\">\n    \n    \n    <div class=\"content-wrapper\">\n        <div class=\"top\">\n                    <\/div>\n        \n        <h3>Elin Dahm<\/h3>\n\n        <div class=\"excerpt\">\n            Ledamot<br \/>\r\n<br \/>\r\nVerksamhetschef Attraktiv kommun \u00d6sthammars kommun        <\/div>\n\n        <div class=\"links\">\n            \n                    <\/div>\n        \n    <\/div>\n<\/div><div class=\"person-card\">\n    \n    \n    <div class=\"content-wrapper\">\n        <div class=\"top\">\n                    <\/div>\n        \n        <h3>Camilla Werme<\/h3>\n\n        <div class=\"excerpt\">\n            Ledamot<br \/>\r\n<br \/>\r\nNIS N\u00e4ringsliv i samverkan         <\/div>\n\n        <div class=\"links\">\n            \n                    <\/div>\n        \n    <\/div>\n<\/div><div class=\"person-card\">\n    \n    \n    <div class=\"content-wrapper\">\n        <div class=\"top\">\n                    <\/div>\n        \n        <h3>Emilia Lundgren<\/h3>\n\n        <div class=\"excerpt\">\n            Ledamot<br \/>\r\n<br \/>\r\nF\u00f6retagare         <\/div>\n\n        <div class=\"links\">\n            \n                    <\/div>\n        \n    <\/div>\n<\/div><div class=\"person-card\">\n    \n    \n    <div class=\"content-wrapper\">\n        <div class=\"top\">\n                    <\/div>\n        \n        <h3>Linda Melander<\/h3>\n\n        <div class=\"excerpt\">\n            Ledamot<br \/>\r\n<br \/>\r\nN\u00e4ringslivssamordnare Tierps kommun<br \/>\r\n<br \/>\r\n        <\/div>\n\n        <div class=\"links\">\n            \n                    <\/div>\n        \n    <\/div>\n<\/div>        <\/div>\n    <\/div>\n<\/section>\n\n\n<div style=\"height:100px\" aria-hidden=\"true\" class=\"wp-block-spacer\"><\/div>\n","protected":false},"excerpt":{"rendered":"","protected":false},"author":1,"featured_media":91,"parent":0,"menu_order":0,"comment_status":"closed","ping_status":"closed","template":"","meta":{"footnotes":""},"acf":[],"yoast_head":"<!-- This site is optimized with the Yoast SEO plugin v22.9 - https:\/\/yoast.com\/wordpress\/plugins\/seo\/ -->\n<title>V\u00e5r styrelse | NFC Norduppland<\/title>\n<meta name=\"description\" content=\"V\u00e5r styrelse i NFC Norduppland. Se hur deras erfarenhet och engagemang fr\u00e4mjar entrepren\u00f6rskap och st\u00f6djer lokala f\u00f6retagare i regionen.\" \/>\n<meta name=\"robots\" content=\"index, follow, max-snippet:-1, max-image-preview:large, max-video-preview:-1\" \/>\n<link rel=\"canonical\" href=\"https:\/\/nyforetagarcentrum.se\/norduppland\/var-styrelse\/\" \/>\n<meta property=\"og:locale\" content=\"sv_SE\" \/>\n<meta property=\"og:type\" content=\"article\" \/>\n<meta property=\"og:title\" content=\"V\u00e5r styrelse | NFC Norduppland\" \/>\n<meta property=\"og:description\" content=\"V\u00e5r styrelse i NFC Norduppland. Se hur deras erfarenhet och engagemang fr\u00e4mjar entrepren\u00f6rskap och st\u00f6djer lokala f\u00f6retagare i regionen.\" \/>\n<meta property=\"og:url\" content=\"https:\/\/nyforetagarcentrum.se\/norduppland\/var-styrelse\/\" \/>\n<meta property=\"og:site_name\" content=\"Norduppland\" \/>\n<meta property=\"article:modified_time\" content=\"2024-09-24T09:41:37+00:00\" \/>\n<meta property=\"og:image\" content=\"https:\/\/nyforetagarcentrum.se\/norduppland\/wp-content\/uploads\/sites\/8\/2024\/02\/featured_menu_image.png\" \/>\n\t<meta property=\"og:image:width\" content=\"849\" \/>\n\t<meta property=\"og:image:height\" content=\"935\" \/>\n\t<meta property=\"og:image:type\" content=\"image\/png\" \/>\n<meta name=\"twitter:card\" content=\"summary_large_image\" \/>\n<meta name=\"twitter:label1\" content=\"Ber\u00e4knad l\u00e4stid\" \/>\n\t<meta name=\"twitter:data1\" content=\"1 minut\" \/>\n<script type=\"application\/ld+json\" class=\"yoast-schema-graph\">{\"@context\":\"https:\/\/schema.org\",\"@graph\":[{\"@type\":\"WebPage\",\"@id\":\"https:\/\/nyforetagarcentrum.se\/norduppland\/var-styrelse\/\",\"url\":\"https:\/\/nyforetagarcentrum.se\/norduppland\/var-styrelse\/\",\"name\":\"V\u00e5r styrelse | NFC Norduppland\",\"isPartOf\":{\"@id\":\"https:\/\/nyforetagarcentrum.se\/norduppland\/#website\"},\"primaryImageOfPage\":{\"@id\":\"https:\/\/nyforetagarcentrum.se\/norduppland\/var-styrelse\/#primaryimage\"},\"image\":{\"@id\":\"https:\/\/nyforetagarcentrum.se\/norduppland\/var-styrelse\/#primaryimage\"},\"thumbnailUrl\":\"https:\/\/nyforetagarcentrum.se\/norduppland\/wp-content\/uploads\/sites\/8\/2024\/02\/featured_menu_image.png\",\"datePublished\":\"2024-02-27T15:05:17+00:00\",\"dateModified\":\"2024-09-24T09:41:37+00:00\",\"description\":\"V\u00e5r styrelse i NFC Norduppland. Se hur deras erfarenhet och engagemang fr\u00e4mjar entrepren\u00f6rskap och st\u00f6djer lokala f\u00f6retagare i regionen.\",\"breadcrumb\":{\"@id\":\"https:\/\/nyforetagarcentrum.se\/norduppland\/var-styrelse\/#breadcrumb\"},\"inLanguage\":\"sv-SE\",\"potentialAction\":[{\"@type\":\"ReadAction\",\"target\":[\"https:\/\/nyforetagarcentrum.se\/norduppland\/var-styrelse\/\"]}]},{\"@type\":\"ImageObject\",\"inLanguage\":\"sv-SE\",\"@id\":\"https:\/\/nyforetagarcentrum.se\/norduppland\/var-styrelse\/#primaryimage\",\"url\":\"https:\/\/nyforetagarcentrum.se\/norduppland\/wp-content\/uploads\/sites\/8\/2024\/02\/featured_menu_image.png\",\"contentUrl\":\"https:\/\/nyforetagarcentrum.se\/norduppland\/wp-content\/uploads\/sites\/8\/2024\/02\/featured_menu_image.png\",\"width\":849,\"height\":935},{\"@type\":\"BreadcrumbList\",\"@id\":\"https:\/\/nyforetagarcentrum.se\/norduppland\/var-styrelse\/#breadcrumb\",\"itemListElement\":[{\"@type\":\"ListItem\",\"position\":1,\"name\":\"Hem\",\"item\":\"https:\/\/nyforetagarcentrum.se\/norduppland\/\"},{\"@type\":\"ListItem\",\"position\":2,\"name\":\"V\u00e5r styrelse\"}]},{\"@type\":\"WebSite\",\"@id\":\"https:\/\/nyforetagarcentrum.se\/norduppland\/#website\",\"url\":\"https:\/\/nyforetagarcentrum.se\/norduppland\/\",\"name\":\"Norduppland\",\"description\":\"Sveriges ledande kraft f\u00f6r fler nya livskraftiga f\u00f6retag\",\"publisher\":{\"@id\":\"https:\/\/nyforetagarcentrum.se\/norduppland\/#organization\"},\"potentialAction\":[{\"@type\":\"SearchAction\",\"target\":{\"@type\":\"EntryPoint\",\"urlTemplate\":\"https:\/\/nyforetagarcentrum.se\/norduppland\/?s={search_term_string}\"},\"query-input\":\"required name=search_term_string\"}],\"inLanguage\":\"sv-SE\"},{\"@type\":\"Organization\",\"@id\":\"https:\/\/nyforetagarcentrum.se\/norduppland\/#organization\",\"name\":\"Norduppland\",\"url\":\"https:\/\/nyforetagarcentrum.se\/norduppland\/\",\"logo\":{\"@type\":\"ImageObject\",\"inLanguage\":\"sv-SE\",\"@id\":\"https:\/\/nyforetagarcentrum.se\/norduppland\/#\/schema\/logo\/image\/\",\"url\":\"https:\/\/nyforetagarcentrum.se\/norduppland\/wp-content\/uploads\/sites\/8\/2024\/03\/cropped-NFC_Norduppland_195x90.png\",\"contentUrl\":\"https:\/\/nyforetagarcentrum.se\/norduppland\/wp-content\/uploads\/sites\/8\/2024\/03\/cropped-NFC_Norduppland_195x90.png\",\"width\":195,\"height\":90,\"caption\":\"Norduppland\"},\"image\":{\"@id\":\"https:\/\/nyforetagarcentrum.se\/norduppland\/#\/schema\/logo\/image\/\"}}]}<\/script>\n<!-- \/ Yoast SEO plugin. -->","yoast_head_json":{"title":"V\u00e5r styrelse | NFC Norduppland","description":"V\u00e5r styrelse i NFC Norduppland. Se hur deras erfarenhet och engagemang fr\u00e4mjar entrepren\u00f6rskap och st\u00f6djer lokala f\u00f6retagare i regionen.","robots":{"index":"index","follow":"follow","max-snippet":"max-snippet:-1","max-image-preview":"max-image-preview:large","max-video-preview":"max-video-preview:-1"},"canonical":"https:\/\/nyforetagarcentrum.se\/norduppland\/var-styrelse\/","og_locale":"sv_SE","og_type":"article","og_title":"V\u00e5r styrelse | NFC Norduppland","og_description":"V\u00e5r styrelse i NFC Norduppland. Se hur deras erfarenhet och engagemang fr\u00e4mjar entrepren\u00f6rskap och st\u00f6djer lokala f\u00f6retagare i regionen.","og_url":"https:\/\/nyforetagarcentrum.se\/norduppland\/var-styrelse\/","og_site_name":"Norduppland","article_modified_time":"2024-09-24T09:41:37+00:00","og_image":[{"width":849,"height":935,"url":"https:\/\/nyforetagarcentrum.se\/norduppland\/wp-content\/uploads\/sites\/8\/2024\/02\/featured_menu_image.png","type":"image\/png"}],"twitter_card":"summary_large_image","twitter_misc":{"Ber\u00e4knad l\u00e4stid":"1 minut"},"schema":{"@context":"https:\/\/schema.org","@graph":[{"@type":"WebPage","@id":"https:\/\/nyforetagarcentrum.se\/norduppland\/var-styrelse\/","url":"https:\/\/nyforetagarcentrum.se\/norduppland\/var-styrelse\/","name":"V\u00e5r styrelse | NFC Norduppland","isPartOf":{"@id":"https:\/\/nyforetagarcentrum.se\/norduppland\/#website"},"primaryImageOfPage":{"@id":"https:\/\/nyforetagarcentrum.se\/norduppland\/var-styrelse\/#primaryimage"},"image":{"@id":"https:\/\/nyforetagarcentrum.se\/norduppland\/var-styrelse\/#primaryimage"},"thumbnailUrl":"https:\/\/nyforetagarcentrum.se\/norduppland\/wp-content\/uploads\/sites\/8\/2024\/02\/featured_menu_image.png","datePublished":"2024-02-27T15:05:17+00:00","dateModified":"2024-09-24T09:41:37+00:00","description":"V\u00e5r styrelse i NFC Norduppland. Se hur deras erfarenhet och engagemang fr\u00e4mjar entrepren\u00f6rskap och st\u00f6djer lokala f\u00f6retagare i regionen.","breadcrumb":{"@id":"https:\/\/nyforetagarcentrum.se\/norduppland\/var-styrelse\/#breadcrumb"},"inLanguage":"sv-SE","potentialAction":[{"@type":"ReadAction","target":["https:\/\/nyforetagarcentrum.se\/norduppland\/var-styrelse\/"]}]},{"@type":"ImageObject","inLanguage":"sv-SE","@id":"https:\/\/nyforetagarcentrum.se\/norduppland\/var-styrelse\/#primaryimage","url":"https:\/\/nyforetagarcentrum.se\/norduppland\/wp-content\/uploads\/sites\/8\/2024\/02\/featured_menu_image.png","contentUrl":"https:\/\/nyforetagarcentrum.se\/norduppland\/wp-content\/uploads\/sites\/8\/2024\/02\/featured_menu_image.png","width":849,"height":935},{"@type":"BreadcrumbList","@id":"https:\/\/nyforetagarcentrum.se\/norduppland\/var-styrelse\/#breadcrumb","itemListElement":[{"@type":"ListItem","position":1,"name":"Hem","item":"https:\/\/nyforetagarcentrum.se\/norduppland\/"},{"@type":"ListItem","position":2,"name":"V\u00e5r styrelse"}]},{"@type":"WebSite","@id":"https:\/\/nyforetagarcentrum.se\/norduppland\/#website","url":"https:\/\/nyforetagarcentrum.se\/norduppland\/","name":"Norduppland","description":"Sveriges ledande kraft f\u00f6r fler nya livskraftiga f\u00f6retag","publisher":{"@id":"https:\/\/nyforetagarcentrum.se\/norduppland\/#organization"},"potentialAction":[{"@type":"SearchAction","target":{"@type":"EntryPoint","urlTemplate":"https:\/\/nyforetagarcentrum.se\/norduppland\/?s={search_term_string}"},"query-input":"required name=search_term_string"}],"inLanguage":"sv-SE"},{"@type":"Organization","@id":"https:\/\/nyforetagarcentrum.se\/norduppland\/#organization","name":"Norduppland","url":"https:\/\/nyforetagarcentrum.se\/norduppland\/","logo":{"@type":"ImageObject","inLanguage":"sv-SE","@id":"https:\/\/nyforetagarcentrum.se\/norduppland\/#\/schema\/logo\/image\/","url":"https:\/\/nyforetagarcentrum.se\/norduppland\/wp-content\/uploads\/sites\/8\/2024\/03\/cropped-NFC_Norduppland_195x90.png","contentUrl":"https:\/\/nyforetagarcentrum.se\/norduppland\/wp-content\/uploads\/sites\/8\/2024\/03\/cropped-NFC_Norduppland_195x90.png","width":195,"height":90,"caption":"Norduppland"},"image":{"@id":"https:\/\/nyforetagarcentrum.se\/norduppland\/#\/schema\/logo\/image\/"}}]}},"_links":{"self":[{"href":"https:\/\/nyforetagarcentrum.se\/norduppland\/wp-json\/wp\/v2\/pages\/164"}],"collection":[{"href":"https:\/\/nyforetagarcentrum.se\/norduppland\/wp-json\/wp\/v2\/pages"}],"about":[{"href":"https:\/\/nyforetagarcentrum.se\/norduppland\/wp-json\/wp\/v2\/types\/page"}],"author":[{"embeddable":true,"href":"https:\/\/nyforetagarcentrum.se\/norduppland\/wp-json\/wp\/v2\/users\/1"}],"replies":[{"embeddable":true,"href":"https:\/\/nyforetagarcentrum.se\/norduppland\/wp-json\/wp\/v2\/comments?post=164"}],"version-history":[{"count":21,"href":"https:\/\/nyforetagarcentrum.se\/norduppland\/wp-json\/wp\/v2\/pages\/164\/revisions"}],"predecessor-version":[{"id":802,"href":"https:\/\/nyforetagarcentrum.se\/norduppland\/wp-json\/wp\/v2\/pages\/164\/revisions\/802"}],"wp:featuredmedia":[{"embeddable":true,"href":"https:\/\/nyforetagarcentrum.se\/norduppland\/wp-json\/wp\/v2\/media\/91"}],"wp:attachment":[{"href":"https:\/\/nyforetagarcentrum.se\/norduppland\/wp-json\/wp\/v2\/media?parent=164"}],"curies":[{"name":"wp","href":"https:\/\/api.w.org\/{rel}","templated":true}]}}