{"id":93,"date":"2024-02-22T10:59:00","date_gmt":"2024-02-22T09:59:00","guid":{"rendered":"https:\/\/nyforetagarcentrum.se\/nord\/?page_id=93"},"modified":"2026-02-24T14:05:26","modified_gmt":"2026-02-24T13:05:26","slug":"radgivning","status":"publish","type":"page","link":"https:\/\/nyforetagarcentrum.se\/nord\/radgivning\/","title":{"rendered":"R\u00e5dgivning"},"content":{"rendered":"\n<div style=\"height:var(--wp--preset--spacing--50)\" aria-hidden=\"true\" class=\"wp-block-spacer\"><\/div>\n\n\n\n<div style=\"height:0px\" aria-hidden=\"true\" class=\"wp-block-spacer\"><\/div>\n\n\n\n<div class=\"wp-block-group alignwide is-nowrap is-layout-flex wp-container-core-group-is-layout-1 wp-block-group-is-layout-flex\"><section  class=\"nfc-block-split_screen alignfull image_alignment-left no_gap\">\n    <div class=\"wrapper\">\n        <div class=\"nfc-block-split_screen__image-wrapper\">\n            <img loading=\"lazy\" decoding=\"async\" width=\"1080\" height=\"1080\" src=\"https:\/\/nyforetagarcentrum.se\/nord\/wp-content\/uploads\/sites\/104\/2026\/01\/nordic-perspectives-media-1.png\" class=\"attachment-landscape size-landscape\" alt=\"\" srcset=\"https:\/\/nyforetagarcentrum.se\/nord\/wp-content\/uploads\/sites\/104\/2026\/01\/nordic-perspectives-media-1.png 1080w, https:\/\/nyforetagarcentrum.se\/nord\/wp-content\/uploads\/sites\/104\/2026\/01\/nordic-perspectives-media-1-300x300.png 300w, https:\/\/nyforetagarcentrum.se\/nord\/wp-content\/uploads\/sites\/104\/2026\/01\/nordic-perspectives-media-1-1024x1024.png 1024w, https:\/\/nyforetagarcentrum.se\/nord\/wp-content\/uploads\/sites\/104\/2026\/01\/nordic-perspectives-media-1-150x150.png 150w, https:\/\/nyforetagarcentrum.se\/nord\/wp-content\/uploads\/sites\/104\/2026\/01\/nordic-perspectives-media-1-768x768.png 768w\" sizes=\"(max-width: 1080px) 100vw, 1080px\" \/>        <\/div>\n\n        <div class=\"nfc-block-split_screen__content-wrapper\">\n            <h2 class=\"elementor-icon-box-title\">Boka individuell f\u00f6retagsr\u00e5dgivning<\/h2>\n<p class=\"my-2 [&amp;+p]:mt-4 [&amp;_strong:has(+br)]:inline-block [&amp;_strong:has(+br)]:pb-2\">Vi ger kostnadsfri r\u00e5dgivning i upp till 3 \u00e5r fr\u00e5n n\u00e4r du bara funderar p\u00e5 en id\u00e9 tills ditt f\u00f6retag \u00e4r ig\u00e5ng p\u00e5 riktigt.<\/p>\n<ul class=\"marker:text-quiet list-disc\">\n<li class=\"py-0 my-0 prose-p:pt-0 prose-p:mb-2 prose-p:my-0 [&amp;&gt;p]:pt-0 [&amp;&gt;p]:mb-2 [&amp;&gt;p]:my-0\">\n<p class=\"my-2 [&amp;+p]:mt-4 [&amp;_strong:has(+br)]:inline-block [&amp;_strong:has(+br)]:pb-2\"><strong>F\u00f6rberedelse<\/strong>: Har du redan b\u00f6rjat med en\u00a0<a class=\"reset interactable cursor-pointer decoration-1 underline-offset-1 text-super hover:underline font-semibold\" href=\"https:\/\/affarsplanen.com\/\" target=\"_blank\" rel=\"nofollow noopener\">aff\u00e4rsplan &amp; budget<\/a> \u00e4r det perfekt men inget krav!<\/p>\n<\/li>\n<li class=\"py-0 my-0 prose-p:pt-0 prose-p:mb-2 prose-p:my-0 [&amp;&gt;p]:pt-0 [&amp;&gt;p]:mb-2 [&amp;&gt;p]:my-0\">\n<p class=\"my-2 [&amp;+p]:mt-4 [&amp;_strong:has(+br)]:inline-block [&amp;_strong:has(+br)]:pb-2\"><strong>Digitalt eller fysiskt<\/strong>: Du och din r\u00e5dgivare kommer \u00f6verens om vad som passar b\u00e4st efter bokningen<\/p>\n<\/li>\n<li class=\"py-0 my-0 prose-p:pt-0 prose-p:mb-2 prose-p:my-0 [&amp;&gt;p]:pt-0 [&amp;&gt;p]:mb-2 [&amp;&gt;p]:my-0\">\n<p class=\"my-2 [&amp;+p]:mt-4 [&amp;_strong:has(+br)]:inline-block [&amp;_strong:has(+br)]:pb-2\"><strong>I din hemkommun<\/strong>: Viktigt att du bokar tid d\u00e4r du bor s\u00e5 du f\u00e5r r\u00e4tt r\u00e5dgivare. Hittar du ingen ledig utlagd tid s\u00e5 kontakta r\u00e5dgivaren i din kommun h\u00e4r: <a href=\"https:\/\/nyforetagarcentrum.se\/nord\/vara-radgivare\/\">V\u00e5ra r\u00e5dgivare \u2013 Nyf\u00f6retagarCentrum Nord<\/a><\/p>\n<\/li>\n<\/ul>\n\n            \n        <\/div>\n    <\/div>\n<\/section><\/div>\n\n\n\n<div style=\"height:21px\" aria-hidden=\"true\" class=\"wp-block-spacer\"><\/div>\n\n\n<section  class=\"nfc-block-text_cards alignwide\">\n    <div class=\"wrapper contained\">\n                    <div class=\"text-card\">\n                <div class=\"text-card__content\">\n                    <h3 class=\"heading\" data-number=\"1\">R\u00e5dgivning Lule\u00e5<\/h3>\n\n                    \n                                            <a href=\"https:\/\/jobsdata-nyforetagarcentrum.se\/ExternBooking\/Index?OfficeId=10a54841-4902-eb11-90fb-005056854b61&amp;cityList=51\" class=\"button primary\">Boka r\u00e5dgivning<\/a>\n                    \n                <\/div>\n            <\/div>\n                    <div class=\"text-card\">\n                <div class=\"text-card__content\">\n                    <h3 class=\"heading\" data-number=\"2\">R\u00e5dgivning Arvidsjaur<\/h3>\n\n                    \n                                            <a href=\"https:\/\/jobsdata-nyforetagarcentrum.se\/ExternBooking\/Index?OfficeId=10a54841-4902-eb11-90fb-005056854b61&amp;cityList=131\" class=\"button primary\">Boka r\u00e5dgivning<\/a>\n                    \n                <\/div>\n            <\/div>\n                    <div class=\"text-card\">\n                <div class=\"text-card__content\">\n                    <h3 class=\"heading\" data-number=\"3\">R\u00e5dgivning Boden<\/h3>\n\n                    \n                                            <a href=\"https:\/\/jobsdata-nyforetagarcentrum.se\/ExternBooking\/Index?OfficeId=10a54841-4902-eb11-90fb-005056854b61&amp;cityList=137\" class=\"button primary\">Boka r\u00e5dgivning<\/a>\n                    \n                <\/div>\n            <\/div>\n                    <div class=\"text-card\">\n                <div class=\"text-card__content\">\n                    <h3 class=\"heading\" data-number=\"4\">R\u00e5dgivning Haparanda<\/h3>\n\n                    \n                                            <a href=\"https:\/\/jobsdata-nyforetagarcentrum.se\/ExternBooking\/Index?OfficeId=10a54841-4902-eb11-90fb-005056854b61&amp;cityList=163\" class=\"button primary\">Boka r\u00e5dgivning<\/a>\n                    \n                <\/div>\n            <\/div>\n                    <div class=\"text-card\">\n                <div class=\"text-card__content\">\n                    <h3 class=\"heading\" data-number=\"5\">R\u00e5dgivning Pajala<\/h3>\n\n                    \n                                            <a href=\"https:\/\/jobsdata-nyforetagarcentrum.se\/ExternBooking\/Index?OfficeId=10a54841-4902-eb11-90fb-005056854b61&amp;cityList=220\" class=\"button primary\">Boka r\u00e5dgivning<\/a>\n                    \n                <\/div>\n            <\/div>\n                    <div class=\"text-card\">\n                <div class=\"text-card__content\">\n                    <h3 class=\"heading\" data-number=\"6\">R\u00e5dgivning Pite\u00e5<\/h3>\n\n                    \n                                            <a href=\"https:\/\/jobsdata-nyforetagarcentrum.se\/ExternBooking\/Index?OfficeId=10a54841-4902-eb11-90fb-005056854b61&amp;cityList=222\" class=\"button primary\">Boka r\u00e5dgivning<\/a>\n                    \n                <\/div>\n            <\/div>\n                    <div class=\"text-card\">\n                <div class=\"text-card__content\">\n                    <h3 class=\"heading\" data-number=\"7\">R\u00e5dgivning \u00d6verkalix<\/h3>\n\n                    \n                                            <a href=\"https:\/\/jobsdata-nyforetagarcentrum.se\/ExternBooking\/Index?OfficeId=10a54841-4902-eb11-90fb-005056854b61&amp;cityList=298\" class=\"button primary\">Boka r\u00e5dgivning<\/a>\n                    \n                <\/div>\n            <\/div>\n                    <div class=\"text-card\">\n                <div class=\"text-card__content\">\n                    <h3 class=\"heading\" data-number=\"8\">R\u00e5dgivning \u00d6vertorne\u00e5<\/h3>\n\n                    \n                                            <a href=\"https:\/\/jobsdata-nyforetagarcentrum.se\/ExternBooking\/Index?OfficeId=10a54841-4902-eb11-90fb-005056854b61&amp;cityList=299\" class=\"button primary\">Boka r\u00e5dgivning<\/a>\n                    \n                <\/div>\n            <\/div>\n                    <div class=\"text-card\">\n                <div class=\"text-card__content\">\n                    <h3 class=\"heading\" data-number=\"9\">R\u00e5dgivning G\u00e4llivare<\/h3>\n\n                    \n                                            <a href=\"https:\/\/jobsdata-nyforetagarcentrum.se\/ExternBooking\/Index?OfficeId=10a54841-4902-eb11-90fb-005056854b61&amp;cityList=158\" class=\"button primary\">Boka r\u00e5dgivning<\/a>\n                    \n                <\/div>\n            <\/div>\n            <\/div>\n<\/section>\n\n\n<div style=\"height:19px\" aria-hidden=\"true\" class=\"wp-block-spacer\"><\/div>\n\n\n\n<p><\/p>\n\n\n\n<h2 class=\"wp-block-heading has-text-align-center has-x-large-font-size\">Vanliga fr\u00e5gor om r\u00e5dgivning<\/h2>\n\n\n            <script type=\"application\/ld+json\">\n                {\n                    \"@context\": \"https:\/\/schema.org\",\n                    \"@type\": \"FAQPage\",\n                    \"mainEntity\": [\n                                                    {\n                                \"@type\": \"Question\",\n                                \"name\": \"\u00c4r r\u00e5dgivningen kostnadsfri?\",\n                                \"acceptedAnswer\": {\n                                    \"@type\": \"Answer\",\n                                    \"text\": \"<p>Ja! R\u00e5dgivning hos Nyf\u00f6retagarCentrum \u00e4r helt kostnadsfri.<\/p>\"\n                                }\n                            },                                                    {\n                                \"@type\": \"Question\",\n                                \"name\": \"\u00c4r r\u00e5dgivningen konfidentiell?\",\n                                \"acceptedAnswer\": {\n                                    \"@type\": \"Answer\",\n                                    \"text\": \"<p>V\u00e5r r\u00e5dgivning \u00e4r konfidentiell vilket inneb\u00e4r att den r\u00e5dgivare du g\u00e5r till f\u00e5r inte tala om f\u00f6r n\u00e5gon att du varit hos oss eller vad din aff\u00e4rsid\u00e9 handlar om. Den dag du registrerar ditt f\u00f6retag s\u00e5 kommer det att bli offentliga uppgifter.<\/p>\"\n                                }\n                            },                                                    {\n                                \"@type\": \"Question\",\n                                \"name\": \"Jag ska k\u00f6pa ett redan befintligt f\u00f6retag. Kan jag fortfarande f\u00e5 hj\u00e4lp av er?\",\n                                \"acceptedAnswer\": {\n                                    \"@type\": \"Answer\",\n                                    \"text\": \"<div class=\"faq-item active\">\n<div class=\"faq-body\">\n<p>\u00c4ven n\u00e4r man tar \u00f6ver ett familjef\u00f6retag eller om man k\u00f6per ett f\u00f6retag s\u00e5 \u00e4r man ju ny som f\u00f6retagare och \u00e4r sj\u00e4lvklart v\u00e4lkommen till oss f\u00f6r hj\u00e4lp.<\/p>\n<\/div>\n<\/div>\"\n                                }\n                            }                                            ]\n                }\n            <\/script>\n        <section  class=\"nfc-block-accordions alignwide\">\n    <div class=\"wrapper contained\">\n        <div class=\"accordions\">\n\n                            <div class=\"accordion\">\n                    <h3>\n                        <button \n                            class=\"accordion-header\"\n                            aria-expanded=\"true\"\n                            aria-controls=\"accordion-panel-0\"\n                            id=\"accordion-header-0\"\n                            data-accordion-header\n                        >\n                            <span>\u00c4r r\u00e5dgivningen kostnadsfri?<\/span>\n                            <div class=\"icon icon-down\"><\/div>\n                        <\/button>\n                    <\/h3>\n                    <section id=\"accordion-panel-0\" aria-labelledby=\"accordion-header-0\">\n                        <span>\n                            <p>Ja! R\u00e5dgivning hos Nyf\u00f6retagarCentrum \u00e4r helt kostnadsfri.<\/p>\n                        <\/span>\n                    <\/section>\n                <\/div>\n                            <div class=\"accordion\">\n                    <h3>\n                        <button \n                            class=\"accordion-header\"\n                            aria-expanded=\"true\"\n                            aria-controls=\"accordion-panel-1\"\n                            id=\"accordion-header-1\"\n                            data-accordion-header\n                        >\n                            <span>\u00c4r r\u00e5dgivningen konfidentiell?<\/span>\n                            <div class=\"icon icon-down\"><\/div>\n                        <\/button>\n                    <\/h3>\n                    <section id=\"accordion-panel-1\" aria-labelledby=\"accordion-header-1\">\n                        <span>\n                            <p>V\u00e5r r\u00e5dgivning \u00e4r konfidentiell vilket inneb\u00e4r att den r\u00e5dgivare du g\u00e5r till f\u00e5r inte tala om f\u00f6r n\u00e5gon att du varit hos oss eller vad din aff\u00e4rsid\u00e9 handlar om. Den dag du registrerar ditt f\u00f6retag s\u00e5 kommer det att bli offentliga uppgifter.<\/p>\n                        <\/span>\n                    <\/section>\n                <\/div>\n                            <div class=\"accordion\">\n                    <h3>\n                        <button \n                            class=\"accordion-header\"\n                            aria-expanded=\"true\"\n                            aria-controls=\"accordion-panel-2\"\n                            id=\"accordion-header-2\"\n                            data-accordion-header\n                        >\n                            <span>Jag ska k\u00f6pa ett redan befintligt f\u00f6retag. Kan jag fortfarande f\u00e5 hj\u00e4lp av er?<\/span>\n                            <div class=\"icon icon-down\"><\/div>\n                        <\/button>\n                    <\/h3>\n                    <section id=\"accordion-panel-2\" aria-labelledby=\"accordion-header-2\">\n                        <span>\n                            <div class=\"faq-item active\">\n<div class=\"faq-body\">\n<p>\u00c4ven n\u00e4r man tar \u00f6ver ett familjef\u00f6retag eller om man k\u00f6per ett f\u00f6retag s\u00e5 \u00e4r man ju ny som f\u00f6retagare och \u00e4r sj\u00e4lvklart v\u00e4lkommen till oss f\u00f6r hj\u00e4lp.<\/p>\n<\/div>\n<\/div>\n                        <\/span>\n                    <\/section>\n                <\/div>\n                    <\/div>\n    <\/div>\n    <noscript>\n        <style>\n            .accordion-header .icon {\n                display: none !important;\n            }\n        <\/style>\n    <\/noscript>\n<\/section>\n\n\n\n<div style=\"height:var(--wp--preset--spacing--80)\" aria-hidden=\"true\" class=\"wp-block-spacer\"><\/div>\n","protected":false},"excerpt":{"rendered":"<p>Vanliga fr\u00e5gor om r\u00e5dgivning<\/p>\n","protected":false},"author":1,"featured_media":0,"parent":0,"menu_order":0,"comment_status":"closed","ping_status":"closed","template":"","meta":{"footnotes":""},"acf":[],"_links":{"self":[{"href":"https:\/\/nyforetagarcentrum.se\/nord\/wp-json\/wp\/v2\/pages\/93"}],"collection":[{"href":"https:\/\/nyforetagarcentrum.se\/nord\/wp-json\/wp\/v2\/pages"}],"about":[{"href":"https:\/\/nyforetagarcentrum.se\/nord\/wp-json\/wp\/v2\/types\/page"}],"author":[{"embeddable":true,"href":"https:\/\/nyforetagarcentrum.se\/nord\/wp-json\/wp\/v2\/users\/1"}],"replies":[{"embeddable":true,"href":"https:\/\/nyforetagarcentrum.se\/nord\/wp-json\/wp\/v2\/comments?post=93"}],"version-history":[{"count":100,"href":"https:\/\/nyforetagarcentrum.se\/nord\/wp-json\/wp\/v2\/pages\/93\/revisions"}],"predecessor-version":[{"id":2588,"href":"https:\/\/nyforetagarcentrum.se\/nord\/wp-json\/wp\/v2\/pages\/93\/revisions\/2588"}],"wp:attachment":[{"href":"https:\/\/nyforetagarcentrum.se\/nord\/wp-json\/wp\/v2\/media?parent=93"}],"curies":[{"name":"wp","href":"https:\/\/api.w.org\/{rel}","templated":true}]}}