{"id":860,"date":"2025-05-30T11:34:10","date_gmt":"2025-05-30T09:34:10","guid":{"rendered":"https:\/\/nyforetagarcentrum.se\/nord\/?page_id=860"},"modified":"2026-01-30T11:06:01","modified_gmt":"2026-01-30T10:06:01","slug":"affarsnatverk","status":"publish","type":"page","link":"https:\/\/nyforetagarcentrum.se\/nord\/affarsnatverk\/","title":{"rendered":"Aff\u00e4rsn\u00e4tverket Aurora Network"},"content":{"rendered":"\n<div class=\"wp-block-group alignfull has-background is-vertical is-content-justification-center is-layout-flex wp-container-core-group-is-layout-1 wp-block-group-is-layout-flex\" style=\"background:linear-gradient(135deg,rgb(242,225,215) 0%,rgb(242,225,215) 100%)\">\n<div style=\"height:10px\" aria-hidden=\"true\" class=\"wp-block-spacer wp-container-content-1\"><\/div>\n<\/div>\n\n\n\n<div class=\"wp-block-group alignfull has-background is-layout-constrained wp-block-group-is-layout-constrained\" style=\"background-color:#f2e1d7\">\n<div style=\"height:67px\" aria-hidden=\"true\" class=\"wp-block-spacer\"><\/div>\n\n\n\n<h2 class=\"wp-block-heading has-text-align-center\" style=\"font-size:30px\"><em>&#8221;Det \u00e4r inspirerande att tr\u00e4ffa andra kvinliga f\u00f6retagare i norrbotten. Aurora Network fyller en funktion som ett v\u00e4rdefullt komplement till \u00f6vriga n\u00e4tverk.&#8221;<\/em><\/h2>\n\n\n\n<p class=\"has-text-align-center\"><strong>&#8211; Monica Wikstr\u00f6m-Johansson, Nyf\u00f6retagarCentrum Nord<\/strong><\/p>\n\n\n\n<div style=\"height:21px\" aria-hidden=\"true\" class=\"wp-block-spacer\"><\/div>\n<\/div>\n\n\n\n<div class=\"wp-block-group alignfull has-background is-vertical is-content-justification-center is-layout-flex wp-container-core-group-is-layout-4 wp-block-group-is-layout-flex\" style=\"background:linear-gradient(135deg,rgb(242,225,215) 0%,rgb(242,225,215) 100%)\">\n<div style=\"height:10px\" aria-hidden=\"true\" class=\"wp-block-spacer wp-container-content-2\"><\/div>\n\n\n\n<div class=\"wp-block-group alignwide is-vertical is-layout-flex wp-container-core-group-is-layout-3 wp-block-group-is-layout-flex\"><section  class=\"nfc-block-split_screen alignwide image_alignment-left no_gap\">\n    <div class=\"wrapper\">\n        <div class=\"nfc-block-split_screen__image-wrapper\">\n            <img loading=\"lazy\" decoding=\"async\" width=\"1000\" height=\"667\" src=\"https:\/\/nyforetagarcentrum.se\/nord\/wp-content\/uploads\/sites\/104\/2025\/09\/aurora-network-fotograf-linda-granberg-digital-strateg-10.jpg\" class=\"attachment-landscape size-landscape\" alt=\"\" srcset=\"https:\/\/nyforetagarcentrum.se\/nord\/wp-content\/uploads\/sites\/104\/2025\/09\/aurora-network-fotograf-linda-granberg-digital-strateg-10.jpg 1000w, https:\/\/nyforetagarcentrum.se\/nord\/wp-content\/uploads\/sites\/104\/2025\/09\/aurora-network-fotograf-linda-granberg-digital-strateg-10-300x200.jpg 300w, https:\/\/nyforetagarcentrum.se\/nord\/wp-content\/uploads\/sites\/104\/2025\/09\/aurora-network-fotograf-linda-granberg-digital-strateg-10-768x512.jpg 768w\" sizes=\"(max-width: 1000px) 100vw, 1000px\" \/>        <\/div>\n\n        <div class=\"nfc-block-split_screen__content-wrapper\">\n            <p>Fotograf Linda Granberg<\/p>\n<h1>Aurora Network<\/h1>\n<p class=\"my-2 [&amp;+p]:mt-4 [&amp;_strong:has(+br)]:inline-block [&amp;_strong:has(+br)]:pb-2\"><strong>Aff\u00e4rsn\u00e4tverk f\u00f6r kvinnor som driver f\u00f6retag i Norrbotten<\/strong><\/p>\n<p class=\"my-2 [&amp;+p]:mt-4 [&amp;_strong:has(+br)]:inline-block [&amp;_strong:has(+br)]:pb-2\">Ett samarrangemang mellan Nyf\u00f6retagarCentrum Nord, Sparbanken Nord och Aspia d\u00e4r \u00e4ven Almi Nord deltar. N\u00e4tverket finns i Boden, Haparanda, Lule\u00e5, Pajala, Pite\u00e5, \u00d6verkalix och \u00d6vertorne\u00e5.<\/p>\n<p class=\"my-2 [&amp;+p]:mt-4 [&amp;_strong:has(+br)]:inline-block [&amp;_strong:has(+br)]:pb-2\"><strong>Tv\u00e5 lokala och en regional tr\u00e4ff per \u00e5r.<\/strong>\u00a0Vi tr\u00e4ffas f\u00f6r att dela erfarenheter, l\u00e4ra av varandra och skapa aff\u00e4rskontakter. En av tr\u00e4ffarna arrangeras tillsammans med andra kommuner f\u00f6r bredare n\u00e4tverk.<\/p>\n<p class=\"my-2 [&amp;+p]:mt-4 [&amp;_strong:has(+br)]:inline-block [&amp;_strong:has(+br)]:pb-2\"><strong>Kostnadsfritt att delta.<\/strong>\u00a0Eventuella kostnader f\u00f6r resa, boende och m\u00e5ltider st\u00e5r i anm\u00e4lan.<\/p>\n<p><a href=\"https:\/\/nyforetagarcentrum.se\/nord\/evenemang\/\"><strong>Anm\u00e4l dig till v\u00e5rens tr\u00e4ffar<\/strong><\/a><\/p>\n<p>&nbsp;<\/p>\n\n            \n        <\/div>\n    <\/div>\n<\/section><\/div>\n\n\n\n<div style=\"height:165px\" aria-hidden=\"true\" class=\"wp-block-spacer wp-container-content-3\"><\/div>\n<\/div>\n\n\n\n<div style=\"height:100px\" aria-hidden=\"true\" class=\"wp-block-spacer\"><\/div>\n","protected":false},"excerpt":{"rendered":"<p>&#8221;Det \u00e4r inspirerande att tr\u00e4ffa andra kvinliga f\u00f6retagare i norrbotten. Aurora Network fyller en funktion som ett v\u00e4rdefullt komplement till \u00f6vriga n\u00e4tverk.&#8221; &#8211; Monica Wikstr\u00f6m-Johansson, Nyf\u00f6retagarCentrum Nord<\/p>\n","protected":false},"author":94,"featured_media":0,"parent":0,"menu_order":0,"comment_status":"closed","ping_status":"closed","template":"","meta":{"footnotes":""},"acf":[],"_links":{"self":[{"href":"https:\/\/nyforetagarcentrum.se\/nord\/wp-json\/wp\/v2\/pages\/860"}],"collection":[{"href":"https:\/\/nyforetagarcentrum.se\/nord\/wp-json\/wp\/v2\/pages"}],"about":[{"href":"https:\/\/nyforetagarcentrum.se\/nord\/wp-json\/wp\/v2\/types\/page"}],"author":[{"embeddable":true,"href":"https:\/\/nyforetagarcentrum.se\/nord\/wp-json\/wp\/v2\/users\/94"}],"replies":[{"embeddable":true,"href":"https:\/\/nyforetagarcentrum.se\/nord\/wp-json\/wp\/v2\/comments?post=860"}],"version-history":[{"count":81,"href":"https:\/\/nyforetagarcentrum.se\/nord\/wp-json\/wp\/v2\/pages\/860\/revisions"}],"predecessor-version":[{"id":2529,"href":"https:\/\/nyforetagarcentrum.se\/nord\/wp-json\/wp\/v2\/pages\/860\/revisions\/2529"}],"wp:attachment":[{"href":"https:\/\/nyforetagarcentrum.se\/nord\/wp-json\/wp\/v2\/media?parent=860"}],"curies":[{"name":"wp","href":"https:\/\/api.w.org\/{rel}","templated":true}]}}