{"id":164,"date":"2024-02-27T16:05:17","date_gmt":"2024-02-27T15:05:17","guid":{"rendered":"https:\/\/nyforetagarcentrum.se\/nord\/?page_id=164"},"modified":"2025-10-20T13:50:32","modified_gmt":"2025-10-20T11:50:32","slug":"var-styrelse","status":"publish","type":"page","link":"https:\/\/nyforetagarcentrum.se\/nord\/var-styrelse\/","title":{"rendered":"V\u00e5r styrelse"},"content":{"rendered":"\n<div style=\"height:50px\" aria-hidden=\"true\" class=\"wp-block-spacer\"><\/div>\n\n\n\n<div style=\"height:0px\" aria-hidden=\"true\" class=\"wp-block-spacer\"><\/div>\n\n\n\n<div class=\"wp-block-group alignwide is-layout-constrained wp-block-group-is-layout-constrained\"><section  class=\"nfc-block-split_screen alignwide image_alignment-left\">\n    <div class=\"wrapper\">\n        <div class=\"nfc-block-split_screen__image-wrapper\">\n            <img loading=\"lazy\" decoding=\"async\" width=\"1080\" height=\"1080\" src=\"https:\/\/nyforetagarcentrum.se\/nord\/wp-content\/uploads\/sites\/104\/2025\/10\/styrelse.png\" class=\"attachment-landscape size-landscape\" alt=\"\" srcset=\"https:\/\/nyforetagarcentrum.se\/nord\/wp-content\/uploads\/sites\/104\/2025\/10\/styrelse.png 1080w, https:\/\/nyforetagarcentrum.se\/nord\/wp-content\/uploads\/sites\/104\/2025\/10\/styrelse-300x300.png 300w, https:\/\/nyforetagarcentrum.se\/nord\/wp-content\/uploads\/sites\/104\/2025\/10\/styrelse-1024x1024.png 1024w, https:\/\/nyforetagarcentrum.se\/nord\/wp-content\/uploads\/sites\/104\/2025\/10\/styrelse-150x150.png 150w, https:\/\/nyforetagarcentrum.se\/nord\/wp-content\/uploads\/sites\/104\/2025\/10\/styrelse-768x768.png 768w\" sizes=\"(max-width: 1080px) 100vw, 1080px\" \/>        <\/div>\n\n        <div class=\"nfc-block-split_screen__content-wrapper\">\n            <h1><strong><b>Styrelse<\/b><\/strong><\/h1>\n<p>Ordf\u00f6rande: Andreas Viklund, Advokatbyr\u00e5n Kaiding<br \/>\n<em>(andreas.viklund@kaiding.se)<\/em><\/p>\n<p>Peter Nilsson Sandlund, One partner group<br \/>\nWiebke Reim, Entrepren\u00f6rskap och innovation, Lule\u00e5 Tekniska Universitet<br \/>\nMaria Bergman, Tillv\u00e4xtkontoret, Lule\u00e5 kommun<br \/>\nMichaela Str\u00f6mberg, Boden Business Park<br \/>\nUlf Fj\u00e4llstr\u00f6m, Pite\u00e5 kommun<br \/>\nChristoffer Gramner, Formsmedjan<br \/>\nKarin Hietala, Haparanda kommun<br \/>\nAndreas Lind, Norrbottens Kommuner<\/p>\n<h3><strong><b>Valberedning<\/b><\/strong><\/h3>\n<p>Sami Hietala, Advokatbyr\u00e5n Kaiding (sammankallande)<br \/>\nJan Esensj\u00f6, Petrina &amp; Partners<\/p>\n\n            \n        <\/div>\n    <\/div>\n<\/section><\/div>\n\n\n\n<div style=\"height:100px\" aria-hidden=\"true\" class=\"wp-block-spacer\"><\/div>\n","protected":false},"excerpt":{"rendered":"","protected":false},"author":1,"featured_media":0,"parent":0,"menu_order":0,"comment_status":"closed","ping_status":"closed","template":"","meta":{"footnotes":""},"acf":[],"_links":{"self":[{"href":"https:\/\/nyforetagarcentrum.se\/nord\/wp-json\/wp\/v2\/pages\/164"}],"collection":[{"href":"https:\/\/nyforetagarcentrum.se\/nord\/wp-json\/wp\/v2\/pages"}],"about":[{"href":"https:\/\/nyforetagarcentrum.se\/nord\/wp-json\/wp\/v2\/types\/page"}],"author":[{"embeddable":true,"href":"https:\/\/nyforetagarcentrum.se\/nord\/wp-json\/wp\/v2\/users\/1"}],"replies":[{"embeddable":true,"href":"https:\/\/nyforetagarcentrum.se\/nord\/wp-json\/wp\/v2\/comments?post=164"}],"version-history":[{"count":42,"href":"https:\/\/nyforetagarcentrum.se\/nord\/wp-json\/wp\/v2\/pages\/164\/revisions"}],"predecessor-version":[{"id":2098,"href":"https:\/\/nyforetagarcentrum.se\/nord\/wp-json\/wp\/v2\/pages\/164\/revisions\/2098"}],"wp:attachment":[{"href":"https:\/\/nyforetagarcentrum.se\/nord\/wp-json\/wp\/v2\/media?parent=164"}],"curies":[{"name":"wp","href":"https:\/\/api.w.org\/{rel}","templated":true}]}}