{"id":161,"date":"2024-02-27T16:04:37","date_gmt":"2024-02-27T15:04:37","guid":{"rendered":"https:\/\/nyforetagarcentrum.se\/nord\/?page_id=161"},"modified":"2026-02-11T12:15:23","modified_gmt":"2026-02-11T11:15:23","slug":"om-oss","status":"publish","type":"page","link":"https:\/\/nyforetagarcentrum.se\/nord\/om-oss\/","title":{"rendered":"Om oss"},"content":{"rendered":"\n<div style=\"height:50px\" aria-hidden=\"true\" class=\"wp-block-spacer\"><\/div>\n\n\n\n<div class=\"wp-block-group alignfull has-background is-vertical is-content-justification-center is-layout-flex wp-container-core-group-is-layout-1 wp-block-group-is-layout-flex\" style=\"background:linear-gradient(135deg,rgb(242,225,215) 0%,rgb(242,225,215) 100%)\">\n<div style=\"height:10px\" aria-hidden=\"true\" class=\"wp-block-spacer wp-container-content-1\"><\/div>\n\n\n<section  class=\"nfc-block-split_screen alignwide image_alignment-left no_gap\">\n    <div class=\"wrapper\">\n        <div class=\"nfc-block-split_screen__image-wrapper\">\n            <img loading=\"lazy\" decoding=\"async\" width=\"1456\" height=\"816\" src=\"https:\/\/nyforetagarcentrum.se\/nord\/wp-content\/uploads\/sites\/104\/2025\/09\/starta-foretag-norrbotten-4.webp\" class=\"attachment-landscape size-landscape\" alt=\"\" srcset=\"https:\/\/nyforetagarcentrum.se\/nord\/wp-content\/uploads\/sites\/104\/2025\/09\/starta-foretag-norrbotten-4.webp 1456w, https:\/\/nyforetagarcentrum.se\/nord\/wp-content\/uploads\/sites\/104\/2025\/09\/starta-foretag-norrbotten-4-300x168.webp 300w, https:\/\/nyforetagarcentrum.se\/nord\/wp-content\/uploads\/sites\/104\/2025\/09\/starta-foretag-norrbotten-4-1024x574.webp 1024w, https:\/\/nyforetagarcentrum.se\/nord\/wp-content\/uploads\/sites\/104\/2025\/09\/starta-foretag-norrbotten-4-768x430.webp 768w\" sizes=\"(max-width: 1456px) 100vw, 1456px\" \/>        <\/div>\n\n        <div class=\"nfc-block-split_screen__content-wrapper\">\n            <h2>Om Nyf\u00f6retagarCentrum Nord<\/h2>\n<p>Nyf\u00f6retagarcentrum Nord \u00e4r en icke vinstdrivande ideell f\u00f6rening som st\u00f6djer nya och blivande f\u00f6retagare i Norrbotten med kostnadsfri r\u00e5dgivning, utbildning och mentorskap.<\/p>\n<p>V\u00e5ra medlemmar best\u00e5r av de deltagande kommunerna, f\u00f6retagsfr\u00e4mjande organisationer och f\u00f6retag fr\u00e5n det lokala n\u00e4ringslivet. Detta samarbete m\u00f6jligg\u00f6r att all r\u00e5dgivning och utbildning kan erbjudas kostnadsfritt.<\/p>\n<p>Organisationen grundades 2015 och alla v\u00e5ra aff\u00e4rsr\u00e5dgivare \u00e4r sj\u00e4lva f\u00f6retagare.<\/p>\n<p><strong><a href=\"https:\/\/nyforetagarcentrum.se\/nord\/vara-samarbetspartners\/\">L\u00e4s mer om v\u00e5ra finansi\u00e4rer och partners<\/a><\/strong><\/p>\n<p>&nbsp;<\/p>\n\n            \n        <\/div>\n    <\/div>\n<\/section>\n\n\n<div style=\"height:10px\" aria-hidden=\"true\" class=\"wp-block-spacer wp-container-content-2\"><\/div>\n<\/div>\n\n\n\n<div class=\"wp-block-group alignfull has-background is-layout-constrained wp-block-group-is-layout-constrained\" style=\"background:linear-gradient(135deg,rgb(242,225,215) 0%,rgb(242,225,215) 100%)\">\n<div style=\"height:51px\" aria-hidden=\"true\" class=\"wp-block-spacer\"><\/div>\n\n\n\n<div style=\"height:51px\" aria-hidden=\"true\" class=\"wp-block-spacer\"><\/div>\n\n\n\n<div class=\"wp-block-columns are-vertically-aligned-center is-layout-flex wp-container-core-columns-is-layout-1 wp-block-columns-is-layout-flex\">\n<div class=\"wp-block-column is-vertically-aligned-center is-layout-flow wp-block-column-is-layout-flow\">\n<p class=\"has-text-align-center no-margin has-medium-font-size\" style=\"font-style:normal;font-weight:400\"><strong>2025 \u00e4r det 40 \u00e5r sedan Nyf\u00f6retagarCentrum startades i Sverige<\/strong> och \u00e4r idag den akt\u00f6r som st\u00e5r f\u00f6r nystartsr\u00e5dgivningen i 230 av landets 290 kommuner. Sedan 1985 har 275.000 nya f\u00f6retag startats. F\u00f6retag &#8211; med h\u00f6gre \u00f6verlevnad och l\u00f6nsamhet genom det st\u00f6d som givits av Nyf\u00f6retagarCentrum..<\/p>\n\n\n\n<p><\/p>\n\n\n\n<p class=\"has-text-align-center no-margin has-medium-font-size\" style=\"font-style:normal;font-weight:400\"><strong>\u00c5rligen medverkar Nyf\u00f6retagarCentrum till 10 % av landets nya f\u00f6retag.<\/strong> Det inneb\u00e4r \u00e5rligen <strong>ca 10.000 nya jobb.<\/strong> Det inneb\u00e4r samtidigt omkring <strong>3 miljarder<\/strong> kronor \u00e5rligen i skatteint\u00e4kter till stat, regioner och kommuner. F\u00f6r oss konsumenter har nyf\u00f6retagandet lett till att livet f\u00f6renklats genom alla de nya produkter och tj\u00e4nster som tillkommit.<\/p>\n<\/div>\n<\/div>\n\n\n\n<div style=\"height:51px\" aria-hidden=\"true\" class=\"wp-block-spacer\"><\/div>\n<\/div>\n\n\n\n<div class=\"wp-block-group alignfull has-background is-vertical is-content-justification-center is-layout-flex wp-container-core-group-is-layout-3 wp-block-group-is-layout-flex\" style=\"background:linear-gradient(135deg,rgb(242,225,215) 0%,rgb(242,225,215) 100%)\"><section  class=\"nfc-block-split_screen alignwide image_alignment-left no_gap\">\n    <div class=\"wrapper\">\n        <div class=\"nfc-block-split_screen__image-wrapper\">\n            <img loading=\"lazy\" decoding=\"async\" width=\"1469\" height=\"981\" src=\"https:\/\/nyforetagarcentrum.se\/nord\/wp-content\/uploads\/sites\/104\/2024\/02\/Allman-bild-6.png\" class=\"attachment-landscape size-landscape\" alt=\"\" srcset=\"https:\/\/nyforetagarcentrum.se\/nord\/wp-content\/uploads\/sites\/104\/2024\/02\/Allman-bild-6.png 1469w, https:\/\/nyforetagarcentrum.se\/nord\/wp-content\/uploads\/sites\/104\/2024\/02\/Allman-bild-6-300x200.png 300w, https:\/\/nyforetagarcentrum.se\/nord\/wp-content\/uploads\/sites\/104\/2024\/02\/Allman-bild-6-1024x684.png 1024w, https:\/\/nyforetagarcentrum.se\/nord\/wp-content\/uploads\/sites\/104\/2024\/02\/Allman-bild-6-768x513.png 768w\" sizes=\"(max-width: 1469px) 100vw, 1469px\" \/>        <\/div>\n\n        <div class=\"nfc-block-split_screen__content-wrapper\">\n            <h2>Vi finns n\u00e4ra dig i Norrbotten<\/h2>\n<p>Lokal f\u00f6rankring \u00e4r avg\u00f6rande f\u00f6r ett framg\u00e5ngsrikt f\u00f6retagsklimat. Nyf\u00f6retagarCentrum Nord \u00e4r verksamma och erbjuder kostnadsfri r\u00e5dgivning p\u00e5 f\u00f6ljande orter:<\/p>\n<ul>\n<li><a href=\"https:\/\/arvidsjaur.se\/\">Arvidsjaur<\/a><\/li>\n<li><a href=\"https:\/\/www.boden.se\/\">Boden<\/a><\/li>\n<li><a href=\"https:\/\/gallivare.se\/\">G\u00e4llivare<\/a><\/li>\n<li><a href=\"https:\/\/www.haparanda.se\/\">Haparanda<\/a><\/li>\n<li><a href=\"https:\/\/www.lulea.se\/\">Lule\u00e5<\/a><\/li>\n<li><a href=\"https:\/\/www.pajala.se\/\">Pajala<\/a><\/li>\n<li><a href=\"https:\/\/www.pitea.se\/\">Pite\u00e5<\/a><\/li>\n<li><a href=\"https:\/\/www.overkalix.se\/\">\u00d6verkalix<\/a><\/li>\n<li><a href=\"https:\/\/overtornea.se\/\">\u00d6vertorne\u00e5<\/a><\/li>\n<\/ul>\n<p>Vi arbetar st\u00e4ndigt f\u00f6r att fler kommuner i Norrbotten ska ansluta sig. Ska du starta f\u00f6retag p\u00e5 en ort d\u00e4r vi \u00e4nnu inte finns? Kontakta n\u00e4ringslivsenheten i din kommun f\u00f6r att h\u00f6ra vilket st\u00f6d de kan erbjuda.<\/p>\n<p>&nbsp;<\/p>\n\n            \n        <\/div>\n    <\/div>\n<\/section>\n\n\n<div style=\"height:10px\" aria-hidden=\"true\" class=\"wp-block-spacer wp-container-content-3\"><\/div>\n<\/div>\n\n\n\n<div style=\"height:50px\" aria-hidden=\"true\" class=\"wp-block-spacer\"><\/div>\n\n\n\n<h2 class=\"wp-block-heading has-text-align-center\">\u00c4r ditt f\u00f6retag eller organisation intresserad av att st\u00f6dja Nyf\u00f6retagarCentrum Nords arbete?<\/h2>\n\n\n\n<div class=\"wp-block-group alignfull is-layout-constrained wp-block-group-is-layout-constrained\"><section  class=\"nfc-block-form aligncontent layout-small\">\n    <div class=\"contained\">\n\n        <form data-nfc-form=\"block_7d98f9ca3ea949bf87ad68cb9b09bdb5\" data-nfc-page=\"161\">\n            <label class=\"input-wrapper\" for=\"namn\">\n    <span>Namn<\/span>\n    <input type=\"text\" name=\"namn\" id=\"namn\" placeholder=\"\" >\n<\/label><label class=\"input-wrapper\" for=\"foretag-eller-organisation\">\n    <span>F\u00f6retag eller organisation<\/span>\n    <input type=\"text\" name=\"foretag-eller-organisation\" id=\"foretag-eller-organisation\" placeholder=\"\" >\n<\/label><label class=\"input-wrapper\" for=\"e-post\">\n    <span>E-post<\/span>\n    <input type=\"text\" name=\"e-post\" id=\"e-post\" placeholder=\"\" >\n<\/label>\n            <div class=\"input-wrapper\">\n                <button type=\"submit\" class=\"button\">Skicka<\/button>\n            <\/div>\n        <\/form>\n    <\/div>\n<\/section><\/div>\n\n\n\n<div style=\"height:100px\" aria-hidden=\"true\" class=\"wp-block-spacer\"><\/div>\n\n\n\n<div class=\"wp-block-columns alignwide is-layout-flex wp-container-core-columns-is-layout-2 wp-block-columns-is-layout-flex\">\n<div class=\"wp-block-column is-layout-flow wp-block-column-is-layout-flow\" style=\"flex-basis:100%\">\n<div class=\"wp-block-group is-layout-constrained wp-block-group-is-layout-constrained\"><\/div>\n<\/div>\n\n\n\n<div class=\"wp-block-column is-layout-flow wp-block-column-is-layout-flow\" style=\"flex-basis:100%\">\n<div class=\"wp-block-group is-layout-constrained wp-block-group-is-layout-constrained\">\n<p><\/p>\n<\/div>\n<\/div>\n<\/div>\n\n\n\n<p><\/p>\n\n\n\n<p><\/p>\n","protected":false},"excerpt":{"rendered":"<p>2025 \u00e4r det 40 \u00e5r sedan Nyf\u00f6retagarCentrum startades i Sverige och \u00e4r idag den akt\u00f6r som st\u00e5r f\u00f6r nystartsr\u00e5dgivningen i 230 av landets 290 kommuner. Sedan 1985 har 275.000 nya f\u00f6retag startats. F\u00f6retag &#8211; med h\u00f6gre \u00f6verlevnad och l\u00f6nsamhet genom det st\u00f6d som givits av Nyf\u00f6retagarCentrum.. \u00c5rligen medverkar Nyf\u00f6retagarCentrum till 10 % av landets nya [&hellip;]<\/p>\n","protected":false},"author":1,"featured_media":1338,"parent":0,"menu_order":0,"comment_status":"closed","ping_status":"closed","template":"","meta":{"footnotes":""},"acf":[],"_links":{"self":[{"href":"https:\/\/nyforetagarcentrum.se\/nord\/wp-json\/wp\/v2\/pages\/161"}],"collection":[{"href":"https:\/\/nyforetagarcentrum.se\/nord\/wp-json\/wp\/v2\/pages"}],"about":[{"href":"https:\/\/nyforetagarcentrum.se\/nord\/wp-json\/wp\/v2\/types\/page"}],"author":[{"embeddable":true,"href":"https:\/\/nyforetagarcentrum.se\/nord\/wp-json\/wp\/v2\/users\/1"}],"replies":[{"embeddable":true,"href":"https:\/\/nyforetagarcentrum.se\/nord\/wp-json\/wp\/v2\/comments?post=161"}],"version-history":[{"count":90,"href":"https:\/\/nyforetagarcentrum.se\/nord\/wp-json\/wp\/v2\/pages\/161\/revisions"}],"predecessor-version":[{"id":2557,"href":"https:\/\/nyforetagarcentrum.se\/nord\/wp-json\/wp\/v2\/pages\/161\/revisions\/2557"}],"wp:featuredmedia":[{"embeddable":true,"href":"https:\/\/nyforetagarcentrum.se\/nord\/wp-json\/wp\/v2\/media\/1338"}],"wp:attachment":[{"href":"https:\/\/nyforetagarcentrum.se\/nord\/wp-json\/wp\/v2\/media?parent=161"}],"curies":[{"name":"wp","href":"https:\/\/api.w.org\/{rel}","templated":true}]}}